{"id":35642,"date":"2022-11-21T17:17:17","date_gmt":"2022-11-21T10:17:17","guid":{"rendered":"https:\/\/mouldking.store\/?post_type=product&#038;p=35642"},"modified":"2022-11-21T17:17:17","modified_gmt":"2022-11-21T10:17:17","slug":"wekki-516156-christmas-doll-machine","status":"publish","type":"product","link":"https:\/\/mouldking.store\/fr\/shop\/wekki-516156-christmas-doll-machine\/","title":{"rendered":"Wekki 516156 Machine \u00e0 poup\u00e9es de No\u00ebl"},"content":{"rendered":"<p>Information produit:<\/p>\n<ol>\n<li>Marque : Wekki<\/li>\n<li>Genre: Unisexe<\/li>\n<li>Nom: Machine \u00e0 poup\u00e9es de No\u00ebl<\/li>\n<li>Tranche d&#039;\u00e2ge : &gt; 6 ans<\/li>\n<li>Num\u00e9ro de mod\u00e8le: 516156<\/li>\n<li>Classement : Assemblage<\/li>\n<li>Forme de bloc en plastique\u00a0: briques autobloquantes<\/li>\n<li>Mat\u00e9riel: Plastique<\/li>\n<li>Type de plastique : ABS<\/li>\n<li>Taille : 11 \u00d7 14,1 \u00d7 24 cm<\/li>\n<li>Contient des instructions de montage d\u00e9taill\u00e9es.<\/li>\n<\/ol>\n<p>Avis:<br \/>\n1. Sans bo\u00eete d&#039;origine, mais nous garantissons que nos produits ont une assurance qualit\u00e9 et un bel emballage.<br \/>\n2. Comme toutes les pi\u00e8ces que nous avons v\u00e9rifi\u00e9es avant l&#039;exp\u00e9dition, donc si vous trouvez des pi\u00e8ces manquantes ou endommag\u00e9es, ne vous inqui\u00e9tez pas et veuillez nous contacter et nous pouvons vous les renvoyer imm\u00e9diatement gratuitement.<\/p>\n<figure id=\"attachment_35643\" aria-describedby=\"caption-attachment-35643\" style=\"width: 800px\" class=\"wp-caption aligncenter\"><img fetchpriority=\"high\" decoding=\"async\" class=\"wp-image-35643 size-full\" src=\"https:\/\/mouldking.store\/wp-content\/uploads\/2022\/11\/Christmas-Doll-Machine-Wekki-516156-6.jpg\" alt=\"Wekki 516156 Christmas Doll Machine\" width=\"800\" height=\"800\" title=\"-\" srcset=\"https:\/\/mouldking.store\/wp-content\/uploads\/2022\/11\/Christmas-Doll-Machine-Wekki-516156-6.jpg 800w, https:\/\/mouldking.store\/wp-content\/uploads\/2022\/11\/Christmas-Doll-Machine-Wekki-516156-6-300x300.jpg 300w, https:\/\/mouldking.store\/wp-content\/uploads\/2022\/11\/Christmas-Doll-Machine-Wekki-516156-6-768x768.jpg 768w, https:\/\/mouldking.store\/wp-content\/uploads\/2022\/11\/Christmas-Doll-Machine-Wekki-516156-6-600x600.jpg 600w, https:\/\/mouldking.store\/wp-content\/uploads\/2022\/11\/Christmas-Doll-Machine-Wekki-516156-6-150x150.jpg 150w, https:\/\/mouldking.store\/wp-content\/uploads\/2022\/11\/Christmas-Doll-Machine-Wekki-516156-6-60x60.jpg 60w, https:\/\/mouldking.store\/wp-content\/uploads\/2022\/11\/Christmas-Doll-Machine-Wekki-516156-6-90x90.jpg 90w\" sizes=\"(max-width: 800px) 100vw, 800px\" \/><figcaption id=\"caption-attachment-35643\" class=\"wp-caption-text\">Wekki 516156 Machine \u00e0 poup\u00e9es de No\u00ebl<\/figcaption><\/figure>\n<figure id=\"attachment_35644\" aria-describedby=\"caption-attachment-35644\" style=\"width: 800px\" class=\"wp-caption aligncenter\"><img decoding=\"async\" class=\"wp-image-35644 size-full\" src=\"https:\/\/mouldking.store\/wp-content\/uploads\/2022\/11\/Christmas-Doll-Machine-Wekki-516156-5.jpg\" alt=\"Wekki 516156 Christmas Doll Machine\" width=\"800\" height=\"800\" title=\"-\" srcset=\"https:\/\/mouldking.store\/wp-content\/uploads\/2022\/11\/Christmas-Doll-Machine-Wekki-516156-5.jpg 800w, https:\/\/mouldking.store\/wp-content\/uploads\/2022\/11\/Christmas-Doll-Machine-Wekki-516156-5-300x300.jpg 300w, https:\/\/mouldking.store\/wp-content\/uploads\/2022\/11\/Christmas-Doll-Machine-Wekki-516156-5-768x768.jpg 768w, https:\/\/mouldking.store\/wp-content\/uploads\/2022\/11\/Christmas-Doll-Machine-Wekki-516156-5-600x600.jpg 600w, https:\/\/mouldking.store\/wp-content\/uploads\/2022\/11\/Christmas-Doll-Machine-Wekki-516156-5-150x150.jpg 150w, https:\/\/mouldking.store\/wp-content\/uploads\/2022\/11\/Christmas-Doll-Machine-Wekki-516156-5-60x60.jpg 60w, https:\/\/mouldking.store\/wp-content\/uploads\/2022\/11\/Christmas-Doll-Machine-Wekki-516156-5-90x90.jpg 90w\" sizes=\"(max-width: 800px) 100vw, 800px\" \/><figcaption id=\"caption-attachment-35644\" class=\"wp-caption-text\">Wekki 516156 Machine \u00e0 poup\u00e9es de No\u00ebl<\/figcaption><\/figure>\n<figure id=\"attachment_35645\" aria-describedby=\"caption-attachment-35645\" style=\"width: 800px\" class=\"wp-caption aligncenter\"><img decoding=\"async\" class=\"wp-image-35645 size-full\" src=\"https:\/\/mouldking.store\/wp-content\/uploads\/2022\/11\/Christmas-Doll-Machine-Wekki-516156-4.jpg\" alt=\"Wekki 516156 Christmas Doll Machine\" width=\"800\" height=\"800\" title=\"-\" srcset=\"https:\/\/mouldking.store\/wp-content\/uploads\/2022\/11\/Christmas-Doll-Machine-Wekki-516156-4.jpg 800w, https:\/\/mouldking.store\/wp-content\/uploads\/2022\/11\/Christmas-Doll-Machine-Wekki-516156-4-300x300.jpg 300w, https:\/\/mouldking.store\/wp-content\/uploads\/2022\/11\/Christmas-Doll-Machine-Wekki-516156-4-768x768.jpg 768w, https:\/\/mouldking.store\/wp-content\/uploads\/2022\/11\/Christmas-Doll-Machine-Wekki-516156-4-600x600.jpg 600w, https:\/\/mouldking.store\/wp-content\/uploads\/2022\/11\/Christmas-Doll-Machine-Wekki-516156-4-150x150.jpg 150w, https:\/\/mouldking.store\/wp-content\/uploads\/2022\/11\/Christmas-Doll-Machine-Wekki-516156-4-60x60.jpg 60w, https:\/\/mouldking.store\/wp-content\/uploads\/2022\/11\/Christmas-Doll-Machine-Wekki-516156-4-90x90.jpg 90w\" sizes=\"(max-width: 800px) 100vw, 800px\" \/><figcaption id=\"caption-attachment-35645\" class=\"wp-caption-text\">Wekki 516156 Machine \u00e0 poup\u00e9es de No\u00ebl<\/figcaption><\/figure>\n<figure id=\"attachment_35646\" aria-describedby=\"caption-attachment-35646\" style=\"width: 800px\" class=\"wp-caption aligncenter\"><img loading=\"lazy\" decoding=\"async\" class=\"wp-image-35646 size-full\" src=\"https:\/\/mouldking.store\/wp-content\/uploads\/2022\/11\/Christmas-Doll-Machine-Wekki-516156-3.jpg\" alt=\"Wekki 516156 Christmas Doll Machine\" width=\"800\" height=\"800\" title=\"-\" srcset=\"https:\/\/mouldking.store\/wp-content\/uploads\/2022\/11\/Christmas-Doll-Machine-Wekki-516156-3.jpg 800w, https:\/\/mouldking.store\/wp-content\/uploads\/2022\/11\/Christmas-Doll-Machine-Wekki-516156-3-300x300.jpg 300w, https:\/\/mouldking.store\/wp-content\/uploads\/2022\/11\/Christmas-Doll-Machine-Wekki-516156-3-768x768.jpg 768w, https:\/\/mouldking.store\/wp-content\/uploads\/2022\/11\/Christmas-Doll-Machine-Wekki-516156-3-600x600.jpg 600w, https:\/\/mouldking.store\/wp-content\/uploads\/2022\/11\/Christmas-Doll-Machine-Wekki-516156-3-150x150.jpg 150w, https:\/\/mouldking.store\/wp-content\/uploads\/2022\/11\/Christmas-Doll-Machine-Wekki-516156-3-60x60.jpg 60w, https:\/\/mouldking.store\/wp-content\/uploads\/2022\/11\/Christmas-Doll-Machine-Wekki-516156-3-90x90.jpg 90w\" sizes=\"(max-width: 800px) 100vw, 800px\" \/><figcaption id=\"caption-attachment-35646\" class=\"wp-caption-text\">Wekki 516156 Machine \u00e0 poup\u00e9es de No\u00ebl<\/figcaption><\/figure>\n<figure id=\"attachment_35647\" aria-describedby=\"caption-attachment-35647\" style=\"width: 800px\" class=\"wp-caption aligncenter\"><img loading=\"lazy\" decoding=\"async\" class=\"wp-image-35647 size-full\" src=\"https:\/\/mouldking.store\/wp-content\/uploads\/2022\/11\/Christmas-Doll-Machine-Wekki-516156-2.jpg\" alt=\"Wekki 516156 Christmas Doll Machine\" width=\"800\" height=\"800\" title=\"-\" srcset=\"https:\/\/mouldking.store\/wp-content\/uploads\/2022\/11\/Christmas-Doll-Machine-Wekki-516156-2.jpg 800w, https:\/\/mouldking.store\/wp-content\/uploads\/2022\/11\/Christmas-Doll-Machine-Wekki-516156-2-300x300.jpg 300w, https:\/\/mouldking.store\/wp-content\/uploads\/2022\/11\/Christmas-Doll-Machine-Wekki-516156-2-768x768.jpg 768w, https:\/\/mouldking.store\/wp-content\/uploads\/2022\/11\/Christmas-Doll-Machine-Wekki-516156-2-600x600.jpg 600w, https:\/\/mouldking.store\/wp-content\/uploads\/2022\/11\/Christmas-Doll-Machine-Wekki-516156-2-150x150.jpg 150w, https:\/\/mouldking.store\/wp-content\/uploads\/2022\/11\/Christmas-Doll-Machine-Wekki-516156-2-60x60.jpg 60w, https:\/\/mouldking.store\/wp-content\/uploads\/2022\/11\/Christmas-Doll-Machine-Wekki-516156-2-90x90.jpg 90w\" sizes=\"(max-width: 800px) 100vw, 800px\" \/><figcaption id=\"caption-attachment-35647\" class=\"wp-caption-text\">Wekki 516156 Machine \u00e0 poup\u00e9es de No\u00ebl<\/figcaption><\/figure>\n<figure id=\"attachment_35648\" aria-describedby=\"caption-attachment-35648\" style=\"width: 800px\" class=\"wp-caption aligncenter\"><img loading=\"lazy\" decoding=\"async\" class=\"wp-image-35648 size-full\" src=\"https:\/\/mouldking.store\/wp-content\/uploads\/2022\/11\/Christmas-Doll-Machine-Wekki-516156-1.jpg\" alt=\"Wekki 516156 Christmas Doll Machine\" width=\"800\" height=\"800\" title=\"-\" srcset=\"https:\/\/mouldking.store\/wp-content\/uploads\/2022\/11\/Christmas-Doll-Machine-Wekki-516156-1.jpg 800w, https:\/\/mouldking.store\/wp-content\/uploads\/2022\/11\/Christmas-Doll-Machine-Wekki-516156-1-300x300.jpg 300w, https:\/\/mouldking.store\/wp-content\/uploads\/2022\/11\/Christmas-Doll-Machine-Wekki-516156-1-768x768.jpg 768w, https:\/\/mouldking.store\/wp-content\/uploads\/2022\/11\/Christmas-Doll-Machine-Wekki-516156-1-600x600.jpg 600w, https:\/\/mouldking.store\/wp-content\/uploads\/2022\/11\/Christmas-Doll-Machine-Wekki-516156-1-150x150.jpg 150w, https:\/\/mouldking.store\/wp-content\/uploads\/2022\/11\/Christmas-Doll-Machine-Wekki-516156-1-60x60.jpg 60w, https:\/\/mouldking.store\/wp-content\/uploads\/2022\/11\/Christmas-Doll-Machine-Wekki-516156-1-90x90.jpg 90w\" sizes=\"(max-width: 800px) 100vw, 800px\" \/><figcaption id=\"caption-attachment-35648\" class=\"wp-caption-text\">Wekki 516156 Machine \u00e0 poup\u00e9es de No\u00ebl<\/figcaption><\/figure>","protected":false},"excerpt":{"rendered":"<p>Product information: Brand: Wekki Gender: Unisex Name: Christmas Doll Machine Age Range: &gt; 6 years old Model Number: 516156 Classification: Assemblage Plastic Block Shape: Self-Locking Bricks Material: Plastic Plastic Type: ABS Size: 11 \u00d7 14.1 \u00d7 24 cm Contains detailed assembly instructions. Notice: 1. Without an original box, but we guarantee our products have quality [&hellip;]<\/p>","protected":false},"featured_media":35643,"comment_status":"closed","ping_status":"closed","template":"","meta":{"_acf_changed":false},"product_cat":[1365],"product_tag":[7791,1066,7795,7792,7794,7793,6288,7796,7790],"class_list":["product","first","instock","shipping-taxable","purchasable","product-type-simple"],"acf":[],"_links":{"self":[{"href":"https:\/\/mouldking.store\/fr\/wp-json\/wp\/v2\/product\/35642","targetHints":{"allow":["GET"]}}],"collection":[{"href":"https:\/\/mouldking.store\/fr\/wp-json\/wp\/v2\/product"}],"about":[{"href":"https:\/\/mouldking.store\/fr\/wp-json\/wp\/v2\/types\/product"}],"replies":[{"embeddable":true,"href":"https:\/\/mouldking.store\/fr\/wp-json\/wp\/v2\/comments?post=35642"}],"wp:featuredmedia":[{"embeddable":true,"href":"https:\/\/mouldking.store\/fr\/wp-json\/wp\/v2\/media\/35643"}],"wp:attachment":[{"href":"https:\/\/mouldking.store\/fr\/wp-json\/wp\/v2\/media?parent=35642"}],"wp:term":[{"taxonomy":"product_cat","embeddable":true,"href":"https:\/\/mouldking.store\/fr\/wp-json\/wp\/v2\/product_cat?post=35642"},{"taxonomy":"product_tag","embeddable":true,"href":"https:\/\/mouldking.store\/fr\/wp-json\/wp\/v2\/product_tag?post=35642"}],"curies":[{"name":"wp","href":"https:\/\/api.w.org\/{rel}","templated":true}]}}