{"id":35662,"date":"2022-11-22T09:47:47","date_gmt":"2022-11-22T02:47:47","guid":{"rendered":"https:\/\/mouldking.store\/?post_type=product&#038;p=35662"},"modified":"2022-11-22T09:47:49","modified_gmt":"2022-11-22T02:47:49","slug":"tuole-6011-super-heros-marvel-mk42-iron-hero-mechanical-with-1266-pieces","status":"publish","type":"product","link":"https:\/\/mouldking.store\/fr\/shop\/tuole-6011-super-heros-marvel-mk42-iron-hero-mechanical-with-1266-pieces\/","title":{"rendered":"TUOLE 6011 Super Heros Marvel MK42 Iron Hero m\u00e9canique avec 1266 pi\u00e8ces"},"content":{"rendered":"<p>Information produit:<\/p>\n<ol>\n<li>Brand: TUOLE<\/li>\n<li>Genre: Unisexe<\/li>\n<li>Name: Super Heros Marvel MK42 Iron Hero Mechanical<\/li>\n<li>Tranche d&#039;\u00e2ge : &gt; 6 ans<\/li>\n<li>Num\u00e9ro de mod\u00e8le: 6011<\/li>\n<li>Classement : Assemblage<\/li>\n<li>Forme de bloc en plastique\u00a0: briques autobloquantes<\/li>\n<li>Mat\u00e9riel: Plastique<\/li>\n<li>Type de plastique : ABS<\/li>\n<li>Bricks Blocks:1266 PCS<\/li>\n<li>Size: 36 \u00d7 21.4 \u00d7 10.4 cm<\/li>\n<li>Contient des instructions de montage d\u00e9taill\u00e9es.<\/li>\n<\/ol>\n<p>Avis:<br \/>\n1. Sans bo\u00eete d&#039;origine, mais nous garantissons que nos produits ont une assurance qualit\u00e9 et un bel emballage.<br \/>\n2. Comme toutes les pi\u00e8ces que nous avons v\u00e9rifi\u00e9es avant l&#039;exp\u00e9dition, donc si vous trouvez des pi\u00e8ces manquantes ou endommag\u00e9es, ne vous inqui\u00e9tez pas et veuillez nous contacter et nous pouvons vous les renvoyer imm\u00e9diatement gratuitement.<\/p>\n<figure id=\"attachment_35663\" aria-describedby=\"caption-attachment-35663\" style=\"width: 800px\" class=\"wp-caption aligncenter\"><img fetchpriority=\"high\" decoding=\"async\" class=\"wp-image-35663 size-full\" src=\"https:\/\/mouldking.store\/wp-content\/uploads\/2022\/11\/Super-Heros-Marvel-MK42-Iron-Hero-Mechanical-TUOLE-6011-3.jpg\" alt=\"TUOLE 6011 Super Heros Marvel MK42 Iron Hero Mechanical With 1266 Pieces\" width=\"800\" height=\"800\" title=\"-\" srcset=\"https:\/\/mouldking.store\/wp-content\/uploads\/2022\/11\/Super-Heros-Marvel-MK42-Iron-Hero-Mechanical-TUOLE-6011-3.jpg 800w, https:\/\/mouldking.store\/wp-content\/uploads\/2022\/11\/Super-Heros-Marvel-MK42-Iron-Hero-Mechanical-TUOLE-6011-3-300x300.jpg 300w, https:\/\/mouldking.store\/wp-content\/uploads\/2022\/11\/Super-Heros-Marvel-MK42-Iron-Hero-Mechanical-TUOLE-6011-3-768x768.jpg 768w, https:\/\/mouldking.store\/wp-content\/uploads\/2022\/11\/Super-Heros-Marvel-MK42-Iron-Hero-Mechanical-TUOLE-6011-3-600x600.jpg 600w, https:\/\/mouldking.store\/wp-content\/uploads\/2022\/11\/Super-Heros-Marvel-MK42-Iron-Hero-Mechanical-TUOLE-6011-3-150x150.jpg 150w, https:\/\/mouldking.store\/wp-content\/uploads\/2022\/11\/Super-Heros-Marvel-MK42-Iron-Hero-Mechanical-TUOLE-6011-3-60x60.jpg 60w, https:\/\/mouldking.store\/wp-content\/uploads\/2022\/11\/Super-Heros-Marvel-MK42-Iron-Hero-Mechanical-TUOLE-6011-3-90x90.jpg 90w\" sizes=\"(max-width: 800px) 100vw, 800px\" \/><figcaption id=\"caption-attachment-35663\" class=\"wp-caption-text\">TUOLE 6011 Super Heros Marvel MK42 Iron Hero m\u00e9canique avec 1266 pi\u00e8ces<\/figcaption><\/figure>\n<figure id=\"attachment_35664\" aria-describedby=\"caption-attachment-35664\" style=\"width: 800px\" class=\"wp-caption aligncenter\"><img decoding=\"async\" class=\"wp-image-35664 size-full\" src=\"https:\/\/mouldking.store\/wp-content\/uploads\/2022\/11\/Super-Heros-Marvel-MK42-Iron-Hero-Mechanical-TUOLE-6011-2.jpg\" alt=\"TUOLE 6011 Super Heros Marvel MK42 Iron Hero Mechanical With 1266 Pieces\" width=\"800\" height=\"800\" title=\"-\" srcset=\"https:\/\/mouldking.store\/wp-content\/uploads\/2022\/11\/Super-Heros-Marvel-MK42-Iron-Hero-Mechanical-TUOLE-6011-2.jpg 800w, https:\/\/mouldking.store\/wp-content\/uploads\/2022\/11\/Super-Heros-Marvel-MK42-Iron-Hero-Mechanical-TUOLE-6011-2-300x300.jpg 300w, https:\/\/mouldking.store\/wp-content\/uploads\/2022\/11\/Super-Heros-Marvel-MK42-Iron-Hero-Mechanical-TUOLE-6011-2-768x768.jpg 768w, https:\/\/mouldking.store\/wp-content\/uploads\/2022\/11\/Super-Heros-Marvel-MK42-Iron-Hero-Mechanical-TUOLE-6011-2-600x600.jpg 600w, https:\/\/mouldking.store\/wp-content\/uploads\/2022\/11\/Super-Heros-Marvel-MK42-Iron-Hero-Mechanical-TUOLE-6011-2-150x150.jpg 150w, https:\/\/mouldking.store\/wp-content\/uploads\/2022\/11\/Super-Heros-Marvel-MK42-Iron-Hero-Mechanical-TUOLE-6011-2-60x60.jpg 60w, https:\/\/mouldking.store\/wp-content\/uploads\/2022\/11\/Super-Heros-Marvel-MK42-Iron-Hero-Mechanical-TUOLE-6011-2-90x90.jpg 90w\" sizes=\"(max-width: 800px) 100vw, 800px\" \/><figcaption id=\"caption-attachment-35664\" class=\"wp-caption-text\">TUOLE 6011 Super Heros Marvel MK42 Iron Hero m\u00e9canique avec 1266 pi\u00e8ces<\/figcaption><\/figure>\n<figure id=\"attachment_35665\" aria-describedby=\"caption-attachment-35665\" style=\"width: 800px\" class=\"wp-caption aligncenter\"><img decoding=\"async\" class=\"wp-image-35665 size-full\" src=\"https:\/\/mouldking.store\/wp-content\/uploads\/2022\/11\/Super-Heros-Marvel-MK42-Iron-Hero-Mechanical-TUOLE-6011-1.jpg\" alt=\"TUOLE 6011 Super Heros Marvel MK42 Iron Hero Mechanical With 1266 Pieces\" width=\"800\" height=\"800\" title=\"-\" srcset=\"https:\/\/mouldking.store\/wp-content\/uploads\/2022\/11\/Super-Heros-Marvel-MK42-Iron-Hero-Mechanical-TUOLE-6011-1.jpg 800w, https:\/\/mouldking.store\/wp-content\/uploads\/2022\/11\/Super-Heros-Marvel-MK42-Iron-Hero-Mechanical-TUOLE-6011-1-300x300.jpg 300w, https:\/\/mouldking.store\/wp-content\/uploads\/2022\/11\/Super-Heros-Marvel-MK42-Iron-Hero-Mechanical-TUOLE-6011-1-768x768.jpg 768w, https:\/\/mouldking.store\/wp-content\/uploads\/2022\/11\/Super-Heros-Marvel-MK42-Iron-Hero-Mechanical-TUOLE-6011-1-600x600.jpg 600w, https:\/\/mouldking.store\/wp-content\/uploads\/2022\/11\/Super-Heros-Marvel-MK42-Iron-Hero-Mechanical-TUOLE-6011-1-150x150.jpg 150w, https:\/\/mouldking.store\/wp-content\/uploads\/2022\/11\/Super-Heros-Marvel-MK42-Iron-Hero-Mechanical-TUOLE-6011-1-60x60.jpg 60w, https:\/\/mouldking.store\/wp-content\/uploads\/2022\/11\/Super-Heros-Marvel-MK42-Iron-Hero-Mechanical-TUOLE-6011-1-90x90.jpg 90w\" sizes=\"(max-width: 800px) 100vw, 800px\" \/><figcaption id=\"caption-attachment-35665\" class=\"wp-caption-text\">TUOLE 6011 Super Heros Marvel MK42 Iron Hero m\u00e9canique avec 1266 pi\u00e8ces<\/figcaption><\/figure>","protected":false},"excerpt":{"rendered":"<p>Product information: Brand: TUOLE Gender: Unisex Name: Super Heros Marvel MK42 Iron Hero Mechanical Age Range: &gt; 6 years old Model Number: 6011 Classification: Assemblage Plastic Block Shape: Self-Locking Bricks Material: Plastic Plastic Type: ABS Bricks Blocks:1266 PCS Size: 36 \u00d7 21.4 \u00d7 10.4 cm Contains detailed assembly instructions. Notice: 1. Without an original box, [&hellip;]<\/p>","protected":false},"featured_media":35663,"comment_status":"closed","ping_status":"closed","template":"","meta":{"_acf_changed":false},"product_cat":[1373,1848,1408],"product_tag":[7807,7804,7806,7808,1496,7345,7805,2462,7809,7803,7810,7811,7802],"class_list":["product","first","instock","shipping-taxable","purchasable","product-type-simple"],"acf":[],"_links":{"self":[{"href":"https:\/\/mouldking.store\/fr\/wp-json\/wp\/v2\/product\/35662","targetHints":{"allow":["GET"]}}],"collection":[{"href":"https:\/\/mouldking.store\/fr\/wp-json\/wp\/v2\/product"}],"about":[{"href":"https:\/\/mouldking.store\/fr\/wp-json\/wp\/v2\/types\/product"}],"replies":[{"embeddable":true,"href":"https:\/\/mouldking.store\/fr\/wp-json\/wp\/v2\/comments?post=35662"}],"wp:featuredmedia":[{"embeddable":true,"href":"https:\/\/mouldking.store\/fr\/wp-json\/wp\/v2\/media\/35663"}],"wp:attachment":[{"href":"https:\/\/mouldking.store\/fr\/wp-json\/wp\/v2\/media?parent=35662"}],"wp:term":[{"taxonomy":"product_cat","embeddable":true,"href":"https:\/\/mouldking.store\/fr\/wp-json\/wp\/v2\/product_cat?post=35662"},{"taxonomy":"product_tag","embeddable":true,"href":"https:\/\/mouldking.store\/fr\/wp-json\/wp\/v2\/product_tag?post=35662"}],"curies":[{"name":"wp","href":"https:\/\/api.w.org\/{rel}","templated":true}]}}