{"id":35696,"date":"2022-11-22T10:27:41","date_gmt":"2022-11-22T03:27:41","guid":{"rendered":"https:\/\/mouldking.store\/?post_type=product&#038;p=35696"},"modified":"2022-11-22T10:27:41","modified_gmt":"2022-11-22T03:27:41","slug":"panlos-672102-15-bmw-hp4-race-motorcycle-with-1972-pieces","status":"publish","type":"product","link":"https:\/\/mouldking.store\/fr\/shop\/panlos-672102-15-bmw-hp4-race-motorcycle-with-1972-pieces\/","title":{"rendered":"PANLOS 672102 Moto de course BMW HP4 1:5 avec 1972 pi\u00e8ces"},"content":{"rendered":"<p>Information produit:<\/p>\n<ol>\n<li>Marque : PANLOS<\/li>\n<li>Genre: Unisexe<\/li>\n<li>Nom: Moto de course BMW HP4 1: 5<\/li>\n<li>Tranche d&#039;\u00e2ge : &gt; 6 ans<\/li>\n<li>Num\u00e9ro de mod\u00e8le: 672102<\/li>\n<li>Classement : Assemblage<\/li>\n<li>Forme de bloc en plastique\u00a0: briques autobloquantes<\/li>\n<li>Mat\u00e9riel: Plastique<\/li>\n<li>Type de plastique : ABS<\/li>\n<li>Blocs de briques : 1972 pi\u00e8ces.<\/li>\n<li>Taille : 49 \u00d7 19 \u00d7 32 cm<\/li>\n<li>Contient des instructions de montage d\u00e9taill\u00e9es.<\/li>\n<\/ol>\n<p>Avis:<br \/>\n1. Sans bo\u00eete d&#039;origine, mais nous garantissons que nos produits ont une assurance qualit\u00e9 et un bel emballage.<br \/>\n2. Comme toutes les pi\u00e8ces que nous avons v\u00e9rifi\u00e9es avant l&#039;exp\u00e9dition, donc si vous trouvez des pi\u00e8ces manquantes ou endommag\u00e9es, ne vous inqui\u00e9tez pas et veuillez nous contacter et nous pouvons vous les renvoyer imm\u00e9diatement gratuitement.<\/p>\n<figure id=\"attachment_35697\" aria-describedby=\"caption-attachment-35697\" style=\"width: 800px\" class=\"wp-caption aligncenter\"><img fetchpriority=\"high\" decoding=\"async\" class=\"wp-image-35697 size-full\" src=\"https:\/\/mouldking.store\/wp-content\/uploads\/2022\/11\/BMW-HP4-Race-Motorcycle-PANLOS-672102-4.jpg\" alt=\"PANLOS 672102 1:5 BMW HP4 Race Motorcycle With 1972 Pieces\" width=\"800\" height=\"800\" title=\"-\" srcset=\"https:\/\/mouldking.store\/wp-content\/uploads\/2022\/11\/BMW-HP4-Race-Motorcycle-PANLOS-672102-4.jpg 800w, https:\/\/mouldking.store\/wp-content\/uploads\/2022\/11\/BMW-HP4-Race-Motorcycle-PANLOS-672102-4-300x300.jpg 300w, https:\/\/mouldking.store\/wp-content\/uploads\/2022\/11\/BMW-HP4-Race-Motorcycle-PANLOS-672102-4-768x768.jpg 768w, https:\/\/mouldking.store\/wp-content\/uploads\/2022\/11\/BMW-HP4-Race-Motorcycle-PANLOS-672102-4-600x600.jpg 600w, https:\/\/mouldking.store\/wp-content\/uploads\/2022\/11\/BMW-HP4-Race-Motorcycle-PANLOS-672102-4-150x150.jpg 150w, https:\/\/mouldking.store\/wp-content\/uploads\/2022\/11\/BMW-HP4-Race-Motorcycle-PANLOS-672102-4-60x60.jpg 60w, https:\/\/mouldking.store\/wp-content\/uploads\/2022\/11\/BMW-HP4-Race-Motorcycle-PANLOS-672102-4-90x90.jpg 90w\" sizes=\"(max-width: 800px) 100vw, 800px\" \/><figcaption id=\"caption-attachment-35697\" class=\"wp-caption-text\">PANLOS 672102 Moto de course BMW HP4 1:5 avec 1972 pi\u00e8ces<\/figcaption><\/figure>\n<figure id=\"attachment_35698\" aria-describedby=\"caption-attachment-35698\" style=\"width: 800px\" class=\"wp-caption aligncenter\"><img decoding=\"async\" class=\"wp-image-35698 size-full\" src=\"https:\/\/mouldking.store\/wp-content\/uploads\/2022\/11\/BMW-HP4-Race-Motorcycle-PANLOS-672102-3.jpg\" alt=\"PANLOS 672102 1:5 BMW HP4 Race Motorcycle With 1972 Pieces\" width=\"800\" height=\"800\" title=\"-\" srcset=\"https:\/\/mouldking.store\/wp-content\/uploads\/2022\/11\/BMW-HP4-Race-Motorcycle-PANLOS-672102-3.jpg 800w, https:\/\/mouldking.store\/wp-content\/uploads\/2022\/11\/BMW-HP4-Race-Motorcycle-PANLOS-672102-3-300x300.jpg 300w, https:\/\/mouldking.store\/wp-content\/uploads\/2022\/11\/BMW-HP4-Race-Motorcycle-PANLOS-672102-3-768x768.jpg 768w, https:\/\/mouldking.store\/wp-content\/uploads\/2022\/11\/BMW-HP4-Race-Motorcycle-PANLOS-672102-3-600x600.jpg 600w, https:\/\/mouldking.store\/wp-content\/uploads\/2022\/11\/BMW-HP4-Race-Motorcycle-PANLOS-672102-3-150x150.jpg 150w, https:\/\/mouldking.store\/wp-content\/uploads\/2022\/11\/BMW-HP4-Race-Motorcycle-PANLOS-672102-3-60x60.jpg 60w, https:\/\/mouldking.store\/wp-content\/uploads\/2022\/11\/BMW-HP4-Race-Motorcycle-PANLOS-672102-3-90x90.jpg 90w\" sizes=\"(max-width: 800px) 100vw, 800px\" \/><figcaption id=\"caption-attachment-35698\" class=\"wp-caption-text\">PANLOS 672102 Moto de course BMW HP4 1:5 avec 1972 pi\u00e8ces<\/figcaption><\/figure>\n<figure id=\"attachment_35699\" aria-describedby=\"caption-attachment-35699\" style=\"width: 800px\" class=\"wp-caption aligncenter\"><img decoding=\"async\" class=\"wp-image-35699 size-full\" src=\"https:\/\/mouldking.store\/wp-content\/uploads\/2022\/11\/BMW-HP4-Race-Motorcycle-PANLOS-672102-2.jpg\" alt=\"PANLOS 672102 1:5 BMW HP4 Race Motorcycle With 1972 Pieces\" width=\"800\" height=\"800\" title=\"-\" srcset=\"https:\/\/mouldking.store\/wp-content\/uploads\/2022\/11\/BMW-HP4-Race-Motorcycle-PANLOS-672102-2.jpg 800w, https:\/\/mouldking.store\/wp-content\/uploads\/2022\/11\/BMW-HP4-Race-Motorcycle-PANLOS-672102-2-300x300.jpg 300w, https:\/\/mouldking.store\/wp-content\/uploads\/2022\/11\/BMW-HP4-Race-Motorcycle-PANLOS-672102-2-768x768.jpg 768w, https:\/\/mouldking.store\/wp-content\/uploads\/2022\/11\/BMW-HP4-Race-Motorcycle-PANLOS-672102-2-600x600.jpg 600w, https:\/\/mouldking.store\/wp-content\/uploads\/2022\/11\/BMW-HP4-Race-Motorcycle-PANLOS-672102-2-150x150.jpg 150w, https:\/\/mouldking.store\/wp-content\/uploads\/2022\/11\/BMW-HP4-Race-Motorcycle-PANLOS-672102-2-60x60.jpg 60w, https:\/\/mouldking.store\/wp-content\/uploads\/2022\/11\/BMW-HP4-Race-Motorcycle-PANLOS-672102-2-90x90.jpg 90w\" sizes=\"(max-width: 800px) 100vw, 800px\" \/><figcaption id=\"caption-attachment-35699\" class=\"wp-caption-text\">PANLOS 672102 Moto de course BMW HP4 1:5 avec 1972 pi\u00e8ces<\/figcaption><\/figure>\n<figure id=\"attachment_35700\" aria-describedby=\"caption-attachment-35700\" style=\"width: 800px\" class=\"wp-caption aligncenter\"><img loading=\"lazy\" decoding=\"async\" class=\"wp-image-35700 size-full\" src=\"https:\/\/mouldking.store\/wp-content\/uploads\/2022\/11\/BMW-HP4-Race-Motorcycle-PANLOS-672102-1.jpg\" alt=\"PANLOS 672102 1:5 BMW HP4 Race Motorcycle With 1972 Pieces\" width=\"800\" height=\"800\" title=\"-\" srcset=\"https:\/\/mouldking.store\/wp-content\/uploads\/2022\/11\/BMW-HP4-Race-Motorcycle-PANLOS-672102-1.jpg 800w, https:\/\/mouldking.store\/wp-content\/uploads\/2022\/11\/BMW-HP4-Race-Motorcycle-PANLOS-672102-1-300x300.jpg 300w, https:\/\/mouldking.store\/wp-content\/uploads\/2022\/11\/BMW-HP4-Race-Motorcycle-PANLOS-672102-1-768x768.jpg 768w, https:\/\/mouldking.store\/wp-content\/uploads\/2022\/11\/BMW-HP4-Race-Motorcycle-PANLOS-672102-1-600x600.jpg 600w, https:\/\/mouldking.store\/wp-content\/uploads\/2022\/11\/BMW-HP4-Race-Motorcycle-PANLOS-672102-1-150x150.jpg 150w, https:\/\/mouldking.store\/wp-content\/uploads\/2022\/11\/BMW-HP4-Race-Motorcycle-PANLOS-672102-1-60x60.jpg 60w, https:\/\/mouldking.store\/wp-content\/uploads\/2022\/11\/BMW-HP4-Race-Motorcycle-PANLOS-672102-1-90x90.jpg 90w\" sizes=\"(max-width: 800px) 100vw, 800px\" \/><figcaption id=\"caption-attachment-35700\" class=\"wp-caption-text\">PANLOS 672102 Moto de course BMW HP4 1:5 avec 1972 pi\u00e8ces<\/figcaption><\/figure>","protected":false},"excerpt":{"rendered":"<p>Product information: Brand: PANLOS Gender: Unisex Name: 1:5 BMW HP4 Race Motorcycle Age Range: &gt; 6 years old Model Number: 672102 Classification: Assemblage Plastic Block Shape: Self-Locking Bricks Material: Plastic Plastic Type: ABS Bricks Blocks:1972 PCS Size: 49 \u00d7 19 \u00d7 32 cm Contains detailed assembly instructions. Notice: 1. Without an original box, but we [&hellip;]<\/p>","protected":false},"featured_media":35697,"comment_status":"closed","ping_status":"closed","template":"","meta":{"_acf_changed":false},"product_cat":[1357],"product_tag":[7852,7849,5583,7850,1851,7853,7854,7848,7851],"class_list":["product","first","instock","shipping-taxable","purchasable","product-type-simple"],"acf":[],"_links":{"self":[{"href":"https:\/\/mouldking.store\/fr\/wp-json\/wp\/v2\/product\/35696","targetHints":{"allow":["GET"]}}],"collection":[{"href":"https:\/\/mouldking.store\/fr\/wp-json\/wp\/v2\/product"}],"about":[{"href":"https:\/\/mouldking.store\/fr\/wp-json\/wp\/v2\/types\/product"}],"replies":[{"embeddable":true,"href":"https:\/\/mouldking.store\/fr\/wp-json\/wp\/v2\/comments?post=35696"}],"wp:featuredmedia":[{"embeddable":true,"href":"https:\/\/mouldking.store\/fr\/wp-json\/wp\/v2\/media\/35697"}],"wp:attachment":[{"href":"https:\/\/mouldking.store\/fr\/wp-json\/wp\/v2\/media?parent=35696"}],"wp:term":[{"taxonomy":"product_cat","embeddable":true,"href":"https:\/\/mouldking.store\/fr\/wp-json\/wp\/v2\/product_cat?post=35696"},{"taxonomy":"product_tag","embeddable":true,"href":"https:\/\/mouldking.store\/fr\/wp-json\/wp\/v2\/product_tag?post=35696"}],"curies":[{"name":"wp","href":"https:\/\/api.w.org\/{rel}","templated":true}]}}