{"id":35820,"date":"2022-11-22T16:04:59","date_gmt":"2022-11-22T09:04:59","guid":{"rendered":"https:\/\/mouldking.store\/?post_type=product&#038;p=35820"},"modified":"2022-11-22T16:04:59","modified_gmt":"2022-11-22T09:04:59","slug":"cada-s059-001-power-function-package","status":"publish","type":"product","link":"https:\/\/mouldking.store\/fr\/shop\/cada-s059-001-power-function-package\/","title":{"rendered":"Ensemble de fonctions d&#039;alimentation CADA S059-001"},"content":{"rendered":"<p>Information produit:<\/p>\n<ol>\n<li>Marque : CADA<\/li>\n<li>Genre: Unisexe<\/li>\n<li>Nom\u00a0: ensemble de fonctions d&#039;alimentation<\/li>\n<li>Tranche d&#039;\u00e2ge : &gt; 6 ans<\/li>\n<li>Num\u00e9ro de mod\u00e8le : S059-001<\/li>\n<li>Classement : Assemblage<\/li>\n<li>Forme de bloc en plastique\u00a0: briques autobloquantes<\/li>\n<li>Mat\u00e9riel: Plastique<\/li>\n<li>Type de plastique : ABS<\/li>\n<li>Contient des instructions de montage d\u00e9taill\u00e9es.<\/li>\n<\/ol>\n<p>Avis:<br \/>\n1. Sans bo\u00eete d&#039;origine, mais nous garantissons que nos produits ont une assurance qualit\u00e9 et un bel emballage.<br \/>\n2. Comme toutes les pi\u00e8ces que nous avons v\u00e9rifi\u00e9es avant l&#039;exp\u00e9dition, donc si vous trouvez des pi\u00e8ces manquantes ou endommag\u00e9es, ne vous inqui\u00e9tez pas et veuillez nous contacter et nous pouvons vous les renvoyer imm\u00e9diatement gratuitement.<\/p>\n<figure id=\"attachment_35821\" aria-describedby=\"caption-attachment-35821\" style=\"width: 800px\" class=\"wp-caption aligncenter\"><img fetchpriority=\"high\" decoding=\"async\" class=\"wp-image-35821 size-full\" src=\"https:\/\/mouldking.store\/wp-content\/uploads\/2022\/11\/CADA-S059-001-Power-Function-Package-2.jpg\" alt=\"CADA S059-001 Power Function Package\" width=\"800\" height=\"800\" title=\"-\" srcset=\"https:\/\/mouldking.store\/wp-content\/uploads\/2022\/11\/CADA-S059-001-Power-Function-Package-2.jpg 800w, https:\/\/mouldking.store\/wp-content\/uploads\/2022\/11\/CADA-S059-001-Power-Function-Package-2-300x300.jpg 300w, https:\/\/mouldking.store\/wp-content\/uploads\/2022\/11\/CADA-S059-001-Power-Function-Package-2-768x768.jpg 768w, https:\/\/mouldking.store\/wp-content\/uploads\/2022\/11\/CADA-S059-001-Power-Function-Package-2-600x600.jpg 600w, https:\/\/mouldking.store\/wp-content\/uploads\/2022\/11\/CADA-S059-001-Power-Function-Package-2-150x150.jpg 150w, https:\/\/mouldking.store\/wp-content\/uploads\/2022\/11\/CADA-S059-001-Power-Function-Package-2-60x60.jpg 60w, https:\/\/mouldking.store\/wp-content\/uploads\/2022\/11\/CADA-S059-001-Power-Function-Package-2-90x90.jpg 90w\" sizes=\"(max-width: 800px) 100vw, 800px\" \/><figcaption id=\"caption-attachment-35821\" class=\"wp-caption-text\">Ensemble de fonctions d&#039;alimentation CADA S059-001<\/figcaption><\/figure>\n<figure id=\"attachment_35822\" aria-describedby=\"caption-attachment-35822\" style=\"width: 800px\" class=\"wp-caption aligncenter\"><img decoding=\"async\" class=\"wp-image-35822 size-full\" src=\"https:\/\/mouldking.store\/wp-content\/uploads\/2022\/11\/CADA-S059-001-Power-Function-Package-1.jpg\" alt=\"CADA S059-001 Power Function Package\" width=\"800\" height=\"800\" title=\"-\" srcset=\"https:\/\/mouldking.store\/wp-content\/uploads\/2022\/11\/CADA-S059-001-Power-Function-Package-1.jpg 800w, https:\/\/mouldking.store\/wp-content\/uploads\/2022\/11\/CADA-S059-001-Power-Function-Package-1-300x300.jpg 300w, https:\/\/mouldking.store\/wp-content\/uploads\/2022\/11\/CADA-S059-001-Power-Function-Package-1-768x768.jpg 768w, https:\/\/mouldking.store\/wp-content\/uploads\/2022\/11\/CADA-S059-001-Power-Function-Package-1-600x600.jpg 600w, https:\/\/mouldking.store\/wp-content\/uploads\/2022\/11\/CADA-S059-001-Power-Function-Package-1-150x150.jpg 150w, https:\/\/mouldking.store\/wp-content\/uploads\/2022\/11\/CADA-S059-001-Power-Function-Package-1-60x60.jpg 60w, https:\/\/mouldking.store\/wp-content\/uploads\/2022\/11\/CADA-S059-001-Power-Function-Package-1-90x90.jpg 90w\" sizes=\"(max-width: 800px) 100vw, 800px\" \/><figcaption id=\"caption-attachment-35822\" class=\"wp-caption-text\">Ensemble de fonctions d&#039;alimentation CADA S059-001<\/figcaption><\/figure>","protected":false},"excerpt":{"rendered":"<p>Product information: Brand: CADA Gender: Unisex Name: Power Function Package Age Range: &gt; 6 years old Model Number: S059-001 Classification: Assemblage Plastic Block Shape: Self-Locking Bricks Material: Plastic Plastic Type: ABS Contains detailed assembly instructions. Notice: 1. Without an original box, but we guarantee our products have quality assurance and nice packaging. 2. As all [&hellip;]<\/p>","protected":false},"featured_media":35821,"comment_status":"closed","ping_status":"closed","template":"","meta":{"_acf_changed":false},"product_cat":[1357],"product_tag":[1916,7983,7976,7979,7980,7978,7982,7981,7977],"class_list":["product","first","instock","shipping-taxable","purchasable","product-type-simple"],"acf":[],"_links":{"self":[{"href":"https:\/\/mouldking.store\/fr\/wp-json\/wp\/v2\/product\/35820","targetHints":{"allow":["GET"]}}],"collection":[{"href":"https:\/\/mouldking.store\/fr\/wp-json\/wp\/v2\/product"}],"about":[{"href":"https:\/\/mouldking.store\/fr\/wp-json\/wp\/v2\/types\/product"}],"replies":[{"embeddable":true,"href":"https:\/\/mouldking.store\/fr\/wp-json\/wp\/v2\/comments?post=35820"}],"wp:featuredmedia":[{"embeddable":true,"href":"https:\/\/mouldking.store\/fr\/wp-json\/wp\/v2\/media\/35821"}],"wp:attachment":[{"href":"https:\/\/mouldking.store\/fr\/wp-json\/wp\/v2\/media?parent=35820"}],"wp:term":[{"taxonomy":"product_cat","embeddable":true,"href":"https:\/\/mouldking.store\/fr\/wp-json\/wp\/v2\/product_cat?post=35820"},{"taxonomy":"product_tag","embeddable":true,"href":"https:\/\/mouldking.store\/fr\/wp-json\/wp\/v2\/product_tag?post=35820"}],"curies":[{"name":"wp","href":"https:\/\/api.w.org\/{rel}","templated":true}]}}