{"id":35870,"date":"2022-11-22T16:41:21","date_gmt":"2022-11-22T09:41:21","guid":{"rendered":"https:\/\/mouldking.store\/?post_type=product&#038;p=35870"},"modified":"2022-11-22T16:41:22","modified_gmt":"2022-11-22T09:41:22","slug":"tgl-4008-water-spray-fire-truck-with-4629-pieces","status":"publish","type":"product","link":"https:\/\/mouldking.store\/fr\/shop\/tgl-4008-water-spray-fire-truck-with-4629-pieces\/","title":{"rendered":"TGL 4008 Camion de pompiers \u00e0 jet d&#039;eau avec 4629 pi\u00e8ces"},"content":{"rendered":"<p>Information produit:<\/p>\n<ol>\n<li>Marque : TGL<\/li>\n<li>Genre: Unisexe<\/li>\n<li>Name: Water Spray Fire Truck<\/li>\n<li>Tranche d&#039;\u00e2ge : &gt; 6 ans<\/li>\n<li>Model Number: 4008<\/li>\n<li>Classement : Assemblage<\/li>\n<li>Forme de bloc en plastique\u00a0: briques autobloquantes<\/li>\n<li>Mat\u00e9riel: Plastique<\/li>\n<li>Type de plastique : ABS<\/li>\n<li>Bricks Blocks:4629 PCS<\/li>\n<li>Size: \u00a084 \u00d7 32 \u00d7 78 cm<\/li>\n<li>Contient des instructions de montage d\u00e9taill\u00e9es.<\/li>\n<\/ol>\n<p>Avis:<br \/>\n1. Sans bo\u00eete d&#039;origine, mais nous garantissons que nos produits ont une assurance qualit\u00e9 et un bel emballage.<br \/>\n2. Comme toutes les pi\u00e8ces que nous avons v\u00e9rifi\u00e9es avant l&#039;exp\u00e9dition, donc si vous trouvez des pi\u00e8ces manquantes ou endommag\u00e9es, ne vous inqui\u00e9tez pas et veuillez nous contacter et nous pouvons vous les renvoyer imm\u00e9diatement gratuitement.<\/p>\n<figure id=\"attachment_35871\" aria-describedby=\"caption-attachment-35871\" style=\"width: 800px\" class=\"wp-caption aligncenter\"><img fetchpriority=\"high\" decoding=\"async\" class=\"wp-image-35871 size-full\" src=\"https:\/\/mouldking.store\/wp-content\/uploads\/2022\/11\/TGL-4008-Water-Spray-Fire-Truck-5.jpg\" alt=\"TGL 4008 Water Spray Fire Truck With 4629 Pieces\" width=\"800\" height=\"800\" title=\"-\" srcset=\"https:\/\/mouldking.store\/wp-content\/uploads\/2022\/11\/TGL-4008-Water-Spray-Fire-Truck-5.jpg 800w, https:\/\/mouldking.store\/wp-content\/uploads\/2022\/11\/TGL-4008-Water-Spray-Fire-Truck-5-300x300.jpg 300w, https:\/\/mouldking.store\/wp-content\/uploads\/2022\/11\/TGL-4008-Water-Spray-Fire-Truck-5-768x768.jpg 768w, https:\/\/mouldking.store\/wp-content\/uploads\/2022\/11\/TGL-4008-Water-Spray-Fire-Truck-5-600x600.jpg 600w, https:\/\/mouldking.store\/wp-content\/uploads\/2022\/11\/TGL-4008-Water-Spray-Fire-Truck-5-150x150.jpg 150w, https:\/\/mouldking.store\/wp-content\/uploads\/2022\/11\/TGL-4008-Water-Spray-Fire-Truck-5-60x60.jpg 60w, https:\/\/mouldking.store\/wp-content\/uploads\/2022\/11\/TGL-4008-Water-Spray-Fire-Truck-5-90x90.jpg 90w\" sizes=\"(max-width: 800px) 100vw, 800px\" \/><figcaption id=\"caption-attachment-35871\" class=\"wp-caption-text\">TGL 4008 Camion de pompiers \u00e0 jet d&#039;eau avec 4629 pi\u00e8ces<\/figcaption><\/figure>\n<figure id=\"attachment_35872\" aria-describedby=\"caption-attachment-35872\" style=\"width: 800px\" class=\"wp-caption aligncenter\"><img decoding=\"async\" class=\"wp-image-35872 size-full\" src=\"https:\/\/mouldking.store\/wp-content\/uploads\/2022\/11\/TGL-4008-Water-Spray-Fire-Truck-4.jpg\" alt=\"TGL 4008 Water Spray Fire Truck With 4629 Pieces\" width=\"800\" height=\"800\" title=\"-\" srcset=\"https:\/\/mouldking.store\/wp-content\/uploads\/2022\/11\/TGL-4008-Water-Spray-Fire-Truck-4.jpg 800w, https:\/\/mouldking.store\/wp-content\/uploads\/2022\/11\/TGL-4008-Water-Spray-Fire-Truck-4-300x300.jpg 300w, https:\/\/mouldking.store\/wp-content\/uploads\/2022\/11\/TGL-4008-Water-Spray-Fire-Truck-4-768x768.jpg 768w, https:\/\/mouldking.store\/wp-content\/uploads\/2022\/11\/TGL-4008-Water-Spray-Fire-Truck-4-600x600.jpg 600w, https:\/\/mouldking.store\/wp-content\/uploads\/2022\/11\/TGL-4008-Water-Spray-Fire-Truck-4-150x150.jpg 150w, https:\/\/mouldking.store\/wp-content\/uploads\/2022\/11\/TGL-4008-Water-Spray-Fire-Truck-4-60x60.jpg 60w, https:\/\/mouldking.store\/wp-content\/uploads\/2022\/11\/TGL-4008-Water-Spray-Fire-Truck-4-90x90.jpg 90w\" sizes=\"(max-width: 800px) 100vw, 800px\" \/><figcaption id=\"caption-attachment-35872\" class=\"wp-caption-text\">TGL 4008 Camion de pompiers \u00e0 jet d&#039;eau avec 4629 pi\u00e8ces<\/figcaption><\/figure>\n<figure id=\"attachment_35873\" aria-describedby=\"caption-attachment-35873\" style=\"width: 800px\" class=\"wp-caption aligncenter\"><img decoding=\"async\" class=\"wp-image-35873 size-full\" src=\"https:\/\/mouldking.store\/wp-content\/uploads\/2022\/11\/TGL-4008-Water-Spray-Fire-Truck-3.jpg\" alt=\"TGL 4008 Water Spray Fire Truck With 4629 Pieces\" width=\"800\" height=\"800\" title=\"-\" srcset=\"https:\/\/mouldking.store\/wp-content\/uploads\/2022\/11\/TGL-4008-Water-Spray-Fire-Truck-3.jpg 800w, https:\/\/mouldking.store\/wp-content\/uploads\/2022\/11\/TGL-4008-Water-Spray-Fire-Truck-3-300x300.jpg 300w, https:\/\/mouldking.store\/wp-content\/uploads\/2022\/11\/TGL-4008-Water-Spray-Fire-Truck-3-768x768.jpg 768w, https:\/\/mouldking.store\/wp-content\/uploads\/2022\/11\/TGL-4008-Water-Spray-Fire-Truck-3-600x600.jpg 600w, https:\/\/mouldking.store\/wp-content\/uploads\/2022\/11\/TGL-4008-Water-Spray-Fire-Truck-3-150x150.jpg 150w, https:\/\/mouldking.store\/wp-content\/uploads\/2022\/11\/TGL-4008-Water-Spray-Fire-Truck-3-60x60.jpg 60w, https:\/\/mouldking.store\/wp-content\/uploads\/2022\/11\/TGL-4008-Water-Spray-Fire-Truck-3-90x90.jpg 90w\" sizes=\"(max-width: 800px) 100vw, 800px\" \/><figcaption id=\"caption-attachment-35873\" class=\"wp-caption-text\">TGL 4008 Camion de pompiers \u00e0 jet d&#039;eau avec 4629 pi\u00e8ces<\/figcaption><\/figure>\n<figure id=\"attachment_35874\" aria-describedby=\"caption-attachment-35874\" style=\"width: 800px\" class=\"wp-caption aligncenter\"><img loading=\"lazy\" decoding=\"async\" class=\"wp-image-35874 size-full\" src=\"https:\/\/mouldking.store\/wp-content\/uploads\/2022\/11\/TGL-4008-Water-Spray-Fire-Truck-2.jpg\" alt=\"TGL 4008 Water Spray Fire Truck With 4629 Pieces\" width=\"800\" height=\"800\" title=\"-\" srcset=\"https:\/\/mouldking.store\/wp-content\/uploads\/2022\/11\/TGL-4008-Water-Spray-Fire-Truck-2.jpg 800w, https:\/\/mouldking.store\/wp-content\/uploads\/2022\/11\/TGL-4008-Water-Spray-Fire-Truck-2-300x300.jpg 300w, https:\/\/mouldking.store\/wp-content\/uploads\/2022\/11\/TGL-4008-Water-Spray-Fire-Truck-2-768x768.jpg 768w, https:\/\/mouldking.store\/wp-content\/uploads\/2022\/11\/TGL-4008-Water-Spray-Fire-Truck-2-600x600.jpg 600w, https:\/\/mouldking.store\/wp-content\/uploads\/2022\/11\/TGL-4008-Water-Spray-Fire-Truck-2-150x150.jpg 150w, https:\/\/mouldking.store\/wp-content\/uploads\/2022\/11\/TGL-4008-Water-Spray-Fire-Truck-2-60x60.jpg 60w, https:\/\/mouldking.store\/wp-content\/uploads\/2022\/11\/TGL-4008-Water-Spray-Fire-Truck-2-90x90.jpg 90w\" sizes=\"(max-width: 800px) 100vw, 800px\" \/><figcaption id=\"caption-attachment-35874\" class=\"wp-caption-text\">TGL 4008 Camion de pompiers \u00e0 jet d&#039;eau avec 4629 pi\u00e8ces<\/figcaption><\/figure>\n<figure id=\"attachment_35875\" aria-describedby=\"caption-attachment-35875\" style=\"width: 800px\" class=\"wp-caption aligncenter\"><img loading=\"lazy\" decoding=\"async\" class=\"wp-image-35875 size-full\" src=\"https:\/\/mouldking.store\/wp-content\/uploads\/2022\/11\/TGL-4008-Water-Spray-Fire-Truck-1.jpg\" alt=\"TGL 4008 Water Spray Fire Truck With 4629 Pieces\" width=\"800\" height=\"800\" title=\"-\" srcset=\"https:\/\/mouldking.store\/wp-content\/uploads\/2022\/11\/TGL-4008-Water-Spray-Fire-Truck-1.jpg 800w, https:\/\/mouldking.store\/wp-content\/uploads\/2022\/11\/TGL-4008-Water-Spray-Fire-Truck-1-300x300.jpg 300w, https:\/\/mouldking.store\/wp-content\/uploads\/2022\/11\/TGL-4008-Water-Spray-Fire-Truck-1-768x768.jpg 768w, https:\/\/mouldking.store\/wp-content\/uploads\/2022\/11\/TGL-4008-Water-Spray-Fire-Truck-1-600x600.jpg 600w, https:\/\/mouldking.store\/wp-content\/uploads\/2022\/11\/TGL-4008-Water-Spray-Fire-Truck-1-150x150.jpg 150w, https:\/\/mouldking.store\/wp-content\/uploads\/2022\/11\/TGL-4008-Water-Spray-Fire-Truck-1-60x60.jpg 60w, https:\/\/mouldking.store\/wp-content\/uploads\/2022\/11\/TGL-4008-Water-Spray-Fire-Truck-1-90x90.jpg 90w\" sizes=\"(max-width: 800px) 100vw, 800px\" \/><figcaption id=\"caption-attachment-35875\" class=\"wp-caption-text\">TGL 4008 Camion de pompiers \u00e0 jet d&#039;eau avec 4629 pi\u00e8ces<\/figcaption><\/figure>","protected":false},"excerpt":{"rendered":"<p>Product information: Brand: TGL Gender: Unisex Name: Water Spray Fire Truck Age Range: &gt; 6 years old Model Number: 4008 Classification: Assemblage Plastic Block Shape: Self-Locking Bricks Material: Plastic Plastic Type: ABS Bricks Blocks:4629 PCS Size: \u00a084 \u00d7 32 \u00d7 78 cm Contains detailed assembly instructions. Notice: 1. Without an original box, but we guarantee [&hellip;]<\/p>","protected":false},"featured_media":35871,"comment_status":"closed","ping_status":"closed","template":"","meta":{"_acf_changed":false},"product_cat":[1357],"product_tag":[8008,3565,2739,8010,8012,8007,466,8009,8011],"class_list":["product","first","instock","shipping-taxable","purchasable","product-type-simple"],"acf":[],"_links":{"self":[{"href":"https:\/\/mouldking.store\/fr\/wp-json\/wp\/v2\/product\/35870","targetHints":{"allow":["GET"]}}],"collection":[{"href":"https:\/\/mouldking.store\/fr\/wp-json\/wp\/v2\/product"}],"about":[{"href":"https:\/\/mouldking.store\/fr\/wp-json\/wp\/v2\/types\/product"}],"replies":[{"embeddable":true,"href":"https:\/\/mouldking.store\/fr\/wp-json\/wp\/v2\/comments?post=35870"}],"wp:featuredmedia":[{"embeddable":true,"href":"https:\/\/mouldking.store\/fr\/wp-json\/wp\/v2\/media\/35871"}],"wp:attachment":[{"href":"https:\/\/mouldking.store\/fr\/wp-json\/wp\/v2\/media?parent=35870"}],"wp:term":[{"taxonomy":"product_cat","embeddable":true,"href":"https:\/\/mouldking.store\/fr\/wp-json\/wp\/v2\/product_cat?post=35870"},{"taxonomy":"product_tag","embeddable":true,"href":"https:\/\/mouldking.store\/fr\/wp-json\/wp\/v2\/product_tag?post=35870"}],"curies":[{"name":"wp","href":"https:\/\/api.w.org\/{rel}","templated":true}]}}