{"id":35938,"date":"2022-11-23T09:19:20","date_gmt":"2022-11-23T02:19:20","guid":{"rendered":"https:\/\/mouldking.store\/?post_type=product&#038;p=35938"},"modified":"2025-12-25T09:12:22","modified_gmt":"2025-12-25T02:12:22","slug":"moc-123192-hopper-wagon-brown-tanoos-896-with-613-pieces","status":"publish","type":"product","link":"https:\/\/mouldking.store\/fr\/shop\/moc-123192-hopper-wagon-brown-tanoos-896-with-613-pieces\/","title":{"rendered":"MOC-123192 Wagon Tr\u00e9mie Marron (Tanoos 896) Avec 613 Pi\u00e8ces"},"content":{"rendered":"<p>Information produit:<\/p>\n<ol>\n<li>Marque : MOC<\/li>\n<li>Genre: Unisexe<\/li>\n<li>Name: Devil May Hare Tasmanian Devil Taz<\/li>\n<li>Tranche d&#039;\u00e2ge : &gt; 6 ans<\/li>\n<li>Model Number: 123192<\/li>\n<li>Classement : Assemblage<\/li>\n<li>Forme de bloc en plastique\u00a0: briques autobloquantes<\/li>\n<li>Mat\u00e9riel: Plastique<\/li>\n<li>Type de plastique : ABS<\/li>\n<li>Bricks Blocks:613 PCS<\/li>\n<li>Size: \u00a035 x 5 x 9.6 cm<\/li>\n<li>Weight:0.43 kg<\/li>\n<li>Contient des instructions de montage d\u00e9taill\u00e9es.<\/li>\n<\/ol>\n<p>Avis:<br \/>\n1. Sans bo\u00eete d&#039;origine, mais nous garantissons que nos produits ont une assurance qualit\u00e9 et un bel emballage.<br \/>\n2. Comme toutes les pi\u00e8ces que nous avons v\u00e9rifi\u00e9es avant l&#039;exp\u00e9dition, donc si vous trouvez des pi\u00e8ces manquantes ou endommag\u00e9es, ne vous inqui\u00e9tez pas et veuillez nous contacter et nous pouvons vous les renvoyer imm\u00e9diatement gratuitement.<\/p>\n<figure id=\"attachment_35941\" aria-describedby=\"caption-attachment-35941\" style=\"width: 730px\" class=\"wp-caption aligncenter\"><img fetchpriority=\"high\" decoding=\"async\" class=\"wp-image-35941 size-full\" src=\"https:\/\/mouldking.store\/wp-content\/uploads\/2022\/11\/MOC-123192-Technic-Hopper-Wagon-Brown-Tanoos-896-MOC-FACTORY.png\" alt=\"MOC-123192 Hopper Wagon Brown (Tanoos 896) With 613 Pieces\" width=\"730\" height=\"730\" title=\"-\" srcset=\"https:\/\/mouldking.store\/wp-content\/uploads\/2022\/11\/MOC-123192-Technic-Hopper-Wagon-Brown-Tanoos-896-MOC-FACTORY.png 730w, https:\/\/mouldking.store\/wp-content\/uploads\/2022\/11\/MOC-123192-Technic-Hopper-Wagon-Brown-Tanoos-896-MOC-FACTORY-300x300.png 300w, https:\/\/mouldking.store\/wp-content\/uploads\/2022\/11\/MOC-123192-Technic-Hopper-Wagon-Brown-Tanoos-896-MOC-FACTORY-600x600.png 600w, https:\/\/mouldking.store\/wp-content\/uploads\/2022\/11\/MOC-123192-Technic-Hopper-Wagon-Brown-Tanoos-896-MOC-FACTORY-150x150.png 150w, https:\/\/mouldking.store\/wp-content\/uploads\/2022\/11\/MOC-123192-Technic-Hopper-Wagon-Brown-Tanoos-896-MOC-FACTORY-60x60.png 60w, https:\/\/mouldking.store\/wp-content\/uploads\/2022\/11\/MOC-123192-Technic-Hopper-Wagon-Brown-Tanoos-896-MOC-FACTORY-90x90.png 90w\" sizes=\"(max-width: 730px) 100vw, 730px\" \/><figcaption id=\"caption-attachment-35941\" class=\"wp-caption-text\">MOC-123192 Wagon Tr\u00e9mie Marron (Tanoos 896) Avec 613 Pi\u00e8ces<\/figcaption><\/figure>\n<figure id=\"attachment_35942\" aria-describedby=\"caption-attachment-35942\" style=\"width: 1000px\" class=\"wp-caption aligncenter\"><img decoding=\"async\" class=\"wp-image-35942 size-full\" src=\"https:\/\/mouldking.store\/wp-content\/uploads\/2022\/11\/MOC-123192-Hopper-wagon-brown-Tanoos-896-4.jpg\" alt=\"MOC-123192 Hopper Wagon Brown (Tanoos 896) With 613 Pieces\" width=\"1000\" height=\"1000\" title=\"-\" srcset=\"https:\/\/mouldking.store\/wp-content\/uploads\/2022\/11\/MOC-123192-Hopper-wagon-brown-Tanoos-896-4.jpg 1000w, https:\/\/mouldking.store\/wp-content\/uploads\/2022\/11\/MOC-123192-Hopper-wagon-brown-Tanoos-896-4-300x300.jpg 300w, https:\/\/mouldking.store\/wp-content\/uploads\/2022\/11\/MOC-123192-Hopper-wagon-brown-Tanoos-896-4-768x768.jpg 768w, https:\/\/mouldking.store\/wp-content\/uploads\/2022\/11\/MOC-123192-Hopper-wagon-brown-Tanoos-896-4-600x600.jpg 600w, https:\/\/mouldking.store\/wp-content\/uploads\/2022\/11\/MOC-123192-Hopper-wagon-brown-Tanoos-896-4-150x150.jpg 150w, https:\/\/mouldking.store\/wp-content\/uploads\/2022\/11\/MOC-123192-Hopper-wagon-brown-Tanoos-896-4-60x60.jpg 60w, https:\/\/mouldking.store\/wp-content\/uploads\/2022\/11\/MOC-123192-Hopper-wagon-brown-Tanoos-896-4-90x90.jpg 90w\" sizes=\"(max-width: 1000px) 100vw, 1000px\" \/><figcaption id=\"caption-attachment-35942\" class=\"wp-caption-text\">MOC-123192 Wagon Tr\u00e9mie Marron (Tanoos 896) Avec 613 Pi\u00e8ces<\/figcaption><\/figure>\n<figure id=\"attachment_35943\" aria-describedby=\"caption-attachment-35943\" style=\"width: 1000px\" class=\"wp-caption aligncenter\"><img decoding=\"async\" class=\"wp-image-35943 size-full\" src=\"https:\/\/mouldking.store\/wp-content\/uploads\/2022\/11\/MOC-123192-Hopper-wagon-brown-Tanoos-896-3.jpg\" alt=\"MOC-123192 Hopper Wagon Brown (Tanoos 896) With 613 Pieces\" width=\"1000\" height=\"1000\" title=\"-\" srcset=\"https:\/\/mouldking.store\/wp-content\/uploads\/2022\/11\/MOC-123192-Hopper-wagon-brown-Tanoos-896-3.jpg 1000w, https:\/\/mouldking.store\/wp-content\/uploads\/2022\/11\/MOC-123192-Hopper-wagon-brown-Tanoos-896-3-300x300.jpg 300w, https:\/\/mouldking.store\/wp-content\/uploads\/2022\/11\/MOC-123192-Hopper-wagon-brown-Tanoos-896-3-768x768.jpg 768w, https:\/\/mouldking.store\/wp-content\/uploads\/2022\/11\/MOC-123192-Hopper-wagon-brown-Tanoos-896-3-600x600.jpg 600w, https:\/\/mouldking.store\/wp-content\/uploads\/2022\/11\/MOC-123192-Hopper-wagon-brown-Tanoos-896-3-150x150.jpg 150w, https:\/\/mouldking.store\/wp-content\/uploads\/2022\/11\/MOC-123192-Hopper-wagon-brown-Tanoos-896-3-60x60.jpg 60w, https:\/\/mouldking.store\/wp-content\/uploads\/2022\/11\/MOC-123192-Hopper-wagon-brown-Tanoos-896-3-90x90.jpg 90w\" sizes=\"(max-width: 1000px) 100vw, 1000px\" \/><figcaption id=\"caption-attachment-35943\" class=\"wp-caption-text\">MOC-123192 Wagon Tr\u00e9mie Marron (Tanoos 896) Avec 613 Pi\u00e8ces<\/figcaption><\/figure>\n<figure id=\"attachment_35944\" aria-describedby=\"caption-attachment-35944\" style=\"width: 1000px\" class=\"wp-caption aligncenter\"><img loading=\"lazy\" decoding=\"async\" class=\"wp-image-35944 size-full\" src=\"https:\/\/mouldking.store\/wp-content\/uploads\/2022\/11\/MOC-123192-Hopper-wagon-brown-Tanoos-896-2.jpg\" alt=\"MOC-123192 Hopper Wagon Brown (Tanoos 896) With 613 Pieces\" width=\"1000\" height=\"1000\" title=\"-\" srcset=\"https:\/\/mouldking.store\/wp-content\/uploads\/2022\/11\/MOC-123192-Hopper-wagon-brown-Tanoos-896-2.jpg 1000w, https:\/\/mouldking.store\/wp-content\/uploads\/2022\/11\/MOC-123192-Hopper-wagon-brown-Tanoos-896-2-300x300.jpg 300w, https:\/\/mouldking.store\/wp-content\/uploads\/2022\/11\/MOC-123192-Hopper-wagon-brown-Tanoos-896-2-768x768.jpg 768w, https:\/\/mouldking.store\/wp-content\/uploads\/2022\/11\/MOC-123192-Hopper-wagon-brown-Tanoos-896-2-600x600.jpg 600w, https:\/\/mouldking.store\/wp-content\/uploads\/2022\/11\/MOC-123192-Hopper-wagon-brown-Tanoos-896-2-150x150.jpg 150w, https:\/\/mouldking.store\/wp-content\/uploads\/2022\/11\/MOC-123192-Hopper-wagon-brown-Tanoos-896-2-60x60.jpg 60w, https:\/\/mouldking.store\/wp-content\/uploads\/2022\/11\/MOC-123192-Hopper-wagon-brown-Tanoos-896-2-90x90.jpg 90w\" sizes=\"(max-width: 1000px) 100vw, 1000px\" \/><figcaption id=\"caption-attachment-35944\" class=\"wp-caption-text\">MOC-123192 Wagon Tr\u00e9mie Marron (Tanoos 896) Avec 613 Pi\u00e8ces<\/figcaption><\/figure>\n<figure id=\"attachment_35945\" aria-describedby=\"caption-attachment-35945\" style=\"width: 710px\" class=\"wp-caption aligncenter\"><img loading=\"lazy\" decoding=\"async\" class=\"wp-image-35945 size-full\" src=\"https:\/\/mouldking.store\/wp-content\/uploads\/2022\/11\/MOC-123192-Hopper-wagon-brown-Tanoos-896-1.jpg\" alt=\"MOC-123192 Hopper Wagon Brown (Tanoos 896) With 613 Pieces\" width=\"710\" height=\"1200\" title=\"-\" srcset=\"https:\/\/mouldking.store\/wp-content\/uploads\/2022\/11\/MOC-123192-Hopper-wagon-brown-Tanoos-896-1.jpg 710w, https:\/\/mouldking.store\/wp-content\/uploads\/2022\/11\/MOC-123192-Hopper-wagon-brown-Tanoos-896-1-178x300.jpg 178w, https:\/\/mouldking.store\/wp-content\/uploads\/2022\/11\/MOC-123192-Hopper-wagon-brown-Tanoos-896-1-606x1024.jpg 606w, https:\/\/mouldking.store\/wp-content\/uploads\/2022\/11\/MOC-123192-Hopper-wagon-brown-Tanoos-896-1-300x507.jpg 300w, https:\/\/mouldking.store\/wp-content\/uploads\/2022\/11\/MOC-123192-Hopper-wagon-brown-Tanoos-896-1-600x1014.jpg 600w, https:\/\/mouldking.store\/wp-content\/uploads\/2022\/11\/MOC-123192-Hopper-wagon-brown-Tanoos-896-1-89x150.jpg 89w, https:\/\/mouldking.store\/wp-content\/uploads\/2022\/11\/MOC-123192-Hopper-wagon-brown-Tanoos-896-1-36x60.jpg 36w, https:\/\/mouldking.store\/wp-content\/uploads\/2022\/11\/MOC-123192-Hopper-wagon-brown-Tanoos-896-1-53x90.jpg 53w\" sizes=\"(max-width: 710px) 100vw, 710px\" \/><figcaption id=\"caption-attachment-35945\" class=\"wp-caption-text\">MOC-123192 Wagon Tr\u00e9mie Marron (Tanoos 896) Avec 613 Pi\u00e8ces<\/figcaption><\/figure>","protected":false},"excerpt":{"rendered":"<p>Product information: Brand: MOC Gender: Unisex Name: Devil May Hare Tasmanian Devil Taz Age Range: &gt; 6 years old Model Number: 123192 Classification: Assemblage Plastic Block Shape: Self-Locking Bricks Material: Plastic Plastic Type: ABS Bricks Blocks:613 PCS Size: \u00a035 x 5 x 9.6 cm Weight:0.43 kg Contains detailed assembly instructions. Notice: 1. Without an original [&hellip;]<\/p>","protected":false},"featured_media":35941,"comment_status":"closed","ping_status":"closed","template":"","meta":{"_acf_changed":false},"product_cat":[1357],"product_tag":[8055,8054,8053,8057,8052,8058,8051,8056,2310],"class_list":["product","first","instock","shipping-taxable","purchasable","product-type-simple"],"acf":[],"_links":{"self":[{"href":"https:\/\/mouldking.store\/fr\/wp-json\/wp\/v2\/product\/35938","targetHints":{"allow":["GET"]}}],"collection":[{"href":"https:\/\/mouldking.store\/fr\/wp-json\/wp\/v2\/product"}],"about":[{"href":"https:\/\/mouldking.store\/fr\/wp-json\/wp\/v2\/types\/product"}],"replies":[{"embeddable":true,"href":"https:\/\/mouldking.store\/fr\/wp-json\/wp\/v2\/comments?post=35938"}],"wp:featuredmedia":[{"embeddable":true,"href":"https:\/\/mouldking.store\/fr\/wp-json\/wp\/v2\/media\/35941"}],"wp:attachment":[{"href":"https:\/\/mouldking.store\/fr\/wp-json\/wp\/v2\/media?parent=35938"}],"wp:term":[{"taxonomy":"product_cat","embeddable":true,"href":"https:\/\/mouldking.store\/fr\/wp-json\/wp\/v2\/product_cat?post=35938"},{"taxonomy":"product_tag","embeddable":true,"href":"https:\/\/mouldking.store\/fr\/wp-json\/wp\/v2\/product_tag?post=35938"}],"curies":[{"name":"wp","href":"https:\/\/api.w.org\/{rel}","templated":true}]}}