{"id":35959,"date":"2022-11-23T09:39:22","date_gmt":"2022-11-23T02:39:22","guid":{"rendered":"https:\/\/mouldking.store\/?post_type=product&#038;p=35959"},"modified":"2025-12-25T09:12:22","modified_gmt":"2025-12-25T02:12:22","slug":"moc-89551-the-walking-dead-van-dales-rv-with-724-pieces","status":"publish","type":"product","link":"https:\/\/mouldking.store\/fr\/shop\/moc-89551-the-walking-dead-van-dales-rv-with-724-pieces\/","title":{"rendered":"MOC-89551 The Walking Dead Van : RV de Dale avec 724 pi\u00e8ces"},"content":{"rendered":"<p>Information produit:<\/p>\n<ol>\n<li>Marque : MOC<\/li>\n<li>Genre: Unisexe<\/li>\n<li>Name: The Walking Dead Van: Dale\u2019s RV<\/li>\n<li>Tranche d&#039;\u00e2ge : &gt; 6 ans<\/li>\n<li>Model Number: 89551<\/li>\n<li>Classement : Assemblage<\/li>\n<li>Forme de bloc en plastique\u00a0: briques autobloquantes<\/li>\n<li>Mat\u00e9riel: Plastique<\/li>\n<li>Type de plastique : ABS<\/li>\n<li>Bricks Blocks:724 PCS<\/li>\n<li>Size: 24.8 x 12.4 x 15.2 cm<\/li>\n<li>Weight:0.43 kg<\/li>\n<li>Contient des instructions de montage d\u00e9taill\u00e9es.<\/li>\n<\/ol>\n<p>Avis:<br \/>\n1. Sans bo\u00eete d&#039;origine, mais nous garantissons que nos produits ont une assurance qualit\u00e9 et un bel emballage.<br \/>\n2. Comme toutes les pi\u00e8ces que nous avons v\u00e9rifi\u00e9es avant l&#039;exp\u00e9dition, donc si vous trouvez des pi\u00e8ces manquantes ou endommag\u00e9es, ne vous inqui\u00e9tez pas et veuillez nous contacter et nous pouvons vous les renvoyer imm\u00e9diatement gratuitement.<\/p>\n<figure id=\"attachment_35960\" aria-describedby=\"caption-attachment-35960\" style=\"width: 730px\" class=\"wp-caption aligncenter\"><img fetchpriority=\"high\" decoding=\"async\" class=\"wp-image-35960 size-full\" src=\"https:\/\/mouldking.store\/wp-content\/uploads\/2022\/11\/MOC-89551-Technic-The-Walking-Dead-Van-Dales-RV-MOC-FACTORY.png\" alt=\"MOC-89551 The Walking Dead Van: Dale\u2019s RV With 724 Pieces\" width=\"730\" height=\"730\" title=\"-\" srcset=\"https:\/\/mouldking.store\/wp-content\/uploads\/2022\/11\/MOC-89551-Technic-The-Walking-Dead-Van-Dales-RV-MOC-FACTORY.png 730w, https:\/\/mouldking.store\/wp-content\/uploads\/2022\/11\/MOC-89551-Technic-The-Walking-Dead-Van-Dales-RV-MOC-FACTORY-300x300.png 300w, https:\/\/mouldking.store\/wp-content\/uploads\/2022\/11\/MOC-89551-Technic-The-Walking-Dead-Van-Dales-RV-MOC-FACTORY-600x600.png 600w, https:\/\/mouldking.store\/wp-content\/uploads\/2022\/11\/MOC-89551-Technic-The-Walking-Dead-Van-Dales-RV-MOC-FACTORY-150x150.png 150w, https:\/\/mouldking.store\/wp-content\/uploads\/2022\/11\/MOC-89551-Technic-The-Walking-Dead-Van-Dales-RV-MOC-FACTORY-60x60.png 60w, https:\/\/mouldking.store\/wp-content\/uploads\/2022\/11\/MOC-89551-Technic-The-Walking-Dead-Van-Dales-RV-MOC-FACTORY-90x90.png 90w\" sizes=\"(max-width: 730px) 100vw, 730px\" \/><figcaption id=\"caption-attachment-35960\" class=\"wp-caption-text\">MOC-89551 The Walking Dead Van : RV de Dale avec 724 pi\u00e8ces<\/figcaption><\/figure>\n<figure id=\"attachment_35961\" aria-describedby=\"caption-attachment-35961\" style=\"width: 1000px\" class=\"wp-caption aligncenter\"><img decoding=\"async\" class=\"wp-image-35961 size-full\" src=\"https:\/\/mouldking.store\/wp-content\/uploads\/2022\/11\/MOC-The-Walking-Dead-Van-7.jpg\" alt=\"MOC-89551 The Walking Dead Van: Dale\u2019s RV With 724 Pieces\" width=\"1000\" height=\"1000\" title=\"-\" srcset=\"https:\/\/mouldking.store\/wp-content\/uploads\/2022\/11\/MOC-The-Walking-Dead-Van-7.jpg 1000w, https:\/\/mouldking.store\/wp-content\/uploads\/2022\/11\/MOC-The-Walking-Dead-Van-7-300x300.jpg 300w, https:\/\/mouldking.store\/wp-content\/uploads\/2022\/11\/MOC-The-Walking-Dead-Van-7-768x768.jpg 768w, https:\/\/mouldking.store\/wp-content\/uploads\/2022\/11\/MOC-The-Walking-Dead-Van-7-600x600.jpg 600w, https:\/\/mouldking.store\/wp-content\/uploads\/2022\/11\/MOC-The-Walking-Dead-Van-7-150x150.jpg 150w, https:\/\/mouldking.store\/wp-content\/uploads\/2022\/11\/MOC-The-Walking-Dead-Van-7-60x60.jpg 60w, https:\/\/mouldking.store\/wp-content\/uploads\/2022\/11\/MOC-The-Walking-Dead-Van-7-90x90.jpg 90w\" sizes=\"(max-width: 1000px) 100vw, 1000px\" \/><figcaption id=\"caption-attachment-35961\" class=\"wp-caption-text\">MOC-89551 The Walking Dead Van : RV de Dale avec 724 pi\u00e8ces<\/figcaption><\/figure>\n<figure id=\"attachment_35962\" aria-describedby=\"caption-attachment-35962\" style=\"width: 1000px\" class=\"wp-caption aligncenter\"><img decoding=\"async\" class=\"wp-image-35962 size-full\" src=\"https:\/\/mouldking.store\/wp-content\/uploads\/2022\/11\/MOC-The-Walking-Dead-Van-6.jpg\" alt=\"MOC-89551 The Walking Dead Van: Dale\u2019s RV With 724 Pieces\" width=\"1000\" height=\"1000\" title=\"-\" srcset=\"https:\/\/mouldking.store\/wp-content\/uploads\/2022\/11\/MOC-The-Walking-Dead-Van-6.jpg 1000w, https:\/\/mouldking.store\/wp-content\/uploads\/2022\/11\/MOC-The-Walking-Dead-Van-6-300x300.jpg 300w, https:\/\/mouldking.store\/wp-content\/uploads\/2022\/11\/MOC-The-Walking-Dead-Van-6-768x768.jpg 768w, https:\/\/mouldking.store\/wp-content\/uploads\/2022\/11\/MOC-The-Walking-Dead-Van-6-600x600.jpg 600w, https:\/\/mouldking.store\/wp-content\/uploads\/2022\/11\/MOC-The-Walking-Dead-Van-6-150x150.jpg 150w, https:\/\/mouldking.store\/wp-content\/uploads\/2022\/11\/MOC-The-Walking-Dead-Van-6-60x60.jpg 60w, https:\/\/mouldking.store\/wp-content\/uploads\/2022\/11\/MOC-The-Walking-Dead-Van-6-90x90.jpg 90w\" sizes=\"(max-width: 1000px) 100vw, 1000px\" \/><figcaption id=\"caption-attachment-35962\" class=\"wp-caption-text\">MOC-89551 The Walking Dead Van : RV de Dale avec 724 pi\u00e8ces<\/figcaption><\/figure>\n<figure id=\"attachment_35963\" aria-describedby=\"caption-attachment-35963\" style=\"width: 1000px\" class=\"wp-caption aligncenter\"><img loading=\"lazy\" decoding=\"async\" class=\"wp-image-35963 size-full\" src=\"https:\/\/mouldking.store\/wp-content\/uploads\/2022\/11\/MOC-The-Walking-Dead-Van-5.jpg\" alt=\"MOC-89551 The Walking Dead Van: Dale\u2019s RV With 724 Pieces\" width=\"1000\" height=\"1000\" title=\"-\" srcset=\"https:\/\/mouldking.store\/wp-content\/uploads\/2022\/11\/MOC-The-Walking-Dead-Van-5.jpg 1000w, https:\/\/mouldking.store\/wp-content\/uploads\/2022\/11\/MOC-The-Walking-Dead-Van-5-300x300.jpg 300w, https:\/\/mouldking.store\/wp-content\/uploads\/2022\/11\/MOC-The-Walking-Dead-Van-5-768x768.jpg 768w, https:\/\/mouldking.store\/wp-content\/uploads\/2022\/11\/MOC-The-Walking-Dead-Van-5-600x600.jpg 600w, https:\/\/mouldking.store\/wp-content\/uploads\/2022\/11\/MOC-The-Walking-Dead-Van-5-150x150.jpg 150w, https:\/\/mouldking.store\/wp-content\/uploads\/2022\/11\/MOC-The-Walking-Dead-Van-5-60x60.jpg 60w, https:\/\/mouldking.store\/wp-content\/uploads\/2022\/11\/MOC-The-Walking-Dead-Van-5-90x90.jpg 90w\" sizes=\"(max-width: 1000px) 100vw, 1000px\" \/><figcaption id=\"caption-attachment-35963\" class=\"wp-caption-text\">MOC-89551 The Walking Dead Van : RV de Dale avec 724 pi\u00e8ces<\/figcaption><\/figure>\n<figure id=\"attachment_35964\" aria-describedby=\"caption-attachment-35964\" style=\"width: 1000px\" class=\"wp-caption aligncenter\"><img loading=\"lazy\" decoding=\"async\" class=\"wp-image-35964 size-full\" src=\"https:\/\/mouldking.store\/wp-content\/uploads\/2022\/11\/MOC-The-Walking-Dead-Van-4.jpg\" alt=\"MOC-89551 The Walking Dead Van: Dale\u2019s RV With 724 Pieces\" width=\"1000\" height=\"1000\" title=\"-\" srcset=\"https:\/\/mouldking.store\/wp-content\/uploads\/2022\/11\/MOC-The-Walking-Dead-Van-4.jpg 1000w, https:\/\/mouldking.store\/wp-content\/uploads\/2022\/11\/MOC-The-Walking-Dead-Van-4-300x300.jpg 300w, https:\/\/mouldking.store\/wp-content\/uploads\/2022\/11\/MOC-The-Walking-Dead-Van-4-768x768.jpg 768w, https:\/\/mouldking.store\/wp-content\/uploads\/2022\/11\/MOC-The-Walking-Dead-Van-4-600x600.jpg 600w, https:\/\/mouldking.store\/wp-content\/uploads\/2022\/11\/MOC-The-Walking-Dead-Van-4-150x150.jpg 150w, https:\/\/mouldking.store\/wp-content\/uploads\/2022\/11\/MOC-The-Walking-Dead-Van-4-60x60.jpg 60w, https:\/\/mouldking.store\/wp-content\/uploads\/2022\/11\/MOC-The-Walking-Dead-Van-4-90x90.jpg 90w\" sizes=\"(max-width: 1000px) 100vw, 1000px\" \/><figcaption id=\"caption-attachment-35964\" class=\"wp-caption-text\">MOC-89551 The Walking Dead Van : RV de Dale avec 724 pi\u00e8ces<\/figcaption><\/figure>\n<figure id=\"attachment_35965\" aria-describedby=\"caption-attachment-35965\" style=\"width: 1000px\" class=\"wp-caption aligncenter\"><img loading=\"lazy\" decoding=\"async\" class=\"wp-image-35965 size-full\" src=\"https:\/\/mouldking.store\/wp-content\/uploads\/2022\/11\/MOC-The-Walking-Dead-Van-3.jpg\" alt=\"MOC-89551 The Walking Dead Van: Dale\u2019s RV With 724 Pieces\" width=\"1000\" height=\"1000\" title=\"-\" srcset=\"https:\/\/mouldking.store\/wp-content\/uploads\/2022\/11\/MOC-The-Walking-Dead-Van-3.jpg 1000w, https:\/\/mouldking.store\/wp-content\/uploads\/2022\/11\/MOC-The-Walking-Dead-Van-3-300x300.jpg 300w, https:\/\/mouldking.store\/wp-content\/uploads\/2022\/11\/MOC-The-Walking-Dead-Van-3-768x768.jpg 768w, https:\/\/mouldking.store\/wp-content\/uploads\/2022\/11\/MOC-The-Walking-Dead-Van-3-600x600.jpg 600w, https:\/\/mouldking.store\/wp-content\/uploads\/2022\/11\/MOC-The-Walking-Dead-Van-3-150x150.jpg 150w, https:\/\/mouldking.store\/wp-content\/uploads\/2022\/11\/MOC-The-Walking-Dead-Van-3-60x60.jpg 60w, https:\/\/mouldking.store\/wp-content\/uploads\/2022\/11\/MOC-The-Walking-Dead-Van-3-90x90.jpg 90w\" sizes=\"(max-width: 1000px) 100vw, 1000px\" \/><figcaption id=\"caption-attachment-35965\" class=\"wp-caption-text\">MOC-89551 The Walking Dead Van : RV de Dale avec 724 pi\u00e8ces<\/figcaption><\/figure>\n<figure id=\"attachment_35966\" aria-describedby=\"caption-attachment-35966\" style=\"width: 1000px\" class=\"wp-caption aligncenter\"><img loading=\"lazy\" decoding=\"async\" class=\"wp-image-35966 size-full\" src=\"https:\/\/mouldking.store\/wp-content\/uploads\/2022\/11\/MOC-The-Walking-Dead-Van-2.jpg\" alt=\"MOC-89551 The Walking Dead Van: Dale\u2019s RV With 724 Pieces\" width=\"1000\" height=\"1000\" title=\"-\" srcset=\"https:\/\/mouldking.store\/wp-content\/uploads\/2022\/11\/MOC-The-Walking-Dead-Van-2.jpg 1000w, https:\/\/mouldking.store\/wp-content\/uploads\/2022\/11\/MOC-The-Walking-Dead-Van-2-300x300.jpg 300w, https:\/\/mouldking.store\/wp-content\/uploads\/2022\/11\/MOC-The-Walking-Dead-Van-2-768x768.jpg 768w, https:\/\/mouldking.store\/wp-content\/uploads\/2022\/11\/MOC-The-Walking-Dead-Van-2-600x600.jpg 600w, https:\/\/mouldking.store\/wp-content\/uploads\/2022\/11\/MOC-The-Walking-Dead-Van-2-150x150.jpg 150w, https:\/\/mouldking.store\/wp-content\/uploads\/2022\/11\/MOC-The-Walking-Dead-Van-2-60x60.jpg 60w, https:\/\/mouldking.store\/wp-content\/uploads\/2022\/11\/MOC-The-Walking-Dead-Van-2-90x90.jpg 90w\" sizes=\"(max-width: 1000px) 100vw, 1000px\" \/><figcaption id=\"caption-attachment-35966\" class=\"wp-caption-text\">MOC-89551 The Walking Dead Van : RV de Dale avec 724 pi\u00e8ces<\/figcaption><\/figure>\n<figure id=\"attachment_35967\" aria-describedby=\"caption-attachment-35967\" style=\"width: 783px\" class=\"wp-caption aligncenter\"><img loading=\"lazy\" decoding=\"async\" class=\"wp-image-35967 size-full\" src=\"https:\/\/mouldking.store\/wp-content\/uploads\/2022\/11\/MOC-The-Walking-Dead-Van-1.jpg\" alt=\"MOC-89551 The Walking Dead Van: Dale\u2019s RV With 724 Pieces\" width=\"783\" height=\"1200\" title=\"-\" srcset=\"https:\/\/mouldking.store\/wp-content\/uploads\/2022\/11\/MOC-The-Walking-Dead-Van-1.jpg 783w, https:\/\/mouldking.store\/wp-content\/uploads\/2022\/11\/MOC-The-Walking-Dead-Van-1-196x300.jpg 196w, https:\/\/mouldking.store\/wp-content\/uploads\/2022\/11\/MOC-The-Walking-Dead-Van-1-668x1024.jpg 668w, https:\/\/mouldking.store\/wp-content\/uploads\/2022\/11\/MOC-The-Walking-Dead-Van-1-768x1177.jpg 768w, https:\/\/mouldking.store\/wp-content\/uploads\/2022\/11\/MOC-The-Walking-Dead-Van-1-300x460.jpg 300w, https:\/\/mouldking.store\/wp-content\/uploads\/2022\/11\/MOC-The-Walking-Dead-Van-1-600x920.jpg 600w, https:\/\/mouldking.store\/wp-content\/uploads\/2022\/11\/MOC-The-Walking-Dead-Van-1-98x150.jpg 98w, https:\/\/mouldking.store\/wp-content\/uploads\/2022\/11\/MOC-The-Walking-Dead-Van-1-39x60.jpg 39w, https:\/\/mouldking.store\/wp-content\/uploads\/2022\/11\/MOC-The-Walking-Dead-Van-1-59x90.jpg 59w\" sizes=\"(max-width: 783px) 100vw, 783px\" \/><figcaption id=\"caption-attachment-35967\" class=\"wp-caption-text\">MOC-89551 The Walking Dead Van : RV de Dale avec 724 pi\u00e8ces<\/figcaption><\/figure>","protected":false},"excerpt":{"rendered":"<p>Product information: Brand: MOC Gender: Unisex Name: The Walking Dead Van: Dale\u2019s RV Age Range: &gt; 6 years old Model Number: 89551 Classification: Assemblage Plastic Block Shape: Self-Locking Bricks Material: Plastic Plastic Type: ABS Bricks Blocks:724 PCS Size: 24.8 x 12.4 x 15.2 cm Weight:0.43 kg Contains detailed assembly instructions. Notice: 1. Without an original [&hellip;]<\/p>","protected":false},"featured_media":35960,"comment_status":"closed","ping_status":"closed","template":"","meta":{"_acf_changed":false},"product_cat":[1357],"product_tag":[8067,8065,8069,8064,8066,8068],"class_list":["product","first","instock","shipping-taxable","purchasable","product-type-simple"],"acf":[],"_links":{"self":[{"href":"https:\/\/mouldking.store\/fr\/wp-json\/wp\/v2\/product\/35959","targetHints":{"allow":["GET"]}}],"collection":[{"href":"https:\/\/mouldking.store\/fr\/wp-json\/wp\/v2\/product"}],"about":[{"href":"https:\/\/mouldking.store\/fr\/wp-json\/wp\/v2\/types\/product"}],"replies":[{"embeddable":true,"href":"https:\/\/mouldking.store\/fr\/wp-json\/wp\/v2\/comments?post=35959"}],"wp:featuredmedia":[{"embeddable":true,"href":"https:\/\/mouldking.store\/fr\/wp-json\/wp\/v2\/media\/35960"}],"wp:attachment":[{"href":"https:\/\/mouldking.store\/fr\/wp-json\/wp\/v2\/media?parent=35959"}],"wp:term":[{"taxonomy":"product_cat","embeddable":true,"href":"https:\/\/mouldking.store\/fr\/wp-json\/wp\/v2\/product_cat?post=35959"},{"taxonomy":"product_tag","embeddable":true,"href":"https:\/\/mouldking.store\/fr\/wp-json\/wp\/v2\/product_tag?post=35959"}],"curies":[{"name":"wp","href":"https:\/\/api.w.org\/{rel}","templated":true}]}}