{"id":35991,"date":"2022-11-23T10:19:33","date_gmt":"2022-11-23T03:19:33","guid":{"rendered":"https:\/\/mouldking.store\/?post_type=product&#038;p=35991"},"modified":"2025-12-25T09:12:22","modified_gmt":"2025-12-25T02:12:22","slug":"moc-115701-captain-rex-phase-2-helmet-serie-with-891-pieces","status":"publish","type":"product","link":"https:\/\/mouldking.store\/fr\/shop\/moc-115701-captain-rex-phase-2-helmet-serie-with-891-pieces\/","title":{"rendered":"MOC-115701 Captain Rex \u2013 Phase 2 (Helmet Serie) avec 891 pi\u00e8ces"},"content":{"rendered":"<p>Information produit:<\/p>\n<ol>\n<li>Marque : MOC<\/li>\n<li>Genre: Unisexe<\/li>\n<li>Name: Captain Rex \u2013 Phase 2 (Helmet Serie)<\/li>\n<li>Tranche d&#039;\u00e2ge : &gt; 6 ans<\/li>\n<li>Model Number: 115701<\/li>\n<li>Classement : Assemblage<\/li>\n<li>Forme de bloc en plastique\u00a0: briques autobloquantes<\/li>\n<li>Mat\u00e9riel: Plastique<\/li>\n<li>Type de plastique : ABS<\/li>\n<li>Bricks Blocks:891 PCS<\/li>\n<li>Size:13.2 x 12 x 23 cm<\/li>\n<li>Weight:0.67 kg<\/li>\n<li>Contient des instructions de montage d\u00e9taill\u00e9es.<\/li>\n<\/ol>\n<p>Avis:<br \/>\n1. Sans bo\u00eete d&#039;origine, mais nous garantissons que nos produits ont une assurance qualit\u00e9 et un bel emballage.<br \/>\n2. Comme toutes les pi\u00e8ces que nous avons v\u00e9rifi\u00e9es avant l&#039;exp\u00e9dition, donc si vous trouvez des pi\u00e8ces manquantes ou endommag\u00e9es, ne vous inqui\u00e9tez pas et veuillez nous contacter et nous pouvons vous les renvoyer imm\u00e9diatement gratuitement.<\/p>\n<figure id=\"attachment_35992\" aria-describedby=\"caption-attachment-35992\" style=\"width: 1024px\" class=\"wp-caption aligncenter\"><img fetchpriority=\"high\" decoding=\"async\" class=\"wp-image-35992 size-large\" src=\"https:\/\/mouldking.store\/wp-content\/uploads\/2022\/11\/MOC-115701-Star-Wars-Captain-Rex-\u2013-Phase-2-Helmet-Serie-MOC-FACTORY-1024x1024.png\" alt=\"MOC-115701 Captain Rex \u2013 Phase 2 (Helmet Serie) With 891 Pieces\" width=\"1024\" height=\"1024\" title=\"-\" srcset=\"https:\/\/mouldking.store\/wp-content\/uploads\/2022\/11\/MOC-115701-Star-Wars-Captain-Rex-\u2013-Phase-2-Helmet-Serie-MOC-FACTORY-1024x1024.png 1024w, https:\/\/mouldking.store\/wp-content\/uploads\/2022\/11\/MOC-115701-Star-Wars-Captain-Rex-\u2013-Phase-2-Helmet-Serie-MOC-FACTORY-300x300.png 300w, https:\/\/mouldking.store\/wp-content\/uploads\/2022\/11\/MOC-115701-Star-Wars-Captain-Rex-\u2013-Phase-2-Helmet-Serie-MOC-FACTORY-768x768.png 768w, https:\/\/mouldking.store\/wp-content\/uploads\/2022\/11\/MOC-115701-Star-Wars-Captain-Rex-\u2013-Phase-2-Helmet-Serie-MOC-FACTORY-600x600.png 600w, https:\/\/mouldking.store\/wp-content\/uploads\/2022\/11\/MOC-115701-Star-Wars-Captain-Rex-\u2013-Phase-2-Helmet-Serie-MOC-FACTORY-150x150.png 150w, https:\/\/mouldking.store\/wp-content\/uploads\/2022\/11\/MOC-115701-Star-Wars-Captain-Rex-\u2013-Phase-2-Helmet-Serie-MOC-FACTORY-60x60.png 60w, https:\/\/mouldking.store\/wp-content\/uploads\/2022\/11\/MOC-115701-Star-Wars-Captain-Rex-\u2013-Phase-2-Helmet-Serie-MOC-FACTORY-90x90.png 90w, https:\/\/mouldking.store\/wp-content\/uploads\/2022\/11\/MOC-115701-Star-Wars-Captain-Rex-\u2013-Phase-2-Helmet-Serie-MOC-FACTORY.png 1095w\" sizes=\"(max-width: 1024px) 100vw, 1024px\" \/><figcaption id=\"caption-attachment-35992\" class=\"wp-caption-text\">MOC-115701 Captain Rex \u2013 Phase 2 (Helmet Serie) avec 891 pi\u00e8ces<\/figcaption><\/figure>\n<figure id=\"attachment_35993\" aria-describedby=\"caption-attachment-35993\" style=\"width: 1000px\" class=\"wp-caption aligncenter\"><img decoding=\"async\" class=\"wp-image-35993 size-full\" src=\"https:\/\/mouldking.store\/wp-content\/uploads\/2022\/11\/MOC-115701-Star-Wars-Captain-Rex-Phase-2-Helmet-serie-7.jpg\" alt=\"MOC-115701 Captain Rex \u2013 Phase 2 (Helmet Serie) With 891 Pieces\" width=\"1000\" height=\"1000\" title=\"-\" srcset=\"https:\/\/mouldking.store\/wp-content\/uploads\/2022\/11\/MOC-115701-Star-Wars-Captain-Rex-Phase-2-Helmet-serie-7.jpg 1000w, https:\/\/mouldking.store\/wp-content\/uploads\/2022\/11\/MOC-115701-Star-Wars-Captain-Rex-Phase-2-Helmet-serie-7-300x300.jpg 300w, https:\/\/mouldking.store\/wp-content\/uploads\/2022\/11\/MOC-115701-Star-Wars-Captain-Rex-Phase-2-Helmet-serie-7-768x768.jpg 768w, https:\/\/mouldking.store\/wp-content\/uploads\/2022\/11\/MOC-115701-Star-Wars-Captain-Rex-Phase-2-Helmet-serie-7-600x600.jpg 600w, https:\/\/mouldking.store\/wp-content\/uploads\/2022\/11\/MOC-115701-Star-Wars-Captain-Rex-Phase-2-Helmet-serie-7-150x150.jpg 150w, https:\/\/mouldking.store\/wp-content\/uploads\/2022\/11\/MOC-115701-Star-Wars-Captain-Rex-Phase-2-Helmet-serie-7-60x60.jpg 60w, https:\/\/mouldking.store\/wp-content\/uploads\/2022\/11\/MOC-115701-Star-Wars-Captain-Rex-Phase-2-Helmet-serie-7-90x90.jpg 90w\" sizes=\"(max-width: 1000px) 100vw, 1000px\" \/><figcaption id=\"caption-attachment-35993\" class=\"wp-caption-text\">MOC-115701 Captain Rex \u2013 Phase 2 (Helmet Serie) avec 891 pi\u00e8ces<\/figcaption><\/figure>\n<figure id=\"attachment_35994\" aria-describedby=\"caption-attachment-35994\" style=\"width: 1000px\" class=\"wp-caption aligncenter\"><img decoding=\"async\" class=\"wp-image-35994 size-full\" src=\"https:\/\/mouldking.store\/wp-content\/uploads\/2022\/11\/MOC-115701-Star-Wars-Captain-Rex-Phase-2-Helmet-serie-6.jpg\" alt=\"MOC-115701 Captain Rex \u2013 Phase 2 (Helmet Serie) With 891 Pieces\" width=\"1000\" height=\"1000\" title=\"-\" srcset=\"https:\/\/mouldking.store\/wp-content\/uploads\/2022\/11\/MOC-115701-Star-Wars-Captain-Rex-Phase-2-Helmet-serie-6.jpg 1000w, https:\/\/mouldking.store\/wp-content\/uploads\/2022\/11\/MOC-115701-Star-Wars-Captain-Rex-Phase-2-Helmet-serie-6-300x300.jpg 300w, https:\/\/mouldking.store\/wp-content\/uploads\/2022\/11\/MOC-115701-Star-Wars-Captain-Rex-Phase-2-Helmet-serie-6-768x768.jpg 768w, https:\/\/mouldking.store\/wp-content\/uploads\/2022\/11\/MOC-115701-Star-Wars-Captain-Rex-Phase-2-Helmet-serie-6-600x600.jpg 600w, https:\/\/mouldking.store\/wp-content\/uploads\/2022\/11\/MOC-115701-Star-Wars-Captain-Rex-Phase-2-Helmet-serie-6-150x150.jpg 150w, https:\/\/mouldking.store\/wp-content\/uploads\/2022\/11\/MOC-115701-Star-Wars-Captain-Rex-Phase-2-Helmet-serie-6-60x60.jpg 60w, https:\/\/mouldking.store\/wp-content\/uploads\/2022\/11\/MOC-115701-Star-Wars-Captain-Rex-Phase-2-Helmet-serie-6-90x90.jpg 90w\" sizes=\"(max-width: 1000px) 100vw, 1000px\" \/><figcaption id=\"caption-attachment-35994\" class=\"wp-caption-text\">MOC-115701 Captain Rex \u2013 Phase 2 (Helmet Serie) avec 891 pi\u00e8ces<\/figcaption><\/figure>\n<figure id=\"attachment_35995\" aria-describedby=\"caption-attachment-35995\" style=\"width: 1000px\" class=\"wp-caption aligncenter\"><img loading=\"lazy\" decoding=\"async\" class=\"wp-image-35995 size-full\" src=\"https:\/\/mouldking.store\/wp-content\/uploads\/2022\/11\/MOC-115701-Star-Wars-Captain-Rex-Phase-2-Helmet-serie-5.jpg\" alt=\"MOC-115701 Captain Rex \u2013 Phase 2 (Helmet Serie) With 891 Pieces\" width=\"1000\" height=\"1000\" title=\"-\" srcset=\"https:\/\/mouldking.store\/wp-content\/uploads\/2022\/11\/MOC-115701-Star-Wars-Captain-Rex-Phase-2-Helmet-serie-5.jpg 1000w, https:\/\/mouldking.store\/wp-content\/uploads\/2022\/11\/MOC-115701-Star-Wars-Captain-Rex-Phase-2-Helmet-serie-5-300x300.jpg 300w, https:\/\/mouldking.store\/wp-content\/uploads\/2022\/11\/MOC-115701-Star-Wars-Captain-Rex-Phase-2-Helmet-serie-5-768x768.jpg 768w, https:\/\/mouldking.store\/wp-content\/uploads\/2022\/11\/MOC-115701-Star-Wars-Captain-Rex-Phase-2-Helmet-serie-5-600x600.jpg 600w, https:\/\/mouldking.store\/wp-content\/uploads\/2022\/11\/MOC-115701-Star-Wars-Captain-Rex-Phase-2-Helmet-serie-5-150x150.jpg 150w, https:\/\/mouldking.store\/wp-content\/uploads\/2022\/11\/MOC-115701-Star-Wars-Captain-Rex-Phase-2-Helmet-serie-5-60x60.jpg 60w, https:\/\/mouldking.store\/wp-content\/uploads\/2022\/11\/MOC-115701-Star-Wars-Captain-Rex-Phase-2-Helmet-serie-5-90x90.jpg 90w\" sizes=\"(max-width: 1000px) 100vw, 1000px\" \/><figcaption id=\"caption-attachment-35995\" class=\"wp-caption-text\">MOC-115701 Captain Rex \u2013 Phase 2 (Helmet Serie) avec 891 pi\u00e8ces<\/figcaption><\/figure>\n<figure id=\"attachment_35996\" aria-describedby=\"caption-attachment-35996\" style=\"width: 1000px\" class=\"wp-caption aligncenter\"><img loading=\"lazy\" decoding=\"async\" class=\"wp-image-35996 size-full\" src=\"https:\/\/mouldking.store\/wp-content\/uploads\/2022\/11\/MOC-115701-Star-Wars-Captain-Rex-Phase-2-Helmet-serie-4.jpg\" alt=\"MOC-115701 Captain Rex \u2013 Phase 2 (Helmet Serie) With 891 Pieces\" width=\"1000\" height=\"1000\" title=\"-\" srcset=\"https:\/\/mouldking.store\/wp-content\/uploads\/2022\/11\/MOC-115701-Star-Wars-Captain-Rex-Phase-2-Helmet-serie-4.jpg 1000w, https:\/\/mouldking.store\/wp-content\/uploads\/2022\/11\/MOC-115701-Star-Wars-Captain-Rex-Phase-2-Helmet-serie-4-300x300.jpg 300w, https:\/\/mouldking.store\/wp-content\/uploads\/2022\/11\/MOC-115701-Star-Wars-Captain-Rex-Phase-2-Helmet-serie-4-768x768.jpg 768w, https:\/\/mouldking.store\/wp-content\/uploads\/2022\/11\/MOC-115701-Star-Wars-Captain-Rex-Phase-2-Helmet-serie-4-600x600.jpg 600w, https:\/\/mouldking.store\/wp-content\/uploads\/2022\/11\/MOC-115701-Star-Wars-Captain-Rex-Phase-2-Helmet-serie-4-150x150.jpg 150w, https:\/\/mouldking.store\/wp-content\/uploads\/2022\/11\/MOC-115701-Star-Wars-Captain-Rex-Phase-2-Helmet-serie-4-60x60.jpg 60w, https:\/\/mouldking.store\/wp-content\/uploads\/2022\/11\/MOC-115701-Star-Wars-Captain-Rex-Phase-2-Helmet-serie-4-90x90.jpg 90w\" sizes=\"(max-width: 1000px) 100vw, 1000px\" \/><figcaption id=\"caption-attachment-35996\" class=\"wp-caption-text\">MOC-115701 Captain Rex \u2013 Phase 2 (Helmet Serie) avec 891 pi\u00e8ces<\/figcaption><\/figure>\n<figure id=\"attachment_35997\" aria-describedby=\"caption-attachment-35997\" style=\"width: 1000px\" class=\"wp-caption aligncenter\"><img loading=\"lazy\" decoding=\"async\" class=\"wp-image-35997 size-full\" src=\"https:\/\/mouldking.store\/wp-content\/uploads\/2022\/11\/MOC-115701-Star-Wars-Captain-Rex-Phase-2-Helmet-serie-3.jpg\" alt=\"MOC-115701 Captain Rex \u2013 Phase 2 (Helmet Serie) With 891 Pieces\" width=\"1000\" height=\"1000\" title=\"-\" srcset=\"https:\/\/mouldking.store\/wp-content\/uploads\/2022\/11\/MOC-115701-Star-Wars-Captain-Rex-Phase-2-Helmet-serie-3.jpg 1000w, https:\/\/mouldking.store\/wp-content\/uploads\/2022\/11\/MOC-115701-Star-Wars-Captain-Rex-Phase-2-Helmet-serie-3-300x300.jpg 300w, https:\/\/mouldking.store\/wp-content\/uploads\/2022\/11\/MOC-115701-Star-Wars-Captain-Rex-Phase-2-Helmet-serie-3-768x768.jpg 768w, https:\/\/mouldking.store\/wp-content\/uploads\/2022\/11\/MOC-115701-Star-Wars-Captain-Rex-Phase-2-Helmet-serie-3-600x600.jpg 600w, https:\/\/mouldking.store\/wp-content\/uploads\/2022\/11\/MOC-115701-Star-Wars-Captain-Rex-Phase-2-Helmet-serie-3-150x150.jpg 150w, https:\/\/mouldking.store\/wp-content\/uploads\/2022\/11\/MOC-115701-Star-Wars-Captain-Rex-Phase-2-Helmet-serie-3-60x60.jpg 60w, https:\/\/mouldking.store\/wp-content\/uploads\/2022\/11\/MOC-115701-Star-Wars-Captain-Rex-Phase-2-Helmet-serie-3-90x90.jpg 90w\" sizes=\"(max-width: 1000px) 100vw, 1000px\" \/><figcaption id=\"caption-attachment-35997\" class=\"wp-caption-text\">MOC-115701 Captain Rex \u2013 Phase 2 (Helmet Serie) avec 891 pi\u00e8ces<\/figcaption><\/figure>\n<figure id=\"attachment_35998\" aria-describedby=\"caption-attachment-35998\" style=\"width: 753px\" class=\"wp-caption aligncenter\"><img loading=\"lazy\" decoding=\"async\" class=\"wp-image-35998 size-large\" src=\"https:\/\/mouldking.store\/wp-content\/uploads\/2022\/11\/MOC-115701-Star-Wars-Captain-Rex-Phase-2-Helmet-serie-2-753x1024.jpg\" alt=\"MOC-115701 Captain Rex \u2013 Phase 2 (Helmet Serie) With 891 Pieces\" width=\"753\" height=\"1024\" title=\"-\" srcset=\"https:\/\/mouldking.store\/wp-content\/uploads\/2022\/11\/MOC-115701-Star-Wars-Captain-Rex-Phase-2-Helmet-serie-2-753x1024.jpg 753w, https:\/\/mouldking.store\/wp-content\/uploads\/2022\/11\/MOC-115701-Star-Wars-Captain-Rex-Phase-2-Helmet-serie-2-221x300.jpg 221w, https:\/\/mouldking.store\/wp-content\/uploads\/2022\/11\/MOC-115701-Star-Wars-Captain-Rex-Phase-2-Helmet-serie-2-768x1044.jpg 768w, https:\/\/mouldking.store\/wp-content\/uploads\/2022\/11\/MOC-115701-Star-Wars-Captain-Rex-Phase-2-Helmet-serie-2-300x408.jpg 300w, https:\/\/mouldking.store\/wp-content\/uploads\/2022\/11\/MOC-115701-Star-Wars-Captain-Rex-Phase-2-Helmet-serie-2-600x815.jpg 600w, https:\/\/mouldking.store\/wp-content\/uploads\/2022\/11\/MOC-115701-Star-Wars-Captain-Rex-Phase-2-Helmet-serie-2-110x150.jpg 110w, https:\/\/mouldking.store\/wp-content\/uploads\/2022\/11\/MOC-115701-Star-Wars-Captain-Rex-Phase-2-Helmet-serie-2-44x60.jpg 44w, https:\/\/mouldking.store\/wp-content\/uploads\/2022\/11\/MOC-115701-Star-Wars-Captain-Rex-Phase-2-Helmet-serie-2-66x90.jpg 66w, https:\/\/mouldking.store\/wp-content\/uploads\/2022\/11\/MOC-115701-Star-Wars-Captain-Rex-Phase-2-Helmet-serie-2.jpg 883w\" sizes=\"(max-width: 753px) 100vw, 753px\" \/><figcaption id=\"caption-attachment-35998\" class=\"wp-caption-text\">MOC-115701 Captain Rex \u2013 Phase 2 (Helmet Serie) avec 891 pi\u00e8ces<\/figcaption><\/figure>\n<figure id=\"attachment_35999\" aria-describedby=\"caption-attachment-35999\" style=\"width: 1000px\" class=\"wp-caption aligncenter\"><img loading=\"lazy\" decoding=\"async\" class=\"wp-image-35999 size-full\" src=\"https:\/\/mouldking.store\/wp-content\/uploads\/2022\/11\/MOC-115701-Star-Wars-Captain-Rex-Phase-2-Helmet-serie-1.jpg\" alt=\"MOC-115701 Captain Rex \u2013 Phase 2 (Helmet Serie) With 891 Pieces\" width=\"1000\" height=\"1000\" title=\"-\" srcset=\"https:\/\/mouldking.store\/wp-content\/uploads\/2022\/11\/MOC-115701-Star-Wars-Captain-Rex-Phase-2-Helmet-serie-1.jpg 1000w, https:\/\/mouldking.store\/wp-content\/uploads\/2022\/11\/MOC-115701-Star-Wars-Captain-Rex-Phase-2-Helmet-serie-1-300x300.jpg 300w, https:\/\/mouldking.store\/wp-content\/uploads\/2022\/11\/MOC-115701-Star-Wars-Captain-Rex-Phase-2-Helmet-serie-1-768x768.jpg 768w, https:\/\/mouldking.store\/wp-content\/uploads\/2022\/11\/MOC-115701-Star-Wars-Captain-Rex-Phase-2-Helmet-serie-1-600x600.jpg 600w, https:\/\/mouldking.store\/wp-content\/uploads\/2022\/11\/MOC-115701-Star-Wars-Captain-Rex-Phase-2-Helmet-serie-1-150x150.jpg 150w, https:\/\/mouldking.store\/wp-content\/uploads\/2022\/11\/MOC-115701-Star-Wars-Captain-Rex-Phase-2-Helmet-serie-1-60x60.jpg 60w, https:\/\/mouldking.store\/wp-content\/uploads\/2022\/11\/MOC-115701-Star-Wars-Captain-Rex-Phase-2-Helmet-serie-1-90x90.jpg 90w\" sizes=\"(max-width: 1000px) 100vw, 1000px\" \/><figcaption id=\"caption-attachment-35999\" class=\"wp-caption-text\">MOC-115701 Captain Rex \u2013 Phase 2 (Helmet Serie) avec 891 pi\u00e8ces<\/figcaption><\/figure>","protected":false},"excerpt":{"rendered":"<p>Product information: Brand: MOC Gender: Unisex Name: Captain Rex \u2013 Phase 2 (Helmet Serie) Age Range: &gt; 6 years old Model Number: 115701 Classification: Assemblage Plastic Block Shape: Self-Locking Bricks Material: Plastic Plastic Type: ABS Bricks Blocks:891 PCS Size:13.2 x 12 x 23 cm Weight:0.67 kg Contains detailed assembly instructions. Notice: 1. Without an original [&hellip;]<\/p>","protected":false},"featured_media":35992,"comment_status":"closed","ping_status":"closed","template":"","meta":{"_acf_changed":false},"product_cat":[1406,415],"product_tag":[8089,8092,8093,8091,8088,8094,8087,8090],"class_list":["product","first","instock","shipping-taxable","purchasable","product-type-simple"],"acf":[],"_links":{"self":[{"href":"https:\/\/mouldking.store\/fr\/wp-json\/wp\/v2\/product\/35991","targetHints":{"allow":["GET"]}}],"collection":[{"href":"https:\/\/mouldking.store\/fr\/wp-json\/wp\/v2\/product"}],"about":[{"href":"https:\/\/mouldking.store\/fr\/wp-json\/wp\/v2\/types\/product"}],"replies":[{"embeddable":true,"href":"https:\/\/mouldking.store\/fr\/wp-json\/wp\/v2\/comments?post=35991"}],"wp:featuredmedia":[{"embeddable":true,"href":"https:\/\/mouldking.store\/fr\/wp-json\/wp\/v2\/media\/35992"}],"wp:attachment":[{"href":"https:\/\/mouldking.store\/fr\/wp-json\/wp\/v2\/media?parent=35991"}],"wp:term":[{"taxonomy":"product_cat","embeddable":true,"href":"https:\/\/mouldking.store\/fr\/wp-json\/wp\/v2\/product_cat?post=35991"},{"taxonomy":"product_tag","embeddable":true,"href":"https:\/\/mouldking.store\/fr\/wp-json\/wp\/v2\/product_tag?post=35991"}],"curies":[{"name":"wp","href":"https:\/\/api.w.org\/{rel}","templated":true}]}}