{"id":36010,"date":"2022-11-23T10:45:35","date_gmt":"2022-11-23T03:45:35","guid":{"rendered":"https:\/\/mouldking.store\/?post_type=product&#038;p=36010"},"modified":"2025-12-25T09:12:21","modified_gmt":"2025-12-25T02:12:21","slug":"moc-104466-zenit-2-rocket%ef%bc%881110-scale-with-638-pieces","status":"publish","type":"product","link":"https:\/\/mouldking.store\/fr\/shop\/moc-104466-zenit-2-rocket%ef%bc%881110-scale-with-638-pieces\/","title":{"rendered":"MOC-104466 Zenit - 2 fus\u00e9es (\u00e9chelle 1:110) avec 638 pi\u00e8ces"},"content":{"rendered":"<p>Information produit:<\/p>\n<ol>\n<li>Marque : MOC<\/li>\n<li>Genre: Unisexe<\/li>\n<li>Name: Zenit \u2013 2 Rocket\uff081:110 Scale)<\/li>\n<li>Tranche d&#039;\u00e2ge : &gt; 6 ans<\/li>\n<li>Model Number: 104466<\/li>\n<li>Classement : Assemblage<\/li>\n<li>Forme de bloc en plastique\u00a0: briques autobloquantes<\/li>\n<li>Mat\u00e9riel: Plastique<\/li>\n<li>Type de plastique : ABS<\/li>\n<li>Bricks Blocks:638 PCS<\/li>\n<li>Size: 4.5 x 4.5 x 49.4 cm<\/li>\n<li>Weight:0.35 kg<\/li>\n<li>Contient des instructions de montage d\u00e9taill\u00e9es.<\/li>\n<\/ol>\n<p>Avis:<br \/>\n1. Sans bo\u00eete d&#039;origine, mais nous garantissons que nos produits ont une assurance qualit\u00e9 et un bel emballage.<br \/>\n2. Comme toutes les pi\u00e8ces que nous avons v\u00e9rifi\u00e9es avant l&#039;exp\u00e9dition, donc si vous trouvez des pi\u00e8ces manquantes ou endommag\u00e9es, ne vous inqui\u00e9tez pas et veuillez nous contacter et nous pouvons vous les renvoyer imm\u00e9diatement gratuitement.<\/p>\n<figure id=\"attachment_36011\" aria-describedby=\"caption-attachment-36011\" style=\"width: 1024px\" class=\"wp-caption aligncenter\"><img fetchpriority=\"high\" decoding=\"async\" class=\"wp-image-36011 size-large\" src=\"https:\/\/mouldking.store\/wp-content\/uploads\/2022\/11\/MOC-104466-Space-Zenit-\u2013-2-Rocket\uff081110-Scale-MOC-FACTOCRY-1024x1024.png\" alt=\"MOC-104466 Zenit \u2013 2 Rocket\uff081:110 Scale) With 638 Pieces\" width=\"1024\" height=\"1024\" title=\"-\" srcset=\"https:\/\/mouldking.store\/wp-content\/uploads\/2022\/11\/MOC-104466-Space-Zenit-\u2013-2-Rocket\uff081110-Scale-MOC-FACTOCRY-1024x1024.png 1024w, https:\/\/mouldking.store\/wp-content\/uploads\/2022\/11\/MOC-104466-Space-Zenit-\u2013-2-Rocket\uff081110-Scale-MOC-FACTOCRY-300x300.png 300w, https:\/\/mouldking.store\/wp-content\/uploads\/2022\/11\/MOC-104466-Space-Zenit-\u2013-2-Rocket\uff081110-Scale-MOC-FACTOCRY-768x768.png 768w, https:\/\/mouldking.store\/wp-content\/uploads\/2022\/11\/MOC-104466-Space-Zenit-\u2013-2-Rocket\uff081110-Scale-MOC-FACTOCRY-600x600.png 600w, https:\/\/mouldking.store\/wp-content\/uploads\/2022\/11\/MOC-104466-Space-Zenit-\u2013-2-Rocket\uff081110-Scale-MOC-FACTOCRY-150x150.png 150w, https:\/\/mouldking.store\/wp-content\/uploads\/2022\/11\/MOC-104466-Space-Zenit-\u2013-2-Rocket\uff081110-Scale-MOC-FACTOCRY-60x60.png 60w, https:\/\/mouldking.store\/wp-content\/uploads\/2022\/11\/MOC-104466-Space-Zenit-\u2013-2-Rocket\uff081110-Scale-MOC-FACTOCRY-90x90.png 90w, https:\/\/mouldking.store\/wp-content\/uploads\/2022\/11\/MOC-104466-Space-Zenit-\u2013-2-Rocket\uff081110-Scale-MOC-FACTOCRY.png 1095w\" sizes=\"(max-width: 1024px) 100vw, 1024px\" \/><figcaption id=\"caption-attachment-36011\" class=\"wp-caption-text\">MOC-104466 Zenit - 2 fus\u00e9es (\u00e9chelle 1:110) avec 638 pi\u00e8ces<\/figcaption><\/figure>\n<figure id=\"attachment_36012\" aria-describedby=\"caption-attachment-36012\" style=\"width: 1000px\" class=\"wp-caption aligncenter\"><img decoding=\"async\" class=\"wp-image-36012 size-full\" src=\"https:\/\/mouldking.store\/wp-content\/uploads\/2022\/11\/MOC-104466-Zenit-2-Rocket-7.jpg\" alt=\"MOC-104466 Zenit \u2013 2 Rocket\uff081:110 Scale) With 638 Pieces\" width=\"1000\" height=\"1000\" title=\"-\" srcset=\"https:\/\/mouldking.store\/wp-content\/uploads\/2022\/11\/MOC-104466-Zenit-2-Rocket-7.jpg 1000w, https:\/\/mouldking.store\/wp-content\/uploads\/2022\/11\/MOC-104466-Zenit-2-Rocket-7-300x300.jpg 300w, https:\/\/mouldking.store\/wp-content\/uploads\/2022\/11\/MOC-104466-Zenit-2-Rocket-7-768x768.jpg 768w, https:\/\/mouldking.store\/wp-content\/uploads\/2022\/11\/MOC-104466-Zenit-2-Rocket-7-600x600.jpg 600w, https:\/\/mouldking.store\/wp-content\/uploads\/2022\/11\/MOC-104466-Zenit-2-Rocket-7-150x150.jpg 150w, https:\/\/mouldking.store\/wp-content\/uploads\/2022\/11\/MOC-104466-Zenit-2-Rocket-7-60x60.jpg 60w, https:\/\/mouldking.store\/wp-content\/uploads\/2022\/11\/MOC-104466-Zenit-2-Rocket-7-90x90.jpg 90w\" sizes=\"(max-width: 1000px) 100vw, 1000px\" \/><figcaption id=\"caption-attachment-36012\" class=\"wp-caption-text\">MOC-104466 Zenit - 2 fus\u00e9es (\u00e9chelle 1:110) avec 638 pi\u00e8ces<\/figcaption><\/figure>\n<figure id=\"attachment_36013\" aria-describedby=\"caption-attachment-36013\" style=\"width: 1000px\" class=\"wp-caption aligncenter\"><img decoding=\"async\" class=\"wp-image-36013 size-full\" src=\"https:\/\/mouldking.store\/wp-content\/uploads\/2022\/11\/MOC-104466-Zenit-2-Rocket-6.jpg\" alt=\"MOC-104466 Zenit \u2013 2 Rocket\uff081:110 Scale) With 638 Pieces\" width=\"1000\" height=\"1000\" title=\"-\" srcset=\"https:\/\/mouldking.store\/wp-content\/uploads\/2022\/11\/MOC-104466-Zenit-2-Rocket-6.jpg 1000w, https:\/\/mouldking.store\/wp-content\/uploads\/2022\/11\/MOC-104466-Zenit-2-Rocket-6-300x300.jpg 300w, https:\/\/mouldking.store\/wp-content\/uploads\/2022\/11\/MOC-104466-Zenit-2-Rocket-6-768x768.jpg 768w, https:\/\/mouldking.store\/wp-content\/uploads\/2022\/11\/MOC-104466-Zenit-2-Rocket-6-600x600.jpg 600w, https:\/\/mouldking.store\/wp-content\/uploads\/2022\/11\/MOC-104466-Zenit-2-Rocket-6-150x150.jpg 150w, https:\/\/mouldking.store\/wp-content\/uploads\/2022\/11\/MOC-104466-Zenit-2-Rocket-6-60x60.jpg 60w, https:\/\/mouldking.store\/wp-content\/uploads\/2022\/11\/MOC-104466-Zenit-2-Rocket-6-90x90.jpg 90w\" sizes=\"(max-width: 1000px) 100vw, 1000px\" \/><figcaption id=\"caption-attachment-36013\" class=\"wp-caption-text\">MOC-104466 Zenit - 2 fus\u00e9es (\u00e9chelle 1:110) avec 638 pi\u00e8ces<\/figcaption><\/figure>\n<figure id=\"attachment_36014\" aria-describedby=\"caption-attachment-36014\" style=\"width: 1000px\" class=\"wp-caption aligncenter\"><img loading=\"lazy\" decoding=\"async\" class=\"wp-image-36014 size-full\" src=\"https:\/\/mouldking.store\/wp-content\/uploads\/2022\/11\/MOC-104466-Zenit-2-Rocket-5.jpg\" alt=\"MOC-104466 Zenit \u2013 2 Rocket\uff081:110 Scale) With 638 Pieces\" width=\"1000\" height=\"1000\" title=\"-\" srcset=\"https:\/\/mouldking.store\/wp-content\/uploads\/2022\/11\/MOC-104466-Zenit-2-Rocket-5.jpg 1000w, https:\/\/mouldking.store\/wp-content\/uploads\/2022\/11\/MOC-104466-Zenit-2-Rocket-5-300x300.jpg 300w, https:\/\/mouldking.store\/wp-content\/uploads\/2022\/11\/MOC-104466-Zenit-2-Rocket-5-768x768.jpg 768w, https:\/\/mouldking.store\/wp-content\/uploads\/2022\/11\/MOC-104466-Zenit-2-Rocket-5-600x600.jpg 600w, https:\/\/mouldking.store\/wp-content\/uploads\/2022\/11\/MOC-104466-Zenit-2-Rocket-5-150x150.jpg 150w, https:\/\/mouldking.store\/wp-content\/uploads\/2022\/11\/MOC-104466-Zenit-2-Rocket-5-60x60.jpg 60w, https:\/\/mouldking.store\/wp-content\/uploads\/2022\/11\/MOC-104466-Zenit-2-Rocket-5-90x90.jpg 90w\" sizes=\"(max-width: 1000px) 100vw, 1000px\" \/><figcaption id=\"caption-attachment-36014\" class=\"wp-caption-text\">MOC-104466 Zenit - 2 fus\u00e9es (\u00e9chelle 1:110) avec 638 pi\u00e8ces<\/figcaption><\/figure>\n<figure id=\"attachment_36015\" aria-describedby=\"caption-attachment-36015\" style=\"width: 1000px\" class=\"wp-caption aligncenter\"><img loading=\"lazy\" decoding=\"async\" class=\"wp-image-36015 size-full\" src=\"https:\/\/mouldking.store\/wp-content\/uploads\/2022\/11\/MOC-104466-Zenit-2-Rocket-4.jpg\" alt=\"MOC-104466 Zenit \u2013 2 Rocket\uff081:110 Scale) With 638 Pieces\" width=\"1000\" height=\"1000\" title=\"-\" srcset=\"https:\/\/mouldking.store\/wp-content\/uploads\/2022\/11\/MOC-104466-Zenit-2-Rocket-4.jpg 1000w, https:\/\/mouldking.store\/wp-content\/uploads\/2022\/11\/MOC-104466-Zenit-2-Rocket-4-300x300.jpg 300w, https:\/\/mouldking.store\/wp-content\/uploads\/2022\/11\/MOC-104466-Zenit-2-Rocket-4-768x768.jpg 768w, https:\/\/mouldking.store\/wp-content\/uploads\/2022\/11\/MOC-104466-Zenit-2-Rocket-4-600x600.jpg 600w, https:\/\/mouldking.store\/wp-content\/uploads\/2022\/11\/MOC-104466-Zenit-2-Rocket-4-150x150.jpg 150w, https:\/\/mouldking.store\/wp-content\/uploads\/2022\/11\/MOC-104466-Zenit-2-Rocket-4-60x60.jpg 60w, https:\/\/mouldking.store\/wp-content\/uploads\/2022\/11\/MOC-104466-Zenit-2-Rocket-4-90x90.jpg 90w\" sizes=\"(max-width: 1000px) 100vw, 1000px\" \/><figcaption id=\"caption-attachment-36015\" class=\"wp-caption-text\">MOC-104466 Zenit - 2 fus\u00e9es (\u00e9chelle 1:110) avec 638 pi\u00e8ces<\/figcaption><\/figure>\n<figure id=\"attachment_36016\" aria-describedby=\"caption-attachment-36016\" style=\"width: 1000px\" class=\"wp-caption aligncenter\"><img loading=\"lazy\" decoding=\"async\" class=\"wp-image-36016 size-full\" src=\"https:\/\/mouldking.store\/wp-content\/uploads\/2022\/11\/MOC-104466-Zenit-2-Rocket-3.jpg\" alt=\"MOC-104466 Zenit \u2013 2 Rocket\uff081:110 Scale) With 638 Pieces\" width=\"1000\" height=\"1000\" title=\"-\" srcset=\"https:\/\/mouldking.store\/wp-content\/uploads\/2022\/11\/MOC-104466-Zenit-2-Rocket-3.jpg 1000w, https:\/\/mouldking.store\/wp-content\/uploads\/2022\/11\/MOC-104466-Zenit-2-Rocket-3-300x300.jpg 300w, https:\/\/mouldking.store\/wp-content\/uploads\/2022\/11\/MOC-104466-Zenit-2-Rocket-3-768x768.jpg 768w, https:\/\/mouldking.store\/wp-content\/uploads\/2022\/11\/MOC-104466-Zenit-2-Rocket-3-600x600.jpg 600w, https:\/\/mouldking.store\/wp-content\/uploads\/2022\/11\/MOC-104466-Zenit-2-Rocket-3-150x150.jpg 150w, https:\/\/mouldking.store\/wp-content\/uploads\/2022\/11\/MOC-104466-Zenit-2-Rocket-3-60x60.jpg 60w, https:\/\/mouldking.store\/wp-content\/uploads\/2022\/11\/MOC-104466-Zenit-2-Rocket-3-90x90.jpg 90w\" sizes=\"(max-width: 1000px) 100vw, 1000px\" \/><figcaption id=\"caption-attachment-36016\" class=\"wp-caption-text\">MOC-104466 Zenit - 2 fus\u00e9es (\u00e9chelle 1:110) avec 638 pi\u00e8ces<\/figcaption><\/figure>\n<figure id=\"attachment_36017\" aria-describedby=\"caption-attachment-36017\" style=\"width: 1000px\" class=\"wp-caption aligncenter\"><img loading=\"lazy\" decoding=\"async\" class=\"wp-image-36017 size-full\" src=\"https:\/\/mouldking.store\/wp-content\/uploads\/2022\/11\/MOC-104466-Zenit-2-Rocket-2.jpg\" alt=\"MOC-104466 Zenit \u2013 2 Rocket\uff081:110 Scale) With 638 Pieces\" width=\"1000\" height=\"1000\" title=\"-\" srcset=\"https:\/\/mouldking.store\/wp-content\/uploads\/2022\/11\/MOC-104466-Zenit-2-Rocket-2.jpg 1000w, https:\/\/mouldking.store\/wp-content\/uploads\/2022\/11\/MOC-104466-Zenit-2-Rocket-2-300x300.jpg 300w, https:\/\/mouldking.store\/wp-content\/uploads\/2022\/11\/MOC-104466-Zenit-2-Rocket-2-768x768.jpg 768w, https:\/\/mouldking.store\/wp-content\/uploads\/2022\/11\/MOC-104466-Zenit-2-Rocket-2-600x600.jpg 600w, https:\/\/mouldking.store\/wp-content\/uploads\/2022\/11\/MOC-104466-Zenit-2-Rocket-2-150x150.jpg 150w, https:\/\/mouldking.store\/wp-content\/uploads\/2022\/11\/MOC-104466-Zenit-2-Rocket-2-60x60.jpg 60w, https:\/\/mouldking.store\/wp-content\/uploads\/2022\/11\/MOC-104466-Zenit-2-Rocket-2-90x90.jpg 90w\" sizes=\"(max-width: 1000px) 100vw, 1000px\" \/><figcaption id=\"caption-attachment-36017\" class=\"wp-caption-text\">MOC-104466 Zenit - 2 fus\u00e9es (\u00e9chelle 1:110) avec 638 pi\u00e8ces<\/figcaption><\/figure>\n<figure id=\"attachment_36018\" aria-describedby=\"caption-attachment-36018\" style=\"width: 1000px\" class=\"wp-caption aligncenter\"><img loading=\"lazy\" decoding=\"async\" class=\"wp-image-36018 size-full\" src=\"https:\/\/mouldking.store\/wp-content\/uploads\/2022\/11\/MOC-104466-Zenit-2-Rocket-1.jpg\" alt=\"MOC-104466 Zenit \u2013 2 Rocket\uff081:110 Scale) With 638 Pieces\" width=\"1000\" height=\"1000\" title=\"-\" srcset=\"https:\/\/mouldking.store\/wp-content\/uploads\/2022\/11\/MOC-104466-Zenit-2-Rocket-1.jpg 1000w, https:\/\/mouldking.store\/wp-content\/uploads\/2022\/11\/MOC-104466-Zenit-2-Rocket-1-300x300.jpg 300w, https:\/\/mouldking.store\/wp-content\/uploads\/2022\/11\/MOC-104466-Zenit-2-Rocket-1-768x768.jpg 768w, https:\/\/mouldking.store\/wp-content\/uploads\/2022\/11\/MOC-104466-Zenit-2-Rocket-1-600x600.jpg 600w, https:\/\/mouldking.store\/wp-content\/uploads\/2022\/11\/MOC-104466-Zenit-2-Rocket-1-150x150.jpg 150w, https:\/\/mouldking.store\/wp-content\/uploads\/2022\/11\/MOC-104466-Zenit-2-Rocket-1-60x60.jpg 60w, https:\/\/mouldking.store\/wp-content\/uploads\/2022\/11\/MOC-104466-Zenit-2-Rocket-1-90x90.jpg 90w\" sizes=\"(max-width: 1000px) 100vw, 1000px\" \/><figcaption id=\"caption-attachment-36018\" class=\"wp-caption-text\">MOC-104466 Zenit - 2 fus\u00e9es (\u00e9chelle 1:110) avec 638 pi\u00e8ces<\/figcaption><\/figure>","protected":false},"excerpt":{"rendered":"<p>Product information: Brand: MOC Gender: Unisex Name: Zenit \u2013 2 Rocket\uff081:110 Scale) Age Range: &gt; 6 years old Model Number: 104466 Classification: Assemblage Plastic Block Shape: Self-Locking Bricks Material: Plastic Plastic Type: ABS Bricks Blocks:638 PCS Size: 4.5 x 4.5 x 49.4 cm Weight:0.35 kg Contains detailed assembly instructions. Notice: 1. Without an original box, [&hellip;]<\/p>","protected":false},"featured_media":36011,"comment_status":"closed","ping_status":"closed","template":"","meta":{"_acf_changed":false},"product_cat":[6016],"product_tag":[8099,8113,8111,8115,8110,8112,8114,8116],"class_list":["product","first","instock","shipping-taxable","purchasable","product-type-simple"],"acf":[],"_links":{"self":[{"href":"https:\/\/mouldking.store\/fr\/wp-json\/wp\/v2\/product\/36010","targetHints":{"allow":["GET"]}}],"collection":[{"href":"https:\/\/mouldking.store\/fr\/wp-json\/wp\/v2\/product"}],"about":[{"href":"https:\/\/mouldking.store\/fr\/wp-json\/wp\/v2\/types\/product"}],"replies":[{"embeddable":true,"href":"https:\/\/mouldking.store\/fr\/wp-json\/wp\/v2\/comments?post=36010"}],"wp:featuredmedia":[{"embeddable":true,"href":"https:\/\/mouldking.store\/fr\/wp-json\/wp\/v2\/media\/36011"}],"wp:attachment":[{"href":"https:\/\/mouldking.store\/fr\/wp-json\/wp\/v2\/media?parent=36010"}],"wp:term":[{"taxonomy":"product_cat","embeddable":true,"href":"https:\/\/mouldking.store\/fr\/wp-json\/wp\/v2\/product_cat?post=36010"},{"taxonomy":"product_tag","embeddable":true,"href":"https:\/\/mouldking.store\/fr\/wp-json\/wp\/v2\/product_tag?post=36010"}],"curies":[{"name":"wp","href":"https:\/\/api.w.org\/{rel}","templated":true}]}}