{"id":36037,"date":"2022-11-23T11:29:06","date_gmt":"2022-11-23T04:29:06","guid":{"rendered":"https:\/\/mouldking.store\/?post_type=product&#038;p=36037"},"modified":"2025-12-25T09:12:21","modified_gmt":"2025-12-25T02:12:21","slug":"moc-89548-destroyer-droid-with-489-pieces","status":"publish","type":"product","link":"https:\/\/mouldking.store\/fr\/shop\/moc-89548-destroyer-droid-with-489-pieces\/","title":{"rendered":"MOC-89548 Dro\u00efde destructeur avec 489 pi\u00e8ces"},"content":{"rendered":"<p>Information produit:<\/p>\n<ol>\n<li>Marque : MOC<\/li>\n<li>Genre: Unisexe<\/li>\n<li>Name: Destroyer Droid<\/li>\n<li>Tranche d&#039;\u00e2ge : &gt; 6 ans<\/li>\n<li>Model Number: 89548<\/li>\n<li>Classement : Assemblage<\/li>\n<li>Forme de bloc en plastique\u00a0: briques autobloquantes<\/li>\n<li>Mat\u00e9riel: Plastique<\/li>\n<li>Type de plastique : ABS<\/li>\n<li>Bricks Blocks:489 PCS<\/li>\n<li>Size: 20.4 x 16.2 x 24.5 cm<\/li>\n<li>Weight:0.28 kg<\/li>\n<li>Contient des instructions de montage d\u00e9taill\u00e9es.<\/li>\n<\/ol>\n<p>Avis:<br \/>\n1. Sans bo\u00eete d&#039;origine, mais nous garantissons que nos produits ont une assurance qualit\u00e9 et un bel emballage.<br \/>\n2. Comme toutes les pi\u00e8ces que nous avons v\u00e9rifi\u00e9es avant l&#039;exp\u00e9dition, donc si vous trouvez des pi\u00e8ces manquantes ou endommag\u00e9es, ne vous inqui\u00e9tez pas et veuillez nous contacter et nous pouvons vous les renvoyer imm\u00e9diatement gratuitement.<\/p>\n<figure id=\"attachment_36038\" aria-describedby=\"caption-attachment-36038\" style=\"width: 1024px\" class=\"wp-caption aligncenter\"><img fetchpriority=\"high\" decoding=\"async\" class=\"wp-image-36038 size-large\" src=\"https:\/\/mouldking.store\/wp-content\/uploads\/2022\/11\/MOC-89548-Star-Wars-Destroyer-Droid-MOC-FACTORY-1024x1024.png\" alt=\"MOC-89548 Destroyer Droid With 489 Pieces\" width=\"1024\" height=\"1024\" title=\"-\" srcset=\"https:\/\/mouldking.store\/wp-content\/uploads\/2022\/11\/MOC-89548-Star-Wars-Destroyer-Droid-MOC-FACTORY-1024x1024.png 1024w, https:\/\/mouldking.store\/wp-content\/uploads\/2022\/11\/MOC-89548-Star-Wars-Destroyer-Droid-MOC-FACTORY-300x300.png 300w, https:\/\/mouldking.store\/wp-content\/uploads\/2022\/11\/MOC-89548-Star-Wars-Destroyer-Droid-MOC-FACTORY-768x768.png 768w, https:\/\/mouldking.store\/wp-content\/uploads\/2022\/11\/MOC-89548-Star-Wars-Destroyer-Droid-MOC-FACTORY-600x600.png 600w, https:\/\/mouldking.store\/wp-content\/uploads\/2022\/11\/MOC-89548-Star-Wars-Destroyer-Droid-MOC-FACTORY-150x150.png 150w, https:\/\/mouldking.store\/wp-content\/uploads\/2022\/11\/MOC-89548-Star-Wars-Destroyer-Droid-MOC-FACTORY-60x60.png 60w, https:\/\/mouldking.store\/wp-content\/uploads\/2022\/11\/MOC-89548-Star-Wars-Destroyer-Droid-MOC-FACTORY-90x90.png 90w, https:\/\/mouldking.store\/wp-content\/uploads\/2022\/11\/MOC-89548-Star-Wars-Destroyer-Droid-MOC-FACTORY.png 1095w\" sizes=\"(max-width: 1024px) 100vw, 1024px\" \/><figcaption id=\"caption-attachment-36038\" class=\"wp-caption-text\">MOC-89548 Dro\u00efde destructeur avec 489 pi\u00e8ces<\/figcaption><\/figure>\n<figure id=\"attachment_36039\" aria-describedby=\"caption-attachment-36039\" style=\"width: 1000px\" class=\"wp-caption aligncenter\"><img decoding=\"async\" class=\"wp-image-36039 size-full\" src=\"https:\/\/mouldking.store\/wp-content\/uploads\/2022\/11\/MOC-Destroyer-Droid-from-Star-Wars-8.jpg\" alt=\"MOC-89548 Destroyer Droid With 489 Pieces\" width=\"1000\" height=\"1000\" title=\"-\" srcset=\"https:\/\/mouldking.store\/wp-content\/uploads\/2022\/11\/MOC-Destroyer-Droid-from-Star-Wars-8.jpg 1000w, https:\/\/mouldking.store\/wp-content\/uploads\/2022\/11\/MOC-Destroyer-Droid-from-Star-Wars-8-300x300.jpg 300w, https:\/\/mouldking.store\/wp-content\/uploads\/2022\/11\/MOC-Destroyer-Droid-from-Star-Wars-8-768x768.jpg 768w, https:\/\/mouldking.store\/wp-content\/uploads\/2022\/11\/MOC-Destroyer-Droid-from-Star-Wars-8-600x600.jpg 600w, https:\/\/mouldking.store\/wp-content\/uploads\/2022\/11\/MOC-Destroyer-Droid-from-Star-Wars-8-150x150.jpg 150w, https:\/\/mouldking.store\/wp-content\/uploads\/2022\/11\/MOC-Destroyer-Droid-from-Star-Wars-8-60x60.jpg 60w, https:\/\/mouldking.store\/wp-content\/uploads\/2022\/11\/MOC-Destroyer-Droid-from-Star-Wars-8-90x90.jpg 90w\" sizes=\"(max-width: 1000px) 100vw, 1000px\" \/><figcaption id=\"caption-attachment-36039\" class=\"wp-caption-text\">MOC-89548 Dro\u00efde destructeur avec 489 pi\u00e8ces<\/figcaption><\/figure>\n<figure id=\"attachment_36040\" aria-describedby=\"caption-attachment-36040\" style=\"width: 1000px\" class=\"wp-caption aligncenter\"><img decoding=\"async\" class=\"wp-image-36040 size-full\" src=\"https:\/\/mouldking.store\/wp-content\/uploads\/2022\/11\/MOC-Destroyer-Droid-from-Star-Wars-7.jpg\" alt=\"MOC-89548 Destroyer Droid With 489 Pieces\" width=\"1000\" height=\"1000\" title=\"-\" srcset=\"https:\/\/mouldking.store\/wp-content\/uploads\/2022\/11\/MOC-Destroyer-Droid-from-Star-Wars-7.jpg 1000w, https:\/\/mouldking.store\/wp-content\/uploads\/2022\/11\/MOC-Destroyer-Droid-from-Star-Wars-7-300x300.jpg 300w, https:\/\/mouldking.store\/wp-content\/uploads\/2022\/11\/MOC-Destroyer-Droid-from-Star-Wars-7-768x768.jpg 768w, https:\/\/mouldking.store\/wp-content\/uploads\/2022\/11\/MOC-Destroyer-Droid-from-Star-Wars-7-600x600.jpg 600w, https:\/\/mouldking.store\/wp-content\/uploads\/2022\/11\/MOC-Destroyer-Droid-from-Star-Wars-7-150x150.jpg 150w, https:\/\/mouldking.store\/wp-content\/uploads\/2022\/11\/MOC-Destroyer-Droid-from-Star-Wars-7-60x60.jpg 60w, https:\/\/mouldking.store\/wp-content\/uploads\/2022\/11\/MOC-Destroyer-Droid-from-Star-Wars-7-90x90.jpg 90w\" sizes=\"(max-width: 1000px) 100vw, 1000px\" \/><figcaption id=\"caption-attachment-36040\" class=\"wp-caption-text\">MOC-89548 Dro\u00efde destructeur avec 489 pi\u00e8ces<\/figcaption><\/figure>\n<figure id=\"attachment_36041\" aria-describedby=\"caption-attachment-36041\" style=\"width: 1000px\" class=\"wp-caption aligncenter\"><img loading=\"lazy\" decoding=\"async\" class=\"wp-image-36041 size-full\" src=\"https:\/\/mouldking.store\/wp-content\/uploads\/2022\/11\/MOC-Destroyer-Droid-from-Star-Wars-6.jpg\" alt=\"MOC-89548 Destroyer Droid With 489 Pieces\" width=\"1000\" height=\"1000\" title=\"-\" srcset=\"https:\/\/mouldking.store\/wp-content\/uploads\/2022\/11\/MOC-Destroyer-Droid-from-Star-Wars-6.jpg 1000w, https:\/\/mouldking.store\/wp-content\/uploads\/2022\/11\/MOC-Destroyer-Droid-from-Star-Wars-6-300x300.jpg 300w, https:\/\/mouldking.store\/wp-content\/uploads\/2022\/11\/MOC-Destroyer-Droid-from-Star-Wars-6-768x768.jpg 768w, https:\/\/mouldking.store\/wp-content\/uploads\/2022\/11\/MOC-Destroyer-Droid-from-Star-Wars-6-600x600.jpg 600w, https:\/\/mouldking.store\/wp-content\/uploads\/2022\/11\/MOC-Destroyer-Droid-from-Star-Wars-6-150x150.jpg 150w, https:\/\/mouldking.store\/wp-content\/uploads\/2022\/11\/MOC-Destroyer-Droid-from-Star-Wars-6-60x60.jpg 60w, https:\/\/mouldking.store\/wp-content\/uploads\/2022\/11\/MOC-Destroyer-Droid-from-Star-Wars-6-90x90.jpg 90w\" sizes=\"(max-width: 1000px) 100vw, 1000px\" \/><figcaption id=\"caption-attachment-36041\" class=\"wp-caption-text\">MOC-89548 Dro\u00efde destructeur avec 489 pi\u00e8ces<\/figcaption><\/figure>\n<figure id=\"attachment_36042\" aria-describedby=\"caption-attachment-36042\" style=\"width: 1000px\" class=\"wp-caption aligncenter\"><img loading=\"lazy\" decoding=\"async\" class=\"wp-image-36042 size-full\" src=\"https:\/\/mouldking.store\/wp-content\/uploads\/2022\/11\/MOC-Destroyer-Droid-from-Star-Wars-5.jpg\" alt=\"MOC-89548 Destroyer Droid With 489 Pieces\" width=\"1000\" height=\"1000\" title=\"-\" srcset=\"https:\/\/mouldking.store\/wp-content\/uploads\/2022\/11\/MOC-Destroyer-Droid-from-Star-Wars-5.jpg 1000w, https:\/\/mouldking.store\/wp-content\/uploads\/2022\/11\/MOC-Destroyer-Droid-from-Star-Wars-5-300x300.jpg 300w, https:\/\/mouldking.store\/wp-content\/uploads\/2022\/11\/MOC-Destroyer-Droid-from-Star-Wars-5-768x768.jpg 768w, https:\/\/mouldking.store\/wp-content\/uploads\/2022\/11\/MOC-Destroyer-Droid-from-Star-Wars-5-600x600.jpg 600w, https:\/\/mouldking.store\/wp-content\/uploads\/2022\/11\/MOC-Destroyer-Droid-from-Star-Wars-5-150x150.jpg 150w, https:\/\/mouldking.store\/wp-content\/uploads\/2022\/11\/MOC-Destroyer-Droid-from-Star-Wars-5-60x60.jpg 60w, https:\/\/mouldking.store\/wp-content\/uploads\/2022\/11\/MOC-Destroyer-Droid-from-Star-Wars-5-90x90.jpg 90w\" sizes=\"(max-width: 1000px) 100vw, 1000px\" \/><figcaption id=\"caption-attachment-36042\" class=\"wp-caption-text\">MOC-89548 Dro\u00efde destructeur avec 489 pi\u00e8ces<\/figcaption><\/figure>\n<figure id=\"attachment_36043\" aria-describedby=\"caption-attachment-36043\" style=\"width: 1000px\" class=\"wp-caption aligncenter\"><img loading=\"lazy\" decoding=\"async\" class=\"wp-image-36043 size-full\" src=\"https:\/\/mouldking.store\/wp-content\/uploads\/2022\/11\/MOC-Destroyer-Droid-from-Star-Wars-4.jpg\" alt=\"MOC-89548 Destroyer Droid With 489 Pieces\" width=\"1000\" height=\"1000\" title=\"-\" srcset=\"https:\/\/mouldking.store\/wp-content\/uploads\/2022\/11\/MOC-Destroyer-Droid-from-Star-Wars-4.jpg 1000w, https:\/\/mouldking.store\/wp-content\/uploads\/2022\/11\/MOC-Destroyer-Droid-from-Star-Wars-4-300x300.jpg 300w, https:\/\/mouldking.store\/wp-content\/uploads\/2022\/11\/MOC-Destroyer-Droid-from-Star-Wars-4-768x768.jpg 768w, https:\/\/mouldking.store\/wp-content\/uploads\/2022\/11\/MOC-Destroyer-Droid-from-Star-Wars-4-600x600.jpg 600w, https:\/\/mouldking.store\/wp-content\/uploads\/2022\/11\/MOC-Destroyer-Droid-from-Star-Wars-4-150x150.jpg 150w, https:\/\/mouldking.store\/wp-content\/uploads\/2022\/11\/MOC-Destroyer-Droid-from-Star-Wars-4-60x60.jpg 60w, https:\/\/mouldking.store\/wp-content\/uploads\/2022\/11\/MOC-Destroyer-Droid-from-Star-Wars-4-90x90.jpg 90w\" sizes=\"(max-width: 1000px) 100vw, 1000px\" \/><figcaption id=\"caption-attachment-36043\" class=\"wp-caption-text\">MOC-89548 Dro\u00efde destructeur avec 489 pi\u00e8ces<\/figcaption><\/figure>\n<figure id=\"attachment_36044\" aria-describedby=\"caption-attachment-36044\" style=\"width: 1000px\" class=\"wp-caption aligncenter\"><img loading=\"lazy\" decoding=\"async\" class=\"wp-image-36044 size-full\" src=\"https:\/\/mouldking.store\/wp-content\/uploads\/2022\/11\/MOC-Destroyer-Droid-from-Star-Wars-3.jpg\" alt=\"MOC-89548 Destroyer Droid With 489 Pieces\" width=\"1000\" height=\"1000\" title=\"-\" srcset=\"https:\/\/mouldking.store\/wp-content\/uploads\/2022\/11\/MOC-Destroyer-Droid-from-Star-Wars-3.jpg 1000w, https:\/\/mouldking.store\/wp-content\/uploads\/2022\/11\/MOC-Destroyer-Droid-from-Star-Wars-3-300x300.jpg 300w, https:\/\/mouldking.store\/wp-content\/uploads\/2022\/11\/MOC-Destroyer-Droid-from-Star-Wars-3-768x768.jpg 768w, https:\/\/mouldking.store\/wp-content\/uploads\/2022\/11\/MOC-Destroyer-Droid-from-Star-Wars-3-600x600.jpg 600w, https:\/\/mouldking.store\/wp-content\/uploads\/2022\/11\/MOC-Destroyer-Droid-from-Star-Wars-3-150x150.jpg 150w, https:\/\/mouldking.store\/wp-content\/uploads\/2022\/11\/MOC-Destroyer-Droid-from-Star-Wars-3-60x60.jpg 60w, https:\/\/mouldking.store\/wp-content\/uploads\/2022\/11\/MOC-Destroyer-Droid-from-Star-Wars-3-90x90.jpg 90w\" sizes=\"(max-width: 1000px) 100vw, 1000px\" \/><figcaption id=\"caption-attachment-36044\" class=\"wp-caption-text\">MOC-89548 Dro\u00efde destructeur avec 489 pi\u00e8ces<\/figcaption><\/figure>\n<figure id=\"attachment_36045\" aria-describedby=\"caption-attachment-36045\" style=\"width: 1000px\" class=\"wp-caption aligncenter\"><img loading=\"lazy\" decoding=\"async\" class=\"wp-image-36045 size-full\" src=\"https:\/\/mouldking.store\/wp-content\/uploads\/2022\/11\/MOC-Destroyer-Droid-from-Star-Wars-2.jpg\" alt=\"MOC-89548 Destroyer Droid With 489 Pieces\" width=\"1000\" height=\"1000\" title=\"-\" srcset=\"https:\/\/mouldking.store\/wp-content\/uploads\/2022\/11\/MOC-Destroyer-Droid-from-Star-Wars-2.jpg 1000w, https:\/\/mouldking.store\/wp-content\/uploads\/2022\/11\/MOC-Destroyer-Droid-from-Star-Wars-2-300x300.jpg 300w, https:\/\/mouldking.store\/wp-content\/uploads\/2022\/11\/MOC-Destroyer-Droid-from-Star-Wars-2-768x768.jpg 768w, https:\/\/mouldking.store\/wp-content\/uploads\/2022\/11\/MOC-Destroyer-Droid-from-Star-Wars-2-600x600.jpg 600w, https:\/\/mouldking.store\/wp-content\/uploads\/2022\/11\/MOC-Destroyer-Droid-from-Star-Wars-2-150x150.jpg 150w, https:\/\/mouldking.store\/wp-content\/uploads\/2022\/11\/MOC-Destroyer-Droid-from-Star-Wars-2-60x60.jpg 60w, https:\/\/mouldking.store\/wp-content\/uploads\/2022\/11\/MOC-Destroyer-Droid-from-Star-Wars-2-90x90.jpg 90w\" sizes=\"(max-width: 1000px) 100vw, 1000px\" \/><figcaption id=\"caption-attachment-36045\" class=\"wp-caption-text\">MOC-89548 Dro\u00efde destructeur avec 489 pi\u00e8ces<\/figcaption><\/figure>\n<figure id=\"attachment_36046\" aria-describedby=\"caption-attachment-36046\" style=\"width: 1000px\" class=\"wp-caption aligncenter\"><img loading=\"lazy\" decoding=\"async\" class=\"wp-image-36046 size-full\" src=\"https:\/\/mouldking.store\/wp-content\/uploads\/2022\/11\/MOC-Destroyer-Droid-from-Star-Wars-1.jpg\" alt=\"MOC-89548 Destroyer Droid With 489 Pieces\" width=\"1000\" height=\"1000\" title=\"-\" srcset=\"https:\/\/mouldking.store\/wp-content\/uploads\/2022\/11\/MOC-Destroyer-Droid-from-Star-Wars-1.jpg 1000w, https:\/\/mouldking.store\/wp-content\/uploads\/2022\/11\/MOC-Destroyer-Droid-from-Star-Wars-1-300x300.jpg 300w, https:\/\/mouldking.store\/wp-content\/uploads\/2022\/11\/MOC-Destroyer-Droid-from-Star-Wars-1-768x768.jpg 768w, https:\/\/mouldking.store\/wp-content\/uploads\/2022\/11\/MOC-Destroyer-Droid-from-Star-Wars-1-600x600.jpg 600w, https:\/\/mouldking.store\/wp-content\/uploads\/2022\/11\/MOC-Destroyer-Droid-from-Star-Wars-1-150x150.jpg 150w, https:\/\/mouldking.store\/wp-content\/uploads\/2022\/11\/MOC-Destroyer-Droid-from-Star-Wars-1-60x60.jpg 60w, https:\/\/mouldking.store\/wp-content\/uploads\/2022\/11\/MOC-Destroyer-Droid-from-Star-Wars-1-90x90.jpg 90w\" sizes=\"(max-width: 1000px) 100vw, 1000px\" \/><figcaption id=\"caption-attachment-36046\" class=\"wp-caption-text\">MOC-89548 Dro\u00efde destructeur avec 489 pi\u00e8ces<\/figcaption><\/figure>","protected":false},"excerpt":{"rendered":"<p>Product information: Brand: MOC Gender: Unisex Name: Destroyer Droid Age Range: &gt; 6 years old Model Number: 89548 Classification: Assemblage Plastic Block Shape: Self-Locking Bricks Material: Plastic Plastic Type: ABS Bricks Blocks:489 PCS Size: 20.4 x 16.2 x 24.5 cm Weight:0.28 kg Contains detailed assembly instructions. Notice: 1. Without an original box, but we guarantee [&hellip;]<\/p>","protected":false},"featured_media":36038,"comment_status":"closed","ping_status":"closed","template":"","meta":{"_acf_changed":false},"product_cat":[415],"product_tag":[682,8144,8143,8142,8145,8141],"class_list":["product","first","instock","shipping-taxable","purchasable","product-type-simple"],"acf":[],"_links":{"self":[{"href":"https:\/\/mouldking.store\/fr\/wp-json\/wp\/v2\/product\/36037","targetHints":{"allow":["GET"]}}],"collection":[{"href":"https:\/\/mouldking.store\/fr\/wp-json\/wp\/v2\/product"}],"about":[{"href":"https:\/\/mouldking.store\/fr\/wp-json\/wp\/v2\/types\/product"}],"replies":[{"embeddable":true,"href":"https:\/\/mouldking.store\/fr\/wp-json\/wp\/v2\/comments?post=36037"}],"wp:featuredmedia":[{"embeddable":true,"href":"https:\/\/mouldking.store\/fr\/wp-json\/wp\/v2\/media\/36038"}],"wp:attachment":[{"href":"https:\/\/mouldking.store\/fr\/wp-json\/wp\/v2\/media?parent=36037"}],"wp:term":[{"taxonomy":"product_cat","embeddable":true,"href":"https:\/\/mouldking.store\/fr\/wp-json\/wp\/v2\/product_cat?post=36037"},{"taxonomy":"product_tag","embeddable":true,"href":"https:\/\/mouldking.store\/fr\/wp-json\/wp\/v2\/product_tag?post=36037"}],"curies":[{"name":"wp","href":"https:\/\/api.w.org\/{rel}","templated":true}]}}