{"id":36053,"date":"2022-11-23T11:49:47","date_gmt":"2022-11-23T04:49:47","guid":{"rendered":"https:\/\/mouldking.store\/?post_type=product&#038;p=36053"},"modified":"2025-12-25T09:12:21","modified_gmt":"2025-12-25T02:12:21","slug":"moc-105060-hubble-space-telescope-small-with-1130-pieces","status":"publish","type":"product","link":"https:\/\/mouldking.store\/fr\/shop\/moc-105060-hubble-space-telescope-small-with-1130-pieces\/","title":{"rendered":"MOC-105060 T\u00e9lescope spatial Hubble (petit) avec 1130 pi\u00e8ces"},"content":{"rendered":"<p>Information produit:<\/p>\n<ol>\n<li>Marque : MOC<\/li>\n<li>Genre: Unisexe<\/li>\n<li>Name: Hubble Space Telescope (Small)<\/li>\n<li>Tranche d&#039;\u00e2ge : &gt; 6 ans<\/li>\n<li>Model Number: 105060<\/li>\n<li>Classement : Assemblage<\/li>\n<li>Forme de bloc en plastique\u00a0: briques autobloquantes<\/li>\n<li>Mat\u00e9riel: Plastique<\/li>\n<li>Type de plastique : ABS<\/li>\n<li>Bricks Blocks:1130 PCS<\/li>\n<li>Size: 25.2 x 18.5 x 28.6 cm<\/li>\n<li>Weight:0.57 kg<\/li>\n<li>Contient des instructions de montage d\u00e9taill\u00e9es.<\/li>\n<\/ol>\n<p>Avis:<br \/>\n1. Sans bo\u00eete d&#039;origine, mais nous garantissons que nos produits ont une assurance qualit\u00e9 et un bel emballage.<br \/>\n2. Comme toutes les pi\u00e8ces que nous avons v\u00e9rifi\u00e9es avant l&#039;exp\u00e9dition, donc si vous trouvez des pi\u00e8ces manquantes ou endommag\u00e9es, ne vous inqui\u00e9tez pas et veuillez nous contacter et nous pouvons vous les renvoyer imm\u00e9diatement gratuitement.<\/p>\n<figure id=\"attachment_36054\" aria-describedby=\"caption-attachment-36054\" style=\"width: 1024px\" class=\"wp-caption aligncenter\"><img fetchpriority=\"high\" decoding=\"async\" class=\"wp-image-36054 size-large\" src=\"https:\/\/mouldking.store\/wp-content\/uploads\/2022\/11\/MOC-105060-Space-Hubble-Space-Telescope-Small-MOC-FACTORY-1024x1024.png\" alt=\"MOC-105060 Hubble Space Telescope (Small) With 1130 Pieces\" width=\"1024\" height=\"1024\" title=\"-\" srcset=\"https:\/\/mouldking.store\/wp-content\/uploads\/2022\/11\/MOC-105060-Space-Hubble-Space-Telescope-Small-MOC-FACTORY-1024x1024.png 1024w, https:\/\/mouldking.store\/wp-content\/uploads\/2022\/11\/MOC-105060-Space-Hubble-Space-Telescope-Small-MOC-FACTORY-300x300.png 300w, https:\/\/mouldking.store\/wp-content\/uploads\/2022\/11\/MOC-105060-Space-Hubble-Space-Telescope-Small-MOC-FACTORY-768x768.png 768w, https:\/\/mouldking.store\/wp-content\/uploads\/2022\/11\/MOC-105060-Space-Hubble-Space-Telescope-Small-MOC-FACTORY-600x600.png 600w, https:\/\/mouldking.store\/wp-content\/uploads\/2022\/11\/MOC-105060-Space-Hubble-Space-Telescope-Small-MOC-FACTORY-150x150.png 150w, https:\/\/mouldking.store\/wp-content\/uploads\/2022\/11\/MOC-105060-Space-Hubble-Space-Telescope-Small-MOC-FACTORY-60x60.png 60w, https:\/\/mouldking.store\/wp-content\/uploads\/2022\/11\/MOC-105060-Space-Hubble-Space-Telescope-Small-MOC-FACTORY-90x90.png 90w, https:\/\/mouldking.store\/wp-content\/uploads\/2022\/11\/MOC-105060-Space-Hubble-Space-Telescope-Small-MOC-FACTORY.png 1095w\" sizes=\"(max-width: 1024px) 100vw, 1024px\" \/><figcaption id=\"caption-attachment-36054\" class=\"wp-caption-text\">MOC-105060 T\u00e9lescope spatial Hubble (petit) avec 1130 pi\u00e8ces<\/figcaption><\/figure>\n<figure id=\"attachment_36055\" aria-describedby=\"caption-attachment-36055\" style=\"width: 1000px\" class=\"wp-caption aligncenter\"><img decoding=\"async\" class=\"wp-image-36055 size-full\" src=\"https:\/\/mouldking.store\/wp-content\/uploads\/2022\/11\/MOC-105060-Hubble-Space-Telescope-10.jpg\" alt=\"MOC-105060 Hubble Space Telescope (Small) With 1130 Pieces\" width=\"1000\" height=\"1000\" title=\"-\" srcset=\"https:\/\/mouldking.store\/wp-content\/uploads\/2022\/11\/MOC-105060-Hubble-Space-Telescope-10.jpg 1000w, https:\/\/mouldking.store\/wp-content\/uploads\/2022\/11\/MOC-105060-Hubble-Space-Telescope-10-300x300.jpg 300w, https:\/\/mouldking.store\/wp-content\/uploads\/2022\/11\/MOC-105060-Hubble-Space-Telescope-10-768x768.jpg 768w, https:\/\/mouldking.store\/wp-content\/uploads\/2022\/11\/MOC-105060-Hubble-Space-Telescope-10-600x600.jpg 600w, https:\/\/mouldking.store\/wp-content\/uploads\/2022\/11\/MOC-105060-Hubble-Space-Telescope-10-150x150.jpg 150w, https:\/\/mouldking.store\/wp-content\/uploads\/2022\/11\/MOC-105060-Hubble-Space-Telescope-10-60x60.jpg 60w, https:\/\/mouldking.store\/wp-content\/uploads\/2022\/11\/MOC-105060-Hubble-Space-Telescope-10-90x90.jpg 90w\" sizes=\"(max-width: 1000px) 100vw, 1000px\" \/><figcaption id=\"caption-attachment-36055\" class=\"wp-caption-text\">MOC-105060 T\u00e9lescope spatial Hubble (petit) avec 1130 pi\u00e8ces<\/figcaption><\/figure>\n<figure id=\"attachment_36056\" aria-describedby=\"caption-attachment-36056\" style=\"width: 1000px\" class=\"wp-caption aligncenter\"><img decoding=\"async\" class=\"wp-image-36056 size-full\" src=\"https:\/\/mouldking.store\/wp-content\/uploads\/2022\/11\/MOC-105060-Hubble-Space-Telescope-9.jpg\" alt=\"MOC-105060 Hubble Space Telescope (Small) With 1130 Pieces\" width=\"1000\" height=\"1000\" title=\"-\" srcset=\"https:\/\/mouldking.store\/wp-content\/uploads\/2022\/11\/MOC-105060-Hubble-Space-Telescope-9.jpg 1000w, https:\/\/mouldking.store\/wp-content\/uploads\/2022\/11\/MOC-105060-Hubble-Space-Telescope-9-300x300.jpg 300w, https:\/\/mouldking.store\/wp-content\/uploads\/2022\/11\/MOC-105060-Hubble-Space-Telescope-9-768x768.jpg 768w, https:\/\/mouldking.store\/wp-content\/uploads\/2022\/11\/MOC-105060-Hubble-Space-Telescope-9-600x600.jpg 600w, https:\/\/mouldking.store\/wp-content\/uploads\/2022\/11\/MOC-105060-Hubble-Space-Telescope-9-150x150.jpg 150w, https:\/\/mouldking.store\/wp-content\/uploads\/2022\/11\/MOC-105060-Hubble-Space-Telescope-9-60x60.jpg 60w, https:\/\/mouldking.store\/wp-content\/uploads\/2022\/11\/MOC-105060-Hubble-Space-Telescope-9-90x90.jpg 90w\" sizes=\"(max-width: 1000px) 100vw, 1000px\" \/><figcaption id=\"caption-attachment-36056\" class=\"wp-caption-text\">MOC-105060 T\u00e9lescope spatial Hubble (petit) avec 1130 pi\u00e8ces<\/figcaption><\/figure>\n<figure id=\"attachment_36057\" aria-describedby=\"caption-attachment-36057\" style=\"width: 1000px\" class=\"wp-caption aligncenter\"><img loading=\"lazy\" decoding=\"async\" class=\"wp-image-36057 size-full\" src=\"https:\/\/mouldking.store\/wp-content\/uploads\/2022\/11\/MOC-105060-Hubble-Space-Telescope-8.jpg\" alt=\"MOC-105060 Hubble Space Telescope (Small) With 1130 Pieces\" width=\"1000\" height=\"1000\" title=\"-\" srcset=\"https:\/\/mouldking.store\/wp-content\/uploads\/2022\/11\/MOC-105060-Hubble-Space-Telescope-8.jpg 1000w, https:\/\/mouldking.store\/wp-content\/uploads\/2022\/11\/MOC-105060-Hubble-Space-Telescope-8-300x300.jpg 300w, https:\/\/mouldking.store\/wp-content\/uploads\/2022\/11\/MOC-105060-Hubble-Space-Telescope-8-768x768.jpg 768w, https:\/\/mouldking.store\/wp-content\/uploads\/2022\/11\/MOC-105060-Hubble-Space-Telescope-8-600x600.jpg 600w, https:\/\/mouldking.store\/wp-content\/uploads\/2022\/11\/MOC-105060-Hubble-Space-Telescope-8-150x150.jpg 150w, https:\/\/mouldking.store\/wp-content\/uploads\/2022\/11\/MOC-105060-Hubble-Space-Telescope-8-60x60.jpg 60w, https:\/\/mouldking.store\/wp-content\/uploads\/2022\/11\/MOC-105060-Hubble-Space-Telescope-8-90x90.jpg 90w\" sizes=\"(max-width: 1000px) 100vw, 1000px\" \/><figcaption id=\"caption-attachment-36057\" class=\"wp-caption-text\">MOC-105060 T\u00e9lescope spatial Hubble (petit) avec 1130 pi\u00e8ces<\/figcaption><\/figure>\n<figure id=\"attachment_36058\" aria-describedby=\"caption-attachment-36058\" style=\"width: 1000px\" class=\"wp-caption aligncenter\"><img loading=\"lazy\" decoding=\"async\" class=\"wp-image-36058 size-full\" src=\"https:\/\/mouldking.store\/wp-content\/uploads\/2022\/11\/MOC-105060-Hubble-Space-Telescope-7.jpg\" alt=\"MOC-105060 Hubble Space Telescope (Small) With 1130 Pieces\" width=\"1000\" height=\"1000\" title=\"-\" srcset=\"https:\/\/mouldking.store\/wp-content\/uploads\/2022\/11\/MOC-105060-Hubble-Space-Telescope-7.jpg 1000w, https:\/\/mouldking.store\/wp-content\/uploads\/2022\/11\/MOC-105060-Hubble-Space-Telescope-7-300x300.jpg 300w, https:\/\/mouldking.store\/wp-content\/uploads\/2022\/11\/MOC-105060-Hubble-Space-Telescope-7-768x768.jpg 768w, https:\/\/mouldking.store\/wp-content\/uploads\/2022\/11\/MOC-105060-Hubble-Space-Telescope-7-600x600.jpg 600w, https:\/\/mouldking.store\/wp-content\/uploads\/2022\/11\/MOC-105060-Hubble-Space-Telescope-7-150x150.jpg 150w, https:\/\/mouldking.store\/wp-content\/uploads\/2022\/11\/MOC-105060-Hubble-Space-Telescope-7-60x60.jpg 60w, https:\/\/mouldking.store\/wp-content\/uploads\/2022\/11\/MOC-105060-Hubble-Space-Telescope-7-90x90.jpg 90w\" sizes=\"(max-width: 1000px) 100vw, 1000px\" \/><figcaption id=\"caption-attachment-36058\" class=\"wp-caption-text\">MOC-105060 T\u00e9lescope spatial Hubble (petit) avec 1130 pi\u00e8ces<\/figcaption><\/figure>\n<figure id=\"attachment_36059\" aria-describedby=\"caption-attachment-36059\" style=\"width: 1000px\" class=\"wp-caption aligncenter\"><img loading=\"lazy\" decoding=\"async\" class=\"wp-image-36059 size-full\" src=\"https:\/\/mouldking.store\/wp-content\/uploads\/2022\/11\/MOC-105060-Hubble-Space-Telescope-6.jpg\" alt=\"MOC-105060 Hubble Space Telescope (Small) With 1130 Pieces\" width=\"1000\" height=\"1000\" title=\"-\" srcset=\"https:\/\/mouldking.store\/wp-content\/uploads\/2022\/11\/MOC-105060-Hubble-Space-Telescope-6.jpg 1000w, https:\/\/mouldking.store\/wp-content\/uploads\/2022\/11\/MOC-105060-Hubble-Space-Telescope-6-300x300.jpg 300w, https:\/\/mouldking.store\/wp-content\/uploads\/2022\/11\/MOC-105060-Hubble-Space-Telescope-6-768x768.jpg 768w, https:\/\/mouldking.store\/wp-content\/uploads\/2022\/11\/MOC-105060-Hubble-Space-Telescope-6-600x600.jpg 600w, https:\/\/mouldking.store\/wp-content\/uploads\/2022\/11\/MOC-105060-Hubble-Space-Telescope-6-150x150.jpg 150w, https:\/\/mouldking.store\/wp-content\/uploads\/2022\/11\/MOC-105060-Hubble-Space-Telescope-6-60x60.jpg 60w, https:\/\/mouldking.store\/wp-content\/uploads\/2022\/11\/MOC-105060-Hubble-Space-Telescope-6-90x90.jpg 90w\" sizes=\"(max-width: 1000px) 100vw, 1000px\" \/><figcaption id=\"caption-attachment-36059\" class=\"wp-caption-text\">MOC-105060 T\u00e9lescope spatial Hubble (petit) avec 1130 pi\u00e8ces<\/figcaption><\/figure>\n<figure id=\"attachment_36060\" aria-describedby=\"caption-attachment-36060\" style=\"width: 1000px\" class=\"wp-caption aligncenter\"><img loading=\"lazy\" decoding=\"async\" class=\"wp-image-36060 size-full\" src=\"https:\/\/mouldking.store\/wp-content\/uploads\/2022\/11\/MOC-105060-Hubble-Space-Telescope-5.jpg\" alt=\"MOC-105060 Hubble Space Telescope (Small) With 1130 Pieces\" width=\"1000\" height=\"1000\" title=\"-\" srcset=\"https:\/\/mouldking.store\/wp-content\/uploads\/2022\/11\/MOC-105060-Hubble-Space-Telescope-5.jpg 1000w, https:\/\/mouldking.store\/wp-content\/uploads\/2022\/11\/MOC-105060-Hubble-Space-Telescope-5-300x300.jpg 300w, https:\/\/mouldking.store\/wp-content\/uploads\/2022\/11\/MOC-105060-Hubble-Space-Telescope-5-768x768.jpg 768w, https:\/\/mouldking.store\/wp-content\/uploads\/2022\/11\/MOC-105060-Hubble-Space-Telescope-5-600x600.jpg 600w, https:\/\/mouldking.store\/wp-content\/uploads\/2022\/11\/MOC-105060-Hubble-Space-Telescope-5-150x150.jpg 150w, https:\/\/mouldking.store\/wp-content\/uploads\/2022\/11\/MOC-105060-Hubble-Space-Telescope-5-60x60.jpg 60w, https:\/\/mouldking.store\/wp-content\/uploads\/2022\/11\/MOC-105060-Hubble-Space-Telescope-5-90x90.jpg 90w\" sizes=\"(max-width: 1000px) 100vw, 1000px\" \/><figcaption id=\"caption-attachment-36060\" class=\"wp-caption-text\">MOC-105060 T\u00e9lescope spatial Hubble (petit) avec 1130 pi\u00e8ces<\/figcaption><\/figure>\n<figure id=\"attachment_36061\" aria-describedby=\"caption-attachment-36061\" style=\"width: 1000px\" class=\"wp-caption aligncenter\"><img loading=\"lazy\" decoding=\"async\" class=\"wp-image-36061 size-full\" src=\"https:\/\/mouldking.store\/wp-content\/uploads\/2022\/11\/MOC-105060-Hubble-Space-Telescope-4.jpg\" alt=\"MOC-105060 Hubble Space Telescope (Small) With 1130 Pieces\" width=\"1000\" height=\"1000\" title=\"-\" srcset=\"https:\/\/mouldking.store\/wp-content\/uploads\/2022\/11\/MOC-105060-Hubble-Space-Telescope-4.jpg 1000w, https:\/\/mouldking.store\/wp-content\/uploads\/2022\/11\/MOC-105060-Hubble-Space-Telescope-4-300x300.jpg 300w, https:\/\/mouldking.store\/wp-content\/uploads\/2022\/11\/MOC-105060-Hubble-Space-Telescope-4-768x768.jpg 768w, https:\/\/mouldking.store\/wp-content\/uploads\/2022\/11\/MOC-105060-Hubble-Space-Telescope-4-600x600.jpg 600w, https:\/\/mouldking.store\/wp-content\/uploads\/2022\/11\/MOC-105060-Hubble-Space-Telescope-4-150x150.jpg 150w, https:\/\/mouldking.store\/wp-content\/uploads\/2022\/11\/MOC-105060-Hubble-Space-Telescope-4-60x60.jpg 60w, https:\/\/mouldking.store\/wp-content\/uploads\/2022\/11\/MOC-105060-Hubble-Space-Telescope-4-90x90.jpg 90w\" sizes=\"(max-width: 1000px) 100vw, 1000px\" \/><figcaption id=\"caption-attachment-36061\" class=\"wp-caption-text\">MOC-105060 T\u00e9lescope spatial Hubble (petit) avec 1130 pi\u00e8ces<\/figcaption><\/figure>\n<figure id=\"attachment_36062\" aria-describedby=\"caption-attachment-36062\" style=\"width: 1000px\" class=\"wp-caption aligncenter\"><img loading=\"lazy\" decoding=\"async\" class=\"wp-image-36062 size-full\" src=\"https:\/\/mouldking.store\/wp-content\/uploads\/2022\/11\/MOC-105060-Hubble-Space-Telescope-3.jpg\" alt=\"MOC-105060 Hubble Space Telescope (Small) With 1130 Pieces\" width=\"1000\" height=\"1000\" title=\"-\" srcset=\"https:\/\/mouldking.store\/wp-content\/uploads\/2022\/11\/MOC-105060-Hubble-Space-Telescope-3.jpg 1000w, https:\/\/mouldking.store\/wp-content\/uploads\/2022\/11\/MOC-105060-Hubble-Space-Telescope-3-300x300.jpg 300w, https:\/\/mouldking.store\/wp-content\/uploads\/2022\/11\/MOC-105060-Hubble-Space-Telescope-3-768x768.jpg 768w, https:\/\/mouldking.store\/wp-content\/uploads\/2022\/11\/MOC-105060-Hubble-Space-Telescope-3-600x600.jpg 600w, https:\/\/mouldking.store\/wp-content\/uploads\/2022\/11\/MOC-105060-Hubble-Space-Telescope-3-150x150.jpg 150w, https:\/\/mouldking.store\/wp-content\/uploads\/2022\/11\/MOC-105060-Hubble-Space-Telescope-3-60x60.jpg 60w, https:\/\/mouldking.store\/wp-content\/uploads\/2022\/11\/MOC-105060-Hubble-Space-Telescope-3-90x90.jpg 90w\" sizes=\"(max-width: 1000px) 100vw, 1000px\" \/><figcaption id=\"caption-attachment-36062\" class=\"wp-caption-text\">MOC-105060 T\u00e9lescope spatial Hubble (petit) avec 1130 pi\u00e8ces<\/figcaption><\/figure>\n<figure id=\"attachment_36063\" aria-describedby=\"caption-attachment-36063\" style=\"width: 1000px\" class=\"wp-caption aligncenter\"><img loading=\"lazy\" decoding=\"async\" class=\"wp-image-36063 size-full\" src=\"https:\/\/mouldking.store\/wp-content\/uploads\/2022\/11\/MOC-105060-Hubble-Space-Telescope-2.jpg\" alt=\"MOC-105060 Hubble Space Telescope (Small) With 1130 Pieces\" width=\"1000\" height=\"1000\" title=\"-\" srcset=\"https:\/\/mouldking.store\/wp-content\/uploads\/2022\/11\/MOC-105060-Hubble-Space-Telescope-2.jpg 1000w, https:\/\/mouldking.store\/wp-content\/uploads\/2022\/11\/MOC-105060-Hubble-Space-Telescope-2-300x300.jpg 300w, https:\/\/mouldking.store\/wp-content\/uploads\/2022\/11\/MOC-105060-Hubble-Space-Telescope-2-768x768.jpg 768w, https:\/\/mouldking.store\/wp-content\/uploads\/2022\/11\/MOC-105060-Hubble-Space-Telescope-2-600x600.jpg 600w, https:\/\/mouldking.store\/wp-content\/uploads\/2022\/11\/MOC-105060-Hubble-Space-Telescope-2-150x150.jpg 150w, https:\/\/mouldking.store\/wp-content\/uploads\/2022\/11\/MOC-105060-Hubble-Space-Telescope-2-60x60.jpg 60w, https:\/\/mouldking.store\/wp-content\/uploads\/2022\/11\/MOC-105060-Hubble-Space-Telescope-2-90x90.jpg 90w\" sizes=\"(max-width: 1000px) 100vw, 1000px\" \/><figcaption id=\"caption-attachment-36063\" class=\"wp-caption-text\">MOC-105060 T\u00e9lescope spatial Hubble (petit) avec 1130 pi\u00e8ces<\/figcaption><\/figure>\n<figure id=\"attachment_36064\" aria-describedby=\"caption-attachment-36064\" style=\"width: 644px\" class=\"wp-caption aligncenter\"><img loading=\"lazy\" decoding=\"async\" class=\"wp-image-36064 size-large\" src=\"https:\/\/mouldking.store\/wp-content\/uploads\/2022\/11\/MOC-105060-Hubble-Space-Telescope-1-644x1024.jpg\" alt=\"MOC-105060 Hubble Space Telescope (Small) With 1130 Pieces\" width=\"644\" height=\"1024\" title=\"-\" srcset=\"https:\/\/mouldking.store\/wp-content\/uploads\/2022\/11\/MOC-105060-Hubble-Space-Telescope-1-644x1024.jpg 644w, https:\/\/mouldking.store\/wp-content\/uploads\/2022\/11\/MOC-105060-Hubble-Space-Telescope-1-189x300.jpg 189w, https:\/\/mouldking.store\/wp-content\/uploads\/2022\/11\/MOC-105060-Hubble-Space-Telescope-1-300x477.jpg 300w, https:\/\/mouldking.store\/wp-content\/uploads\/2022\/11\/MOC-105060-Hubble-Space-Telescope-1-600x954.jpg 600w, https:\/\/mouldking.store\/wp-content\/uploads\/2022\/11\/MOC-105060-Hubble-Space-Telescope-1-94x150.jpg 94w, https:\/\/mouldking.store\/wp-content\/uploads\/2022\/11\/MOC-105060-Hubble-Space-Telescope-1-38x60.jpg 38w, https:\/\/mouldking.store\/wp-content\/uploads\/2022\/11\/MOC-105060-Hubble-Space-Telescope-1-57x90.jpg 57w, https:\/\/mouldking.store\/wp-content\/uploads\/2022\/11\/MOC-105060-Hubble-Space-Telescope-1.jpg 755w\" sizes=\"(max-width: 644px) 100vw, 644px\" \/><figcaption id=\"caption-attachment-36064\" class=\"wp-caption-text\">MOC-105060 T\u00e9lescope spatial Hubble (petit) avec 1130 pi\u00e8ces<\/figcaption><\/figure>","protected":false},"excerpt":{"rendered":"<p>Product information: Brand: MOC Gender: Unisex Name: Hubble Space Telescope (Small) Age Range: &gt; 6 years old Model Number: 105060 Classification: Assemblage Plastic Block Shape: Self-Locking Bricks Material: Plastic Plastic Type: ABS Bricks Blocks:1130 PCS Size: 25.2 x 18.5 x 28.6 cm Weight:0.57 kg Contains detailed assembly instructions. Notice: 1. Without an original box, but [&hellip;]<\/p>","protected":false},"featured_media":36054,"comment_status":"closed","ping_status":"closed","template":"","meta":{"_acf_changed":false},"product_cat":[6016],"product_tag":[8154,8156,8157,8153,8158,8152,8155],"class_list":["product","first","instock","shipping-taxable","purchasable","product-type-simple"],"acf":[],"_links":{"self":[{"href":"https:\/\/mouldking.store\/fr\/wp-json\/wp\/v2\/product\/36053","targetHints":{"allow":["GET"]}}],"collection":[{"href":"https:\/\/mouldking.store\/fr\/wp-json\/wp\/v2\/product"}],"about":[{"href":"https:\/\/mouldking.store\/fr\/wp-json\/wp\/v2\/types\/product"}],"replies":[{"embeddable":true,"href":"https:\/\/mouldking.store\/fr\/wp-json\/wp\/v2\/comments?post=36053"}],"wp:featuredmedia":[{"embeddable":true,"href":"https:\/\/mouldking.store\/fr\/wp-json\/wp\/v2\/media\/36054"}],"wp:attachment":[{"href":"https:\/\/mouldking.store\/fr\/wp-json\/wp\/v2\/media?parent=36053"}],"wp:term":[{"taxonomy":"product_cat","embeddable":true,"href":"https:\/\/mouldking.store\/fr\/wp-json\/wp\/v2\/product_cat?post=36053"},{"taxonomy":"product_tag","embeddable":true,"href":"https:\/\/mouldking.store\/fr\/wp-json\/wp\/v2\/product_tag?post=36053"}],"curies":[{"name":"wp","href":"https:\/\/api.w.org\/{rel}","templated":true}]}}