{"id":36093,"date":"2022-11-23T12:42:00","date_gmt":"2022-11-23T05:42:00","guid":{"rendered":"https:\/\/mouldking.store\/?post_type=product&#038;p=36093"},"modified":"2025-12-25T09:12:20","modified_gmt":"2025-12-25T02:12:20","slug":"moc-28692-blue-origin-new-glenn-1110-saturn-v-scale-with-1575-pieces","status":"publish","type":"product","link":"https:\/\/mouldking.store\/fr\/shop\/moc-28692-blue-origin-new-glenn-1110-saturn-v-scale-with-1575-pieces\/","title":{"rendered":"MOC-28692 Blue Origin New Glenn (\u00e9chelle 1:110 Saturn V) avec 1575 pi\u00e8ces"},"content":{"rendered":"<p>Information produit:<\/p>\n<ol>\n<li>Marque : MOC<\/li>\n<li>Genre: Unisexe<\/li>\n<li>Name: Blue Origin New Glenn (1:110 Saturn V Scale)<\/li>\n<li>Tranche d&#039;\u00e2ge : &gt; 6 ans<\/li>\n<li>Model Number: 28692<\/li>\n<li>Classement : Assemblage<\/li>\n<li>Forme de bloc en plastique\u00a0: briques autobloquantes<\/li>\n<li>Mat\u00e9riel: Plastique<\/li>\n<li>Type de plastique : ABS<\/li>\n<li>Bricks Blocks:1575 PCS<\/li>\n<li>Size: 14.3 x 13.3 x 88.8 cm<\/li>\n<li>Weight:1.28 kg<\/li>\n<li>Contient des instructions de montage d\u00e9taill\u00e9es.<\/li>\n<\/ol>\n<p>Avis:<br \/>\n1. Sans bo\u00eete d&#039;origine, mais nous garantissons que nos produits ont une assurance qualit\u00e9 et un bel emballage.<br \/>\n2. Comme toutes les pi\u00e8ces que nous avons v\u00e9rifi\u00e9es avant l&#039;exp\u00e9dition, donc si vous trouvez des pi\u00e8ces manquantes ou endommag\u00e9es, ne vous inqui\u00e9tez pas et veuillez nous contacter et nous pouvons vous les renvoyer imm\u00e9diatement gratuitement.<\/p>\n<figure id=\"attachment_36094\" aria-describedby=\"caption-attachment-36094\" style=\"width: 1095px\" class=\"wp-caption aligncenter\"><img fetchpriority=\"high\" decoding=\"async\" class=\"wp-image-36094 size-full\" src=\"https:\/\/mouldking.store\/wp-content\/uploads\/2022\/11\/MOC-28692-Space-Blue-Origin-New-Glenn-1110-Saturn-V-Scale-MOC-FACTORY-1.png\" alt=\"MOC-28692 Blue Origin New Glenn (1:110 Saturn V Scale) With 1575 Pieces\" width=\"1095\" height=\"1095\" title=\"-\" srcset=\"https:\/\/mouldking.store\/wp-content\/uploads\/2022\/11\/MOC-28692-Space-Blue-Origin-New-Glenn-1110-Saturn-V-Scale-MOC-FACTORY-1.png 1095w, https:\/\/mouldking.store\/wp-content\/uploads\/2022\/11\/MOC-28692-Space-Blue-Origin-New-Glenn-1110-Saturn-V-Scale-MOC-FACTORY-1-300x300.png 300w, https:\/\/mouldking.store\/wp-content\/uploads\/2022\/11\/MOC-28692-Space-Blue-Origin-New-Glenn-1110-Saturn-V-Scale-MOC-FACTORY-1-1024x1024.png 1024w, https:\/\/mouldking.store\/wp-content\/uploads\/2022\/11\/MOC-28692-Space-Blue-Origin-New-Glenn-1110-Saturn-V-Scale-MOC-FACTORY-1-768x768.png 768w, https:\/\/mouldking.store\/wp-content\/uploads\/2022\/11\/MOC-28692-Space-Blue-Origin-New-Glenn-1110-Saturn-V-Scale-MOC-FACTORY-1-600x600.png 600w, https:\/\/mouldking.store\/wp-content\/uploads\/2022\/11\/MOC-28692-Space-Blue-Origin-New-Glenn-1110-Saturn-V-Scale-MOC-FACTORY-1-150x150.png 150w, https:\/\/mouldking.store\/wp-content\/uploads\/2022\/11\/MOC-28692-Space-Blue-Origin-New-Glenn-1110-Saturn-V-Scale-MOC-FACTORY-1-60x60.png 60w, https:\/\/mouldking.store\/wp-content\/uploads\/2022\/11\/MOC-28692-Space-Blue-Origin-New-Glenn-1110-Saturn-V-Scale-MOC-FACTORY-1-90x90.png 90w\" sizes=\"(max-width: 1095px) 100vw, 1095px\" \/><figcaption id=\"caption-attachment-36094\" class=\"wp-caption-text\">MOC-28692 Blue Origin New Glenn (\u00e9chelle 1:110 Saturn V) avec 1575 pi\u00e8ces<\/figcaption><\/figure>\n<figure id=\"attachment_36095\" aria-describedby=\"caption-attachment-36095\" style=\"width: 1000px\" class=\"wp-caption aligncenter\"><img decoding=\"async\" class=\"wp-image-36095 size-full\" src=\"https:\/\/mouldking.store\/wp-content\/uploads\/2022\/11\/MOC-28692-Blue-Origin-New-Glenn-8.jpg\" alt=\"MOC-28692 Blue Origin New Glenn (1:110 Saturn V Scale) With 1575 Pieces\" width=\"1000\" height=\"1000\" title=\"-\" srcset=\"https:\/\/mouldking.store\/wp-content\/uploads\/2022\/11\/MOC-28692-Blue-Origin-New-Glenn-8.jpg 1000w, https:\/\/mouldking.store\/wp-content\/uploads\/2022\/11\/MOC-28692-Blue-Origin-New-Glenn-8-300x300.jpg 300w, https:\/\/mouldking.store\/wp-content\/uploads\/2022\/11\/MOC-28692-Blue-Origin-New-Glenn-8-768x768.jpg 768w, https:\/\/mouldking.store\/wp-content\/uploads\/2022\/11\/MOC-28692-Blue-Origin-New-Glenn-8-600x600.jpg 600w, https:\/\/mouldking.store\/wp-content\/uploads\/2022\/11\/MOC-28692-Blue-Origin-New-Glenn-8-150x150.jpg 150w, https:\/\/mouldking.store\/wp-content\/uploads\/2022\/11\/MOC-28692-Blue-Origin-New-Glenn-8-60x60.jpg 60w, https:\/\/mouldking.store\/wp-content\/uploads\/2022\/11\/MOC-28692-Blue-Origin-New-Glenn-8-90x90.jpg 90w\" sizes=\"(max-width: 1000px) 100vw, 1000px\" \/><figcaption id=\"caption-attachment-36095\" class=\"wp-caption-text\">MOC-28692 Blue Origin New Glenn (\u00e9chelle 1:110 Saturn V) avec 1575 pi\u00e8ces<\/figcaption><\/figure>\n<figure id=\"attachment_36096\" aria-describedby=\"caption-attachment-36096\" style=\"width: 1000px\" class=\"wp-caption aligncenter\"><img decoding=\"async\" class=\"wp-image-36096 size-full\" src=\"https:\/\/mouldking.store\/wp-content\/uploads\/2022\/11\/MOC-28692-Blue-Origin-New-Glenn-7.jpg\" alt=\"MOC-28692 Blue Origin New Glenn (1:110 Saturn V Scale) With 1575 Pieces\" width=\"1000\" height=\"1000\" title=\"-\" srcset=\"https:\/\/mouldking.store\/wp-content\/uploads\/2022\/11\/MOC-28692-Blue-Origin-New-Glenn-7.jpg 1000w, https:\/\/mouldking.store\/wp-content\/uploads\/2022\/11\/MOC-28692-Blue-Origin-New-Glenn-7-300x300.jpg 300w, https:\/\/mouldking.store\/wp-content\/uploads\/2022\/11\/MOC-28692-Blue-Origin-New-Glenn-7-768x768.jpg 768w, https:\/\/mouldking.store\/wp-content\/uploads\/2022\/11\/MOC-28692-Blue-Origin-New-Glenn-7-600x600.jpg 600w, https:\/\/mouldking.store\/wp-content\/uploads\/2022\/11\/MOC-28692-Blue-Origin-New-Glenn-7-150x150.jpg 150w, https:\/\/mouldking.store\/wp-content\/uploads\/2022\/11\/MOC-28692-Blue-Origin-New-Glenn-7-60x60.jpg 60w, https:\/\/mouldking.store\/wp-content\/uploads\/2022\/11\/MOC-28692-Blue-Origin-New-Glenn-7-90x90.jpg 90w\" sizes=\"(max-width: 1000px) 100vw, 1000px\" \/><figcaption id=\"caption-attachment-36096\" class=\"wp-caption-text\">MOC-28692 Blue Origin New Glenn (\u00e9chelle 1:110 Saturn V) avec 1575 pi\u00e8ces<\/figcaption><\/figure>\n<figure id=\"attachment_36097\" aria-describedby=\"caption-attachment-36097\" style=\"width: 1000px\" class=\"wp-caption aligncenter\"><img loading=\"lazy\" decoding=\"async\" class=\"wp-image-36097 size-full\" src=\"https:\/\/mouldking.store\/wp-content\/uploads\/2022\/11\/MOC-28692-Blue-Origin-New-Glenn-6.jpg\" alt=\"MOC-28692 Blue Origin New Glenn (1:110 Saturn V Scale) With 1575 Pieces\" width=\"1000\" height=\"1000\" title=\"-\" srcset=\"https:\/\/mouldking.store\/wp-content\/uploads\/2022\/11\/MOC-28692-Blue-Origin-New-Glenn-6.jpg 1000w, https:\/\/mouldking.store\/wp-content\/uploads\/2022\/11\/MOC-28692-Blue-Origin-New-Glenn-6-300x300.jpg 300w, https:\/\/mouldking.store\/wp-content\/uploads\/2022\/11\/MOC-28692-Blue-Origin-New-Glenn-6-768x768.jpg 768w, https:\/\/mouldking.store\/wp-content\/uploads\/2022\/11\/MOC-28692-Blue-Origin-New-Glenn-6-600x600.jpg 600w, https:\/\/mouldking.store\/wp-content\/uploads\/2022\/11\/MOC-28692-Blue-Origin-New-Glenn-6-150x150.jpg 150w, https:\/\/mouldking.store\/wp-content\/uploads\/2022\/11\/MOC-28692-Blue-Origin-New-Glenn-6-60x60.jpg 60w, https:\/\/mouldking.store\/wp-content\/uploads\/2022\/11\/MOC-28692-Blue-Origin-New-Glenn-6-90x90.jpg 90w\" sizes=\"(max-width: 1000px) 100vw, 1000px\" \/><figcaption id=\"caption-attachment-36097\" class=\"wp-caption-text\">MOC-28692 Blue Origin New Glenn (\u00e9chelle 1:110 Saturn V) avec 1575 pi\u00e8ces<\/figcaption><\/figure>\n<figure id=\"attachment_36099\" aria-describedby=\"caption-attachment-36099\" style=\"width: 1000px\" class=\"wp-caption aligncenter\"><img loading=\"lazy\" decoding=\"async\" class=\"wp-image-36099 size-full\" src=\"https:\/\/mouldking.store\/wp-content\/uploads\/2022\/11\/MOC-28692-Blue-Origin-New-Glenn-4.jpg\" alt=\"MOC-28692 Blue Origin New Glenn (1:110 Saturn V Scale) With 1575 Pieces\" width=\"1000\" height=\"1000\" title=\"-\" srcset=\"https:\/\/mouldking.store\/wp-content\/uploads\/2022\/11\/MOC-28692-Blue-Origin-New-Glenn-4.jpg 1000w, https:\/\/mouldking.store\/wp-content\/uploads\/2022\/11\/MOC-28692-Blue-Origin-New-Glenn-4-300x300.jpg 300w, https:\/\/mouldking.store\/wp-content\/uploads\/2022\/11\/MOC-28692-Blue-Origin-New-Glenn-4-768x768.jpg 768w, https:\/\/mouldking.store\/wp-content\/uploads\/2022\/11\/MOC-28692-Blue-Origin-New-Glenn-4-600x600.jpg 600w, https:\/\/mouldking.store\/wp-content\/uploads\/2022\/11\/MOC-28692-Blue-Origin-New-Glenn-4-150x150.jpg 150w, https:\/\/mouldking.store\/wp-content\/uploads\/2022\/11\/MOC-28692-Blue-Origin-New-Glenn-4-60x60.jpg 60w, https:\/\/mouldking.store\/wp-content\/uploads\/2022\/11\/MOC-28692-Blue-Origin-New-Glenn-4-90x90.jpg 90w\" sizes=\"(max-width: 1000px) 100vw, 1000px\" \/><figcaption id=\"caption-attachment-36099\" class=\"wp-caption-text\">MOC-28692 Blue Origin New Glenn (\u00e9chelle 1:110 Saturn V) avec 1575 pi\u00e8ces<\/figcaption><\/figure>\n<figure id=\"attachment_36100\" aria-describedby=\"caption-attachment-36100\" style=\"width: 1000px\" class=\"wp-caption aligncenter\"><img loading=\"lazy\" decoding=\"async\" class=\"wp-image-36100 size-full\" src=\"https:\/\/mouldking.store\/wp-content\/uploads\/2022\/11\/MOC-28692-Blue-Origin-New-Glenn-3.jpg\" alt=\"MOC-28692 Blue Origin New Glenn (1:110 Saturn V Scale) With 1575 Pieces\" width=\"1000\" height=\"1000\" title=\"-\" srcset=\"https:\/\/mouldking.store\/wp-content\/uploads\/2022\/11\/MOC-28692-Blue-Origin-New-Glenn-3.jpg 1000w, https:\/\/mouldking.store\/wp-content\/uploads\/2022\/11\/MOC-28692-Blue-Origin-New-Glenn-3-300x300.jpg 300w, https:\/\/mouldking.store\/wp-content\/uploads\/2022\/11\/MOC-28692-Blue-Origin-New-Glenn-3-768x768.jpg 768w, https:\/\/mouldking.store\/wp-content\/uploads\/2022\/11\/MOC-28692-Blue-Origin-New-Glenn-3-600x600.jpg 600w, https:\/\/mouldking.store\/wp-content\/uploads\/2022\/11\/MOC-28692-Blue-Origin-New-Glenn-3-150x150.jpg 150w, https:\/\/mouldking.store\/wp-content\/uploads\/2022\/11\/MOC-28692-Blue-Origin-New-Glenn-3-60x60.jpg 60w, https:\/\/mouldking.store\/wp-content\/uploads\/2022\/11\/MOC-28692-Blue-Origin-New-Glenn-3-90x90.jpg 90w\" sizes=\"(max-width: 1000px) 100vw, 1000px\" \/><figcaption id=\"caption-attachment-36100\" class=\"wp-caption-text\">MOC-28692 Blue Origin New Glenn (\u00e9chelle 1:110 Saturn V) avec 1575 pi\u00e8ces<\/figcaption><\/figure>\n<figure id=\"attachment_36101\" aria-describedby=\"caption-attachment-36101\" style=\"width: 1000px\" class=\"wp-caption aligncenter\"><img loading=\"lazy\" decoding=\"async\" class=\"wp-image-36101 size-full\" src=\"https:\/\/mouldking.store\/wp-content\/uploads\/2022\/11\/MOC-28692-Blue-Origin-New-Glenn-2.jpg\" alt=\"MOC-28692 Blue Origin New Glenn (1:110 Saturn V Scale) With 1575 Pieces\" width=\"1000\" height=\"1000\" title=\"-\" srcset=\"https:\/\/mouldking.store\/wp-content\/uploads\/2022\/11\/MOC-28692-Blue-Origin-New-Glenn-2.jpg 1000w, https:\/\/mouldking.store\/wp-content\/uploads\/2022\/11\/MOC-28692-Blue-Origin-New-Glenn-2-300x300.jpg 300w, https:\/\/mouldking.store\/wp-content\/uploads\/2022\/11\/MOC-28692-Blue-Origin-New-Glenn-2-768x768.jpg 768w, https:\/\/mouldking.store\/wp-content\/uploads\/2022\/11\/MOC-28692-Blue-Origin-New-Glenn-2-600x600.jpg 600w, https:\/\/mouldking.store\/wp-content\/uploads\/2022\/11\/MOC-28692-Blue-Origin-New-Glenn-2-150x150.jpg 150w, https:\/\/mouldking.store\/wp-content\/uploads\/2022\/11\/MOC-28692-Blue-Origin-New-Glenn-2-60x60.jpg 60w, https:\/\/mouldking.store\/wp-content\/uploads\/2022\/11\/MOC-28692-Blue-Origin-New-Glenn-2-90x90.jpg 90w\" sizes=\"(max-width: 1000px) 100vw, 1000px\" \/><figcaption id=\"caption-attachment-36101\" class=\"wp-caption-text\">MOC-28692 Blue Origin New Glenn (\u00e9chelle 1:110 Saturn V) avec 1575 pi\u00e8ces<\/figcaption><\/figure>\n<figure id=\"attachment_36102\" aria-describedby=\"caption-attachment-36102\" style=\"width: 1000px\" class=\"wp-caption aligncenter\"><img loading=\"lazy\" decoding=\"async\" class=\"wp-image-36102 size-full\" src=\"https:\/\/mouldking.store\/wp-content\/uploads\/2022\/11\/MOC-28692-Blue-Origin-New-Glenn-1.jpg\" alt=\"MOC-28692 Blue Origin New Glenn (1:110 Saturn V Scale) With 1575 Pieces\" width=\"1000\" height=\"1000\" title=\"-\" srcset=\"https:\/\/mouldking.store\/wp-content\/uploads\/2022\/11\/MOC-28692-Blue-Origin-New-Glenn-1.jpg 1000w, https:\/\/mouldking.store\/wp-content\/uploads\/2022\/11\/MOC-28692-Blue-Origin-New-Glenn-1-300x300.jpg 300w, https:\/\/mouldking.store\/wp-content\/uploads\/2022\/11\/MOC-28692-Blue-Origin-New-Glenn-1-768x768.jpg 768w, https:\/\/mouldking.store\/wp-content\/uploads\/2022\/11\/MOC-28692-Blue-Origin-New-Glenn-1-600x600.jpg 600w, https:\/\/mouldking.store\/wp-content\/uploads\/2022\/11\/MOC-28692-Blue-Origin-New-Glenn-1-150x150.jpg 150w, https:\/\/mouldking.store\/wp-content\/uploads\/2022\/11\/MOC-28692-Blue-Origin-New-Glenn-1-60x60.jpg 60w, https:\/\/mouldking.store\/wp-content\/uploads\/2022\/11\/MOC-28692-Blue-Origin-New-Glenn-1-90x90.jpg 90w\" sizes=\"(max-width: 1000px) 100vw, 1000px\" \/><figcaption id=\"caption-attachment-36102\" class=\"wp-caption-text\">MOC-28692 Blue Origin New Glenn (\u00e9chelle 1:110 Saturn V) avec 1575 pi\u00e8ces<\/figcaption><\/figure>","protected":false},"excerpt":{"rendered":"<p>Product information: Brand: MOC Gender: Unisex Name: Blue Origin New Glenn (1:110 Saturn V Scale) Age Range: &gt; 6 years old Model Number: 28692 Classification: Assemblage Plastic Block Shape: Self-Locking Bricks Material: Plastic Plastic Type: ABS Bricks Blocks:1575 PCS Size: 14.3 x 13.3 x 88.8 cm Weight:1.28 kg Contains detailed assembly instructions. Notice: 1. Without [&hellip;]<\/p>","protected":false},"featured_media":36094,"comment_status":"closed","ping_status":"closed","template":"","meta":{"_acf_changed":false},"product_cat":[1406,6016],"product_tag":[8179,8105,8180,8181,8177,8182,8176,8178],"class_list":["product","first","instock","shipping-taxable","purchasable","product-type-simple"],"acf":[],"_links":{"self":[{"href":"https:\/\/mouldking.store\/fr\/wp-json\/wp\/v2\/product\/36093","targetHints":{"allow":["GET"]}}],"collection":[{"href":"https:\/\/mouldking.store\/fr\/wp-json\/wp\/v2\/product"}],"about":[{"href":"https:\/\/mouldking.store\/fr\/wp-json\/wp\/v2\/types\/product"}],"replies":[{"embeddable":true,"href":"https:\/\/mouldking.store\/fr\/wp-json\/wp\/v2\/comments?post=36093"}],"wp:featuredmedia":[{"embeddable":true,"href":"https:\/\/mouldking.store\/fr\/wp-json\/wp\/v2\/media\/36094"}],"wp:attachment":[{"href":"https:\/\/mouldking.store\/fr\/wp-json\/wp\/v2\/media?parent=36093"}],"wp:term":[{"taxonomy":"product_cat","embeddable":true,"href":"https:\/\/mouldking.store\/fr\/wp-json\/wp\/v2\/product_cat?post=36093"},{"taxonomy":"product_tag","embeddable":true,"href":"https:\/\/mouldking.store\/fr\/wp-json\/wp\/v2\/product_tag?post=36093"}],"curies":[{"name":"wp","href":"https:\/\/api.w.org\/{rel}","templated":true}]}}