{"id":36103,"date":"2022-11-23T14:16:13","date_gmt":"2022-11-23T07:16:13","guid":{"rendered":"https:\/\/mouldking.store\/?post_type=product&#038;p=36103"},"modified":"2025-12-25T09:12:20","modified_gmt":"2025-12-25T02:12:20","slug":"moc-118739-1110-scale-antares-with-366-pieces","status":"publish","type":"product","link":"https:\/\/mouldking.store\/fr\/shop\/moc-118739-1110-scale-antares-with-366-pieces\/","title":{"rendered":"MOC-118739 Antares \u00e0 l&#039;\u00e9chelle 1:110 avec 366 pi\u00e8ces"},"content":{"rendered":"<p>Information produit:<\/p>\n<ol>\n<li>Marque : MOC<\/li>\n<li>Genre: Unisexe<\/li>\n<li>Name: 1:110 Scale Antares<\/li>\n<li>Tranche d&#039;\u00e2ge : &gt; 6 ans<\/li>\n<li>Model Number: 118739<\/li>\n<li>Classement : Assemblage<\/li>\n<li>Forme de bloc en plastique\u00a0: briques autobloquantes<\/li>\n<li>Mat\u00e9riel: Plastique<\/li>\n<li>Type de plastique : ABS<\/li>\n<li>Bricks Blocks:366 PCS<\/li>\n<li>Size: 6 x 6 x 40 cm<\/li>\n<li>Poids\u00a0: 0,25\u00a0kg<\/li>\n<li>Contient des instructions de montage d\u00e9taill\u00e9es.<\/li>\n<\/ol>\n<p>Avis:<br \/>\n1. Sans bo\u00eete d&#039;origine, mais nous garantissons que nos produits ont une assurance qualit\u00e9 et un bel emballage.<br \/>\n2. Comme toutes les pi\u00e8ces que nous avons v\u00e9rifi\u00e9es avant l&#039;exp\u00e9dition, donc si vous trouvez des pi\u00e8ces manquantes ou endommag\u00e9es, ne vous inqui\u00e9tez pas et veuillez nous contacter et nous pouvons vous les renvoyer imm\u00e9diatement gratuitement.<\/p>\n<figure id=\"attachment_36104\" aria-describedby=\"caption-attachment-36104\" style=\"width: 1024px\" class=\"wp-caption aligncenter\"><img fetchpriority=\"high\" decoding=\"async\" class=\"wp-image-36104 size-large\" src=\"https:\/\/mouldking.store\/wp-content\/uploads\/2022\/11\/MOC-118739-Space-1110-Scale-Antares-MOC-FACTORY-1024x1024.png\" alt=\"MOC-118739 1:110 Scale Antares With 366 Pieces\" width=\"1024\" height=\"1024\" title=\"-\" srcset=\"https:\/\/mouldking.store\/wp-content\/uploads\/2022\/11\/MOC-118739-Space-1110-Scale-Antares-MOC-FACTORY-1024x1024.png 1024w, https:\/\/mouldking.store\/wp-content\/uploads\/2022\/11\/MOC-118739-Space-1110-Scale-Antares-MOC-FACTORY-300x300.png 300w, https:\/\/mouldking.store\/wp-content\/uploads\/2022\/11\/MOC-118739-Space-1110-Scale-Antares-MOC-FACTORY-768x768.png 768w, https:\/\/mouldking.store\/wp-content\/uploads\/2022\/11\/MOC-118739-Space-1110-Scale-Antares-MOC-FACTORY-600x600.png 600w, https:\/\/mouldking.store\/wp-content\/uploads\/2022\/11\/MOC-118739-Space-1110-Scale-Antares-MOC-FACTORY-150x150.png 150w, https:\/\/mouldking.store\/wp-content\/uploads\/2022\/11\/MOC-118739-Space-1110-Scale-Antares-MOC-FACTORY-60x60.png 60w, https:\/\/mouldking.store\/wp-content\/uploads\/2022\/11\/MOC-118739-Space-1110-Scale-Antares-MOC-FACTORY-90x90.png 90w, https:\/\/mouldking.store\/wp-content\/uploads\/2022\/11\/MOC-118739-Space-1110-Scale-Antares-MOC-FACTORY.png 1095w\" sizes=\"(max-width: 1024px) 100vw, 1024px\" \/><figcaption id=\"caption-attachment-36104\" class=\"wp-caption-text\">MOC-118739 Antares \u00e0 l&#039;\u00e9chelle 1:110 avec 366 pi\u00e8ces<\/figcaption><\/figure>\n<figure id=\"attachment_36105\" aria-describedby=\"caption-attachment-36105\" style=\"width: 1000px\" class=\"wp-caption aligncenter\"><img decoding=\"async\" class=\"wp-image-36105 size-full\" src=\"https:\/\/mouldking.store\/wp-content\/uploads\/2022\/11\/MOC-118739-Antares-4.jpg\" alt=\"MOC-118739 1:110 Scale Antares With 366 Pieces\" width=\"1000\" height=\"1000\" title=\"-\" srcset=\"https:\/\/mouldking.store\/wp-content\/uploads\/2022\/11\/MOC-118739-Antares-4.jpg 1000w, https:\/\/mouldking.store\/wp-content\/uploads\/2022\/11\/MOC-118739-Antares-4-300x300.jpg 300w, https:\/\/mouldking.store\/wp-content\/uploads\/2022\/11\/MOC-118739-Antares-4-768x768.jpg 768w, https:\/\/mouldking.store\/wp-content\/uploads\/2022\/11\/MOC-118739-Antares-4-600x600.jpg 600w, https:\/\/mouldking.store\/wp-content\/uploads\/2022\/11\/MOC-118739-Antares-4-150x150.jpg 150w, https:\/\/mouldking.store\/wp-content\/uploads\/2022\/11\/MOC-118739-Antares-4-60x60.jpg 60w, https:\/\/mouldking.store\/wp-content\/uploads\/2022\/11\/MOC-118739-Antares-4-90x90.jpg 90w\" sizes=\"(max-width: 1000px) 100vw, 1000px\" \/><figcaption id=\"caption-attachment-36105\" class=\"wp-caption-text\">MOC-118739 Antares \u00e0 l&#039;\u00e9chelle 1:110 avec 366 pi\u00e8ces<\/figcaption><\/figure>\n<figure id=\"attachment_36106\" aria-describedby=\"caption-attachment-36106\" style=\"width: 1000px\" class=\"wp-caption aligncenter\"><img decoding=\"async\" class=\"wp-image-36106 size-full\" src=\"https:\/\/mouldking.store\/wp-content\/uploads\/2022\/11\/MOC-118739-Antares-3.jpg\" alt=\"MOC-118739 1:110 Scale Antares With 366 Pieces\" width=\"1000\" height=\"1000\" title=\"-\" srcset=\"https:\/\/mouldking.store\/wp-content\/uploads\/2022\/11\/MOC-118739-Antares-3.jpg 1000w, https:\/\/mouldking.store\/wp-content\/uploads\/2022\/11\/MOC-118739-Antares-3-300x300.jpg 300w, https:\/\/mouldking.store\/wp-content\/uploads\/2022\/11\/MOC-118739-Antares-3-768x768.jpg 768w, https:\/\/mouldking.store\/wp-content\/uploads\/2022\/11\/MOC-118739-Antares-3-600x600.jpg 600w, https:\/\/mouldking.store\/wp-content\/uploads\/2022\/11\/MOC-118739-Antares-3-150x150.jpg 150w, https:\/\/mouldking.store\/wp-content\/uploads\/2022\/11\/MOC-118739-Antares-3-60x60.jpg 60w, https:\/\/mouldking.store\/wp-content\/uploads\/2022\/11\/MOC-118739-Antares-3-90x90.jpg 90w\" sizes=\"(max-width: 1000px) 100vw, 1000px\" \/><figcaption id=\"caption-attachment-36106\" class=\"wp-caption-text\">MOC-118739 Antares \u00e0 l&#039;\u00e9chelle 1:110 avec 366 pi\u00e8ces<\/figcaption><\/figure>\n<figure id=\"attachment_36107\" aria-describedby=\"caption-attachment-36107\" style=\"width: 1000px\" class=\"wp-caption aligncenter\"><img loading=\"lazy\" decoding=\"async\" class=\"wp-image-36107 size-full\" src=\"https:\/\/mouldking.store\/wp-content\/uploads\/2022\/11\/MOC-118739-Antares-2.jpg\" alt=\"MOC-118739 1:110 Scale Antares With 366 Pieces\" width=\"1000\" height=\"1000\" title=\"-\" srcset=\"https:\/\/mouldking.store\/wp-content\/uploads\/2022\/11\/MOC-118739-Antares-2.jpg 1000w, https:\/\/mouldking.store\/wp-content\/uploads\/2022\/11\/MOC-118739-Antares-2-300x300.jpg 300w, https:\/\/mouldking.store\/wp-content\/uploads\/2022\/11\/MOC-118739-Antares-2-768x768.jpg 768w, https:\/\/mouldking.store\/wp-content\/uploads\/2022\/11\/MOC-118739-Antares-2-600x600.jpg 600w, https:\/\/mouldking.store\/wp-content\/uploads\/2022\/11\/MOC-118739-Antares-2-150x150.jpg 150w, https:\/\/mouldking.store\/wp-content\/uploads\/2022\/11\/MOC-118739-Antares-2-60x60.jpg 60w, https:\/\/mouldking.store\/wp-content\/uploads\/2022\/11\/MOC-118739-Antares-2-90x90.jpg 90w\" sizes=\"(max-width: 1000px) 100vw, 1000px\" \/><figcaption id=\"caption-attachment-36107\" class=\"wp-caption-text\">MOC-118739 Antares \u00e0 l&#039;\u00e9chelle 1:110 avec 366 pi\u00e8ces<\/figcaption><\/figure>\n<figure id=\"attachment_36108\" aria-describedby=\"caption-attachment-36108\" style=\"width: 728px\" class=\"wp-caption aligncenter\"><img loading=\"lazy\" decoding=\"async\" class=\"wp-image-36108 size-large\" src=\"https:\/\/mouldking.store\/wp-content\/uploads\/2022\/11\/MOC-118739-Antares-1-728x1024.jpg\" alt=\"MOC-118739 1:110 Scale Antares With 366 Pieces\" width=\"728\" height=\"1024\" title=\"-\" srcset=\"https:\/\/mouldking.store\/wp-content\/uploads\/2022\/11\/MOC-118739-Antares-1-728x1024.jpg 728w, https:\/\/mouldking.store\/wp-content\/uploads\/2022\/11\/MOC-118739-Antares-1-213x300.jpg 213w, https:\/\/mouldking.store\/wp-content\/uploads\/2022\/11\/MOC-118739-Antares-1-768x1080.jpg 768w, https:\/\/mouldking.store\/wp-content\/uploads\/2022\/11\/MOC-118739-Antares-1-300x422.jpg 300w, https:\/\/mouldking.store\/wp-content\/uploads\/2022\/11\/MOC-118739-Antares-1-600x844.jpg 600w, https:\/\/mouldking.store\/wp-content\/uploads\/2022\/11\/MOC-118739-Antares-1-107x150.jpg 107w, https:\/\/mouldking.store\/wp-content\/uploads\/2022\/11\/MOC-118739-Antares-1-43x60.jpg 43w, https:\/\/mouldking.store\/wp-content\/uploads\/2022\/11\/MOC-118739-Antares-1-64x90.jpg 64w, https:\/\/mouldking.store\/wp-content\/uploads\/2022\/11\/MOC-118739-Antares-1.jpg 853w\" sizes=\"(max-width: 728px) 100vw, 728px\" \/><figcaption id=\"caption-attachment-36108\" class=\"wp-caption-text\">MOC-118739 Antares \u00e0 l&#039;\u00e9chelle 1:110 avec 366 pi\u00e8ces<\/figcaption><\/figure>","protected":false},"excerpt":{"rendered":"<p>Product information: Brand: MOC Gender: Unisex Name: 1:110 Scale Antares Age Range: &gt; 6 years old Model Number: 118739 Classification: Assemblage Plastic Block Shape: Self-Locking Bricks Material: Plastic Plastic Type: ABS Bricks Blocks:366 PCS Size: 6 x 6 x 40 cm Weight:0.25 kg Contains detailed assembly instructions. Notice: 1. Without an original box, but we [&hellip;]<\/p>","protected":false},"featured_media":36104,"comment_status":"closed","ping_status":"closed","template":"","meta":{"_acf_changed":false},"product_cat":[1406,6016],"product_tag":[8099,8186,8185,8184,8187,8183],"class_list":["product","first","instock","shipping-taxable","purchasable","product-type-simple"],"acf":[],"_links":{"self":[{"href":"https:\/\/mouldking.store\/fr\/wp-json\/wp\/v2\/product\/36103","targetHints":{"allow":["GET"]}}],"collection":[{"href":"https:\/\/mouldking.store\/fr\/wp-json\/wp\/v2\/product"}],"about":[{"href":"https:\/\/mouldking.store\/fr\/wp-json\/wp\/v2\/types\/product"}],"replies":[{"embeddable":true,"href":"https:\/\/mouldking.store\/fr\/wp-json\/wp\/v2\/comments?post=36103"}],"wp:featuredmedia":[{"embeddable":true,"href":"https:\/\/mouldking.store\/fr\/wp-json\/wp\/v2\/media\/36104"}],"wp:attachment":[{"href":"https:\/\/mouldking.store\/fr\/wp-json\/wp\/v2\/media?parent=36103"}],"wp:term":[{"taxonomy":"product_cat","embeddable":true,"href":"https:\/\/mouldking.store\/fr\/wp-json\/wp\/v2\/product_cat?post=36103"},{"taxonomy":"product_tag","embeddable":true,"href":"https:\/\/mouldking.store\/fr\/wp-json\/wp\/v2\/product_tag?post=36103"}],"curies":[{"name":"wp","href":"https:\/\/api.w.org\/{rel}","templated":true}]}}