{"id":36116,"date":"2022-11-23T14:34:24","date_gmt":"2022-11-23T07:34:24","guid":{"rendered":"https:\/\/mouldking.store\/?post_type=product&#038;p=36116"},"modified":"2025-12-25T09:12:20","modified_gmt":"2025-12-25T02:12:20","slug":"moc-113817-reek-beast-from-petranaki-geonosian-arena-with-487-pieces","status":"publish","type":"product","link":"https:\/\/mouldking.store\/fr\/shop\/moc-113817-reek-beast-from-petranaki-geonosian-arena-with-487-pieces\/","title":{"rendered":"MOC-113817 Reek Beast - De Petranaki \/ Geonosian Arena avec 487 pi\u00e8ces"},"content":{"rendered":"<p>Information produit:<\/p>\n<ol>\n<li>Marque : MOC<\/li>\n<li>Genre: Unisexe<\/li>\n<li>Nom : Reek Beast \u2013 De Petranaki \/ Geonosian Arena<\/li>\n<li>Tranche d&#039;\u00e2ge : &gt; 6 ans<\/li>\n<li>Num\u00e9ro de mod\u00e8le: 113817<\/li>\n<li>Classement : Assemblage<\/li>\n<li>Forme de bloc en plastique\u00a0: briques autobloquantes<\/li>\n<li>Mat\u00e9riel: Plastique<\/li>\n<li>Type de plastique : ABS<\/li>\n<li>Blocs de briques : 487 pi\u00e8ces<\/li>\n<li>Taille : 20 x 13,6 x 12 cm<\/li>\n<li>Poids\u00a0: 0,21\u00a0kg<\/li>\n<li>Contient des instructions de montage d\u00e9taill\u00e9es.<\/li>\n<\/ol>\n<p>Avis:<br \/>\n1. Sans bo\u00eete d&#039;origine, mais nous garantissons que nos produits ont une assurance qualit\u00e9 et un bel emballage.<br \/>\n2. Comme toutes les pi\u00e8ces que nous avons v\u00e9rifi\u00e9es avant l&#039;exp\u00e9dition, donc si vous trouvez des pi\u00e8ces manquantes ou endommag\u00e9es, ne vous inqui\u00e9tez pas et veuillez nous contacter et nous pouvons vous les renvoyer imm\u00e9diatement gratuitement.<\/p>\n<figure id=\"attachment_36117\" aria-describedby=\"caption-attachment-36117\" style=\"width: 1095px\" class=\"wp-caption aligncenter\"><img fetchpriority=\"high\" decoding=\"async\" class=\"wp-image-36117 size-full\" src=\"https:\/\/mouldking.store\/wp-content\/uploads\/2022\/11\/MOC-113817-Star-Wars-Reek-Beast-\u2013-From-Petranaki-Geonosian-Arena-MOC-FACTORY.png\" alt=\"MOC-113817 Reek Beast \u2013 From Petranaki \/ Geonosian Arena With 487 Pieces\" width=\"1095\" height=\"1095\" title=\"-\" srcset=\"https:\/\/mouldking.store\/wp-content\/uploads\/2022\/11\/MOC-113817-Star-Wars-Reek-Beast-\u2013-From-Petranaki-Geonosian-Arena-MOC-FACTORY.png 1095w, https:\/\/mouldking.store\/wp-content\/uploads\/2022\/11\/MOC-113817-Star-Wars-Reek-Beast-\u2013-From-Petranaki-Geonosian-Arena-MOC-FACTORY-300x300.png 300w, https:\/\/mouldking.store\/wp-content\/uploads\/2022\/11\/MOC-113817-Star-Wars-Reek-Beast-\u2013-From-Petranaki-Geonosian-Arena-MOC-FACTORY-1024x1024.png 1024w, https:\/\/mouldking.store\/wp-content\/uploads\/2022\/11\/MOC-113817-Star-Wars-Reek-Beast-\u2013-From-Petranaki-Geonosian-Arena-MOC-FACTORY-768x768.png 768w, https:\/\/mouldking.store\/wp-content\/uploads\/2022\/11\/MOC-113817-Star-Wars-Reek-Beast-\u2013-From-Petranaki-Geonosian-Arena-MOC-FACTORY-600x600.png 600w, https:\/\/mouldking.store\/wp-content\/uploads\/2022\/11\/MOC-113817-Star-Wars-Reek-Beast-\u2013-From-Petranaki-Geonosian-Arena-MOC-FACTORY-150x150.png 150w, https:\/\/mouldking.store\/wp-content\/uploads\/2022\/11\/MOC-113817-Star-Wars-Reek-Beast-\u2013-From-Petranaki-Geonosian-Arena-MOC-FACTORY-60x60.png 60w, https:\/\/mouldking.store\/wp-content\/uploads\/2022\/11\/MOC-113817-Star-Wars-Reek-Beast-\u2013-From-Petranaki-Geonosian-Arena-MOC-FACTORY-90x90.png 90w\" sizes=\"(max-width: 1095px) 100vw, 1095px\" \/><figcaption id=\"caption-attachment-36117\" class=\"wp-caption-text\">MOC-113817 Reek Beast - De Petranaki \/ Geonosian Arena avec 487 pi\u00e8ces<\/figcaption><\/figure>\n<figure id=\"attachment_36118\" aria-describedby=\"caption-attachment-36118\" style=\"width: 577px\" class=\"wp-caption aligncenter\"><img decoding=\"async\" class=\"wp-image-36118 size-full\" src=\"https:\/\/mouldking.store\/wp-content\/uploads\/2022\/11\/MOC-113817-Reek-Beast-From-Petranaki-Geonosian-Arena-3.jpg\" alt=\"MOC-113817 Reek Beast \u2013 From Petranaki \/ Geonosian Arena With 487 Pieces\" width=\"577\" height=\"432\" title=\"-\" srcset=\"https:\/\/mouldking.store\/wp-content\/uploads\/2022\/11\/MOC-113817-Reek-Beast-From-Petranaki-Geonosian-Arena-3.jpg 577w, https:\/\/mouldking.store\/wp-content\/uploads\/2022\/11\/MOC-113817-Reek-Beast-From-Petranaki-Geonosian-Arena-3-300x225.jpg 300w, https:\/\/mouldking.store\/wp-content\/uploads\/2022\/11\/MOC-113817-Reek-Beast-From-Petranaki-Geonosian-Arena-3-150x112.jpg 150w, https:\/\/mouldking.store\/wp-content\/uploads\/2022\/11\/MOC-113817-Reek-Beast-From-Petranaki-Geonosian-Arena-3-80x60.jpg 80w, https:\/\/mouldking.store\/wp-content\/uploads\/2022\/11\/MOC-113817-Reek-Beast-From-Petranaki-Geonosian-Arena-3-120x90.jpg 120w\" sizes=\"(max-width: 577px) 100vw, 577px\" \/><figcaption id=\"caption-attachment-36118\" class=\"wp-caption-text\">MOC-113817 Reek Beast - De Petranaki \/ Geonosian Arena avec 487 pi\u00e8ces<\/figcaption><\/figure>\n<figure id=\"attachment_36119\" aria-describedby=\"caption-attachment-36119\" style=\"width: 750px\" class=\"wp-caption aligncenter\"><img decoding=\"async\" class=\"wp-image-36119 size-full\" src=\"https:\/\/mouldking.store\/wp-content\/uploads\/2022\/11\/MOC-113817-Reek-Beast-From-Petranaki-Geonosian-Arena-2.png\" alt=\"MOC-113817 Reek Beast \u2013 From Petranaki \/ Geonosian Arena With 487 Pieces\" width=\"750\" height=\"562\" title=\"-\" srcset=\"https:\/\/mouldking.store\/wp-content\/uploads\/2022\/11\/MOC-113817-Reek-Beast-From-Petranaki-Geonosian-Arena-2.png 750w, https:\/\/mouldking.store\/wp-content\/uploads\/2022\/11\/MOC-113817-Reek-Beast-From-Petranaki-Geonosian-Arena-2-300x225.png 300w, https:\/\/mouldking.store\/wp-content\/uploads\/2022\/11\/MOC-113817-Reek-Beast-From-Petranaki-Geonosian-Arena-2-600x450.png 600w, https:\/\/mouldking.store\/wp-content\/uploads\/2022\/11\/MOC-113817-Reek-Beast-From-Petranaki-Geonosian-Arena-2-150x112.png 150w, https:\/\/mouldking.store\/wp-content\/uploads\/2022\/11\/MOC-113817-Reek-Beast-From-Petranaki-Geonosian-Arena-2-80x60.png 80w, https:\/\/mouldking.store\/wp-content\/uploads\/2022\/11\/MOC-113817-Reek-Beast-From-Petranaki-Geonosian-Arena-2-120x90.png 120w\" sizes=\"(max-width: 750px) 100vw, 750px\" \/><figcaption id=\"caption-attachment-36119\" class=\"wp-caption-text\">MOC-113817 Reek Beast - De Petranaki \/ Geonosian Arena avec 487 pi\u00e8ces<\/figcaption><\/figure>\n<figure id=\"attachment_36120\" aria-describedby=\"caption-attachment-36120\" style=\"width: 750px\" class=\"wp-caption aligncenter\"><img loading=\"lazy\" decoding=\"async\" class=\"wp-image-36120 size-full\" src=\"https:\/\/mouldking.store\/wp-content\/uploads\/2022\/11\/MOC-113817-Reek-Beast-From-Petranaki-Geonosian-Arena-1.png\" alt=\"MOC-113817 Reek Beast \u2013 From Petranaki \/ Geonosian Arena With 487 Pieces\" width=\"750\" height=\"562\" title=\"-\" srcset=\"https:\/\/mouldking.store\/wp-content\/uploads\/2022\/11\/MOC-113817-Reek-Beast-From-Petranaki-Geonosian-Arena-1.png 750w, https:\/\/mouldking.store\/wp-content\/uploads\/2022\/11\/MOC-113817-Reek-Beast-From-Petranaki-Geonosian-Arena-1-300x225.png 300w, https:\/\/mouldking.store\/wp-content\/uploads\/2022\/11\/MOC-113817-Reek-Beast-From-Petranaki-Geonosian-Arena-1-600x450.png 600w, https:\/\/mouldking.store\/wp-content\/uploads\/2022\/11\/MOC-113817-Reek-Beast-From-Petranaki-Geonosian-Arena-1-150x112.png 150w, https:\/\/mouldking.store\/wp-content\/uploads\/2022\/11\/MOC-113817-Reek-Beast-From-Petranaki-Geonosian-Arena-1-80x60.png 80w, https:\/\/mouldking.store\/wp-content\/uploads\/2022\/11\/MOC-113817-Reek-Beast-From-Petranaki-Geonosian-Arena-1-120x90.png 120w\" sizes=\"(max-width: 750px) 100vw, 750px\" \/><figcaption id=\"caption-attachment-36120\" class=\"wp-caption-text\">MOC-113817 Reek Beast - De Petranaki \/ Geonosian Arena avec 487 pi\u00e8ces<\/figcaption><\/figure>","protected":false},"excerpt":{"rendered":"<p>Product information: Brand: MOC Gender: Unisex Name: Reek Beast \u2013 From Petranaki \/ Geonosian Arena Age Range: &gt; 6 years old Model Number: 113817 Classification: Assemblage Plastic Block Shape: Self-Locking Bricks Material: Plastic Plastic Type: ABS Bricks Blocks:487 PCS Size: 20 x 13.6 x 12 cm Weight:0.21 kg Contains detailed assembly instructions. Notice: 1. Without [&hellip;]<\/p>","protected":false},"featured_media":36117,"comment_status":"closed","ping_status":"closed","template":"","meta":{"_acf_changed":false},"product_cat":[1406,415],"product_tag":[8199,8201,8198,8200,8195,8203,8194,8197,8196,8202],"class_list":["product","first","instock","shipping-taxable","purchasable","product-type-simple"],"acf":[],"_links":{"self":[{"href":"https:\/\/mouldking.store\/fr\/wp-json\/wp\/v2\/product\/36116","targetHints":{"allow":["GET"]}}],"collection":[{"href":"https:\/\/mouldking.store\/fr\/wp-json\/wp\/v2\/product"}],"about":[{"href":"https:\/\/mouldking.store\/fr\/wp-json\/wp\/v2\/types\/product"}],"replies":[{"embeddable":true,"href":"https:\/\/mouldking.store\/fr\/wp-json\/wp\/v2\/comments?post=36116"}],"wp:featuredmedia":[{"embeddable":true,"href":"https:\/\/mouldking.store\/fr\/wp-json\/wp\/v2\/media\/36117"}],"wp:attachment":[{"href":"https:\/\/mouldking.store\/fr\/wp-json\/wp\/v2\/media?parent=36116"}],"wp:term":[{"taxonomy":"product_cat","embeddable":true,"href":"https:\/\/mouldking.store\/fr\/wp-json\/wp\/v2\/product_cat?post=36116"},{"taxonomy":"product_tag","embeddable":true,"href":"https:\/\/mouldking.store\/fr\/wp-json\/wp\/v2\/product_tag?post=36116"}],"curies":[{"name":"wp","href":"https:\/\/api.w.org\/{rel}","templated":true}]}}