{"id":36188,"date":"2022-11-25T11:29:54","date_gmt":"2022-11-25T04:29:54","guid":{"rendered":"https:\/\/mouldking.store\/?post_type=product&#038;p=36188"},"modified":"2022-11-25T11:29:54","modified_gmt":"2022-11-25T04:29:54","slug":"sluban-m38-b0853-world-war-ii-d-day-willys-jeep-with-143-pieces","status":"publish","type":"product","link":"https:\/\/mouldking.store\/fr\/shop\/sluban-m38-b0853-world-war-ii-d-day-willys-jeep-with-143-pieces\/","title":{"rendered":"SLUBAN M38-B0853 D-Day de la Seconde Guerre mondiale\u00a0: Willys Jeep avec 143 pi\u00e8ces"},"content":{"rendered":"<p>Information produit:<\/p>\n<ol>\n<li>Marque : SLUBAN<\/li>\n<li>Genre: Unisexe<\/li>\n<li>Nom: Jour J de la Seconde Guerre mondiale\u00a0: Willys Jeep<\/li>\n<li>Tranche d&#039;\u00e2ge : &gt; 6 ans<\/li>\n<li>Num\u00e9ro de mod\u00e8le : M38-B0853<\/li>\n<li>Classement : Assemblage<\/li>\n<li>Forme de bloc en plastique\u00a0: briques autobloquantes<\/li>\n<li>Mat\u00e9riel: Plastique<\/li>\n<li>Type de plastique : ABS<\/li>\n<li>Blocs de briques : 143 pi\u00e8ces<\/li>\n<li>Taille : 25,2 cm<\/li>\n<li>Contient des instructions de montage d\u00e9taill\u00e9es.<\/li>\n<\/ol>\n<p>Avis:<br \/>\n1. Sans bo\u00eete d&#039;origine, mais nous garantissons que nos produits ont une assurance qualit\u00e9 et un bel emballage.<br \/>\n2. Comme toutes les pi\u00e8ces que nous avons v\u00e9rifi\u00e9es avant l&#039;exp\u00e9dition, donc si vous trouvez des pi\u00e8ces manquantes ou endommag\u00e9es, ne vous inqui\u00e9tez pas et veuillez nous contacter et nous pouvons vous les renvoyer imm\u00e9diatement gratuitement.<\/p>\n<figure id=\"attachment_36189\" aria-describedby=\"caption-attachment-36189\" style=\"width: 800px\" class=\"wp-caption aligncenter\"><img fetchpriority=\"high\" decoding=\"async\" class=\"wp-image-36189 size-full\" src=\"https:\/\/mouldking.store\/wp-content\/uploads\/2022\/11\/SLUBAN-M38-B0853-Willys-Jeep-4.jpg\" alt=\"SLUBAN M38-B0853 World War II D-Day: Willys Jeep With 143 Pieces\" width=\"800\" height=\"800\" title=\"-\" srcset=\"https:\/\/mouldking.store\/wp-content\/uploads\/2022\/11\/SLUBAN-M38-B0853-Willys-Jeep-4.jpg 800w, https:\/\/mouldking.store\/wp-content\/uploads\/2022\/11\/SLUBAN-M38-B0853-Willys-Jeep-4-300x300.jpg 300w, https:\/\/mouldking.store\/wp-content\/uploads\/2022\/11\/SLUBAN-M38-B0853-Willys-Jeep-4-768x768.jpg 768w, https:\/\/mouldking.store\/wp-content\/uploads\/2022\/11\/SLUBAN-M38-B0853-Willys-Jeep-4-600x600.jpg 600w, https:\/\/mouldking.store\/wp-content\/uploads\/2022\/11\/SLUBAN-M38-B0853-Willys-Jeep-4-150x150.jpg 150w, https:\/\/mouldking.store\/wp-content\/uploads\/2022\/11\/SLUBAN-M38-B0853-Willys-Jeep-4-60x60.jpg 60w, https:\/\/mouldking.store\/wp-content\/uploads\/2022\/11\/SLUBAN-M38-B0853-Willys-Jeep-4-90x90.jpg 90w\" sizes=\"(max-width: 800px) 100vw, 800px\" \/><figcaption id=\"caption-attachment-36189\" class=\"wp-caption-text\">SLUBAN M38-B0853 D-Day de la Seconde Guerre mondiale\u00a0: Willys Jeep avec 143 pi\u00e8ces<\/figcaption><\/figure>\n<figure id=\"attachment_36190\" aria-describedby=\"caption-attachment-36190\" style=\"width: 800px\" class=\"wp-caption aligncenter\"><img decoding=\"async\" class=\"wp-image-36190 size-full\" src=\"https:\/\/mouldking.store\/wp-content\/uploads\/2022\/11\/SLUBAN-M38-B0853-Willys-Jeep-3.jpg\" alt=\"SLUBAN M38-B0853 World War II D-Day: Willys Jeep With 143 Pieces\" width=\"800\" height=\"800\" title=\"-\" srcset=\"https:\/\/mouldking.store\/wp-content\/uploads\/2022\/11\/SLUBAN-M38-B0853-Willys-Jeep-3.jpg 800w, https:\/\/mouldking.store\/wp-content\/uploads\/2022\/11\/SLUBAN-M38-B0853-Willys-Jeep-3-300x300.jpg 300w, https:\/\/mouldking.store\/wp-content\/uploads\/2022\/11\/SLUBAN-M38-B0853-Willys-Jeep-3-768x768.jpg 768w, https:\/\/mouldking.store\/wp-content\/uploads\/2022\/11\/SLUBAN-M38-B0853-Willys-Jeep-3-600x600.jpg 600w, https:\/\/mouldking.store\/wp-content\/uploads\/2022\/11\/SLUBAN-M38-B0853-Willys-Jeep-3-150x150.jpg 150w, https:\/\/mouldking.store\/wp-content\/uploads\/2022\/11\/SLUBAN-M38-B0853-Willys-Jeep-3-60x60.jpg 60w, https:\/\/mouldking.store\/wp-content\/uploads\/2022\/11\/SLUBAN-M38-B0853-Willys-Jeep-3-90x90.jpg 90w\" sizes=\"(max-width: 800px) 100vw, 800px\" \/><figcaption id=\"caption-attachment-36190\" class=\"wp-caption-text\">SLUBAN M38-B0853 D-Day de la Seconde Guerre mondiale\u00a0: Willys Jeep avec 143 pi\u00e8ces<\/figcaption><\/figure>\n<figure id=\"attachment_36191\" aria-describedby=\"caption-attachment-36191\" style=\"width: 748px\" class=\"wp-caption aligncenter\"><img decoding=\"async\" class=\"wp-image-36191 size-full\" src=\"https:\/\/mouldking.store\/wp-content\/uploads\/2022\/11\/SLUBAN-M38-B0853-Willys-Jeep-2.jpg\" alt=\"SLUBAN M38-B0853 World War II D-Day: Willys Jeep With 143 Pieces\" width=\"748\" height=\"644\" title=\"-\" srcset=\"https:\/\/mouldking.store\/wp-content\/uploads\/2022\/11\/SLUBAN-M38-B0853-Willys-Jeep-2.jpg 748w, https:\/\/mouldking.store\/wp-content\/uploads\/2022\/11\/SLUBAN-M38-B0853-Willys-Jeep-2-300x258.jpg 300w, https:\/\/mouldking.store\/wp-content\/uploads\/2022\/11\/SLUBAN-M38-B0853-Willys-Jeep-2-600x517.jpg 600w, https:\/\/mouldking.store\/wp-content\/uploads\/2022\/11\/SLUBAN-M38-B0853-Willys-Jeep-2-150x129.jpg 150w, https:\/\/mouldking.store\/wp-content\/uploads\/2022\/11\/SLUBAN-M38-B0853-Willys-Jeep-2-70x60.jpg 70w, https:\/\/mouldking.store\/wp-content\/uploads\/2022\/11\/SLUBAN-M38-B0853-Willys-Jeep-2-105x90.jpg 105w\" sizes=\"(max-width: 748px) 100vw, 748px\" \/><figcaption id=\"caption-attachment-36191\" class=\"wp-caption-text\">SLUBAN M38-B0853 D-Day de la Seconde Guerre mondiale\u00a0: Willys Jeep avec 143 pi\u00e8ces<\/figcaption><\/figure>\n<figure id=\"attachment_36192\" aria-describedby=\"caption-attachment-36192\" style=\"width: 748px\" class=\"wp-caption aligncenter\"><img loading=\"lazy\" decoding=\"async\" class=\"wp-image-36192 size-full\" src=\"https:\/\/mouldking.store\/wp-content\/uploads\/2022\/11\/SLUBAN-M38-B0853-Willys-Jeep-1.jpg\" alt=\"SLUBAN M38-B0853 World War II D-Day: Willys Jeep With 143 Pieces\" width=\"748\" height=\"584\" title=\"-\" srcset=\"https:\/\/mouldking.store\/wp-content\/uploads\/2022\/11\/SLUBAN-M38-B0853-Willys-Jeep-1.jpg 748w, https:\/\/mouldking.store\/wp-content\/uploads\/2022\/11\/SLUBAN-M38-B0853-Willys-Jeep-1-300x234.jpg 300w, https:\/\/mouldking.store\/wp-content\/uploads\/2022\/11\/SLUBAN-M38-B0853-Willys-Jeep-1-600x468.jpg 600w, https:\/\/mouldking.store\/wp-content\/uploads\/2022\/11\/SLUBAN-M38-B0853-Willys-Jeep-1-150x117.jpg 150w, https:\/\/mouldking.store\/wp-content\/uploads\/2022\/11\/SLUBAN-M38-B0853-Willys-Jeep-1-77x60.jpg 77w, https:\/\/mouldking.store\/wp-content\/uploads\/2022\/11\/SLUBAN-M38-B0853-Willys-Jeep-1-115x90.jpg 115w\" sizes=\"(max-width: 748px) 100vw, 748px\" \/><figcaption id=\"caption-attachment-36192\" class=\"wp-caption-text\">SLUBAN M38-B0853 D-Day de la Seconde Guerre mondiale\u00a0: Willys Jeep avec 143 pi\u00e8ces<\/figcaption><\/figure>","protected":false},"excerpt":{"rendered":"<p>Pas de figurines<\/p>","protected":false},"featured_media":36189,"comment_status":"closed","ping_status":"closed","template":"","meta":{"_acf_changed":false},"product_cat":[1350],"product_tag":[8236,8234,7517,8239,8240,8233,8237,8235,8238],"class_list":["product","first","instock","shipping-taxable","purchasable","product-type-simple"],"acf":[],"_links":{"self":[{"href":"https:\/\/mouldking.store\/fr\/wp-json\/wp\/v2\/product\/36188","targetHints":{"allow":["GET"]}}],"collection":[{"href":"https:\/\/mouldking.store\/fr\/wp-json\/wp\/v2\/product"}],"about":[{"href":"https:\/\/mouldking.store\/fr\/wp-json\/wp\/v2\/types\/product"}],"replies":[{"embeddable":true,"href":"https:\/\/mouldking.store\/fr\/wp-json\/wp\/v2\/comments?post=36188"}],"wp:featuredmedia":[{"embeddable":true,"href":"https:\/\/mouldking.store\/fr\/wp-json\/wp\/v2\/media\/36189"}],"wp:attachment":[{"href":"https:\/\/mouldking.store\/fr\/wp-json\/wp\/v2\/media?parent=36188"}],"wp:term":[{"taxonomy":"product_cat","embeddable":true,"href":"https:\/\/mouldking.store\/fr\/wp-json\/wp\/v2\/product_cat?post=36188"},{"taxonomy":"product_tag","embeddable":true,"href":"https:\/\/mouldking.store\/fr\/wp-json\/wp\/v2\/product_tag?post=36188"}],"curies":[{"name":"wp","href":"https:\/\/api.w.org\/{rel}","templated":true}]}}