{"id":36312,"date":"2022-11-25T15:07:50","date_gmt":"2022-11-25T08:07:50","guid":{"rendered":"https:\/\/mouldking.store\/?post_type=product&#038;p=36312"},"modified":"2025-12-25T09:12:19","modified_gmt":"2025-12-25T02:12:19","slug":"moc-21579-mass-effect-andromeda-tempest-with-1571-pieces","status":"publish","type":"product","link":"https:\/\/mouldking.store\/fr\/shop\/moc-21579-mass-effect-andromeda-tempest-with-1571-pieces\/","title":{"rendered":"MOC-21579 Mass Effect Andromeda Tempest avec 1571 pi\u00e8ces"},"content":{"rendered":"<p>Information produit:<\/p>\n<ol>\n<li>Marque : MOC<\/li>\n<li>Genre: Unisexe<\/li>\n<li>Nom : Mass Effect Andromeda Tempest<\/li>\n<li>Tranche d&#039;\u00e2ge : &gt; 6 ans<\/li>\n<li>Num\u00e9ro de mod\u00e8le: 21579<\/li>\n<li>Classement : Assemblage<\/li>\n<li>Forme de bloc en plastique\u00a0: briques autobloquantes<\/li>\n<li>Mat\u00e9riel: Plastique<\/li>\n<li>Type de plastique : ABS<\/li>\n<li>Blocs de briques : 1571 pi\u00e8ces<\/li>\n<li>Taille : 67 x 40,1 x 11,6 cm<\/li>\n<li>Poids\u00a0: 1,38\u00a0kg<\/li>\n<li>Contient des instructions de montage d\u00e9taill\u00e9es.<\/li>\n<\/ol>\n<p>Avis:<br \/>\n1. Sans bo\u00eete d&#039;origine, mais nous garantissons que nos produits ont une assurance qualit\u00e9 et un bel emballage.<br \/>\n2. Comme toutes les pi\u00e8ces que nous avons v\u00e9rifi\u00e9es avant l&#039;exp\u00e9dition, donc si vous trouvez des pi\u00e8ces manquantes ou endommag\u00e9es, ne vous inqui\u00e9tez pas et veuillez nous contacter et nous pouvons vous les renvoyer imm\u00e9diatement gratuitement.<\/p>\n<figure id=\"attachment_36313\" aria-describedby=\"caption-attachment-36313\" style=\"width: 1024px\" class=\"wp-caption aligncenter\"><img fetchpriority=\"high\" decoding=\"async\" class=\"wp-image-36313 size-large\" src=\"https:\/\/mouldking.store\/wp-content\/uploads\/2022\/11\/MOC-21579-Space-Mass-Effect-Andromeda-Tempest-MOC-FACTORY-1024x1024.png\" alt=\"MOC-21579 Mass Effect Andromeda Tempest With 1571 Pieces\" width=\"1024\" height=\"1024\" title=\"-\" srcset=\"https:\/\/mouldking.store\/wp-content\/uploads\/2022\/11\/MOC-21579-Space-Mass-Effect-Andromeda-Tempest-MOC-FACTORY-1024x1024.png 1024w, https:\/\/mouldking.store\/wp-content\/uploads\/2022\/11\/MOC-21579-Space-Mass-Effect-Andromeda-Tempest-MOC-FACTORY-300x300.png 300w, https:\/\/mouldking.store\/wp-content\/uploads\/2022\/11\/MOC-21579-Space-Mass-Effect-Andromeda-Tempest-MOC-FACTORY-768x768.png 768w, https:\/\/mouldking.store\/wp-content\/uploads\/2022\/11\/MOC-21579-Space-Mass-Effect-Andromeda-Tempest-MOC-FACTORY-600x600.png 600w, https:\/\/mouldking.store\/wp-content\/uploads\/2022\/11\/MOC-21579-Space-Mass-Effect-Andromeda-Tempest-MOC-FACTORY-150x150.png 150w, https:\/\/mouldking.store\/wp-content\/uploads\/2022\/11\/MOC-21579-Space-Mass-Effect-Andromeda-Tempest-MOC-FACTORY-60x60.png 60w, https:\/\/mouldking.store\/wp-content\/uploads\/2022\/11\/MOC-21579-Space-Mass-Effect-Andromeda-Tempest-MOC-FACTORY-90x90.png 90w, https:\/\/mouldking.store\/wp-content\/uploads\/2022\/11\/MOC-21579-Space-Mass-Effect-Andromeda-Tempest-MOC-FACTORY.png 1095w\" sizes=\"(max-width: 1024px) 100vw, 1024px\" \/><figcaption id=\"caption-attachment-36313\" class=\"wp-caption-text\">MOC-21579 Mass Effect Andromeda Tempest avec 1571 pi\u00e8ces<\/figcaption><\/figure>\n<figure id=\"attachment_36314\" aria-describedby=\"caption-attachment-36314\" style=\"width: 1000px\" class=\"wp-caption aligncenter\"><img decoding=\"async\" class=\"wp-image-36314 size-full\" src=\"https:\/\/mouldking.store\/wp-content\/uploads\/2022\/11\/MOC-21579-Mass-Effect-Andromeda-Tempest-10.jpg\" alt=\"MOC-21579 Mass Effect Andromeda Tempest With 1571 Pieces\" width=\"1000\" height=\"1000\" title=\"-\" srcset=\"https:\/\/mouldking.store\/wp-content\/uploads\/2022\/11\/MOC-21579-Mass-Effect-Andromeda-Tempest-10.jpg 1000w, https:\/\/mouldking.store\/wp-content\/uploads\/2022\/11\/MOC-21579-Mass-Effect-Andromeda-Tempest-10-300x300.jpg 300w, https:\/\/mouldking.store\/wp-content\/uploads\/2022\/11\/MOC-21579-Mass-Effect-Andromeda-Tempest-10-768x768.jpg 768w, https:\/\/mouldking.store\/wp-content\/uploads\/2022\/11\/MOC-21579-Mass-Effect-Andromeda-Tempest-10-600x600.jpg 600w, https:\/\/mouldking.store\/wp-content\/uploads\/2022\/11\/MOC-21579-Mass-Effect-Andromeda-Tempest-10-150x150.jpg 150w, https:\/\/mouldking.store\/wp-content\/uploads\/2022\/11\/MOC-21579-Mass-Effect-Andromeda-Tempest-10-60x60.jpg 60w, https:\/\/mouldking.store\/wp-content\/uploads\/2022\/11\/MOC-21579-Mass-Effect-Andromeda-Tempest-10-90x90.jpg 90w\" sizes=\"(max-width: 1000px) 100vw, 1000px\" \/><figcaption id=\"caption-attachment-36314\" class=\"wp-caption-text\">MOC-21579 Mass Effect Andromeda Tempest avec 1571 pi\u00e8ces<\/figcaption><\/figure>\n<figure id=\"attachment_36315\" aria-describedby=\"caption-attachment-36315\" style=\"width: 1000px\" class=\"wp-caption aligncenter\"><img decoding=\"async\" class=\"wp-image-36315 size-full\" src=\"https:\/\/mouldking.store\/wp-content\/uploads\/2022\/11\/MOC-21579-Mass-Effect-Andromeda-Tempest-9.jpg\" alt=\"MOC-21579 Mass Effect Andromeda Tempest With 1571 Pieces\" width=\"1000\" height=\"1000\" title=\"-\" srcset=\"https:\/\/mouldking.store\/wp-content\/uploads\/2022\/11\/MOC-21579-Mass-Effect-Andromeda-Tempest-9.jpg 1000w, https:\/\/mouldking.store\/wp-content\/uploads\/2022\/11\/MOC-21579-Mass-Effect-Andromeda-Tempest-9-300x300.jpg 300w, https:\/\/mouldking.store\/wp-content\/uploads\/2022\/11\/MOC-21579-Mass-Effect-Andromeda-Tempest-9-768x768.jpg 768w, https:\/\/mouldking.store\/wp-content\/uploads\/2022\/11\/MOC-21579-Mass-Effect-Andromeda-Tempest-9-600x600.jpg 600w, https:\/\/mouldking.store\/wp-content\/uploads\/2022\/11\/MOC-21579-Mass-Effect-Andromeda-Tempest-9-150x150.jpg 150w, https:\/\/mouldking.store\/wp-content\/uploads\/2022\/11\/MOC-21579-Mass-Effect-Andromeda-Tempest-9-60x60.jpg 60w, https:\/\/mouldking.store\/wp-content\/uploads\/2022\/11\/MOC-21579-Mass-Effect-Andromeda-Tempest-9-90x90.jpg 90w\" sizes=\"(max-width: 1000px) 100vw, 1000px\" \/><figcaption id=\"caption-attachment-36315\" class=\"wp-caption-text\">MOC-21579 Mass Effect Andromeda Tempest avec 1571 pi\u00e8ces<\/figcaption><\/figure>\n<figure id=\"attachment_36316\" aria-describedby=\"caption-attachment-36316\" style=\"width: 1000px\" class=\"wp-caption aligncenter\"><img loading=\"lazy\" decoding=\"async\" class=\"wp-image-36316 size-full\" src=\"https:\/\/mouldking.store\/wp-content\/uploads\/2022\/11\/MOC-21579-Mass-Effect-Andromeda-Tempest-8.jpg\" alt=\"MOC-21579 Mass Effect Andromeda Tempest With 1571 Pieces\" width=\"1000\" height=\"1000\" title=\"-\" srcset=\"https:\/\/mouldking.store\/wp-content\/uploads\/2022\/11\/MOC-21579-Mass-Effect-Andromeda-Tempest-8.jpg 1000w, https:\/\/mouldking.store\/wp-content\/uploads\/2022\/11\/MOC-21579-Mass-Effect-Andromeda-Tempest-8-300x300.jpg 300w, https:\/\/mouldking.store\/wp-content\/uploads\/2022\/11\/MOC-21579-Mass-Effect-Andromeda-Tempest-8-768x768.jpg 768w, https:\/\/mouldking.store\/wp-content\/uploads\/2022\/11\/MOC-21579-Mass-Effect-Andromeda-Tempest-8-600x600.jpg 600w, https:\/\/mouldking.store\/wp-content\/uploads\/2022\/11\/MOC-21579-Mass-Effect-Andromeda-Tempest-8-150x150.jpg 150w, https:\/\/mouldking.store\/wp-content\/uploads\/2022\/11\/MOC-21579-Mass-Effect-Andromeda-Tempest-8-60x60.jpg 60w, https:\/\/mouldking.store\/wp-content\/uploads\/2022\/11\/MOC-21579-Mass-Effect-Andromeda-Tempest-8-90x90.jpg 90w\" sizes=\"(max-width: 1000px) 100vw, 1000px\" \/><figcaption id=\"caption-attachment-36316\" class=\"wp-caption-text\">MOC-21579 Mass Effect Andromeda Tempest avec 1571 pi\u00e8ces<\/figcaption><\/figure>\n<figure id=\"attachment_36317\" aria-describedby=\"caption-attachment-36317\" style=\"width: 1000px\" class=\"wp-caption aligncenter\"><img loading=\"lazy\" decoding=\"async\" class=\"wp-image-36317 size-full\" src=\"https:\/\/mouldking.store\/wp-content\/uploads\/2022\/11\/MOC-21579-Mass-Effect-Andromeda-Tempest-7.jpg\" alt=\"MOC-21579 Mass Effect Andromeda Tempest With 1571 Pieces\" width=\"1000\" height=\"1000\" title=\"-\" srcset=\"https:\/\/mouldking.store\/wp-content\/uploads\/2022\/11\/MOC-21579-Mass-Effect-Andromeda-Tempest-7.jpg 1000w, https:\/\/mouldking.store\/wp-content\/uploads\/2022\/11\/MOC-21579-Mass-Effect-Andromeda-Tempest-7-300x300.jpg 300w, https:\/\/mouldking.store\/wp-content\/uploads\/2022\/11\/MOC-21579-Mass-Effect-Andromeda-Tempest-7-768x768.jpg 768w, https:\/\/mouldking.store\/wp-content\/uploads\/2022\/11\/MOC-21579-Mass-Effect-Andromeda-Tempest-7-600x600.jpg 600w, https:\/\/mouldking.store\/wp-content\/uploads\/2022\/11\/MOC-21579-Mass-Effect-Andromeda-Tempest-7-150x150.jpg 150w, https:\/\/mouldking.store\/wp-content\/uploads\/2022\/11\/MOC-21579-Mass-Effect-Andromeda-Tempest-7-60x60.jpg 60w, https:\/\/mouldking.store\/wp-content\/uploads\/2022\/11\/MOC-21579-Mass-Effect-Andromeda-Tempest-7-90x90.jpg 90w\" sizes=\"(max-width: 1000px) 100vw, 1000px\" \/><figcaption id=\"caption-attachment-36317\" class=\"wp-caption-text\">MOC-21579 Mass Effect Andromeda Tempest avec 1571 pi\u00e8ces<\/figcaption><\/figure>\n<figure id=\"attachment_36318\" aria-describedby=\"caption-attachment-36318\" style=\"width: 1000px\" class=\"wp-caption aligncenter\"><img loading=\"lazy\" decoding=\"async\" class=\"wp-image-36318 size-full\" src=\"https:\/\/mouldking.store\/wp-content\/uploads\/2022\/11\/MOC-21579-Mass-Effect-Andromeda-Tempest-6.jpg\" alt=\"MOC-21579 Mass Effect Andromeda Tempest With 1571 Pieces\" width=\"1000\" height=\"1000\" title=\"-\" srcset=\"https:\/\/mouldking.store\/wp-content\/uploads\/2022\/11\/MOC-21579-Mass-Effect-Andromeda-Tempest-6.jpg 1000w, https:\/\/mouldking.store\/wp-content\/uploads\/2022\/11\/MOC-21579-Mass-Effect-Andromeda-Tempest-6-300x300.jpg 300w, https:\/\/mouldking.store\/wp-content\/uploads\/2022\/11\/MOC-21579-Mass-Effect-Andromeda-Tempest-6-768x768.jpg 768w, https:\/\/mouldking.store\/wp-content\/uploads\/2022\/11\/MOC-21579-Mass-Effect-Andromeda-Tempest-6-600x600.jpg 600w, https:\/\/mouldking.store\/wp-content\/uploads\/2022\/11\/MOC-21579-Mass-Effect-Andromeda-Tempest-6-150x150.jpg 150w, https:\/\/mouldking.store\/wp-content\/uploads\/2022\/11\/MOC-21579-Mass-Effect-Andromeda-Tempest-6-60x60.jpg 60w, https:\/\/mouldking.store\/wp-content\/uploads\/2022\/11\/MOC-21579-Mass-Effect-Andromeda-Tempest-6-90x90.jpg 90w\" sizes=\"(max-width: 1000px) 100vw, 1000px\" \/><figcaption id=\"caption-attachment-36318\" class=\"wp-caption-text\">MOC-21579 Mass Effect Andromeda Tempest avec 1571 pi\u00e8ces<\/figcaption><\/figure>\n<figure id=\"attachment_36319\" aria-describedby=\"caption-attachment-36319\" style=\"width: 1000px\" class=\"wp-caption aligncenter\"><img loading=\"lazy\" decoding=\"async\" class=\"wp-image-36319 size-full\" src=\"https:\/\/mouldking.store\/wp-content\/uploads\/2022\/11\/MOC-21579-Mass-Effect-Andromeda-Tempest-5.jpg\" alt=\"MOC-21579 Mass Effect Andromeda Tempest With 1571 Pieces\" width=\"1000\" height=\"1000\" title=\"-\" srcset=\"https:\/\/mouldking.store\/wp-content\/uploads\/2022\/11\/MOC-21579-Mass-Effect-Andromeda-Tempest-5.jpg 1000w, https:\/\/mouldking.store\/wp-content\/uploads\/2022\/11\/MOC-21579-Mass-Effect-Andromeda-Tempest-5-300x300.jpg 300w, https:\/\/mouldking.store\/wp-content\/uploads\/2022\/11\/MOC-21579-Mass-Effect-Andromeda-Tempest-5-768x768.jpg 768w, https:\/\/mouldking.store\/wp-content\/uploads\/2022\/11\/MOC-21579-Mass-Effect-Andromeda-Tempest-5-600x600.jpg 600w, https:\/\/mouldking.store\/wp-content\/uploads\/2022\/11\/MOC-21579-Mass-Effect-Andromeda-Tempest-5-150x150.jpg 150w, https:\/\/mouldking.store\/wp-content\/uploads\/2022\/11\/MOC-21579-Mass-Effect-Andromeda-Tempest-5-60x60.jpg 60w, https:\/\/mouldking.store\/wp-content\/uploads\/2022\/11\/MOC-21579-Mass-Effect-Andromeda-Tempest-5-90x90.jpg 90w\" sizes=\"(max-width: 1000px) 100vw, 1000px\" \/><figcaption id=\"caption-attachment-36319\" class=\"wp-caption-text\">MOC-21579 Mass Effect Andromeda Tempest avec 1571 pi\u00e8ces<\/figcaption><\/figure>\n<figure id=\"attachment_36320\" aria-describedby=\"caption-attachment-36320\" style=\"width: 1000px\" class=\"wp-caption aligncenter\"><img loading=\"lazy\" decoding=\"async\" class=\"wp-image-36320 size-full\" src=\"https:\/\/mouldking.store\/wp-content\/uploads\/2022\/11\/MOC-21579-Mass-Effect-Andromeda-Tempest-4.jpg\" alt=\"MOC-21579 Mass Effect Andromeda Tempest With 1571 Pieces\" width=\"1000\" height=\"1000\" title=\"-\" srcset=\"https:\/\/mouldking.store\/wp-content\/uploads\/2022\/11\/MOC-21579-Mass-Effect-Andromeda-Tempest-4.jpg 1000w, https:\/\/mouldking.store\/wp-content\/uploads\/2022\/11\/MOC-21579-Mass-Effect-Andromeda-Tempest-4-300x300.jpg 300w, https:\/\/mouldking.store\/wp-content\/uploads\/2022\/11\/MOC-21579-Mass-Effect-Andromeda-Tempest-4-768x768.jpg 768w, https:\/\/mouldking.store\/wp-content\/uploads\/2022\/11\/MOC-21579-Mass-Effect-Andromeda-Tempest-4-600x600.jpg 600w, https:\/\/mouldking.store\/wp-content\/uploads\/2022\/11\/MOC-21579-Mass-Effect-Andromeda-Tempest-4-150x150.jpg 150w, https:\/\/mouldking.store\/wp-content\/uploads\/2022\/11\/MOC-21579-Mass-Effect-Andromeda-Tempest-4-60x60.jpg 60w, https:\/\/mouldking.store\/wp-content\/uploads\/2022\/11\/MOC-21579-Mass-Effect-Andromeda-Tempest-4-90x90.jpg 90w\" sizes=\"(max-width: 1000px) 100vw, 1000px\" \/><figcaption id=\"caption-attachment-36320\" class=\"wp-caption-text\">MOC-21579 Mass Effect Andromeda Tempest avec 1571 pi\u00e8ces<\/figcaption><\/figure>\n<figure id=\"attachment_36321\" aria-describedby=\"caption-attachment-36321\" style=\"width: 1000px\" class=\"wp-caption aligncenter\"><img loading=\"lazy\" decoding=\"async\" class=\"wp-image-36321 size-full\" src=\"https:\/\/mouldking.store\/wp-content\/uploads\/2022\/11\/MOC-21579-Mass-Effect-Andromeda-Tempest-3.jpg\" alt=\"MOC-21579 Mass Effect Andromeda Tempest With 1571 Pieces\" width=\"1000\" height=\"1000\" title=\"-\" srcset=\"https:\/\/mouldking.store\/wp-content\/uploads\/2022\/11\/MOC-21579-Mass-Effect-Andromeda-Tempest-3.jpg 1000w, https:\/\/mouldking.store\/wp-content\/uploads\/2022\/11\/MOC-21579-Mass-Effect-Andromeda-Tempest-3-300x300.jpg 300w, https:\/\/mouldking.store\/wp-content\/uploads\/2022\/11\/MOC-21579-Mass-Effect-Andromeda-Tempest-3-768x768.jpg 768w, https:\/\/mouldking.store\/wp-content\/uploads\/2022\/11\/MOC-21579-Mass-Effect-Andromeda-Tempest-3-600x600.jpg 600w, https:\/\/mouldking.store\/wp-content\/uploads\/2022\/11\/MOC-21579-Mass-Effect-Andromeda-Tempest-3-150x150.jpg 150w, https:\/\/mouldking.store\/wp-content\/uploads\/2022\/11\/MOC-21579-Mass-Effect-Andromeda-Tempest-3-60x60.jpg 60w, https:\/\/mouldking.store\/wp-content\/uploads\/2022\/11\/MOC-21579-Mass-Effect-Andromeda-Tempest-3-90x90.jpg 90w\" sizes=\"(max-width: 1000px) 100vw, 1000px\" \/><figcaption id=\"caption-attachment-36321\" class=\"wp-caption-text\">MOC-21579 Mass Effect Andromeda Tempest avec 1571 pi\u00e8ces<\/figcaption><\/figure>\n<figure id=\"attachment_36322\" aria-describedby=\"caption-attachment-36322\" style=\"width: 1000px\" class=\"wp-caption aligncenter\"><img loading=\"lazy\" decoding=\"async\" class=\"wp-image-36322 size-full\" src=\"https:\/\/mouldking.store\/wp-content\/uploads\/2022\/11\/MOC-21579-Mass-Effect-Andromeda-Tempest-2.jpg\" alt=\"MOC-21579 Mass Effect Andromeda Tempest With 1571 Pieces\" width=\"1000\" height=\"1000\" title=\"-\" srcset=\"https:\/\/mouldking.store\/wp-content\/uploads\/2022\/11\/MOC-21579-Mass-Effect-Andromeda-Tempest-2.jpg 1000w, https:\/\/mouldking.store\/wp-content\/uploads\/2022\/11\/MOC-21579-Mass-Effect-Andromeda-Tempest-2-300x300.jpg 300w, https:\/\/mouldking.store\/wp-content\/uploads\/2022\/11\/MOC-21579-Mass-Effect-Andromeda-Tempest-2-768x768.jpg 768w, https:\/\/mouldking.store\/wp-content\/uploads\/2022\/11\/MOC-21579-Mass-Effect-Andromeda-Tempest-2-600x600.jpg 600w, https:\/\/mouldking.store\/wp-content\/uploads\/2022\/11\/MOC-21579-Mass-Effect-Andromeda-Tempest-2-150x150.jpg 150w, https:\/\/mouldking.store\/wp-content\/uploads\/2022\/11\/MOC-21579-Mass-Effect-Andromeda-Tempest-2-60x60.jpg 60w, https:\/\/mouldking.store\/wp-content\/uploads\/2022\/11\/MOC-21579-Mass-Effect-Andromeda-Tempest-2-90x90.jpg 90w\" sizes=\"(max-width: 1000px) 100vw, 1000px\" \/><figcaption id=\"caption-attachment-36322\" class=\"wp-caption-text\">MOC-21579 Mass Effect Andromeda Tempest avec 1571 pi\u00e8ces<\/figcaption><\/figure>\n<figure id=\"attachment_36323\" aria-describedby=\"caption-attachment-36323\" style=\"width: 1000px\" class=\"wp-caption aligncenter\"><img loading=\"lazy\" decoding=\"async\" class=\"wp-image-36323 size-full\" src=\"https:\/\/mouldking.store\/wp-content\/uploads\/2022\/11\/MOC-21579-Mass-Effect-Andromeda-Tempest-1.jpg\" alt=\"MOC-21579 Mass Effect Andromeda Tempest With 1571 Pieces\" width=\"1000\" height=\"1000\" title=\"-\" srcset=\"https:\/\/mouldking.store\/wp-content\/uploads\/2022\/11\/MOC-21579-Mass-Effect-Andromeda-Tempest-1.jpg 1000w, https:\/\/mouldking.store\/wp-content\/uploads\/2022\/11\/MOC-21579-Mass-Effect-Andromeda-Tempest-1-300x300.jpg 300w, https:\/\/mouldking.store\/wp-content\/uploads\/2022\/11\/MOC-21579-Mass-Effect-Andromeda-Tempest-1-768x768.jpg 768w, https:\/\/mouldking.store\/wp-content\/uploads\/2022\/11\/MOC-21579-Mass-Effect-Andromeda-Tempest-1-600x600.jpg 600w, https:\/\/mouldking.store\/wp-content\/uploads\/2022\/11\/MOC-21579-Mass-Effect-Andromeda-Tempest-1-150x150.jpg 150w, https:\/\/mouldking.store\/wp-content\/uploads\/2022\/11\/MOC-21579-Mass-Effect-Andromeda-Tempest-1-60x60.jpg 60w, https:\/\/mouldking.store\/wp-content\/uploads\/2022\/11\/MOC-21579-Mass-Effect-Andromeda-Tempest-1-90x90.jpg 90w\" sizes=\"(max-width: 1000px) 100vw, 1000px\" \/><figcaption id=\"caption-attachment-36323\" class=\"wp-caption-text\">MOC-21579 Mass Effect Andromeda Tempest avec 1571 pi\u00e8ces<\/figcaption><\/figure>","protected":false},"excerpt":{"rendered":"<p>Product information: Brand: MOC Gender: Unisex Name: Mass Effect Andromeda Tempest Age Range: &gt; 6 years old Model Number: 21579 Classification: Assemblage Plastic Block Shape: Self-Locking Bricks Material: Plastic Plastic Type: ABS Bricks Blocks:1571 PCS Size: 67 x 40.1 x 11.6 cm Weight: 1.38 kg Contains detailed assembly instructions. Notice: 1. Without an original box, [&hellip;]<\/p>","protected":false},"featured_media":36313,"comment_status":"closed","ping_status":"closed","template":"","meta":{"_acf_changed":false},"product_cat":[1406,6016],"product_tag":[8320,8322,8319,8323,8318,8324,8317,8321],"class_list":["product","first","instock","shipping-taxable","purchasable","product-type-simple"],"acf":[],"_links":{"self":[{"href":"https:\/\/mouldking.store\/fr\/wp-json\/wp\/v2\/product\/36312","targetHints":{"allow":["GET"]}}],"collection":[{"href":"https:\/\/mouldking.store\/fr\/wp-json\/wp\/v2\/product"}],"about":[{"href":"https:\/\/mouldking.store\/fr\/wp-json\/wp\/v2\/types\/product"}],"replies":[{"embeddable":true,"href":"https:\/\/mouldking.store\/fr\/wp-json\/wp\/v2\/comments?post=36312"}],"wp:featuredmedia":[{"embeddable":true,"href":"https:\/\/mouldking.store\/fr\/wp-json\/wp\/v2\/media\/36313"}],"wp:attachment":[{"href":"https:\/\/mouldking.store\/fr\/wp-json\/wp\/v2\/media?parent=36312"}],"wp:term":[{"taxonomy":"product_cat","embeddable":true,"href":"https:\/\/mouldking.store\/fr\/wp-json\/wp\/v2\/product_cat?post=36312"},{"taxonomy":"product_tag","embeddable":true,"href":"https:\/\/mouldking.store\/fr\/wp-json\/wp\/v2\/product_tag?post=36312"}],"curies":[{"name":"wp","href":"https:\/\/api.w.org\/{rel}","templated":true}]}}