{"id":36451,"date":"2022-11-25T16:57:15","date_gmt":"2022-11-25T09:57:15","guid":{"rendered":"https:\/\/mouldking.store\/?post_type=product&#038;p=36451"},"modified":"2022-11-25T16:57:15","modified_gmt":"2022-11-25T09:57:15","slug":"rihio-mm008-lair-perambulator","status":"publish","type":"product","link":"https:\/\/mouldking.store\/fr\/shop\/rihio-mm008-lair-perambulator\/","title":{"rendered":"RIHIO MM008 LAIR PERAMBULATOR"},"content":{"rendered":"<p>Information produit:<\/p>\n<ol>\n<li>Marque : RIHIO<\/li>\n<li>Genre: Unisexe<\/li>\n<li>Name: LAIR PERAMBULATOR<\/li>\n<li>Tranche d&#039;\u00e2ge : &gt; 6 ans<\/li>\n<li>Model Number: MM008<\/li>\n<li>Classement : Assemblage<\/li>\n<li>Forme de bloc en plastique\u00a0: briques autobloquantes<\/li>\n<li>Mat\u00e9riel: Plastique<\/li>\n<li>Type de plastique : ABS<\/li>\n<li>Size: \u00a07 x 12 x 8 cm<\/li>\n<li>Contient des instructions de montage d\u00e9taill\u00e9es.<\/li>\n<\/ol>\n<p>Avis:<br \/>\n1. Sans bo\u00eete d&#039;origine, mais nous garantissons que nos produits ont une assurance qualit\u00e9 et un bel emballage.<br \/>\n2. Comme toutes les pi\u00e8ces que nous avons v\u00e9rifi\u00e9es avant l&#039;exp\u00e9dition, donc si vous trouvez des pi\u00e8ces manquantes ou endommag\u00e9es, ne vous inqui\u00e9tez pas et veuillez nous contacter et nous pouvons vous les renvoyer imm\u00e9diatement gratuitement.<\/p>\n<figure id=\"attachment_36452\" aria-describedby=\"caption-attachment-36452\" style=\"width: 800px\" class=\"wp-caption aligncenter\"><img fetchpriority=\"high\" decoding=\"async\" class=\"wp-image-36452 size-full\" src=\"https:\/\/mouldking.store\/wp-content\/uploads\/2022\/11\/RIHIO-MM008-LAIR-PERAMBULATOR-16.jpg\" alt=\"RIHIO MM008 LAIR PERAMBULATOR\" width=\"800\" height=\"800\" title=\"-\" srcset=\"https:\/\/mouldking.store\/wp-content\/uploads\/2022\/11\/RIHIO-MM008-LAIR-PERAMBULATOR-16.jpg 800w, https:\/\/mouldking.store\/wp-content\/uploads\/2022\/11\/RIHIO-MM008-LAIR-PERAMBULATOR-16-300x300.jpg 300w, https:\/\/mouldking.store\/wp-content\/uploads\/2022\/11\/RIHIO-MM008-LAIR-PERAMBULATOR-16-768x768.jpg 768w, https:\/\/mouldking.store\/wp-content\/uploads\/2022\/11\/RIHIO-MM008-LAIR-PERAMBULATOR-16-600x600.jpg 600w, https:\/\/mouldking.store\/wp-content\/uploads\/2022\/11\/RIHIO-MM008-LAIR-PERAMBULATOR-16-150x150.jpg 150w, https:\/\/mouldking.store\/wp-content\/uploads\/2022\/11\/RIHIO-MM008-LAIR-PERAMBULATOR-16-60x60.jpg 60w, https:\/\/mouldking.store\/wp-content\/uploads\/2022\/11\/RIHIO-MM008-LAIR-PERAMBULATOR-16-90x90.jpg 90w\" sizes=\"(max-width: 800px) 100vw, 800px\" \/><figcaption id=\"caption-attachment-36452\" class=\"wp-caption-text\">RIHIO MM008 LAIR PERAMBULATOR<\/figcaption><\/figure>\n<figure id=\"attachment_36453\" aria-describedby=\"caption-attachment-36453\" style=\"width: 800px\" class=\"wp-caption aligncenter\"><img decoding=\"async\" class=\"wp-image-36453 size-full\" src=\"https:\/\/mouldking.store\/wp-content\/uploads\/2022\/11\/RIHIO-MM008-LAIR-PERAMBULATOR-15.jpg\" alt=\"RIHIO MM008 LAIR PERAMBULATOR\" width=\"800\" height=\"800\" title=\"-\" srcset=\"https:\/\/mouldking.store\/wp-content\/uploads\/2022\/11\/RIHIO-MM008-LAIR-PERAMBULATOR-15.jpg 800w, https:\/\/mouldking.store\/wp-content\/uploads\/2022\/11\/RIHIO-MM008-LAIR-PERAMBULATOR-15-300x300.jpg 300w, https:\/\/mouldking.store\/wp-content\/uploads\/2022\/11\/RIHIO-MM008-LAIR-PERAMBULATOR-15-768x768.jpg 768w, https:\/\/mouldking.store\/wp-content\/uploads\/2022\/11\/RIHIO-MM008-LAIR-PERAMBULATOR-15-600x600.jpg 600w, https:\/\/mouldking.store\/wp-content\/uploads\/2022\/11\/RIHIO-MM008-LAIR-PERAMBULATOR-15-150x150.jpg 150w, https:\/\/mouldking.store\/wp-content\/uploads\/2022\/11\/RIHIO-MM008-LAIR-PERAMBULATOR-15-60x60.jpg 60w, https:\/\/mouldking.store\/wp-content\/uploads\/2022\/11\/RIHIO-MM008-LAIR-PERAMBULATOR-15-90x90.jpg 90w\" sizes=\"(max-width: 800px) 100vw, 800px\" \/><figcaption id=\"caption-attachment-36453\" class=\"wp-caption-text\">RIHIO MM008 LAIR PERAMBULATOR<\/figcaption><\/figure>\n<figure id=\"attachment_36454\" aria-describedby=\"caption-attachment-36454\" style=\"width: 800px\" class=\"wp-caption aligncenter\"><img decoding=\"async\" class=\"wp-image-36454 size-full\" src=\"https:\/\/mouldking.store\/wp-content\/uploads\/2022\/11\/RIHIO-MM008-LAIR-PERAMBULATOR-14.jpg\" alt=\"RIHIO MM008 LAIR PERAMBULATOR\" width=\"800\" height=\"800\" title=\"-\" srcset=\"https:\/\/mouldking.store\/wp-content\/uploads\/2022\/11\/RIHIO-MM008-LAIR-PERAMBULATOR-14.jpg 800w, https:\/\/mouldking.store\/wp-content\/uploads\/2022\/11\/RIHIO-MM008-LAIR-PERAMBULATOR-14-300x300.jpg 300w, https:\/\/mouldking.store\/wp-content\/uploads\/2022\/11\/RIHIO-MM008-LAIR-PERAMBULATOR-14-768x768.jpg 768w, https:\/\/mouldking.store\/wp-content\/uploads\/2022\/11\/RIHIO-MM008-LAIR-PERAMBULATOR-14-600x600.jpg 600w, https:\/\/mouldking.store\/wp-content\/uploads\/2022\/11\/RIHIO-MM008-LAIR-PERAMBULATOR-14-150x150.jpg 150w, https:\/\/mouldking.store\/wp-content\/uploads\/2022\/11\/RIHIO-MM008-LAIR-PERAMBULATOR-14-60x60.jpg 60w, https:\/\/mouldking.store\/wp-content\/uploads\/2022\/11\/RIHIO-MM008-LAIR-PERAMBULATOR-14-90x90.jpg 90w\" sizes=\"(max-width: 800px) 100vw, 800px\" \/><figcaption id=\"caption-attachment-36454\" class=\"wp-caption-text\">RIHIO MM008 LAIR PERAMBULATOR<\/figcaption><\/figure>\n<figure id=\"attachment_36455\" aria-describedby=\"caption-attachment-36455\" style=\"width: 800px\" class=\"wp-caption aligncenter\"><img loading=\"lazy\" decoding=\"async\" class=\"wp-image-36455 size-full\" src=\"https:\/\/mouldking.store\/wp-content\/uploads\/2022\/11\/RIHIO-MM008-LAIR-PERAMBULATOR-13.jpg\" alt=\"RIHIO MM008 LAIR PERAMBULATOR\" width=\"800\" height=\"800\" title=\"-\" srcset=\"https:\/\/mouldking.store\/wp-content\/uploads\/2022\/11\/RIHIO-MM008-LAIR-PERAMBULATOR-13.jpg 800w, https:\/\/mouldking.store\/wp-content\/uploads\/2022\/11\/RIHIO-MM008-LAIR-PERAMBULATOR-13-300x300.jpg 300w, https:\/\/mouldking.store\/wp-content\/uploads\/2022\/11\/RIHIO-MM008-LAIR-PERAMBULATOR-13-768x768.jpg 768w, https:\/\/mouldking.store\/wp-content\/uploads\/2022\/11\/RIHIO-MM008-LAIR-PERAMBULATOR-13-600x600.jpg 600w, https:\/\/mouldking.store\/wp-content\/uploads\/2022\/11\/RIHIO-MM008-LAIR-PERAMBULATOR-13-150x150.jpg 150w, https:\/\/mouldking.store\/wp-content\/uploads\/2022\/11\/RIHIO-MM008-LAIR-PERAMBULATOR-13-60x60.jpg 60w, https:\/\/mouldking.store\/wp-content\/uploads\/2022\/11\/RIHIO-MM008-LAIR-PERAMBULATOR-13-90x90.jpg 90w\" sizes=\"(max-width: 800px) 100vw, 800px\" \/><figcaption id=\"caption-attachment-36455\" class=\"wp-caption-text\">RIHIO MM008 LAIR PERAMBULATOR<\/figcaption><\/figure>\n<figure id=\"attachment_36456\" aria-describedby=\"caption-attachment-36456\" style=\"width: 788px\" class=\"wp-caption aligncenter\"><img loading=\"lazy\" decoding=\"async\" class=\"wp-image-36456 size-full\" src=\"https:\/\/mouldking.store\/wp-content\/uploads\/2022\/11\/RIHIO-MM008-LAIR-PERAMBULATOR-12.jpg\" alt=\"RIHIO MM008 LAIR PERAMBULATOR\" width=\"788\" height=\"660\" title=\"-\" srcset=\"https:\/\/mouldking.store\/wp-content\/uploads\/2022\/11\/RIHIO-MM008-LAIR-PERAMBULATOR-12.jpg 788w, https:\/\/mouldking.store\/wp-content\/uploads\/2022\/11\/RIHIO-MM008-LAIR-PERAMBULATOR-12-300x251.jpg 300w, https:\/\/mouldking.store\/wp-content\/uploads\/2022\/11\/RIHIO-MM008-LAIR-PERAMBULATOR-12-768x643.jpg 768w, https:\/\/mouldking.store\/wp-content\/uploads\/2022\/11\/RIHIO-MM008-LAIR-PERAMBULATOR-12-600x503.jpg 600w, https:\/\/mouldking.store\/wp-content\/uploads\/2022\/11\/RIHIO-MM008-LAIR-PERAMBULATOR-12-150x126.jpg 150w, https:\/\/mouldking.store\/wp-content\/uploads\/2022\/11\/RIHIO-MM008-LAIR-PERAMBULATOR-12-72x60.jpg 72w, https:\/\/mouldking.store\/wp-content\/uploads\/2022\/11\/RIHIO-MM008-LAIR-PERAMBULATOR-12-107x90.jpg 107w\" sizes=\"(max-width: 788px) 100vw, 788px\" \/><figcaption id=\"caption-attachment-36456\" class=\"wp-caption-text\">RIHIO MM008 LAIR PERAMBULATOR<\/figcaption><\/figure>\n<figure id=\"attachment_36457\" aria-describedby=\"caption-attachment-36457\" style=\"width: 1024px\" class=\"wp-caption aligncenter\"><img loading=\"lazy\" decoding=\"async\" class=\"wp-image-36457 size-full\" src=\"https:\/\/mouldking.store\/wp-content\/uploads\/2022\/11\/RIHIO-MM008-LAIR-PERAMBULATOR-11.jpg\" alt=\"RIHIO MM008 LAIR PERAMBULATOR\" width=\"1024\" height=\"891\" title=\"-\" srcset=\"https:\/\/mouldking.store\/wp-content\/uploads\/2022\/11\/RIHIO-MM008-LAIR-PERAMBULATOR-11.jpg 1024w, https:\/\/mouldking.store\/wp-content\/uploads\/2022\/11\/RIHIO-MM008-LAIR-PERAMBULATOR-11-300x261.jpg 300w, https:\/\/mouldking.store\/wp-content\/uploads\/2022\/11\/RIHIO-MM008-LAIR-PERAMBULATOR-11-768x668.jpg 768w, https:\/\/mouldking.store\/wp-content\/uploads\/2022\/11\/RIHIO-MM008-LAIR-PERAMBULATOR-11-600x522.jpg 600w, https:\/\/mouldking.store\/wp-content\/uploads\/2022\/11\/RIHIO-MM008-LAIR-PERAMBULATOR-11-150x131.jpg 150w, https:\/\/mouldking.store\/wp-content\/uploads\/2022\/11\/RIHIO-MM008-LAIR-PERAMBULATOR-11-69x60.jpg 69w, https:\/\/mouldking.store\/wp-content\/uploads\/2022\/11\/RIHIO-MM008-LAIR-PERAMBULATOR-11-103x90.jpg 103w\" sizes=\"(max-width: 1024px) 100vw, 1024px\" \/><figcaption id=\"caption-attachment-36457\" class=\"wp-caption-text\">RIHIO MM008 LAIR PERAMBULATOR<\/figcaption><\/figure>\n<figure id=\"attachment_36458\" aria-describedby=\"caption-attachment-36458\" style=\"width: 1024px\" class=\"wp-caption aligncenter\"><img loading=\"lazy\" decoding=\"async\" class=\"wp-image-36458 size-full\" src=\"https:\/\/mouldking.store\/wp-content\/uploads\/2022\/11\/RIHIO-MM008-LAIR-PERAMBULATOR-10.jpg\" alt=\"RIHIO MM008 LAIR PERAMBULATOR\" width=\"1024\" height=\"986\" title=\"-\" srcset=\"https:\/\/mouldking.store\/wp-content\/uploads\/2022\/11\/RIHIO-MM008-LAIR-PERAMBULATOR-10.jpg 1024w, https:\/\/mouldking.store\/wp-content\/uploads\/2022\/11\/RIHIO-MM008-LAIR-PERAMBULATOR-10-300x289.jpg 300w, https:\/\/mouldking.store\/wp-content\/uploads\/2022\/11\/RIHIO-MM008-LAIR-PERAMBULATOR-10-768x740.jpg 768w, https:\/\/mouldking.store\/wp-content\/uploads\/2022\/11\/RIHIO-MM008-LAIR-PERAMBULATOR-10-600x578.jpg 600w, https:\/\/mouldking.store\/wp-content\/uploads\/2022\/11\/RIHIO-MM008-LAIR-PERAMBULATOR-10-150x144.jpg 150w, https:\/\/mouldking.store\/wp-content\/uploads\/2022\/11\/RIHIO-MM008-LAIR-PERAMBULATOR-10-62x60.jpg 62w, https:\/\/mouldking.store\/wp-content\/uploads\/2022\/11\/RIHIO-MM008-LAIR-PERAMBULATOR-10-93x90.jpg 93w\" sizes=\"(max-width: 1024px) 100vw, 1024px\" \/><figcaption id=\"caption-attachment-36458\" class=\"wp-caption-text\">RIHIO MM008 LAIR PERAMBULATOR<\/figcaption><\/figure>\n<figure id=\"attachment_36459\" aria-describedby=\"caption-attachment-36459\" style=\"width: 1024px\" class=\"wp-caption aligncenter\"><img loading=\"lazy\" decoding=\"async\" class=\"wp-image-36459 size-full\" src=\"https:\/\/mouldking.store\/wp-content\/uploads\/2022\/11\/RIHIO-MM008-LAIR-PERAMBULATOR-9.jpg\" alt=\"RIHIO MM008 LAIR PERAMBULATOR\" width=\"1024\" height=\"978\" title=\"-\" srcset=\"https:\/\/mouldking.store\/wp-content\/uploads\/2022\/11\/RIHIO-MM008-LAIR-PERAMBULATOR-9.jpg 1024w, https:\/\/mouldking.store\/wp-content\/uploads\/2022\/11\/RIHIO-MM008-LAIR-PERAMBULATOR-9-300x287.jpg 300w, https:\/\/mouldking.store\/wp-content\/uploads\/2022\/11\/RIHIO-MM008-LAIR-PERAMBULATOR-9-768x734.jpg 768w, https:\/\/mouldking.store\/wp-content\/uploads\/2022\/11\/RIHIO-MM008-LAIR-PERAMBULATOR-9-600x573.jpg 600w, https:\/\/mouldking.store\/wp-content\/uploads\/2022\/11\/RIHIO-MM008-LAIR-PERAMBULATOR-9-150x143.jpg 150w, https:\/\/mouldking.store\/wp-content\/uploads\/2022\/11\/RIHIO-MM008-LAIR-PERAMBULATOR-9-63x60.jpg 63w, https:\/\/mouldking.store\/wp-content\/uploads\/2022\/11\/RIHIO-MM008-LAIR-PERAMBULATOR-9-94x90.jpg 94w\" sizes=\"(max-width: 1024px) 100vw, 1024px\" \/><figcaption id=\"caption-attachment-36459\" class=\"wp-caption-text\">RIHIO MM008 LAIR PERAMBULATOR<\/figcaption><\/figure>\n<figure id=\"attachment_36460\" aria-describedby=\"caption-attachment-36460\" style=\"width: 1024px\" class=\"wp-caption aligncenter\"><img loading=\"lazy\" decoding=\"async\" class=\"wp-image-36460 size-full\" src=\"https:\/\/mouldking.store\/wp-content\/uploads\/2022\/11\/RIHIO-MM008-LAIR-PERAMBULATOR-8.jpg\" alt=\"RIHIO MM008 LAIR PERAMBULATOR\" width=\"1024\" height=\"880\" title=\"-\" srcset=\"https:\/\/mouldking.store\/wp-content\/uploads\/2022\/11\/RIHIO-MM008-LAIR-PERAMBULATOR-8.jpg 1024w, https:\/\/mouldking.store\/wp-content\/uploads\/2022\/11\/RIHIO-MM008-LAIR-PERAMBULATOR-8-300x258.jpg 300w, https:\/\/mouldking.store\/wp-content\/uploads\/2022\/11\/RIHIO-MM008-LAIR-PERAMBULATOR-8-768x660.jpg 768w, https:\/\/mouldking.store\/wp-content\/uploads\/2022\/11\/RIHIO-MM008-LAIR-PERAMBULATOR-8-600x516.jpg 600w, https:\/\/mouldking.store\/wp-content\/uploads\/2022\/11\/RIHIO-MM008-LAIR-PERAMBULATOR-8-150x129.jpg 150w, https:\/\/mouldking.store\/wp-content\/uploads\/2022\/11\/RIHIO-MM008-LAIR-PERAMBULATOR-8-70x60.jpg 70w, https:\/\/mouldking.store\/wp-content\/uploads\/2022\/11\/RIHIO-MM008-LAIR-PERAMBULATOR-8-105x90.jpg 105w\" sizes=\"(max-width: 1024px) 100vw, 1024px\" \/><figcaption id=\"caption-attachment-36460\" class=\"wp-caption-text\">RIHIO MM008 LAIR PERAMBULATOR<\/figcaption><\/figure>\n<figure id=\"attachment_36461\" aria-describedby=\"caption-attachment-36461\" style=\"width: 947px\" class=\"wp-caption aligncenter\"><img loading=\"lazy\" decoding=\"async\" class=\"wp-image-36461 size-full\" src=\"https:\/\/mouldking.store\/wp-content\/uploads\/2022\/11\/RIHIO-MM008-LAIR-PERAMBULATOR-7.jpg\" alt=\"RIHIO MM008 LAIR PERAMBULATOR\" width=\"947\" height=\"1024\" title=\"-\" srcset=\"https:\/\/mouldking.store\/wp-content\/uploads\/2022\/11\/RIHIO-MM008-LAIR-PERAMBULATOR-7.jpg 947w, https:\/\/mouldking.store\/wp-content\/uploads\/2022\/11\/RIHIO-MM008-LAIR-PERAMBULATOR-7-277x300.jpg 277w, https:\/\/mouldking.store\/wp-content\/uploads\/2022\/11\/RIHIO-MM008-LAIR-PERAMBULATOR-7-768x830.jpg 768w, https:\/\/mouldking.store\/wp-content\/uploads\/2022\/11\/RIHIO-MM008-LAIR-PERAMBULATOR-7-300x324.jpg 300w, https:\/\/mouldking.store\/wp-content\/uploads\/2022\/11\/RIHIO-MM008-LAIR-PERAMBULATOR-7-600x649.jpg 600w, https:\/\/mouldking.store\/wp-content\/uploads\/2022\/11\/RIHIO-MM008-LAIR-PERAMBULATOR-7-139x150.jpg 139w, https:\/\/mouldking.store\/wp-content\/uploads\/2022\/11\/RIHIO-MM008-LAIR-PERAMBULATOR-7-55x60.jpg 55w, https:\/\/mouldking.store\/wp-content\/uploads\/2022\/11\/RIHIO-MM008-LAIR-PERAMBULATOR-7-83x90.jpg 83w\" sizes=\"(max-width: 947px) 100vw, 947px\" \/><figcaption id=\"caption-attachment-36461\" class=\"wp-caption-text\">RIHIO MM008 LAIR PERAMBULATOR<\/figcaption><\/figure>\n<figure id=\"attachment_36462\" aria-describedby=\"caption-attachment-36462\" style=\"width: 1002px\" class=\"wp-caption aligncenter\"><img loading=\"lazy\" decoding=\"async\" class=\"wp-image-36462 size-full\" src=\"https:\/\/mouldking.store\/wp-content\/uploads\/2022\/11\/RIHIO-MM008-LAIR-PERAMBULATOR-6.jpg\" alt=\"RIHIO MM008 LAIR PERAMBULATOR\" width=\"1002\" height=\"1024\" title=\"-\" srcset=\"https:\/\/mouldking.store\/wp-content\/uploads\/2022\/11\/RIHIO-MM008-LAIR-PERAMBULATOR-6.jpg 1002w, https:\/\/mouldking.store\/wp-content\/uploads\/2022\/11\/RIHIO-MM008-LAIR-PERAMBULATOR-6-294x300.jpg 294w, https:\/\/mouldking.store\/wp-content\/uploads\/2022\/11\/RIHIO-MM008-LAIR-PERAMBULATOR-6-768x785.jpg 768w, https:\/\/mouldking.store\/wp-content\/uploads\/2022\/11\/RIHIO-MM008-LAIR-PERAMBULATOR-6-300x307.jpg 300w, https:\/\/mouldking.store\/wp-content\/uploads\/2022\/11\/RIHIO-MM008-LAIR-PERAMBULATOR-6-600x613.jpg 600w, https:\/\/mouldking.store\/wp-content\/uploads\/2022\/11\/RIHIO-MM008-LAIR-PERAMBULATOR-6-147x150.jpg 147w, https:\/\/mouldking.store\/wp-content\/uploads\/2022\/11\/RIHIO-MM008-LAIR-PERAMBULATOR-6-59x60.jpg 59w, https:\/\/mouldking.store\/wp-content\/uploads\/2022\/11\/RIHIO-MM008-LAIR-PERAMBULATOR-6-88x90.jpg 88w\" sizes=\"(max-width: 1002px) 100vw, 1002px\" \/><figcaption id=\"caption-attachment-36462\" class=\"wp-caption-text\">RIHIO MM008 LAIR PERAMBULATOR<\/figcaption><\/figure>\n<figure id=\"attachment_36463\" aria-describedby=\"caption-attachment-36463\" style=\"width: 1024px\" class=\"wp-caption aligncenter\"><img loading=\"lazy\" decoding=\"async\" class=\"wp-image-36463 size-full\" src=\"https:\/\/mouldking.store\/wp-content\/uploads\/2022\/11\/RIHIO-MM008-LAIR-PERAMBULATOR-5.jpg\" alt=\"RIHIO MM008 LAIR PERAMBULATOR\" width=\"1024\" height=\"853\" title=\"-\" srcset=\"https:\/\/mouldking.store\/wp-content\/uploads\/2022\/11\/RIHIO-MM008-LAIR-PERAMBULATOR-5.jpg 1024w, https:\/\/mouldking.store\/wp-content\/uploads\/2022\/11\/RIHIO-MM008-LAIR-PERAMBULATOR-5-300x250.jpg 300w, https:\/\/mouldking.store\/wp-content\/uploads\/2022\/11\/RIHIO-MM008-LAIR-PERAMBULATOR-5-768x640.jpg 768w, https:\/\/mouldking.store\/wp-content\/uploads\/2022\/11\/RIHIO-MM008-LAIR-PERAMBULATOR-5-600x500.jpg 600w, https:\/\/mouldking.store\/wp-content\/uploads\/2022\/11\/RIHIO-MM008-LAIR-PERAMBULATOR-5-150x125.jpg 150w, https:\/\/mouldking.store\/wp-content\/uploads\/2022\/11\/RIHIO-MM008-LAIR-PERAMBULATOR-5-72x60.jpg 72w, https:\/\/mouldking.store\/wp-content\/uploads\/2022\/11\/RIHIO-MM008-LAIR-PERAMBULATOR-5-108x90.jpg 108w\" sizes=\"(max-width: 1024px) 100vw, 1024px\" \/><figcaption id=\"caption-attachment-36463\" class=\"wp-caption-text\">RIHIO MM008 LAIR PERAMBULATOR<\/figcaption><\/figure>\n<figure id=\"attachment_36464\" aria-describedby=\"caption-attachment-36464\" style=\"width: 1024px\" class=\"wp-caption aligncenter\"><img loading=\"lazy\" decoding=\"async\" class=\"wp-image-36464 size-full\" src=\"https:\/\/mouldking.store\/wp-content\/uploads\/2022\/11\/RIHIO-MM008-LAIR-PERAMBULATOR-4.jpg\" alt=\"RIHIO MM008 LAIR PERAMBULATOR\" width=\"1024\" height=\"1024\" title=\"-\" srcset=\"https:\/\/mouldking.store\/wp-content\/uploads\/2022\/11\/RIHIO-MM008-LAIR-PERAMBULATOR-4.jpg 1024w, https:\/\/mouldking.store\/wp-content\/uploads\/2022\/11\/RIHIO-MM008-LAIR-PERAMBULATOR-4-300x300.jpg 300w, https:\/\/mouldking.store\/wp-content\/uploads\/2022\/11\/RIHIO-MM008-LAIR-PERAMBULATOR-4-768x768.jpg 768w, https:\/\/mouldking.store\/wp-content\/uploads\/2022\/11\/RIHIO-MM008-LAIR-PERAMBULATOR-4-600x600.jpg 600w, https:\/\/mouldking.store\/wp-content\/uploads\/2022\/11\/RIHIO-MM008-LAIR-PERAMBULATOR-4-150x150.jpg 150w, https:\/\/mouldking.store\/wp-content\/uploads\/2022\/11\/RIHIO-MM008-LAIR-PERAMBULATOR-4-60x60.jpg 60w, https:\/\/mouldking.store\/wp-content\/uploads\/2022\/11\/RIHIO-MM008-LAIR-PERAMBULATOR-4-90x90.jpg 90w\" sizes=\"(max-width: 1024px) 100vw, 1024px\" \/><figcaption id=\"caption-attachment-36464\" class=\"wp-caption-text\">RIHIO MM008 LAIR PERAMBULATOR<\/figcaption><\/figure>\n<figure id=\"attachment_36465\" aria-describedby=\"caption-attachment-36465\" style=\"width: 1024px\" class=\"wp-caption aligncenter\"><img loading=\"lazy\" decoding=\"async\" class=\"wp-image-36465 size-full\" src=\"https:\/\/mouldking.store\/wp-content\/uploads\/2022\/11\/RIHIO-MM008-LAIR-PERAMBULATOR-3.jpg\" alt=\"RIHIO MM008 LAIR PERAMBULATOR\" width=\"1024\" height=\"1024\" title=\"-\" srcset=\"https:\/\/mouldking.store\/wp-content\/uploads\/2022\/11\/RIHIO-MM008-LAIR-PERAMBULATOR-3.jpg 1024w, https:\/\/mouldking.store\/wp-content\/uploads\/2022\/11\/RIHIO-MM008-LAIR-PERAMBULATOR-3-300x300.jpg 300w, https:\/\/mouldking.store\/wp-content\/uploads\/2022\/11\/RIHIO-MM008-LAIR-PERAMBULATOR-3-768x768.jpg 768w, https:\/\/mouldking.store\/wp-content\/uploads\/2022\/11\/RIHIO-MM008-LAIR-PERAMBULATOR-3-600x600.jpg 600w, https:\/\/mouldking.store\/wp-content\/uploads\/2022\/11\/RIHIO-MM008-LAIR-PERAMBULATOR-3-150x150.jpg 150w, https:\/\/mouldking.store\/wp-content\/uploads\/2022\/11\/RIHIO-MM008-LAIR-PERAMBULATOR-3-60x60.jpg 60w, https:\/\/mouldking.store\/wp-content\/uploads\/2022\/11\/RIHIO-MM008-LAIR-PERAMBULATOR-3-90x90.jpg 90w\" sizes=\"(max-width: 1024px) 100vw, 1024px\" \/><figcaption id=\"caption-attachment-36465\" class=\"wp-caption-text\">RIHIO MM008 LAIR PERAMBULATOR<\/figcaption><\/figure>\n<figure id=\"attachment_36466\" aria-describedby=\"caption-attachment-36466\" style=\"width: 1024px\" class=\"wp-caption aligncenter\"><img loading=\"lazy\" decoding=\"async\" class=\"wp-image-36466 size-full\" src=\"https:\/\/mouldking.store\/wp-content\/uploads\/2022\/11\/RIHIO-MM008-LAIR-PERAMBULATOR-2.jpg\" alt=\"RIHIO MM008 LAIR PERAMBULATOR\" width=\"1024\" height=\"1024\" title=\"-\" srcset=\"https:\/\/mouldking.store\/wp-content\/uploads\/2022\/11\/RIHIO-MM008-LAIR-PERAMBULATOR-2.jpg 1024w, https:\/\/mouldking.store\/wp-content\/uploads\/2022\/11\/RIHIO-MM008-LAIR-PERAMBULATOR-2-300x300.jpg 300w, https:\/\/mouldking.store\/wp-content\/uploads\/2022\/11\/RIHIO-MM008-LAIR-PERAMBULATOR-2-768x768.jpg 768w, https:\/\/mouldking.store\/wp-content\/uploads\/2022\/11\/RIHIO-MM008-LAIR-PERAMBULATOR-2-600x600.jpg 600w, https:\/\/mouldking.store\/wp-content\/uploads\/2022\/11\/RIHIO-MM008-LAIR-PERAMBULATOR-2-150x150.jpg 150w, https:\/\/mouldking.store\/wp-content\/uploads\/2022\/11\/RIHIO-MM008-LAIR-PERAMBULATOR-2-60x60.jpg 60w, https:\/\/mouldking.store\/wp-content\/uploads\/2022\/11\/RIHIO-MM008-LAIR-PERAMBULATOR-2-90x90.jpg 90w\" sizes=\"(max-width: 1024px) 100vw, 1024px\" \/><figcaption id=\"caption-attachment-36466\" class=\"wp-caption-text\">RIHIO MM008 LAIR PERAMBULATOR<\/figcaption><\/figure>\n<figure id=\"attachment_36467\" aria-describedby=\"caption-attachment-36467\" style=\"width: 1024px\" class=\"wp-caption aligncenter\"><img loading=\"lazy\" decoding=\"async\" class=\"wp-image-36467 size-full\" src=\"https:\/\/mouldking.store\/wp-content\/uploads\/2022\/11\/RIHIO-MM008-LAIR-PERAMBULATOR-1.jpg\" alt=\"RIHIO MM008 LAIR PERAMBULATOR\" width=\"1024\" height=\"1024\" title=\"-\" srcset=\"https:\/\/mouldking.store\/wp-content\/uploads\/2022\/11\/RIHIO-MM008-LAIR-PERAMBULATOR-1.jpg 1024w, https:\/\/mouldking.store\/wp-content\/uploads\/2022\/11\/RIHIO-MM008-LAIR-PERAMBULATOR-1-300x300.jpg 300w, https:\/\/mouldking.store\/wp-content\/uploads\/2022\/11\/RIHIO-MM008-LAIR-PERAMBULATOR-1-768x768.jpg 768w, https:\/\/mouldking.store\/wp-content\/uploads\/2022\/11\/RIHIO-MM008-LAIR-PERAMBULATOR-1-600x600.jpg 600w, https:\/\/mouldking.store\/wp-content\/uploads\/2022\/11\/RIHIO-MM008-LAIR-PERAMBULATOR-1-150x150.jpg 150w, https:\/\/mouldking.store\/wp-content\/uploads\/2022\/11\/RIHIO-MM008-LAIR-PERAMBULATOR-1-60x60.jpg 60w, https:\/\/mouldking.store\/wp-content\/uploads\/2022\/11\/RIHIO-MM008-LAIR-PERAMBULATOR-1-90x90.jpg 90w\" sizes=\"(max-width: 1024px) 100vw, 1024px\" \/><figcaption id=\"caption-attachment-36467\" class=\"wp-caption-text\">RIHIO MM008 LAIR PERAMBULATOR<\/figcaption><\/figure>","protected":false},"excerpt":{"rendered":"<p>Product information: Brand: RIHIO Gender: Unisex Name: LAIR PERAMBULATOR Age Range: &gt; 6 years old Model Number: MM008 Classification: Assemblage Plastic Block Shape: Self-Locking Bricks Material: Plastic Plastic Type: ABS Size: \u00a07 x 12 x 8 cm Contains detailed assembly instructions. Notice: 1. Without an original box, but we guarantee our products have quality assurance [&hellip;]<\/p>","protected":false},"featured_media":36452,"comment_status":"closed","ping_status":"closed","template":"","meta":{"_acf_changed":false},"product_cat":[1365],"product_tag":[8397,8399,8396,8398,8373,8400,8395],"class_list":["product","first","instock","shipping-taxable","purchasable","product-type-variable"],"acf":[],"_links":{"self":[{"href":"https:\/\/mouldking.store\/fr\/wp-json\/wp\/v2\/product\/36451","targetHints":{"allow":["GET"]}}],"collection":[{"href":"https:\/\/mouldking.store\/fr\/wp-json\/wp\/v2\/product"}],"about":[{"href":"https:\/\/mouldking.store\/fr\/wp-json\/wp\/v2\/types\/product"}],"replies":[{"embeddable":true,"href":"https:\/\/mouldking.store\/fr\/wp-json\/wp\/v2\/comments?post=36451"}],"wp:featuredmedia":[{"embeddable":true,"href":"https:\/\/mouldking.store\/fr\/wp-json\/wp\/v2\/media\/36452"}],"wp:attachment":[{"href":"https:\/\/mouldking.store\/fr\/wp-json\/wp\/v2\/media?parent=36451"}],"wp:term":[{"taxonomy":"product_cat","embeddable":true,"href":"https:\/\/mouldking.store\/fr\/wp-json\/wp\/v2\/product_cat?post=36451"},{"taxonomy":"product_tag","embeddable":true,"href":"https:\/\/mouldking.store\/fr\/wp-json\/wp\/v2\/product_tag?post=36451"}],"curies":[{"name":"wp","href":"https:\/\/api.w.org\/{rel}","templated":true}]}}