{"id":36720,"date":"2022-11-28T14:25:34","date_gmt":"2022-11-28T07:25:34","guid":{"rendered":"https:\/\/mouldking.store\/?post_type=product&#038;p=36720"},"modified":"2022-11-28T14:25:35","modified_gmt":"2022-11-28T07:25:35","slug":"qizhile-90008-soccer-field-with-4654pcs","status":"publish","type":"product","link":"https:\/\/mouldking.store\/fr\/shop\/qizhile-90008-soccer-field-with-4654pcs\/","title":{"rendered":"QIZHILE 90008 SOCCER FIELD With 4654pcs"},"content":{"rendered":"<p>Information produit:<\/p>\n<ol>\n<li>Marque : QIZHILE<\/li>\n<li>Genre: Unisexe<\/li>\n<li>Name: SOCCER FIELD<\/li>\n<li>Tranche d&#039;\u00e2ge : &gt; 6 ans<\/li>\n<li>Model Number: 90008<\/li>\n<li>Classement : Assemblage<\/li>\n<li>Forme de bloc en plastique\u00a0: briques autobloquantes<\/li>\n<li>Mat\u00e9riel: Plastique<\/li>\n<li>Type de plastique : ABS<\/li>\n<li>Bricks Blocks:4654PCS<\/li>\n<li>Size: 45 x 46 x 20 cm<\/li>\n<li>Pas de figurines<\/li>\n<li>Contient des instructions de montage d\u00e9taill\u00e9es.<\/li>\n<\/ol>\n<p>Avis:<br \/>\n1. Sans bo\u00eete d&#039;origine, mais nous garantissons que nos produits ont une assurance qualit\u00e9 et un bel emballage.<br \/>\n2. Comme toutes les pi\u00e8ces que nous avons v\u00e9rifi\u00e9es avant l&#039;exp\u00e9dition, donc si vous trouvez des pi\u00e8ces manquantes ou endommag\u00e9es, ne vous inqui\u00e9tez pas et veuillez nous contacter et nous pouvons vous les renvoyer imm\u00e9diatement gratuitement.<\/p>\n<figure id=\"attachment_36721\" aria-describedby=\"caption-attachment-36721\" style=\"width: 800px\" class=\"wp-caption aligncenter\"><img fetchpriority=\"high\" decoding=\"async\" class=\"wp-image-36721 size-full\" src=\"https:\/\/mouldking.store\/wp-content\/uploads\/2022\/11\/SOCCER-FIELD-QIZHILE-90008-6.jpg\" alt=\"QIZHILE 90008 SOCCER FIELD With 4654pcs\" width=\"800\" height=\"800\" title=\"-\" srcset=\"https:\/\/mouldking.store\/wp-content\/uploads\/2022\/11\/SOCCER-FIELD-QIZHILE-90008-6.jpg 800w, https:\/\/mouldking.store\/wp-content\/uploads\/2022\/11\/SOCCER-FIELD-QIZHILE-90008-6-300x300.jpg 300w, https:\/\/mouldking.store\/wp-content\/uploads\/2022\/11\/SOCCER-FIELD-QIZHILE-90008-6-768x768.jpg 768w, https:\/\/mouldking.store\/wp-content\/uploads\/2022\/11\/SOCCER-FIELD-QIZHILE-90008-6-600x600.jpg 600w, https:\/\/mouldking.store\/wp-content\/uploads\/2022\/11\/SOCCER-FIELD-QIZHILE-90008-6-150x150.jpg 150w, https:\/\/mouldking.store\/wp-content\/uploads\/2022\/11\/SOCCER-FIELD-QIZHILE-90008-6-60x60.jpg 60w, https:\/\/mouldking.store\/wp-content\/uploads\/2022\/11\/SOCCER-FIELD-QIZHILE-90008-6-90x90.jpg 90w\" sizes=\"(max-width: 800px) 100vw, 800px\" \/><figcaption id=\"caption-attachment-36721\" class=\"wp-caption-text\">QIZHILE 90008 SOCCER FIELD With 4654pcs<\/figcaption><\/figure>\n<figure id=\"attachment_36722\" aria-describedby=\"caption-attachment-36722\" style=\"width: 800px\" class=\"wp-caption aligncenter\"><img decoding=\"async\" class=\"wp-image-36722 size-full\" src=\"https:\/\/mouldking.store\/wp-content\/uploads\/2022\/11\/SOCCER-FIELD-QIZHILE-90008-5.jpg\" alt=\"QIZHILE 90008 SOCCER FIELD With 4654pcs\" width=\"800\" height=\"800\" title=\"-\" srcset=\"https:\/\/mouldking.store\/wp-content\/uploads\/2022\/11\/SOCCER-FIELD-QIZHILE-90008-5.jpg 800w, https:\/\/mouldking.store\/wp-content\/uploads\/2022\/11\/SOCCER-FIELD-QIZHILE-90008-5-300x300.jpg 300w, https:\/\/mouldking.store\/wp-content\/uploads\/2022\/11\/SOCCER-FIELD-QIZHILE-90008-5-768x768.jpg 768w, https:\/\/mouldking.store\/wp-content\/uploads\/2022\/11\/SOCCER-FIELD-QIZHILE-90008-5-600x600.jpg 600w, https:\/\/mouldking.store\/wp-content\/uploads\/2022\/11\/SOCCER-FIELD-QIZHILE-90008-5-150x150.jpg 150w, https:\/\/mouldking.store\/wp-content\/uploads\/2022\/11\/SOCCER-FIELD-QIZHILE-90008-5-60x60.jpg 60w, https:\/\/mouldking.store\/wp-content\/uploads\/2022\/11\/SOCCER-FIELD-QIZHILE-90008-5-90x90.jpg 90w\" sizes=\"(max-width: 800px) 100vw, 800px\" \/><figcaption id=\"caption-attachment-36722\" class=\"wp-caption-text\">QIZHILE 90008 SOCCER FIELD With 4654pcs<\/figcaption><\/figure>\n<figure id=\"attachment_36723\" aria-describedby=\"caption-attachment-36723\" style=\"width: 800px\" class=\"wp-caption aligncenter\"><img decoding=\"async\" class=\"wp-image-36723 size-full\" src=\"https:\/\/mouldking.store\/wp-content\/uploads\/2022\/11\/SOCCER-FIELD-QIZHILE-90008-4.jpg\" alt=\"QIZHILE 90008 SOCCER FIELD With 4654pcs\" width=\"800\" height=\"800\" title=\"-\" srcset=\"https:\/\/mouldking.store\/wp-content\/uploads\/2022\/11\/SOCCER-FIELD-QIZHILE-90008-4.jpg 800w, https:\/\/mouldking.store\/wp-content\/uploads\/2022\/11\/SOCCER-FIELD-QIZHILE-90008-4-300x300.jpg 300w, https:\/\/mouldking.store\/wp-content\/uploads\/2022\/11\/SOCCER-FIELD-QIZHILE-90008-4-768x768.jpg 768w, https:\/\/mouldking.store\/wp-content\/uploads\/2022\/11\/SOCCER-FIELD-QIZHILE-90008-4-600x600.jpg 600w, https:\/\/mouldking.store\/wp-content\/uploads\/2022\/11\/SOCCER-FIELD-QIZHILE-90008-4-150x150.jpg 150w, https:\/\/mouldking.store\/wp-content\/uploads\/2022\/11\/SOCCER-FIELD-QIZHILE-90008-4-60x60.jpg 60w, https:\/\/mouldking.store\/wp-content\/uploads\/2022\/11\/SOCCER-FIELD-QIZHILE-90008-4-90x90.jpg 90w\" sizes=\"(max-width: 800px) 100vw, 800px\" \/><figcaption id=\"caption-attachment-36723\" class=\"wp-caption-text\">QIZHILE 90008 SOCCER FIELD With 4654pcs<\/figcaption><\/figure>\n<figure id=\"attachment_36724\" aria-describedby=\"caption-attachment-36724\" style=\"width: 800px\" class=\"wp-caption aligncenter\"><img loading=\"lazy\" decoding=\"async\" class=\"wp-image-36724 size-full\" src=\"https:\/\/mouldking.store\/wp-content\/uploads\/2022\/11\/SOCCER-FIELD-QIZHILE-90008-3.jpg\" alt=\"QIZHILE 90008 SOCCER FIELD With 4654pcs\" width=\"800\" height=\"800\" title=\"-\" srcset=\"https:\/\/mouldking.store\/wp-content\/uploads\/2022\/11\/SOCCER-FIELD-QIZHILE-90008-3.jpg 800w, https:\/\/mouldking.store\/wp-content\/uploads\/2022\/11\/SOCCER-FIELD-QIZHILE-90008-3-300x300.jpg 300w, https:\/\/mouldking.store\/wp-content\/uploads\/2022\/11\/SOCCER-FIELD-QIZHILE-90008-3-768x768.jpg 768w, https:\/\/mouldking.store\/wp-content\/uploads\/2022\/11\/SOCCER-FIELD-QIZHILE-90008-3-600x600.jpg 600w, https:\/\/mouldking.store\/wp-content\/uploads\/2022\/11\/SOCCER-FIELD-QIZHILE-90008-3-150x150.jpg 150w, https:\/\/mouldking.store\/wp-content\/uploads\/2022\/11\/SOCCER-FIELD-QIZHILE-90008-3-60x60.jpg 60w, https:\/\/mouldking.store\/wp-content\/uploads\/2022\/11\/SOCCER-FIELD-QIZHILE-90008-3-90x90.jpg 90w\" sizes=\"(max-width: 800px) 100vw, 800px\" \/><figcaption id=\"caption-attachment-36724\" class=\"wp-caption-text\">QIZHILE 90008 SOCCER FIELD With 4654pcs<\/figcaption><\/figure>\n<figure id=\"attachment_36725\" aria-describedby=\"caption-attachment-36725\" style=\"width: 800px\" class=\"wp-caption aligncenter\"><img loading=\"lazy\" decoding=\"async\" class=\"wp-image-36725 size-full\" src=\"https:\/\/mouldking.store\/wp-content\/uploads\/2022\/11\/SOCCER-FIELD-QIZHILE-90008-2.jpg\" alt=\"QIZHILE 90008 SOCCER FIELD With 4654pcs\" width=\"800\" height=\"800\" title=\"-\" srcset=\"https:\/\/mouldking.store\/wp-content\/uploads\/2022\/11\/SOCCER-FIELD-QIZHILE-90008-2.jpg 800w, https:\/\/mouldking.store\/wp-content\/uploads\/2022\/11\/SOCCER-FIELD-QIZHILE-90008-2-300x300.jpg 300w, https:\/\/mouldking.store\/wp-content\/uploads\/2022\/11\/SOCCER-FIELD-QIZHILE-90008-2-768x768.jpg 768w, https:\/\/mouldking.store\/wp-content\/uploads\/2022\/11\/SOCCER-FIELD-QIZHILE-90008-2-600x600.jpg 600w, https:\/\/mouldking.store\/wp-content\/uploads\/2022\/11\/SOCCER-FIELD-QIZHILE-90008-2-150x150.jpg 150w, https:\/\/mouldking.store\/wp-content\/uploads\/2022\/11\/SOCCER-FIELD-QIZHILE-90008-2-60x60.jpg 60w, https:\/\/mouldking.store\/wp-content\/uploads\/2022\/11\/SOCCER-FIELD-QIZHILE-90008-2-90x90.jpg 90w\" sizes=\"(max-width: 800px) 100vw, 800px\" \/><figcaption id=\"caption-attachment-36725\" class=\"wp-caption-text\">QIZHILE 90008 SOCCER FIELD With 4654pcs<\/figcaption><\/figure>\n<figure id=\"attachment_36726\" aria-describedby=\"caption-attachment-36726\" style=\"width: 800px\" class=\"wp-caption aligncenter\"><img loading=\"lazy\" decoding=\"async\" class=\"wp-image-36726 size-full\" src=\"https:\/\/mouldking.store\/wp-content\/uploads\/2022\/11\/SOCCER-FIELD-QIZHILE-90008-1.jpg\" alt=\"QIZHILE 90008 SOCCER FIELD With 4654pcs\" width=\"800\" height=\"800\" title=\"-\" srcset=\"https:\/\/mouldking.store\/wp-content\/uploads\/2022\/11\/SOCCER-FIELD-QIZHILE-90008-1.jpg 800w, https:\/\/mouldking.store\/wp-content\/uploads\/2022\/11\/SOCCER-FIELD-QIZHILE-90008-1-300x300.jpg 300w, https:\/\/mouldking.store\/wp-content\/uploads\/2022\/11\/SOCCER-FIELD-QIZHILE-90008-1-768x768.jpg 768w, https:\/\/mouldking.store\/wp-content\/uploads\/2022\/11\/SOCCER-FIELD-QIZHILE-90008-1-600x600.jpg 600w, https:\/\/mouldking.store\/wp-content\/uploads\/2022\/11\/SOCCER-FIELD-QIZHILE-90008-1-150x150.jpg 150w, https:\/\/mouldking.store\/wp-content\/uploads\/2022\/11\/SOCCER-FIELD-QIZHILE-90008-1-60x60.jpg 60w, https:\/\/mouldking.store\/wp-content\/uploads\/2022\/11\/SOCCER-FIELD-QIZHILE-90008-1-90x90.jpg 90w\" sizes=\"(max-width: 800px) 100vw, 800px\" \/><figcaption id=\"caption-attachment-36726\" class=\"wp-caption-text\">QIZHILE 90008 SOCCER FIELD With 4654pcs<\/figcaption><\/figure>","protected":false},"excerpt":{"rendered":"<p>Product information: Brand: QIZHILE Gender: Unisex Name: SOCCER FIELD Age Range: &gt; 6 years old Model Number: 90008 Classification: Assemblage Plastic Block Shape: Self-Locking Bricks Material: Plastic Plastic Type: ABS Bricks Blocks:4654PCS Size: 45 x 46 x 20 cm No minifigures Contains detailed assembly instructions. Notice: 1. Without an original box, but we guarantee our [&hellip;]<\/p>","protected":false},"featured_media":36721,"comment_status":"closed","ping_status":"closed","template":"","meta":{"_acf_changed":false},"product_cat":[1365],"product_tag":[8507,8509,1750,8511,8512,8506,8508,8510],"class_list":["product","first","instock","shipping-taxable","purchasable","product-type-simple"],"acf":[],"_links":{"self":[{"href":"https:\/\/mouldking.store\/fr\/wp-json\/wp\/v2\/product\/36720","targetHints":{"allow":["GET"]}}],"collection":[{"href":"https:\/\/mouldking.store\/fr\/wp-json\/wp\/v2\/product"}],"about":[{"href":"https:\/\/mouldking.store\/fr\/wp-json\/wp\/v2\/types\/product"}],"replies":[{"embeddable":true,"href":"https:\/\/mouldking.store\/fr\/wp-json\/wp\/v2\/comments?post=36720"}],"wp:featuredmedia":[{"embeddable":true,"href":"https:\/\/mouldking.store\/fr\/wp-json\/wp\/v2\/media\/36721"}],"wp:attachment":[{"href":"https:\/\/mouldking.store\/fr\/wp-json\/wp\/v2\/media?parent=36720"}],"wp:term":[{"taxonomy":"product_cat","embeddable":true,"href":"https:\/\/mouldking.store\/fr\/wp-json\/wp\/v2\/product_cat?post=36720"},{"taxonomy":"product_tag","embeddable":true,"href":"https:\/\/mouldking.store\/fr\/wp-json\/wp\/v2\/product_tag?post=36720"}],"curies":[{"name":"wp","href":"https:\/\/api.w.org\/{rel}","templated":true}]}}