{"id":36727,"date":"2022-11-28T14:37:18","date_gmt":"2022-11-28T07:37:18","guid":{"rendered":"https:\/\/mouldking.store\/?post_type=product&#038;p=36727"},"modified":"2022-11-28T14:37:18","modified_gmt":"2022-11-28T07:37:18","slug":"sembo-105768-hq-9-anti-aircraft-missiles-system-with-1048pcs","status":"publish","type":"product","link":"https:\/\/mouldking.store\/fr\/shop\/sembo-105768-hq-9-anti-aircraft-missiles-system-with-1048pcs\/","title":{"rendered":"SEMBO 105768 Syst\u00e8me de missiles anti-a\u00e9riens HQ-9 avec 1048 pi\u00e8ces"},"content":{"rendered":"<p>Information produit:<\/p>\n<ol>\n<li>Marque : SEMBO<\/li>\n<li>Genre: Unisexe<\/li>\n<li>Nom : Syst\u00e8me de missiles anti-a\u00e9riens HQ-9<\/li>\n<li>Tranche d&#039;\u00e2ge : &gt; 6 ans<\/li>\n<li>Num\u00e9ro de mod\u00e8le: 105768<\/li>\n<li>Classement : Assemblage<\/li>\n<li>Forme de bloc en plastique\u00a0: briques autobloquantes<\/li>\n<li>Mat\u00e9riel: Plastique<\/li>\n<li>Type de plastique : ABS<\/li>\n<li>Blocs de briques : 1048 pi\u00e8ces.<\/li>\n<li>Taille : 36,9 x 12,4 x 18,4 cm<\/li>\n<li>Contient des instructions de montage d\u00e9taill\u00e9es.<\/li>\n<\/ol>\n<p>Avis:<br \/>\n1. Sans bo\u00eete d&#039;origine, mais nous garantissons que nos produits ont une assurance qualit\u00e9 et un bel emballage.<br \/>\n2. Comme toutes les pi\u00e8ces que nous avons v\u00e9rifi\u00e9es avant l&#039;exp\u00e9dition, donc si vous trouvez des pi\u00e8ces manquantes ou endommag\u00e9es, ne vous inqui\u00e9tez pas et veuillez nous contacter et nous pouvons vous les renvoyer imm\u00e9diatement gratuitement.<\/p>\n<figure id=\"attachment_36728\" aria-describedby=\"caption-attachment-36728\" style=\"width: 800px\" class=\"wp-caption aligncenter\"><img fetchpriority=\"high\" decoding=\"async\" class=\"wp-image-36728 size-full\" src=\"https:\/\/mouldking.store\/wp-content\/uploads\/2022\/11\/HQ-9-Anti-Aircraft-Missiles-System-SEMBO-105768-5.jpg\" alt=\"SEMBO 105768 HQ-9 Anti-Aircraft Missiles System With 1048pcs\" width=\"800\" height=\"800\" title=\"-\" srcset=\"https:\/\/mouldking.store\/wp-content\/uploads\/2022\/11\/HQ-9-Anti-Aircraft-Missiles-System-SEMBO-105768-5.jpg 800w, https:\/\/mouldking.store\/wp-content\/uploads\/2022\/11\/HQ-9-Anti-Aircraft-Missiles-System-SEMBO-105768-5-300x300.jpg 300w, https:\/\/mouldking.store\/wp-content\/uploads\/2022\/11\/HQ-9-Anti-Aircraft-Missiles-System-SEMBO-105768-5-768x768.jpg 768w, https:\/\/mouldking.store\/wp-content\/uploads\/2022\/11\/HQ-9-Anti-Aircraft-Missiles-System-SEMBO-105768-5-600x600.jpg 600w, https:\/\/mouldking.store\/wp-content\/uploads\/2022\/11\/HQ-9-Anti-Aircraft-Missiles-System-SEMBO-105768-5-150x150.jpg 150w, https:\/\/mouldking.store\/wp-content\/uploads\/2022\/11\/HQ-9-Anti-Aircraft-Missiles-System-SEMBO-105768-5-60x60.jpg 60w, https:\/\/mouldking.store\/wp-content\/uploads\/2022\/11\/HQ-9-Anti-Aircraft-Missiles-System-SEMBO-105768-5-90x90.jpg 90w\" sizes=\"(max-width: 800px) 100vw, 800px\" \/><figcaption id=\"caption-attachment-36728\" class=\"wp-caption-text\">SEMBO 105768 Syst\u00e8me de missiles anti-a\u00e9riens HQ-9 avec 1048 pi\u00e8ces<\/figcaption><\/figure>\n<figure id=\"attachment_36729\" aria-describedby=\"caption-attachment-36729\" style=\"width: 800px\" class=\"wp-caption aligncenter\"><img decoding=\"async\" class=\"wp-image-36729 size-full\" src=\"https:\/\/mouldking.store\/wp-content\/uploads\/2022\/11\/HQ-9-Anti-Aircraft-Missiles-System-SEMBO-105768-4.jpg\" alt=\"SEMBO 105768 HQ-9 Anti-Aircraft Missiles System With 1048pcs\" width=\"800\" height=\"800\" title=\"-\" srcset=\"https:\/\/mouldking.store\/wp-content\/uploads\/2022\/11\/HQ-9-Anti-Aircraft-Missiles-System-SEMBO-105768-4.jpg 800w, https:\/\/mouldking.store\/wp-content\/uploads\/2022\/11\/HQ-9-Anti-Aircraft-Missiles-System-SEMBO-105768-4-300x300.jpg 300w, https:\/\/mouldking.store\/wp-content\/uploads\/2022\/11\/HQ-9-Anti-Aircraft-Missiles-System-SEMBO-105768-4-768x768.jpg 768w, https:\/\/mouldking.store\/wp-content\/uploads\/2022\/11\/HQ-9-Anti-Aircraft-Missiles-System-SEMBO-105768-4-600x600.jpg 600w, https:\/\/mouldking.store\/wp-content\/uploads\/2022\/11\/HQ-9-Anti-Aircraft-Missiles-System-SEMBO-105768-4-150x150.jpg 150w, https:\/\/mouldking.store\/wp-content\/uploads\/2022\/11\/HQ-9-Anti-Aircraft-Missiles-System-SEMBO-105768-4-60x60.jpg 60w, https:\/\/mouldking.store\/wp-content\/uploads\/2022\/11\/HQ-9-Anti-Aircraft-Missiles-System-SEMBO-105768-4-90x90.jpg 90w\" sizes=\"(max-width: 800px) 100vw, 800px\" \/><figcaption id=\"caption-attachment-36729\" class=\"wp-caption-text\">SEMBO 105768 Syst\u00e8me de missiles anti-a\u00e9riens HQ-9 avec 1048 pi\u00e8ces<\/figcaption><\/figure>\n<figure id=\"attachment_36730\" aria-describedby=\"caption-attachment-36730\" style=\"width: 800px\" class=\"wp-caption aligncenter\"><img decoding=\"async\" class=\"wp-image-36730 size-full\" src=\"https:\/\/mouldking.store\/wp-content\/uploads\/2022\/11\/HQ-9-Anti-Aircraft-Missiles-System-SEMBO-105768-3.jpg\" alt=\"SEMBO 105768 HQ-9 Anti-Aircraft Missiles System With 1048pcs\" width=\"800\" height=\"800\" title=\"-\" srcset=\"https:\/\/mouldking.store\/wp-content\/uploads\/2022\/11\/HQ-9-Anti-Aircraft-Missiles-System-SEMBO-105768-3.jpg 800w, https:\/\/mouldking.store\/wp-content\/uploads\/2022\/11\/HQ-9-Anti-Aircraft-Missiles-System-SEMBO-105768-3-300x300.jpg 300w, https:\/\/mouldking.store\/wp-content\/uploads\/2022\/11\/HQ-9-Anti-Aircraft-Missiles-System-SEMBO-105768-3-768x768.jpg 768w, https:\/\/mouldking.store\/wp-content\/uploads\/2022\/11\/HQ-9-Anti-Aircraft-Missiles-System-SEMBO-105768-3-600x600.jpg 600w, https:\/\/mouldking.store\/wp-content\/uploads\/2022\/11\/HQ-9-Anti-Aircraft-Missiles-System-SEMBO-105768-3-150x150.jpg 150w, https:\/\/mouldking.store\/wp-content\/uploads\/2022\/11\/HQ-9-Anti-Aircraft-Missiles-System-SEMBO-105768-3-60x60.jpg 60w, https:\/\/mouldking.store\/wp-content\/uploads\/2022\/11\/HQ-9-Anti-Aircraft-Missiles-System-SEMBO-105768-3-90x90.jpg 90w\" sizes=\"(max-width: 800px) 100vw, 800px\" \/><figcaption id=\"caption-attachment-36730\" class=\"wp-caption-text\">SEMBO 105768 Syst\u00e8me de missiles anti-a\u00e9riens HQ-9 avec 1048 pi\u00e8ces<\/figcaption><\/figure>\n<figure id=\"attachment_36731\" aria-describedby=\"caption-attachment-36731\" style=\"width: 800px\" class=\"wp-caption aligncenter\"><img loading=\"lazy\" decoding=\"async\" class=\"wp-image-36731 size-full\" src=\"https:\/\/mouldking.store\/wp-content\/uploads\/2022\/11\/HQ-9-Anti-Aircraft-Missiles-System-SEMBO-105768-2.jpg\" alt=\"SEMBO 105768 HQ-9 Anti-Aircraft Missiles System With 1048pcs\" width=\"800\" height=\"800\" title=\"-\" srcset=\"https:\/\/mouldking.store\/wp-content\/uploads\/2022\/11\/HQ-9-Anti-Aircraft-Missiles-System-SEMBO-105768-2.jpg 800w, https:\/\/mouldking.store\/wp-content\/uploads\/2022\/11\/HQ-9-Anti-Aircraft-Missiles-System-SEMBO-105768-2-300x300.jpg 300w, https:\/\/mouldking.store\/wp-content\/uploads\/2022\/11\/HQ-9-Anti-Aircraft-Missiles-System-SEMBO-105768-2-768x768.jpg 768w, https:\/\/mouldking.store\/wp-content\/uploads\/2022\/11\/HQ-9-Anti-Aircraft-Missiles-System-SEMBO-105768-2-600x600.jpg 600w, https:\/\/mouldking.store\/wp-content\/uploads\/2022\/11\/HQ-9-Anti-Aircraft-Missiles-System-SEMBO-105768-2-150x150.jpg 150w, https:\/\/mouldking.store\/wp-content\/uploads\/2022\/11\/HQ-9-Anti-Aircraft-Missiles-System-SEMBO-105768-2-60x60.jpg 60w, https:\/\/mouldking.store\/wp-content\/uploads\/2022\/11\/HQ-9-Anti-Aircraft-Missiles-System-SEMBO-105768-2-90x90.jpg 90w\" sizes=\"(max-width: 800px) 100vw, 800px\" \/><figcaption id=\"caption-attachment-36731\" class=\"wp-caption-text\">SEMBO 105768 Syst\u00e8me de missiles anti-a\u00e9riens HQ-9 avec 1048 pi\u00e8ces<\/figcaption><\/figure>\n<figure id=\"attachment_36732\" aria-describedby=\"caption-attachment-36732\" style=\"width: 800px\" class=\"wp-caption aligncenter\"><img loading=\"lazy\" decoding=\"async\" class=\"wp-image-36732 size-full\" src=\"https:\/\/mouldking.store\/wp-content\/uploads\/2022\/11\/HQ-9-Anti-Aircraft-Missiles-System-SEMBO-105768-1.jpg\" alt=\"SEMBO 105768 HQ-9 Anti-Aircraft Missiles System With 1048pcs\" width=\"800\" height=\"800\" title=\"-\" srcset=\"https:\/\/mouldking.store\/wp-content\/uploads\/2022\/11\/HQ-9-Anti-Aircraft-Missiles-System-SEMBO-105768-1.jpg 800w, https:\/\/mouldking.store\/wp-content\/uploads\/2022\/11\/HQ-9-Anti-Aircraft-Missiles-System-SEMBO-105768-1-300x300.jpg 300w, https:\/\/mouldking.store\/wp-content\/uploads\/2022\/11\/HQ-9-Anti-Aircraft-Missiles-System-SEMBO-105768-1-768x768.jpg 768w, https:\/\/mouldking.store\/wp-content\/uploads\/2022\/11\/HQ-9-Anti-Aircraft-Missiles-System-SEMBO-105768-1-600x600.jpg 600w, https:\/\/mouldking.store\/wp-content\/uploads\/2022\/11\/HQ-9-Anti-Aircraft-Missiles-System-SEMBO-105768-1-150x150.jpg 150w, https:\/\/mouldking.store\/wp-content\/uploads\/2022\/11\/HQ-9-Anti-Aircraft-Missiles-System-SEMBO-105768-1-60x60.jpg 60w, https:\/\/mouldking.store\/wp-content\/uploads\/2022\/11\/HQ-9-Anti-Aircraft-Missiles-System-SEMBO-105768-1-90x90.jpg 90w\" sizes=\"(max-width: 800px) 100vw, 800px\" \/><figcaption id=\"caption-attachment-36732\" class=\"wp-caption-text\">SEMBO 105768 Syst\u00e8me de missiles anti-a\u00e9riens HQ-9 avec 1048 pi\u00e8ces<\/figcaption><\/figure>","protected":false},"excerpt":{"rendered":"<p>Pas de figurines<\/p>","protected":false},"featured_media":36729,"comment_status":"closed","ping_status":"closed","template":"","meta":{"_acf_changed":false},"product_cat":[1350],"product_tag":[8514,8516,8515,8519,8517,1491,8520,8521,8513,8518],"class_list":["product","first","instock","shipping-taxable","purchasable","product-type-simple"],"acf":[],"_links":{"self":[{"href":"https:\/\/mouldking.store\/fr\/wp-json\/wp\/v2\/product\/36727","targetHints":{"allow":["GET"]}}],"collection":[{"href":"https:\/\/mouldking.store\/fr\/wp-json\/wp\/v2\/product"}],"about":[{"href":"https:\/\/mouldking.store\/fr\/wp-json\/wp\/v2\/types\/product"}],"replies":[{"embeddable":true,"href":"https:\/\/mouldking.store\/fr\/wp-json\/wp\/v2\/comments?post=36727"}],"wp:featuredmedia":[{"embeddable":true,"href":"https:\/\/mouldking.store\/fr\/wp-json\/wp\/v2\/media\/36729"}],"wp:attachment":[{"href":"https:\/\/mouldking.store\/fr\/wp-json\/wp\/v2\/media?parent=36727"}],"wp:term":[{"taxonomy":"product_cat","embeddable":true,"href":"https:\/\/mouldking.store\/fr\/wp-json\/wp\/v2\/product_cat?post=36727"},{"taxonomy":"product_tag","embeddable":true,"href":"https:\/\/mouldking.store\/fr\/wp-json\/wp\/v2\/product_tag?post=36727"}],"curies":[{"name":"wp","href":"https:\/\/api.w.org\/{rel}","templated":true}]}}