{"id":36792,"date":"2022-11-28T15:54:23","date_gmt":"2022-11-28T08:54:23","guid":{"rendered":"https:\/\/mouldking.store\/?post_type=product&#038;p=36792"},"modified":"2022-11-28T15:54:23","modified_gmt":"2022-11-28T08:54:23","slug":"cenzelon-5708-mammothus-primigenius","status":"publish","type":"product","link":"https:\/\/mouldking.store\/fr\/shop\/cenzelon-5708-mammothus-primigenius\/","title":{"rendered":"CENZELON 5708 Mammouth Primigenius"},"content":{"rendered":"<p>Information produit:<\/p>\n<ol>\n<li>Marque : CENZELON<\/li>\n<li>Genre: Unisexe<\/li>\n<li>Name: Mammothus Primigenius<\/li>\n<li>Tranche d&#039;\u00e2ge : &gt; 6 ans<\/li>\n<li>Model Number: 5708<\/li>\n<li>Classement : Assemblage<\/li>\n<li>Forme de bloc en plastique\u00a0: briques autobloquantes<\/li>\n<li>Mat\u00e9riel: Plastique<\/li>\n<li>Type de plastique : ABS<\/li>\n<li>Contient des instructions de montage d\u00e9taill\u00e9es.<\/li>\n<\/ol>\n<p>Avis:<br \/>\n1. Sans bo\u00eete d&#039;origine, mais nous garantissons que nos produits ont une assurance qualit\u00e9 et un bel emballage.<br \/>\n2. Comme toutes les pi\u00e8ces que nous avons v\u00e9rifi\u00e9es avant l&#039;exp\u00e9dition, donc si vous trouvez des pi\u00e8ces manquantes ou endommag\u00e9es, ne vous inqui\u00e9tez pas et veuillez nous contacter et nous pouvons vous les renvoyer imm\u00e9diatement gratuitement.<\/p>\n<figure id=\"attachment_36793\" aria-describedby=\"caption-attachment-36793\" style=\"width: 1024px\" class=\"wp-caption aligncenter\"><img fetchpriority=\"high\" decoding=\"async\" class=\"wp-image-36793 size-full\" src=\"https:\/\/mouldking.store\/wp-content\/uploads\/2022\/11\/CENZELON-5708-Mammothus-Primigenius-5.jpg\" alt=\"CENZELON 5708 Mammothus Primigenius\" width=\"1024\" height=\"1024\" title=\"-\" srcset=\"https:\/\/mouldking.store\/wp-content\/uploads\/2022\/11\/CENZELON-5708-Mammothus-Primigenius-5.jpg 1024w, https:\/\/mouldking.store\/wp-content\/uploads\/2022\/11\/CENZELON-5708-Mammothus-Primigenius-5-300x300.jpg 300w, https:\/\/mouldking.store\/wp-content\/uploads\/2022\/11\/CENZELON-5708-Mammothus-Primigenius-5-768x768.jpg 768w, https:\/\/mouldking.store\/wp-content\/uploads\/2022\/11\/CENZELON-5708-Mammothus-Primigenius-5-600x600.jpg 600w, https:\/\/mouldking.store\/wp-content\/uploads\/2022\/11\/CENZELON-5708-Mammothus-Primigenius-5-150x150.jpg 150w, https:\/\/mouldking.store\/wp-content\/uploads\/2022\/11\/CENZELON-5708-Mammothus-Primigenius-5-60x60.jpg 60w, https:\/\/mouldking.store\/wp-content\/uploads\/2022\/11\/CENZELON-5708-Mammothus-Primigenius-5-90x90.jpg 90w\" sizes=\"(max-width: 1024px) 100vw, 1024px\" \/><figcaption id=\"caption-attachment-36793\" class=\"wp-caption-text\">CENZELON 5708 Mammouth Primigenius<\/figcaption><\/figure>\n<figure id=\"attachment_36795\" aria-describedby=\"caption-attachment-36795\" style=\"width: 1024px\" class=\"wp-caption aligncenter\"><img decoding=\"async\" class=\"wp-image-36795 size-full\" src=\"https:\/\/mouldking.store\/wp-content\/uploads\/2022\/11\/CENZELON-5708-Mammothus-Primigenius-2.jpg\" alt=\"CENZELON 5708 Mammothus Primigenius\" width=\"1024\" height=\"857\" title=\"-\" srcset=\"https:\/\/mouldking.store\/wp-content\/uploads\/2022\/11\/CENZELON-5708-Mammothus-Primigenius-2.jpg 1024w, https:\/\/mouldking.store\/wp-content\/uploads\/2022\/11\/CENZELON-5708-Mammothus-Primigenius-2-300x251.jpg 300w, https:\/\/mouldking.store\/wp-content\/uploads\/2022\/11\/CENZELON-5708-Mammothus-Primigenius-2-768x643.jpg 768w, https:\/\/mouldking.store\/wp-content\/uploads\/2022\/11\/CENZELON-5708-Mammothus-Primigenius-2-600x502.jpg 600w, https:\/\/mouldking.store\/wp-content\/uploads\/2022\/11\/CENZELON-5708-Mammothus-Primigenius-2-150x126.jpg 150w, https:\/\/mouldking.store\/wp-content\/uploads\/2022\/11\/CENZELON-5708-Mammothus-Primigenius-2-72x60.jpg 72w, https:\/\/mouldking.store\/wp-content\/uploads\/2022\/11\/CENZELON-5708-Mammothus-Primigenius-2-108x90.jpg 108w\" sizes=\"(max-width: 1024px) 100vw, 1024px\" \/><figcaption id=\"caption-attachment-36795\" class=\"wp-caption-text\">CENZELON 5708 Mammouth Primigenius<\/figcaption><\/figure>\n<figure id=\"attachment_36796\" aria-describedby=\"caption-attachment-36796\" style=\"width: 744px\" class=\"wp-caption aligncenter\"><img decoding=\"async\" class=\"wp-image-36796 size-full\" src=\"https:\/\/mouldking.store\/wp-content\/uploads\/2022\/11\/CENZELON-5708-Mammothus-Primigenius-3.jpg\" alt=\"CENZELON 5708 Mammothus Primigenius\" width=\"744\" height=\"744\" title=\"-\" srcset=\"https:\/\/mouldking.store\/wp-content\/uploads\/2022\/11\/CENZELON-5708-Mammothus-Primigenius-3.jpg 744w, https:\/\/mouldking.store\/wp-content\/uploads\/2022\/11\/CENZELON-5708-Mammothus-Primigenius-3-300x300.jpg 300w, https:\/\/mouldking.store\/wp-content\/uploads\/2022\/11\/CENZELON-5708-Mammothus-Primigenius-3-600x600.jpg 600w, https:\/\/mouldking.store\/wp-content\/uploads\/2022\/11\/CENZELON-5708-Mammothus-Primigenius-3-150x150.jpg 150w, https:\/\/mouldking.store\/wp-content\/uploads\/2022\/11\/CENZELON-5708-Mammothus-Primigenius-3-60x60.jpg 60w, https:\/\/mouldking.store\/wp-content\/uploads\/2022\/11\/CENZELON-5708-Mammothus-Primigenius-3-90x90.jpg 90w\" sizes=\"(max-width: 744px) 100vw, 744px\" \/><figcaption id=\"caption-attachment-36796\" class=\"wp-caption-text\">CENZELON 5708 Mammouth Primigenius<\/figcaption><\/figure>\n<figure id=\"attachment_36797\" aria-describedby=\"caption-attachment-36797\" style=\"width: 896px\" class=\"wp-caption aligncenter\"><img loading=\"lazy\" decoding=\"async\" class=\"wp-image-36797 size-full\" src=\"https:\/\/mouldking.store\/wp-content\/uploads\/2022\/11\/CENZELON-5708-Mammothus-Primigenius-1.jpg\" alt=\"CENZELON 5708 Mammothus Primigenius\" width=\"896\" height=\"1024\" title=\"-\" srcset=\"https:\/\/mouldking.store\/wp-content\/uploads\/2022\/11\/CENZELON-5708-Mammothus-Primigenius-1.jpg 896w, https:\/\/mouldking.store\/wp-content\/uploads\/2022\/11\/CENZELON-5708-Mammothus-Primigenius-1-263x300.jpg 263w, https:\/\/mouldking.store\/wp-content\/uploads\/2022\/11\/CENZELON-5708-Mammothus-Primigenius-1-768x878.jpg 768w, https:\/\/mouldking.store\/wp-content\/uploads\/2022\/11\/CENZELON-5708-Mammothus-Primigenius-1-300x343.jpg 300w, https:\/\/mouldking.store\/wp-content\/uploads\/2022\/11\/CENZELON-5708-Mammothus-Primigenius-1-600x686.jpg 600w, https:\/\/mouldking.store\/wp-content\/uploads\/2022\/11\/CENZELON-5708-Mammothus-Primigenius-1-131x150.jpg 131w, https:\/\/mouldking.store\/wp-content\/uploads\/2022\/11\/CENZELON-5708-Mammothus-Primigenius-1-53x60.jpg 53w, https:\/\/mouldking.store\/wp-content\/uploads\/2022\/11\/CENZELON-5708-Mammothus-Primigenius-1-79x90.jpg 79w\" sizes=\"(max-width: 896px) 100vw, 896px\" \/><figcaption id=\"caption-attachment-36797\" class=\"wp-caption-text\">CENZELON 5708 Mammouth Primigenius<\/figcaption><\/figure>","protected":false},"excerpt":{"rendered":"<p>Product information: Brand: CENZELON Gender: Unisex Name: Mammothus Primigenius Age Range: &gt; 6 years old Model Number: 5708 Classification: Assemblage Plastic Block Shape: Self-Locking Bricks Material: Plastic Plastic Type: ABS Contains detailed assembly instructions. Notice: 1. Without an original box, but we guarantee our products have quality assurance and nice packaging. 2. As all the [&hellip;]<\/p>","protected":false},"featured_media":36793,"comment_status":"closed","ping_status":"closed","template":"","meta":{"_acf_changed":false},"product_cat":[1365],"product_tag":[8547,8543,8551,8546,8548,8550,8549],"class_list":["product","first","instock","shipping-taxable","purchasable","product-type-simple"],"acf":[],"_links":{"self":[{"href":"https:\/\/mouldking.store\/fr\/wp-json\/wp\/v2\/product\/36792","targetHints":{"allow":["GET"]}}],"collection":[{"href":"https:\/\/mouldking.store\/fr\/wp-json\/wp\/v2\/product"}],"about":[{"href":"https:\/\/mouldking.store\/fr\/wp-json\/wp\/v2\/types\/product"}],"replies":[{"embeddable":true,"href":"https:\/\/mouldking.store\/fr\/wp-json\/wp\/v2\/comments?post=36792"}],"wp:featuredmedia":[{"embeddable":true,"href":"https:\/\/mouldking.store\/fr\/wp-json\/wp\/v2\/media\/36793"}],"wp:attachment":[{"href":"https:\/\/mouldking.store\/fr\/wp-json\/wp\/v2\/media?parent=36792"}],"wp:term":[{"taxonomy":"product_cat","embeddable":true,"href":"https:\/\/mouldking.store\/fr\/wp-json\/wp\/v2\/product_cat?post=36792"},{"taxonomy":"product_tag","embeddable":true,"href":"https:\/\/mouldking.store\/fr\/wp-json\/wp\/v2\/product_tag?post=36792"}],"curies":[{"name":"wp","href":"https:\/\/api.w.org\/{rel}","templated":true}]}}