{"id":36995,"date":"2022-12-01T15:09:27","date_gmt":"2022-12-01T08:09:27","guid":{"rendered":"https:\/\/mouldking.store\/?post_type=product&#038;p=36995"},"modified":"2025-12-25T09:12:17","modified_gmt":"2025-12-25T02:12:17","slug":"moc-89537-super-heavy-tank-with-1121pcs","status":"publish","type":"product","link":"https:\/\/mouldking.store\/fr\/shop\/moc-89537-super-heavy-tank-with-1121pcs\/","title":{"rendered":"MOC-89537 R\u00e9servoir super lourd avec 1121PCS"},"content":{"rendered":"<p>Information produit:<\/p>\n<ol>\n<li>Marque : MOC<\/li>\n<li>Genre: Unisexe<\/li>\n<li>Name: Super Heavy Tank<\/li>\n<li>Tranche d&#039;\u00e2ge : &gt; 6 ans<\/li>\n<li>Model Number: 89537<\/li>\n<li>Classement : Assemblage<\/li>\n<li>Forme de bloc en plastique\u00a0: briques autobloquantes<\/li>\n<li>Mat\u00e9riel: Plastique<\/li>\n<li>Type de plastique : ABS<\/li>\n<li>Bricks Blocks:1121PCS<\/li>\n<li>Size: 32 x 12.5 x 11cm<\/li>\n<li>Poids\u00a0: 1\u00a0500\u00a0g<\/li>\n<li>Contient des instructions de montage d\u00e9taill\u00e9es.<\/li>\n<\/ol>\n<p>Avis:<br \/>\n1. Sans bo\u00eete d&#039;origine, mais nous garantissons que nos produits ont une assurance qualit\u00e9 et un bel emballage.<br \/>\n2. Comme toutes les pi\u00e8ces que nous avons v\u00e9rifi\u00e9es avant l&#039;exp\u00e9dition, donc si vous trouvez des pi\u00e8ces manquantes ou endommag\u00e9es, ne vous inqui\u00e9tez pas et veuillez nous contacter et nous pouvons vous les renvoyer imm\u00e9diatement gratuitement.<\/p>\n<figure id=\"attachment_37001\" aria-describedby=\"caption-attachment-37001\" style=\"width: 1024px\" class=\"wp-caption aligncenter\"><img fetchpriority=\"high\" decoding=\"async\" class=\"wp-image-37001 size-large\" src=\"https:\/\/mouldking.store\/wp-content\/uploads\/2022\/12\/MOC-89537-Military-Super-Heavy-Tank-MOC-FACTORY-1024x1024.png\" alt=\"MOC-89537 Super Heavy Tank With 1121PCS \" width=\"1024\" height=\"1024\" title=\"-\" srcset=\"https:\/\/mouldking.store\/wp-content\/uploads\/2022\/12\/MOC-89537-Military-Super-Heavy-Tank-MOC-FACTORY-1024x1024.png 1024w, https:\/\/mouldking.store\/wp-content\/uploads\/2022\/12\/MOC-89537-Military-Super-Heavy-Tank-MOC-FACTORY-300x300.png 300w, https:\/\/mouldking.store\/wp-content\/uploads\/2022\/12\/MOC-89537-Military-Super-Heavy-Tank-MOC-FACTORY-768x768.png 768w, https:\/\/mouldking.store\/wp-content\/uploads\/2022\/12\/MOC-89537-Military-Super-Heavy-Tank-MOC-FACTORY-600x600.png 600w, https:\/\/mouldking.store\/wp-content\/uploads\/2022\/12\/MOC-89537-Military-Super-Heavy-Tank-MOC-FACTORY-150x150.png 150w, https:\/\/mouldking.store\/wp-content\/uploads\/2022\/12\/MOC-89537-Military-Super-Heavy-Tank-MOC-FACTORY-60x60.png 60w, https:\/\/mouldking.store\/wp-content\/uploads\/2022\/12\/MOC-89537-Military-Super-Heavy-Tank-MOC-FACTORY-90x90.png 90w, https:\/\/mouldking.store\/wp-content\/uploads\/2022\/12\/MOC-89537-Military-Super-Heavy-Tank-MOC-FACTORY.png 1095w\" sizes=\"(max-width: 1024px) 100vw, 1024px\" \/><figcaption id=\"caption-attachment-37001\" class=\"wp-caption-text\">MOC-89537 R\u00e9servoir super lourd avec 1121PCS<\/figcaption><\/figure>\n<figure id=\"attachment_37002\" aria-describedby=\"caption-attachment-37002\" style=\"width: 1024px\" class=\"wp-caption aligncenter\"><img decoding=\"async\" class=\"wp-image-37002 size-large\" src=\"https:\/\/mouldking.store\/wp-content\/uploads\/2022\/12\/super-heavy-tank-model-diy-building-bloc_main-5-1024x1024.jpg\" alt=\"MOC-89537 Super Heavy Tank With 1121PCS \" width=\"1024\" height=\"1024\" title=\"-\" srcset=\"https:\/\/mouldking.store\/wp-content\/uploads\/2022\/12\/super-heavy-tank-model-diy-building-bloc_main-5-1024x1024.jpg 1024w, https:\/\/mouldking.store\/wp-content\/uploads\/2022\/12\/super-heavy-tank-model-diy-building-bloc_main-5-300x300.jpg 300w, https:\/\/mouldking.store\/wp-content\/uploads\/2022\/12\/super-heavy-tank-model-diy-building-bloc_main-5-768x768.jpg 768w, https:\/\/mouldking.store\/wp-content\/uploads\/2022\/12\/super-heavy-tank-model-diy-building-bloc_main-5-600x600.jpg 600w, https:\/\/mouldking.store\/wp-content\/uploads\/2022\/12\/super-heavy-tank-model-diy-building-bloc_main-5-150x150.jpg 150w, https:\/\/mouldking.store\/wp-content\/uploads\/2022\/12\/super-heavy-tank-model-diy-building-bloc_main-5-60x60.jpg 60w, https:\/\/mouldking.store\/wp-content\/uploads\/2022\/12\/super-heavy-tank-model-diy-building-bloc_main-5-90x90.jpg 90w, https:\/\/mouldking.store\/wp-content\/uploads\/2022\/12\/super-heavy-tank-model-diy-building-bloc_main-5.jpg 1100w\" sizes=\"(max-width: 1024px) 100vw, 1024px\" \/><figcaption id=\"caption-attachment-37002\" class=\"wp-caption-text\">MOC-89537 R\u00e9servoir super lourd avec 1121PCS<\/figcaption><\/figure>\n<figure id=\"attachment_37000\" aria-describedby=\"caption-attachment-37000\" style=\"width: 1024px\" class=\"wp-caption aligncenter\"><img decoding=\"async\" class=\"wp-image-37000 size-large\" src=\"https:\/\/mouldking.store\/wp-content\/uploads\/2022\/12\/super-heavy-tank-model-diy-building-bloc_main-0-1024x1024.jpg\" alt=\"MOC-89537 Super Heavy Tank With 1121PCS \" width=\"1024\" height=\"1024\" title=\"-\" srcset=\"https:\/\/mouldking.store\/wp-content\/uploads\/2022\/12\/super-heavy-tank-model-diy-building-bloc_main-0-1024x1024.jpg 1024w, https:\/\/mouldking.store\/wp-content\/uploads\/2022\/12\/super-heavy-tank-model-diy-building-bloc_main-0-300x300.jpg 300w, https:\/\/mouldking.store\/wp-content\/uploads\/2022\/12\/super-heavy-tank-model-diy-building-bloc_main-0-768x768.jpg 768w, https:\/\/mouldking.store\/wp-content\/uploads\/2022\/12\/super-heavy-tank-model-diy-building-bloc_main-0-600x600.jpg 600w, https:\/\/mouldking.store\/wp-content\/uploads\/2022\/12\/super-heavy-tank-model-diy-building-bloc_main-0-150x150.jpg 150w, https:\/\/mouldking.store\/wp-content\/uploads\/2022\/12\/super-heavy-tank-model-diy-building-bloc_main-0-60x60.jpg 60w, https:\/\/mouldking.store\/wp-content\/uploads\/2022\/12\/super-heavy-tank-model-diy-building-bloc_main-0-90x90.jpg 90w, https:\/\/mouldking.store\/wp-content\/uploads\/2022\/12\/super-heavy-tank-model-diy-building-bloc_main-0.jpg 1100w\" sizes=\"(max-width: 1024px) 100vw, 1024px\" \/><figcaption id=\"caption-attachment-37000\" class=\"wp-caption-text\">MOC-89537 R\u00e9servoir super lourd avec 1121PCS<\/figcaption><\/figure>\n<figure id=\"attachment_36999\" aria-describedby=\"caption-attachment-36999\" style=\"width: 1024px\" class=\"wp-caption aligncenter\"><img loading=\"lazy\" decoding=\"async\" class=\"wp-image-36999 size-large\" src=\"https:\/\/mouldking.store\/wp-content\/uploads\/2022\/12\/super-heavy-tank-model-diy-building-bloc_main-1-1024x1024.jpg\" alt=\"MOC-89537 Super Heavy Tank With 1121PCS \" width=\"1024\" height=\"1024\" title=\"-\" srcset=\"https:\/\/mouldking.store\/wp-content\/uploads\/2022\/12\/super-heavy-tank-model-diy-building-bloc_main-1-1024x1024.jpg 1024w, https:\/\/mouldking.store\/wp-content\/uploads\/2022\/12\/super-heavy-tank-model-diy-building-bloc_main-1-300x300.jpg 300w, https:\/\/mouldking.store\/wp-content\/uploads\/2022\/12\/super-heavy-tank-model-diy-building-bloc_main-1-768x768.jpg 768w, https:\/\/mouldking.store\/wp-content\/uploads\/2022\/12\/super-heavy-tank-model-diy-building-bloc_main-1-600x600.jpg 600w, https:\/\/mouldking.store\/wp-content\/uploads\/2022\/12\/super-heavy-tank-model-diy-building-bloc_main-1-150x150.jpg 150w, https:\/\/mouldking.store\/wp-content\/uploads\/2022\/12\/super-heavy-tank-model-diy-building-bloc_main-1-60x60.jpg 60w, https:\/\/mouldking.store\/wp-content\/uploads\/2022\/12\/super-heavy-tank-model-diy-building-bloc_main-1-90x90.jpg 90w, https:\/\/mouldking.store\/wp-content\/uploads\/2022\/12\/super-heavy-tank-model-diy-building-bloc_main-1.jpg 1100w\" sizes=\"(max-width: 1024px) 100vw, 1024px\" \/><figcaption id=\"caption-attachment-36999\" class=\"wp-caption-text\">MOC-89537 R\u00e9servoir super lourd avec 1121PCS<\/figcaption><\/figure>\n<figure id=\"attachment_36998\" aria-describedby=\"caption-attachment-36998\" style=\"width: 1024px\" class=\"wp-caption aligncenter\"><img loading=\"lazy\" decoding=\"async\" class=\"wp-image-36998 size-large\" src=\"https:\/\/mouldking.store\/wp-content\/uploads\/2022\/12\/super-heavy-tank-model-diy-building-bloc_main-2-1024x1024.jpg\" alt=\"MOC-89537 Super Heavy Tank With 1121PCS \" width=\"1024\" height=\"1024\" title=\"-\" srcset=\"https:\/\/mouldking.store\/wp-content\/uploads\/2022\/12\/super-heavy-tank-model-diy-building-bloc_main-2-1024x1024.jpg 1024w, https:\/\/mouldking.store\/wp-content\/uploads\/2022\/12\/super-heavy-tank-model-diy-building-bloc_main-2-300x300.jpg 300w, https:\/\/mouldking.store\/wp-content\/uploads\/2022\/12\/super-heavy-tank-model-diy-building-bloc_main-2-768x768.jpg 768w, https:\/\/mouldking.store\/wp-content\/uploads\/2022\/12\/super-heavy-tank-model-diy-building-bloc_main-2-600x600.jpg 600w, https:\/\/mouldking.store\/wp-content\/uploads\/2022\/12\/super-heavy-tank-model-diy-building-bloc_main-2-150x150.jpg 150w, https:\/\/mouldking.store\/wp-content\/uploads\/2022\/12\/super-heavy-tank-model-diy-building-bloc_main-2-60x60.jpg 60w, https:\/\/mouldking.store\/wp-content\/uploads\/2022\/12\/super-heavy-tank-model-diy-building-bloc_main-2-90x90.jpg 90w, https:\/\/mouldking.store\/wp-content\/uploads\/2022\/12\/super-heavy-tank-model-diy-building-bloc_main-2.jpg 1100w\" sizes=\"(max-width: 1024px) 100vw, 1024px\" \/><figcaption id=\"caption-attachment-36998\" class=\"wp-caption-text\">MOC-89537 R\u00e9servoir super lourd avec 1121PCS<\/figcaption><\/figure>\n<figure id=\"attachment_36997\" aria-describedby=\"caption-attachment-36997\" style=\"width: 1100px\" class=\"wp-caption aligncenter\"><img loading=\"lazy\" decoding=\"async\" class=\"wp-image-36997 size-full\" src=\"https:\/\/mouldking.store\/wp-content\/uploads\/2022\/12\/super-heavy-tank-model-diy-building-bloc_main-3.jpg\" alt=\"MOC-89537 Super Heavy Tank With 1121PCS \" width=\"1100\" height=\"1100\" title=\"-\" srcset=\"https:\/\/mouldking.store\/wp-content\/uploads\/2022\/12\/super-heavy-tank-model-diy-building-bloc_main-3.jpg 1100w, https:\/\/mouldking.store\/wp-content\/uploads\/2022\/12\/super-heavy-tank-model-diy-building-bloc_main-3-300x300.jpg 300w, https:\/\/mouldking.store\/wp-content\/uploads\/2022\/12\/super-heavy-tank-model-diy-building-bloc_main-3-1024x1024.jpg 1024w, https:\/\/mouldking.store\/wp-content\/uploads\/2022\/12\/super-heavy-tank-model-diy-building-bloc_main-3-768x768.jpg 768w, https:\/\/mouldking.store\/wp-content\/uploads\/2022\/12\/super-heavy-tank-model-diy-building-bloc_main-3-600x600.jpg 600w, https:\/\/mouldking.store\/wp-content\/uploads\/2022\/12\/super-heavy-tank-model-diy-building-bloc_main-3-150x150.jpg 150w, https:\/\/mouldking.store\/wp-content\/uploads\/2022\/12\/super-heavy-tank-model-diy-building-bloc_main-3-60x60.jpg 60w, https:\/\/mouldking.store\/wp-content\/uploads\/2022\/12\/super-heavy-tank-model-diy-building-bloc_main-3-90x90.jpg 90w\" sizes=\"(max-width: 1100px) 100vw, 1100px\" \/><figcaption id=\"caption-attachment-36997\" class=\"wp-caption-text\">MOC-89537 R\u00e9servoir super lourd avec 1121PCS<\/figcaption><\/figure>\n<figure id=\"attachment_36996\" aria-describedby=\"caption-attachment-36996\" style=\"width: 1024px\" class=\"wp-caption aligncenter\"><img loading=\"lazy\" decoding=\"async\" class=\"wp-image-36996 size-large\" src=\"https:\/\/mouldking.store\/wp-content\/uploads\/2022\/12\/super-heavy-tank-model-diy-building-bloc_main-4-Copy-1024x1024.jpg\" alt=\"MOC-89537 Super Heavy Tank With 1121PCS \" width=\"1024\" height=\"1024\" title=\"-\" srcset=\"https:\/\/mouldking.store\/wp-content\/uploads\/2022\/12\/super-heavy-tank-model-diy-building-bloc_main-4-Copy-1024x1024.jpg 1024w, https:\/\/mouldking.store\/wp-content\/uploads\/2022\/12\/super-heavy-tank-model-diy-building-bloc_main-4-Copy-300x300.jpg 300w, https:\/\/mouldking.store\/wp-content\/uploads\/2022\/12\/super-heavy-tank-model-diy-building-bloc_main-4-Copy-768x768.jpg 768w, https:\/\/mouldking.store\/wp-content\/uploads\/2022\/12\/super-heavy-tank-model-diy-building-bloc_main-4-Copy-600x600.jpg 600w, https:\/\/mouldking.store\/wp-content\/uploads\/2022\/12\/super-heavy-tank-model-diy-building-bloc_main-4-Copy-150x150.jpg 150w, https:\/\/mouldking.store\/wp-content\/uploads\/2022\/12\/super-heavy-tank-model-diy-building-bloc_main-4-Copy-60x60.jpg 60w, https:\/\/mouldking.store\/wp-content\/uploads\/2022\/12\/super-heavy-tank-model-diy-building-bloc_main-4-Copy-90x90.jpg 90w, https:\/\/mouldking.store\/wp-content\/uploads\/2022\/12\/super-heavy-tank-model-diy-building-bloc_main-4-Copy.jpg 1100w\" sizes=\"(max-width: 1024px) 100vw, 1024px\" \/><figcaption id=\"caption-attachment-36996\" class=\"wp-caption-text\">MOC-89537 R\u00e9servoir super lourd avec 1121PCS<\/figcaption><\/figure>","protected":false},"excerpt":{"rendered":"<p>Temps d&#039;arrangement\u00a0: 4 \u00e0 8\u00a0semaines<\/p>","protected":false},"featured_media":37001,"comment_status":"closed","ping_status":"closed","template":"","meta":{"_acf_changed":false},"product_cat":[1350,1406,372],"product_tag":[5469,8687,8688,8686,6192,485],"class_list":["product","first","instock","shipping-taxable","purchasable","product-type-simple"],"acf":[],"_links":{"self":[{"href":"https:\/\/mouldking.store\/fr\/wp-json\/wp\/v2\/product\/36995","targetHints":{"allow":["GET"]}}],"collection":[{"href":"https:\/\/mouldking.store\/fr\/wp-json\/wp\/v2\/product"}],"about":[{"href":"https:\/\/mouldking.store\/fr\/wp-json\/wp\/v2\/types\/product"}],"replies":[{"embeddable":true,"href":"https:\/\/mouldking.store\/fr\/wp-json\/wp\/v2\/comments?post=36995"}],"wp:featuredmedia":[{"embeddable":true,"href":"https:\/\/mouldking.store\/fr\/wp-json\/wp\/v2\/media\/37001"}],"wp:attachment":[{"href":"https:\/\/mouldking.store\/fr\/wp-json\/wp\/v2\/media?parent=36995"}],"wp:term":[{"taxonomy":"product_cat","embeddable":true,"href":"https:\/\/mouldking.store\/fr\/wp-json\/wp\/v2\/product_cat?post=36995"},{"taxonomy":"product_tag","embeddable":true,"href":"https:\/\/mouldking.store\/fr\/wp-json\/wp\/v2\/product_tag?post=36995"}],"curies":[{"name":"wp","href":"https:\/\/api.w.org\/{rel}","templated":true}]}}