{"id":37219,"date":"2022-12-02T10:15:02","date_gmt":"2022-12-02T03:15:02","guid":{"rendered":"https:\/\/mouldking.store\/?post_type=product&#038;p=37219"},"modified":"2025-12-25T09:12:15","modified_gmt":"2025-12-25T02:12:15","slug":"moc-120588-the-highlander-pub-with-4737-pieces","status":"publish","type":"product","link":"https:\/\/mouldking.store\/fr\/shop\/moc-120588-the-highlander-pub-with-4737-pieces\/","title":{"rendered":"MOC-120588 Le pub Highlander avec 4737 pi\u00e8ces"},"content":{"rendered":"<p>Information produit:<\/p>\n<ol>\n<li>Marque : MOC<\/li>\n<li>Genre: Unisexe<\/li>\n<li>Name: The Highlander Pub<\/li>\n<li>Tranche d&#039;\u00e2ge : &gt; 6 ans<\/li>\n<li>Model Number: 120588<\/li>\n<li>Classement : Assemblage<\/li>\n<li>Forme de bloc en plastique\u00a0: briques autobloquantes<\/li>\n<li>Mat\u00e9riel: Plastique<\/li>\n<li>Type de plastique : ABS<\/li>\n<li>Bricks Blocks:4737 PCS<\/li>\n<li>Size: 35 cm<\/li>\n<li>Weight: 5000g<\/li>\n<li>Contient des instructions de montage d\u00e9taill\u00e9es.<\/li>\n<\/ol>\n<p>Avis:<br \/>\n1. Sans bo\u00eete d&#039;origine, mais nous garantissons que nos produits ont une assurance qualit\u00e9 et un bel emballage.<br \/>\n2. Comme toutes les pi\u00e8ces que nous avons v\u00e9rifi\u00e9es avant l&#039;exp\u00e9dition, donc si vous trouvez des pi\u00e8ces manquantes ou endommag\u00e9es, ne vous inqui\u00e9tez pas et veuillez nous contacter et nous pouvons vous les renvoyer imm\u00e9diatement gratuitement.<\/p>\n<figure id=\"attachment_37221\" aria-describedby=\"caption-attachment-37221\" style=\"width: 1004px\" class=\"wp-caption aligncenter\"><img fetchpriority=\"high\" decoding=\"async\" class=\"wp-image-37221 size-full\" src=\"https:\/\/mouldking.store\/wp-content\/uploads\/2022\/12\/MOC-120588-Modular-Building-The-Highlander-Pub-MOC-FACTORY.png\" alt=\"MOC-120588 The Highlander Pub With 4737 Pieces\" width=\"1004\" height=\"1004\" title=\"-\" srcset=\"https:\/\/mouldking.store\/wp-content\/uploads\/2022\/12\/MOC-120588-Modular-Building-The-Highlander-Pub-MOC-FACTORY.png 1004w, https:\/\/mouldking.store\/wp-content\/uploads\/2022\/12\/MOC-120588-Modular-Building-The-Highlander-Pub-MOC-FACTORY-300x300.png 300w, https:\/\/mouldking.store\/wp-content\/uploads\/2022\/12\/MOC-120588-Modular-Building-The-Highlander-Pub-MOC-FACTORY-768x768.png 768w, https:\/\/mouldking.store\/wp-content\/uploads\/2022\/12\/MOC-120588-Modular-Building-The-Highlander-Pub-MOC-FACTORY-600x600.png 600w, https:\/\/mouldking.store\/wp-content\/uploads\/2022\/12\/MOC-120588-Modular-Building-The-Highlander-Pub-MOC-FACTORY-150x150.png 150w, https:\/\/mouldking.store\/wp-content\/uploads\/2022\/12\/MOC-120588-Modular-Building-The-Highlander-Pub-MOC-FACTORY-60x60.png 60w, https:\/\/mouldking.store\/wp-content\/uploads\/2022\/12\/MOC-120588-Modular-Building-The-Highlander-Pub-MOC-FACTORY-90x90.png 90w\" sizes=\"(max-width: 1004px) 100vw, 1004px\" \/><figcaption id=\"caption-attachment-37221\" class=\"wp-caption-text\">MOC-120588 Le pub Highlander avec 4737 pi\u00e8ces<\/figcaption><\/figure>\n<figure id=\"attachment_37222\" aria-describedby=\"caption-attachment-37222\" style=\"width: 1100px\" class=\"wp-caption aligncenter\"><img decoding=\"async\" class=\"wp-image-37222 size-full\" src=\"https:\/\/mouldking.store\/wp-content\/uploads\/2022\/12\/moc-120588-the-highlander-pub-modular-st_main-5.jpg\" alt=\"MOC-120588 The Highlander Pub With 4737 Pieces\" width=\"1100\" height=\"1100\" title=\"-\" srcset=\"https:\/\/mouldking.store\/wp-content\/uploads\/2022\/12\/moc-120588-the-highlander-pub-modular-st_main-5.jpg 1100w, https:\/\/mouldking.store\/wp-content\/uploads\/2022\/12\/moc-120588-the-highlander-pub-modular-st_main-5-300x300.jpg 300w, https:\/\/mouldking.store\/wp-content\/uploads\/2022\/12\/moc-120588-the-highlander-pub-modular-st_main-5-1024x1024.jpg 1024w, https:\/\/mouldking.store\/wp-content\/uploads\/2022\/12\/moc-120588-the-highlander-pub-modular-st_main-5-768x768.jpg 768w, https:\/\/mouldking.store\/wp-content\/uploads\/2022\/12\/moc-120588-the-highlander-pub-modular-st_main-5-600x600.jpg 600w, https:\/\/mouldking.store\/wp-content\/uploads\/2022\/12\/moc-120588-the-highlander-pub-modular-st_main-5-150x150.jpg 150w, https:\/\/mouldking.store\/wp-content\/uploads\/2022\/12\/moc-120588-the-highlander-pub-modular-st_main-5-60x60.jpg 60w, https:\/\/mouldking.store\/wp-content\/uploads\/2022\/12\/moc-120588-the-highlander-pub-modular-st_main-5-90x90.jpg 90w\" sizes=\"(max-width: 1100px) 100vw, 1100px\" \/><figcaption id=\"caption-attachment-37222\" class=\"wp-caption-text\">MOC-120588 Le pub Highlander avec 4737 pi\u00e8ces<\/figcaption><\/figure>\n<figure id=\"attachment_37223\" aria-describedby=\"caption-attachment-37223\" style=\"width: 1024px\" class=\"wp-caption aligncenter\"><img decoding=\"async\" class=\"wp-image-37223 size-large\" src=\"https:\/\/mouldking.store\/wp-content\/uploads\/2022\/12\/moc-120588-the-highlander-pub-modular-st_main-4-1024x1024.jpg\" alt=\"MOC-120588 The Highlander Pub With 4737 Pieces\" width=\"1024\" height=\"1024\" title=\"-\" srcset=\"https:\/\/mouldking.store\/wp-content\/uploads\/2022\/12\/moc-120588-the-highlander-pub-modular-st_main-4-1024x1024.jpg 1024w, https:\/\/mouldking.store\/wp-content\/uploads\/2022\/12\/moc-120588-the-highlander-pub-modular-st_main-4-300x300.jpg 300w, https:\/\/mouldking.store\/wp-content\/uploads\/2022\/12\/moc-120588-the-highlander-pub-modular-st_main-4-768x768.jpg 768w, https:\/\/mouldking.store\/wp-content\/uploads\/2022\/12\/moc-120588-the-highlander-pub-modular-st_main-4-600x600.jpg 600w, https:\/\/mouldking.store\/wp-content\/uploads\/2022\/12\/moc-120588-the-highlander-pub-modular-st_main-4-150x150.jpg 150w, https:\/\/mouldking.store\/wp-content\/uploads\/2022\/12\/moc-120588-the-highlander-pub-modular-st_main-4-60x60.jpg 60w, https:\/\/mouldking.store\/wp-content\/uploads\/2022\/12\/moc-120588-the-highlander-pub-modular-st_main-4-90x90.jpg 90w, https:\/\/mouldking.store\/wp-content\/uploads\/2022\/12\/moc-120588-the-highlander-pub-modular-st_main-4.jpg 1100w\" sizes=\"(max-width: 1024px) 100vw, 1024px\" \/><figcaption id=\"caption-attachment-37223\" class=\"wp-caption-text\">MOC-120588 Le pub Highlander avec 4737 pi\u00e8ces<\/figcaption><\/figure>\n<figure id=\"attachment_37224\" aria-describedby=\"caption-attachment-37224\" style=\"width: 1024px\" class=\"wp-caption aligncenter\"><img loading=\"lazy\" decoding=\"async\" class=\"wp-image-37224 size-large\" src=\"https:\/\/mouldking.store\/wp-content\/uploads\/2022\/12\/moc-120588-the-highlander-pub-modular-st_main-3-1024x1024.jpg\" alt=\"MOC-120588 The Highlander Pub With 4737 Pieces\" width=\"1024\" height=\"1024\" title=\"-\" srcset=\"https:\/\/mouldking.store\/wp-content\/uploads\/2022\/12\/moc-120588-the-highlander-pub-modular-st_main-3-1024x1024.jpg 1024w, https:\/\/mouldking.store\/wp-content\/uploads\/2022\/12\/moc-120588-the-highlander-pub-modular-st_main-3-300x300.jpg 300w, https:\/\/mouldking.store\/wp-content\/uploads\/2022\/12\/moc-120588-the-highlander-pub-modular-st_main-3-768x768.jpg 768w, https:\/\/mouldking.store\/wp-content\/uploads\/2022\/12\/moc-120588-the-highlander-pub-modular-st_main-3-600x600.jpg 600w, https:\/\/mouldking.store\/wp-content\/uploads\/2022\/12\/moc-120588-the-highlander-pub-modular-st_main-3-150x150.jpg 150w, https:\/\/mouldking.store\/wp-content\/uploads\/2022\/12\/moc-120588-the-highlander-pub-modular-st_main-3-60x60.jpg 60w, https:\/\/mouldking.store\/wp-content\/uploads\/2022\/12\/moc-120588-the-highlander-pub-modular-st_main-3-90x90.jpg 90w, https:\/\/mouldking.store\/wp-content\/uploads\/2022\/12\/moc-120588-the-highlander-pub-modular-st_main-3.jpg 1100w\" sizes=\"(max-width: 1024px) 100vw, 1024px\" \/><figcaption id=\"caption-attachment-37224\" class=\"wp-caption-text\">MOC-120588 Le pub Highlander avec 4737 pi\u00e8ces<\/figcaption><\/figure>\n<figure id=\"attachment_37225\" aria-describedby=\"caption-attachment-37225\" style=\"width: 1100px\" class=\"wp-caption aligncenter\"><img loading=\"lazy\" decoding=\"async\" class=\"wp-image-37225 size-full\" src=\"https:\/\/mouldking.store\/wp-content\/uploads\/2022\/12\/moc-120588-the-highlander-pub-modular-st_main-2.jpg\" alt=\"MOC-120588 The Highlander Pub With 4737 Pieces\" width=\"1100\" height=\"1100\" title=\"-\" srcset=\"https:\/\/mouldking.store\/wp-content\/uploads\/2022\/12\/moc-120588-the-highlander-pub-modular-st_main-2.jpg 1100w, https:\/\/mouldking.store\/wp-content\/uploads\/2022\/12\/moc-120588-the-highlander-pub-modular-st_main-2-300x300.jpg 300w, https:\/\/mouldking.store\/wp-content\/uploads\/2022\/12\/moc-120588-the-highlander-pub-modular-st_main-2-1024x1024.jpg 1024w, https:\/\/mouldking.store\/wp-content\/uploads\/2022\/12\/moc-120588-the-highlander-pub-modular-st_main-2-768x768.jpg 768w, https:\/\/mouldking.store\/wp-content\/uploads\/2022\/12\/moc-120588-the-highlander-pub-modular-st_main-2-600x600.jpg 600w, https:\/\/mouldking.store\/wp-content\/uploads\/2022\/12\/moc-120588-the-highlander-pub-modular-st_main-2-150x150.jpg 150w, https:\/\/mouldking.store\/wp-content\/uploads\/2022\/12\/moc-120588-the-highlander-pub-modular-st_main-2-60x60.jpg 60w, https:\/\/mouldking.store\/wp-content\/uploads\/2022\/12\/moc-120588-the-highlander-pub-modular-st_main-2-90x90.jpg 90w\" sizes=\"(max-width: 1100px) 100vw, 1100px\" \/><figcaption id=\"caption-attachment-37225\" class=\"wp-caption-text\">MOC-120588 Le pub Highlander avec 4737 pi\u00e8ces<\/figcaption><\/figure>\n<figure id=\"attachment_37226\" aria-describedby=\"caption-attachment-37226\" style=\"width: 1024px\" class=\"wp-caption aligncenter\"><img loading=\"lazy\" decoding=\"async\" class=\"wp-image-37226 size-large\" src=\"https:\/\/mouldking.store\/wp-content\/uploads\/2022\/12\/moc-120588-the-highlander-pub-modular-st_main-1-1024x1024.jpg\" alt=\"MOC-120588 The Highlander Pub With 4737 Pieces\" width=\"1024\" height=\"1024\" title=\"-\" srcset=\"https:\/\/mouldking.store\/wp-content\/uploads\/2022\/12\/moc-120588-the-highlander-pub-modular-st_main-1-1024x1024.jpg 1024w, https:\/\/mouldking.store\/wp-content\/uploads\/2022\/12\/moc-120588-the-highlander-pub-modular-st_main-1-300x300.jpg 300w, https:\/\/mouldking.store\/wp-content\/uploads\/2022\/12\/moc-120588-the-highlander-pub-modular-st_main-1-768x768.jpg 768w, https:\/\/mouldking.store\/wp-content\/uploads\/2022\/12\/moc-120588-the-highlander-pub-modular-st_main-1-600x600.jpg 600w, https:\/\/mouldking.store\/wp-content\/uploads\/2022\/12\/moc-120588-the-highlander-pub-modular-st_main-1-150x150.jpg 150w, https:\/\/mouldking.store\/wp-content\/uploads\/2022\/12\/moc-120588-the-highlander-pub-modular-st_main-1-60x60.jpg 60w, https:\/\/mouldking.store\/wp-content\/uploads\/2022\/12\/moc-120588-the-highlander-pub-modular-st_main-1-90x90.jpg 90w, https:\/\/mouldking.store\/wp-content\/uploads\/2022\/12\/moc-120588-the-highlander-pub-modular-st_main-1.jpg 1100w\" sizes=\"(max-width: 1024px) 100vw, 1024px\" \/><figcaption id=\"caption-attachment-37226\" class=\"wp-caption-text\">MOC-120588 Le pub Highlander avec 4737 pi\u00e8ces<\/figcaption><\/figure>\n<figure id=\"attachment_37220\" aria-describedby=\"caption-attachment-37220\" style=\"width: 1024px\" class=\"wp-caption aligncenter\"><img loading=\"lazy\" decoding=\"async\" class=\"wp-image-37220 size-large\" src=\"https:\/\/mouldking.store\/wp-content\/uploads\/2022\/12\/moc-120588-the-highlander-pub-modular-st_main-0-1024x1024.jpg\" alt=\"MOC-120588 The Highlander Pub With 4737 Pieces\" width=\"1024\" height=\"1024\" title=\"-\" srcset=\"https:\/\/mouldking.store\/wp-content\/uploads\/2022\/12\/moc-120588-the-highlander-pub-modular-st_main-0-1024x1024.jpg 1024w, https:\/\/mouldking.store\/wp-content\/uploads\/2022\/12\/moc-120588-the-highlander-pub-modular-st_main-0-300x300.jpg 300w, https:\/\/mouldking.store\/wp-content\/uploads\/2022\/12\/moc-120588-the-highlander-pub-modular-st_main-0-768x768.jpg 768w, https:\/\/mouldking.store\/wp-content\/uploads\/2022\/12\/moc-120588-the-highlander-pub-modular-st_main-0-600x600.jpg 600w, https:\/\/mouldking.store\/wp-content\/uploads\/2022\/12\/moc-120588-the-highlander-pub-modular-st_main-0-150x150.jpg 150w, https:\/\/mouldking.store\/wp-content\/uploads\/2022\/12\/moc-120588-the-highlander-pub-modular-st_main-0-60x60.jpg 60w, https:\/\/mouldking.store\/wp-content\/uploads\/2022\/12\/moc-120588-the-highlander-pub-modular-st_main-0-90x90.jpg 90w, https:\/\/mouldking.store\/wp-content\/uploads\/2022\/12\/moc-120588-the-highlander-pub-modular-st_main-0.jpg 1100w\" sizes=\"(max-width: 1024px) 100vw, 1024px\" \/><figcaption id=\"caption-attachment-37220\" class=\"wp-caption-text\">MOC-120588 Le pub Highlander avec 4737 pi\u00e8ces<\/figcaption><\/figure>","protected":false},"excerpt":{"rendered":"<p>Temps d&#039;arrangement\u00a0: 4 \u00e0 8\u00a0semaines<\/p>","protected":false},"featured_media":37221,"comment_status":"closed","ping_status":"closed","template":"","meta":{"_acf_changed":false},"product_cat":[1395,1406,390],"product_tag":[8851,8850,8854,8849,8852,8853],"class_list":["product","first","instock","shipping-taxable","purchasable","product-type-simple"],"acf":[],"_links":{"self":[{"href":"https:\/\/mouldking.store\/fr\/wp-json\/wp\/v2\/product\/37219","targetHints":{"allow":["GET"]}}],"collection":[{"href":"https:\/\/mouldking.store\/fr\/wp-json\/wp\/v2\/product"}],"about":[{"href":"https:\/\/mouldking.store\/fr\/wp-json\/wp\/v2\/types\/product"}],"replies":[{"embeddable":true,"href":"https:\/\/mouldking.store\/fr\/wp-json\/wp\/v2\/comments?post=37219"}],"wp:featuredmedia":[{"embeddable":true,"href":"https:\/\/mouldking.store\/fr\/wp-json\/wp\/v2\/media\/37221"}],"wp:attachment":[{"href":"https:\/\/mouldking.store\/fr\/wp-json\/wp\/v2\/media?parent=37219"}],"wp:term":[{"taxonomy":"product_cat","embeddable":true,"href":"https:\/\/mouldking.store\/fr\/wp-json\/wp\/v2\/product_cat?post=37219"},{"taxonomy":"product_tag","embeddable":true,"href":"https:\/\/mouldking.store\/fr\/wp-json\/wp\/v2\/product_tag?post=37219"}],"curies":[{"name":"wp","href":"https:\/\/api.w.org\/{rel}","templated":true}]}}