{"id":37561,"date":"2022-12-08T14:16:49","date_gmt":"2022-12-08T07:16:49","guid":{"rendered":"https:\/\/mouldking.store\/?post_type=product&#038;p=37561"},"modified":"2025-12-25T09:12:11","modified_gmt":"2025-12-25T02:12:11","slug":"moc-121511-game-of-thrones-throne-room-with-1122-pieces","status":"publish","type":"product","link":"https:\/\/mouldking.store\/fr\/shop\/moc-121511-game-of-thrones-throne-room-with-1122-pieces\/","title":{"rendered":"MOC-121511 Salle du tr\u00f4ne Game of Thrones avec 1122 pi\u00e8ces"},"content":{"rendered":"<p>Information produit:<\/p>\n<ol>\n<li>Marque : MOC<\/li>\n<li>Genre: Unisexe<\/li>\n<li>Name: Game of Thrones Throne Room<\/li>\n<li>Tranche d&#039;\u00e2ge : &gt; 6 ans<\/li>\n<li>Model Number: 121511<\/li>\n<li>Classement : Assemblage<\/li>\n<li>Forme de bloc en plastique\u00a0: briques autobloquantes<\/li>\n<li>Mat\u00e9riel: Plastique<\/li>\n<li>Type de plastique : ABS<\/li>\n<li>Bricks Blocks:1122 PCS<\/li>\n<li>Contient des instructions de montage d\u00e9taill\u00e9es.<\/li>\n<li>Temps d&#039;arrangement\u00a0: 4 \u00e0 8\u00a0semaines<\/li>\n<\/ol>\n<p>Avis:<br \/>\n1. Sans bo\u00eete d&#039;origine, mais nous garantissons que nos produits ont une assurance qualit\u00e9 et un bel emballage.<br \/>\n2. Comme toutes les pi\u00e8ces que nous avons v\u00e9rifi\u00e9es avant l&#039;exp\u00e9dition, donc si vous trouvez des pi\u00e8ces manquantes ou endommag\u00e9es, ne vous inqui\u00e9tez pas et veuillez nous contacter et nous pouvons vous les renvoyer imm\u00e9diatement gratuitement.<\/p>\n<figure id=\"attachment_37562\" aria-describedby=\"caption-attachment-37562\" style=\"width: 1004px\" class=\"wp-caption aligncenter\"><img fetchpriority=\"high\" decoding=\"async\" class=\"wp-image-37562 size-full\" src=\"https:\/\/mouldking.store\/wp-content\/uploads\/2022\/12\/MOC-121511-Creator-Game-of-Thrones-Throne-Room-MOC-FACTORY.png\" alt=\"MOC-121511 Game of Thrones Throne Room With 1122 Pieces\" width=\"1004\" height=\"1004\" title=\"-\" srcset=\"https:\/\/mouldking.store\/wp-content\/uploads\/2022\/12\/MOC-121511-Creator-Game-of-Thrones-Throne-Room-MOC-FACTORY.png 1004w, https:\/\/mouldking.store\/wp-content\/uploads\/2022\/12\/MOC-121511-Creator-Game-of-Thrones-Throne-Room-MOC-FACTORY-300x300.png 300w, https:\/\/mouldking.store\/wp-content\/uploads\/2022\/12\/MOC-121511-Creator-Game-of-Thrones-Throne-Room-MOC-FACTORY-768x768.png 768w, https:\/\/mouldking.store\/wp-content\/uploads\/2022\/12\/MOC-121511-Creator-Game-of-Thrones-Throne-Room-MOC-FACTORY-600x600.png 600w, https:\/\/mouldking.store\/wp-content\/uploads\/2022\/12\/MOC-121511-Creator-Game-of-Thrones-Throne-Room-MOC-FACTORY-150x150.png 150w, https:\/\/mouldking.store\/wp-content\/uploads\/2022\/12\/MOC-121511-Creator-Game-of-Thrones-Throne-Room-MOC-FACTORY-60x60.png 60w, https:\/\/mouldking.store\/wp-content\/uploads\/2022\/12\/MOC-121511-Creator-Game-of-Thrones-Throne-Room-MOC-FACTORY-90x90.png 90w\" sizes=\"(max-width: 1004px) 100vw, 1004px\" \/><figcaption id=\"caption-attachment-37562\" class=\"wp-caption-text\">MOC-121511 Salle du tr\u00f4ne Game of Thrones avec 1122 pi\u00e8ces<\/figcaption><\/figure>\n<figure id=\"attachment_37563\" aria-describedby=\"caption-attachment-37563\" style=\"width: 1000px\" class=\"wp-caption aligncenter\"><img decoding=\"async\" class=\"wp-image-37563 size-full\" src=\"https:\/\/mouldking.store\/wp-content\/uploads\/2022\/12\/Game-of-Thrones-Throne-Room-MOC-121511-2.png\" alt=\"MOC-121511 Game of Thrones Throne Room With 1122 Pieces\" width=\"1000\" height=\"1000\" title=\"-\" srcset=\"https:\/\/mouldking.store\/wp-content\/uploads\/2022\/12\/Game-of-Thrones-Throne-Room-MOC-121511-2.png 1000w, https:\/\/mouldking.store\/wp-content\/uploads\/2022\/12\/Game-of-Thrones-Throne-Room-MOC-121511-2-300x300.png 300w, https:\/\/mouldking.store\/wp-content\/uploads\/2022\/12\/Game-of-Thrones-Throne-Room-MOC-121511-2-768x768.png 768w, https:\/\/mouldking.store\/wp-content\/uploads\/2022\/12\/Game-of-Thrones-Throne-Room-MOC-121511-2-600x600.png 600w, https:\/\/mouldking.store\/wp-content\/uploads\/2022\/12\/Game-of-Thrones-Throne-Room-MOC-121511-2-150x150.png 150w, https:\/\/mouldking.store\/wp-content\/uploads\/2022\/12\/Game-of-Thrones-Throne-Room-MOC-121511-2-60x60.png 60w, https:\/\/mouldking.store\/wp-content\/uploads\/2022\/12\/Game-of-Thrones-Throne-Room-MOC-121511-2-90x90.png 90w\" sizes=\"(max-width: 1000px) 100vw, 1000px\" \/><figcaption id=\"caption-attachment-37563\" class=\"wp-caption-text\">MOC-121511 Salle du tr\u00f4ne Game of Thrones avec 1122 pi\u00e8ces<\/figcaption><\/figure>\n<figure id=\"attachment_37564\" aria-describedby=\"caption-attachment-37564\" style=\"width: 1000px\" class=\"wp-caption aligncenter\"><img decoding=\"async\" class=\"wp-image-37564 size-full\" src=\"https:\/\/mouldking.store\/wp-content\/uploads\/2022\/12\/Game-of-Thrones-Throne-Room-MOC-121511-3.png\" alt=\"MOC-121511 Game of Thrones Throne Room With 1122 Pieces\" width=\"1000\" height=\"1000\" title=\"-\" srcset=\"https:\/\/mouldking.store\/wp-content\/uploads\/2022\/12\/Game-of-Thrones-Throne-Room-MOC-121511-3.png 1000w, https:\/\/mouldking.store\/wp-content\/uploads\/2022\/12\/Game-of-Thrones-Throne-Room-MOC-121511-3-300x300.png 300w, https:\/\/mouldking.store\/wp-content\/uploads\/2022\/12\/Game-of-Thrones-Throne-Room-MOC-121511-3-768x768.png 768w, https:\/\/mouldking.store\/wp-content\/uploads\/2022\/12\/Game-of-Thrones-Throne-Room-MOC-121511-3-600x600.png 600w, https:\/\/mouldking.store\/wp-content\/uploads\/2022\/12\/Game-of-Thrones-Throne-Room-MOC-121511-3-150x150.png 150w, https:\/\/mouldking.store\/wp-content\/uploads\/2022\/12\/Game-of-Thrones-Throne-Room-MOC-121511-3-60x60.png 60w, https:\/\/mouldking.store\/wp-content\/uploads\/2022\/12\/Game-of-Thrones-Throne-Room-MOC-121511-3-90x90.png 90w\" sizes=\"(max-width: 1000px) 100vw, 1000px\" \/><figcaption id=\"caption-attachment-37564\" class=\"wp-caption-text\">MOC-121511 Salle du tr\u00f4ne Game of Thrones avec 1122 pi\u00e8ces<\/figcaption><\/figure>\n<figure id=\"attachment_37565\" aria-describedby=\"caption-attachment-37565\" style=\"width: 1000px\" class=\"wp-caption aligncenter\"><img loading=\"lazy\" decoding=\"async\" class=\"wp-image-37565 size-full\" src=\"https:\/\/mouldking.store\/wp-content\/uploads\/2022\/12\/Game-of-Thrones-Throne-Room-MOC-121511-4.png\" alt=\"MOC-121511 Game of Thrones Throne Room With 1122 Pieces\" width=\"1000\" height=\"1000\" title=\"-\" srcset=\"https:\/\/mouldking.store\/wp-content\/uploads\/2022\/12\/Game-of-Thrones-Throne-Room-MOC-121511-4.png 1000w, https:\/\/mouldking.store\/wp-content\/uploads\/2022\/12\/Game-of-Thrones-Throne-Room-MOC-121511-4-300x300.png 300w, https:\/\/mouldking.store\/wp-content\/uploads\/2022\/12\/Game-of-Thrones-Throne-Room-MOC-121511-4-768x768.png 768w, https:\/\/mouldking.store\/wp-content\/uploads\/2022\/12\/Game-of-Thrones-Throne-Room-MOC-121511-4-600x600.png 600w, https:\/\/mouldking.store\/wp-content\/uploads\/2022\/12\/Game-of-Thrones-Throne-Room-MOC-121511-4-150x150.png 150w, https:\/\/mouldking.store\/wp-content\/uploads\/2022\/12\/Game-of-Thrones-Throne-Room-MOC-121511-4-60x60.png 60w, https:\/\/mouldking.store\/wp-content\/uploads\/2022\/12\/Game-of-Thrones-Throne-Room-MOC-121511-4-90x90.png 90w\" sizes=\"(max-width: 1000px) 100vw, 1000px\" \/><figcaption id=\"caption-attachment-37565\" class=\"wp-caption-text\">MOC-121511 Salle du tr\u00f4ne Game of Thrones avec 1122 pi\u00e8ces<\/figcaption><\/figure>","protected":false},"excerpt":{"rendered":"<p>Product information: Brand: MOC Gender: Unisex Name: Game of Thrones Throne Room Age Range: &gt; 6 years old Model Number: 121511 Classification: Assemblage Plastic Block Shape: Self-Locking Bricks Material: Plastic Plastic Type: ABS Bricks Blocks:1122 PCS Contains detailed assembly instructions. Time arrange: 4-8 weeks Notice: 1. Without an original box, but we guarantee our products [&hellip;]<\/p>","protected":false},"featured_media":37562,"comment_status":"closed","ping_status":"closed","template":"","meta":{"_acf_changed":false},"product_cat":[1406,371],"product_tag":[9139,1773,9142,430,9138,9143,9137,6442,9141,9140],"class_list":["product","first","instock","shipping-taxable","purchasable","product-type-simple"],"acf":[],"_links":{"self":[{"href":"https:\/\/mouldking.store\/fr\/wp-json\/wp\/v2\/product\/37561","targetHints":{"allow":["GET"]}}],"collection":[{"href":"https:\/\/mouldking.store\/fr\/wp-json\/wp\/v2\/product"}],"about":[{"href":"https:\/\/mouldking.store\/fr\/wp-json\/wp\/v2\/types\/product"}],"replies":[{"embeddable":true,"href":"https:\/\/mouldking.store\/fr\/wp-json\/wp\/v2\/comments?post=37561"}],"wp:featuredmedia":[{"embeddable":true,"href":"https:\/\/mouldking.store\/fr\/wp-json\/wp\/v2\/media\/37562"}],"wp:attachment":[{"href":"https:\/\/mouldking.store\/fr\/wp-json\/wp\/v2\/media?parent=37561"}],"wp:term":[{"taxonomy":"product_cat","embeddable":true,"href":"https:\/\/mouldking.store\/fr\/wp-json\/wp\/v2\/product_cat?post=37561"},{"taxonomy":"product_tag","embeddable":true,"href":"https:\/\/mouldking.store\/fr\/wp-json\/wp\/v2\/product_tag?post=37561"}],"curies":[{"name":"wp","href":"https:\/\/api.w.org\/{rel}","templated":true}]}}