{"id":37585,"date":"2022-12-08T15:08:12","date_gmt":"2022-12-08T08:08:12","guid":{"rendered":"https:\/\/mouldking.store\/?post_type=product&#038;p=37585"},"modified":"2025-12-25T09:12:11","modified_gmt":"2025-12-25T02:12:11","slug":"moc-1228-train-construction-site-with-3762-pieces","status":"publish","type":"product","link":"https:\/\/mouldking.store\/fr\/shop\/moc-1228-train-construction-site-with-3762-pieces\/","title":{"rendered":"MOC-1228 Chantier de construction de train avec 3762 pi\u00e8ces"},"content":{"rendered":"<p>Information produit:<\/p>\n<ol>\n<li>Marque : MOC<\/li>\n<li>Genre: Unisexe<\/li>\n<li>Name: Train Construction Site<\/li>\n<li>Tranche d&#039;\u00e2ge : &gt; 6 ans<\/li>\n<li>Model Number: 1228<\/li>\n<li>Classement : Assemblage<\/li>\n<li>Forme de bloc en plastique\u00a0: briques autobloquantes<\/li>\n<li>Mat\u00e9riel: Plastique<\/li>\n<li>Type de plastique : ABS<\/li>\n<li>Bricks Blocks:3762 PCS<\/li>\n<li>Contient des instructions de montage d\u00e9taill\u00e9es.<\/li>\n<li>Temps d&#039;arrangement\u00a0: 4 \u00e0 8\u00a0semaines<\/li>\n<\/ol>\n<p>Avis:<br \/>\n1. Sans bo\u00eete d&#039;origine, mais nous garantissons que nos produits ont une assurance qualit\u00e9 et un bel emballage.<br \/>\n2. Comme toutes les pi\u00e8ces que nous avons v\u00e9rifi\u00e9es avant l&#039;exp\u00e9dition, donc si vous trouvez des pi\u00e8ces manquantes ou endommag\u00e9es, ne vous inqui\u00e9tez pas et veuillez nous contacter et nous pouvons vous les renvoyer imm\u00e9diatement gratuitement.<\/p>\n<figure id=\"attachment_37586\" aria-describedby=\"caption-attachment-37586\" style=\"width: 1004px\" class=\"wp-caption aligncenter\"><img fetchpriority=\"high\" decoding=\"async\" class=\"wp-image-37586 size-full\" src=\"https:\/\/mouldking.store\/wp-content\/uploads\/2022\/12\/MOC-1228-Modular-Building-Train-Construction-Site-MOC-FACTORY.png\" alt=\"MOC-1228 Train Construction Site With 3762 Pieces\" width=\"1004\" height=\"1004\" title=\"-\" srcset=\"https:\/\/mouldking.store\/wp-content\/uploads\/2022\/12\/MOC-1228-Modular-Building-Train-Construction-Site-MOC-FACTORY.png 1004w, https:\/\/mouldking.store\/wp-content\/uploads\/2022\/12\/MOC-1228-Modular-Building-Train-Construction-Site-MOC-FACTORY-300x300.png 300w, https:\/\/mouldking.store\/wp-content\/uploads\/2022\/12\/MOC-1228-Modular-Building-Train-Construction-Site-MOC-FACTORY-768x768.png 768w, https:\/\/mouldking.store\/wp-content\/uploads\/2022\/12\/MOC-1228-Modular-Building-Train-Construction-Site-MOC-FACTORY-600x600.png 600w, https:\/\/mouldking.store\/wp-content\/uploads\/2022\/12\/MOC-1228-Modular-Building-Train-Construction-Site-MOC-FACTORY-150x150.png 150w, https:\/\/mouldking.store\/wp-content\/uploads\/2022\/12\/MOC-1228-Modular-Building-Train-Construction-Site-MOC-FACTORY-60x60.png 60w, https:\/\/mouldking.store\/wp-content\/uploads\/2022\/12\/MOC-1228-Modular-Building-Train-Construction-Site-MOC-FACTORY-90x90.png 90w\" sizes=\"(max-width: 1004px) 100vw, 1004px\" \/><figcaption id=\"caption-attachment-37586\" class=\"wp-caption-text\">MOC-1228 Chantier de construction de train avec 3762 pi\u00e8ces<\/figcaption><\/figure>\n<figure id=\"attachment_37587\" aria-describedby=\"caption-attachment-37587\" style=\"width: 1000px\" class=\"wp-caption aligncenter\"><img decoding=\"async\" class=\"wp-image-37587 size-full\" src=\"https:\/\/mouldking.store\/wp-content\/uploads\/2022\/12\/Train-Construction-Site-MOC-1228-2.png\" alt=\"MOC-1228 Train Construction Site With 3762 Pieces\" width=\"1000\" height=\"1000\" title=\"-\" srcset=\"https:\/\/mouldking.store\/wp-content\/uploads\/2022\/12\/Train-Construction-Site-MOC-1228-2.png 1000w, https:\/\/mouldking.store\/wp-content\/uploads\/2022\/12\/Train-Construction-Site-MOC-1228-2-300x300.png 300w, https:\/\/mouldking.store\/wp-content\/uploads\/2022\/12\/Train-Construction-Site-MOC-1228-2-768x768.png 768w, https:\/\/mouldking.store\/wp-content\/uploads\/2022\/12\/Train-Construction-Site-MOC-1228-2-600x600.png 600w, https:\/\/mouldking.store\/wp-content\/uploads\/2022\/12\/Train-Construction-Site-MOC-1228-2-150x150.png 150w, https:\/\/mouldking.store\/wp-content\/uploads\/2022\/12\/Train-Construction-Site-MOC-1228-2-60x60.png 60w, https:\/\/mouldking.store\/wp-content\/uploads\/2022\/12\/Train-Construction-Site-MOC-1228-2-90x90.png 90w\" sizes=\"(max-width: 1000px) 100vw, 1000px\" \/><figcaption id=\"caption-attachment-37587\" class=\"wp-caption-text\">MOC-1228 Chantier de construction de train avec 3762 pi\u00e8ces<\/figcaption><\/figure>\n<figure id=\"attachment_37588\" aria-describedby=\"caption-attachment-37588\" style=\"width: 1000px\" class=\"wp-caption aligncenter\"><img decoding=\"async\" class=\"wp-image-37588 size-full\" src=\"https:\/\/mouldking.store\/wp-content\/uploads\/2022\/12\/Train-Construction-Site-MOC-1228-3.png\" alt=\"MOC-1228 Train Construction Site With 3762 Pieces\" width=\"1000\" height=\"1000\" title=\"-\" srcset=\"https:\/\/mouldking.store\/wp-content\/uploads\/2022\/12\/Train-Construction-Site-MOC-1228-3.png 1000w, https:\/\/mouldking.store\/wp-content\/uploads\/2022\/12\/Train-Construction-Site-MOC-1228-3-300x300.png 300w, https:\/\/mouldking.store\/wp-content\/uploads\/2022\/12\/Train-Construction-Site-MOC-1228-3-768x768.png 768w, https:\/\/mouldking.store\/wp-content\/uploads\/2022\/12\/Train-Construction-Site-MOC-1228-3-600x600.png 600w, https:\/\/mouldking.store\/wp-content\/uploads\/2022\/12\/Train-Construction-Site-MOC-1228-3-150x150.png 150w, https:\/\/mouldking.store\/wp-content\/uploads\/2022\/12\/Train-Construction-Site-MOC-1228-3-60x60.png 60w, https:\/\/mouldking.store\/wp-content\/uploads\/2022\/12\/Train-Construction-Site-MOC-1228-3-90x90.png 90w\" sizes=\"(max-width: 1000px) 100vw, 1000px\" \/><figcaption id=\"caption-attachment-37588\" class=\"wp-caption-text\">MOC-1228 Chantier de construction de train avec 3762 pi\u00e8ces<\/figcaption><\/figure>\n<figure id=\"attachment_37589\" aria-describedby=\"caption-attachment-37589\" style=\"width: 1000px\" class=\"wp-caption aligncenter\"><img loading=\"lazy\" decoding=\"async\" class=\"wp-image-37589 size-full\" src=\"https:\/\/mouldking.store\/wp-content\/uploads\/2022\/12\/Train-Construction-Site-MOC-1228-4.png\" alt=\"MOC-1228 Train Construction Site With 3762 Pieces\" width=\"1000\" height=\"1000\" title=\"-\" srcset=\"https:\/\/mouldking.store\/wp-content\/uploads\/2022\/12\/Train-Construction-Site-MOC-1228-4.png 1000w, https:\/\/mouldking.store\/wp-content\/uploads\/2022\/12\/Train-Construction-Site-MOC-1228-4-300x300.png 300w, https:\/\/mouldking.store\/wp-content\/uploads\/2022\/12\/Train-Construction-Site-MOC-1228-4-768x768.png 768w, https:\/\/mouldking.store\/wp-content\/uploads\/2022\/12\/Train-Construction-Site-MOC-1228-4-600x600.png 600w, https:\/\/mouldking.store\/wp-content\/uploads\/2022\/12\/Train-Construction-Site-MOC-1228-4-150x150.png 150w, https:\/\/mouldking.store\/wp-content\/uploads\/2022\/12\/Train-Construction-Site-MOC-1228-4-60x60.png 60w, https:\/\/mouldking.store\/wp-content\/uploads\/2022\/12\/Train-Construction-Site-MOC-1228-4-90x90.png 90w\" sizes=\"(max-width: 1000px) 100vw, 1000px\" \/><figcaption id=\"caption-attachment-37589\" class=\"wp-caption-text\">MOC-1228 Chantier de construction de train avec 3762 pi\u00e8ces<\/figcaption><\/figure>","protected":false},"excerpt":{"rendered":"<p>Product information: Brand: MOC Gender: Unisex Name: Train Construction Site Age Range: &gt; 6 years old Model Number: 1228 Classification: Assemblage Plastic Block Shape: Self-Locking Bricks Material: Plastic Plastic Type: ABS Bricks Blocks:3762 PCS Contains detailed assembly instructions. Time arrange: 4-8 weeks Notice: 1. Without an original box, but we guarantee our products have quality [&hellip;]<\/p>","protected":false},"featured_media":37586,"comment_status":"closed","ping_status":"closed","template":"","meta":{"_acf_changed":false},"product_cat":[1395,1406,390],"product_tag":[9173,430,9172,9175,9171,300,9174],"class_list":["product","first","instock","shipping-taxable","purchasable","product-type-simple"],"acf":[],"_links":{"self":[{"href":"https:\/\/mouldking.store\/fr\/wp-json\/wp\/v2\/product\/37585","targetHints":{"allow":["GET"]}}],"collection":[{"href":"https:\/\/mouldking.store\/fr\/wp-json\/wp\/v2\/product"}],"about":[{"href":"https:\/\/mouldking.store\/fr\/wp-json\/wp\/v2\/types\/product"}],"replies":[{"embeddable":true,"href":"https:\/\/mouldking.store\/fr\/wp-json\/wp\/v2\/comments?post=37585"}],"wp:featuredmedia":[{"embeddable":true,"href":"https:\/\/mouldking.store\/fr\/wp-json\/wp\/v2\/media\/37586"}],"wp:attachment":[{"href":"https:\/\/mouldking.store\/fr\/wp-json\/wp\/v2\/media?parent=37585"}],"wp:term":[{"taxonomy":"product_cat","embeddable":true,"href":"https:\/\/mouldking.store\/fr\/wp-json\/wp\/v2\/product_cat?post=37585"},{"taxonomy":"product_tag","embeddable":true,"href":"https:\/\/mouldking.store\/fr\/wp-json\/wp\/v2\/product_tag?post=37585"}],"curies":[{"name":"wp","href":"https:\/\/api.w.org\/{rel}","templated":true}]}}