{"id":37594,"date":"2022-12-08T15:21:39","date_gmt":"2022-12-08T08:21:39","guid":{"rendered":"https:\/\/mouldking.store\/?post_type=product&#038;p=37594"},"modified":"2025-12-25T09:12:11","modified_gmt":"2025-12-25T02:12:11","slug":"moc-119049-wheeled-excavator-with-2585-pieces","status":"publish","type":"product","link":"https:\/\/mouldking.store\/fr\/shop\/moc-119049-wheeled-excavator-with-2585-pieces\/","title":{"rendered":"Pelle sur pneus MOC-119049 avec 2585 pi\u00e8ces"},"content":{"rendered":"<p>Information produit:<\/p>\n<ol>\n<li>Marque : MOC<\/li>\n<li>Genre: Unisexe<\/li>\n<li>Name: Wheeled Excavator<\/li>\n<li>Tranche d&#039;\u00e2ge : &gt; 6 ans<\/li>\n<li>Model Number: 119049<\/li>\n<li>Classement : Assemblage<\/li>\n<li>Forme de bloc en plastique\u00a0: briques autobloquantes<\/li>\n<li>Mat\u00e9riel: Plastique<\/li>\n<li>Type de plastique : ABS<\/li>\n<li>Bricks Blocks:2585 PCS<\/li>\n<li>Size: Height: ~ 51,9 cm Lenght: ~ 55 cm Width\u00a0: 23.3 cm<\/li>\n<li>Weight:\u00a02.12 kg<\/li>\n<li>Contient des instructions de montage d\u00e9taill\u00e9es.<\/li>\n<li>Temps d&#039;arrangement\u00a0: 4 \u00e0 8\u00a0semaines<\/li>\n<\/ol>\n<p>Avis:<br \/>\n1. Sans bo\u00eete d&#039;origine, mais nous garantissons que nos produits ont une assurance qualit\u00e9 et un bel emballage.<br \/>\n2. Comme toutes les pi\u00e8ces que nous avons v\u00e9rifi\u00e9es avant l&#039;exp\u00e9dition, donc si vous trouvez des pi\u00e8ces manquantes ou endommag\u00e9es, ne vous inqui\u00e9tez pas et veuillez nous contacter et nous pouvons vous les renvoyer imm\u00e9diatement gratuitement.<\/p>\n<figure id=\"attachment_37595\" aria-describedby=\"caption-attachment-37595\" style=\"width: 1004px\" class=\"wp-caption aligncenter\"><img fetchpriority=\"high\" decoding=\"async\" class=\"wp-image-37595 size-full\" src=\"https:\/\/mouldking.store\/wp-content\/uploads\/2022\/12\/MOC-119049-Technic-Wheeled-Excavator-MOC-FACTORY.png\" alt=\"MOC-119049 Wheeled Excavator With 2585 Pieces\" width=\"1004\" height=\"1004\" title=\"-\" srcset=\"https:\/\/mouldking.store\/wp-content\/uploads\/2022\/12\/MOC-119049-Technic-Wheeled-Excavator-MOC-FACTORY.png 1004w, https:\/\/mouldking.store\/wp-content\/uploads\/2022\/12\/MOC-119049-Technic-Wheeled-Excavator-MOC-FACTORY-300x300.png 300w, https:\/\/mouldking.store\/wp-content\/uploads\/2022\/12\/MOC-119049-Technic-Wheeled-Excavator-MOC-FACTORY-768x768.png 768w, https:\/\/mouldking.store\/wp-content\/uploads\/2022\/12\/MOC-119049-Technic-Wheeled-Excavator-MOC-FACTORY-600x600.png 600w, https:\/\/mouldking.store\/wp-content\/uploads\/2022\/12\/MOC-119049-Technic-Wheeled-Excavator-MOC-FACTORY-150x150.png 150w, https:\/\/mouldking.store\/wp-content\/uploads\/2022\/12\/MOC-119049-Technic-Wheeled-Excavator-MOC-FACTORY-60x60.png 60w, https:\/\/mouldking.store\/wp-content\/uploads\/2022\/12\/MOC-119049-Technic-Wheeled-Excavator-MOC-FACTORY-90x90.png 90w\" sizes=\"(max-width: 1004px) 100vw, 1004px\" \/><figcaption id=\"caption-attachment-37595\" class=\"wp-caption-text\">Pelle sur pneus MOC-119049 avec 2585 pi\u00e8ces<\/figcaption><\/figure>\n<figure id=\"attachment_37596\" aria-describedby=\"caption-attachment-37596\" style=\"width: 1000px\" class=\"wp-caption aligncenter\"><img decoding=\"async\" class=\"wp-image-37596 size-full\" src=\"https:\/\/mouldking.store\/wp-content\/uploads\/2022\/12\/Wheeled-Excavator-MOC-119049-2.png\" alt=\"MOC-119049 Wheeled Excavator With 2585 Pieces\" width=\"1000\" height=\"1000\" title=\"-\" srcset=\"https:\/\/mouldking.store\/wp-content\/uploads\/2022\/12\/Wheeled-Excavator-MOC-119049-2.png 1000w, https:\/\/mouldking.store\/wp-content\/uploads\/2022\/12\/Wheeled-Excavator-MOC-119049-2-300x300.png 300w, https:\/\/mouldking.store\/wp-content\/uploads\/2022\/12\/Wheeled-Excavator-MOC-119049-2-768x768.png 768w, https:\/\/mouldking.store\/wp-content\/uploads\/2022\/12\/Wheeled-Excavator-MOC-119049-2-600x600.png 600w, https:\/\/mouldking.store\/wp-content\/uploads\/2022\/12\/Wheeled-Excavator-MOC-119049-2-150x150.png 150w, https:\/\/mouldking.store\/wp-content\/uploads\/2022\/12\/Wheeled-Excavator-MOC-119049-2-60x60.png 60w, https:\/\/mouldking.store\/wp-content\/uploads\/2022\/12\/Wheeled-Excavator-MOC-119049-2-90x90.png 90w\" sizes=\"(max-width: 1000px) 100vw, 1000px\" \/><figcaption id=\"caption-attachment-37596\" class=\"wp-caption-text\">Pelle sur pneus MOC-119049 avec 2585 pi\u00e8ces<\/figcaption><\/figure>\n<figure id=\"attachment_37597\" aria-describedby=\"caption-attachment-37597\" style=\"width: 1000px\" class=\"wp-caption aligncenter\"><img decoding=\"async\" class=\"wp-image-37597 size-full\" src=\"https:\/\/mouldking.store\/wp-content\/uploads\/2022\/12\/Wheeled-Excavator-MOC-119049-3.png\" alt=\"MOC-119049 Wheeled Excavator With 2585 Pieces\" width=\"1000\" height=\"1000\" title=\"-\" srcset=\"https:\/\/mouldking.store\/wp-content\/uploads\/2022\/12\/Wheeled-Excavator-MOC-119049-3.png 1000w, https:\/\/mouldking.store\/wp-content\/uploads\/2022\/12\/Wheeled-Excavator-MOC-119049-3-300x300.png 300w, https:\/\/mouldking.store\/wp-content\/uploads\/2022\/12\/Wheeled-Excavator-MOC-119049-3-768x768.png 768w, https:\/\/mouldking.store\/wp-content\/uploads\/2022\/12\/Wheeled-Excavator-MOC-119049-3-600x600.png 600w, https:\/\/mouldking.store\/wp-content\/uploads\/2022\/12\/Wheeled-Excavator-MOC-119049-3-150x150.png 150w, https:\/\/mouldking.store\/wp-content\/uploads\/2022\/12\/Wheeled-Excavator-MOC-119049-3-60x60.png 60w, https:\/\/mouldking.store\/wp-content\/uploads\/2022\/12\/Wheeled-Excavator-MOC-119049-3-90x90.png 90w\" sizes=\"(max-width: 1000px) 100vw, 1000px\" \/><figcaption id=\"caption-attachment-37597\" class=\"wp-caption-text\">Pelle sur pneus MOC-119049 avec 2585 pi\u00e8ces<\/figcaption><\/figure>\n<figure id=\"attachment_37598\" aria-describedby=\"caption-attachment-37598\" style=\"width: 1000px\" class=\"wp-caption aligncenter\"><img loading=\"lazy\" decoding=\"async\" class=\"wp-image-37598 size-full\" src=\"https:\/\/mouldking.store\/wp-content\/uploads\/2022\/12\/Wheeled-Excavator-MOC-119049-4.png\" alt=\"MOC-119049 Wheeled Excavator With 2585 Pieces\" width=\"1000\" height=\"1000\" title=\"-\" srcset=\"https:\/\/mouldking.store\/wp-content\/uploads\/2022\/12\/Wheeled-Excavator-MOC-119049-4.png 1000w, https:\/\/mouldking.store\/wp-content\/uploads\/2022\/12\/Wheeled-Excavator-MOC-119049-4-300x300.png 300w, https:\/\/mouldking.store\/wp-content\/uploads\/2022\/12\/Wheeled-Excavator-MOC-119049-4-768x768.png 768w, https:\/\/mouldking.store\/wp-content\/uploads\/2022\/12\/Wheeled-Excavator-MOC-119049-4-600x600.png 600w, https:\/\/mouldking.store\/wp-content\/uploads\/2022\/12\/Wheeled-Excavator-MOC-119049-4-150x150.png 150w, https:\/\/mouldking.store\/wp-content\/uploads\/2022\/12\/Wheeled-Excavator-MOC-119049-4-60x60.png 60w, https:\/\/mouldking.store\/wp-content\/uploads\/2022\/12\/Wheeled-Excavator-MOC-119049-4-90x90.png 90w\" sizes=\"(max-width: 1000px) 100vw, 1000px\" \/><figcaption id=\"caption-attachment-37598\" class=\"wp-caption-text\">Pelle sur pneus MOC-119049 avec 2585 pi\u00e8ces<\/figcaption><\/figure>\n<figure id=\"attachment_37599\" aria-describedby=\"caption-attachment-37599\" style=\"width: 1000px\" class=\"wp-caption aligncenter\"><img loading=\"lazy\" decoding=\"async\" class=\"wp-image-37599 size-full\" src=\"https:\/\/mouldking.store\/wp-content\/uploads\/2022\/12\/Wheeled-Excavator-MOC-119049-5.png\" alt=\"MOC-119049 Wheeled Excavator With 2585 Pieces\" width=\"1000\" height=\"1000\" title=\"-\" srcset=\"https:\/\/mouldking.store\/wp-content\/uploads\/2022\/12\/Wheeled-Excavator-MOC-119049-5.png 1000w, https:\/\/mouldking.store\/wp-content\/uploads\/2022\/12\/Wheeled-Excavator-MOC-119049-5-300x300.png 300w, https:\/\/mouldking.store\/wp-content\/uploads\/2022\/12\/Wheeled-Excavator-MOC-119049-5-768x768.png 768w, https:\/\/mouldking.store\/wp-content\/uploads\/2022\/12\/Wheeled-Excavator-MOC-119049-5-600x600.png 600w, https:\/\/mouldking.store\/wp-content\/uploads\/2022\/12\/Wheeled-Excavator-MOC-119049-5-150x150.png 150w, https:\/\/mouldking.store\/wp-content\/uploads\/2022\/12\/Wheeled-Excavator-MOC-119049-5-60x60.png 60w, https:\/\/mouldking.store\/wp-content\/uploads\/2022\/12\/Wheeled-Excavator-MOC-119049-5-90x90.png 90w\" sizes=\"(max-width: 1000px) 100vw, 1000px\" \/><figcaption id=\"caption-attachment-37599\" class=\"wp-caption-text\">Pelle sur pneus MOC-119049 avec 2585 pi\u00e8ces<\/figcaption><\/figure>\n<figure id=\"attachment_37600\" aria-describedby=\"caption-attachment-37600\" style=\"width: 1000px\" class=\"wp-caption aligncenter\"><img loading=\"lazy\" decoding=\"async\" class=\"wp-image-37600 size-full\" src=\"https:\/\/mouldking.store\/wp-content\/uploads\/2022\/12\/Wheeled-Excavator-MOC-119049-6.png\" alt=\"MOC-119049 Wheeled Excavator With 2585 Pieces\" width=\"1000\" height=\"1000\" title=\"-\" srcset=\"https:\/\/mouldking.store\/wp-content\/uploads\/2022\/12\/Wheeled-Excavator-MOC-119049-6.png 1000w, https:\/\/mouldking.store\/wp-content\/uploads\/2022\/12\/Wheeled-Excavator-MOC-119049-6-300x300.png 300w, https:\/\/mouldking.store\/wp-content\/uploads\/2022\/12\/Wheeled-Excavator-MOC-119049-6-768x768.png 768w, https:\/\/mouldking.store\/wp-content\/uploads\/2022\/12\/Wheeled-Excavator-MOC-119049-6-600x600.png 600w, https:\/\/mouldking.store\/wp-content\/uploads\/2022\/12\/Wheeled-Excavator-MOC-119049-6-150x150.png 150w, https:\/\/mouldking.store\/wp-content\/uploads\/2022\/12\/Wheeled-Excavator-MOC-119049-6-60x60.png 60w, https:\/\/mouldking.store\/wp-content\/uploads\/2022\/12\/Wheeled-Excavator-MOC-119049-6-90x90.png 90w\" sizes=\"(max-width: 1000px) 100vw, 1000px\" \/><figcaption id=\"caption-attachment-37600\" class=\"wp-caption-text\">Pelle sur pneus MOC-119049 avec 2585 pi\u00e8ces<\/figcaption><\/figure>","protected":false},"excerpt":{"rendered":"<p>Product information: Brand: MOC Gender: Unisex Name: Wheeled Excavator Age Range: &gt; 6 years old Model Number: 119049 Classification: Assemblage Plastic Block Shape: Self-Locking Bricks Material: Plastic Plastic Type: ABS Bricks Blocks:2585 PCS Size: Height: ~ 51,9 cm Lenght: ~ 55 cm Width\u00a0: 23.3 cm Weight:\u00a02.12 kg Contains detailed assembly instructions. Time arrange: 4-8 weeks [&hellip;]<\/p>","protected":false},"featured_media":37595,"comment_status":"closed","ping_status":"closed","template":"","meta":{"_acf_changed":false},"product_cat":[1406,364],"product_tag":[755,430,9182,9185,9181,9183,9184],"class_list":["product","first","instock","shipping-taxable","purchasable","product-type-simple"],"acf":[],"_links":{"self":[{"href":"https:\/\/mouldking.store\/fr\/wp-json\/wp\/v2\/product\/37594","targetHints":{"allow":["GET"]}}],"collection":[{"href":"https:\/\/mouldking.store\/fr\/wp-json\/wp\/v2\/product"}],"about":[{"href":"https:\/\/mouldking.store\/fr\/wp-json\/wp\/v2\/types\/product"}],"replies":[{"embeddable":true,"href":"https:\/\/mouldking.store\/fr\/wp-json\/wp\/v2\/comments?post=37594"}],"wp:featuredmedia":[{"embeddable":true,"href":"https:\/\/mouldking.store\/fr\/wp-json\/wp\/v2\/media\/37595"}],"wp:attachment":[{"href":"https:\/\/mouldking.store\/fr\/wp-json\/wp\/v2\/media?parent=37594"}],"wp:term":[{"taxonomy":"product_cat","embeddable":true,"href":"https:\/\/mouldking.store\/fr\/wp-json\/wp\/v2\/product_cat?post=37594"},{"taxonomy":"product_tag","embeddable":true,"href":"https:\/\/mouldking.store\/fr\/wp-json\/wp\/v2\/product_tag?post=37594"}],"curies":[{"name":"wp","href":"https:\/\/api.w.org\/{rel}","templated":true}]}}