{"id":37607,"date":"2022-12-08T15:42:19","date_gmt":"2022-12-08T08:42:19","guid":{"rendered":"https:\/\/mouldking.store\/?post_type=product&#038;p=37607"},"modified":"2025-12-25T09:12:11","modified_gmt":"2025-12-25T02:12:11","slug":"moc-125351-snow-peak-sweets-factory-and-lounge-with-2919-pieces","status":"publish","type":"product","link":"https:\/\/mouldking.store\/fr\/shop\/moc-125351-snow-peak-sweets-factory-and-lounge-with-2919-pieces\/","title":{"rendered":"MOC-125351 Snow Peak Sweets Factory et salon avec 2919 pi\u00e8ces"},"content":{"rendered":"<p>Information produit:<\/p>\n<ol>\n<li>Marque : MOC<\/li>\n<li>Genre: Unisexe<\/li>\n<li>Name: Snow Peak Sweets Factory And Lounge<\/li>\n<li>Tranche d&#039;\u00e2ge : &gt; 6 ans<\/li>\n<li>Model Number: 125351<\/li>\n<li>Classement : Assemblage<\/li>\n<li>Forme de bloc en plastique\u00a0: briques autobloquantes<\/li>\n<li>Mat\u00e9riel: Plastique<\/li>\n<li>Type de plastique : ABS<\/li>\n<li>Bricks Blocks:2919 PCS<\/li>\n<li>Contient des instructions de montage d\u00e9taill\u00e9es.<\/li>\n<li>Temps d&#039;arrangement\u00a0: 4 \u00e0 8\u00a0semaines<\/li>\n<\/ol>\n<p>Avis:<br \/>\n1. Sans bo\u00eete d&#039;origine, mais nous garantissons que nos produits ont une assurance qualit\u00e9 et un bel emballage.<br \/>\n2. Comme toutes les pi\u00e8ces que nous avons v\u00e9rifi\u00e9es avant l&#039;exp\u00e9dition, donc si vous trouvez des pi\u00e8ces manquantes ou endommag\u00e9es, ne vous inqui\u00e9tez pas et veuillez nous contacter et nous pouvons vous les renvoyer imm\u00e9diatement gratuitement.<\/p>\n<figure id=\"attachment_37608\" aria-describedby=\"caption-attachment-37608\" style=\"width: 1004px\" class=\"wp-caption aligncenter\"><img fetchpriority=\"high\" decoding=\"async\" class=\"wp-image-37608 size-full\" src=\"https:\/\/mouldking.store\/wp-content\/uploads\/2022\/12\/MOC-125351-Modular-Building-Snow-Peak-Sweets-Factory-And-Lounge-MOC-FACTORY.png\" alt=\"MOC-125351 Snow Peak Sweets Factory And Lounge With 2919 Pieces\" width=\"1004\" height=\"1004\" title=\"-\" srcset=\"https:\/\/mouldking.store\/wp-content\/uploads\/2022\/12\/MOC-125351-Modular-Building-Snow-Peak-Sweets-Factory-And-Lounge-MOC-FACTORY.png 1004w, https:\/\/mouldking.store\/wp-content\/uploads\/2022\/12\/MOC-125351-Modular-Building-Snow-Peak-Sweets-Factory-And-Lounge-MOC-FACTORY-300x300.png 300w, https:\/\/mouldking.store\/wp-content\/uploads\/2022\/12\/MOC-125351-Modular-Building-Snow-Peak-Sweets-Factory-And-Lounge-MOC-FACTORY-768x768.png 768w, https:\/\/mouldking.store\/wp-content\/uploads\/2022\/12\/MOC-125351-Modular-Building-Snow-Peak-Sweets-Factory-And-Lounge-MOC-FACTORY-600x600.png 600w, https:\/\/mouldking.store\/wp-content\/uploads\/2022\/12\/MOC-125351-Modular-Building-Snow-Peak-Sweets-Factory-And-Lounge-MOC-FACTORY-150x150.png 150w, https:\/\/mouldking.store\/wp-content\/uploads\/2022\/12\/MOC-125351-Modular-Building-Snow-Peak-Sweets-Factory-And-Lounge-MOC-FACTORY-60x60.png 60w, https:\/\/mouldking.store\/wp-content\/uploads\/2022\/12\/MOC-125351-Modular-Building-Snow-Peak-Sweets-Factory-And-Lounge-MOC-FACTORY-90x90.png 90w\" sizes=\"(max-width: 1004px) 100vw, 1004px\" \/><figcaption id=\"caption-attachment-37608\" class=\"wp-caption-text\">MOC-125351 Snow Peak Sweets Factory et salon avec 2919 pi\u00e8ces<\/figcaption><\/figure>\n<figure id=\"attachment_37609\" aria-describedby=\"caption-attachment-37609\" style=\"width: 1000px\" class=\"wp-caption aligncenter\"><img decoding=\"async\" class=\"wp-image-37609 size-full\" src=\"https:\/\/mouldking.store\/wp-content\/uploads\/2022\/12\/Snow-Peak-Sweets-Factory-And-Lounge-MOC-125351-2.png\" alt=\"MOC-125351 Snow Peak Sweets Factory And Lounge With 2919 Pieces\" width=\"1000\" height=\"1000\" title=\"-\" srcset=\"https:\/\/mouldking.store\/wp-content\/uploads\/2022\/12\/Snow-Peak-Sweets-Factory-And-Lounge-MOC-125351-2.png 1000w, https:\/\/mouldking.store\/wp-content\/uploads\/2022\/12\/Snow-Peak-Sweets-Factory-And-Lounge-MOC-125351-2-300x300.png 300w, https:\/\/mouldking.store\/wp-content\/uploads\/2022\/12\/Snow-Peak-Sweets-Factory-And-Lounge-MOC-125351-2-768x768.png 768w, https:\/\/mouldking.store\/wp-content\/uploads\/2022\/12\/Snow-Peak-Sweets-Factory-And-Lounge-MOC-125351-2-600x600.png 600w, https:\/\/mouldking.store\/wp-content\/uploads\/2022\/12\/Snow-Peak-Sweets-Factory-And-Lounge-MOC-125351-2-150x150.png 150w, https:\/\/mouldking.store\/wp-content\/uploads\/2022\/12\/Snow-Peak-Sweets-Factory-And-Lounge-MOC-125351-2-60x60.png 60w, https:\/\/mouldking.store\/wp-content\/uploads\/2022\/12\/Snow-Peak-Sweets-Factory-And-Lounge-MOC-125351-2-90x90.png 90w\" sizes=\"(max-width: 1000px) 100vw, 1000px\" \/><figcaption id=\"caption-attachment-37609\" class=\"wp-caption-text\">MOC-125351 Snow Peak Sweets Factory et salon avec 2919 pi\u00e8ces<\/figcaption><\/figure>\n<figure id=\"attachment_37610\" aria-describedby=\"caption-attachment-37610\" style=\"width: 1000px\" class=\"wp-caption aligncenter\"><img decoding=\"async\" class=\"wp-image-37610 size-full\" src=\"https:\/\/mouldking.store\/wp-content\/uploads\/2022\/12\/Snow-Peak-Sweets-Factory-And-Lounge-MOC-125351-3.png\" alt=\"MOC-125351 Snow Peak Sweets Factory And Lounge With 2919 Pieces\" width=\"1000\" height=\"1000\" title=\"-\" srcset=\"https:\/\/mouldking.store\/wp-content\/uploads\/2022\/12\/Snow-Peak-Sweets-Factory-And-Lounge-MOC-125351-3.png 1000w, https:\/\/mouldking.store\/wp-content\/uploads\/2022\/12\/Snow-Peak-Sweets-Factory-And-Lounge-MOC-125351-3-300x300.png 300w, https:\/\/mouldking.store\/wp-content\/uploads\/2022\/12\/Snow-Peak-Sweets-Factory-And-Lounge-MOC-125351-3-768x768.png 768w, https:\/\/mouldking.store\/wp-content\/uploads\/2022\/12\/Snow-Peak-Sweets-Factory-And-Lounge-MOC-125351-3-600x600.png 600w, https:\/\/mouldking.store\/wp-content\/uploads\/2022\/12\/Snow-Peak-Sweets-Factory-And-Lounge-MOC-125351-3-150x150.png 150w, https:\/\/mouldking.store\/wp-content\/uploads\/2022\/12\/Snow-Peak-Sweets-Factory-And-Lounge-MOC-125351-3-60x60.png 60w, https:\/\/mouldking.store\/wp-content\/uploads\/2022\/12\/Snow-Peak-Sweets-Factory-And-Lounge-MOC-125351-3-90x90.png 90w\" sizes=\"(max-width: 1000px) 100vw, 1000px\" \/><figcaption id=\"caption-attachment-37610\" class=\"wp-caption-text\">MOC-125351 Snow Peak Sweets Factory et salon avec 2919 pi\u00e8ces<\/figcaption><\/figure>\n<figure id=\"attachment_37611\" aria-describedby=\"caption-attachment-37611\" style=\"width: 1000px\" class=\"wp-caption aligncenter\"><img loading=\"lazy\" decoding=\"async\" class=\"wp-image-37611 size-full\" src=\"https:\/\/mouldking.store\/wp-content\/uploads\/2022\/12\/Snow-Peak-Sweets-Factory-And-Lounge-MOC-125351-4.png\" alt=\"MOC-125351 Snow Peak Sweets Factory And Lounge With 2919 Pieces\" width=\"1000\" height=\"1000\" title=\"-\" srcset=\"https:\/\/mouldking.store\/wp-content\/uploads\/2022\/12\/Snow-Peak-Sweets-Factory-And-Lounge-MOC-125351-4.png 1000w, https:\/\/mouldking.store\/wp-content\/uploads\/2022\/12\/Snow-Peak-Sweets-Factory-And-Lounge-MOC-125351-4-300x300.png 300w, https:\/\/mouldking.store\/wp-content\/uploads\/2022\/12\/Snow-Peak-Sweets-Factory-And-Lounge-MOC-125351-4-768x768.png 768w, https:\/\/mouldking.store\/wp-content\/uploads\/2022\/12\/Snow-Peak-Sweets-Factory-And-Lounge-MOC-125351-4-600x600.png 600w, https:\/\/mouldking.store\/wp-content\/uploads\/2022\/12\/Snow-Peak-Sweets-Factory-And-Lounge-MOC-125351-4-150x150.png 150w, https:\/\/mouldking.store\/wp-content\/uploads\/2022\/12\/Snow-Peak-Sweets-Factory-And-Lounge-MOC-125351-4-60x60.png 60w, https:\/\/mouldking.store\/wp-content\/uploads\/2022\/12\/Snow-Peak-Sweets-Factory-And-Lounge-MOC-125351-4-90x90.png 90w\" sizes=\"(max-width: 1000px) 100vw, 1000px\" \/><figcaption id=\"caption-attachment-37611\" class=\"wp-caption-text\">MOC-125351 Snow Peak Sweets Factory et salon avec 2919 pi\u00e8ces<\/figcaption><\/figure>\n<figure id=\"attachment_37612\" aria-describedby=\"caption-attachment-37612\" style=\"width: 1000px\" class=\"wp-caption aligncenter\"><img loading=\"lazy\" decoding=\"async\" class=\"wp-image-37612 size-full\" src=\"https:\/\/mouldking.store\/wp-content\/uploads\/2022\/12\/Snow-Peak-Sweets-Factory-And-Lounge-MOC-125351-5.png\" alt=\"MOC-125351 Snow Peak Sweets Factory And Lounge With 2919 Pieces\" width=\"1000\" height=\"1000\" title=\"-\" srcset=\"https:\/\/mouldking.store\/wp-content\/uploads\/2022\/12\/Snow-Peak-Sweets-Factory-And-Lounge-MOC-125351-5.png 1000w, https:\/\/mouldking.store\/wp-content\/uploads\/2022\/12\/Snow-Peak-Sweets-Factory-And-Lounge-MOC-125351-5-300x300.png 300w, https:\/\/mouldking.store\/wp-content\/uploads\/2022\/12\/Snow-Peak-Sweets-Factory-And-Lounge-MOC-125351-5-768x768.png 768w, https:\/\/mouldking.store\/wp-content\/uploads\/2022\/12\/Snow-Peak-Sweets-Factory-And-Lounge-MOC-125351-5-600x600.png 600w, https:\/\/mouldking.store\/wp-content\/uploads\/2022\/12\/Snow-Peak-Sweets-Factory-And-Lounge-MOC-125351-5-150x150.png 150w, https:\/\/mouldking.store\/wp-content\/uploads\/2022\/12\/Snow-Peak-Sweets-Factory-And-Lounge-MOC-125351-5-60x60.png 60w, https:\/\/mouldking.store\/wp-content\/uploads\/2022\/12\/Snow-Peak-Sweets-Factory-And-Lounge-MOC-125351-5-90x90.png 90w\" sizes=\"(max-width: 1000px) 100vw, 1000px\" \/><figcaption id=\"caption-attachment-37612\" class=\"wp-caption-text\">MOC-125351 Snow Peak Sweets Factory et salon avec 2919 pi\u00e8ces<\/figcaption><\/figure>\n<figure id=\"attachment_37613\" aria-describedby=\"caption-attachment-37613\" style=\"width: 1000px\" class=\"wp-caption aligncenter\"><img loading=\"lazy\" decoding=\"async\" class=\"wp-image-37613 size-full\" src=\"https:\/\/mouldking.store\/wp-content\/uploads\/2022\/12\/Snow-Peak-Sweets-Factory-And-Lounge-MOC-125351-6.png\" alt=\"MOC-125351 Snow Peak Sweets Factory And Lounge With 2919 Pieces\" width=\"1000\" height=\"1000\" title=\"-\" srcset=\"https:\/\/mouldking.store\/wp-content\/uploads\/2022\/12\/Snow-Peak-Sweets-Factory-And-Lounge-MOC-125351-6.png 1000w, https:\/\/mouldking.store\/wp-content\/uploads\/2022\/12\/Snow-Peak-Sweets-Factory-And-Lounge-MOC-125351-6-300x300.png 300w, https:\/\/mouldking.store\/wp-content\/uploads\/2022\/12\/Snow-Peak-Sweets-Factory-And-Lounge-MOC-125351-6-768x768.png 768w, https:\/\/mouldking.store\/wp-content\/uploads\/2022\/12\/Snow-Peak-Sweets-Factory-And-Lounge-MOC-125351-6-600x600.png 600w, https:\/\/mouldking.store\/wp-content\/uploads\/2022\/12\/Snow-Peak-Sweets-Factory-And-Lounge-MOC-125351-6-150x150.png 150w, https:\/\/mouldking.store\/wp-content\/uploads\/2022\/12\/Snow-Peak-Sweets-Factory-And-Lounge-MOC-125351-6-60x60.png 60w, https:\/\/mouldking.store\/wp-content\/uploads\/2022\/12\/Snow-Peak-Sweets-Factory-And-Lounge-MOC-125351-6-90x90.png 90w\" sizes=\"(max-width: 1000px) 100vw, 1000px\" \/><figcaption id=\"caption-attachment-37613\" class=\"wp-caption-text\">MOC-125351 Snow Peak Sweets Factory et salon avec 2919 pi\u00e8ces<\/figcaption><\/figure>","protected":false},"excerpt":{"rendered":"<p>Product information: Brand: MOC Gender: Unisex Name: Snow Peak Sweets Factory And Lounge Age Range: &gt; 6 years old Model Number: 125351 Classification: Assemblage Plastic Block Shape: Self-Locking Bricks Material: Plastic Plastic Type: ABS Bricks Blocks:2919 PCS Contains detailed assembly instructions. Time arrange: 4-8 weeks Notice: 1. Without an original box, but we guarantee our [&hellip;]<\/p>","protected":false},"featured_media":37608,"comment_status":"closed","ping_status":"closed","template":"","meta":{"_acf_changed":false},"product_cat":[1395,1406,390],"product_tag":[430,9201,9206,9200,9202,9205,9203,9204],"class_list":["product","first","instock","shipping-taxable","purchasable","product-type-simple"],"acf":[],"_links":{"self":[{"href":"https:\/\/mouldking.store\/fr\/wp-json\/wp\/v2\/product\/37607","targetHints":{"allow":["GET"]}}],"collection":[{"href":"https:\/\/mouldking.store\/fr\/wp-json\/wp\/v2\/product"}],"about":[{"href":"https:\/\/mouldking.store\/fr\/wp-json\/wp\/v2\/types\/product"}],"replies":[{"embeddable":true,"href":"https:\/\/mouldking.store\/fr\/wp-json\/wp\/v2\/comments?post=37607"}],"wp:featuredmedia":[{"embeddable":true,"href":"https:\/\/mouldking.store\/fr\/wp-json\/wp\/v2\/media\/37608"}],"wp:attachment":[{"href":"https:\/\/mouldking.store\/fr\/wp-json\/wp\/v2\/media?parent=37607"}],"wp:term":[{"taxonomy":"product_cat","embeddable":true,"href":"https:\/\/mouldking.store\/fr\/wp-json\/wp\/v2\/product_cat?post=37607"},{"taxonomy":"product_tag","embeddable":true,"href":"https:\/\/mouldking.store\/fr\/wp-json\/wp\/v2\/product_tag?post=37607"}],"curies":[{"name":"wp","href":"https:\/\/api.w.org\/{rel}","templated":true}]}}