{"id":37633,"date":"2022-12-08T16:14:45","date_gmt":"2022-12-08T09:14:45","guid":{"rendered":"https:\/\/mouldking.store\/?post_type=product&#038;p=37633"},"modified":"2025-12-25T09:12:09","modified_gmt":"2025-12-25T02:12:09","slug":"moc-49856-main-train-station-interlockingen-with-13922-pieces","status":"publish","type":"product","link":"https:\/\/mouldking.store\/fr\/shop\/moc-49856-main-train-station-interlockingen-with-13922-pieces\/","title":{"rendered":"MOC-49856 Gare principale &quot;Interlockingen&quot; avec 13922 pi\u00e8ces"},"content":{"rendered":"<p>Information produit:<\/p>\n<ol>\n<li>Marque : MOC<\/li>\n<li>Genre: Unisexe<\/li>\n<li>Name: Main Train Station \u201cInterlockingen\u201d<\/li>\n<li>Tranche d&#039;\u00e2ge : &gt; 6 ans<\/li>\n<li>Model Number: 49856<\/li>\n<li>Classement : Assemblage<\/li>\n<li>Forme de bloc en plastique\u00a0: briques autobloquantes<\/li>\n<li>Mat\u00e9riel: Plastique<\/li>\n<li>Type de plastique : ABS<\/li>\n<li>Bricks Blocks:13922 PCS<\/li>\n<li>Size: length 210 studs, depth 49 studs, height 39 studs<\/li>\n<li>Weight:\u00a013.3 kg<\/li>\n<li>Contient des instructions de montage d\u00e9taill\u00e9es.<\/li>\n<li>Temps d&#039;arrangement\u00a0: 4 \u00e0 8\u00a0semaines<\/li>\n<\/ol>\n<p>Avis:<br \/>\n1. Sans bo\u00eete d&#039;origine, mais nous garantissons que nos produits ont une assurance qualit\u00e9 et un bel emballage.<br \/>\n2. Comme toutes les pi\u00e8ces que nous avons v\u00e9rifi\u00e9es avant l&#039;exp\u00e9dition, donc si vous trouvez des pi\u00e8ces manquantes ou endommag\u00e9es, ne vous inqui\u00e9tez pas et veuillez nous contacter et nous pouvons vous les renvoyer imm\u00e9diatement gratuitement.<\/p>\n<figure id=\"attachment_37634\" aria-describedby=\"caption-attachment-37634\" style=\"width: 1004px\" class=\"wp-caption aligncenter\"><img fetchpriority=\"high\" decoding=\"async\" class=\"wp-image-37634 size-full\" src=\"https:\/\/mouldking.store\/wp-content\/uploads\/2022\/12\/MOC-49856-Modular-Building-Main-Train-Station-Interlockingen-MOC-FACTORY.png\" alt=\"MOC-49856 Main Train Station \u201cInterlockingen\u201d With 13922 Pieces\" width=\"1004\" height=\"1004\" title=\"-\" srcset=\"https:\/\/mouldking.store\/wp-content\/uploads\/2022\/12\/MOC-49856-Modular-Building-Main-Train-Station-Interlockingen-MOC-FACTORY.png 1004w, https:\/\/mouldking.store\/wp-content\/uploads\/2022\/12\/MOC-49856-Modular-Building-Main-Train-Station-Interlockingen-MOC-FACTORY-300x300.png 300w, https:\/\/mouldking.store\/wp-content\/uploads\/2022\/12\/MOC-49856-Modular-Building-Main-Train-Station-Interlockingen-MOC-FACTORY-768x768.png 768w, https:\/\/mouldking.store\/wp-content\/uploads\/2022\/12\/MOC-49856-Modular-Building-Main-Train-Station-Interlockingen-MOC-FACTORY-600x600.png 600w, https:\/\/mouldking.store\/wp-content\/uploads\/2022\/12\/MOC-49856-Modular-Building-Main-Train-Station-Interlockingen-MOC-FACTORY-150x150.png 150w, https:\/\/mouldking.store\/wp-content\/uploads\/2022\/12\/MOC-49856-Modular-Building-Main-Train-Station-Interlockingen-MOC-FACTORY-60x60.png 60w, https:\/\/mouldking.store\/wp-content\/uploads\/2022\/12\/MOC-49856-Modular-Building-Main-Train-Station-Interlockingen-MOC-FACTORY-90x90.png 90w\" sizes=\"(max-width: 1004px) 100vw, 1004px\" \/><figcaption id=\"caption-attachment-37634\" class=\"wp-caption-text\">MOC-49856 Gare principale &quot;Interlockingen&quot; avec 13922 pi\u00e8ces<\/figcaption><\/figure>\n<figure id=\"attachment_37635\" aria-describedby=\"caption-attachment-37635\" style=\"width: 1000px\" class=\"wp-caption aligncenter\"><img decoding=\"async\" class=\"wp-image-37635 size-full\" src=\"https:\/\/mouldking.store\/wp-content\/uploads\/2022\/12\/Main-Train-Station-Interlockingen-MOC-49856-2.png\" alt=\"MOC-49856 Main Train Station \u201cInterlockingen\u201d With 13922 Pieces\" width=\"1000\" height=\"1000\" title=\"-\" srcset=\"https:\/\/mouldking.store\/wp-content\/uploads\/2022\/12\/Main-Train-Station-Interlockingen-MOC-49856-2.png 1000w, https:\/\/mouldking.store\/wp-content\/uploads\/2022\/12\/Main-Train-Station-Interlockingen-MOC-49856-2-300x300.png 300w, https:\/\/mouldking.store\/wp-content\/uploads\/2022\/12\/Main-Train-Station-Interlockingen-MOC-49856-2-768x768.png 768w, https:\/\/mouldking.store\/wp-content\/uploads\/2022\/12\/Main-Train-Station-Interlockingen-MOC-49856-2-600x600.png 600w, https:\/\/mouldking.store\/wp-content\/uploads\/2022\/12\/Main-Train-Station-Interlockingen-MOC-49856-2-150x150.png 150w, https:\/\/mouldking.store\/wp-content\/uploads\/2022\/12\/Main-Train-Station-Interlockingen-MOC-49856-2-60x60.png 60w, https:\/\/mouldking.store\/wp-content\/uploads\/2022\/12\/Main-Train-Station-Interlockingen-MOC-49856-2-90x90.png 90w\" sizes=\"(max-width: 1000px) 100vw, 1000px\" \/><figcaption id=\"caption-attachment-37635\" class=\"wp-caption-text\">MOC-49856 Gare principale &quot;Interlockingen&quot; avec 13922 pi\u00e8ces<\/figcaption><\/figure>\n<figure id=\"attachment_37636\" aria-describedby=\"caption-attachment-37636\" style=\"width: 1000px\" class=\"wp-caption aligncenter\"><img decoding=\"async\" class=\"wp-image-37636 size-full\" src=\"https:\/\/mouldking.store\/wp-content\/uploads\/2022\/12\/Main-Train-Station-Interlockingen-MOC-49856-3.png\" alt=\"MOC-49856 Main Train Station \u201cInterlockingen\u201d With 13922 Pieces\" width=\"1000\" height=\"1000\" title=\"-\" srcset=\"https:\/\/mouldking.store\/wp-content\/uploads\/2022\/12\/Main-Train-Station-Interlockingen-MOC-49856-3.png 1000w, https:\/\/mouldking.store\/wp-content\/uploads\/2022\/12\/Main-Train-Station-Interlockingen-MOC-49856-3-300x300.png 300w, https:\/\/mouldking.store\/wp-content\/uploads\/2022\/12\/Main-Train-Station-Interlockingen-MOC-49856-3-768x768.png 768w, https:\/\/mouldking.store\/wp-content\/uploads\/2022\/12\/Main-Train-Station-Interlockingen-MOC-49856-3-600x600.png 600w, https:\/\/mouldking.store\/wp-content\/uploads\/2022\/12\/Main-Train-Station-Interlockingen-MOC-49856-3-150x150.png 150w, https:\/\/mouldking.store\/wp-content\/uploads\/2022\/12\/Main-Train-Station-Interlockingen-MOC-49856-3-60x60.png 60w, https:\/\/mouldking.store\/wp-content\/uploads\/2022\/12\/Main-Train-Station-Interlockingen-MOC-49856-3-90x90.png 90w\" sizes=\"(max-width: 1000px) 100vw, 1000px\" \/><figcaption id=\"caption-attachment-37636\" class=\"wp-caption-text\">MOC-49856 Gare principale &quot;Interlockingen&quot; avec 13922 pi\u00e8ces<\/figcaption><\/figure>\n<figure id=\"attachment_37637\" aria-describedby=\"caption-attachment-37637\" style=\"width: 1000px\" class=\"wp-caption aligncenter\"><img loading=\"lazy\" decoding=\"async\" class=\"wp-image-37637 size-full\" src=\"https:\/\/mouldking.store\/wp-content\/uploads\/2022\/12\/Main-Train-Station-Interlockingen-MOC-49856-4.png\" alt=\"MOC-49856 Main Train Station \u201cInterlockingen\u201d With 13922 Pieces\" width=\"1000\" height=\"1000\" title=\"-\" srcset=\"https:\/\/mouldking.store\/wp-content\/uploads\/2022\/12\/Main-Train-Station-Interlockingen-MOC-49856-4.png 1000w, https:\/\/mouldking.store\/wp-content\/uploads\/2022\/12\/Main-Train-Station-Interlockingen-MOC-49856-4-300x300.png 300w, https:\/\/mouldking.store\/wp-content\/uploads\/2022\/12\/Main-Train-Station-Interlockingen-MOC-49856-4-768x768.png 768w, https:\/\/mouldking.store\/wp-content\/uploads\/2022\/12\/Main-Train-Station-Interlockingen-MOC-49856-4-600x600.png 600w, https:\/\/mouldking.store\/wp-content\/uploads\/2022\/12\/Main-Train-Station-Interlockingen-MOC-49856-4-150x150.png 150w, https:\/\/mouldking.store\/wp-content\/uploads\/2022\/12\/Main-Train-Station-Interlockingen-MOC-49856-4-60x60.png 60w, https:\/\/mouldking.store\/wp-content\/uploads\/2022\/12\/Main-Train-Station-Interlockingen-MOC-49856-4-90x90.png 90w\" sizes=\"(max-width: 1000px) 100vw, 1000px\" \/><figcaption id=\"caption-attachment-37637\" class=\"wp-caption-text\">MOC-49856 Gare principale &quot;Interlockingen&quot; avec 13922 pi\u00e8ces<\/figcaption><\/figure>\n<figure id=\"attachment_37638\" aria-describedby=\"caption-attachment-37638\" style=\"width: 1000px\" class=\"wp-caption aligncenter\"><img loading=\"lazy\" decoding=\"async\" class=\"wp-image-37638 size-full\" src=\"https:\/\/mouldking.store\/wp-content\/uploads\/2022\/12\/Main-Train-Station-Interlockingen-MOC-49856-5.png\" alt=\"MOC-49856 Main Train Station \u201cInterlockingen\u201d With 13922 Pieces\" width=\"1000\" height=\"1000\" title=\"-\" srcset=\"https:\/\/mouldking.store\/wp-content\/uploads\/2022\/12\/Main-Train-Station-Interlockingen-MOC-49856-5.png 1000w, https:\/\/mouldking.store\/wp-content\/uploads\/2022\/12\/Main-Train-Station-Interlockingen-MOC-49856-5-300x300.png 300w, https:\/\/mouldking.store\/wp-content\/uploads\/2022\/12\/Main-Train-Station-Interlockingen-MOC-49856-5-768x768.png 768w, https:\/\/mouldking.store\/wp-content\/uploads\/2022\/12\/Main-Train-Station-Interlockingen-MOC-49856-5-600x600.png 600w, https:\/\/mouldking.store\/wp-content\/uploads\/2022\/12\/Main-Train-Station-Interlockingen-MOC-49856-5-150x150.png 150w, https:\/\/mouldking.store\/wp-content\/uploads\/2022\/12\/Main-Train-Station-Interlockingen-MOC-49856-5-60x60.png 60w, https:\/\/mouldking.store\/wp-content\/uploads\/2022\/12\/Main-Train-Station-Interlockingen-MOC-49856-5-90x90.png 90w\" sizes=\"(max-width: 1000px) 100vw, 1000px\" \/><figcaption id=\"caption-attachment-37638\" class=\"wp-caption-text\">MOC-49856 Gare principale &quot;Interlockingen&quot; avec 13922 pi\u00e8ces<\/figcaption><\/figure>\n<figure id=\"attachment_37639\" aria-describedby=\"caption-attachment-37639\" style=\"width: 1000px\" class=\"wp-caption aligncenter\"><img loading=\"lazy\" decoding=\"async\" class=\"wp-image-37639 size-full\" src=\"https:\/\/mouldking.store\/wp-content\/uploads\/2022\/12\/Main-Train-Station-Interlockingen-MOC-49856-6.png\" alt=\"MOC-49856 Main Train Station \u201cInterlockingen\u201d With 13922 Pieces\" width=\"1000\" height=\"1000\" title=\"-\" srcset=\"https:\/\/mouldking.store\/wp-content\/uploads\/2022\/12\/Main-Train-Station-Interlockingen-MOC-49856-6.png 1000w, https:\/\/mouldking.store\/wp-content\/uploads\/2022\/12\/Main-Train-Station-Interlockingen-MOC-49856-6-300x300.png 300w, https:\/\/mouldking.store\/wp-content\/uploads\/2022\/12\/Main-Train-Station-Interlockingen-MOC-49856-6-768x768.png 768w, https:\/\/mouldking.store\/wp-content\/uploads\/2022\/12\/Main-Train-Station-Interlockingen-MOC-49856-6-600x600.png 600w, https:\/\/mouldking.store\/wp-content\/uploads\/2022\/12\/Main-Train-Station-Interlockingen-MOC-49856-6-150x150.png 150w, https:\/\/mouldking.store\/wp-content\/uploads\/2022\/12\/Main-Train-Station-Interlockingen-MOC-49856-6-60x60.png 60w, https:\/\/mouldking.store\/wp-content\/uploads\/2022\/12\/Main-Train-Station-Interlockingen-MOC-49856-6-90x90.png 90w\" sizes=\"(max-width: 1000px) 100vw, 1000px\" \/><figcaption id=\"caption-attachment-37639\" class=\"wp-caption-text\">MOC-49856 Gare principale &quot;Interlockingen&quot; avec 13922 pi\u00e8ces<\/figcaption><\/figure>","protected":false},"excerpt":{"rendered":"<p>Product information: Brand: MOC Gender: Unisex Name: Main Train Station \u201cInterlockingen\u201d Age Range: &gt; 6 years old Model Number: 49856 Classification: Assemblage Plastic Block Shape: Self-Locking Bricks Material: Plastic Plastic Type: ABS Bricks Blocks:13922 PCS Size: length 210 studs, depth 49 studs, height 39 studs Weight:\u00a013.3 kg Contains detailed assembly instructions. Time arrange: 4-8 weeks [&hellip;]<\/p>","protected":false},"featured_media":37634,"comment_status":"closed","ping_status":"closed","template":"","meta":{"_acf_changed":false},"product_cat":[1395,1406,390],"product_tag":[9225,9224,9226,430,9223,9227,9222,9102],"class_list":["product","first","instock","shipping-taxable","purchasable","product-type-simple"],"acf":[],"_links":{"self":[{"href":"https:\/\/mouldking.store\/fr\/wp-json\/wp\/v2\/product\/37633","targetHints":{"allow":["GET"]}}],"collection":[{"href":"https:\/\/mouldking.store\/fr\/wp-json\/wp\/v2\/product"}],"about":[{"href":"https:\/\/mouldking.store\/fr\/wp-json\/wp\/v2\/types\/product"}],"replies":[{"embeddable":true,"href":"https:\/\/mouldking.store\/fr\/wp-json\/wp\/v2\/comments?post=37633"}],"wp:featuredmedia":[{"embeddable":true,"href":"https:\/\/mouldking.store\/fr\/wp-json\/wp\/v2\/media\/37634"}],"wp:attachment":[{"href":"https:\/\/mouldking.store\/fr\/wp-json\/wp\/v2\/media?parent=37633"}],"wp:term":[{"taxonomy":"product_cat","embeddable":true,"href":"https:\/\/mouldking.store\/fr\/wp-json\/wp\/v2\/product_cat?post=37633"},{"taxonomy":"product_tag","embeddable":true,"href":"https:\/\/mouldking.store\/fr\/wp-json\/wp\/v2\/product_tag?post=37633"}],"curies":[{"name":"wp","href":"https:\/\/api.w.org\/{rel}","templated":true}]}}