{"id":37640,"date":"2022-12-08T16:21:45","date_gmt":"2022-12-08T09:21:45","guid":{"rendered":"https:\/\/mouldking.store\/?post_type=product&#038;p=37640"},"modified":"2025-12-25T09:12:09","modified_gmt":"2025-12-25T02:12:09","slug":"moc-51829-modular-zoo-with-6682-pieces","status":"publish","type":"product","link":"https:\/\/mouldking.store\/fr\/shop\/moc-51829-modular-zoo-with-6682-pieces\/","title":{"rendered":"MOC-51829 ZOO modulaire avec 6682 pi\u00e8ces"},"content":{"rendered":"<p>Information produit:<\/p>\n<ol>\n<li>Marque : MOC<\/li>\n<li>Genre: Unisexe<\/li>\n<li>Name: Modular ZOO<\/li>\n<li>Tranche d&#039;\u00e2ge : &gt; 6 ans<\/li>\n<li>Model Number: 51829<\/li>\n<li>Classement : Assemblage<\/li>\n<li>Forme de bloc en plastique\u00a0: briques autobloquantes<\/li>\n<li>Mat\u00e9riel: Plastique<\/li>\n<li>Type de plastique : ABS<\/li>\n<li>Bricks Blocks:6682 PCS<\/li>\n<li>Contient des instructions de montage d\u00e9taill\u00e9es.<\/li>\n<li>Temps d&#039;arrangement\u00a0: 4 \u00e0 8\u00a0semaines<\/li>\n<\/ol>\n<p>Avis:<br \/>\n1. Sans bo\u00eete d&#039;origine, mais nous garantissons que nos produits ont une assurance qualit\u00e9 et un bel emballage.<br \/>\n2. Comme toutes les pi\u00e8ces que nous avons v\u00e9rifi\u00e9es avant l&#039;exp\u00e9dition, donc si vous trouvez des pi\u00e8ces manquantes ou endommag\u00e9es, ne vous inqui\u00e9tez pas et veuillez nous contacter et nous pouvons vous les renvoyer imm\u00e9diatement gratuitement.<\/p>\n<figure id=\"attachment_37641\" aria-describedby=\"caption-attachment-37641\" style=\"width: 1004px\" class=\"wp-caption aligncenter\"><img fetchpriority=\"high\" decoding=\"async\" class=\"wp-image-37641 size-full\" src=\"https:\/\/mouldking.store\/wp-content\/uploads\/2022\/12\/MOC-51829-Modular-Buildings-Modular-ZOO-MOC-FACTORY.png\" alt=\"MOC-51829 Modular ZOO With 6682 Pieces\" width=\"1004\" height=\"1004\" title=\"-\" srcset=\"https:\/\/mouldking.store\/wp-content\/uploads\/2022\/12\/MOC-51829-Modular-Buildings-Modular-ZOO-MOC-FACTORY.png 1004w, https:\/\/mouldking.store\/wp-content\/uploads\/2022\/12\/MOC-51829-Modular-Buildings-Modular-ZOO-MOC-FACTORY-300x300.png 300w, https:\/\/mouldking.store\/wp-content\/uploads\/2022\/12\/MOC-51829-Modular-Buildings-Modular-ZOO-MOC-FACTORY-768x768.png 768w, https:\/\/mouldking.store\/wp-content\/uploads\/2022\/12\/MOC-51829-Modular-Buildings-Modular-ZOO-MOC-FACTORY-600x600.png 600w, https:\/\/mouldking.store\/wp-content\/uploads\/2022\/12\/MOC-51829-Modular-Buildings-Modular-ZOO-MOC-FACTORY-150x150.png 150w, https:\/\/mouldking.store\/wp-content\/uploads\/2022\/12\/MOC-51829-Modular-Buildings-Modular-ZOO-MOC-FACTORY-60x60.png 60w, https:\/\/mouldking.store\/wp-content\/uploads\/2022\/12\/MOC-51829-Modular-Buildings-Modular-ZOO-MOC-FACTORY-90x90.png 90w\" sizes=\"(max-width: 1004px) 100vw, 1004px\" \/><figcaption id=\"caption-attachment-37641\" class=\"wp-caption-text\">MOC-51829 ZOO modulaire avec 6682 pi\u00e8ces<\/figcaption><\/figure>\n<figure id=\"attachment_37642\" aria-describedby=\"caption-attachment-37642\" style=\"width: 1000px\" class=\"wp-caption aligncenter\"><img decoding=\"async\" class=\"wp-image-37642 size-full\" src=\"https:\/\/mouldking.store\/wp-content\/uploads\/2022\/12\/Modular-ZOO-MOC-51829-2.png\" alt=\"MOC-51829 Modular ZOO With 6682 Pieces\" width=\"1000\" height=\"1000\" title=\"-\" srcset=\"https:\/\/mouldking.store\/wp-content\/uploads\/2022\/12\/Modular-ZOO-MOC-51829-2.png 1000w, https:\/\/mouldking.store\/wp-content\/uploads\/2022\/12\/Modular-ZOO-MOC-51829-2-300x300.png 300w, https:\/\/mouldking.store\/wp-content\/uploads\/2022\/12\/Modular-ZOO-MOC-51829-2-768x768.png 768w, https:\/\/mouldking.store\/wp-content\/uploads\/2022\/12\/Modular-ZOO-MOC-51829-2-600x600.png 600w, https:\/\/mouldking.store\/wp-content\/uploads\/2022\/12\/Modular-ZOO-MOC-51829-2-150x150.png 150w, https:\/\/mouldking.store\/wp-content\/uploads\/2022\/12\/Modular-ZOO-MOC-51829-2-60x60.png 60w, https:\/\/mouldking.store\/wp-content\/uploads\/2022\/12\/Modular-ZOO-MOC-51829-2-90x90.png 90w\" sizes=\"(max-width: 1000px) 100vw, 1000px\" \/><figcaption id=\"caption-attachment-37642\" class=\"wp-caption-text\">MOC-51829 ZOO modulaire avec 6682 pi\u00e8ces<\/figcaption><\/figure>\n<figure id=\"attachment_37643\" aria-describedby=\"caption-attachment-37643\" style=\"width: 1000px\" class=\"wp-caption aligncenter\"><img decoding=\"async\" class=\"wp-image-37643 size-full\" src=\"https:\/\/mouldking.store\/wp-content\/uploads\/2022\/12\/Modular-ZOO-MOC-51829-3.png\" alt=\"MOC-51829 Modular ZOO With 6682 Pieces\" width=\"1000\" height=\"1000\" title=\"-\" srcset=\"https:\/\/mouldking.store\/wp-content\/uploads\/2022\/12\/Modular-ZOO-MOC-51829-3.png 1000w, https:\/\/mouldking.store\/wp-content\/uploads\/2022\/12\/Modular-ZOO-MOC-51829-3-300x300.png 300w, https:\/\/mouldking.store\/wp-content\/uploads\/2022\/12\/Modular-ZOO-MOC-51829-3-768x768.png 768w, https:\/\/mouldking.store\/wp-content\/uploads\/2022\/12\/Modular-ZOO-MOC-51829-3-600x600.png 600w, https:\/\/mouldking.store\/wp-content\/uploads\/2022\/12\/Modular-ZOO-MOC-51829-3-150x150.png 150w, https:\/\/mouldking.store\/wp-content\/uploads\/2022\/12\/Modular-ZOO-MOC-51829-3-60x60.png 60w, https:\/\/mouldking.store\/wp-content\/uploads\/2022\/12\/Modular-ZOO-MOC-51829-3-90x90.png 90w\" sizes=\"(max-width: 1000px) 100vw, 1000px\" \/><figcaption id=\"caption-attachment-37643\" class=\"wp-caption-text\">MOC-51829 ZOO modulaire avec 6682 pi\u00e8ces<\/figcaption><\/figure>\n<figure id=\"attachment_37644\" aria-describedby=\"caption-attachment-37644\" style=\"width: 1000px\" class=\"wp-caption aligncenter\"><img loading=\"lazy\" decoding=\"async\" class=\"wp-image-37644 size-full\" src=\"https:\/\/mouldking.store\/wp-content\/uploads\/2022\/12\/Modular-ZOO-MOC-51829-4.png\" alt=\"MOC-51829 Modular ZOO With 6682 Pieces\" width=\"1000\" height=\"1000\" title=\"-\" srcset=\"https:\/\/mouldking.store\/wp-content\/uploads\/2022\/12\/Modular-ZOO-MOC-51829-4.png 1000w, https:\/\/mouldking.store\/wp-content\/uploads\/2022\/12\/Modular-ZOO-MOC-51829-4-300x300.png 300w, https:\/\/mouldking.store\/wp-content\/uploads\/2022\/12\/Modular-ZOO-MOC-51829-4-768x768.png 768w, https:\/\/mouldking.store\/wp-content\/uploads\/2022\/12\/Modular-ZOO-MOC-51829-4-600x600.png 600w, https:\/\/mouldking.store\/wp-content\/uploads\/2022\/12\/Modular-ZOO-MOC-51829-4-150x150.png 150w, https:\/\/mouldking.store\/wp-content\/uploads\/2022\/12\/Modular-ZOO-MOC-51829-4-60x60.png 60w, https:\/\/mouldking.store\/wp-content\/uploads\/2022\/12\/Modular-ZOO-MOC-51829-4-90x90.png 90w\" sizes=\"(max-width: 1000px) 100vw, 1000px\" \/><figcaption id=\"caption-attachment-37644\" class=\"wp-caption-text\">MOC-51829 ZOO modulaire avec 6682 pi\u00e8ces<\/figcaption><\/figure>","protected":false},"excerpt":{"rendered":"<p>Product information: Brand: MOC Gender: Unisex Name: Modular ZOO Age Range: &gt; 6 years old Model Number: 51829 Classification: Assemblage Plastic Block Shape: Self-Locking Bricks Material: Plastic Plastic Type: ABS Bricks Blocks:6682 PCS Contains detailed assembly instructions. Time arrange: 4-8 weeks Notice: 1. Without an original box, but we guarantee our products have quality assurance [&hellip;]<\/p>","protected":false},"author":1145,"featured_media":37641,"comment_status":"closed","ping_status":"closed","template":"","meta":{"_acf_changed":false},"product_cat":[1395,1406,390],"product_tag":[9231,430,9229,9232,9228,5679,9230],"class_list":["product","first","instock","shipping-taxable","purchasable","product-type-simple"],"acf":[],"_links":{"self":[{"href":"https:\/\/mouldking.store\/fr\/wp-json\/wp\/v2\/product\/37640","targetHints":{"allow":["GET"]}}],"collection":[{"href":"https:\/\/mouldking.store\/fr\/wp-json\/wp\/v2\/product"}],"about":[{"href":"https:\/\/mouldking.store\/fr\/wp-json\/wp\/v2\/types\/product"}],"author":[{"embeddable":true,"href":"https:\/\/mouldking.store\/fr\/wp-json\/wp\/v2\/users\/1145"}],"replies":[{"embeddable":true,"href":"https:\/\/mouldking.store\/fr\/wp-json\/wp\/v2\/comments?post=37640"}],"wp:featuredmedia":[{"embeddable":true,"href":"https:\/\/mouldking.store\/fr\/wp-json\/wp\/v2\/media\/37641"}],"wp:attachment":[{"href":"https:\/\/mouldking.store\/fr\/wp-json\/wp\/v2\/media?parent=37640"}],"wp:term":[{"taxonomy":"product_cat","embeddable":true,"href":"https:\/\/mouldking.store\/fr\/wp-json\/wp\/v2\/product_cat?post=37640"},{"taxonomy":"product_tag","embeddable":true,"href":"https:\/\/mouldking.store\/fr\/wp-json\/wp\/v2\/product_tag?post=37640"}],"curies":[{"name":"wp","href":"https:\/\/api.w.org\/{rel}","templated":true}]}}