{"id":37674,"date":"2022-12-09T09:41:30","date_gmt":"2022-12-09T02:41:30","guid":{"rendered":"https:\/\/mouldking.store\/?post_type=product&#038;p=37674"},"modified":"2022-12-09T09:41:30","modified_gmt":"2022-12-09T02:41:30","slug":"jiestar-89149-riverside-scholars-with-2488pcs","status":"publish","type":"product","link":"https:\/\/mouldking.store\/fr\/shop\/jiestar-89149-riverside-scholars-with-2488pcs\/","title":{"rendered":"JIESTAR 89149 Riverside Scholars avec 2488 pi\u00e8ces"},"content":{"rendered":"<p>Information produit:<\/p>\n<ol>\n<li>Marque : JIESTAR<\/li>\n<li>Genre: Unisexe<\/li>\n<li>Name: Riverside Scholars<\/li>\n<li>Tranche d&#039;\u00e2ge : &gt; 6 ans<\/li>\n<li>Model Number: 89149<\/li>\n<li>Classement : Assemblage<\/li>\n<li>Forme de bloc en plastique\u00a0: briques autobloquantes<\/li>\n<li>Mat\u00e9riel: Plastique<\/li>\n<li>Type de plastique : ABS<\/li>\n<li>Bricks Blocks:2488 PCS<\/li>\n<li>Size: 25.5 \u00d7 25.5 \u00d7 40 cm<\/li>\n<li>Contient des instructions de montage d\u00e9taill\u00e9es.<\/li>\n<\/ol>\n<p>Avis:<br \/>\n1. Sans bo\u00eete d&#039;origine, mais nous garantissons que nos produits ont une assurance qualit\u00e9 et un bel emballage.<br \/>\n2. Comme toutes les pi\u00e8ces que nous avons v\u00e9rifi\u00e9es avant l&#039;exp\u00e9dition, donc si vous trouvez des pi\u00e8ces manquantes ou endommag\u00e9es, ne vous inqui\u00e9tez pas et veuillez nous contacter et nous pouvons vous les renvoyer imm\u00e9diatement gratuitement.<\/p>\n<figure id=\"attachment_37675\" aria-describedby=\"caption-attachment-37675\" style=\"width: 800px\" class=\"wp-caption aligncenter\"><img fetchpriority=\"high\" decoding=\"async\" class=\"wp-image-37675 size-full\" src=\"https:\/\/mouldking.store\/wp-content\/uploads\/2022\/12\/Riverside-Scholars-JIESTAR-89149-2.jpg\" alt=\"JIESTAR 89149 Riverside Scholars With 2488pcs\" width=\"800\" height=\"800\" title=\"-\" srcset=\"https:\/\/mouldking.store\/wp-content\/uploads\/2022\/12\/Riverside-Scholars-JIESTAR-89149-2.jpg 800w, https:\/\/mouldking.store\/wp-content\/uploads\/2022\/12\/Riverside-Scholars-JIESTAR-89149-2-300x300.jpg 300w, https:\/\/mouldking.store\/wp-content\/uploads\/2022\/12\/Riverside-Scholars-JIESTAR-89149-2-768x768.jpg 768w, https:\/\/mouldking.store\/wp-content\/uploads\/2022\/12\/Riverside-Scholars-JIESTAR-89149-2-600x600.jpg 600w, https:\/\/mouldking.store\/wp-content\/uploads\/2022\/12\/Riverside-Scholars-JIESTAR-89149-2-150x150.jpg 150w, https:\/\/mouldking.store\/wp-content\/uploads\/2022\/12\/Riverside-Scholars-JIESTAR-89149-2-60x60.jpg 60w, https:\/\/mouldking.store\/wp-content\/uploads\/2022\/12\/Riverside-Scholars-JIESTAR-89149-2-90x90.jpg 90w\" sizes=\"(max-width: 800px) 100vw, 800px\" \/><figcaption id=\"caption-attachment-37675\" class=\"wp-caption-text\">JIESTAR 89149 Riverside Scholars avec 2488 pi\u00e8ces<\/figcaption><\/figure>\n<figure id=\"attachment_37676\" aria-describedby=\"caption-attachment-37676\" style=\"width: 800px\" class=\"wp-caption aligncenter\"><img decoding=\"async\" class=\"wp-image-37676 size-full\" src=\"https:\/\/mouldking.store\/wp-content\/uploads\/2022\/12\/Riverside-Scholars-JIESTAR-89149-1.jpg\" alt=\"JIESTAR 89149 Riverside Scholars With 2488pcs\" width=\"800\" height=\"800\" title=\"-\" srcset=\"https:\/\/mouldking.store\/wp-content\/uploads\/2022\/12\/Riverside-Scholars-JIESTAR-89149-1.jpg 800w, https:\/\/mouldking.store\/wp-content\/uploads\/2022\/12\/Riverside-Scholars-JIESTAR-89149-1-300x300.jpg 300w, https:\/\/mouldking.store\/wp-content\/uploads\/2022\/12\/Riverside-Scholars-JIESTAR-89149-1-768x768.jpg 768w, https:\/\/mouldking.store\/wp-content\/uploads\/2022\/12\/Riverside-Scholars-JIESTAR-89149-1-600x600.jpg 600w, https:\/\/mouldking.store\/wp-content\/uploads\/2022\/12\/Riverside-Scholars-JIESTAR-89149-1-150x150.jpg 150w, https:\/\/mouldking.store\/wp-content\/uploads\/2022\/12\/Riverside-Scholars-JIESTAR-89149-1-60x60.jpg 60w, https:\/\/mouldking.store\/wp-content\/uploads\/2022\/12\/Riverside-Scholars-JIESTAR-89149-1-90x90.jpg 90w\" sizes=\"(max-width: 800px) 100vw, 800px\" \/><figcaption id=\"caption-attachment-37676\" class=\"wp-caption-text\">JIESTAR 89149 Riverside Scholars avec 2488 pi\u00e8ces<\/figcaption><\/figure>","protected":false},"excerpt":{"rendered":"<p>Product information: Brand: JIESTAR Gender: Unisex Name: Riverside Scholars Age Range: &gt; 6 years old Model Number: 89149 Classification: Assemblage Plastic Block Shape: Self-Locking Bricks Material: Plastic Plastic Type: ABS Bricks Blocks:2488 PCS Size: 25.5 \u00d7 25.5 \u00d7 40 cm Contains detailed assembly instructions. Notice: 1. Without an original box, but we guarantee our products [&hellip;]<\/p>","protected":false},"author":1145,"featured_media":37675,"comment_status":"closed","ping_status":"closed","template":"","meta":{"_acf_changed":false},"product_cat":[1395],"product_tag":[9271,3075,9275,9276,9270,9272,9274,9273],"class_list":["product","first","instock","shipping-taxable","purchasable","product-type-simple"],"acf":[],"_links":{"self":[{"href":"https:\/\/mouldking.store\/fr\/wp-json\/wp\/v2\/product\/37674","targetHints":{"allow":["GET"]}}],"collection":[{"href":"https:\/\/mouldking.store\/fr\/wp-json\/wp\/v2\/product"}],"about":[{"href":"https:\/\/mouldking.store\/fr\/wp-json\/wp\/v2\/types\/product"}],"author":[{"embeddable":true,"href":"https:\/\/mouldking.store\/fr\/wp-json\/wp\/v2\/users\/1145"}],"replies":[{"embeddable":true,"href":"https:\/\/mouldking.store\/fr\/wp-json\/wp\/v2\/comments?post=37674"}],"wp:featuredmedia":[{"embeddable":true,"href":"https:\/\/mouldking.store\/fr\/wp-json\/wp\/v2\/media\/37675"}],"wp:attachment":[{"href":"https:\/\/mouldking.store\/fr\/wp-json\/wp\/v2\/media?parent=37674"}],"wp:term":[{"taxonomy":"product_cat","embeddable":true,"href":"https:\/\/mouldking.store\/fr\/wp-json\/wp\/v2\/product_cat?post=37674"},{"taxonomy":"product_tag","embeddable":true,"href":"https:\/\/mouldking.store\/fr\/wp-json\/wp\/v2\/product_tag?post=37674"}],"curies":[{"name":"wp","href":"https:\/\/api.w.org\/{rel}","templated":true}]}}