{"id":37779,"date":"2022-12-09T11:22:28","date_gmt":"2022-12-09T04:22:28","guid":{"rendered":"https:\/\/mouldking.store\/?post_type=product&#038;p=37779"},"modified":"2025-12-25T09:12:09","modified_gmt":"2025-12-25T02:12:09","slug":"moc-109418-dungeons-and-dragons-beholder-with-513-pieces","status":"publish","type":"product","link":"https:\/\/mouldking.store\/fr\/shop\/moc-109418-dungeons-and-dragons-beholder-with-513-pieces\/","title":{"rendered":"MOC-109418 Donjons et Dragons \u2013 Spectateur avec 513 pi\u00e8ces"},"content":{"rendered":"<p>Information produit:<\/p>\n<ol>\n<li>Marque : MOC<\/li>\n<li>Genre: Unisexe<\/li>\n<li>Nom : Donjons et Dragons \u2013 Beholder<\/li>\n<li>Tranche d&#039;\u00e2ge : &gt; 6 ans<\/li>\n<li>Num\u00e9ro de mod\u00e8le: 109418<\/li>\n<li>Classement : Assemblage<\/li>\n<li>Forme de bloc en plastique\u00a0: briques autobloquantes<\/li>\n<li>Mat\u00e9riel: Plastique<\/li>\n<li>Type de plastique : ABS<\/li>\n<li>Blocs de briques : 513 pi\u00e8ces<\/li>\n<li>Taille : 21,2 x 16,3 x 22,5 cm<\/li>\n<li>Poids\u00a0: 0,35\u00a0kg<\/li>\n<li>Contient des instructions de montage d\u00e9taill\u00e9es.<\/li>\n<\/ol>\n<p>Avis:<br \/>\n1. Sans bo\u00eete d&#039;origine, mais nous garantissons que nos produits ont une assurance qualit\u00e9 et un bel emballage.<br \/>\n2. Comme toutes les pi\u00e8ces que nous avons v\u00e9rifi\u00e9es avant l&#039;exp\u00e9dition, donc si vous trouvez des pi\u00e8ces manquantes ou endommag\u00e9es, ne vous inqui\u00e9tez pas et veuillez nous contacter et nous pouvons vous les renvoyer imm\u00e9diatement gratuitement.<\/p>\n<figure id=\"attachment_37780\" aria-describedby=\"caption-attachment-37780\" style=\"width: 1004px\" class=\"wp-caption aligncenter\"><img fetchpriority=\"high\" decoding=\"async\" class=\"wp-image-37780 size-full\" src=\"https:\/\/mouldking.store\/wp-content\/uploads\/2022\/12\/MOC-109418-Creator-Dungeons-and-Dragons-\u2013-Beholder-MOC-FACTORY.png\" alt=\"MOC-109418 Dungeons and Dragons \u2013 Beholder With 513 Pieces\" width=\"1004\" height=\"1004\" title=\"-\" srcset=\"https:\/\/mouldking.store\/wp-content\/uploads\/2022\/12\/MOC-109418-Creator-Dungeons-and-Dragons-\u2013-Beholder-MOC-FACTORY.png 1004w, https:\/\/mouldking.store\/wp-content\/uploads\/2022\/12\/MOC-109418-Creator-Dungeons-and-Dragons-\u2013-Beholder-MOC-FACTORY-300x300.png 300w, https:\/\/mouldking.store\/wp-content\/uploads\/2022\/12\/MOC-109418-Creator-Dungeons-and-Dragons-\u2013-Beholder-MOC-FACTORY-768x768.png 768w, https:\/\/mouldking.store\/wp-content\/uploads\/2022\/12\/MOC-109418-Creator-Dungeons-and-Dragons-\u2013-Beholder-MOC-FACTORY-600x600.png 600w, https:\/\/mouldking.store\/wp-content\/uploads\/2022\/12\/MOC-109418-Creator-Dungeons-and-Dragons-\u2013-Beholder-MOC-FACTORY-150x150.png 150w, https:\/\/mouldking.store\/wp-content\/uploads\/2022\/12\/MOC-109418-Creator-Dungeons-and-Dragons-\u2013-Beholder-MOC-FACTORY-60x60.png 60w, https:\/\/mouldking.store\/wp-content\/uploads\/2022\/12\/MOC-109418-Creator-Dungeons-and-Dragons-\u2013-Beholder-MOC-FACTORY-90x90.png 90w\" sizes=\"(max-width: 1004px) 100vw, 1004px\" \/><figcaption id=\"caption-attachment-37780\" class=\"wp-caption-text\">MOC-109418 Donjons et Dragons \u2013 Spectateur avec 513 pi\u00e8ces<\/figcaption><\/figure>\n<figure id=\"attachment_37781\" aria-describedby=\"caption-attachment-37781\" style=\"width: 1000px\" class=\"wp-caption aligncenter\"><img decoding=\"async\" class=\"wp-image-37781 size-full\" src=\"https:\/\/mouldking.store\/wp-content\/uploads\/2022\/12\/MOC-109418-Dungeons-and-Dragons-Beholder-9-Copy.jpg\" alt=\"MOC-109418 Dungeons and Dragons \u2013 Beholder With 513 Pieces\" width=\"1000\" height=\"1000\" title=\"-\" srcset=\"https:\/\/mouldking.store\/wp-content\/uploads\/2022\/12\/MOC-109418-Dungeons-and-Dragons-Beholder-9-Copy.jpg 1000w, https:\/\/mouldking.store\/wp-content\/uploads\/2022\/12\/MOC-109418-Dungeons-and-Dragons-Beholder-9-Copy-300x300.jpg 300w, https:\/\/mouldking.store\/wp-content\/uploads\/2022\/12\/MOC-109418-Dungeons-and-Dragons-Beholder-9-Copy-768x768.jpg 768w, https:\/\/mouldking.store\/wp-content\/uploads\/2022\/12\/MOC-109418-Dungeons-and-Dragons-Beholder-9-Copy-600x600.jpg 600w, https:\/\/mouldking.store\/wp-content\/uploads\/2022\/12\/MOC-109418-Dungeons-and-Dragons-Beholder-9-Copy-150x150.jpg 150w, https:\/\/mouldking.store\/wp-content\/uploads\/2022\/12\/MOC-109418-Dungeons-and-Dragons-Beholder-9-Copy-60x60.jpg 60w, https:\/\/mouldking.store\/wp-content\/uploads\/2022\/12\/MOC-109418-Dungeons-and-Dragons-Beholder-9-Copy-90x90.jpg 90w\" sizes=\"(max-width: 1000px) 100vw, 1000px\" \/><figcaption id=\"caption-attachment-37781\" class=\"wp-caption-text\">MOC-109418 Donjons et Dragons \u2013 Spectateur avec 513 pi\u00e8ces<\/figcaption><\/figure>\n<figure id=\"attachment_37782\" aria-describedby=\"caption-attachment-37782\" style=\"width: 1000px\" class=\"wp-caption aligncenter\"><img decoding=\"async\" class=\"wp-image-37782 size-full\" src=\"https:\/\/mouldking.store\/wp-content\/uploads\/2022\/12\/MOC-109418-Dungeons-and-Dragons-Beholder-9.jpg\" alt=\"MOC-109418 Dungeons and Dragons \u2013 Beholder With 513 Pieces\" width=\"1000\" height=\"1000\" title=\"-\" srcset=\"https:\/\/mouldking.store\/wp-content\/uploads\/2022\/12\/MOC-109418-Dungeons-and-Dragons-Beholder-9.jpg 1000w, https:\/\/mouldking.store\/wp-content\/uploads\/2022\/12\/MOC-109418-Dungeons-and-Dragons-Beholder-9-300x300.jpg 300w, https:\/\/mouldking.store\/wp-content\/uploads\/2022\/12\/MOC-109418-Dungeons-and-Dragons-Beholder-9-768x768.jpg 768w, https:\/\/mouldking.store\/wp-content\/uploads\/2022\/12\/MOC-109418-Dungeons-and-Dragons-Beholder-9-600x600.jpg 600w, https:\/\/mouldking.store\/wp-content\/uploads\/2022\/12\/MOC-109418-Dungeons-and-Dragons-Beholder-9-150x150.jpg 150w, https:\/\/mouldking.store\/wp-content\/uploads\/2022\/12\/MOC-109418-Dungeons-and-Dragons-Beholder-9-60x60.jpg 60w, https:\/\/mouldking.store\/wp-content\/uploads\/2022\/12\/MOC-109418-Dungeons-and-Dragons-Beholder-9-90x90.jpg 90w\" sizes=\"(max-width: 1000px) 100vw, 1000px\" \/><figcaption id=\"caption-attachment-37782\" class=\"wp-caption-text\">MOC-109418 Donjons et Dragons \u2013 Spectateur avec 513 pi\u00e8ces<\/figcaption><\/figure>\n<figure id=\"attachment_37783\" aria-describedby=\"caption-attachment-37783\" style=\"width: 1000px\" class=\"wp-caption aligncenter\"><img loading=\"lazy\" decoding=\"async\" class=\"wp-image-37783 size-full\" src=\"https:\/\/mouldking.store\/wp-content\/uploads\/2022\/12\/MOC-109418-Dungeons-and-Dragons-Beholder-8.jpg\" alt=\"MOC-109418 Dungeons and Dragons \u2013 Beholder With 513 Pieces\" width=\"1000\" height=\"1000\" title=\"-\" srcset=\"https:\/\/mouldking.store\/wp-content\/uploads\/2022\/12\/MOC-109418-Dungeons-and-Dragons-Beholder-8.jpg 1000w, https:\/\/mouldking.store\/wp-content\/uploads\/2022\/12\/MOC-109418-Dungeons-and-Dragons-Beholder-8-300x300.jpg 300w, https:\/\/mouldking.store\/wp-content\/uploads\/2022\/12\/MOC-109418-Dungeons-and-Dragons-Beholder-8-768x768.jpg 768w, https:\/\/mouldking.store\/wp-content\/uploads\/2022\/12\/MOC-109418-Dungeons-and-Dragons-Beholder-8-600x600.jpg 600w, https:\/\/mouldking.store\/wp-content\/uploads\/2022\/12\/MOC-109418-Dungeons-and-Dragons-Beholder-8-150x150.jpg 150w, https:\/\/mouldking.store\/wp-content\/uploads\/2022\/12\/MOC-109418-Dungeons-and-Dragons-Beholder-8-60x60.jpg 60w, https:\/\/mouldking.store\/wp-content\/uploads\/2022\/12\/MOC-109418-Dungeons-and-Dragons-Beholder-8-90x90.jpg 90w\" sizes=\"(max-width: 1000px) 100vw, 1000px\" \/><figcaption id=\"caption-attachment-37783\" class=\"wp-caption-text\">MOC-109418 Donjons et Dragons \u2013 Spectateur avec 513 pi\u00e8ces<\/figcaption><\/figure>\n<figure id=\"attachment_37784\" aria-describedby=\"caption-attachment-37784\" style=\"width: 1000px\" class=\"wp-caption aligncenter\"><img loading=\"lazy\" decoding=\"async\" class=\"wp-image-37784 size-full\" src=\"https:\/\/mouldking.store\/wp-content\/uploads\/2022\/12\/MOC-109418-Dungeons-and-Dragons-Beholder-7.jpg\" alt=\"MOC-109418 Dungeons and Dragons \u2013 Beholder With 513 Pieces\" width=\"1000\" height=\"1000\" title=\"-\" srcset=\"https:\/\/mouldking.store\/wp-content\/uploads\/2022\/12\/MOC-109418-Dungeons-and-Dragons-Beholder-7.jpg 1000w, https:\/\/mouldking.store\/wp-content\/uploads\/2022\/12\/MOC-109418-Dungeons-and-Dragons-Beholder-7-300x300.jpg 300w, https:\/\/mouldking.store\/wp-content\/uploads\/2022\/12\/MOC-109418-Dungeons-and-Dragons-Beholder-7-768x768.jpg 768w, https:\/\/mouldking.store\/wp-content\/uploads\/2022\/12\/MOC-109418-Dungeons-and-Dragons-Beholder-7-600x600.jpg 600w, https:\/\/mouldking.store\/wp-content\/uploads\/2022\/12\/MOC-109418-Dungeons-and-Dragons-Beholder-7-150x150.jpg 150w, https:\/\/mouldking.store\/wp-content\/uploads\/2022\/12\/MOC-109418-Dungeons-and-Dragons-Beholder-7-60x60.jpg 60w, https:\/\/mouldking.store\/wp-content\/uploads\/2022\/12\/MOC-109418-Dungeons-and-Dragons-Beholder-7-90x90.jpg 90w\" sizes=\"(max-width: 1000px) 100vw, 1000px\" \/><figcaption id=\"caption-attachment-37784\" class=\"wp-caption-text\">MOC-109418 Donjons et Dragons \u2013 Spectateur avec 513 pi\u00e8ces<\/figcaption><\/figure>\n<figure id=\"attachment_37785\" aria-describedby=\"caption-attachment-37785\" style=\"width: 1000px\" class=\"wp-caption aligncenter\"><img loading=\"lazy\" decoding=\"async\" class=\"wp-image-37785 size-full\" src=\"https:\/\/mouldking.store\/wp-content\/uploads\/2022\/12\/MOC-109418-Dungeons-and-Dragons-Beholder-6.jpg\" alt=\"MOC-109418 Dungeons and Dragons \u2013 Beholder With 513 Pieces\" width=\"1000\" height=\"1000\" title=\"-\" srcset=\"https:\/\/mouldking.store\/wp-content\/uploads\/2022\/12\/MOC-109418-Dungeons-and-Dragons-Beholder-6.jpg 1000w, https:\/\/mouldking.store\/wp-content\/uploads\/2022\/12\/MOC-109418-Dungeons-and-Dragons-Beholder-6-300x300.jpg 300w, https:\/\/mouldking.store\/wp-content\/uploads\/2022\/12\/MOC-109418-Dungeons-and-Dragons-Beholder-6-768x768.jpg 768w, https:\/\/mouldking.store\/wp-content\/uploads\/2022\/12\/MOC-109418-Dungeons-and-Dragons-Beholder-6-600x600.jpg 600w, https:\/\/mouldking.store\/wp-content\/uploads\/2022\/12\/MOC-109418-Dungeons-and-Dragons-Beholder-6-150x150.jpg 150w, https:\/\/mouldking.store\/wp-content\/uploads\/2022\/12\/MOC-109418-Dungeons-and-Dragons-Beholder-6-60x60.jpg 60w, https:\/\/mouldking.store\/wp-content\/uploads\/2022\/12\/MOC-109418-Dungeons-and-Dragons-Beholder-6-90x90.jpg 90w\" sizes=\"(max-width: 1000px) 100vw, 1000px\" \/><figcaption id=\"caption-attachment-37785\" class=\"wp-caption-text\">MOC-109418 Donjons et Dragons \u2013 Spectateur avec 513 pi\u00e8ces<\/figcaption><\/figure>\n<figure id=\"attachment_37786\" aria-describedby=\"caption-attachment-37786\" style=\"width: 1000px\" class=\"wp-caption aligncenter\"><img loading=\"lazy\" decoding=\"async\" class=\"wp-image-37786 size-full\" src=\"https:\/\/mouldking.store\/wp-content\/uploads\/2022\/12\/MOC-109418-Dungeons-and-Dragons-Beholder-5.jpg\" alt=\"MOC-109418 Dungeons and Dragons \u2013 Beholder With 513 Pieces\" width=\"1000\" height=\"1000\" title=\"-\" srcset=\"https:\/\/mouldking.store\/wp-content\/uploads\/2022\/12\/MOC-109418-Dungeons-and-Dragons-Beholder-5.jpg 1000w, https:\/\/mouldking.store\/wp-content\/uploads\/2022\/12\/MOC-109418-Dungeons-and-Dragons-Beholder-5-300x300.jpg 300w, https:\/\/mouldking.store\/wp-content\/uploads\/2022\/12\/MOC-109418-Dungeons-and-Dragons-Beholder-5-768x768.jpg 768w, https:\/\/mouldking.store\/wp-content\/uploads\/2022\/12\/MOC-109418-Dungeons-and-Dragons-Beholder-5-600x600.jpg 600w, https:\/\/mouldking.store\/wp-content\/uploads\/2022\/12\/MOC-109418-Dungeons-and-Dragons-Beholder-5-150x150.jpg 150w, https:\/\/mouldking.store\/wp-content\/uploads\/2022\/12\/MOC-109418-Dungeons-and-Dragons-Beholder-5-60x60.jpg 60w, https:\/\/mouldking.store\/wp-content\/uploads\/2022\/12\/MOC-109418-Dungeons-and-Dragons-Beholder-5-90x90.jpg 90w\" sizes=\"(max-width: 1000px) 100vw, 1000px\" \/><figcaption id=\"caption-attachment-37786\" class=\"wp-caption-text\">MOC-109418 Donjons et Dragons \u2013 Spectateur avec 513 pi\u00e8ces<\/figcaption><\/figure>\n<figure id=\"attachment_37787\" aria-describedby=\"caption-attachment-37787\" style=\"width: 1000px\" class=\"wp-caption aligncenter\"><img loading=\"lazy\" decoding=\"async\" class=\"wp-image-37787 size-full\" src=\"https:\/\/mouldking.store\/wp-content\/uploads\/2022\/12\/MOC-109418-Dungeons-and-Dragons-Beholder-4.jpg\" alt=\"MOC-109418 Dungeons and Dragons \u2013 Beholder With 513 Pieces\" width=\"1000\" height=\"1000\" title=\"-\" srcset=\"https:\/\/mouldking.store\/wp-content\/uploads\/2022\/12\/MOC-109418-Dungeons-and-Dragons-Beholder-4.jpg 1000w, https:\/\/mouldking.store\/wp-content\/uploads\/2022\/12\/MOC-109418-Dungeons-and-Dragons-Beholder-4-300x300.jpg 300w, https:\/\/mouldking.store\/wp-content\/uploads\/2022\/12\/MOC-109418-Dungeons-and-Dragons-Beholder-4-768x768.jpg 768w, https:\/\/mouldking.store\/wp-content\/uploads\/2022\/12\/MOC-109418-Dungeons-and-Dragons-Beholder-4-600x600.jpg 600w, https:\/\/mouldking.store\/wp-content\/uploads\/2022\/12\/MOC-109418-Dungeons-and-Dragons-Beholder-4-150x150.jpg 150w, https:\/\/mouldking.store\/wp-content\/uploads\/2022\/12\/MOC-109418-Dungeons-and-Dragons-Beholder-4-60x60.jpg 60w, https:\/\/mouldking.store\/wp-content\/uploads\/2022\/12\/MOC-109418-Dungeons-and-Dragons-Beholder-4-90x90.jpg 90w\" sizes=\"(max-width: 1000px) 100vw, 1000px\" \/><figcaption id=\"caption-attachment-37787\" class=\"wp-caption-text\">MOC-109418 Donjons et Dragons \u2013 Spectateur avec 513 pi\u00e8ces<\/figcaption><\/figure>\n<figure id=\"attachment_37788\" aria-describedby=\"caption-attachment-37788\" style=\"width: 1000px\" class=\"wp-caption aligncenter\"><img loading=\"lazy\" decoding=\"async\" class=\"wp-image-37788 size-full\" src=\"https:\/\/mouldking.store\/wp-content\/uploads\/2022\/12\/MOC-109418-Dungeons-and-Dragons-Beholder-3.jpg\" alt=\"MOC-109418 Dungeons and Dragons \u2013 Beholder With 513 Pieces\" width=\"1000\" height=\"1000\" title=\"-\" srcset=\"https:\/\/mouldking.store\/wp-content\/uploads\/2022\/12\/MOC-109418-Dungeons-and-Dragons-Beholder-3.jpg 1000w, https:\/\/mouldking.store\/wp-content\/uploads\/2022\/12\/MOC-109418-Dungeons-and-Dragons-Beholder-3-300x300.jpg 300w, https:\/\/mouldking.store\/wp-content\/uploads\/2022\/12\/MOC-109418-Dungeons-and-Dragons-Beholder-3-768x768.jpg 768w, https:\/\/mouldking.store\/wp-content\/uploads\/2022\/12\/MOC-109418-Dungeons-and-Dragons-Beholder-3-600x600.jpg 600w, https:\/\/mouldking.store\/wp-content\/uploads\/2022\/12\/MOC-109418-Dungeons-and-Dragons-Beholder-3-150x150.jpg 150w, https:\/\/mouldking.store\/wp-content\/uploads\/2022\/12\/MOC-109418-Dungeons-and-Dragons-Beholder-3-60x60.jpg 60w, https:\/\/mouldking.store\/wp-content\/uploads\/2022\/12\/MOC-109418-Dungeons-and-Dragons-Beholder-3-90x90.jpg 90w\" sizes=\"(max-width: 1000px) 100vw, 1000px\" \/><figcaption id=\"caption-attachment-37788\" class=\"wp-caption-text\">MOC-109418 Donjons et Dragons \u2013 Spectateur avec 513 pi\u00e8ces<\/figcaption><\/figure>\n<figure id=\"attachment_37789\" aria-describedby=\"caption-attachment-37789\" style=\"width: 1000px\" class=\"wp-caption aligncenter\"><img loading=\"lazy\" decoding=\"async\" class=\"wp-image-37789 size-full\" src=\"https:\/\/mouldking.store\/wp-content\/uploads\/2022\/12\/MOC-109418-Dungeons-and-Dragons-Beholder-2.jpg\" alt=\"MOC-109418 Dungeons and Dragons \u2013 Beholder With 513 Pieces\" width=\"1000\" height=\"1000\" title=\"-\" srcset=\"https:\/\/mouldking.store\/wp-content\/uploads\/2022\/12\/MOC-109418-Dungeons-and-Dragons-Beholder-2.jpg 1000w, https:\/\/mouldking.store\/wp-content\/uploads\/2022\/12\/MOC-109418-Dungeons-and-Dragons-Beholder-2-300x300.jpg 300w, https:\/\/mouldking.store\/wp-content\/uploads\/2022\/12\/MOC-109418-Dungeons-and-Dragons-Beholder-2-768x768.jpg 768w, https:\/\/mouldking.store\/wp-content\/uploads\/2022\/12\/MOC-109418-Dungeons-and-Dragons-Beholder-2-600x600.jpg 600w, https:\/\/mouldking.store\/wp-content\/uploads\/2022\/12\/MOC-109418-Dungeons-and-Dragons-Beholder-2-150x150.jpg 150w, https:\/\/mouldking.store\/wp-content\/uploads\/2022\/12\/MOC-109418-Dungeons-and-Dragons-Beholder-2-60x60.jpg 60w, https:\/\/mouldking.store\/wp-content\/uploads\/2022\/12\/MOC-109418-Dungeons-and-Dragons-Beholder-2-90x90.jpg 90w\" sizes=\"(max-width: 1000px) 100vw, 1000px\" \/><figcaption id=\"caption-attachment-37789\" class=\"wp-caption-text\">MOC-109418 Donjons et Dragons \u2013 Spectateur avec 513 pi\u00e8ces<\/figcaption><\/figure>\n<figure id=\"attachment_37790\" aria-describedby=\"caption-attachment-37790\" style=\"width: 1000px\" class=\"wp-caption aligncenter\"><img loading=\"lazy\" decoding=\"async\" class=\"wp-image-37790 size-full\" src=\"https:\/\/mouldking.store\/wp-content\/uploads\/2022\/12\/MOC-109418-Dungeons-and-Dragons-Beholder-1.jpg\" alt=\"MOC-109418 Dungeons and Dragons \u2013 Beholder With 513 Pieces\" width=\"1000\" height=\"1000\" title=\"-\" srcset=\"https:\/\/mouldking.store\/wp-content\/uploads\/2022\/12\/MOC-109418-Dungeons-and-Dragons-Beholder-1.jpg 1000w, https:\/\/mouldking.store\/wp-content\/uploads\/2022\/12\/MOC-109418-Dungeons-and-Dragons-Beholder-1-300x300.jpg 300w, https:\/\/mouldking.store\/wp-content\/uploads\/2022\/12\/MOC-109418-Dungeons-and-Dragons-Beholder-1-768x768.jpg 768w, https:\/\/mouldking.store\/wp-content\/uploads\/2022\/12\/MOC-109418-Dungeons-and-Dragons-Beholder-1-600x600.jpg 600w, https:\/\/mouldking.store\/wp-content\/uploads\/2022\/12\/MOC-109418-Dungeons-and-Dragons-Beholder-1-150x150.jpg 150w, https:\/\/mouldking.store\/wp-content\/uploads\/2022\/12\/MOC-109418-Dungeons-and-Dragons-Beholder-1-60x60.jpg 60w, https:\/\/mouldking.store\/wp-content\/uploads\/2022\/12\/MOC-109418-Dungeons-and-Dragons-Beholder-1-90x90.jpg 90w\" sizes=\"(max-width: 1000px) 100vw, 1000px\" \/><figcaption id=\"caption-attachment-37790\" class=\"wp-caption-text\">MOC-109418 Donjons et Dragons \u2013 Spectateur avec 513 pi\u00e8ces<\/figcaption><\/figure>","protected":false},"excerpt":{"rendered":"<p>Informations sur le produit : Marque : MOC Genre : Unisexe Nom : Donjons et Dragons \u2013 Beholder Tranche d&#039;\u00e2ge : &gt; 6 ans Num\u00e9ro de mod\u00e8le : 109418 Classification : Assemblage Forme de bloc en plastique : Briques autobloquantes Mat\u00e9riau : Plastique Type de plastique : Blocs de briques ABS : 513 PCS Dimensions : 21,2 x 16,3 x 22,5 cm Poids : 0,35 kg Contient des instructions de montage d\u00e9taill\u00e9es. Avis\u00a0: 1. Sans un original [\u2026]<\/p>","protected":false},"featured_media":37780,"comment_status":"closed","ping_status":"closed","template":"","meta":{"_acf_changed":false},"product_cat":[1365,1406,371],"product_tag":[9350,9349,9348,5768,9351,430,9347,9352,9346],"class_list":["product","first","instock","shipping-taxable","purchasable","product-type-simple"],"acf":[],"_links":{"self":[{"href":"https:\/\/mouldking.store\/fr\/wp-json\/wp\/v2\/product\/37779","targetHints":{"allow":["GET"]}}],"collection":[{"href":"https:\/\/mouldking.store\/fr\/wp-json\/wp\/v2\/product"}],"about":[{"href":"https:\/\/mouldking.store\/fr\/wp-json\/wp\/v2\/types\/product"}],"replies":[{"embeddable":true,"href":"https:\/\/mouldking.store\/fr\/wp-json\/wp\/v2\/comments?post=37779"}],"wp:featuredmedia":[{"embeddable":true,"href":"https:\/\/mouldking.store\/fr\/wp-json\/wp\/v2\/media\/37780"}],"wp:attachment":[{"href":"https:\/\/mouldking.store\/fr\/wp-json\/wp\/v2\/media?parent=37779"}],"wp:term":[{"taxonomy":"product_cat","embeddable":true,"href":"https:\/\/mouldking.store\/fr\/wp-json\/wp\/v2\/product_cat?post=37779"},{"taxonomy":"product_tag","embeddable":true,"href":"https:\/\/mouldking.store\/fr\/wp-json\/wp\/v2\/product_tag?post=37779"}],"curies":[{"name":"wp","href":"https:\/\/api.w.org\/{rel}","templated":true}]}}