{"id":37793,"date":"2022-12-09T17:39:25","date_gmt":"2022-12-09T10:39:25","guid":{"rendered":"https:\/\/mouldking.store\/?post_type=product&#038;p=37793"},"modified":"2022-12-09T17:39:27","modified_gmt":"2022-12-09T10:39:27","slug":"king-80013-nasa-apollo-saturn-v-21309","status":"publish","type":"product","link":"https:\/\/mouldking.store\/fr\/shop\/king-80013-nasa-apollo-saturn-v-21309\/","title":{"rendered":"KING 80013 NASA Apollo Saturne V 21309"},"content":{"rendered":"<p><strong>CE KIT CONTIENT<\/strong><\/p>\n<ul>\n<li>1 900 briques de qualit\u00e9 PCS<\/li>\n<li>Taille\uff1a Diam\u00e8tre : 40 cm H :100 cm<\/li>\n<li>Contient un guide d&#039;instructions manuel<\/li>\n<\/ul>\n<h4><strong>GUIDE D&#039;INSTALLATION\u00a0<\/strong><\/h4>\n<p>La qualit\u00e9 de toutes les pi\u00e8ces est v\u00e9rifi\u00e9e avant l&#039;exp\u00e9dition, donc si vous trouvez des pi\u00e8ces manquantes ou endommag\u00e9es, ne vous inqui\u00e9tez pas. Veuillez nous contacter et nous vous les enverrons imm\u00e9diatement et gratuitement.<\/p>\n<p>&nbsp;<\/p>\n<figure id=\"attachment_37796\" aria-describedby=\"caption-attachment-37796\" style=\"width: 800px\" class=\"wp-caption aligncenter\"><img fetchpriority=\"high\" decoding=\"async\" class=\"wp-image-37796 size-full\" src=\"https:\/\/mouldking.store\/wp-content\/uploads\/2022\/12\/KING-80013-NASA-Apollo-Saturn-V-21309-1.jpg\" alt=\"KING 80013 NASA Apollo Saturn V 21309\" width=\"800\" height=\"800\" title=\"-\" srcset=\"https:\/\/mouldking.store\/wp-content\/uploads\/2022\/12\/KING-80013-NASA-Apollo-Saturn-V-21309-1.jpg 800w, https:\/\/mouldking.store\/wp-content\/uploads\/2022\/12\/KING-80013-NASA-Apollo-Saturn-V-21309-1-300x300.jpg 300w, https:\/\/mouldking.store\/wp-content\/uploads\/2022\/12\/KING-80013-NASA-Apollo-Saturn-V-21309-1-768x768.jpg 768w, https:\/\/mouldking.store\/wp-content\/uploads\/2022\/12\/KING-80013-NASA-Apollo-Saturn-V-21309-1-600x600.jpg 600w, https:\/\/mouldking.store\/wp-content\/uploads\/2022\/12\/KING-80013-NASA-Apollo-Saturn-V-21309-1-150x150.jpg 150w, https:\/\/mouldking.store\/wp-content\/uploads\/2022\/12\/KING-80013-NASA-Apollo-Saturn-V-21309-1-60x60.jpg 60w, https:\/\/mouldking.store\/wp-content\/uploads\/2022\/12\/KING-80013-NASA-Apollo-Saturn-V-21309-1-90x90.jpg 90w\" sizes=\"(max-width: 800px) 100vw, 800px\" \/><figcaption id=\"caption-attachment-37796\" class=\"wp-caption-text\">KING 80013 NASA Apollo Saturne V 21309<\/figcaption><\/figure>\n<figure id=\"attachment_37795\" aria-describedby=\"caption-attachment-37795\" style=\"width: 800px\" class=\"wp-caption aligncenter\"><img decoding=\"async\" class=\"wp-image-37795 size-full\" src=\"https:\/\/mouldking.store\/wp-content\/uploads\/2022\/12\/KING-80013-NASA-Apollo-Saturn-V-21309-4.jpg\" alt=\"KING 80013 NASA Apollo Saturn V 21309\" width=\"800\" height=\"800\" title=\"-\" srcset=\"https:\/\/mouldking.store\/wp-content\/uploads\/2022\/12\/KING-80013-NASA-Apollo-Saturn-V-21309-4.jpg 800w, https:\/\/mouldking.store\/wp-content\/uploads\/2022\/12\/KING-80013-NASA-Apollo-Saturn-V-21309-4-300x300.jpg 300w, https:\/\/mouldking.store\/wp-content\/uploads\/2022\/12\/KING-80013-NASA-Apollo-Saturn-V-21309-4-768x768.jpg 768w, https:\/\/mouldking.store\/wp-content\/uploads\/2022\/12\/KING-80013-NASA-Apollo-Saturn-V-21309-4-600x600.jpg 600w, https:\/\/mouldking.store\/wp-content\/uploads\/2022\/12\/KING-80013-NASA-Apollo-Saturn-V-21309-4-150x150.jpg 150w, https:\/\/mouldking.store\/wp-content\/uploads\/2022\/12\/KING-80013-NASA-Apollo-Saturn-V-21309-4-60x60.jpg 60w, https:\/\/mouldking.store\/wp-content\/uploads\/2022\/12\/KING-80013-NASA-Apollo-Saturn-V-21309-4-90x90.jpg 90w\" sizes=\"(max-width: 800px) 100vw, 800px\" \/><figcaption id=\"caption-attachment-37795\" class=\"wp-caption-text\">KING 80013 NASA Apollo Saturne V 21309<\/figcaption><\/figure>\n<figure id=\"attachment_37794\" aria-describedby=\"caption-attachment-37794\" style=\"width: 800px\" class=\"wp-caption aligncenter\"><img decoding=\"async\" class=\"wp-image-37794 size-full\" src=\"https:\/\/mouldking.store\/wp-content\/uploads\/2022\/12\/KING-80013-NASA-Apollo-Saturn-V-21309-3.jpg\" alt=\"KING 80013 NASA Apollo Saturn V 21309\" width=\"800\" height=\"800\" title=\"-\" srcset=\"https:\/\/mouldking.store\/wp-content\/uploads\/2022\/12\/KING-80013-NASA-Apollo-Saturn-V-21309-3.jpg 800w, https:\/\/mouldking.store\/wp-content\/uploads\/2022\/12\/KING-80013-NASA-Apollo-Saturn-V-21309-3-300x300.jpg 300w, https:\/\/mouldking.store\/wp-content\/uploads\/2022\/12\/KING-80013-NASA-Apollo-Saturn-V-21309-3-768x768.jpg 768w, https:\/\/mouldking.store\/wp-content\/uploads\/2022\/12\/KING-80013-NASA-Apollo-Saturn-V-21309-3-600x600.jpg 600w, https:\/\/mouldking.store\/wp-content\/uploads\/2022\/12\/KING-80013-NASA-Apollo-Saturn-V-21309-3-150x150.jpg 150w, https:\/\/mouldking.store\/wp-content\/uploads\/2022\/12\/KING-80013-NASA-Apollo-Saturn-V-21309-3-60x60.jpg 60w, https:\/\/mouldking.store\/wp-content\/uploads\/2022\/12\/KING-80013-NASA-Apollo-Saturn-V-21309-3-90x90.jpg 90w\" sizes=\"(max-width: 800px) 100vw, 800px\" \/><figcaption id=\"caption-attachment-37794\" class=\"wp-caption-text\">KING 80013 NASA Apollo Saturne V 21309<\/figcaption><\/figure>\n<figure id=\"attachment_37797\" aria-describedby=\"caption-attachment-37797\" style=\"width: 800px\" class=\"wp-caption aligncenter\"><img loading=\"lazy\" decoding=\"async\" class=\"wp-image-37797 size-full\" src=\"https:\/\/mouldking.store\/wp-content\/uploads\/2022\/12\/KING-80013-NASA-Apollo-Saturn-V-21309-2.jpg\" alt=\"KING 80013 NASA Apollo Saturn V 21309\" width=\"800\" height=\"800\" title=\"-\" srcset=\"https:\/\/mouldking.store\/wp-content\/uploads\/2022\/12\/KING-80013-NASA-Apollo-Saturn-V-21309-2.jpg 800w, https:\/\/mouldking.store\/wp-content\/uploads\/2022\/12\/KING-80013-NASA-Apollo-Saturn-V-21309-2-300x300.jpg 300w, https:\/\/mouldking.store\/wp-content\/uploads\/2022\/12\/KING-80013-NASA-Apollo-Saturn-V-21309-2-768x768.jpg 768w, https:\/\/mouldking.store\/wp-content\/uploads\/2022\/12\/KING-80013-NASA-Apollo-Saturn-V-21309-2-600x600.jpg 600w, https:\/\/mouldking.store\/wp-content\/uploads\/2022\/12\/KING-80013-NASA-Apollo-Saturn-V-21309-2-150x150.jpg 150w, https:\/\/mouldking.store\/wp-content\/uploads\/2022\/12\/KING-80013-NASA-Apollo-Saturn-V-21309-2-60x60.jpg 60w, https:\/\/mouldking.store\/wp-content\/uploads\/2022\/12\/KING-80013-NASA-Apollo-Saturn-V-21309-2-90x90.jpg 90w\" sizes=\"(max-width: 800px) 100vw, 800px\" \/><figcaption id=\"caption-attachment-37797\" class=\"wp-caption-text\">KING 80013 NASA Apollo Saturne V 21309<\/figcaption><\/figure>\n<p>&nbsp;<\/p>","protected":false},"excerpt":{"rendered":"<p>THIS KIT CONTAINS 1,900 PCS Quality Bricks Size\uff1a Diameter : 40 cm\u00a0 \u00a0H :100 cm Contain manual instruction guide INSTALLATION GUIDE\u00a0 All parts are quality-checked before shipping, so if you find some missing or damaged parts, don\u2019t worry.\u00a0 Please contact us and we will send them to you immediately free of charge. &nbsp; &nbsp;<\/p>","protected":false},"featured_media":37796,"comment_status":"closed","ping_status":"closed","template":"","meta":{"_acf_changed":false},"product_cat":[6016],"product_tag":[9357,5173,9354,9353,6111,9356,9355],"class_list":["product","first","instock","shipping-taxable","purchasable","product-type-simple"],"acf":[],"_links":{"self":[{"href":"https:\/\/mouldking.store\/fr\/wp-json\/wp\/v2\/product\/37793","targetHints":{"allow":["GET"]}}],"collection":[{"href":"https:\/\/mouldking.store\/fr\/wp-json\/wp\/v2\/product"}],"about":[{"href":"https:\/\/mouldking.store\/fr\/wp-json\/wp\/v2\/types\/product"}],"replies":[{"embeddable":true,"href":"https:\/\/mouldking.store\/fr\/wp-json\/wp\/v2\/comments?post=37793"}],"wp:featuredmedia":[{"embeddable":true,"href":"https:\/\/mouldking.store\/fr\/wp-json\/wp\/v2\/media\/37796"}],"wp:attachment":[{"href":"https:\/\/mouldking.store\/fr\/wp-json\/wp\/v2\/media?parent=37793"}],"wp:term":[{"taxonomy":"product_cat","embeddable":true,"href":"https:\/\/mouldking.store\/fr\/wp-json\/wp\/v2\/product_cat?post=37793"},{"taxonomy":"product_tag","embeddable":true,"href":"https:\/\/mouldking.store\/fr\/wp-json\/wp\/v2\/product_tag?post=37793"}],"curies":[{"name":"wp","href":"https:\/\/api.w.org\/{rel}","templated":true}]}}