{"id":37858,"date":"2022-12-14T10:25:52","date_gmt":"2022-12-14T03:25:52","guid":{"rendered":"https:\/\/mouldking.store\/?post_type=product&#038;p=37858"},"modified":"2022-12-14T10:25:53","modified_gmt":"2022-12-14T03:25:53","slug":"kb1002-christmas-love-bear-santa-claus-with-3365pcs","status":"publish","type":"product","link":"https:\/\/mouldking.store\/fr\/shop\/kb1002-christmas-love-bear-santa-claus-with-3365pcs\/","title":{"rendered":"KB1002 Ours d&#039;amour de No\u00ebl P\u00e8re No\u00ebl avec 3365 pi\u00e8ces"},"content":{"rendered":"<p>Information produit:<\/p>\n<ol>\n<li>Brand: KB<\/li>\n<li>Genre: Unisexe<\/li>\n<li>Name: Christmas Love Bear Santa Claus<\/li>\n<li>Tranche d&#039;\u00e2ge : &gt; 6 ans<\/li>\n<li>Model Number: 1002<\/li>\n<li>Classement : Assemblage<\/li>\n<li>Forme de bloc en plastique\u00a0: briques autobloquantes<\/li>\n<li>Mat\u00e9riel: Plastique<\/li>\n<li>Type de plastique : ABS<\/li>\n<li>Bricks Blocks: 3365PCS<\/li>\n<li>Size: 16 x 32 cm<\/li>\n<li>Contient des instructions de montage d\u00e9taill\u00e9es.<\/li>\n<\/ol>\n<p>Avis:<br \/>\n1. Sans bo\u00eete d&#039;origine, mais nous garantissons que nos produits ont une assurance qualit\u00e9 et un bel emballage.<br \/>\n2. As all the parts we have checked before shipping, so if you find some parts missed or damaged, don\u2019t worry and just pls contact us and we can resend them to you immediately for free<\/p>\n<figure id=\"attachment_37859\" aria-describedby=\"caption-attachment-37859\" style=\"width: 800px\" class=\"wp-caption aligncenter\"><img fetchpriority=\"high\" decoding=\"async\" class=\"wp-image-37859 size-full\" src=\"https:\/\/mouldking.store\/wp-content\/uploads\/2022\/12\/Christmas-Love-Bear-Santa-Claus-KB1002-4.jpg\" alt=\"KB1002 Christmas Love Bear Santa Claus With 3365pcs\" width=\"800\" height=\"800\" title=\"-\" srcset=\"https:\/\/mouldking.store\/wp-content\/uploads\/2022\/12\/Christmas-Love-Bear-Santa-Claus-KB1002-4.jpg 800w, https:\/\/mouldking.store\/wp-content\/uploads\/2022\/12\/Christmas-Love-Bear-Santa-Claus-KB1002-4-300x300.jpg 300w, https:\/\/mouldking.store\/wp-content\/uploads\/2022\/12\/Christmas-Love-Bear-Santa-Claus-KB1002-4-768x768.jpg 768w, https:\/\/mouldking.store\/wp-content\/uploads\/2022\/12\/Christmas-Love-Bear-Santa-Claus-KB1002-4-600x600.jpg 600w, https:\/\/mouldking.store\/wp-content\/uploads\/2022\/12\/Christmas-Love-Bear-Santa-Claus-KB1002-4-150x150.jpg 150w, https:\/\/mouldking.store\/wp-content\/uploads\/2022\/12\/Christmas-Love-Bear-Santa-Claus-KB1002-4-60x60.jpg 60w, https:\/\/mouldking.store\/wp-content\/uploads\/2022\/12\/Christmas-Love-Bear-Santa-Claus-KB1002-4-90x90.jpg 90w\" sizes=\"(max-width: 800px) 100vw, 800px\" \/><figcaption id=\"caption-attachment-37859\" class=\"wp-caption-text\">KB1002 Ours d&#039;amour de No\u00ebl P\u00e8re No\u00ebl avec 3365 pi\u00e8ces<\/figcaption><\/figure>\n<figure id=\"attachment_37860\" aria-describedby=\"caption-attachment-37860\" style=\"width: 800px\" class=\"wp-caption aligncenter\"><img decoding=\"async\" class=\"wp-image-37860 size-full\" src=\"https:\/\/mouldking.store\/wp-content\/uploads\/2022\/12\/Christmas-Love-Bear-Santa-Claus-KB1002-3.jpg\" alt=\"KB1002 Christmas Love Bear Santa Claus With 3365pcs\" width=\"800\" height=\"800\" title=\"-\" srcset=\"https:\/\/mouldking.store\/wp-content\/uploads\/2022\/12\/Christmas-Love-Bear-Santa-Claus-KB1002-3.jpg 800w, https:\/\/mouldking.store\/wp-content\/uploads\/2022\/12\/Christmas-Love-Bear-Santa-Claus-KB1002-3-300x300.jpg 300w, https:\/\/mouldking.store\/wp-content\/uploads\/2022\/12\/Christmas-Love-Bear-Santa-Claus-KB1002-3-768x768.jpg 768w, https:\/\/mouldking.store\/wp-content\/uploads\/2022\/12\/Christmas-Love-Bear-Santa-Claus-KB1002-3-600x600.jpg 600w, https:\/\/mouldking.store\/wp-content\/uploads\/2022\/12\/Christmas-Love-Bear-Santa-Claus-KB1002-3-150x150.jpg 150w, https:\/\/mouldking.store\/wp-content\/uploads\/2022\/12\/Christmas-Love-Bear-Santa-Claus-KB1002-3-60x60.jpg 60w, https:\/\/mouldking.store\/wp-content\/uploads\/2022\/12\/Christmas-Love-Bear-Santa-Claus-KB1002-3-90x90.jpg 90w\" sizes=\"(max-width: 800px) 100vw, 800px\" \/><figcaption id=\"caption-attachment-37860\" class=\"wp-caption-text\">KB1002 Ours d&#039;amour de No\u00ebl P\u00e8re No\u00ebl avec 3365 pi\u00e8ces<\/figcaption><\/figure>\n<figure id=\"attachment_37861\" aria-describedby=\"caption-attachment-37861\" style=\"width: 800px\" class=\"wp-caption aligncenter\"><img decoding=\"async\" class=\"wp-image-37861 size-full\" src=\"https:\/\/mouldking.store\/wp-content\/uploads\/2022\/12\/Christmas-Love-Bear-Santa-Claus-KB1002-2.jpg\" alt=\"KB1002 Christmas Love Bear Santa Claus With 3365pcs\" width=\"800\" height=\"800\" title=\"-\" srcset=\"https:\/\/mouldking.store\/wp-content\/uploads\/2022\/12\/Christmas-Love-Bear-Santa-Claus-KB1002-2.jpg 800w, https:\/\/mouldking.store\/wp-content\/uploads\/2022\/12\/Christmas-Love-Bear-Santa-Claus-KB1002-2-300x300.jpg 300w, https:\/\/mouldking.store\/wp-content\/uploads\/2022\/12\/Christmas-Love-Bear-Santa-Claus-KB1002-2-768x768.jpg 768w, https:\/\/mouldking.store\/wp-content\/uploads\/2022\/12\/Christmas-Love-Bear-Santa-Claus-KB1002-2-600x600.jpg 600w, https:\/\/mouldking.store\/wp-content\/uploads\/2022\/12\/Christmas-Love-Bear-Santa-Claus-KB1002-2-150x150.jpg 150w, https:\/\/mouldking.store\/wp-content\/uploads\/2022\/12\/Christmas-Love-Bear-Santa-Claus-KB1002-2-60x60.jpg 60w, https:\/\/mouldking.store\/wp-content\/uploads\/2022\/12\/Christmas-Love-Bear-Santa-Claus-KB1002-2-90x90.jpg 90w\" sizes=\"(max-width: 800px) 100vw, 800px\" \/><figcaption id=\"caption-attachment-37861\" class=\"wp-caption-text\">KB1002 Ours d&#039;amour de No\u00ebl P\u00e8re No\u00ebl avec 3365 pi\u00e8ces<\/figcaption><\/figure>\n<figure id=\"attachment_37862\" aria-describedby=\"caption-attachment-37862\" style=\"width: 800px\" class=\"wp-caption aligncenter\"><img loading=\"lazy\" decoding=\"async\" class=\"wp-image-37862 size-full\" src=\"https:\/\/mouldking.store\/wp-content\/uploads\/2022\/12\/Christmas-Love-Bear-Santa-Claus-KB1002-1.jpg\" alt=\"KB1002 Christmas Love Bear Santa Claus With 3365pcs\" width=\"800\" height=\"800\" title=\"-\" srcset=\"https:\/\/mouldking.store\/wp-content\/uploads\/2022\/12\/Christmas-Love-Bear-Santa-Claus-KB1002-1.jpg 800w, https:\/\/mouldking.store\/wp-content\/uploads\/2022\/12\/Christmas-Love-Bear-Santa-Claus-KB1002-1-300x300.jpg 300w, https:\/\/mouldking.store\/wp-content\/uploads\/2022\/12\/Christmas-Love-Bear-Santa-Claus-KB1002-1-768x768.jpg 768w, https:\/\/mouldking.store\/wp-content\/uploads\/2022\/12\/Christmas-Love-Bear-Santa-Claus-KB1002-1-600x600.jpg 600w, https:\/\/mouldking.store\/wp-content\/uploads\/2022\/12\/Christmas-Love-Bear-Santa-Claus-KB1002-1-150x150.jpg 150w, https:\/\/mouldking.store\/wp-content\/uploads\/2022\/12\/Christmas-Love-Bear-Santa-Claus-KB1002-1-60x60.jpg 60w, https:\/\/mouldking.store\/wp-content\/uploads\/2022\/12\/Christmas-Love-Bear-Santa-Claus-KB1002-1-90x90.jpg 90w\" sizes=\"(max-width: 800px) 100vw, 800px\" \/><figcaption id=\"caption-attachment-37862\" class=\"wp-caption-text\">KB1002 Ours d&#039;amour de No\u00ebl P\u00e8re No\u00ebl avec 3365 pi\u00e8ces<\/figcaption><\/figure>","protected":false},"excerpt":{"rendered":"<p>Product information: Brand: KB Gender: Unisex Name: Christmas Love Bear Santa Claus Age Range: &gt; 6 years old Model Number: 1002 Classification: Assemblage Plastic Block Shape: Self-Locking Bricks Material: Plastic Plastic Type: ABS Bricks Blocks: 3365PCS Size: 16 x 32 cm Contains detailed assembly instructions. Notice: 1. Without an original box, but we guarantee our [&hellip;]<\/p>","protected":false},"featured_media":37859,"comment_status":"closed","ping_status":"closed","template":"","meta":{"_acf_changed":false},"product_cat":[1365],"product_tag":[2271,1066,9378,9379,9376,9380,9375,6522,9377,5697],"class_list":["product","first","instock","shipping-taxable","purchasable","product-type-simple"],"acf":[],"_links":{"self":[{"href":"https:\/\/mouldking.store\/fr\/wp-json\/wp\/v2\/product\/37858","targetHints":{"allow":["GET"]}}],"collection":[{"href":"https:\/\/mouldking.store\/fr\/wp-json\/wp\/v2\/product"}],"about":[{"href":"https:\/\/mouldking.store\/fr\/wp-json\/wp\/v2\/types\/product"}],"replies":[{"embeddable":true,"href":"https:\/\/mouldking.store\/fr\/wp-json\/wp\/v2\/comments?post=37858"}],"wp:featuredmedia":[{"embeddable":true,"href":"https:\/\/mouldking.store\/fr\/wp-json\/wp\/v2\/media\/37859"}],"wp:attachment":[{"href":"https:\/\/mouldking.store\/fr\/wp-json\/wp\/v2\/media?parent=37858"}],"wp:term":[{"taxonomy":"product_cat","embeddable":true,"href":"https:\/\/mouldking.store\/fr\/wp-json\/wp\/v2\/product_cat?post=37858"},{"taxonomy":"product_tag","embeddable":true,"href":"https:\/\/mouldking.store\/fr\/wp-json\/wp\/v2\/product_tag?post=37858"}],"curies":[{"name":"wp","href":"https:\/\/api.w.org\/{rel}","templated":true}]}}