{"id":38199,"date":"2022-12-21T11:06:38","date_gmt":"2022-12-21T04:06:38","guid":{"rendered":"https:\/\/mouldking.store\/?post_type=product&#038;p=38199"},"modified":"2025-12-25T09:12:05","modified_gmt":"2025-12-25T02:12:05","slug":"moc-108731-black-falcons-fort-31120-1-alt-build-with-1025pcs","status":"publish","type":"product","link":"https:\/\/mouldking.store\/fr\/shop\/moc-108731-black-falcons-fort-31120-1-alt-build-with-1025pcs\/","title":{"rendered":"MOC-108731 Fort du Faucon Noir 31120-1 Alt. Construire avec 1025PCS"},"content":{"rendered":"<ol>\n<li>Marque : MOC<\/li>\n<li>Genre: Unisexe<\/li>\n<li>Name: Black Falcon\u2019s Fort 31120-1 Alt. Build<\/li>\n<li>Tranche d&#039;\u00e2ge : &gt; 6 ans<\/li>\n<li>Model Number: 108731<\/li>\n<li>Classement : Assemblage<\/li>\n<li>Forme de bloc en plastique\u00a0: briques autobloquantes<\/li>\n<li>Mat\u00e9riel: Plastique<\/li>\n<li>Type de plastique : ABS<\/li>\n<li>Bricks Blocks:1025PCS<\/li>\n<li>Poids\u00a0: 1\u00a0500\u00a0g<\/li>\n<li>Contient des instructions de montage d\u00e9taill\u00e9es.<\/li>\n<\/ol>\n<p>Avis:<br \/>\n1. Sans bo\u00eete d&#039;origine, mais nous garantissons que nos produits ont une assurance qualit\u00e9 et un bel emballage.<br \/>\n2. Comme toutes les pi\u00e8ces que nous avons v\u00e9rifi\u00e9es avant l&#039;exp\u00e9dition, donc si vous trouvez des pi\u00e8ces manquantes ou endommag\u00e9es, ne vous inqui\u00e9tez pas et veuillez nous contacter et nous pouvons vous les renvoyer imm\u00e9diatement gratuitement.<\/p>\n<figure id=\"attachment_38205\" aria-describedby=\"caption-attachment-38205\" style=\"width: 1024px\" class=\"wp-caption aligncenter\"><img fetchpriority=\"high\" decoding=\"async\" class=\"wp-image-38205 size-large\" src=\"https:\/\/mouldking.store\/wp-content\/uploads\/2022\/12\/MOC-108731-Black-Falcons-Fort-1024x1024.png\" alt=\"MOC-108731 Black Falcon\u2019s Fort 31120-1 Alt. Build With 1025PCS\" width=\"1024\" height=\"1024\" title=\"-\" srcset=\"https:\/\/mouldking.store\/wp-content\/uploads\/2022\/12\/MOC-108731-Black-Falcons-Fort-1024x1024.png 1024w, https:\/\/mouldking.store\/wp-content\/uploads\/2022\/12\/MOC-108731-Black-Falcons-Fort-300x300.png 300w, https:\/\/mouldking.store\/wp-content\/uploads\/2022\/12\/MOC-108731-Black-Falcons-Fort-768x768.png 768w, https:\/\/mouldking.store\/wp-content\/uploads\/2022\/12\/MOC-108731-Black-Falcons-Fort-600x600.png 600w, https:\/\/mouldking.store\/wp-content\/uploads\/2022\/12\/MOC-108731-Black-Falcons-Fort-150x150.png 150w, https:\/\/mouldking.store\/wp-content\/uploads\/2022\/12\/MOC-108731-Black-Falcons-Fort-60x60.png 60w, https:\/\/mouldking.store\/wp-content\/uploads\/2022\/12\/MOC-108731-Black-Falcons-Fort-90x90.png 90w, https:\/\/mouldking.store\/wp-content\/uploads\/2022\/12\/MOC-108731-Black-Falcons-Fort.png 1095w\" sizes=\"(max-width: 1024px) 100vw, 1024px\" \/><figcaption id=\"caption-attachment-38205\" class=\"wp-caption-text\">MOC-108731 Fort du Faucon Noir 31120-1 Alt. Construire avec 1025PCS<\/figcaption><\/figure>\n<figure id=\"attachment_38206\" aria-describedby=\"caption-attachment-38206\" style=\"width: 1024px\" class=\"wp-caption aligncenter\"><img decoding=\"async\" class=\"wp-image-38206 size-large\" src=\"https:\/\/mouldking.store\/wp-content\/uploads\/2022\/12\/Black-Falcons-Fort-31120-1-Alt.-Build-MOC-108731-1-1024x1024.jpg\" alt=\"MOC-108731 Black Falcon\u2019s Fort 31120-1 Alt. Build With 1025PCS\" width=\"1024\" height=\"1024\" title=\"-\" srcset=\"https:\/\/mouldking.store\/wp-content\/uploads\/2022\/12\/Black-Falcons-Fort-31120-1-Alt.-Build-MOC-108731-1-1024x1024.jpg 1024w, https:\/\/mouldking.store\/wp-content\/uploads\/2022\/12\/Black-Falcons-Fort-31120-1-Alt.-Build-MOC-108731-1-300x300.jpg 300w, https:\/\/mouldking.store\/wp-content\/uploads\/2022\/12\/Black-Falcons-Fort-31120-1-Alt.-Build-MOC-108731-1-768x768.jpg 768w, https:\/\/mouldking.store\/wp-content\/uploads\/2022\/12\/Black-Falcons-Fort-31120-1-Alt.-Build-MOC-108731-1-600x600.jpg 600w, https:\/\/mouldking.store\/wp-content\/uploads\/2022\/12\/Black-Falcons-Fort-31120-1-Alt.-Build-MOC-108731-1-150x150.jpg 150w, https:\/\/mouldking.store\/wp-content\/uploads\/2022\/12\/Black-Falcons-Fort-31120-1-Alt.-Build-MOC-108731-1-60x60.jpg 60w, https:\/\/mouldking.store\/wp-content\/uploads\/2022\/12\/Black-Falcons-Fort-31120-1-Alt.-Build-MOC-108731-1-90x90.jpg 90w, https:\/\/mouldking.store\/wp-content\/uploads\/2022\/12\/Black-Falcons-Fort-31120-1-Alt.-Build-MOC-108731-1.jpg 1100w\" sizes=\"(max-width: 1024px) 100vw, 1024px\" \/><figcaption id=\"caption-attachment-38206\" class=\"wp-caption-text\">MOC-108731 Fort du Faucon Noir 31120-1 Alt. Construire avec 1025PCS<\/figcaption><\/figure>\n<figure id=\"attachment_38207\" aria-describedby=\"caption-attachment-38207\" style=\"width: 1024px\" class=\"wp-caption aligncenter\"><img decoding=\"async\" class=\"wp-image-38207 size-large\" src=\"https:\/\/mouldking.store\/wp-content\/uploads\/2022\/12\/Black-Falcons-Fort-31120-1-Alt.-Build-MOC-108731-2-1024x1024.jpg\" alt=\"MOC-108731 Black Falcon\u2019s Fort 31120-1 Alt. Build With 1025PCS\" width=\"1024\" height=\"1024\" title=\"-\" srcset=\"https:\/\/mouldking.store\/wp-content\/uploads\/2022\/12\/Black-Falcons-Fort-31120-1-Alt.-Build-MOC-108731-2-1024x1024.jpg 1024w, https:\/\/mouldking.store\/wp-content\/uploads\/2022\/12\/Black-Falcons-Fort-31120-1-Alt.-Build-MOC-108731-2-300x300.jpg 300w, https:\/\/mouldking.store\/wp-content\/uploads\/2022\/12\/Black-Falcons-Fort-31120-1-Alt.-Build-MOC-108731-2-768x768.jpg 768w, https:\/\/mouldking.store\/wp-content\/uploads\/2022\/12\/Black-Falcons-Fort-31120-1-Alt.-Build-MOC-108731-2-600x600.jpg 600w, https:\/\/mouldking.store\/wp-content\/uploads\/2022\/12\/Black-Falcons-Fort-31120-1-Alt.-Build-MOC-108731-2-150x150.jpg 150w, https:\/\/mouldking.store\/wp-content\/uploads\/2022\/12\/Black-Falcons-Fort-31120-1-Alt.-Build-MOC-108731-2-60x60.jpg 60w, https:\/\/mouldking.store\/wp-content\/uploads\/2022\/12\/Black-Falcons-Fort-31120-1-Alt.-Build-MOC-108731-2-90x90.jpg 90w, https:\/\/mouldking.store\/wp-content\/uploads\/2022\/12\/Black-Falcons-Fort-31120-1-Alt.-Build-MOC-108731-2.jpg 1100w\" sizes=\"(max-width: 1024px) 100vw, 1024px\" \/><figcaption id=\"caption-attachment-38207\" class=\"wp-caption-text\">MOC-108731 Fort du Faucon Noir 31120-1 Alt. Construire avec 1025PCS<\/figcaption><\/figure>\n<figure id=\"attachment_38208\" aria-describedby=\"caption-attachment-38208\" style=\"width: 1024px\" class=\"wp-caption aligncenter\"><img loading=\"lazy\" decoding=\"async\" class=\"wp-image-38208 size-large\" src=\"https:\/\/mouldking.store\/wp-content\/uploads\/2022\/12\/Black-Falcons-Fort-31120-1-Alt.-Build-MOC-108731-3-1024x1024.jpg\" alt=\"MOC-108731 Black Falcon\u2019s Fort 31120-1 Alt. Build With 1025PCS\" width=\"1024\" height=\"1024\" title=\"-\" srcset=\"https:\/\/mouldking.store\/wp-content\/uploads\/2022\/12\/Black-Falcons-Fort-31120-1-Alt.-Build-MOC-108731-3-1024x1024.jpg 1024w, https:\/\/mouldking.store\/wp-content\/uploads\/2022\/12\/Black-Falcons-Fort-31120-1-Alt.-Build-MOC-108731-3-300x300.jpg 300w, https:\/\/mouldking.store\/wp-content\/uploads\/2022\/12\/Black-Falcons-Fort-31120-1-Alt.-Build-MOC-108731-3-768x768.jpg 768w, https:\/\/mouldking.store\/wp-content\/uploads\/2022\/12\/Black-Falcons-Fort-31120-1-Alt.-Build-MOC-108731-3-600x600.jpg 600w, https:\/\/mouldking.store\/wp-content\/uploads\/2022\/12\/Black-Falcons-Fort-31120-1-Alt.-Build-MOC-108731-3-150x150.jpg 150w, https:\/\/mouldking.store\/wp-content\/uploads\/2022\/12\/Black-Falcons-Fort-31120-1-Alt.-Build-MOC-108731-3-60x60.jpg 60w, https:\/\/mouldking.store\/wp-content\/uploads\/2022\/12\/Black-Falcons-Fort-31120-1-Alt.-Build-MOC-108731-3-90x90.jpg 90w, https:\/\/mouldking.store\/wp-content\/uploads\/2022\/12\/Black-Falcons-Fort-31120-1-Alt.-Build-MOC-108731-3.jpg 1100w\" sizes=\"(max-width: 1024px) 100vw, 1024px\" \/><figcaption id=\"caption-attachment-38208\" class=\"wp-caption-text\">MOC-108731 Fort du Faucon Noir 31120-1 Alt. Construire avec 1025PCS<\/figcaption><\/figure>\n<figure id=\"attachment_38209\" aria-describedby=\"caption-attachment-38209\" style=\"width: 1024px\" class=\"wp-caption aligncenter\"><img loading=\"lazy\" decoding=\"async\" class=\"wp-image-38209 size-large\" src=\"https:\/\/mouldking.store\/wp-content\/uploads\/2022\/12\/Black-Falcons-Fort-31120-1-Alt.-Build-MOC-108731-4-1024x1024.jpg\" alt=\"MOC-108731 Black Falcon\u2019s Fort 31120-1 Alt. Build With 1025PCS\" width=\"1024\" height=\"1024\" title=\"-\" srcset=\"https:\/\/mouldking.store\/wp-content\/uploads\/2022\/12\/Black-Falcons-Fort-31120-1-Alt.-Build-MOC-108731-4-1024x1024.jpg 1024w, https:\/\/mouldking.store\/wp-content\/uploads\/2022\/12\/Black-Falcons-Fort-31120-1-Alt.-Build-MOC-108731-4-300x300.jpg 300w, https:\/\/mouldking.store\/wp-content\/uploads\/2022\/12\/Black-Falcons-Fort-31120-1-Alt.-Build-MOC-108731-4-768x768.jpg 768w, https:\/\/mouldking.store\/wp-content\/uploads\/2022\/12\/Black-Falcons-Fort-31120-1-Alt.-Build-MOC-108731-4-600x600.jpg 600w, https:\/\/mouldking.store\/wp-content\/uploads\/2022\/12\/Black-Falcons-Fort-31120-1-Alt.-Build-MOC-108731-4-150x150.jpg 150w, https:\/\/mouldking.store\/wp-content\/uploads\/2022\/12\/Black-Falcons-Fort-31120-1-Alt.-Build-MOC-108731-4-60x60.jpg 60w, https:\/\/mouldking.store\/wp-content\/uploads\/2022\/12\/Black-Falcons-Fort-31120-1-Alt.-Build-MOC-108731-4-90x90.jpg 90w, https:\/\/mouldking.store\/wp-content\/uploads\/2022\/12\/Black-Falcons-Fort-31120-1-Alt.-Build-MOC-108731-4.jpg 1100w\" sizes=\"(max-width: 1024px) 100vw, 1024px\" \/><figcaption id=\"caption-attachment-38209\" class=\"wp-caption-text\">MOC-108731 Fort du Faucon Noir 31120-1 Alt. Construire avec 1025PCS<\/figcaption><\/figure>\n<figure id=\"attachment_38210\" aria-describedby=\"caption-attachment-38210\" style=\"width: 1100px\" class=\"wp-caption aligncenter\"><img loading=\"lazy\" decoding=\"async\" class=\"wp-image-38210 size-full\" src=\"https:\/\/mouldking.store\/wp-content\/uploads\/2022\/12\/Black-Falcons-Fort-31120-1-Alt.-Build-MOC-108731-5.jpg\" alt=\"MOC-108731 Black Falcon\u2019s Fort 31120-1 Alt. Build With 1025PCS\" width=\"1100\" height=\"1100\" title=\"-\" srcset=\"https:\/\/mouldking.store\/wp-content\/uploads\/2022\/12\/Black-Falcons-Fort-31120-1-Alt.-Build-MOC-108731-5.jpg 1100w, https:\/\/mouldking.store\/wp-content\/uploads\/2022\/12\/Black-Falcons-Fort-31120-1-Alt.-Build-MOC-108731-5-300x300.jpg 300w, https:\/\/mouldking.store\/wp-content\/uploads\/2022\/12\/Black-Falcons-Fort-31120-1-Alt.-Build-MOC-108731-5-1024x1024.jpg 1024w, https:\/\/mouldking.store\/wp-content\/uploads\/2022\/12\/Black-Falcons-Fort-31120-1-Alt.-Build-MOC-108731-5-768x768.jpg 768w, https:\/\/mouldking.store\/wp-content\/uploads\/2022\/12\/Black-Falcons-Fort-31120-1-Alt.-Build-MOC-108731-5-600x600.jpg 600w, https:\/\/mouldking.store\/wp-content\/uploads\/2022\/12\/Black-Falcons-Fort-31120-1-Alt.-Build-MOC-108731-5-150x150.jpg 150w, https:\/\/mouldking.store\/wp-content\/uploads\/2022\/12\/Black-Falcons-Fort-31120-1-Alt.-Build-MOC-108731-5-60x60.jpg 60w, https:\/\/mouldking.store\/wp-content\/uploads\/2022\/12\/Black-Falcons-Fort-31120-1-Alt.-Build-MOC-108731-5-90x90.jpg 90w\" sizes=\"(max-width: 1100px) 100vw, 1100px\" \/><figcaption id=\"caption-attachment-38210\" class=\"wp-caption-text\">MOC-108731 Fort du Faucon Noir 31120-1 Alt. Construire avec 1025PCS<\/figcaption><\/figure>","protected":false},"excerpt":{"rendered":"<p>Instructions de construction PDF<\/p>\n<p>Sans bo\u00eete d&#039;origine<\/p>\n<p>Temps d&#039;arrangement\u00a0: 4 \u00e0 8\u00a0semaines<\/p>","protected":false},"featured_media":38205,"comment_status":"closed","ping_status":"closed","template":"","meta":{"_acf_changed":false},"product_cat":[1365,1395,1406],"product_tag":[9616,9620,9617,9626,9629,9627,8583,9625,430,9624,9628,9623],"class_list":["product","first","instock","shipping-taxable","purchasable","product-type-simple"],"acf":[],"_links":{"self":[{"href":"https:\/\/mouldking.store\/fr\/wp-json\/wp\/v2\/product\/38199","targetHints":{"allow":["GET"]}}],"collection":[{"href":"https:\/\/mouldking.store\/fr\/wp-json\/wp\/v2\/product"}],"about":[{"href":"https:\/\/mouldking.store\/fr\/wp-json\/wp\/v2\/types\/product"}],"replies":[{"embeddable":true,"href":"https:\/\/mouldking.store\/fr\/wp-json\/wp\/v2\/comments?post=38199"}],"wp:featuredmedia":[{"embeddable":true,"href":"https:\/\/mouldking.store\/fr\/wp-json\/wp\/v2\/media\/38205"}],"wp:attachment":[{"href":"https:\/\/mouldking.store\/fr\/wp-json\/wp\/v2\/media?parent=38199"}],"wp:term":[{"taxonomy":"product_cat","embeddable":true,"href":"https:\/\/mouldking.store\/fr\/wp-json\/wp\/v2\/product_cat?post=38199"},{"taxonomy":"product_tag","embeddable":true,"href":"https:\/\/mouldking.store\/fr\/wp-json\/wp\/v2\/product_tag?post=38199"}],"curies":[{"name":"wp","href":"https:\/\/api.w.org\/{rel}","templated":true}]}}