{"id":38211,"date":"2022-12-21T11:14:44","date_gmt":"2022-12-21T04:14:44","guid":{"rendered":"https:\/\/mouldking.store\/?post_type=product&#038;p=38211"},"modified":"2025-12-25T09:12:05","modified_gmt":"2025-12-25T02:12:05","slug":"moc-116798-black-falcons-stronghold-bundle-31120-1-alt-build-with-1971pcs","status":"publish","type":"product","link":"https:\/\/mouldking.store\/fr\/shop\/moc-116798-black-falcons-stronghold-bundle-31120-1-alt-build-with-1971pcs\/","title":{"rendered":"MOC-116798 Black Falcon\u2019s Stronghold (BUNDLE) 31120-1 Alt. Build With 1971PCS"},"content":{"rendered":"<ol>\n<li>Marque : MOC<\/li>\n<li>Genre: Unisexe<\/li>\n<li>Name: Black Falcon\u2019s Stronghold (BUNDLE) 31120-1 Alt. Build<\/li>\n<li>Tranche d&#039;\u00e2ge : &gt; 6 ans<\/li>\n<li>Model Number: 116798<\/li>\n<li>Classement : Assemblage<\/li>\n<li>Forme de bloc en plastique\u00a0: briques autobloquantes<\/li>\n<li>Mat\u00e9riel: Plastique<\/li>\n<li>Type de plastique : ABS<\/li>\n<li>Bricks Blocks:1971PCS<\/li>\n<li>Weight:2400g<\/li>\n<li>Contient des instructions de montage d\u00e9taill\u00e9es.<\/li>\n<\/ol>\n<p>Avis:<br \/>\n1. Sans bo\u00eete d&#039;origine, mais nous garantissons que nos produits ont une assurance qualit\u00e9 et un bel emballage.<br \/>\n2. Comme toutes les pi\u00e8ces que nous avons v\u00e9rifi\u00e9es avant l&#039;exp\u00e9dition, donc si vous trouvez des pi\u00e8ces manquantes ou endommag\u00e9es, ne vous inqui\u00e9tez pas et veuillez nous contacter et nous pouvons vous les renvoyer imm\u00e9diatement gratuitement.<\/p>\n<figure id=\"attachment_38213\" aria-describedby=\"caption-attachment-38213\" style=\"width: 1024px\" class=\"wp-caption aligncenter\"><img fetchpriority=\"high\" decoding=\"async\" class=\"wp-image-38213 size-large\" src=\"https:\/\/mouldking.store\/wp-content\/uploads\/2022\/12\/MOC-116798-Black-Falcons-Stronghold-1024x1024.png\" alt=\"MOC-116798 Black Falcon\u2019s Stronghold (BUNDLE) 31120-1 Alt. Build With 1971PCS\" width=\"1024\" height=\"1024\" title=\"-\" srcset=\"https:\/\/mouldking.store\/wp-content\/uploads\/2022\/12\/MOC-116798-Black-Falcons-Stronghold-1024x1024.png 1024w, https:\/\/mouldking.store\/wp-content\/uploads\/2022\/12\/MOC-116798-Black-Falcons-Stronghold-300x300.png 300w, https:\/\/mouldking.store\/wp-content\/uploads\/2022\/12\/MOC-116798-Black-Falcons-Stronghold-768x768.png 768w, https:\/\/mouldking.store\/wp-content\/uploads\/2022\/12\/MOC-116798-Black-Falcons-Stronghold-600x600.png 600w, https:\/\/mouldking.store\/wp-content\/uploads\/2022\/12\/MOC-116798-Black-Falcons-Stronghold-150x150.png 150w, https:\/\/mouldking.store\/wp-content\/uploads\/2022\/12\/MOC-116798-Black-Falcons-Stronghold-60x60.png 60w, https:\/\/mouldking.store\/wp-content\/uploads\/2022\/12\/MOC-116798-Black-Falcons-Stronghold-90x90.png 90w, https:\/\/mouldking.store\/wp-content\/uploads\/2022\/12\/MOC-116798-Black-Falcons-Stronghold.png 1095w\" sizes=\"(max-width: 1024px) 100vw, 1024px\" \/><figcaption id=\"caption-attachment-38213\" class=\"wp-caption-text\">MOC-116798 Black Falcon\u2019s Stronghold (BUNDLE) 31120-1 Alt. Build With 1971PCS<\/figcaption><\/figure>\n<figure id=\"attachment_38214\" aria-describedby=\"caption-attachment-38214\" style=\"width: 1024px\" class=\"wp-caption aligncenter\"><img decoding=\"async\" class=\"wp-image-38214 size-large\" src=\"https:\/\/mouldking.store\/wp-content\/uploads\/2022\/12\/Black-Falcons-Stronghold-BUNDLE-31120-1-Alt.-Build-MOC-116798-1-1024x1024.jpg\" alt=\"MOC-116798 Black Falcon\u2019s Stronghold (BUNDLE) 31120-1 Alt. Build With 1971PCS\" width=\"1024\" height=\"1024\" title=\"-\" srcset=\"https:\/\/mouldking.store\/wp-content\/uploads\/2022\/12\/Black-Falcons-Stronghold-BUNDLE-31120-1-Alt.-Build-MOC-116798-1-1024x1024.jpg 1024w, https:\/\/mouldking.store\/wp-content\/uploads\/2022\/12\/Black-Falcons-Stronghold-BUNDLE-31120-1-Alt.-Build-MOC-116798-1-300x300.jpg 300w, https:\/\/mouldking.store\/wp-content\/uploads\/2022\/12\/Black-Falcons-Stronghold-BUNDLE-31120-1-Alt.-Build-MOC-116798-1-768x768.jpg 768w, https:\/\/mouldking.store\/wp-content\/uploads\/2022\/12\/Black-Falcons-Stronghold-BUNDLE-31120-1-Alt.-Build-MOC-116798-1-600x600.jpg 600w, https:\/\/mouldking.store\/wp-content\/uploads\/2022\/12\/Black-Falcons-Stronghold-BUNDLE-31120-1-Alt.-Build-MOC-116798-1-150x150.jpg 150w, https:\/\/mouldking.store\/wp-content\/uploads\/2022\/12\/Black-Falcons-Stronghold-BUNDLE-31120-1-Alt.-Build-MOC-116798-1-60x60.jpg 60w, https:\/\/mouldking.store\/wp-content\/uploads\/2022\/12\/Black-Falcons-Stronghold-BUNDLE-31120-1-Alt.-Build-MOC-116798-1-90x90.jpg 90w, https:\/\/mouldking.store\/wp-content\/uploads\/2022\/12\/Black-Falcons-Stronghold-BUNDLE-31120-1-Alt.-Build-MOC-116798-1.jpg 1100w\" sizes=\"(max-width: 1024px) 100vw, 1024px\" \/><figcaption id=\"caption-attachment-38214\" class=\"wp-caption-text\">MOC-116798 Black Falcon\u2019s Stronghold (BUNDLE) 31120-1 Alt. Build With 1971PCS<\/figcaption><\/figure>\n<figure id=\"attachment_38215\" aria-describedby=\"caption-attachment-38215\" style=\"width: 1100px\" class=\"wp-caption aligncenter\"><img decoding=\"async\" class=\"wp-image-38215 size-full\" src=\"https:\/\/mouldking.store\/wp-content\/uploads\/2022\/12\/Black-Falcons-Stronghold-BUNDLE-31120-1-Alt.-Build-MOC-116798-2.jpg\" alt=\"MOC-116798 Black Falcon\u2019s Stronghold (BUNDLE) 31120-1 Alt. Build With 1971PCS\" width=\"1100\" height=\"1100\" title=\"-\" srcset=\"https:\/\/mouldking.store\/wp-content\/uploads\/2022\/12\/Black-Falcons-Stronghold-BUNDLE-31120-1-Alt.-Build-MOC-116798-2.jpg 1100w, https:\/\/mouldking.store\/wp-content\/uploads\/2022\/12\/Black-Falcons-Stronghold-BUNDLE-31120-1-Alt.-Build-MOC-116798-2-300x300.jpg 300w, https:\/\/mouldking.store\/wp-content\/uploads\/2022\/12\/Black-Falcons-Stronghold-BUNDLE-31120-1-Alt.-Build-MOC-116798-2-1024x1024.jpg 1024w, https:\/\/mouldking.store\/wp-content\/uploads\/2022\/12\/Black-Falcons-Stronghold-BUNDLE-31120-1-Alt.-Build-MOC-116798-2-768x768.jpg 768w, https:\/\/mouldking.store\/wp-content\/uploads\/2022\/12\/Black-Falcons-Stronghold-BUNDLE-31120-1-Alt.-Build-MOC-116798-2-600x600.jpg 600w, https:\/\/mouldking.store\/wp-content\/uploads\/2022\/12\/Black-Falcons-Stronghold-BUNDLE-31120-1-Alt.-Build-MOC-116798-2-150x150.jpg 150w, https:\/\/mouldking.store\/wp-content\/uploads\/2022\/12\/Black-Falcons-Stronghold-BUNDLE-31120-1-Alt.-Build-MOC-116798-2-60x60.jpg 60w, https:\/\/mouldking.store\/wp-content\/uploads\/2022\/12\/Black-Falcons-Stronghold-BUNDLE-31120-1-Alt.-Build-MOC-116798-2-90x90.jpg 90w\" sizes=\"(max-width: 1100px) 100vw, 1100px\" \/><figcaption id=\"caption-attachment-38215\" class=\"wp-caption-text\">MOC-116798 Black Falcon\u2019s Stronghold (BUNDLE) 31120-1 Alt. Build With 1971PCS<\/figcaption><\/figure>\n<figure id=\"attachment_38216\" aria-describedby=\"caption-attachment-38216\" style=\"width: 1024px\" class=\"wp-caption aligncenter\"><img loading=\"lazy\" decoding=\"async\" class=\"wp-image-38216 size-large\" src=\"https:\/\/mouldking.store\/wp-content\/uploads\/2022\/12\/Black-Falcons-Stronghold-BUNDLE-31120-1-Alt.-Build-MOC-116798-3-1024x1024.jpg\" alt=\"MOC-116798 Black Falcon\u2019s Stronghold (BUNDLE) 31120-1 Alt. Build With 1971PCS\" width=\"1024\" height=\"1024\" title=\"-\" srcset=\"https:\/\/mouldking.store\/wp-content\/uploads\/2022\/12\/Black-Falcons-Stronghold-BUNDLE-31120-1-Alt.-Build-MOC-116798-3-1024x1024.jpg 1024w, https:\/\/mouldking.store\/wp-content\/uploads\/2022\/12\/Black-Falcons-Stronghold-BUNDLE-31120-1-Alt.-Build-MOC-116798-3-300x300.jpg 300w, https:\/\/mouldking.store\/wp-content\/uploads\/2022\/12\/Black-Falcons-Stronghold-BUNDLE-31120-1-Alt.-Build-MOC-116798-3-768x768.jpg 768w, https:\/\/mouldking.store\/wp-content\/uploads\/2022\/12\/Black-Falcons-Stronghold-BUNDLE-31120-1-Alt.-Build-MOC-116798-3-600x600.jpg 600w, https:\/\/mouldking.store\/wp-content\/uploads\/2022\/12\/Black-Falcons-Stronghold-BUNDLE-31120-1-Alt.-Build-MOC-116798-3-150x150.jpg 150w, https:\/\/mouldking.store\/wp-content\/uploads\/2022\/12\/Black-Falcons-Stronghold-BUNDLE-31120-1-Alt.-Build-MOC-116798-3-60x60.jpg 60w, https:\/\/mouldking.store\/wp-content\/uploads\/2022\/12\/Black-Falcons-Stronghold-BUNDLE-31120-1-Alt.-Build-MOC-116798-3-90x90.jpg 90w, https:\/\/mouldking.store\/wp-content\/uploads\/2022\/12\/Black-Falcons-Stronghold-BUNDLE-31120-1-Alt.-Build-MOC-116798-3.jpg 1100w\" sizes=\"(max-width: 1024px) 100vw, 1024px\" \/><figcaption id=\"caption-attachment-38216\" class=\"wp-caption-text\">MOC-116798 Black Falcon\u2019s Stronghold (BUNDLE) 31120-1 Alt. Build With 1971PCS<\/figcaption><\/figure>","protected":false},"excerpt":{"rendered":"<p>Instructions de construction PDF<\/p>\n<p>Sans bo\u00eete d&#039;origine<\/p>\n<p>Temps d&#039;arrangement\u00a0: 4 \u00e0 8\u00a0semaines<\/p>","protected":false},"featured_media":38213,"comment_status":"closed","ping_status":"closed","template":"","meta":{"_acf_changed":false},"product_cat":[1365,1395,1406],"product_tag":[9616,9620,9617,9634,9636,9637,9635,9633,8583,430,9631,9638,9630,9632],"class_list":["product","first","instock","shipping-taxable","purchasable","product-type-simple"],"acf":[],"_links":{"self":[{"href":"https:\/\/mouldking.store\/fr\/wp-json\/wp\/v2\/product\/38211","targetHints":{"allow":["GET"]}}],"collection":[{"href":"https:\/\/mouldking.store\/fr\/wp-json\/wp\/v2\/product"}],"about":[{"href":"https:\/\/mouldking.store\/fr\/wp-json\/wp\/v2\/types\/product"}],"replies":[{"embeddable":true,"href":"https:\/\/mouldking.store\/fr\/wp-json\/wp\/v2\/comments?post=38211"}],"wp:featuredmedia":[{"embeddable":true,"href":"https:\/\/mouldking.store\/fr\/wp-json\/wp\/v2\/media\/38213"}],"wp:attachment":[{"href":"https:\/\/mouldking.store\/fr\/wp-json\/wp\/v2\/media?parent=38211"}],"wp:term":[{"taxonomy":"product_cat","embeddable":true,"href":"https:\/\/mouldking.store\/fr\/wp-json\/wp\/v2\/product_cat?post=38211"},{"taxonomy":"product_tag","embeddable":true,"href":"https:\/\/mouldking.store\/fr\/wp-json\/wp\/v2\/product_tag?post=38211"}],"curies":[{"name":"wp","href":"https:\/\/api.w.org\/{rel}","templated":true}]}}