{"id":38254,"date":"2022-12-21T11:46:16","date_gmt":"2022-12-21T04:46:16","guid":{"rendered":"https:\/\/mouldking.store\/?post_type=product&#038;p=38254"},"modified":"2025-12-25T09:12:04","modified_gmt":"2025-12-25T02:12:04","slug":"moc-100267-f10-racing-car-with-250-pieces","status":"publish","type":"product","link":"https:\/\/mouldking.store\/fr\/shop\/moc-100267-f10-racing-car-with-250-pieces\/","title":{"rendered":"MOC-100267 Voiture de course F10 avec 250 pi\u00e8ces"},"content":{"rendered":"<ol>\n<li>Marque : MOC<\/li>\n<li>Genre: Unisexe<\/li>\n<li>Name: F10 Racing Car<\/li>\n<li>Tranche d&#039;\u00e2ge : &gt; 6 ans<\/li>\n<li>Model Number: 100267<\/li>\n<li>Classement : Assemblage<\/li>\n<li>Forme de bloc en plastique\u00a0: briques autobloquantes<\/li>\n<li>Mat\u00e9riel: Plastique<\/li>\n<li>Type de plastique : ABS<\/li>\n<li>Bricks Blocks:250 PCS<\/li>\n<li>Poids\u00a0: 300\u00a0g<\/li>\n<li>Contient des instructions de montage d\u00e9taill\u00e9es.<\/li>\n<\/ol>\n<p>Avis:<br \/>\n1. Sans bo\u00eete d&#039;origine, mais nous garantissons que nos produits ont une assurance qualit\u00e9 et un bel emballage.<br \/>\n2. Comme toutes les pi\u00e8ces que nous avons v\u00e9rifi\u00e9es avant l&#039;exp\u00e9dition, donc si vous trouvez des pi\u00e8ces manquantes ou endommag\u00e9es, ne vous inqui\u00e9tez pas et veuillez nous contacter et nous pouvons vous les renvoyer imm\u00e9diatement gratuitement.<\/p>\n<figure id=\"attachment_38256\" aria-describedby=\"caption-attachment-38256\" style=\"width: 1024px\" class=\"wp-caption aligncenter\"><img fetchpriority=\"high\" decoding=\"async\" class=\"wp-image-38256 size-large\" src=\"https:\/\/mouldking.store\/wp-content\/uploads\/2022\/12\/MOC-100267-Technic-F10-Racing-Car-MOC-FACTORY-1024x1024.png\" alt=\"MOC-100267 F10 Racing Car With 250 Pieces\" width=\"1024\" height=\"1024\" title=\"-\" srcset=\"https:\/\/mouldking.store\/wp-content\/uploads\/2022\/12\/MOC-100267-Technic-F10-Racing-Car-MOC-FACTORY-1024x1024.png 1024w, https:\/\/mouldking.store\/wp-content\/uploads\/2022\/12\/MOC-100267-Technic-F10-Racing-Car-MOC-FACTORY-300x300.png 300w, https:\/\/mouldking.store\/wp-content\/uploads\/2022\/12\/MOC-100267-Technic-F10-Racing-Car-MOC-FACTORY-768x768.png 768w, https:\/\/mouldking.store\/wp-content\/uploads\/2022\/12\/MOC-100267-Technic-F10-Racing-Car-MOC-FACTORY-600x600.png 600w, https:\/\/mouldking.store\/wp-content\/uploads\/2022\/12\/MOC-100267-Technic-F10-Racing-Car-MOC-FACTORY-150x150.png 150w, https:\/\/mouldking.store\/wp-content\/uploads\/2022\/12\/MOC-100267-Technic-F10-Racing-Car-MOC-FACTORY-60x60.png 60w, https:\/\/mouldking.store\/wp-content\/uploads\/2022\/12\/MOC-100267-Technic-F10-Racing-Car-MOC-FACTORY-90x90.png 90w, https:\/\/mouldking.store\/wp-content\/uploads\/2022\/12\/MOC-100267-Technic-F10-Racing-Car-MOC-FACTORY.png 1095w\" sizes=\"(max-width: 1024px) 100vw, 1024px\" \/><figcaption id=\"caption-attachment-38256\" class=\"wp-caption-text\">MOC-100267 Voiture de course F10 avec 250 pi\u00e8ces<\/figcaption><\/figure>\n<figure id=\"attachment_38257\" aria-describedby=\"caption-attachment-38257\" style=\"width: 1024px\" class=\"wp-caption aligncenter\"><img decoding=\"async\" class=\"wp-image-38257 size-large\" src=\"https:\/\/mouldking.store\/wp-content\/uploads\/2022\/12\/F10-Racing-Car-MOC-100267-1-1024x1024.jpg\" alt=\"MOC-100267 F10 Racing Car With 250 Pieces\" width=\"1024\" height=\"1024\" title=\"-\" srcset=\"https:\/\/mouldking.store\/wp-content\/uploads\/2022\/12\/F10-Racing-Car-MOC-100267-1-1024x1024.jpg 1024w, https:\/\/mouldking.store\/wp-content\/uploads\/2022\/12\/F10-Racing-Car-MOC-100267-1-300x300.jpg 300w, https:\/\/mouldking.store\/wp-content\/uploads\/2022\/12\/F10-Racing-Car-MOC-100267-1-768x768.jpg 768w, https:\/\/mouldking.store\/wp-content\/uploads\/2022\/12\/F10-Racing-Car-MOC-100267-1-600x600.jpg 600w, https:\/\/mouldking.store\/wp-content\/uploads\/2022\/12\/F10-Racing-Car-MOC-100267-1-150x150.jpg 150w, https:\/\/mouldking.store\/wp-content\/uploads\/2022\/12\/F10-Racing-Car-MOC-100267-1-60x60.jpg 60w, https:\/\/mouldking.store\/wp-content\/uploads\/2022\/12\/F10-Racing-Car-MOC-100267-1-90x90.jpg 90w, https:\/\/mouldking.store\/wp-content\/uploads\/2022\/12\/F10-Racing-Car-MOC-100267-1.jpg 1100w\" sizes=\"(max-width: 1024px) 100vw, 1024px\" \/><figcaption id=\"caption-attachment-38257\" class=\"wp-caption-text\">MOC-100267 Voiture de course F10 avec 250 pi\u00e8ces<\/figcaption><\/figure>\n<figure id=\"attachment_38258\" aria-describedby=\"caption-attachment-38258\" style=\"width: 1024px\" class=\"wp-caption aligncenter\"><img decoding=\"async\" class=\"wp-image-38258 size-large\" src=\"https:\/\/mouldking.store\/wp-content\/uploads\/2022\/12\/F10-Racing-Car-MOC-100267-2-1024x1024.jpg\" alt=\"MOC-100267 F10 Racing Car With 250 Pieces\" width=\"1024\" height=\"1024\" title=\"-\" srcset=\"https:\/\/mouldking.store\/wp-content\/uploads\/2022\/12\/F10-Racing-Car-MOC-100267-2-1024x1024.jpg 1024w, https:\/\/mouldking.store\/wp-content\/uploads\/2022\/12\/F10-Racing-Car-MOC-100267-2-300x300.jpg 300w, https:\/\/mouldking.store\/wp-content\/uploads\/2022\/12\/F10-Racing-Car-MOC-100267-2-768x768.jpg 768w, https:\/\/mouldking.store\/wp-content\/uploads\/2022\/12\/F10-Racing-Car-MOC-100267-2-600x600.jpg 600w, https:\/\/mouldking.store\/wp-content\/uploads\/2022\/12\/F10-Racing-Car-MOC-100267-2-150x150.jpg 150w, https:\/\/mouldking.store\/wp-content\/uploads\/2022\/12\/F10-Racing-Car-MOC-100267-2-60x60.jpg 60w, https:\/\/mouldking.store\/wp-content\/uploads\/2022\/12\/F10-Racing-Car-MOC-100267-2-90x90.jpg 90w, https:\/\/mouldking.store\/wp-content\/uploads\/2022\/12\/F10-Racing-Car-MOC-100267-2.jpg 1100w\" sizes=\"(max-width: 1024px) 100vw, 1024px\" \/><figcaption id=\"caption-attachment-38258\" class=\"wp-caption-text\">MOC-100267 Voiture de course F10 avec 250 pi\u00e8ces<\/figcaption><\/figure>\n<figure id=\"attachment_38259\" aria-describedby=\"caption-attachment-38259\" style=\"width: 1024px\" class=\"wp-caption aligncenter\"><img loading=\"lazy\" decoding=\"async\" class=\"wp-image-38259 size-large\" src=\"https:\/\/mouldking.store\/wp-content\/uploads\/2022\/12\/F10-Racing-Car-MOC-100267-3-1024x1024.jpg\" alt=\"MOC-100267 F10 Racing Car With 250 Pieces\" width=\"1024\" height=\"1024\" title=\"-\" srcset=\"https:\/\/mouldking.store\/wp-content\/uploads\/2022\/12\/F10-Racing-Car-MOC-100267-3-1024x1024.jpg 1024w, https:\/\/mouldking.store\/wp-content\/uploads\/2022\/12\/F10-Racing-Car-MOC-100267-3-300x300.jpg 300w, https:\/\/mouldking.store\/wp-content\/uploads\/2022\/12\/F10-Racing-Car-MOC-100267-3-768x768.jpg 768w, https:\/\/mouldking.store\/wp-content\/uploads\/2022\/12\/F10-Racing-Car-MOC-100267-3-600x600.jpg 600w, https:\/\/mouldking.store\/wp-content\/uploads\/2022\/12\/F10-Racing-Car-MOC-100267-3-150x150.jpg 150w, https:\/\/mouldking.store\/wp-content\/uploads\/2022\/12\/F10-Racing-Car-MOC-100267-3-60x60.jpg 60w, https:\/\/mouldking.store\/wp-content\/uploads\/2022\/12\/F10-Racing-Car-MOC-100267-3-90x90.jpg 90w, https:\/\/mouldking.store\/wp-content\/uploads\/2022\/12\/F10-Racing-Car-MOC-100267-3.jpg 1100w\" sizes=\"(max-width: 1024px) 100vw, 1024px\" \/><figcaption id=\"caption-attachment-38259\" class=\"wp-caption-text\">MOC-100267 Voiture de course F10 avec 250 pi\u00e8ces<\/figcaption><\/figure>\n<figure id=\"attachment_38260\" aria-describedby=\"caption-attachment-38260\" style=\"width: 1024px\" class=\"wp-caption aligncenter\"><img loading=\"lazy\" decoding=\"async\" class=\"wp-image-38260 size-large\" src=\"https:\/\/mouldking.store\/wp-content\/uploads\/2022\/12\/F10-Racing-Car-MOC-100267-4-1024x1024.jpg\" alt=\"MOC-100267 F10 Racing Car With 250 Pieces\" width=\"1024\" height=\"1024\" title=\"-\" srcset=\"https:\/\/mouldking.store\/wp-content\/uploads\/2022\/12\/F10-Racing-Car-MOC-100267-4-1024x1024.jpg 1024w, https:\/\/mouldking.store\/wp-content\/uploads\/2022\/12\/F10-Racing-Car-MOC-100267-4-300x300.jpg 300w, https:\/\/mouldking.store\/wp-content\/uploads\/2022\/12\/F10-Racing-Car-MOC-100267-4-768x768.jpg 768w, https:\/\/mouldking.store\/wp-content\/uploads\/2022\/12\/F10-Racing-Car-MOC-100267-4-600x600.jpg 600w, https:\/\/mouldking.store\/wp-content\/uploads\/2022\/12\/F10-Racing-Car-MOC-100267-4-150x150.jpg 150w, https:\/\/mouldking.store\/wp-content\/uploads\/2022\/12\/F10-Racing-Car-MOC-100267-4-60x60.jpg 60w, https:\/\/mouldking.store\/wp-content\/uploads\/2022\/12\/F10-Racing-Car-MOC-100267-4-90x90.jpg 90w, https:\/\/mouldking.store\/wp-content\/uploads\/2022\/12\/F10-Racing-Car-MOC-100267-4.jpg 1100w\" sizes=\"(max-width: 1024px) 100vw, 1024px\" \/><figcaption id=\"caption-attachment-38260\" class=\"wp-caption-text\">MOC-100267 Voiture de course F10 avec 250 pi\u00e8ces<\/figcaption><\/figure>\n<figure id=\"attachment_38261\" aria-describedby=\"caption-attachment-38261\" style=\"width: 1024px\" class=\"wp-caption aligncenter\"><img loading=\"lazy\" decoding=\"async\" class=\"wp-image-38261 size-large\" src=\"https:\/\/mouldking.store\/wp-content\/uploads\/2022\/12\/F10-Racing-Car-MOC-100267-5-1024x1024.jpg\" alt=\"MOC-100267 F10 Racing Car With 250 Pieces\" width=\"1024\" height=\"1024\" title=\"-\" srcset=\"https:\/\/mouldking.store\/wp-content\/uploads\/2022\/12\/F10-Racing-Car-MOC-100267-5-1024x1024.jpg 1024w, https:\/\/mouldking.store\/wp-content\/uploads\/2022\/12\/F10-Racing-Car-MOC-100267-5-300x300.jpg 300w, https:\/\/mouldking.store\/wp-content\/uploads\/2022\/12\/F10-Racing-Car-MOC-100267-5-768x768.jpg 768w, https:\/\/mouldking.store\/wp-content\/uploads\/2022\/12\/F10-Racing-Car-MOC-100267-5-600x600.jpg 600w, https:\/\/mouldking.store\/wp-content\/uploads\/2022\/12\/F10-Racing-Car-MOC-100267-5-150x150.jpg 150w, https:\/\/mouldking.store\/wp-content\/uploads\/2022\/12\/F10-Racing-Car-MOC-100267-5-60x60.jpg 60w, https:\/\/mouldking.store\/wp-content\/uploads\/2022\/12\/F10-Racing-Car-MOC-100267-5-90x90.jpg 90w, https:\/\/mouldking.store\/wp-content\/uploads\/2022\/12\/F10-Racing-Car-MOC-100267-5.jpg 1100w\" sizes=\"(max-width: 1024px) 100vw, 1024px\" \/><figcaption id=\"caption-attachment-38261\" class=\"wp-caption-text\">MOC-100267 Voiture de course F10 avec 250 pi\u00e8ces<\/figcaption><\/figure>","protected":false},"excerpt":{"rendered":"<p>Instructions de construction PDF<\/p>\n<p>Sans bo\u00eete d&#039;origine<\/p>\n<p>Temps d&#039;arrangement\u00a0: 4 \u00e0 8\u00a0semaines<\/p>","protected":false},"author":1145,"featured_media":38256,"comment_status":"closed","ping_status":"closed","template":"","meta":{"_acf_changed":false},"product_cat":[1357,1406],"product_tag":[457,9674,9675,430,9673,9676,9672,480],"class_list":["product","first","instock","shipping-taxable","purchasable","product-type-simple"],"acf":[],"_links":{"self":[{"href":"https:\/\/mouldking.store\/fr\/wp-json\/wp\/v2\/product\/38254","targetHints":{"allow":["GET"]}}],"collection":[{"href":"https:\/\/mouldking.store\/fr\/wp-json\/wp\/v2\/product"}],"about":[{"href":"https:\/\/mouldking.store\/fr\/wp-json\/wp\/v2\/types\/product"}],"author":[{"embeddable":true,"href":"https:\/\/mouldking.store\/fr\/wp-json\/wp\/v2\/users\/1145"}],"replies":[{"embeddable":true,"href":"https:\/\/mouldking.store\/fr\/wp-json\/wp\/v2\/comments?post=38254"}],"wp:featuredmedia":[{"embeddable":true,"href":"https:\/\/mouldking.store\/fr\/wp-json\/wp\/v2\/media\/38256"}],"wp:attachment":[{"href":"https:\/\/mouldking.store\/fr\/wp-json\/wp\/v2\/media?parent=38254"}],"wp:term":[{"taxonomy":"product_cat","embeddable":true,"href":"https:\/\/mouldking.store\/fr\/wp-json\/wp\/v2\/product_cat?post=38254"},{"taxonomy":"product_tag","embeddable":true,"href":"https:\/\/mouldking.store\/fr\/wp-json\/wp\/v2\/product_tag?post=38254"}],"curies":[{"name":"wp","href":"https:\/\/api.w.org\/{rel}","templated":true}]}}