{"id":38255,"date":"2022-12-21T11:55:37","date_gmt":"2022-12-21T04:55:37","guid":{"rendered":"https:\/\/mouldking.store\/?post_type=product&#038;p=38255"},"modified":"2025-12-25T09:12:04","modified_gmt":"2025-12-25T02:12:04","slug":"moc-99548-f1-ferrari-412-t1-with-202-pieces","status":"publish","type":"product","link":"https:\/\/mouldking.store\/fr\/shop\/moc-99548-f1-ferrari-412-t1-with-202-pieces\/","title":{"rendered":"MOC-99548 F1 Ferrari 412 T1 avec 202 pi\u00e8ces"},"content":{"rendered":"<ol>\n<li>Marque : MOC<\/li>\n<li>Genre: Unisexe<\/li>\n<li>Nom : F1 Ferrari 412 T1<\/li>\n<li>Tranche d&#039;\u00e2ge : &gt; 6 ans<\/li>\n<li>Num\u00e9ro de mod\u00e8le: 99548<\/li>\n<li>Classement : Assemblage<\/li>\n<li>Forme de bloc en plastique\u00a0: briques autobloquantes<\/li>\n<li>Mat\u00e9riel: Plastique<\/li>\n<li>Type de plastique : ABS<\/li>\n<li>Blocs de briques : 202 pi\u00e8ces<\/li>\n<li>Poids\u00a0: 300\u00a0g<\/li>\n<li>Contient des instructions de montage d\u00e9taill\u00e9es.<\/li>\n<\/ol>\n<p>Avis:<br \/>\n1. Sans bo\u00eete d&#039;origine, mais nous garantissons que nos produits ont une assurance qualit\u00e9 et un bel emballage.<br \/>\n2. Comme toutes les pi\u00e8ces que nous avons v\u00e9rifi\u00e9es avant l&#039;exp\u00e9dition, donc si vous trouvez des pi\u00e8ces manquantes ou endommag\u00e9es, ne vous inqui\u00e9tez pas et veuillez nous contacter et nous pouvons vous les renvoyer imm\u00e9diatement gratuitement.<\/p>\n<figure id=\"attachment_38263\" aria-describedby=\"caption-attachment-38263\" style=\"width: 1024px\" class=\"wp-caption aligncenter\"><img fetchpriority=\"high\" decoding=\"async\" class=\"wp-image-38263 size-large\" src=\"https:\/\/mouldking.store\/wp-content\/uploads\/2022\/12\/MOC-99548-Technic-F1-Ferrari-412-T1-MOC-FACTORY-1024x1024.png\" alt=\"MOC-99548 F1 Ferrari 412 T1 With 202 Pieces\" width=\"1024\" height=\"1024\" title=\"-\" srcset=\"https:\/\/mouldking.store\/wp-content\/uploads\/2022\/12\/MOC-99548-Technic-F1-Ferrari-412-T1-MOC-FACTORY-1024x1024.png 1024w, https:\/\/mouldking.store\/wp-content\/uploads\/2022\/12\/MOC-99548-Technic-F1-Ferrari-412-T1-MOC-FACTORY-300x300.png 300w, https:\/\/mouldking.store\/wp-content\/uploads\/2022\/12\/MOC-99548-Technic-F1-Ferrari-412-T1-MOC-FACTORY-768x768.png 768w, https:\/\/mouldking.store\/wp-content\/uploads\/2022\/12\/MOC-99548-Technic-F1-Ferrari-412-T1-MOC-FACTORY-600x600.png 600w, https:\/\/mouldking.store\/wp-content\/uploads\/2022\/12\/MOC-99548-Technic-F1-Ferrari-412-T1-MOC-FACTORY-150x150.png 150w, https:\/\/mouldking.store\/wp-content\/uploads\/2022\/12\/MOC-99548-Technic-F1-Ferrari-412-T1-MOC-FACTORY-60x60.png 60w, https:\/\/mouldking.store\/wp-content\/uploads\/2022\/12\/MOC-99548-Technic-F1-Ferrari-412-T1-MOC-FACTORY-90x90.png 90w, https:\/\/mouldking.store\/wp-content\/uploads\/2022\/12\/MOC-99548-Technic-F1-Ferrari-412-T1-MOC-FACTORY.png 1095w\" sizes=\"(max-width: 1024px) 100vw, 1024px\" \/><figcaption id=\"caption-attachment-38263\" class=\"wp-caption-text\">MOC-99548 F1 Ferrari 412 T1 avec 202 pi\u00e8ces<\/figcaption><\/figure>\n<figure id=\"attachment_38264\" aria-describedby=\"caption-attachment-38264\" style=\"width: 1024px\" class=\"wp-caption aligncenter\"><img decoding=\"async\" class=\"wp-image-38264 size-large\" src=\"https:\/\/mouldking.store\/wp-content\/uploads\/2022\/12\/F1-Ferrari-412-T1-MOC-99548-1-1024x1024.jpg\" alt=\"MOC-99548 F1 Ferrari 412 T1 With 202 Pieces\" width=\"1024\" height=\"1024\" title=\"-\" srcset=\"https:\/\/mouldking.store\/wp-content\/uploads\/2022\/12\/F1-Ferrari-412-T1-MOC-99548-1-1024x1024.jpg 1024w, https:\/\/mouldking.store\/wp-content\/uploads\/2022\/12\/F1-Ferrari-412-T1-MOC-99548-1-300x300.jpg 300w, https:\/\/mouldking.store\/wp-content\/uploads\/2022\/12\/F1-Ferrari-412-T1-MOC-99548-1-768x768.jpg 768w, https:\/\/mouldking.store\/wp-content\/uploads\/2022\/12\/F1-Ferrari-412-T1-MOC-99548-1-600x600.jpg 600w, https:\/\/mouldking.store\/wp-content\/uploads\/2022\/12\/F1-Ferrari-412-T1-MOC-99548-1-150x150.jpg 150w, https:\/\/mouldking.store\/wp-content\/uploads\/2022\/12\/F1-Ferrari-412-T1-MOC-99548-1-60x60.jpg 60w, https:\/\/mouldking.store\/wp-content\/uploads\/2022\/12\/F1-Ferrari-412-T1-MOC-99548-1-90x90.jpg 90w, https:\/\/mouldking.store\/wp-content\/uploads\/2022\/12\/F1-Ferrari-412-T1-MOC-99548-1.jpg 1100w\" sizes=\"(max-width: 1024px) 100vw, 1024px\" \/><figcaption id=\"caption-attachment-38264\" class=\"wp-caption-text\">MOC-99548 F1 Ferrari 412 T1 avec 202 pi\u00e8ces<\/figcaption><\/figure>\n<figure id=\"attachment_38265\" aria-describedby=\"caption-attachment-38265\" style=\"width: 1024px\" class=\"wp-caption aligncenter\"><img decoding=\"async\" class=\"wp-image-38265 size-large\" src=\"https:\/\/mouldking.store\/wp-content\/uploads\/2022\/12\/F1-Ferrari-412-T1-MOC-99548-2-1024x1024.jpg\" alt=\"MOC-99548 F1 Ferrari 412 T1 With 202 Pieces\" width=\"1024\" height=\"1024\" title=\"-\" srcset=\"https:\/\/mouldking.store\/wp-content\/uploads\/2022\/12\/F1-Ferrari-412-T1-MOC-99548-2-1024x1024.jpg 1024w, https:\/\/mouldking.store\/wp-content\/uploads\/2022\/12\/F1-Ferrari-412-T1-MOC-99548-2-300x300.jpg 300w, https:\/\/mouldking.store\/wp-content\/uploads\/2022\/12\/F1-Ferrari-412-T1-MOC-99548-2-768x768.jpg 768w, https:\/\/mouldking.store\/wp-content\/uploads\/2022\/12\/F1-Ferrari-412-T1-MOC-99548-2-600x600.jpg 600w, https:\/\/mouldking.store\/wp-content\/uploads\/2022\/12\/F1-Ferrari-412-T1-MOC-99548-2-150x150.jpg 150w, https:\/\/mouldking.store\/wp-content\/uploads\/2022\/12\/F1-Ferrari-412-T1-MOC-99548-2-60x60.jpg 60w, https:\/\/mouldking.store\/wp-content\/uploads\/2022\/12\/F1-Ferrari-412-T1-MOC-99548-2-90x90.jpg 90w, https:\/\/mouldking.store\/wp-content\/uploads\/2022\/12\/F1-Ferrari-412-T1-MOC-99548-2.jpg 1100w\" sizes=\"(max-width: 1024px) 100vw, 1024px\" \/><figcaption id=\"caption-attachment-38265\" class=\"wp-caption-text\">MOC-99548 F1 Ferrari 412 T1 avec 202 pi\u00e8ces<\/figcaption><\/figure>\n<figure id=\"attachment_38266\" aria-describedby=\"caption-attachment-38266\" style=\"width: 1024px\" class=\"wp-caption aligncenter\"><img loading=\"lazy\" decoding=\"async\" class=\"wp-image-38266 size-large\" src=\"https:\/\/mouldking.store\/wp-content\/uploads\/2022\/12\/F1-Ferrari-412-T1-MOC-99548-3-1024x1024.jpg\" alt=\"MOC-99548 F1 Ferrari 412 T1 With 202 Pieces\" width=\"1024\" height=\"1024\" title=\"-\" srcset=\"https:\/\/mouldking.store\/wp-content\/uploads\/2022\/12\/F1-Ferrari-412-T1-MOC-99548-3-1024x1024.jpg 1024w, https:\/\/mouldking.store\/wp-content\/uploads\/2022\/12\/F1-Ferrari-412-T1-MOC-99548-3-300x300.jpg 300w, https:\/\/mouldking.store\/wp-content\/uploads\/2022\/12\/F1-Ferrari-412-T1-MOC-99548-3-768x768.jpg 768w, https:\/\/mouldking.store\/wp-content\/uploads\/2022\/12\/F1-Ferrari-412-T1-MOC-99548-3-600x600.jpg 600w, https:\/\/mouldking.store\/wp-content\/uploads\/2022\/12\/F1-Ferrari-412-T1-MOC-99548-3-150x150.jpg 150w, https:\/\/mouldking.store\/wp-content\/uploads\/2022\/12\/F1-Ferrari-412-T1-MOC-99548-3-60x60.jpg 60w, https:\/\/mouldking.store\/wp-content\/uploads\/2022\/12\/F1-Ferrari-412-T1-MOC-99548-3-90x90.jpg 90w, https:\/\/mouldking.store\/wp-content\/uploads\/2022\/12\/F1-Ferrari-412-T1-MOC-99548-3.jpg 1100w\" sizes=\"(max-width: 1024px) 100vw, 1024px\" \/><figcaption id=\"caption-attachment-38266\" class=\"wp-caption-text\">MOC-99548 F1 Ferrari 412 T1 avec 202 pi\u00e8ces<\/figcaption><\/figure>\n<figure id=\"attachment_38267\" aria-describedby=\"caption-attachment-38267\" style=\"width: 1024px\" class=\"wp-caption aligncenter\"><img loading=\"lazy\" decoding=\"async\" class=\"wp-image-38267 size-large\" src=\"https:\/\/mouldking.store\/wp-content\/uploads\/2022\/12\/F1-Ferrari-412-T1-MOC-99548-4-1024x1024.jpg\" alt=\"MOC-99548 F1 Ferrari 412 T1 With 202 Pieces\" width=\"1024\" height=\"1024\" title=\"-\" srcset=\"https:\/\/mouldking.store\/wp-content\/uploads\/2022\/12\/F1-Ferrari-412-T1-MOC-99548-4-1024x1024.jpg 1024w, https:\/\/mouldking.store\/wp-content\/uploads\/2022\/12\/F1-Ferrari-412-T1-MOC-99548-4-300x300.jpg 300w, https:\/\/mouldking.store\/wp-content\/uploads\/2022\/12\/F1-Ferrari-412-T1-MOC-99548-4-768x768.jpg 768w, https:\/\/mouldking.store\/wp-content\/uploads\/2022\/12\/F1-Ferrari-412-T1-MOC-99548-4-600x600.jpg 600w, https:\/\/mouldking.store\/wp-content\/uploads\/2022\/12\/F1-Ferrari-412-T1-MOC-99548-4-150x150.jpg 150w, https:\/\/mouldking.store\/wp-content\/uploads\/2022\/12\/F1-Ferrari-412-T1-MOC-99548-4-60x60.jpg 60w, https:\/\/mouldking.store\/wp-content\/uploads\/2022\/12\/F1-Ferrari-412-T1-MOC-99548-4-90x90.jpg 90w, https:\/\/mouldking.store\/wp-content\/uploads\/2022\/12\/F1-Ferrari-412-T1-MOC-99548-4.jpg 1100w\" sizes=\"(max-width: 1024px) 100vw, 1024px\" \/><figcaption id=\"caption-attachment-38267\" class=\"wp-caption-text\">MOC-99548 F1 Ferrari 412 T1 avec 202 pi\u00e8ces<\/figcaption><\/figure>\n<figure id=\"attachment_38268\" aria-describedby=\"caption-attachment-38268\" style=\"width: 1024px\" class=\"wp-caption aligncenter\"><img loading=\"lazy\" decoding=\"async\" class=\"wp-image-38268 size-large\" src=\"https:\/\/mouldking.store\/wp-content\/uploads\/2022\/12\/F1-Ferrari-412-T1-MOC-99548-5-1024x1024.jpg\" alt=\"MOC-99548 F1 Ferrari 412 T1 With 202 Pieces\" width=\"1024\" height=\"1024\" title=\"-\" srcset=\"https:\/\/mouldking.store\/wp-content\/uploads\/2022\/12\/F1-Ferrari-412-T1-MOC-99548-5-1024x1024.jpg 1024w, https:\/\/mouldking.store\/wp-content\/uploads\/2022\/12\/F1-Ferrari-412-T1-MOC-99548-5-300x300.jpg 300w, https:\/\/mouldking.store\/wp-content\/uploads\/2022\/12\/F1-Ferrari-412-T1-MOC-99548-5-768x768.jpg 768w, https:\/\/mouldking.store\/wp-content\/uploads\/2022\/12\/F1-Ferrari-412-T1-MOC-99548-5-600x600.jpg 600w, https:\/\/mouldking.store\/wp-content\/uploads\/2022\/12\/F1-Ferrari-412-T1-MOC-99548-5-150x150.jpg 150w, https:\/\/mouldking.store\/wp-content\/uploads\/2022\/12\/F1-Ferrari-412-T1-MOC-99548-5-60x60.jpg 60w, https:\/\/mouldking.store\/wp-content\/uploads\/2022\/12\/F1-Ferrari-412-T1-MOC-99548-5-90x90.jpg 90w, https:\/\/mouldking.store\/wp-content\/uploads\/2022\/12\/F1-Ferrari-412-T1-MOC-99548-5.jpg 1100w\" sizes=\"(max-width: 1024px) 100vw, 1024px\" \/><figcaption id=\"caption-attachment-38268\" class=\"wp-caption-text\">MOC-99548 F1 Ferrari 412 T1 avec 202 pi\u00e8ces<\/figcaption><\/figure>","protected":false},"excerpt":{"rendered":"<p>Instructions de construction PDF<\/p>\n<p>Sans bo\u00eete d&#039;origine<\/p>\n<p>Temps d&#039;arrangement\u00a0: 4 \u00e0 8\u00a0semaines<\/p>","protected":false},"featured_media":38263,"comment_status":"closed","ping_status":"closed","template":"","meta":{"_acf_changed":false},"product_cat":[1357,1406],"product_tag":[9679,9680,1585,430,9678,9681,9677],"class_list":["product","first","instock","shipping-taxable","purchasable","product-type-simple"],"acf":[],"_links":{"self":[{"href":"https:\/\/mouldking.store\/fr\/wp-json\/wp\/v2\/product\/38255","targetHints":{"allow":["GET"]}}],"collection":[{"href":"https:\/\/mouldking.store\/fr\/wp-json\/wp\/v2\/product"}],"about":[{"href":"https:\/\/mouldking.store\/fr\/wp-json\/wp\/v2\/types\/product"}],"replies":[{"embeddable":true,"href":"https:\/\/mouldking.store\/fr\/wp-json\/wp\/v2\/comments?post=38255"}],"wp:featuredmedia":[{"embeddable":true,"href":"https:\/\/mouldking.store\/fr\/wp-json\/wp\/v2\/media\/38263"}],"wp:attachment":[{"href":"https:\/\/mouldking.store\/fr\/wp-json\/wp\/v2\/media?parent=38255"}],"wp:term":[{"taxonomy":"product_cat","embeddable":true,"href":"https:\/\/mouldking.store\/fr\/wp-json\/wp\/v2\/product_cat?post=38255"},{"taxonomy":"product_tag","embeddable":true,"href":"https:\/\/mouldking.store\/fr\/wp-json\/wp\/v2\/product_tag?post=38255"}],"curies":[{"name":"wp","href":"https:\/\/api.w.org\/{rel}","templated":true}]}}