{"id":38351,"date":"2022-12-21T15:08:51","date_gmt":"2022-12-21T08:08:51","guid":{"rendered":"https:\/\/mouldking.store\/?post_type=product&#038;p=38351"},"modified":"2025-12-25T09:12:03","modified_gmt":"2025-12-25T02:12:03","slug":"moc-116559-port-sauvage-beach-with-pillory-with-743-pieces","status":"publish","type":"product","link":"https:\/\/mouldking.store\/fr\/shop\/moc-116559-port-sauvage-beach-with-pillory-with-743-pieces\/","title":{"rendered":"MOC-116559 Port Sauvage : Plage au Pilori Avec 743 Pi\u00e8ces"},"content":{"rendered":"<ol>\n<li>Marque : MOC<\/li>\n<li>Genre: Unisexe<\/li>\n<li>Nom : Port Sauvage : Plage au Pilori<\/li>\n<li>Tranche d&#039;\u00e2ge : &gt; 6 ans<\/li>\n<li>Num\u00e9ro de mod\u00e8le: 116559<\/li>\n<li>Classement : Assemblage<\/li>\n<li>Forme de bloc en plastique\u00a0: briques autobloquantes<\/li>\n<li>Mat\u00e9riel: Plastique<\/li>\n<li>Type de plastique : ABS<\/li>\n<li>Blocs de briques : 743 pi\u00e8ces<\/li>\n<li>Poids\u00a0: 700\u00a0g<\/li>\n<li>Contient des instructions de montage d\u00e9taill\u00e9es.<\/li>\n<\/ol>\n<p>Avis:<br \/>\n1. Sans bo\u00eete d&#039;origine, mais nous garantissons que nos produits ont une assurance qualit\u00e9 et un bel emballage.<br \/>\n2. Comme toutes les pi\u00e8ces que nous avons v\u00e9rifi\u00e9es avant l&#039;exp\u00e9dition, donc si vous trouvez des pi\u00e8ces manquantes ou endommag\u00e9es, ne vous inqui\u00e9tez pas et veuillez nous contacter et nous pouvons vous les renvoyer imm\u00e9diatement gratuitement.<\/p>\n<figure id=\"attachment_38352\" aria-describedby=\"caption-attachment-38352\" style=\"width: 1024px\" class=\"wp-caption aligncenter\"><img fetchpriority=\"high\" decoding=\"async\" class=\"wp-image-38352 size-large\" src=\"https:\/\/mouldking.store\/wp-content\/uploads\/2022\/12\/MOC-116559-Creator-Port-Sauvage-Beach-with-Pillory-MOC-FACTORY-1024x1024.png\" alt=\"MOC-116559 Port Sauvage: Beach with Pillory With 743 Pieces\" width=\"1024\" height=\"1024\" title=\"-\" srcset=\"https:\/\/mouldking.store\/wp-content\/uploads\/2022\/12\/MOC-116559-Creator-Port-Sauvage-Beach-with-Pillory-MOC-FACTORY-1024x1024.png 1024w, https:\/\/mouldking.store\/wp-content\/uploads\/2022\/12\/MOC-116559-Creator-Port-Sauvage-Beach-with-Pillory-MOC-FACTORY-300x300.png 300w, https:\/\/mouldking.store\/wp-content\/uploads\/2022\/12\/MOC-116559-Creator-Port-Sauvage-Beach-with-Pillory-MOC-FACTORY-768x768.png 768w, https:\/\/mouldking.store\/wp-content\/uploads\/2022\/12\/MOC-116559-Creator-Port-Sauvage-Beach-with-Pillory-MOC-FACTORY-600x600.png 600w, https:\/\/mouldking.store\/wp-content\/uploads\/2022\/12\/MOC-116559-Creator-Port-Sauvage-Beach-with-Pillory-MOC-FACTORY-150x150.png 150w, https:\/\/mouldking.store\/wp-content\/uploads\/2022\/12\/MOC-116559-Creator-Port-Sauvage-Beach-with-Pillory-MOC-FACTORY-60x60.png 60w, https:\/\/mouldking.store\/wp-content\/uploads\/2022\/12\/MOC-116559-Creator-Port-Sauvage-Beach-with-Pillory-MOC-FACTORY-90x90.png 90w, https:\/\/mouldking.store\/wp-content\/uploads\/2022\/12\/MOC-116559-Creator-Port-Sauvage-Beach-with-Pillory-MOC-FACTORY.png 1095w\" sizes=\"(max-width: 1024px) 100vw, 1024px\" \/><figcaption id=\"caption-attachment-38352\" class=\"wp-caption-text\">MOC-116559 Port Sauvage : Plage au Pilori Avec 743 Pi\u00e8ces<\/figcaption><\/figure>\n<figure id=\"attachment_38353\" aria-describedby=\"caption-attachment-38353\" style=\"width: 1024px\" class=\"wp-caption aligncenter\"><img decoding=\"async\" class=\"wp-image-38353 size-large\" src=\"https:\/\/mouldking.store\/wp-content\/uploads\/2022\/12\/Port-Sauvage-Beach-with-Pillory-MOC-116559-1-1024x1024.jpg\" alt=\"MOC-116559 Port Sauvage: Beach with Pillory With 743 Pieces\" width=\"1024\" height=\"1024\" title=\"-\" srcset=\"https:\/\/mouldking.store\/wp-content\/uploads\/2022\/12\/Port-Sauvage-Beach-with-Pillory-MOC-116559-1-1024x1024.jpg 1024w, https:\/\/mouldking.store\/wp-content\/uploads\/2022\/12\/Port-Sauvage-Beach-with-Pillory-MOC-116559-1-300x300.jpg 300w, https:\/\/mouldking.store\/wp-content\/uploads\/2022\/12\/Port-Sauvage-Beach-with-Pillory-MOC-116559-1-768x768.jpg 768w, https:\/\/mouldking.store\/wp-content\/uploads\/2022\/12\/Port-Sauvage-Beach-with-Pillory-MOC-116559-1-600x600.jpg 600w, https:\/\/mouldking.store\/wp-content\/uploads\/2022\/12\/Port-Sauvage-Beach-with-Pillory-MOC-116559-1-150x150.jpg 150w, https:\/\/mouldking.store\/wp-content\/uploads\/2022\/12\/Port-Sauvage-Beach-with-Pillory-MOC-116559-1-60x60.jpg 60w, https:\/\/mouldking.store\/wp-content\/uploads\/2022\/12\/Port-Sauvage-Beach-with-Pillory-MOC-116559-1-90x90.jpg 90w, https:\/\/mouldking.store\/wp-content\/uploads\/2022\/12\/Port-Sauvage-Beach-with-Pillory-MOC-116559-1.jpg 1100w\" sizes=\"(max-width: 1024px) 100vw, 1024px\" \/><figcaption id=\"caption-attachment-38353\" class=\"wp-caption-text\">MOC-116559 Port Sauvage : Plage au Pilori Avec 743 Pi\u00e8ces<\/figcaption><\/figure>\n<figure id=\"attachment_38354\" aria-describedby=\"caption-attachment-38354\" style=\"width: 1024px\" class=\"wp-caption aligncenter\"><img decoding=\"async\" class=\"wp-image-38354 size-large\" src=\"https:\/\/mouldking.store\/wp-content\/uploads\/2022\/12\/Port-Sauvage-Beach-with-Pillory-MOC-116559-2-1024x1024.jpg\" alt=\"MOC-116559 Port Sauvage: Beach with Pillory With 743 Pieces\" width=\"1024\" height=\"1024\" title=\"-\" srcset=\"https:\/\/mouldking.store\/wp-content\/uploads\/2022\/12\/Port-Sauvage-Beach-with-Pillory-MOC-116559-2-1024x1024.jpg 1024w, https:\/\/mouldking.store\/wp-content\/uploads\/2022\/12\/Port-Sauvage-Beach-with-Pillory-MOC-116559-2-300x300.jpg 300w, https:\/\/mouldking.store\/wp-content\/uploads\/2022\/12\/Port-Sauvage-Beach-with-Pillory-MOC-116559-2-768x768.jpg 768w, https:\/\/mouldking.store\/wp-content\/uploads\/2022\/12\/Port-Sauvage-Beach-with-Pillory-MOC-116559-2-600x600.jpg 600w, https:\/\/mouldking.store\/wp-content\/uploads\/2022\/12\/Port-Sauvage-Beach-with-Pillory-MOC-116559-2-150x150.jpg 150w, https:\/\/mouldking.store\/wp-content\/uploads\/2022\/12\/Port-Sauvage-Beach-with-Pillory-MOC-116559-2-60x60.jpg 60w, https:\/\/mouldking.store\/wp-content\/uploads\/2022\/12\/Port-Sauvage-Beach-with-Pillory-MOC-116559-2-90x90.jpg 90w, https:\/\/mouldking.store\/wp-content\/uploads\/2022\/12\/Port-Sauvage-Beach-with-Pillory-MOC-116559-2.jpg 1100w\" sizes=\"(max-width: 1024px) 100vw, 1024px\" \/><figcaption id=\"caption-attachment-38354\" class=\"wp-caption-text\">MOC-116559 Port Sauvage : Plage au Pilori Avec 743 Pi\u00e8ces<\/figcaption><\/figure>\n<figure id=\"attachment_38355\" aria-describedby=\"caption-attachment-38355\" style=\"width: 1024px\" class=\"wp-caption aligncenter\"><img loading=\"lazy\" decoding=\"async\" class=\"wp-image-38355 size-large\" src=\"https:\/\/mouldking.store\/wp-content\/uploads\/2022\/12\/Port-Sauvage-Beach-with-Pillory-MOC-116559-3-1024x1024.jpg\" alt=\"MOC-116559 Port Sauvage: Beach with Pillory With 743 Pieces\" width=\"1024\" height=\"1024\" title=\"-\" srcset=\"https:\/\/mouldking.store\/wp-content\/uploads\/2022\/12\/Port-Sauvage-Beach-with-Pillory-MOC-116559-3-1024x1024.jpg 1024w, https:\/\/mouldking.store\/wp-content\/uploads\/2022\/12\/Port-Sauvage-Beach-with-Pillory-MOC-116559-3-300x300.jpg 300w, https:\/\/mouldking.store\/wp-content\/uploads\/2022\/12\/Port-Sauvage-Beach-with-Pillory-MOC-116559-3-768x768.jpg 768w, https:\/\/mouldking.store\/wp-content\/uploads\/2022\/12\/Port-Sauvage-Beach-with-Pillory-MOC-116559-3-600x600.jpg 600w, https:\/\/mouldking.store\/wp-content\/uploads\/2022\/12\/Port-Sauvage-Beach-with-Pillory-MOC-116559-3-150x150.jpg 150w, https:\/\/mouldking.store\/wp-content\/uploads\/2022\/12\/Port-Sauvage-Beach-with-Pillory-MOC-116559-3-60x60.jpg 60w, https:\/\/mouldking.store\/wp-content\/uploads\/2022\/12\/Port-Sauvage-Beach-with-Pillory-MOC-116559-3-90x90.jpg 90w, https:\/\/mouldking.store\/wp-content\/uploads\/2022\/12\/Port-Sauvage-Beach-with-Pillory-MOC-116559-3.jpg 1100w\" sizes=\"(max-width: 1024px) 100vw, 1024px\" \/><figcaption id=\"caption-attachment-38355\" class=\"wp-caption-text\">MOC-116559 Port Sauvage : Plage au Pilori Avec 743 Pi\u00e8ces<\/figcaption><\/figure>","protected":false},"excerpt":{"rendered":"<p>Instructions de construction PDF<\/p>\n<p>Sans bo\u00eete d&#039;origine<\/p>\n<p>Temps d&#039;arrangement\u00a0: 4 \u00e0 8\u00a0semaines<\/p>","protected":false},"featured_media":38352,"comment_status":"closed","ping_status":"closed","template":"","meta":{"_acf_changed":false},"product_cat":[1365,1406],"product_tag":[9760,9762,430,9758,9764,9757,9761,9759,9763],"class_list":["product","first","instock","shipping-taxable","purchasable","product-type-simple"],"acf":[],"_links":{"self":[{"href":"https:\/\/mouldking.store\/fr\/wp-json\/wp\/v2\/product\/38351","targetHints":{"allow":["GET"]}}],"collection":[{"href":"https:\/\/mouldking.store\/fr\/wp-json\/wp\/v2\/product"}],"about":[{"href":"https:\/\/mouldking.store\/fr\/wp-json\/wp\/v2\/types\/product"}],"replies":[{"embeddable":true,"href":"https:\/\/mouldking.store\/fr\/wp-json\/wp\/v2\/comments?post=38351"}],"wp:featuredmedia":[{"embeddable":true,"href":"https:\/\/mouldking.store\/fr\/wp-json\/wp\/v2\/media\/38352"}],"wp:attachment":[{"href":"https:\/\/mouldking.store\/fr\/wp-json\/wp\/v2\/media?parent=38351"}],"wp:term":[{"taxonomy":"product_cat","embeddable":true,"href":"https:\/\/mouldking.store\/fr\/wp-json\/wp\/v2\/product_cat?post=38351"},{"taxonomy":"product_tag","embeddable":true,"href":"https:\/\/mouldking.store\/fr\/wp-json\/wp\/v2\/product_tag?post=38351"}],"curies":[{"name":"wp","href":"https:\/\/api.w.org\/{rel}","templated":true}]}}