{"id":38356,"date":"2022-12-21T15:17:20","date_gmt":"2022-12-21T08:17:20","guid":{"rendered":"https:\/\/mouldking.store\/?post_type=product&#038;p=38356"},"modified":"2025-12-25T09:12:03","modified_gmt":"2025-12-25T02:12:03","slug":"moc-116560-port-sauvage-stone-pier-with-plank-bridge-with-878-pieces","status":"publish","type":"product","link":"https:\/\/mouldking.store\/fr\/shop\/moc-116560-port-sauvage-stone-pier-with-plank-bridge-with-878-pieces\/","title":{"rendered":"MOC-116560 Port Sauvage : Jet\u00e9e en pierre avec pont en planches de 878 pi\u00e8ces"},"content":{"rendered":"<ol>\n<li>Marque : MOC<\/li>\n<li>Genre: Unisexe<\/li>\n<li>Nom : Port Sauvage : Jet\u00e9e de pierre avec pont de planches<\/li>\n<li>Tranche d&#039;\u00e2ge : &gt; 6 ans<\/li>\n<li>Num\u00e9ro de mod\u00e8le: 116560<\/li>\n<li>Classement : Assemblage<\/li>\n<li>Forme de bloc en plastique\u00a0: briques autobloquantes<\/li>\n<li>Mat\u00e9riel: Plastique<\/li>\n<li>Type de plastique : ABS<\/li>\n<li>Blocs de briques : 878 pi\u00e8ces<\/li>\n<li>Poids\u00a0: 2\u00a0200\u00a0g<\/li>\n<li>Contient des instructions de montage d\u00e9taill\u00e9es.<\/li>\n<\/ol>\n<p>Avis:<br \/>\n1. Sans bo\u00eete d&#039;origine, mais nous garantissons que nos produits ont une assurance qualit\u00e9 et un bel emballage.<br \/>\n2. Comme toutes les pi\u00e8ces que nous avons v\u00e9rifi\u00e9es avant l&#039;exp\u00e9dition, donc si vous trouvez des pi\u00e8ces manquantes ou endommag\u00e9es, ne vous inqui\u00e9tez pas et veuillez nous contacter et nous pouvons vous les renvoyer imm\u00e9diatement gratuitement.<\/p>\n<figure id=\"attachment_38357\" aria-describedby=\"caption-attachment-38357\" style=\"width: 1024px\" class=\"wp-caption aligncenter\"><img fetchpriority=\"high\" decoding=\"async\" class=\"wp-image-38357 size-large\" src=\"https:\/\/mouldking.store\/wp-content\/uploads\/2022\/12\/MOC-116560-Creator-Port-Sauvage-Stone-Pier-with-Plank-Bridge-MOC-FACTORY-1024x1024.png\" alt=\"MOC-116560 Port Sauvage: Stone Pier with Plank Bridge With 878 Pieces\" width=\"1024\" height=\"1024\" title=\"-\" srcset=\"https:\/\/mouldking.store\/wp-content\/uploads\/2022\/12\/MOC-116560-Creator-Port-Sauvage-Stone-Pier-with-Plank-Bridge-MOC-FACTORY-1024x1024.png 1024w, https:\/\/mouldking.store\/wp-content\/uploads\/2022\/12\/MOC-116560-Creator-Port-Sauvage-Stone-Pier-with-Plank-Bridge-MOC-FACTORY-300x300.png 300w, https:\/\/mouldking.store\/wp-content\/uploads\/2022\/12\/MOC-116560-Creator-Port-Sauvage-Stone-Pier-with-Plank-Bridge-MOC-FACTORY-768x768.png 768w, https:\/\/mouldking.store\/wp-content\/uploads\/2022\/12\/MOC-116560-Creator-Port-Sauvage-Stone-Pier-with-Plank-Bridge-MOC-FACTORY-600x600.png 600w, https:\/\/mouldking.store\/wp-content\/uploads\/2022\/12\/MOC-116560-Creator-Port-Sauvage-Stone-Pier-with-Plank-Bridge-MOC-FACTORY-150x150.png 150w, https:\/\/mouldking.store\/wp-content\/uploads\/2022\/12\/MOC-116560-Creator-Port-Sauvage-Stone-Pier-with-Plank-Bridge-MOC-FACTORY-60x60.png 60w, https:\/\/mouldking.store\/wp-content\/uploads\/2022\/12\/MOC-116560-Creator-Port-Sauvage-Stone-Pier-with-Plank-Bridge-MOC-FACTORY-90x90.png 90w, https:\/\/mouldking.store\/wp-content\/uploads\/2022\/12\/MOC-116560-Creator-Port-Sauvage-Stone-Pier-with-Plank-Bridge-MOC-FACTORY.png 1095w\" sizes=\"(max-width: 1024px) 100vw, 1024px\" \/><figcaption id=\"caption-attachment-38357\" class=\"wp-caption-text\">MOC-116560 Port Sauvage : Jet\u00e9e en pierre avec pont en planches de 878 pi\u00e8ces<\/figcaption><\/figure>\n<figure id=\"attachment_38358\" aria-describedby=\"caption-attachment-38358\" style=\"width: 1024px\" class=\"wp-caption aligncenter\"><img decoding=\"async\" class=\"wp-image-38358 size-large\" src=\"https:\/\/mouldking.store\/wp-content\/uploads\/2022\/12\/Port-Sauvage-Stone-Pier-with-Plank-Bridge-MOC-116560-1-1024x1024.jpg\" alt=\"MOC-116560 Port Sauvage: Stone Pier with Plank Bridge With 878 Pieces\" width=\"1024\" height=\"1024\" title=\"-\" srcset=\"https:\/\/mouldking.store\/wp-content\/uploads\/2022\/12\/Port-Sauvage-Stone-Pier-with-Plank-Bridge-MOC-116560-1-1024x1024.jpg 1024w, https:\/\/mouldking.store\/wp-content\/uploads\/2022\/12\/Port-Sauvage-Stone-Pier-with-Plank-Bridge-MOC-116560-1-300x300.jpg 300w, https:\/\/mouldking.store\/wp-content\/uploads\/2022\/12\/Port-Sauvage-Stone-Pier-with-Plank-Bridge-MOC-116560-1-768x768.jpg 768w, https:\/\/mouldking.store\/wp-content\/uploads\/2022\/12\/Port-Sauvage-Stone-Pier-with-Plank-Bridge-MOC-116560-1-600x600.jpg 600w, https:\/\/mouldking.store\/wp-content\/uploads\/2022\/12\/Port-Sauvage-Stone-Pier-with-Plank-Bridge-MOC-116560-1-150x150.jpg 150w, https:\/\/mouldking.store\/wp-content\/uploads\/2022\/12\/Port-Sauvage-Stone-Pier-with-Plank-Bridge-MOC-116560-1-60x60.jpg 60w, https:\/\/mouldking.store\/wp-content\/uploads\/2022\/12\/Port-Sauvage-Stone-Pier-with-Plank-Bridge-MOC-116560-1-90x90.jpg 90w, https:\/\/mouldking.store\/wp-content\/uploads\/2022\/12\/Port-Sauvage-Stone-Pier-with-Plank-Bridge-MOC-116560-1.jpg 1100w\" sizes=\"(max-width: 1024px) 100vw, 1024px\" \/><figcaption id=\"caption-attachment-38358\" class=\"wp-caption-text\">MOC-116560 Port Sauvage : Jet\u00e9e en pierre avec pont en planches de 878 pi\u00e8ces<\/figcaption><\/figure>\n<figure id=\"attachment_38359\" aria-describedby=\"caption-attachment-38359\" style=\"width: 1024px\" class=\"wp-caption aligncenter\"><img decoding=\"async\" class=\"wp-image-38359 size-large\" src=\"https:\/\/mouldking.store\/wp-content\/uploads\/2022\/12\/Port-Sauvage-Stone-Pier-with-Plank-Bridge-MOC-116560-2-1024x1024.jpg\" alt=\"MOC-116560 Port Sauvage: Stone Pier with Plank Bridge With 878 Pieces\" width=\"1024\" height=\"1024\" title=\"-\" srcset=\"https:\/\/mouldking.store\/wp-content\/uploads\/2022\/12\/Port-Sauvage-Stone-Pier-with-Plank-Bridge-MOC-116560-2-1024x1024.jpg 1024w, https:\/\/mouldking.store\/wp-content\/uploads\/2022\/12\/Port-Sauvage-Stone-Pier-with-Plank-Bridge-MOC-116560-2-300x300.jpg 300w, https:\/\/mouldking.store\/wp-content\/uploads\/2022\/12\/Port-Sauvage-Stone-Pier-with-Plank-Bridge-MOC-116560-2-768x768.jpg 768w, https:\/\/mouldking.store\/wp-content\/uploads\/2022\/12\/Port-Sauvage-Stone-Pier-with-Plank-Bridge-MOC-116560-2-600x600.jpg 600w, https:\/\/mouldking.store\/wp-content\/uploads\/2022\/12\/Port-Sauvage-Stone-Pier-with-Plank-Bridge-MOC-116560-2-150x150.jpg 150w, https:\/\/mouldking.store\/wp-content\/uploads\/2022\/12\/Port-Sauvage-Stone-Pier-with-Plank-Bridge-MOC-116560-2-60x60.jpg 60w, https:\/\/mouldking.store\/wp-content\/uploads\/2022\/12\/Port-Sauvage-Stone-Pier-with-Plank-Bridge-MOC-116560-2-90x90.jpg 90w, https:\/\/mouldking.store\/wp-content\/uploads\/2022\/12\/Port-Sauvage-Stone-Pier-with-Plank-Bridge-MOC-116560-2.jpg 1100w\" sizes=\"(max-width: 1024px) 100vw, 1024px\" \/><figcaption id=\"caption-attachment-38359\" class=\"wp-caption-text\">MOC-116560 Port Sauvage : Jet\u00e9e en pierre avec pont en planches de 878 pi\u00e8ces<\/figcaption><\/figure>\n<figure id=\"attachment_38360\" aria-describedby=\"caption-attachment-38360\" style=\"width: 1024px\" class=\"wp-caption aligncenter\"><img loading=\"lazy\" decoding=\"async\" class=\"wp-image-38360 size-large\" src=\"https:\/\/mouldking.store\/wp-content\/uploads\/2022\/12\/Port-Sauvage-Stone-Pier-with-Plank-Bridge-MOC-116560-3-1024x1024.jpg\" alt=\"MOC-116560 Port Sauvage: Stone Pier with Plank Bridge With 878 Pieces\" width=\"1024\" height=\"1024\" title=\"-\" srcset=\"https:\/\/mouldking.store\/wp-content\/uploads\/2022\/12\/Port-Sauvage-Stone-Pier-with-Plank-Bridge-MOC-116560-3-1024x1024.jpg 1024w, https:\/\/mouldking.store\/wp-content\/uploads\/2022\/12\/Port-Sauvage-Stone-Pier-with-Plank-Bridge-MOC-116560-3-300x300.jpg 300w, https:\/\/mouldking.store\/wp-content\/uploads\/2022\/12\/Port-Sauvage-Stone-Pier-with-Plank-Bridge-MOC-116560-3-768x768.jpg 768w, https:\/\/mouldking.store\/wp-content\/uploads\/2022\/12\/Port-Sauvage-Stone-Pier-with-Plank-Bridge-MOC-116560-3-600x600.jpg 600w, https:\/\/mouldking.store\/wp-content\/uploads\/2022\/12\/Port-Sauvage-Stone-Pier-with-Plank-Bridge-MOC-116560-3-150x150.jpg 150w, https:\/\/mouldking.store\/wp-content\/uploads\/2022\/12\/Port-Sauvage-Stone-Pier-with-Plank-Bridge-MOC-116560-3-60x60.jpg 60w, https:\/\/mouldking.store\/wp-content\/uploads\/2022\/12\/Port-Sauvage-Stone-Pier-with-Plank-Bridge-MOC-116560-3-90x90.jpg 90w, https:\/\/mouldking.store\/wp-content\/uploads\/2022\/12\/Port-Sauvage-Stone-Pier-with-Plank-Bridge-MOC-116560-3.jpg 1100w\" sizes=\"(max-width: 1024px) 100vw, 1024px\" \/><figcaption id=\"caption-attachment-38360\" class=\"wp-caption-text\">MOC-116560 Port Sauvage : Jet\u00e9e en pierre avec pont en planches de 878 pi\u00e8ces<\/figcaption><\/figure>","protected":false},"excerpt":{"rendered":"<p>Instructions de construction PDF<\/p>\n<p>Sans bo\u00eete d&#039;origine<\/p>\n<p>Temps d&#039;arrangement\u00a0: 4 \u00e0 8\u00a0semaines<\/p>","protected":false},"featured_media":38357,"comment_status":"closed","ping_status":"closed","template":"","meta":{"_acf_changed":false},"product_cat":[1365,1406],"product_tag":[430,9766,9773,9765,9768,9770,9759,9772,9767,9769,9771],"class_list":["product","first","instock","shipping-taxable","purchasable","product-type-simple"],"acf":[],"_links":{"self":[{"href":"https:\/\/mouldking.store\/fr\/wp-json\/wp\/v2\/product\/38356","targetHints":{"allow":["GET"]}}],"collection":[{"href":"https:\/\/mouldking.store\/fr\/wp-json\/wp\/v2\/product"}],"about":[{"href":"https:\/\/mouldking.store\/fr\/wp-json\/wp\/v2\/types\/product"}],"replies":[{"embeddable":true,"href":"https:\/\/mouldking.store\/fr\/wp-json\/wp\/v2\/comments?post=38356"}],"wp:featuredmedia":[{"embeddable":true,"href":"https:\/\/mouldking.store\/fr\/wp-json\/wp\/v2\/media\/38357"}],"wp:attachment":[{"href":"https:\/\/mouldking.store\/fr\/wp-json\/wp\/v2\/media?parent=38356"}],"wp:term":[{"taxonomy":"product_cat","embeddable":true,"href":"https:\/\/mouldking.store\/fr\/wp-json\/wp\/v2\/product_cat?post=38356"},{"taxonomy":"product_tag","embeddable":true,"href":"https:\/\/mouldking.store\/fr\/wp-json\/wp\/v2\/product_tag?post=38356"}],"curies":[{"name":"wp","href":"https:\/\/api.w.org\/{rel}","templated":true}]}}