{"id":38415,"date":"2022-12-21T17:36:32","date_gmt":"2022-12-21T10:36:32","guid":{"rendered":"https:\/\/mouldking.store\/?post_type=product&#038;p=38415"},"modified":"2025-12-25T09:12:02","modified_gmt":"2025-12-25T02:12:02","slug":"moc-106121-tie-aethernight-tie-x8-with-1161-pieces","status":"publish","type":"product","link":"https:\/\/mouldking.store\/fr\/shop\/moc-106121-tie-aethernight-tie-x8-with-1161-pieces\/","title":{"rendered":"MOC-106121 TIE Aethernight (TIE\/x8) avec 1161 pi\u00e8ces"},"content":{"rendered":"<ol>\n<li>Marque : MOC<\/li>\n<li>Genre: Unisexe<\/li>\n<li>Name: TIE Aethernight (TIE\/x8)<\/li>\n<li>Tranche d&#039;\u00e2ge : &gt; 6 ans<\/li>\n<li>Model Number: 106121<\/li>\n<li>Classement : Assemblage<\/li>\n<li>Forme de bloc en plastique\u00a0: briques autobloquantes<\/li>\n<li>Mat\u00e9riel: Plastique<\/li>\n<li>Type de plastique : ABS<\/li>\n<li>Bricks Blocks:1161 PCS<\/li>\n<li>Dimensions: 32 x 31.6 x 15cm<\/li>\n<li>Weight:1200g<\/li>\n<li>Contient des instructions de montage d\u00e9taill\u00e9es.<\/li>\n<\/ol>\n<p>Avis:<br \/>\n1. Sans bo\u00eete d&#039;origine, mais nous garantissons que nos produits ont une assurance qualit\u00e9 et un bel emballage.<br \/>\n2. Comme toutes les pi\u00e8ces que nous avons v\u00e9rifi\u00e9es avant l&#039;exp\u00e9dition, donc si vous trouvez des pi\u00e8ces manquantes ou endommag\u00e9es, ne vous inqui\u00e9tez pas et veuillez nous contacter et nous pouvons vous les renvoyer imm\u00e9diatement gratuitement.<\/p>\n<figure id=\"attachment_38416\" aria-describedby=\"caption-attachment-38416\" style=\"width: 1024px\" class=\"wp-caption aligncenter\"><img fetchpriority=\"high\" decoding=\"async\" class=\"wp-image-38416 size-large\" src=\"https:\/\/mouldking.store\/wp-content\/uploads\/2022\/12\/MOC-106121-Star-Wars-TIE-Aethernight-TIEx8-MOC-FACTORY-1024x1024.png\" alt=\"MOC-106121 TIE Aethernight (TIE\/x8) With 1161 Pieces\" width=\"1024\" height=\"1024\" title=\"-\" srcset=\"https:\/\/mouldking.store\/wp-content\/uploads\/2022\/12\/MOC-106121-Star-Wars-TIE-Aethernight-TIEx8-MOC-FACTORY-1024x1024.png 1024w, https:\/\/mouldking.store\/wp-content\/uploads\/2022\/12\/MOC-106121-Star-Wars-TIE-Aethernight-TIEx8-MOC-FACTORY-300x300.png 300w, https:\/\/mouldking.store\/wp-content\/uploads\/2022\/12\/MOC-106121-Star-Wars-TIE-Aethernight-TIEx8-MOC-FACTORY-768x768.png 768w, https:\/\/mouldking.store\/wp-content\/uploads\/2022\/12\/MOC-106121-Star-Wars-TIE-Aethernight-TIEx8-MOC-FACTORY-600x600.png 600w, https:\/\/mouldking.store\/wp-content\/uploads\/2022\/12\/MOC-106121-Star-Wars-TIE-Aethernight-TIEx8-MOC-FACTORY-150x150.png 150w, https:\/\/mouldking.store\/wp-content\/uploads\/2022\/12\/MOC-106121-Star-Wars-TIE-Aethernight-TIEx8-MOC-FACTORY-60x60.png 60w, https:\/\/mouldking.store\/wp-content\/uploads\/2022\/12\/MOC-106121-Star-Wars-TIE-Aethernight-TIEx8-MOC-FACTORY-90x90.png 90w, https:\/\/mouldking.store\/wp-content\/uploads\/2022\/12\/MOC-106121-Star-Wars-TIE-Aethernight-TIEx8-MOC-FACTORY.png 1095w\" sizes=\"(max-width: 1024px) 100vw, 1024px\" \/><figcaption id=\"caption-attachment-38416\" class=\"wp-caption-text\">MOC-106121 TIE Aethernight (TIE\/x8) avec 1161 pi\u00e8ces<\/figcaption><\/figure>\n<figure id=\"attachment_38417\" aria-describedby=\"caption-attachment-38417\" style=\"width: 1024px\" class=\"wp-caption aligncenter\"><img decoding=\"async\" class=\"wp-image-38417 size-large\" src=\"https:\/\/mouldking.store\/wp-content\/uploads\/2022\/12\/TIE-Aethernight-TIEx8-MOC-106121-1-1024x1024.jpg\" alt=\"MOC-106121 TIE Aethernight (TIE\/x8) With 1161 Pieces\" width=\"1024\" height=\"1024\" title=\"-\" srcset=\"https:\/\/mouldking.store\/wp-content\/uploads\/2022\/12\/TIE-Aethernight-TIEx8-MOC-106121-1-1024x1024.jpg 1024w, https:\/\/mouldking.store\/wp-content\/uploads\/2022\/12\/TIE-Aethernight-TIEx8-MOC-106121-1-300x300.jpg 300w, https:\/\/mouldking.store\/wp-content\/uploads\/2022\/12\/TIE-Aethernight-TIEx8-MOC-106121-1-768x768.jpg 768w, https:\/\/mouldking.store\/wp-content\/uploads\/2022\/12\/TIE-Aethernight-TIEx8-MOC-106121-1-600x600.jpg 600w, https:\/\/mouldking.store\/wp-content\/uploads\/2022\/12\/TIE-Aethernight-TIEx8-MOC-106121-1-150x150.jpg 150w, https:\/\/mouldking.store\/wp-content\/uploads\/2022\/12\/TIE-Aethernight-TIEx8-MOC-106121-1-60x60.jpg 60w, https:\/\/mouldking.store\/wp-content\/uploads\/2022\/12\/TIE-Aethernight-TIEx8-MOC-106121-1-90x90.jpg 90w, https:\/\/mouldking.store\/wp-content\/uploads\/2022\/12\/TIE-Aethernight-TIEx8-MOC-106121-1.jpg 1100w\" sizes=\"(max-width: 1024px) 100vw, 1024px\" \/><figcaption id=\"caption-attachment-38417\" class=\"wp-caption-text\">MOC-106121 TIE Aethernight (TIE\/x8) avec 1161 pi\u00e8ces<\/figcaption><\/figure>\n<figure id=\"attachment_38418\" aria-describedby=\"caption-attachment-38418\" style=\"width: 1024px\" class=\"wp-caption aligncenter\"><img decoding=\"async\" class=\"wp-image-38418 size-large\" src=\"https:\/\/mouldking.store\/wp-content\/uploads\/2022\/12\/TIE-Aethernight-TIEx8-MOC-106121-2-1024x1024.jpg\" alt=\"MOC-106121 TIE Aethernight (TIE\/x8) With 1161 Pieces\" width=\"1024\" height=\"1024\" title=\"-\" srcset=\"https:\/\/mouldking.store\/wp-content\/uploads\/2022\/12\/TIE-Aethernight-TIEx8-MOC-106121-2-1024x1024.jpg 1024w, https:\/\/mouldking.store\/wp-content\/uploads\/2022\/12\/TIE-Aethernight-TIEx8-MOC-106121-2-300x300.jpg 300w, https:\/\/mouldking.store\/wp-content\/uploads\/2022\/12\/TIE-Aethernight-TIEx8-MOC-106121-2-768x768.jpg 768w, https:\/\/mouldking.store\/wp-content\/uploads\/2022\/12\/TIE-Aethernight-TIEx8-MOC-106121-2-600x600.jpg 600w, https:\/\/mouldking.store\/wp-content\/uploads\/2022\/12\/TIE-Aethernight-TIEx8-MOC-106121-2-150x150.jpg 150w, https:\/\/mouldking.store\/wp-content\/uploads\/2022\/12\/TIE-Aethernight-TIEx8-MOC-106121-2-60x60.jpg 60w, https:\/\/mouldking.store\/wp-content\/uploads\/2022\/12\/TIE-Aethernight-TIEx8-MOC-106121-2-90x90.jpg 90w, https:\/\/mouldking.store\/wp-content\/uploads\/2022\/12\/TIE-Aethernight-TIEx8-MOC-106121-2.jpg 1100w\" sizes=\"(max-width: 1024px) 100vw, 1024px\" \/><figcaption id=\"caption-attachment-38418\" class=\"wp-caption-text\">MOC-106121 TIE Aethernight (TIE\/x8) avec 1161 pi\u00e8ces<\/figcaption><\/figure>\n<figure id=\"attachment_38419\" aria-describedby=\"caption-attachment-38419\" style=\"width: 1024px\" class=\"wp-caption aligncenter\"><img loading=\"lazy\" decoding=\"async\" class=\"wp-image-38419 size-large\" src=\"https:\/\/mouldking.store\/wp-content\/uploads\/2022\/12\/TIE-Aethernight-TIEx8-MOC-106121-3-1024x1024.jpg\" alt=\"MOC-106121 TIE Aethernight (TIE\/x8) With 1161 Pieces\" width=\"1024\" height=\"1024\" title=\"-\" srcset=\"https:\/\/mouldking.store\/wp-content\/uploads\/2022\/12\/TIE-Aethernight-TIEx8-MOC-106121-3-1024x1024.jpg 1024w, https:\/\/mouldking.store\/wp-content\/uploads\/2022\/12\/TIE-Aethernight-TIEx8-MOC-106121-3-300x300.jpg 300w, https:\/\/mouldking.store\/wp-content\/uploads\/2022\/12\/TIE-Aethernight-TIEx8-MOC-106121-3-768x768.jpg 768w, https:\/\/mouldking.store\/wp-content\/uploads\/2022\/12\/TIE-Aethernight-TIEx8-MOC-106121-3-600x600.jpg 600w, https:\/\/mouldking.store\/wp-content\/uploads\/2022\/12\/TIE-Aethernight-TIEx8-MOC-106121-3-150x150.jpg 150w, https:\/\/mouldking.store\/wp-content\/uploads\/2022\/12\/TIE-Aethernight-TIEx8-MOC-106121-3-60x60.jpg 60w, https:\/\/mouldking.store\/wp-content\/uploads\/2022\/12\/TIE-Aethernight-TIEx8-MOC-106121-3-90x90.jpg 90w, https:\/\/mouldking.store\/wp-content\/uploads\/2022\/12\/TIE-Aethernight-TIEx8-MOC-106121-3.jpg 1100w\" sizes=\"(max-width: 1024px) 100vw, 1024px\" \/><figcaption id=\"caption-attachment-38419\" class=\"wp-caption-text\">MOC-106121 TIE Aethernight (TIE\/x8) avec 1161 pi\u00e8ces<\/figcaption><\/figure>\n<figure id=\"attachment_38420\" aria-describedby=\"caption-attachment-38420\" style=\"width: 1024px\" class=\"wp-caption aligncenter\"><img loading=\"lazy\" decoding=\"async\" class=\"wp-image-38420 size-large\" src=\"https:\/\/mouldking.store\/wp-content\/uploads\/2022\/12\/TIE-Aethernight-TIEx8-MOC-106121-4-1024x1024.jpg\" alt=\"MOC-106121 TIE Aethernight (TIE\/x8) With 1161 Pieces\" width=\"1024\" height=\"1024\" title=\"-\" srcset=\"https:\/\/mouldking.store\/wp-content\/uploads\/2022\/12\/TIE-Aethernight-TIEx8-MOC-106121-4-1024x1024.jpg 1024w, https:\/\/mouldking.store\/wp-content\/uploads\/2022\/12\/TIE-Aethernight-TIEx8-MOC-106121-4-300x300.jpg 300w, https:\/\/mouldking.store\/wp-content\/uploads\/2022\/12\/TIE-Aethernight-TIEx8-MOC-106121-4-768x768.jpg 768w, https:\/\/mouldking.store\/wp-content\/uploads\/2022\/12\/TIE-Aethernight-TIEx8-MOC-106121-4-600x600.jpg 600w, https:\/\/mouldking.store\/wp-content\/uploads\/2022\/12\/TIE-Aethernight-TIEx8-MOC-106121-4-150x150.jpg 150w, https:\/\/mouldking.store\/wp-content\/uploads\/2022\/12\/TIE-Aethernight-TIEx8-MOC-106121-4-60x60.jpg 60w, https:\/\/mouldking.store\/wp-content\/uploads\/2022\/12\/TIE-Aethernight-TIEx8-MOC-106121-4-90x90.jpg 90w, https:\/\/mouldking.store\/wp-content\/uploads\/2022\/12\/TIE-Aethernight-TIEx8-MOC-106121-4.jpg 1100w\" sizes=\"(max-width: 1024px) 100vw, 1024px\" \/><figcaption id=\"caption-attachment-38420\" class=\"wp-caption-text\">MOC-106121 TIE Aethernight (TIE\/x8) avec 1161 pi\u00e8ces<\/figcaption><\/figure>\n<figure id=\"attachment_38421\" aria-describedby=\"caption-attachment-38421\" style=\"width: 1024px\" class=\"wp-caption aligncenter\"><img loading=\"lazy\" decoding=\"async\" class=\"wp-image-38421 size-large\" src=\"https:\/\/mouldking.store\/wp-content\/uploads\/2022\/12\/TIE-Aethernight-TIEx8-MOC-106121-5-1024x1024.jpg\" alt=\"MOC-106121 TIE Aethernight (TIE\/x8) With 1161 Pieces\" width=\"1024\" height=\"1024\" title=\"-\" srcset=\"https:\/\/mouldking.store\/wp-content\/uploads\/2022\/12\/TIE-Aethernight-TIEx8-MOC-106121-5-1024x1024.jpg 1024w, https:\/\/mouldking.store\/wp-content\/uploads\/2022\/12\/TIE-Aethernight-TIEx8-MOC-106121-5-300x300.jpg 300w, https:\/\/mouldking.store\/wp-content\/uploads\/2022\/12\/TIE-Aethernight-TIEx8-MOC-106121-5-768x768.jpg 768w, https:\/\/mouldking.store\/wp-content\/uploads\/2022\/12\/TIE-Aethernight-TIEx8-MOC-106121-5-600x600.jpg 600w, https:\/\/mouldking.store\/wp-content\/uploads\/2022\/12\/TIE-Aethernight-TIEx8-MOC-106121-5-150x150.jpg 150w, https:\/\/mouldking.store\/wp-content\/uploads\/2022\/12\/TIE-Aethernight-TIEx8-MOC-106121-5-60x60.jpg 60w, https:\/\/mouldking.store\/wp-content\/uploads\/2022\/12\/TIE-Aethernight-TIEx8-MOC-106121-5-90x90.jpg 90w, https:\/\/mouldking.store\/wp-content\/uploads\/2022\/12\/TIE-Aethernight-TIEx8-MOC-106121-5.jpg 1100w\" sizes=\"(max-width: 1024px) 100vw, 1024px\" \/><figcaption id=\"caption-attachment-38421\" class=\"wp-caption-text\">MOC-106121 TIE Aethernight (TIE\/x8) avec 1161 pi\u00e8ces<\/figcaption><\/figure>\n<figure id=\"attachment_38422\" aria-describedby=\"caption-attachment-38422\" style=\"width: 1024px\" class=\"wp-caption aligncenter\"><img loading=\"lazy\" decoding=\"async\" class=\"wp-image-38422 size-large\" src=\"https:\/\/mouldking.store\/wp-content\/uploads\/2022\/12\/TIE-Aethernight-TIEx8-MOC-106121-6-1024x1024.jpg\" alt=\"MOC-106121 TIE Aethernight (TIE\/x8) With 1161 Pieces\" width=\"1024\" height=\"1024\" title=\"-\" srcset=\"https:\/\/mouldking.store\/wp-content\/uploads\/2022\/12\/TIE-Aethernight-TIEx8-MOC-106121-6-1024x1024.jpg 1024w, https:\/\/mouldking.store\/wp-content\/uploads\/2022\/12\/TIE-Aethernight-TIEx8-MOC-106121-6-300x300.jpg 300w, https:\/\/mouldking.store\/wp-content\/uploads\/2022\/12\/TIE-Aethernight-TIEx8-MOC-106121-6-768x768.jpg 768w, https:\/\/mouldking.store\/wp-content\/uploads\/2022\/12\/TIE-Aethernight-TIEx8-MOC-106121-6-600x600.jpg 600w, https:\/\/mouldking.store\/wp-content\/uploads\/2022\/12\/TIE-Aethernight-TIEx8-MOC-106121-6-150x150.jpg 150w, https:\/\/mouldking.store\/wp-content\/uploads\/2022\/12\/TIE-Aethernight-TIEx8-MOC-106121-6-60x60.jpg 60w, https:\/\/mouldking.store\/wp-content\/uploads\/2022\/12\/TIE-Aethernight-TIEx8-MOC-106121-6-90x90.jpg 90w, https:\/\/mouldking.store\/wp-content\/uploads\/2022\/12\/TIE-Aethernight-TIEx8-MOC-106121-6.jpg 1100w\" sizes=\"(max-width: 1024px) 100vw, 1024px\" \/><figcaption id=\"caption-attachment-38422\" class=\"wp-caption-text\">MOC-106121 TIE Aethernight (TIE\/x8) avec 1161 pi\u00e8ces<\/figcaption><\/figure>","protected":false},"excerpt":{"rendered":"<p>Instructions de construction PDF<\/p>\n<p>Sans bo\u00eete d&#039;origine<\/p>\n<p>Temps d&#039;arrangement\u00a0: 4 \u00e0 8\u00a0semaines<\/p>","protected":false},"featured_media":38416,"comment_status":"closed","ping_status":"closed","template":"","meta":{"_acf_changed":false},"product_cat":[1406,415],"product_tag":[9821,430,9820,9825,9819,5532,9823,9824,9822],"class_list":["product","first","instock","shipping-taxable","purchasable","product-type-simple"],"acf":[],"_links":{"self":[{"href":"https:\/\/mouldking.store\/fr\/wp-json\/wp\/v2\/product\/38415","targetHints":{"allow":["GET"]}}],"collection":[{"href":"https:\/\/mouldking.store\/fr\/wp-json\/wp\/v2\/product"}],"about":[{"href":"https:\/\/mouldking.store\/fr\/wp-json\/wp\/v2\/types\/product"}],"replies":[{"embeddable":true,"href":"https:\/\/mouldking.store\/fr\/wp-json\/wp\/v2\/comments?post=38415"}],"wp:featuredmedia":[{"embeddable":true,"href":"https:\/\/mouldking.store\/fr\/wp-json\/wp\/v2\/media\/38416"}],"wp:attachment":[{"href":"https:\/\/mouldking.store\/fr\/wp-json\/wp\/v2\/media?parent=38415"}],"wp:term":[{"taxonomy":"product_cat","embeddable":true,"href":"https:\/\/mouldking.store\/fr\/wp-json\/wp\/v2\/product_cat?post=38415"},{"taxonomy":"product_tag","embeddable":true,"href":"https:\/\/mouldking.store\/fr\/wp-json\/wp\/v2\/product_tag?post=38415"}],"curies":[{"name":"wp","href":"https:\/\/api.w.org\/{rel}","templated":true}]}}