{"id":38435,"date":"2022-12-21T17:57:38","date_gmt":"2022-12-21T10:57:38","guid":{"rendered":"https:\/\/mouldking.store\/?post_type=product&#038;p=38435"},"modified":"2025-12-25T09:12:02","modified_gmt":"2025-12-25T02:12:02","slug":"moc-106890-tie-aggressor-tie-ag-with-1105-pieces","status":"publish","type":"product","link":"https:\/\/mouldking.store\/fr\/shop\/moc-106890-tie-aggressor-tie-ag-with-1105-pieces\/","title":{"rendered":"MOC-106890 TIE Aggressor (TIE\/ag) avec 1105 pi\u00e8ces"},"content":{"rendered":"<ol>\n<li>Marque : MOC<\/li>\n<li>Genre: Unisexe<\/li>\n<li>Name: TIE Aggressor (TIE\/ag)<\/li>\n<li>Tranche d&#039;\u00e2ge : &gt; 6 ans<\/li>\n<li>Model Number: 106890<\/li>\n<li>Classement : Assemblage<\/li>\n<li>Forme de bloc en plastique\u00a0: briques autobloquantes<\/li>\n<li>Mat\u00e9riel: Plastique<\/li>\n<li>Type de plastique : ABS<\/li>\n<li>Bricks Blocks:1105\u00a0PCS<\/li>\n<li>Dimensions: 27.2 x 22.5 x 15.7cm<\/li>\n<li>Poids\u00a0: 1\u00a0100\u00a0g<\/li>\n<li>Contient des instructions de montage d\u00e9taill\u00e9es.<\/li>\n<\/ol>\n<p>Avis:<br \/>\n1. Sans bo\u00eete d&#039;origine, mais nous garantissons que nos produits ont une assurance qualit\u00e9 et un bel emballage.<br \/>\n2. Comme toutes les pi\u00e8ces que nous avons v\u00e9rifi\u00e9es avant l&#039;exp\u00e9dition, donc si vous trouvez des pi\u00e8ces manquantes ou endommag\u00e9es, ne vous inqui\u00e9tez pas et veuillez nous contacter et nous pouvons vous les renvoyer imm\u00e9diatement gratuitement.<\/p>\n<figure id=\"attachment_38436\" aria-describedby=\"caption-attachment-38436\" style=\"width: 1024px\" class=\"wp-caption aligncenter\"><img fetchpriority=\"high\" decoding=\"async\" class=\"wp-image-38436 size-large\" src=\"https:\/\/mouldking.store\/wp-content\/uploads\/2022\/12\/MOC-106890-Star-Wars-TIE-Aggressor-TIEag-MOC-FACTORY-1024x1024.png\" alt=\"MOC-106890 TIE Aggressor (TIE\/ag) With 1105 Pieces\" width=\"1024\" height=\"1024\" title=\"-\" srcset=\"https:\/\/mouldking.store\/wp-content\/uploads\/2022\/12\/MOC-106890-Star-Wars-TIE-Aggressor-TIEag-MOC-FACTORY-1024x1024.png 1024w, https:\/\/mouldking.store\/wp-content\/uploads\/2022\/12\/MOC-106890-Star-Wars-TIE-Aggressor-TIEag-MOC-FACTORY-300x300.png 300w, https:\/\/mouldking.store\/wp-content\/uploads\/2022\/12\/MOC-106890-Star-Wars-TIE-Aggressor-TIEag-MOC-FACTORY-768x768.png 768w, https:\/\/mouldking.store\/wp-content\/uploads\/2022\/12\/MOC-106890-Star-Wars-TIE-Aggressor-TIEag-MOC-FACTORY-600x600.png 600w, https:\/\/mouldking.store\/wp-content\/uploads\/2022\/12\/MOC-106890-Star-Wars-TIE-Aggressor-TIEag-MOC-FACTORY-150x150.png 150w, https:\/\/mouldking.store\/wp-content\/uploads\/2022\/12\/MOC-106890-Star-Wars-TIE-Aggressor-TIEag-MOC-FACTORY-60x60.png 60w, https:\/\/mouldking.store\/wp-content\/uploads\/2022\/12\/MOC-106890-Star-Wars-TIE-Aggressor-TIEag-MOC-FACTORY-90x90.png 90w, https:\/\/mouldking.store\/wp-content\/uploads\/2022\/12\/MOC-106890-Star-Wars-TIE-Aggressor-TIEag-MOC-FACTORY.png 1095w\" sizes=\"(max-width: 1024px) 100vw, 1024px\" \/><figcaption id=\"caption-attachment-38436\" class=\"wp-caption-text\">MOC-106890 TIE Aggressor (TIE\/ag) avec 1105 pi\u00e8ces<\/figcaption><\/figure>\n<figure id=\"attachment_38437\" aria-describedby=\"caption-attachment-38437\" style=\"width: 1024px\" class=\"wp-caption aligncenter\"><img decoding=\"async\" class=\"wp-image-38437 size-large\" src=\"https:\/\/mouldking.store\/wp-content\/uploads\/2022\/12\/TIE-Aggressor-TIEag-MOC-106890-1-1024x1024.jpg\" alt=\"MOC-106890 TIE Aggressor (TIE\/ag) With 1105 Pieces\" width=\"1024\" height=\"1024\" title=\"-\" srcset=\"https:\/\/mouldking.store\/wp-content\/uploads\/2022\/12\/TIE-Aggressor-TIEag-MOC-106890-1-1024x1024.jpg 1024w, https:\/\/mouldking.store\/wp-content\/uploads\/2022\/12\/TIE-Aggressor-TIEag-MOC-106890-1-300x300.jpg 300w, https:\/\/mouldking.store\/wp-content\/uploads\/2022\/12\/TIE-Aggressor-TIEag-MOC-106890-1-768x768.jpg 768w, https:\/\/mouldking.store\/wp-content\/uploads\/2022\/12\/TIE-Aggressor-TIEag-MOC-106890-1-600x600.jpg 600w, https:\/\/mouldking.store\/wp-content\/uploads\/2022\/12\/TIE-Aggressor-TIEag-MOC-106890-1-150x150.jpg 150w, https:\/\/mouldking.store\/wp-content\/uploads\/2022\/12\/TIE-Aggressor-TIEag-MOC-106890-1-60x60.jpg 60w, https:\/\/mouldking.store\/wp-content\/uploads\/2022\/12\/TIE-Aggressor-TIEag-MOC-106890-1-90x90.jpg 90w, https:\/\/mouldking.store\/wp-content\/uploads\/2022\/12\/TIE-Aggressor-TIEag-MOC-106890-1.jpg 1100w\" sizes=\"(max-width: 1024px) 100vw, 1024px\" \/><figcaption id=\"caption-attachment-38437\" class=\"wp-caption-text\">MOC-106890 TIE Aggressor (TIE\/ag) avec 1105 pi\u00e8ces<\/figcaption><\/figure>\n<figure id=\"attachment_38438\" aria-describedby=\"caption-attachment-38438\" style=\"width: 1024px\" class=\"wp-caption aligncenter\"><img decoding=\"async\" class=\"wp-image-38438 size-large\" src=\"https:\/\/mouldking.store\/wp-content\/uploads\/2022\/12\/TIE-Aggressor-TIEag-MOC-106890-2-1024x1024.jpg\" alt=\"MOC-106890 TIE Aggressor (TIE\/ag) With 1105 Pieces\" width=\"1024\" height=\"1024\" title=\"-\" srcset=\"https:\/\/mouldking.store\/wp-content\/uploads\/2022\/12\/TIE-Aggressor-TIEag-MOC-106890-2-1024x1024.jpg 1024w, https:\/\/mouldking.store\/wp-content\/uploads\/2022\/12\/TIE-Aggressor-TIEag-MOC-106890-2-300x300.jpg 300w, https:\/\/mouldking.store\/wp-content\/uploads\/2022\/12\/TIE-Aggressor-TIEag-MOC-106890-2-768x768.jpg 768w, https:\/\/mouldking.store\/wp-content\/uploads\/2022\/12\/TIE-Aggressor-TIEag-MOC-106890-2-600x600.jpg 600w, https:\/\/mouldking.store\/wp-content\/uploads\/2022\/12\/TIE-Aggressor-TIEag-MOC-106890-2-150x150.jpg 150w, https:\/\/mouldking.store\/wp-content\/uploads\/2022\/12\/TIE-Aggressor-TIEag-MOC-106890-2-60x60.jpg 60w, https:\/\/mouldking.store\/wp-content\/uploads\/2022\/12\/TIE-Aggressor-TIEag-MOC-106890-2-90x90.jpg 90w, https:\/\/mouldking.store\/wp-content\/uploads\/2022\/12\/TIE-Aggressor-TIEag-MOC-106890-2.jpg 1100w\" sizes=\"(max-width: 1024px) 100vw, 1024px\" \/><figcaption id=\"caption-attachment-38438\" class=\"wp-caption-text\">MOC-106890 TIE Aggressor (TIE\/ag) avec 1105 pi\u00e8ces<\/figcaption><\/figure>\n<figure id=\"attachment_38439\" aria-describedby=\"caption-attachment-38439\" style=\"width: 1100px\" class=\"wp-caption aligncenter\"><img loading=\"lazy\" decoding=\"async\" class=\"wp-image-38439 size-full\" src=\"https:\/\/mouldking.store\/wp-content\/uploads\/2022\/12\/TIE-Aggressor-TIEag-MOC-106890-3.jpg\" alt=\"MOC-106890 TIE Aggressor (TIE\/ag) With 1105 Pieces\" width=\"1100\" height=\"1100\" title=\"-\" srcset=\"https:\/\/mouldking.store\/wp-content\/uploads\/2022\/12\/TIE-Aggressor-TIEag-MOC-106890-3.jpg 1100w, https:\/\/mouldking.store\/wp-content\/uploads\/2022\/12\/TIE-Aggressor-TIEag-MOC-106890-3-300x300.jpg 300w, https:\/\/mouldking.store\/wp-content\/uploads\/2022\/12\/TIE-Aggressor-TIEag-MOC-106890-3-1024x1024.jpg 1024w, https:\/\/mouldking.store\/wp-content\/uploads\/2022\/12\/TIE-Aggressor-TIEag-MOC-106890-3-768x768.jpg 768w, https:\/\/mouldking.store\/wp-content\/uploads\/2022\/12\/TIE-Aggressor-TIEag-MOC-106890-3-600x600.jpg 600w, https:\/\/mouldking.store\/wp-content\/uploads\/2022\/12\/TIE-Aggressor-TIEag-MOC-106890-3-150x150.jpg 150w, https:\/\/mouldking.store\/wp-content\/uploads\/2022\/12\/TIE-Aggressor-TIEag-MOC-106890-3-60x60.jpg 60w, https:\/\/mouldking.store\/wp-content\/uploads\/2022\/12\/TIE-Aggressor-TIEag-MOC-106890-3-90x90.jpg 90w\" sizes=\"(max-width: 1100px) 100vw, 1100px\" \/><figcaption id=\"caption-attachment-38439\" class=\"wp-caption-text\">MOC-106890 TIE Aggressor (TIE\/ag) avec 1105 pi\u00e8ces<\/figcaption><\/figure>\n<figure id=\"attachment_38440\" aria-describedby=\"caption-attachment-38440\" style=\"width: 1100px\" class=\"wp-caption aligncenter\"><img loading=\"lazy\" decoding=\"async\" class=\"wp-image-38440 size-full\" src=\"https:\/\/mouldking.store\/wp-content\/uploads\/2022\/12\/TIE-Aggressor-TIEag-MOC-106890-4.jpg\" alt=\"MOC-106890 TIE Aggressor (TIE\/ag) With 1105 Pieces\" width=\"1100\" height=\"1100\" title=\"-\" srcset=\"https:\/\/mouldking.store\/wp-content\/uploads\/2022\/12\/TIE-Aggressor-TIEag-MOC-106890-4.jpg 1100w, https:\/\/mouldking.store\/wp-content\/uploads\/2022\/12\/TIE-Aggressor-TIEag-MOC-106890-4-300x300.jpg 300w, https:\/\/mouldking.store\/wp-content\/uploads\/2022\/12\/TIE-Aggressor-TIEag-MOC-106890-4-1024x1024.jpg 1024w, https:\/\/mouldking.store\/wp-content\/uploads\/2022\/12\/TIE-Aggressor-TIEag-MOC-106890-4-768x768.jpg 768w, https:\/\/mouldking.store\/wp-content\/uploads\/2022\/12\/TIE-Aggressor-TIEag-MOC-106890-4-600x600.jpg 600w, https:\/\/mouldking.store\/wp-content\/uploads\/2022\/12\/TIE-Aggressor-TIEag-MOC-106890-4-150x150.jpg 150w, https:\/\/mouldking.store\/wp-content\/uploads\/2022\/12\/TIE-Aggressor-TIEag-MOC-106890-4-60x60.jpg 60w, https:\/\/mouldking.store\/wp-content\/uploads\/2022\/12\/TIE-Aggressor-TIEag-MOC-106890-4-90x90.jpg 90w\" sizes=\"(max-width: 1100px) 100vw, 1100px\" \/><figcaption id=\"caption-attachment-38440\" class=\"wp-caption-text\">MOC-106890 TIE Aggressor (TIE\/ag) avec 1105 pi\u00e8ces<\/figcaption><\/figure>\n<figure id=\"attachment_38441\" aria-describedby=\"caption-attachment-38441\" style=\"width: 1100px\" class=\"wp-caption aligncenter\"><img loading=\"lazy\" decoding=\"async\" class=\"wp-image-38441 size-full\" src=\"https:\/\/mouldking.store\/wp-content\/uploads\/2022\/12\/TIE-Aggressor-TIEag-MOC-106890-5.jpg\" alt=\"MOC-106890 TIE Aggressor (TIE\/ag) With 1105 Pieces\" width=\"1100\" height=\"1100\" title=\"-\" srcset=\"https:\/\/mouldking.store\/wp-content\/uploads\/2022\/12\/TIE-Aggressor-TIEag-MOC-106890-5.jpg 1100w, https:\/\/mouldking.store\/wp-content\/uploads\/2022\/12\/TIE-Aggressor-TIEag-MOC-106890-5-300x300.jpg 300w, https:\/\/mouldking.store\/wp-content\/uploads\/2022\/12\/TIE-Aggressor-TIEag-MOC-106890-5-1024x1024.jpg 1024w, https:\/\/mouldking.store\/wp-content\/uploads\/2022\/12\/TIE-Aggressor-TIEag-MOC-106890-5-768x768.jpg 768w, https:\/\/mouldking.store\/wp-content\/uploads\/2022\/12\/TIE-Aggressor-TIEag-MOC-106890-5-600x600.jpg 600w, https:\/\/mouldking.store\/wp-content\/uploads\/2022\/12\/TIE-Aggressor-TIEag-MOC-106890-5-150x150.jpg 150w, https:\/\/mouldking.store\/wp-content\/uploads\/2022\/12\/TIE-Aggressor-TIEag-MOC-106890-5-60x60.jpg 60w, https:\/\/mouldking.store\/wp-content\/uploads\/2022\/12\/TIE-Aggressor-TIEag-MOC-106890-5-90x90.jpg 90w\" sizes=\"(max-width: 1100px) 100vw, 1100px\" \/><figcaption id=\"caption-attachment-38441\" class=\"wp-caption-text\">MOC-106890 TIE Aggressor (TIE\/ag) avec 1105 pi\u00e8ces<\/figcaption><\/figure>\n<figure id=\"attachment_38442\" aria-describedby=\"caption-attachment-38442\" style=\"width: 1024px\" class=\"wp-caption aligncenter\"><img loading=\"lazy\" decoding=\"async\" class=\"wp-image-38442 size-large\" src=\"https:\/\/mouldking.store\/wp-content\/uploads\/2022\/12\/TIE-Aggressor-TIEag-MOC-106890-6-1024x1024.jpg\" alt=\"MOC-106890 TIE Aggressor (TIE\/ag) With 1105 Pieces\" width=\"1024\" height=\"1024\" title=\"-\" srcset=\"https:\/\/mouldking.store\/wp-content\/uploads\/2022\/12\/TIE-Aggressor-TIEag-MOC-106890-6-1024x1024.jpg 1024w, https:\/\/mouldking.store\/wp-content\/uploads\/2022\/12\/TIE-Aggressor-TIEag-MOC-106890-6-300x300.jpg 300w, https:\/\/mouldking.store\/wp-content\/uploads\/2022\/12\/TIE-Aggressor-TIEag-MOC-106890-6-768x768.jpg 768w, https:\/\/mouldking.store\/wp-content\/uploads\/2022\/12\/TIE-Aggressor-TIEag-MOC-106890-6-600x600.jpg 600w, https:\/\/mouldking.store\/wp-content\/uploads\/2022\/12\/TIE-Aggressor-TIEag-MOC-106890-6-150x150.jpg 150w, https:\/\/mouldking.store\/wp-content\/uploads\/2022\/12\/TIE-Aggressor-TIEag-MOC-106890-6-60x60.jpg 60w, https:\/\/mouldking.store\/wp-content\/uploads\/2022\/12\/TIE-Aggressor-TIEag-MOC-106890-6-90x90.jpg 90w, https:\/\/mouldking.store\/wp-content\/uploads\/2022\/12\/TIE-Aggressor-TIEag-MOC-106890-6.jpg 1100w\" sizes=\"(max-width: 1024px) 100vw, 1024px\" \/><figcaption id=\"caption-attachment-38442\" class=\"wp-caption-text\">MOC-106890 TIE Aggressor (TIE\/ag) avec 1105 pi\u00e8ces<\/figcaption><\/figure>","protected":false},"excerpt":{"rendered":"<p>Instructions de construction PDF<\/p>\n<p>Sans bo\u00eete d&#039;origine<\/p>\n<p>Temps d&#039;arrangement\u00a0: 4 \u00e0 8\u00a0semaines<\/p>","protected":false},"featured_media":38436,"comment_status":"closed","ping_status":"closed","template":"","meta":{"_acf_changed":false},"product_cat":[1406,415],"product_tag":[9835,430,9834,9839,9833,5532,9836,9838,9837],"class_list":["product","first","instock","shipping-taxable","purchasable","product-type-simple"],"acf":[],"_links":{"self":[{"href":"https:\/\/mouldking.store\/fr\/wp-json\/wp\/v2\/product\/38435","targetHints":{"allow":["GET"]}}],"collection":[{"href":"https:\/\/mouldking.store\/fr\/wp-json\/wp\/v2\/product"}],"about":[{"href":"https:\/\/mouldking.store\/fr\/wp-json\/wp\/v2\/types\/product"}],"replies":[{"embeddable":true,"href":"https:\/\/mouldking.store\/fr\/wp-json\/wp\/v2\/comments?post=38435"}],"wp:featuredmedia":[{"embeddable":true,"href":"https:\/\/mouldking.store\/fr\/wp-json\/wp\/v2\/media\/38436"}],"wp:attachment":[{"href":"https:\/\/mouldking.store\/fr\/wp-json\/wp\/v2\/media?parent=38435"}],"wp:term":[{"taxonomy":"product_cat","embeddable":true,"href":"https:\/\/mouldking.store\/fr\/wp-json\/wp\/v2\/product_cat?post=38435"},{"taxonomy":"product_tag","embeddable":true,"href":"https:\/\/mouldking.store\/fr\/wp-json\/wp\/v2\/product_tag?post=38435"}],"curies":[{"name":"wp","href":"https:\/\/api.w.org\/{rel}","templated":true}]}}