{"id":38465,"date":"2022-12-22T10:08:08","date_gmt":"2022-12-22T03:08:08","guid":{"rendered":"https:\/\/mouldking.store\/?post_type=product&#038;p=38465"},"modified":"2025-12-25T09:12:00","modified_gmt":"2025-12-25T02:12:00","slug":"moc-65505-br-310-kof-ii-with-331-pieces","status":"publish","type":"product","link":"https:\/\/mouldking.store\/fr\/shop\/moc-65505-br-310-kof-ii-with-331-pieces\/","title":{"rendered":"MOC-65505 Br 310 \/ K\u00d6F II avec 331 pi\u00e8ces"},"content":{"rendered":"<ol>\n<li>Marque : MOC<\/li>\n<li>Genre: Unisexe<\/li>\n<li>Name: Br 310 \/ K\u00d6F II<\/li>\n<li>Tranche d&#039;\u00e2ge : &gt; 6 ans<\/li>\n<li>Model Number: 65505<\/li>\n<li>Classement : Assemblage<\/li>\n<li>Forme de bloc en plastique\u00a0: briques autobloquantes<\/li>\n<li>Mat\u00e9riel: Plastique<\/li>\n<li>Type de plastique : ABS<\/li>\n<li>Bricks Blocks:331 PCS<\/li>\n<li>Poids\u00a0: 200\u00a0g<\/li>\n<li>Contient des instructions de montage d\u00e9taill\u00e9es.<\/li>\n<\/ol>\n<p>Avis:<br \/>\n1. Sans bo\u00eete d&#039;origine, mais nous garantissons que nos produits ont une assurance qualit\u00e9 et un bel emballage.<br \/>\n2. Comme toutes les pi\u00e8ces que nous avons v\u00e9rifi\u00e9es avant l&#039;exp\u00e9dition, donc si vous trouvez des pi\u00e8ces manquantes ou endommag\u00e9es, ne vous inqui\u00e9tez pas et veuillez nous contacter et nous pouvons vous les renvoyer imm\u00e9diatement gratuitement.<\/p>\n<figure id=\"attachment_38466\" aria-describedby=\"caption-attachment-38466\" style=\"width: 1024px\" class=\"wp-caption aligncenter\"><img fetchpriority=\"high\" decoding=\"async\" class=\"wp-image-38466 size-large\" src=\"https:\/\/mouldking.store\/wp-content\/uploads\/2022\/12\/MOC-65505-Technic-Br-310-KOF-II-MOC-FACTORY-1024x1024.png\" alt=\"MOC-65505 Br 310 \/ K\u00d6F II With 331 Pieces\" width=\"1024\" height=\"1024\" title=\"-\" srcset=\"https:\/\/mouldking.store\/wp-content\/uploads\/2022\/12\/MOC-65505-Technic-Br-310-KOF-II-MOC-FACTORY-1024x1024.png 1024w, https:\/\/mouldking.store\/wp-content\/uploads\/2022\/12\/MOC-65505-Technic-Br-310-KOF-II-MOC-FACTORY-300x300.png 300w, https:\/\/mouldking.store\/wp-content\/uploads\/2022\/12\/MOC-65505-Technic-Br-310-KOF-II-MOC-FACTORY-768x768.png 768w, https:\/\/mouldking.store\/wp-content\/uploads\/2022\/12\/MOC-65505-Technic-Br-310-KOF-II-MOC-FACTORY-600x600.png 600w, https:\/\/mouldking.store\/wp-content\/uploads\/2022\/12\/MOC-65505-Technic-Br-310-KOF-II-MOC-FACTORY-150x150.png 150w, https:\/\/mouldking.store\/wp-content\/uploads\/2022\/12\/MOC-65505-Technic-Br-310-KOF-II-MOC-FACTORY-60x60.png 60w, https:\/\/mouldking.store\/wp-content\/uploads\/2022\/12\/MOC-65505-Technic-Br-310-KOF-II-MOC-FACTORY-90x90.png 90w, https:\/\/mouldking.store\/wp-content\/uploads\/2022\/12\/MOC-65505-Technic-Br-310-KOF-II-MOC-FACTORY.png 1095w\" sizes=\"(max-width: 1024px) 100vw, 1024px\" \/><figcaption id=\"caption-attachment-38466\" class=\"wp-caption-text\">MOC-65505 Br 310 \/ K\u00d6F II avec 331 pi\u00e8ces<\/figcaption><\/figure>\n<figure id=\"attachment_38467\" aria-describedby=\"caption-attachment-38467\" style=\"width: 1024px\" class=\"wp-caption aligncenter\"><img decoding=\"async\" class=\"wp-image-38467 size-large\" src=\"https:\/\/mouldking.store\/wp-content\/uploads\/2022\/12\/Br-310-KOF-II-MOC-65505-1-1024x1024.jpg\" alt=\"MOC-65505 Br 310 \/ K\u00d6F II With 331 Pieces\" width=\"1024\" height=\"1024\" title=\"-\" srcset=\"https:\/\/mouldking.store\/wp-content\/uploads\/2022\/12\/Br-310-KOF-II-MOC-65505-1-1024x1024.jpg 1024w, https:\/\/mouldking.store\/wp-content\/uploads\/2022\/12\/Br-310-KOF-II-MOC-65505-1-300x300.jpg 300w, https:\/\/mouldking.store\/wp-content\/uploads\/2022\/12\/Br-310-KOF-II-MOC-65505-1-768x768.jpg 768w, https:\/\/mouldking.store\/wp-content\/uploads\/2022\/12\/Br-310-KOF-II-MOC-65505-1-600x600.jpg 600w, https:\/\/mouldking.store\/wp-content\/uploads\/2022\/12\/Br-310-KOF-II-MOC-65505-1-150x150.jpg 150w, https:\/\/mouldking.store\/wp-content\/uploads\/2022\/12\/Br-310-KOF-II-MOC-65505-1-60x60.jpg 60w, https:\/\/mouldking.store\/wp-content\/uploads\/2022\/12\/Br-310-KOF-II-MOC-65505-1-90x90.jpg 90w, https:\/\/mouldking.store\/wp-content\/uploads\/2022\/12\/Br-310-KOF-II-MOC-65505-1.jpg 1100w\" sizes=\"(max-width: 1024px) 100vw, 1024px\" \/><figcaption id=\"caption-attachment-38467\" class=\"wp-caption-text\">MOC-65505 Br 310 \/ K\u00d6F II avec 331 pi\u00e8ces<\/figcaption><\/figure>\n<figure id=\"attachment_38468\" aria-describedby=\"caption-attachment-38468\" style=\"width: 1100px\" class=\"wp-caption aligncenter\"><img decoding=\"async\" class=\"wp-image-38468 size-full\" src=\"https:\/\/mouldking.store\/wp-content\/uploads\/2022\/12\/Br-310-KOF-II-MOC-65505-2.jpg\" alt=\"MOC-65505 Br 310 \/ K\u00d6F II With 331 Pieces\" width=\"1100\" height=\"1100\" title=\"-\" srcset=\"https:\/\/mouldking.store\/wp-content\/uploads\/2022\/12\/Br-310-KOF-II-MOC-65505-2.jpg 1100w, https:\/\/mouldking.store\/wp-content\/uploads\/2022\/12\/Br-310-KOF-II-MOC-65505-2-300x300.jpg 300w, https:\/\/mouldking.store\/wp-content\/uploads\/2022\/12\/Br-310-KOF-II-MOC-65505-2-1024x1024.jpg 1024w, https:\/\/mouldking.store\/wp-content\/uploads\/2022\/12\/Br-310-KOF-II-MOC-65505-2-768x768.jpg 768w, https:\/\/mouldking.store\/wp-content\/uploads\/2022\/12\/Br-310-KOF-II-MOC-65505-2-600x600.jpg 600w, https:\/\/mouldking.store\/wp-content\/uploads\/2022\/12\/Br-310-KOF-II-MOC-65505-2-150x150.jpg 150w, https:\/\/mouldking.store\/wp-content\/uploads\/2022\/12\/Br-310-KOF-II-MOC-65505-2-60x60.jpg 60w, https:\/\/mouldking.store\/wp-content\/uploads\/2022\/12\/Br-310-KOF-II-MOC-65505-2-90x90.jpg 90w\" sizes=\"(max-width: 1100px) 100vw, 1100px\" \/><figcaption id=\"caption-attachment-38468\" class=\"wp-caption-text\">MOC-65505 Br 310 \/ K\u00d6F II avec 331 pi\u00e8ces<\/figcaption><\/figure>\n<figure id=\"attachment_38469\" aria-describedby=\"caption-attachment-38469\" style=\"width: 1024px\" class=\"wp-caption aligncenter\"><img loading=\"lazy\" decoding=\"async\" class=\"wp-image-38469 size-large\" src=\"https:\/\/mouldking.store\/wp-content\/uploads\/2022\/12\/Br-310-KOF-II-MOC-65505-3-1024x1024.jpg\" alt=\"MOC-65505 Br 310 \/ K\u00d6F II With 331 Pieces\" width=\"1024\" height=\"1024\" title=\"-\" srcset=\"https:\/\/mouldking.store\/wp-content\/uploads\/2022\/12\/Br-310-KOF-II-MOC-65505-3-1024x1024.jpg 1024w, https:\/\/mouldking.store\/wp-content\/uploads\/2022\/12\/Br-310-KOF-II-MOC-65505-3-300x300.jpg 300w, https:\/\/mouldking.store\/wp-content\/uploads\/2022\/12\/Br-310-KOF-II-MOC-65505-3-768x768.jpg 768w, https:\/\/mouldking.store\/wp-content\/uploads\/2022\/12\/Br-310-KOF-II-MOC-65505-3-600x600.jpg 600w, https:\/\/mouldking.store\/wp-content\/uploads\/2022\/12\/Br-310-KOF-II-MOC-65505-3-150x150.jpg 150w, https:\/\/mouldking.store\/wp-content\/uploads\/2022\/12\/Br-310-KOF-II-MOC-65505-3-60x60.jpg 60w, https:\/\/mouldking.store\/wp-content\/uploads\/2022\/12\/Br-310-KOF-II-MOC-65505-3-90x90.jpg 90w, https:\/\/mouldking.store\/wp-content\/uploads\/2022\/12\/Br-310-KOF-II-MOC-65505-3.jpg 1100w\" sizes=\"(max-width: 1024px) 100vw, 1024px\" \/><figcaption id=\"caption-attachment-38469\" class=\"wp-caption-text\">MOC-65505 Br 310 \/ K\u00d6F II avec 331 pi\u00e8ces<\/figcaption><\/figure>","protected":false},"excerpt":{"rendered":"<p>Instructions de construction PDF<\/p>\n<p>Sans bo\u00eete d&#039;origine<\/p>\n<p>Temps d&#039;arrangement\u00a0: 4 \u00e0 8\u00a0semaines<\/p>","protected":false},"featured_media":38466,"comment_status":"closed","ping_status":"closed","template":"","meta":{"_acf_changed":false},"product_cat":[1357,1406],"product_tag":[9862,9864,9863,430,9861,9865,9860],"class_list":["product","first","instock","shipping-taxable","purchasable","product-type-simple"],"acf":[],"_links":{"self":[{"href":"https:\/\/mouldking.store\/fr\/wp-json\/wp\/v2\/product\/38465","targetHints":{"allow":["GET"]}}],"collection":[{"href":"https:\/\/mouldking.store\/fr\/wp-json\/wp\/v2\/product"}],"about":[{"href":"https:\/\/mouldking.store\/fr\/wp-json\/wp\/v2\/types\/product"}],"replies":[{"embeddable":true,"href":"https:\/\/mouldking.store\/fr\/wp-json\/wp\/v2\/comments?post=38465"}],"wp:featuredmedia":[{"embeddable":true,"href":"https:\/\/mouldking.store\/fr\/wp-json\/wp\/v2\/media\/38466"}],"wp:attachment":[{"href":"https:\/\/mouldking.store\/fr\/wp-json\/wp\/v2\/media?parent=38465"}],"wp:term":[{"taxonomy":"product_cat","embeddable":true,"href":"https:\/\/mouldking.store\/fr\/wp-json\/wp\/v2\/product_cat?post=38465"},{"taxonomy":"product_tag","embeddable":true,"href":"https:\/\/mouldking.store\/fr\/wp-json\/wp\/v2\/product_tag?post=38465"}],"curies":[{"name":"wp","href":"https:\/\/api.w.org\/{rel}","templated":true}]}}