{"id":38697,"date":"2022-09-23T10:23:10","date_gmt":"2022-09-23T03:23:10","guid":{"rendered":"https:\/\/mouldking.store\/?post_type=product&#038;p=38697"},"modified":"2022-12-23T10:28:43","modified_gmt":"2022-12-23T03:28:43","slug":"52toys-mb-24-actaeon","status":"publish","type":"product","link":"https:\/\/mouldking.store\/fr\/shop\/52toys-mb-24-actaeon\/","title":{"rendered":"52TOYS MB-24 ACTAEON"},"content":{"rendered":"<p>Information produit:<\/p>\n<ol>\n<li>Marque : 52TOYS<\/li>\n<li>Genre: Unisexe<\/li>\n<li>Name: ACTAEON<\/li>\n<li>Tranche d&#039;\u00e2ge : &gt; 6 ans<\/li>\n<li>Model Number: MB-24<\/li>\n<li>Classement : Assemblage<\/li>\n<li>Forme de bloc en plastique\u00a0: briques autobloquantes<\/li>\n<li>Mat\u00e9riel: Plastique<\/li>\n<li>Type de plastique : ABS<\/li>\n<li>Size: \u00a011 cm<\/li>\n<li>Contient des instructions de montage d\u00e9taill\u00e9es.<\/li>\n<\/ol>\n<p>Avis:<br \/>\n1. Sans bo\u00eete d&#039;origine, mais nous garantissons que nos produits ont une assurance qualit\u00e9 et un bel emballage.<br \/>\n2. Comme toutes les pi\u00e8ces que nous avons v\u00e9rifi\u00e9es avant l&#039;exp\u00e9dition, donc si vous trouvez des pi\u00e8ces manquantes ou endommag\u00e9es, ne vous inqui\u00e9tez pas et veuillez nous contacter et nous pouvons vous les renvoyer imm\u00e9diatement gratuitement.<\/p>\n<figure id=\"attachment_38699\" aria-describedby=\"caption-attachment-38699\" style=\"width: 800px\" class=\"wp-caption aligncenter\"><img fetchpriority=\"high\" decoding=\"async\" class=\"wp-image-38699 size-full\" src=\"https:\/\/mouldking.store\/wp-content\/uploads\/2022\/12\/52TOYS-MEGABOX-MB-24-ACTAEON-6.jpg\" alt=\"52TOYS MB-24 ACTAEON\" width=\"800\" height=\"800\" title=\"-\" srcset=\"https:\/\/mouldking.store\/wp-content\/uploads\/2022\/12\/52TOYS-MEGABOX-MB-24-ACTAEON-6.jpg 800w, https:\/\/mouldking.store\/wp-content\/uploads\/2022\/12\/52TOYS-MEGABOX-MB-24-ACTAEON-6-300x300.jpg 300w, https:\/\/mouldking.store\/wp-content\/uploads\/2022\/12\/52TOYS-MEGABOX-MB-24-ACTAEON-6-768x768.jpg 768w, https:\/\/mouldking.store\/wp-content\/uploads\/2022\/12\/52TOYS-MEGABOX-MB-24-ACTAEON-6-600x600.jpg 600w, https:\/\/mouldking.store\/wp-content\/uploads\/2022\/12\/52TOYS-MEGABOX-MB-24-ACTAEON-6-150x150.jpg 150w, https:\/\/mouldking.store\/wp-content\/uploads\/2022\/12\/52TOYS-MEGABOX-MB-24-ACTAEON-6-60x60.jpg 60w, https:\/\/mouldking.store\/wp-content\/uploads\/2022\/12\/52TOYS-MEGABOX-MB-24-ACTAEON-6-90x90.jpg 90w\" sizes=\"(max-width: 800px) 100vw, 800px\" \/><figcaption id=\"caption-attachment-38699\" class=\"wp-caption-text\">52TOYS MB-24 ACTAEON<\/figcaption><\/figure>\n<figure id=\"attachment_38700\" aria-describedby=\"caption-attachment-38700\" style=\"width: 800px\" class=\"wp-caption aligncenter\"><img decoding=\"async\" class=\"wp-image-38700 size-full\" src=\"https:\/\/mouldking.store\/wp-content\/uploads\/2022\/12\/52TOYS-MEGABOX-MB-24-ACTAEON-5.jpg\" alt=\"52TOYS MB-24 ACTAEON\" width=\"800\" height=\"800\" title=\"-\" srcset=\"https:\/\/mouldking.store\/wp-content\/uploads\/2022\/12\/52TOYS-MEGABOX-MB-24-ACTAEON-5.jpg 800w, https:\/\/mouldking.store\/wp-content\/uploads\/2022\/12\/52TOYS-MEGABOX-MB-24-ACTAEON-5-300x300.jpg 300w, https:\/\/mouldking.store\/wp-content\/uploads\/2022\/12\/52TOYS-MEGABOX-MB-24-ACTAEON-5-768x768.jpg 768w, https:\/\/mouldking.store\/wp-content\/uploads\/2022\/12\/52TOYS-MEGABOX-MB-24-ACTAEON-5-600x600.jpg 600w, https:\/\/mouldking.store\/wp-content\/uploads\/2022\/12\/52TOYS-MEGABOX-MB-24-ACTAEON-5-150x150.jpg 150w, https:\/\/mouldking.store\/wp-content\/uploads\/2022\/12\/52TOYS-MEGABOX-MB-24-ACTAEON-5-60x60.jpg 60w, https:\/\/mouldking.store\/wp-content\/uploads\/2022\/12\/52TOYS-MEGABOX-MB-24-ACTAEON-5-90x90.jpg 90w\" sizes=\"(max-width: 800px) 100vw, 800px\" \/><figcaption id=\"caption-attachment-38700\" class=\"wp-caption-text\">52TOYS MB-24 ACTAEON<\/figcaption><\/figure>\n<figure id=\"attachment_38701\" aria-describedby=\"caption-attachment-38701\" style=\"width: 800px\" class=\"wp-caption aligncenter\"><img decoding=\"async\" class=\"wp-image-38701 size-full\" src=\"https:\/\/mouldking.store\/wp-content\/uploads\/2022\/12\/52TOYS-MEGABOX-MB-24-ACTAEON-4.jpg\" alt=\"52TOYS MB-24 ACTAEON\" width=\"800\" height=\"800\" title=\"-\" srcset=\"https:\/\/mouldking.store\/wp-content\/uploads\/2022\/12\/52TOYS-MEGABOX-MB-24-ACTAEON-4.jpg 800w, https:\/\/mouldking.store\/wp-content\/uploads\/2022\/12\/52TOYS-MEGABOX-MB-24-ACTAEON-4-300x300.jpg 300w, https:\/\/mouldking.store\/wp-content\/uploads\/2022\/12\/52TOYS-MEGABOX-MB-24-ACTAEON-4-768x768.jpg 768w, https:\/\/mouldking.store\/wp-content\/uploads\/2022\/12\/52TOYS-MEGABOX-MB-24-ACTAEON-4-600x600.jpg 600w, https:\/\/mouldking.store\/wp-content\/uploads\/2022\/12\/52TOYS-MEGABOX-MB-24-ACTAEON-4-150x150.jpg 150w, https:\/\/mouldking.store\/wp-content\/uploads\/2022\/12\/52TOYS-MEGABOX-MB-24-ACTAEON-4-60x60.jpg 60w, https:\/\/mouldking.store\/wp-content\/uploads\/2022\/12\/52TOYS-MEGABOX-MB-24-ACTAEON-4-90x90.jpg 90w\" sizes=\"(max-width: 800px) 100vw, 800px\" \/><figcaption id=\"caption-attachment-38701\" class=\"wp-caption-text\">52TOYS MB-24 ACTAEON<\/figcaption><\/figure>\n<figure id=\"attachment_38702\" aria-describedby=\"caption-attachment-38702\" style=\"width: 800px\" class=\"wp-caption aligncenter\"><img loading=\"lazy\" decoding=\"async\" class=\"wp-image-38702 size-full\" src=\"https:\/\/mouldking.store\/wp-content\/uploads\/2022\/12\/52TOYS-MEGABOX-MB-24-ACTAEON-3.jpg\" alt=\"52TOYS MB-24 ACTAEON\" width=\"800\" height=\"800\" title=\"-\" srcset=\"https:\/\/mouldking.store\/wp-content\/uploads\/2022\/12\/52TOYS-MEGABOX-MB-24-ACTAEON-3.jpg 800w, https:\/\/mouldking.store\/wp-content\/uploads\/2022\/12\/52TOYS-MEGABOX-MB-24-ACTAEON-3-300x300.jpg 300w, https:\/\/mouldking.store\/wp-content\/uploads\/2022\/12\/52TOYS-MEGABOX-MB-24-ACTAEON-3-768x768.jpg 768w, https:\/\/mouldking.store\/wp-content\/uploads\/2022\/12\/52TOYS-MEGABOX-MB-24-ACTAEON-3-600x600.jpg 600w, https:\/\/mouldking.store\/wp-content\/uploads\/2022\/12\/52TOYS-MEGABOX-MB-24-ACTAEON-3-150x150.jpg 150w, https:\/\/mouldking.store\/wp-content\/uploads\/2022\/12\/52TOYS-MEGABOX-MB-24-ACTAEON-3-60x60.jpg 60w, https:\/\/mouldking.store\/wp-content\/uploads\/2022\/12\/52TOYS-MEGABOX-MB-24-ACTAEON-3-90x90.jpg 90w\" sizes=\"(max-width: 800px) 100vw, 800px\" \/><figcaption id=\"caption-attachment-38702\" class=\"wp-caption-text\">52TOYS MB-24 ACTAEON<\/figcaption><\/figure>\n<figure id=\"attachment_38703\" aria-describedby=\"caption-attachment-38703\" style=\"width: 987px\" class=\"wp-caption aligncenter\"><img loading=\"lazy\" decoding=\"async\" class=\"wp-image-38703 size-full\" src=\"https:\/\/mouldking.store\/wp-content\/uploads\/2022\/12\/52TOYS-MEGABOX-MB-24-ACTAEON-2.jpg\" alt=\"52TOYS MB-24 ACTAEON\" width=\"987\" height=\"1024\" title=\"-\" srcset=\"https:\/\/mouldking.store\/wp-content\/uploads\/2022\/12\/52TOYS-MEGABOX-MB-24-ACTAEON-2.jpg 987w, https:\/\/mouldking.store\/wp-content\/uploads\/2022\/12\/52TOYS-MEGABOX-MB-24-ACTAEON-2-289x300.jpg 289w, https:\/\/mouldking.store\/wp-content\/uploads\/2022\/12\/52TOYS-MEGABOX-MB-24-ACTAEON-2-768x797.jpg 768w, https:\/\/mouldking.store\/wp-content\/uploads\/2022\/12\/52TOYS-MEGABOX-MB-24-ACTAEON-2-300x311.jpg 300w, https:\/\/mouldking.store\/wp-content\/uploads\/2022\/12\/52TOYS-MEGABOX-MB-24-ACTAEON-2-600x622.jpg 600w, https:\/\/mouldking.store\/wp-content\/uploads\/2022\/12\/52TOYS-MEGABOX-MB-24-ACTAEON-2-145x150.jpg 145w, https:\/\/mouldking.store\/wp-content\/uploads\/2022\/12\/52TOYS-MEGABOX-MB-24-ACTAEON-2-58x60.jpg 58w, https:\/\/mouldking.store\/wp-content\/uploads\/2022\/12\/52TOYS-MEGABOX-MB-24-ACTAEON-2-87x90.jpg 87w\" sizes=\"(max-width: 987px) 100vw, 987px\" \/><figcaption id=\"caption-attachment-38703\" class=\"wp-caption-text\">52TOYS MB-24 ACTAEON<\/figcaption><\/figure>\n<figure id=\"attachment_38704\" aria-describedby=\"caption-attachment-38704\" style=\"width: 1024px\" class=\"wp-caption aligncenter\"><img loading=\"lazy\" decoding=\"async\" class=\"wp-image-38704 size-full\" src=\"https:\/\/mouldking.store\/wp-content\/uploads\/2022\/12\/52TOYS-MEGABOX-MB-24-ACTAEON-1.jpg\" alt=\"52TOYS MB-24 ACTAEON\" width=\"1024\" height=\"952\" title=\"-\" srcset=\"https:\/\/mouldking.store\/wp-content\/uploads\/2022\/12\/52TOYS-MEGABOX-MB-24-ACTAEON-1.jpg 1024w, https:\/\/mouldking.store\/wp-content\/uploads\/2022\/12\/52TOYS-MEGABOX-MB-24-ACTAEON-1-300x279.jpg 300w, https:\/\/mouldking.store\/wp-content\/uploads\/2022\/12\/52TOYS-MEGABOX-MB-24-ACTAEON-1-768x714.jpg 768w, https:\/\/mouldking.store\/wp-content\/uploads\/2022\/12\/52TOYS-MEGABOX-MB-24-ACTAEON-1-600x558.jpg 600w, https:\/\/mouldking.store\/wp-content\/uploads\/2022\/12\/52TOYS-MEGABOX-MB-24-ACTAEON-1-150x139.jpg 150w, https:\/\/mouldking.store\/wp-content\/uploads\/2022\/12\/52TOYS-MEGABOX-MB-24-ACTAEON-1-65x60.jpg 65w, https:\/\/mouldking.store\/wp-content\/uploads\/2022\/12\/52TOYS-MEGABOX-MB-24-ACTAEON-1-97x90.jpg 97w\" sizes=\"(max-width: 1024px) 100vw, 1024px\" \/><figcaption id=\"caption-attachment-38704\" class=\"wp-caption-text\">52TOYS MB-24 ACTAEON<\/figcaption><\/figure>","protected":false},"excerpt":{"rendered":"<ul>\n<li>Guide de construction manuelle<\/li>\n<li data-wpmeteor-click=\"true\">Le produit n&#039;inclut pas l&#039;autocollant et les pi\u00e8ces imprim\u00e9es. Toutes les pi\u00e8ces imprim\u00e9es seront remplac\u00e9es par des pi\u00e8ces standard et ne seront pas livr\u00e9es avec des accessoires tiers.<\/li>\n<li data-wpmeteor-click=\"true\">PR\u00c9VENDRE<\/li>\n<\/ul>","protected":false},"featured_media":38699,"comment_status":"closed","ping_status":"closed","template":"","meta":{"_acf_changed":false},"product_cat":[1365],"product_tag":[6179,10088,10085,10087,10086],"class_list":["product","first","outofstock","shipping-taxable","purchasable","product-type-simple"],"acf":[],"_links":{"self":[{"href":"https:\/\/mouldking.store\/fr\/wp-json\/wp\/v2\/product\/38697","targetHints":{"allow":["GET"]}}],"collection":[{"href":"https:\/\/mouldking.store\/fr\/wp-json\/wp\/v2\/product"}],"about":[{"href":"https:\/\/mouldking.store\/fr\/wp-json\/wp\/v2\/types\/product"}],"replies":[{"embeddable":true,"href":"https:\/\/mouldking.store\/fr\/wp-json\/wp\/v2\/comments?post=38697"}],"wp:featuredmedia":[{"embeddable":true,"href":"https:\/\/mouldking.store\/fr\/wp-json\/wp\/v2\/media\/38699"}],"wp:attachment":[{"href":"https:\/\/mouldking.store\/fr\/wp-json\/wp\/v2\/media?parent=38697"}],"wp:term":[{"taxonomy":"product_cat","embeddable":true,"href":"https:\/\/mouldking.store\/fr\/wp-json\/wp\/v2\/product_cat?post=38697"},{"taxonomy":"product_tag","embeddable":true,"href":"https:\/\/mouldking.store\/fr\/wp-json\/wp\/v2\/product_tag?post=38697"}],"curies":[{"name":"wp","href":"https:\/\/api.w.org\/{rel}","templated":true}]}}