{"id":38712,"date":"2022-12-23T10:34:12","date_gmt":"2022-12-23T03:34:12","guid":{"rendered":"https:\/\/mouldking.store\/?post_type=product&#038;p=38712"},"modified":"2023-01-31T17:08:29","modified_gmt":"2023-01-31T10:08:29","slug":"tgl-006-1-ferrari-sp3-chrome-purple-with-3778-pieces","status":"publish","type":"product","link":"https:\/\/mouldking.store\/fr\/shop\/tgl-006-1-ferrari-sp3-chrome-purple-with-3778-pieces\/","title":{"rendered":"TGL 006-1 Ferrari SP3-Chrome Violet Avec 3778 Pi\u00e8ces"},"content":{"rendered":"<p>Information produit:<\/p>\n<ol>\n<li>Marque : TGL<\/li>\n<li>Genre: Unisexe<\/li>\n<li>Nom : Ferrari SP3-Chrome Purple<\/li>\n<li>Tranche d&#039;\u00e2ge : &gt; 6 ans<\/li>\n<li>Num\u00e9ro de mod\u00e8le\u00a0: 006-1<\/li>\n<li>Classement : Assemblage<\/li>\n<li>Forme de bloc en plastique\u00a0: briques autobloquantes<\/li>\n<li>Mat\u00e9riel: Plastique<\/li>\n<li>Type de plastique : ABS<\/li>\n<li>Blocs de briques : 3778 pi\u00e8ces<\/li>\n<li>Contient des instructions de montage d\u00e9taill\u00e9es.<\/li>\n<\/ol>\n<p>Avis:<br \/>\n1. Sans bo\u00eete d&#039;origine, mais nous garantissons que nos produits ont une assurance qualit\u00e9 et un bel emballage.<br \/>\n2. Comme toutes les pi\u00e8ces que nous avons v\u00e9rifi\u00e9es avant l&#039;exp\u00e9dition, donc si vous trouvez des pi\u00e8ces manquantes ou endommag\u00e9es, ne vous inqui\u00e9tez pas et veuillez nous contacter et nous pouvons vous les renvoyer imm\u00e9diatement gratuitement.<\/p>\n<figure id=\"attachment_38714\" aria-describedby=\"caption-attachment-38714\" style=\"width: 1024px\" class=\"wp-caption aligncenter\"><img fetchpriority=\"high\" decoding=\"async\" class=\"wp-image-38714 size-full\" src=\"https:\/\/mouldking.store\/wp-content\/uploads\/2022\/12\/TGL-006-1-Ferrari-SP3-Chrome-Purple-4.jpg\" alt=\"TGL 006-1 Ferrari SP3-Chrome Purple With 3778 Pieces\" width=\"1024\" height=\"1024\" title=\"-\" srcset=\"https:\/\/mouldking.store\/wp-content\/uploads\/2022\/12\/TGL-006-1-Ferrari-SP3-Chrome-Purple-4.jpg 1024w, https:\/\/mouldking.store\/wp-content\/uploads\/2022\/12\/TGL-006-1-Ferrari-SP3-Chrome-Purple-4-300x300.jpg 300w, https:\/\/mouldking.store\/wp-content\/uploads\/2022\/12\/TGL-006-1-Ferrari-SP3-Chrome-Purple-4-768x768.jpg 768w, https:\/\/mouldking.store\/wp-content\/uploads\/2022\/12\/TGL-006-1-Ferrari-SP3-Chrome-Purple-4-600x600.jpg 600w, https:\/\/mouldking.store\/wp-content\/uploads\/2022\/12\/TGL-006-1-Ferrari-SP3-Chrome-Purple-4-150x150.jpg 150w, https:\/\/mouldking.store\/wp-content\/uploads\/2022\/12\/TGL-006-1-Ferrari-SP3-Chrome-Purple-4-60x60.jpg 60w, https:\/\/mouldking.store\/wp-content\/uploads\/2022\/12\/TGL-006-1-Ferrari-SP3-Chrome-Purple-4-90x90.jpg 90w\" sizes=\"(max-width: 1024px) 100vw, 1024px\" \/><figcaption id=\"caption-attachment-38714\" class=\"wp-caption-text\">TGL 006-1 Ferrari SP3-Chrome Violet Avec 3778 Pi\u00e8ces<\/figcaption><\/figure>\n<figure id=\"attachment_38715\" aria-describedby=\"caption-attachment-38715\" style=\"width: 794px\" class=\"wp-caption aligncenter\"><img decoding=\"async\" class=\"wp-image-38715 size-full\" src=\"https:\/\/mouldking.store\/wp-content\/uploads\/2022\/12\/TGL-006-1-Ferrari-SP3-Chrome-Purple-3.jpg\" alt=\"TGL 006-1 Ferrari SP3-Chrome Purple With 3778 Pieces\" width=\"794\" height=\"1024\" title=\"-\" srcset=\"https:\/\/mouldking.store\/wp-content\/uploads\/2022\/12\/TGL-006-1-Ferrari-SP3-Chrome-Purple-3.jpg 794w, https:\/\/mouldking.store\/wp-content\/uploads\/2022\/12\/TGL-006-1-Ferrari-SP3-Chrome-Purple-3-233x300.jpg 233w, https:\/\/mouldking.store\/wp-content\/uploads\/2022\/12\/TGL-006-1-Ferrari-SP3-Chrome-Purple-3-768x990.jpg 768w, https:\/\/mouldking.store\/wp-content\/uploads\/2022\/12\/TGL-006-1-Ferrari-SP3-Chrome-Purple-3-300x387.jpg 300w, https:\/\/mouldking.store\/wp-content\/uploads\/2022\/12\/TGL-006-1-Ferrari-SP3-Chrome-Purple-3-600x774.jpg 600w, https:\/\/mouldking.store\/wp-content\/uploads\/2022\/12\/TGL-006-1-Ferrari-SP3-Chrome-Purple-3-116x150.jpg 116w, https:\/\/mouldking.store\/wp-content\/uploads\/2022\/12\/TGL-006-1-Ferrari-SP3-Chrome-Purple-3-47x60.jpg 47w, https:\/\/mouldking.store\/wp-content\/uploads\/2022\/12\/TGL-006-1-Ferrari-SP3-Chrome-Purple-3-70x90.jpg 70w\" sizes=\"(max-width: 794px) 100vw, 794px\" \/><figcaption id=\"caption-attachment-38715\" class=\"wp-caption-text\">TGL 006-1 Ferrari SP3-Chrome Violet Avec 3778 Pi\u00e8ces<\/figcaption><\/figure>\n<figure id=\"attachment_38716\" aria-describedby=\"caption-attachment-38716\" style=\"width: 1022px\" class=\"wp-caption aligncenter\"><img decoding=\"async\" class=\"wp-image-38716 size-full\" src=\"https:\/\/mouldking.store\/wp-content\/uploads\/2022\/12\/TGL-006-1-Ferrari-SP3-Chrome-Purple-2.jpg\" alt=\"TGL 006-1 Ferrari SP3-Chrome Purple With 3778 Pieces\" width=\"1022\" height=\"1024\" title=\"-\" srcset=\"https:\/\/mouldking.store\/wp-content\/uploads\/2022\/12\/TGL-006-1-Ferrari-SP3-Chrome-Purple-2.jpg 1022w, https:\/\/mouldking.store\/wp-content\/uploads\/2022\/12\/TGL-006-1-Ferrari-SP3-Chrome-Purple-2-300x301.jpg 300w, https:\/\/mouldking.store\/wp-content\/uploads\/2022\/12\/TGL-006-1-Ferrari-SP3-Chrome-Purple-2-768x770.jpg 768w, https:\/\/mouldking.store\/wp-content\/uploads\/2022\/12\/TGL-006-1-Ferrari-SP3-Chrome-Purple-2-600x601.jpg 600w, https:\/\/mouldking.store\/wp-content\/uploads\/2022\/12\/TGL-006-1-Ferrari-SP3-Chrome-Purple-2-150x150.jpg 150w, https:\/\/mouldking.store\/wp-content\/uploads\/2022\/12\/TGL-006-1-Ferrari-SP3-Chrome-Purple-2-60x60.jpg 60w, https:\/\/mouldking.store\/wp-content\/uploads\/2022\/12\/TGL-006-1-Ferrari-SP3-Chrome-Purple-2-90x90.jpg 90w\" sizes=\"(max-width: 1022px) 100vw, 1022px\" \/><figcaption id=\"caption-attachment-38716\" class=\"wp-caption-text\">TGL 006-1 Ferrari SP3-Chrome Violet Avec 3778 Pi\u00e8ces<\/figcaption><\/figure>\n<figure id=\"attachment_38717\" aria-describedby=\"caption-attachment-38717\" style=\"width: 829px\" class=\"wp-caption aligncenter\"><img loading=\"lazy\" decoding=\"async\" class=\"wp-image-38717 size-full\" src=\"https:\/\/mouldking.store\/wp-content\/uploads\/2022\/12\/TGL-006-1-Ferrari-SP3-Chrome-Purple-1.jpg\" alt=\"TGL 006-1 Ferrari SP3-Chrome Purple With 3778 Pieces\" width=\"829\" height=\"1024\" title=\"-\" srcset=\"https:\/\/mouldking.store\/wp-content\/uploads\/2022\/12\/TGL-006-1-Ferrari-SP3-Chrome-Purple-1.jpg 829w, https:\/\/mouldking.store\/wp-content\/uploads\/2022\/12\/TGL-006-1-Ferrari-SP3-Chrome-Purple-1-243x300.jpg 243w, https:\/\/mouldking.store\/wp-content\/uploads\/2022\/12\/TGL-006-1-Ferrari-SP3-Chrome-Purple-1-768x949.jpg 768w, https:\/\/mouldking.store\/wp-content\/uploads\/2022\/12\/TGL-006-1-Ferrari-SP3-Chrome-Purple-1-300x371.jpg 300w, https:\/\/mouldking.store\/wp-content\/uploads\/2022\/12\/TGL-006-1-Ferrari-SP3-Chrome-Purple-1-600x741.jpg 600w, https:\/\/mouldking.store\/wp-content\/uploads\/2022\/12\/TGL-006-1-Ferrari-SP3-Chrome-Purple-1-121x150.jpg 121w, https:\/\/mouldking.store\/wp-content\/uploads\/2022\/12\/TGL-006-1-Ferrari-SP3-Chrome-Purple-1-49x60.jpg 49w, https:\/\/mouldking.store\/wp-content\/uploads\/2022\/12\/TGL-006-1-Ferrari-SP3-Chrome-Purple-1-73x90.jpg 73w\" sizes=\"(max-width: 829px) 100vw, 829px\" \/><figcaption id=\"caption-attachment-38717\" class=\"wp-caption-text\">TGL 006-1 Ferrari SP3-Chrome Violet Avec 3778 Pi\u00e8ces<\/figcaption><\/figure>","protected":false},"excerpt":{"rendered":"<p>Product information: Brand: TGL Gender: Unisex Name: Ferrari SP3-Chrome Purple Age Range: &gt; 6 years old Model Number: 006-1 Classification: Assemblage Plastic Block Shape: Self-Locking Bricks Material: Plastic Plastic Type: ABS Bricks Blocks:3778 PCS Contains detailed assembly instructions. Notice: 1. Without an original box, but we guarantee our products have quality assurance and nice packaging. [&hellip;]<\/p>","protected":false},"featured_media":38714,"comment_status":"closed","ping_status":"closed","template":"","meta":{"_acf_changed":false},"product_cat":[1360,1357],"product_tag":[10094,10095,10098,1585,10097,10099,10096,9220,2739,10100,10093],"class_list":["product","first","instock","shipping-taxable","purchasable","product-type-simple"],"acf":[],"_links":{"self":[{"href":"https:\/\/mouldking.store\/fr\/wp-json\/wp\/v2\/product\/38712","targetHints":{"allow":["GET"]}}],"collection":[{"href":"https:\/\/mouldking.store\/fr\/wp-json\/wp\/v2\/product"}],"about":[{"href":"https:\/\/mouldking.store\/fr\/wp-json\/wp\/v2\/types\/product"}],"replies":[{"embeddable":true,"href":"https:\/\/mouldking.store\/fr\/wp-json\/wp\/v2\/comments?post=38712"}],"wp:featuredmedia":[{"embeddable":true,"href":"https:\/\/mouldking.store\/fr\/wp-json\/wp\/v2\/media\/38714"}],"wp:attachment":[{"href":"https:\/\/mouldking.store\/fr\/wp-json\/wp\/v2\/media?parent=38712"}],"wp:term":[{"taxonomy":"product_cat","embeddable":true,"href":"https:\/\/mouldking.store\/fr\/wp-json\/wp\/v2\/product_cat?post=38712"},{"taxonomy":"product_tag","embeddable":true,"href":"https:\/\/mouldking.store\/fr\/wp-json\/wp\/v2\/product_tag?post=38712"}],"curies":[{"name":"wp","href":"https:\/\/api.w.org\/{rel}","templated":true}]}}