{"id":38787,"date":"2022-12-23T11:23:05","date_gmt":"2022-12-23T04:23:05","guid":{"rendered":"https:\/\/mouldking.store\/?post_type=product&#038;p=38787"},"modified":"2024-06-25T15:16:55","modified_gmt":"2024-06-25T08:16:55","slug":"mould-king-18031-rc-firefox-climb-car-with-1962-pieces","status":"publish","type":"product","link":"https:\/\/mouldking.store\/fr\/shop\/mould-king-18031-rc-firefox-climb-car-with-1962-pieces\/","title":{"rendered":"Mold King 18031 RC Firefox Climb Car avec 1962 pi\u00e8ces"},"content":{"rendered":"<p>Information produit:<\/p>\n<ol>\n<li>Marque : Mold King<\/li>\n<li>Genre: Unisexe<\/li>\n<li>Nom : Voiture d&#039;escalade RC Firefox<\/li>\n<li>Tranche d&#039;\u00e2ge : &gt; 6 ans<\/li>\n<li>Num\u00e9ro de mod\u00e8le : 18031<\/li>\n<li>Classement : Assemblage<\/li>\n<li>Forme de bloc en plastique\u00a0: briques autobloquantes<\/li>\n<li>Mat\u00e9riel: Plastique<\/li>\n<li>Type de plastique : ABS<\/li>\n<li>Blocs de briques : 1962 pi\u00e8ces<\/li>\n<li>Taille : 51,5 \u00d7 27,8 \u00d7 23,5 cm<\/li>\n<li>Contient des instructions de montage d\u00e9taill\u00e9es.<\/li>\n<\/ol>\n<p>Avis:<br \/>\n1. Sans bo\u00eete d&#039;origine, mais nous garantissons que nos produits ont une assurance qualit\u00e9 et un bel emballage.<br \/>\n2. Comme toutes les pi\u00e8ces que nous avons v\u00e9rifi\u00e9es avant l&#039;exp\u00e9dition, donc si vous trouvez des pi\u00e8ces manquantes ou endommag\u00e9es, ne vous inqui\u00e9tez pas et veuillez nous contacter et nous pouvons vous les renvoyer imm\u00e9diatement gratuitement.<\/p>\n<figure id=\"attachment_38795\" aria-describedby=\"caption-attachment-38795\" style=\"width: 800px\" class=\"wp-caption aligncenter\"><img fetchpriority=\"high\" decoding=\"async\" class=\"wp-image-38795 size-full\" src=\"https:\/\/mouldking.store\/wp-content\/uploads\/2022\/12\/Mould-King-18031-RC-Firefox-Climb-Car-7.jpg\" alt=\"Mould King 18031 RC Firefox Climb Car With 1962 Pieces\" width=\"800\" height=\"800\" title=\"-\" srcset=\"https:\/\/mouldking.store\/wp-content\/uploads\/2022\/12\/Mould-King-18031-RC-Firefox-Climb-Car-7.jpg 800w, https:\/\/mouldking.store\/wp-content\/uploads\/2022\/12\/Mould-King-18031-RC-Firefox-Climb-Car-7-300x300.jpg 300w, https:\/\/mouldking.store\/wp-content\/uploads\/2022\/12\/Mould-King-18031-RC-Firefox-Climb-Car-7-768x768.jpg 768w, https:\/\/mouldking.store\/wp-content\/uploads\/2022\/12\/Mould-King-18031-RC-Firefox-Climb-Car-7-600x600.jpg 600w, https:\/\/mouldking.store\/wp-content\/uploads\/2022\/12\/Mould-King-18031-RC-Firefox-Climb-Car-7-150x150.jpg 150w, https:\/\/mouldking.store\/wp-content\/uploads\/2022\/12\/Mould-King-18031-RC-Firefox-Climb-Car-7-60x60.jpg 60w, https:\/\/mouldking.store\/wp-content\/uploads\/2022\/12\/Mould-King-18031-RC-Firefox-Climb-Car-7-90x90.jpg 90w\" sizes=\"(max-width: 800px) 100vw, 800px\" \/><figcaption id=\"caption-attachment-38795\" class=\"wp-caption-text\">Mold King 18031 RC Firefox Climb Car avec 1962 pi\u00e8ces<\/figcaption><\/figure>\n<figure id=\"attachment_38796\" aria-describedby=\"caption-attachment-38796\" style=\"width: 800px\" class=\"wp-caption aligncenter\"><img decoding=\"async\" class=\"wp-image-38796 size-full\" src=\"https:\/\/mouldking.store\/wp-content\/uploads\/2022\/12\/Mould-King-18031-RC-Firefox-Climb-Car-6.jpg\" alt=\"Mould King 18031 RC Firefox Climb Car With 1962 Pieces\" width=\"800\" height=\"800\" title=\"-\" srcset=\"https:\/\/mouldking.store\/wp-content\/uploads\/2022\/12\/Mould-King-18031-RC-Firefox-Climb-Car-6.jpg 800w, https:\/\/mouldking.store\/wp-content\/uploads\/2022\/12\/Mould-King-18031-RC-Firefox-Climb-Car-6-300x300.jpg 300w, https:\/\/mouldking.store\/wp-content\/uploads\/2022\/12\/Mould-King-18031-RC-Firefox-Climb-Car-6-768x768.jpg 768w, https:\/\/mouldking.store\/wp-content\/uploads\/2022\/12\/Mould-King-18031-RC-Firefox-Climb-Car-6-600x600.jpg 600w, https:\/\/mouldking.store\/wp-content\/uploads\/2022\/12\/Mould-King-18031-RC-Firefox-Climb-Car-6-150x150.jpg 150w, https:\/\/mouldking.store\/wp-content\/uploads\/2022\/12\/Mould-King-18031-RC-Firefox-Climb-Car-6-60x60.jpg 60w, https:\/\/mouldking.store\/wp-content\/uploads\/2022\/12\/Mould-King-18031-RC-Firefox-Climb-Car-6-90x90.jpg 90w\" sizes=\"(max-width: 800px) 100vw, 800px\" \/><figcaption id=\"caption-attachment-38796\" class=\"wp-caption-text\">Mold King 18031 RC Firefox Climb Car avec 1962 pi\u00e8ces<\/figcaption><\/figure>\n<figure id=\"attachment_38797\" aria-describedby=\"caption-attachment-38797\" style=\"width: 740px\" class=\"wp-caption aligncenter\"><img decoding=\"async\" class=\"wp-image-38797 size-full\" src=\"https:\/\/mouldking.store\/wp-content\/uploads\/2022\/12\/Mould-King-18031-RC-Firefox-Climb-Car-5.jpg\" alt=\"Mould King 18031 RC Firefox Climb Car With 1962 Pieces\" width=\"740\" height=\"1024\" title=\"-\" srcset=\"https:\/\/mouldking.store\/wp-content\/uploads\/2022\/12\/Mould-King-18031-RC-Firefox-Climb-Car-5.jpg 740w, https:\/\/mouldking.store\/wp-content\/uploads\/2022\/12\/Mould-King-18031-RC-Firefox-Climb-Car-5-217x300.jpg 217w, https:\/\/mouldking.store\/wp-content\/uploads\/2022\/12\/Mould-King-18031-RC-Firefox-Climb-Car-5-300x415.jpg 300w, https:\/\/mouldking.store\/wp-content\/uploads\/2022\/12\/Mould-King-18031-RC-Firefox-Climb-Car-5-600x830.jpg 600w, https:\/\/mouldking.store\/wp-content\/uploads\/2022\/12\/Mould-King-18031-RC-Firefox-Climb-Car-5-108x150.jpg 108w, https:\/\/mouldking.store\/wp-content\/uploads\/2022\/12\/Mould-King-18031-RC-Firefox-Climb-Car-5-43x60.jpg 43w, https:\/\/mouldking.store\/wp-content\/uploads\/2022\/12\/Mould-King-18031-RC-Firefox-Climb-Car-5-65x90.jpg 65w\" sizes=\"(max-width: 740px) 100vw, 740px\" \/><figcaption id=\"caption-attachment-38797\" class=\"wp-caption-text\">Mold King 18031 RC Firefox Climb Car avec 1962 pi\u00e8ces<\/figcaption><\/figure>\n<figure id=\"attachment_38798\" aria-describedby=\"caption-attachment-38798\" style=\"width: 731px\" class=\"wp-caption aligncenter\"><img loading=\"lazy\" decoding=\"async\" class=\"wp-image-38798 size-full\" src=\"https:\/\/mouldking.store\/wp-content\/uploads\/2022\/12\/Mould-King-18031-RC-Firefox-Climb-Car-4.jpg\" alt=\"Mould King 18031 RC Firefox Climb Car With 1962 Pieces\" width=\"731\" height=\"1024\" title=\"-\" srcset=\"https:\/\/mouldking.store\/wp-content\/uploads\/2022\/12\/Mould-King-18031-RC-Firefox-Climb-Car-4.jpg 731w, https:\/\/mouldking.store\/wp-content\/uploads\/2022\/12\/Mould-King-18031-RC-Firefox-Climb-Car-4-214x300.jpg 214w, https:\/\/mouldking.store\/wp-content\/uploads\/2022\/12\/Mould-King-18031-RC-Firefox-Climb-Car-4-300x420.jpg 300w, https:\/\/mouldking.store\/wp-content\/uploads\/2022\/12\/Mould-King-18031-RC-Firefox-Climb-Car-4-600x840.jpg 600w, https:\/\/mouldking.store\/wp-content\/uploads\/2022\/12\/Mould-King-18031-RC-Firefox-Climb-Car-4-107x150.jpg 107w, https:\/\/mouldking.store\/wp-content\/uploads\/2022\/12\/Mould-King-18031-RC-Firefox-Climb-Car-4-43x60.jpg 43w, https:\/\/mouldking.store\/wp-content\/uploads\/2022\/12\/Mould-King-18031-RC-Firefox-Climb-Car-4-64x90.jpg 64w\" sizes=\"(max-width: 731px) 100vw, 731px\" \/><figcaption id=\"caption-attachment-38798\" class=\"wp-caption-text\">Mold King 18031 RC Firefox Climb Car avec 1962 pi\u00e8ces<\/figcaption><\/figure>\n<figure id=\"attachment_38799\" aria-describedby=\"caption-attachment-38799\" style=\"width: 790px\" class=\"wp-caption aligncenter\"><img loading=\"lazy\" decoding=\"async\" class=\"wp-image-38799 size-full\" src=\"https:\/\/mouldking.store\/wp-content\/uploads\/2022\/12\/Mould-King-18031-RC-Firefox-Climb-Car-3.jpg\" alt=\"Mould King 18031 RC Firefox Climb Car With 1962 Pieces\" width=\"790\" height=\"744\" title=\"-\" srcset=\"https:\/\/mouldking.store\/wp-content\/uploads\/2022\/12\/Mould-King-18031-RC-Firefox-Climb-Car-3.jpg 790w, https:\/\/mouldking.store\/wp-content\/uploads\/2022\/12\/Mould-King-18031-RC-Firefox-Climb-Car-3-300x283.jpg 300w, https:\/\/mouldking.store\/wp-content\/uploads\/2022\/12\/Mould-King-18031-RC-Firefox-Climb-Car-3-768x723.jpg 768w, https:\/\/mouldking.store\/wp-content\/uploads\/2022\/12\/Mould-King-18031-RC-Firefox-Climb-Car-3-600x565.jpg 600w, https:\/\/mouldking.store\/wp-content\/uploads\/2022\/12\/Mould-King-18031-RC-Firefox-Climb-Car-3-150x141.jpg 150w, https:\/\/mouldking.store\/wp-content\/uploads\/2022\/12\/Mould-King-18031-RC-Firefox-Climb-Car-3-64x60.jpg 64w, https:\/\/mouldking.store\/wp-content\/uploads\/2022\/12\/Mould-King-18031-RC-Firefox-Climb-Car-3-96x90.jpg 96w\" sizes=\"(max-width: 790px) 100vw, 790px\" \/><figcaption id=\"caption-attachment-38799\" class=\"wp-caption-text\">Mold King 18031 RC Firefox Climb Car avec 1962 pi\u00e8ces<\/figcaption><\/figure>\n<figure id=\"attachment_38800\" aria-describedby=\"caption-attachment-38800\" style=\"width: 790px\" class=\"wp-caption aligncenter\"><img loading=\"lazy\" decoding=\"async\" class=\"wp-image-38800 size-full\" src=\"https:\/\/mouldking.store\/wp-content\/uploads\/2022\/12\/Mould-King-18031-RC-Firefox-Climb-Car-2.jpg\" alt=\"Mould King 18031 RC Firefox Climb Car With 1962 Pieces\" width=\"790\" height=\"636\" title=\"-\" srcset=\"https:\/\/mouldking.store\/wp-content\/uploads\/2022\/12\/Mould-King-18031-RC-Firefox-Climb-Car-2.jpg 790w, https:\/\/mouldking.store\/wp-content\/uploads\/2022\/12\/Mould-King-18031-RC-Firefox-Climb-Car-2-300x242.jpg 300w, https:\/\/mouldking.store\/wp-content\/uploads\/2022\/12\/Mould-King-18031-RC-Firefox-Climb-Car-2-768x618.jpg 768w, https:\/\/mouldking.store\/wp-content\/uploads\/2022\/12\/Mould-King-18031-RC-Firefox-Climb-Car-2-600x483.jpg 600w, https:\/\/mouldking.store\/wp-content\/uploads\/2022\/12\/Mould-King-18031-RC-Firefox-Climb-Car-2-150x121.jpg 150w, https:\/\/mouldking.store\/wp-content\/uploads\/2022\/12\/Mould-King-18031-RC-Firefox-Climb-Car-2-75x60.jpg 75w, https:\/\/mouldking.store\/wp-content\/uploads\/2022\/12\/Mould-King-18031-RC-Firefox-Climb-Car-2-112x90.jpg 112w\" sizes=\"(max-width: 790px) 100vw, 790px\" \/><figcaption id=\"caption-attachment-38800\" class=\"wp-caption-text\">Mold King 18031 RC Firefox Climb Car avec 1962 pi\u00e8ces<\/figcaption><\/figure>\n<figure id=\"attachment_38801\" aria-describedby=\"caption-attachment-38801\" style=\"width: 790px\" class=\"wp-caption aligncenter\"><img loading=\"lazy\" decoding=\"async\" class=\"wp-image-38801 size-full\" src=\"https:\/\/mouldking.store\/wp-content\/uploads\/2022\/12\/Mould-King-18031-RC-Firefox-Climb-Car-1.jpg\" alt=\"Mould King 18031 RC Firefox Climb Car With 1962 Pieces\" width=\"790\" height=\"797\" title=\"-\" srcset=\"https:\/\/mouldking.store\/wp-content\/uploads\/2022\/12\/Mould-King-18031-RC-Firefox-Climb-Car-1.jpg 790w, https:\/\/mouldking.store\/wp-content\/uploads\/2022\/12\/Mould-King-18031-RC-Firefox-Climb-Car-1-297x300.jpg 297w, https:\/\/mouldking.store\/wp-content\/uploads\/2022\/12\/Mould-King-18031-RC-Firefox-Climb-Car-1-768x775.jpg 768w, https:\/\/mouldking.store\/wp-content\/uploads\/2022\/12\/Mould-King-18031-RC-Firefox-Climb-Car-1-300x303.jpg 300w, https:\/\/mouldking.store\/wp-content\/uploads\/2022\/12\/Mould-King-18031-RC-Firefox-Climb-Car-1-600x605.jpg 600w, https:\/\/mouldking.store\/wp-content\/uploads\/2022\/12\/Mould-King-18031-RC-Firefox-Climb-Car-1-150x150.jpg 150w, https:\/\/mouldking.store\/wp-content\/uploads\/2022\/12\/Mould-King-18031-RC-Firefox-Climb-Car-1-59x60.jpg 59w, https:\/\/mouldking.store\/wp-content\/uploads\/2022\/12\/Mould-King-18031-RC-Firefox-Climb-Car-1-89x90.jpg 89w\" sizes=\"(max-width: 790px) 100vw, 790px\" \/><figcaption id=\"caption-attachment-38801\" class=\"wp-caption-text\">Mold King 18031 RC Firefox Climb Car avec 1962 pi\u00e8ces<\/figcaption><\/figure>","protected":false},"excerpt":{"rendered":"<p>Product information: Brand: Mould King Gender: Unisex Name: RC Firefox Climb Car Age Range: &gt; 6 years old Model Number: 18031 Classification: Assemblage Plastic Block Shape: Self-Locking Bricks Material: Plastic Plastic Type: ABS Bricks Blocks:1962 PCS Size: 51.5 \u00d7 27.8 \u00d7 23.5 cm Contains detailed assembly instructions. Notice: 1. Without an original box, but we [&hellip;]<\/p>","protected":false},"featured_media":38795,"comment_status":"closed","ping_status":"closed","template":"","meta":{"_acf_changed":false},"product_cat":[1360,1357],"product_tag":[10198,457,10192,10193,10191,615,10199,10200,10197,481,10194],"class_list":["product","first","outofstock","shipping-taxable","purchasable","product-type-simple"],"acf":[],"_links":{"self":[{"href":"https:\/\/mouldking.store\/fr\/wp-json\/wp\/v2\/product\/38787","targetHints":{"allow":["GET"]}}],"collection":[{"href":"https:\/\/mouldking.store\/fr\/wp-json\/wp\/v2\/product"}],"about":[{"href":"https:\/\/mouldking.store\/fr\/wp-json\/wp\/v2\/types\/product"}],"replies":[{"embeddable":true,"href":"https:\/\/mouldking.store\/fr\/wp-json\/wp\/v2\/comments?post=38787"}],"wp:featuredmedia":[{"embeddable":true,"href":"https:\/\/mouldking.store\/fr\/wp-json\/wp\/v2\/media\/38795"}],"wp:attachment":[{"href":"https:\/\/mouldking.store\/fr\/wp-json\/wp\/v2\/media?parent=38787"}],"wp:term":[{"taxonomy":"product_cat","embeddable":true,"href":"https:\/\/mouldking.store\/fr\/wp-json\/wp\/v2\/product_cat?post=38787"},{"taxonomy":"product_tag","embeddable":true,"href":"https:\/\/mouldking.store\/fr\/wp-json\/wp\/v2\/product_tag?post=38787"}],"curies":[{"name":"wp","href":"https:\/\/api.w.org\/{rel}","templated":true}]}}