{"id":38876,"date":"2022-12-23T12:30:10","date_gmt":"2022-12-23T05:30:10","guid":{"rendered":"https:\/\/mouldking.store\/?post_type=product&#038;p=38876"},"modified":"2025-12-25T09:11:57","modified_gmt":"2025-12-25T02:11:57","slug":"moc-102664-separatist-nr-n99-droid-tank-with-266pcs","status":"publish","type":"product","link":"https:\/\/mouldking.store\/fr\/shop\/moc-102664-separatist-nr-n99-droid-tank-with-266pcs\/","title":{"rendered":"MOC-102664 R\u00e9servoir dro\u00efde s\u00e9paratiste NR-N99 avec 266PCS"},"content":{"rendered":"<ol>\n<li>Marque : MOC<\/li>\n<li>Genre: Unisexe<\/li>\n<li>Name: Separatist NR-N99 Droid Tank<\/li>\n<li>Tranche d&#039;\u00e2ge : &gt; 6 ans<\/li>\n<li>Model Number: 102664<\/li>\n<li>Classement : Assemblage<\/li>\n<li>Forme de bloc en plastique\u00a0: briques autobloquantes<\/li>\n<li>Mat\u00e9riel: Plastique<\/li>\n<li>Type de plastique : ABS<\/li>\n<li>Bricks Blocks:266PCS<\/li>\n<li>Poids\u00a0: 200\u00a0g<\/li>\n<li>Contient des instructions de montage d\u00e9taill\u00e9es.<\/li>\n<\/ol>\n<p>Avis:<br \/>\n1. Sans bo\u00eete d&#039;origine, mais nous garantissons que nos produits ont une assurance qualit\u00e9 et un bel emballage.<br \/>\n2. Comme toutes les pi\u00e8ces que nous avons v\u00e9rifi\u00e9es avant l&#039;exp\u00e9dition, donc si vous trouvez des pi\u00e8ces manquantes ou endommag\u00e9es, ne vous inqui\u00e9tez pas et veuillez nous contacter et nous pouvons vous les renvoyer imm\u00e9diatement gratuitement.<\/p>\n<figure id=\"attachment_38877\" aria-describedby=\"caption-attachment-38877\" style=\"width: 1004px\" class=\"wp-caption aligncenter\"><img fetchpriority=\"high\" decoding=\"async\" class=\"wp-image-38877 size-full\" src=\"https:\/\/mouldking.store\/wp-content\/uploads\/2022\/12\/MOC-102664-Star-Wars-Separatist-NR-N99-Droid-Tank-MOC-FACTORY.png\" alt=\"MOC-102664 Separatist NR-N99 Droid Tank With 266PCS\" width=\"1004\" height=\"1004\" title=\"-\" srcset=\"https:\/\/mouldking.store\/wp-content\/uploads\/2022\/12\/MOC-102664-Star-Wars-Separatist-NR-N99-Droid-Tank-MOC-FACTORY.png 1004w, https:\/\/mouldking.store\/wp-content\/uploads\/2022\/12\/MOC-102664-Star-Wars-Separatist-NR-N99-Droid-Tank-MOC-FACTORY-300x300.png 300w, https:\/\/mouldking.store\/wp-content\/uploads\/2022\/12\/MOC-102664-Star-Wars-Separatist-NR-N99-Droid-Tank-MOC-FACTORY-768x768.png 768w, https:\/\/mouldking.store\/wp-content\/uploads\/2022\/12\/MOC-102664-Star-Wars-Separatist-NR-N99-Droid-Tank-MOC-FACTORY-600x600.png 600w, https:\/\/mouldking.store\/wp-content\/uploads\/2022\/12\/MOC-102664-Star-Wars-Separatist-NR-N99-Droid-Tank-MOC-FACTORY-150x150.png 150w, https:\/\/mouldking.store\/wp-content\/uploads\/2022\/12\/MOC-102664-Star-Wars-Separatist-NR-N99-Droid-Tank-MOC-FACTORY-60x60.png 60w, https:\/\/mouldking.store\/wp-content\/uploads\/2022\/12\/MOC-102664-Star-Wars-Separatist-NR-N99-Droid-Tank-MOC-FACTORY-90x90.png 90w\" sizes=\"(max-width: 1004px) 100vw, 1004px\" \/><figcaption id=\"caption-attachment-38877\" class=\"wp-caption-text\">MOC-102664 R\u00e9servoir dro\u00efde s\u00e9paratiste NR-N99 avec 266PCS<\/figcaption><\/figure>\n<figure id=\"attachment_38878\" aria-describedby=\"caption-attachment-38878\" style=\"width: 1024px\" class=\"wp-caption aligncenter\"><img decoding=\"async\" class=\"wp-image-38878 size-large\" src=\"https:\/\/mouldking.store\/wp-content\/uploads\/2022\/12\/Separatist-NR-N99-Droid-Tank-MOC-102664-1-1024x1024.jpg\" alt=\"MOC-102664 Separatist NR-N99 Droid Tank With 266PCS\" width=\"1024\" height=\"1024\" title=\"-\" srcset=\"https:\/\/mouldking.store\/wp-content\/uploads\/2022\/12\/Separatist-NR-N99-Droid-Tank-MOC-102664-1-1024x1024.jpg 1024w, https:\/\/mouldking.store\/wp-content\/uploads\/2022\/12\/Separatist-NR-N99-Droid-Tank-MOC-102664-1-300x300.jpg 300w, https:\/\/mouldking.store\/wp-content\/uploads\/2022\/12\/Separatist-NR-N99-Droid-Tank-MOC-102664-1-768x768.jpg 768w, https:\/\/mouldking.store\/wp-content\/uploads\/2022\/12\/Separatist-NR-N99-Droid-Tank-MOC-102664-1-600x600.jpg 600w, https:\/\/mouldking.store\/wp-content\/uploads\/2022\/12\/Separatist-NR-N99-Droid-Tank-MOC-102664-1-150x150.jpg 150w, https:\/\/mouldking.store\/wp-content\/uploads\/2022\/12\/Separatist-NR-N99-Droid-Tank-MOC-102664-1-60x60.jpg 60w, https:\/\/mouldking.store\/wp-content\/uploads\/2022\/12\/Separatist-NR-N99-Droid-Tank-MOC-102664-1-90x90.jpg 90w, https:\/\/mouldking.store\/wp-content\/uploads\/2022\/12\/Separatist-NR-N99-Droid-Tank-MOC-102664-1.jpg 1100w\" sizes=\"(max-width: 1024px) 100vw, 1024px\" \/><figcaption id=\"caption-attachment-38878\" class=\"wp-caption-text\">MOC-102664 R\u00e9servoir dro\u00efde s\u00e9paratiste NR-N99 avec 266PCS<\/figcaption><\/figure>\n<figure id=\"attachment_38879\" aria-describedby=\"caption-attachment-38879\" style=\"width: 1024px\" class=\"wp-caption aligncenter\"><img decoding=\"async\" class=\"wp-image-38879 size-large\" src=\"https:\/\/mouldking.store\/wp-content\/uploads\/2022\/12\/Separatist-NR-N99-Droid-Tank-MOC-102664-2-1024x1024.jpg\" alt=\"MOC-102664 Separatist NR-N99 Droid Tank With 266PCS\" width=\"1024\" height=\"1024\" title=\"-\" srcset=\"https:\/\/mouldking.store\/wp-content\/uploads\/2022\/12\/Separatist-NR-N99-Droid-Tank-MOC-102664-2-1024x1024.jpg 1024w, https:\/\/mouldking.store\/wp-content\/uploads\/2022\/12\/Separatist-NR-N99-Droid-Tank-MOC-102664-2-300x300.jpg 300w, https:\/\/mouldking.store\/wp-content\/uploads\/2022\/12\/Separatist-NR-N99-Droid-Tank-MOC-102664-2-768x768.jpg 768w, https:\/\/mouldking.store\/wp-content\/uploads\/2022\/12\/Separatist-NR-N99-Droid-Tank-MOC-102664-2-600x600.jpg 600w, https:\/\/mouldking.store\/wp-content\/uploads\/2022\/12\/Separatist-NR-N99-Droid-Tank-MOC-102664-2-150x150.jpg 150w, https:\/\/mouldking.store\/wp-content\/uploads\/2022\/12\/Separatist-NR-N99-Droid-Tank-MOC-102664-2-60x60.jpg 60w, https:\/\/mouldking.store\/wp-content\/uploads\/2022\/12\/Separatist-NR-N99-Droid-Tank-MOC-102664-2-90x90.jpg 90w, https:\/\/mouldking.store\/wp-content\/uploads\/2022\/12\/Separatist-NR-N99-Droid-Tank-MOC-102664-2.jpg 1100w\" sizes=\"(max-width: 1024px) 100vw, 1024px\" \/><figcaption id=\"caption-attachment-38879\" class=\"wp-caption-text\">MOC-102664 R\u00e9servoir dro\u00efde s\u00e9paratiste NR-N99 avec 266PCS<\/figcaption><\/figure>\n<figure id=\"attachment_38880\" aria-describedby=\"caption-attachment-38880\" style=\"width: 1024px\" class=\"wp-caption aligncenter\"><img loading=\"lazy\" decoding=\"async\" class=\"wp-image-38880 size-large\" src=\"https:\/\/mouldking.store\/wp-content\/uploads\/2022\/12\/Separatist-NR-N99-Droid-Tank-MOC-102664-3-1024x1024.jpg\" alt=\"MOC-102664 Separatist NR-N99 Droid Tank With 266PCS\" width=\"1024\" height=\"1024\" title=\"-\" srcset=\"https:\/\/mouldking.store\/wp-content\/uploads\/2022\/12\/Separatist-NR-N99-Droid-Tank-MOC-102664-3-1024x1024.jpg 1024w, https:\/\/mouldking.store\/wp-content\/uploads\/2022\/12\/Separatist-NR-N99-Droid-Tank-MOC-102664-3-300x300.jpg 300w, https:\/\/mouldking.store\/wp-content\/uploads\/2022\/12\/Separatist-NR-N99-Droid-Tank-MOC-102664-3-768x768.jpg 768w, https:\/\/mouldking.store\/wp-content\/uploads\/2022\/12\/Separatist-NR-N99-Droid-Tank-MOC-102664-3-600x600.jpg 600w, https:\/\/mouldking.store\/wp-content\/uploads\/2022\/12\/Separatist-NR-N99-Droid-Tank-MOC-102664-3-150x150.jpg 150w, https:\/\/mouldking.store\/wp-content\/uploads\/2022\/12\/Separatist-NR-N99-Droid-Tank-MOC-102664-3-60x60.jpg 60w, https:\/\/mouldking.store\/wp-content\/uploads\/2022\/12\/Separatist-NR-N99-Droid-Tank-MOC-102664-3-90x90.jpg 90w, https:\/\/mouldking.store\/wp-content\/uploads\/2022\/12\/Separatist-NR-N99-Droid-Tank-MOC-102664-3.jpg 1100w\" sizes=\"(max-width: 1024px) 100vw, 1024px\" \/><figcaption id=\"caption-attachment-38880\" class=\"wp-caption-text\">MOC-102664 R\u00e9servoir dro\u00efde s\u00e9paratiste NR-N99 avec 266PCS<\/figcaption><\/figure>\n<figure id=\"attachment_38881\" aria-describedby=\"caption-attachment-38881\" style=\"width: 1024px\" class=\"wp-caption aligncenter\"><img loading=\"lazy\" decoding=\"async\" class=\"wp-image-38881 size-large\" src=\"https:\/\/mouldking.store\/wp-content\/uploads\/2022\/12\/Separatist-NR-N99-Droid-Tank-MOC-102664-4-1024x1024.jpg\" alt=\"MOC-102664 Separatist NR-N99 Droid Tank With 266PCS\" width=\"1024\" height=\"1024\" title=\"-\" srcset=\"https:\/\/mouldking.store\/wp-content\/uploads\/2022\/12\/Separatist-NR-N99-Droid-Tank-MOC-102664-4-1024x1024.jpg 1024w, https:\/\/mouldking.store\/wp-content\/uploads\/2022\/12\/Separatist-NR-N99-Droid-Tank-MOC-102664-4-300x300.jpg 300w, https:\/\/mouldking.store\/wp-content\/uploads\/2022\/12\/Separatist-NR-N99-Droid-Tank-MOC-102664-4-768x768.jpg 768w, https:\/\/mouldking.store\/wp-content\/uploads\/2022\/12\/Separatist-NR-N99-Droid-Tank-MOC-102664-4-600x600.jpg 600w, https:\/\/mouldking.store\/wp-content\/uploads\/2022\/12\/Separatist-NR-N99-Droid-Tank-MOC-102664-4-150x150.jpg 150w, https:\/\/mouldking.store\/wp-content\/uploads\/2022\/12\/Separatist-NR-N99-Droid-Tank-MOC-102664-4-60x60.jpg 60w, https:\/\/mouldking.store\/wp-content\/uploads\/2022\/12\/Separatist-NR-N99-Droid-Tank-MOC-102664-4-90x90.jpg 90w, https:\/\/mouldking.store\/wp-content\/uploads\/2022\/12\/Separatist-NR-N99-Droid-Tank-MOC-102664-4.jpg 1100w\" sizes=\"(max-width: 1024px) 100vw, 1024px\" \/><figcaption id=\"caption-attachment-38881\" class=\"wp-caption-text\">MOC-102664 R\u00e9servoir dro\u00efde s\u00e9paratiste NR-N99 avec 266PCS<\/figcaption><\/figure>\n<figure id=\"attachment_38882\" aria-describedby=\"caption-attachment-38882\" style=\"width: 1024px\" class=\"wp-caption aligncenter\"><img loading=\"lazy\" decoding=\"async\" class=\"wp-image-38882 size-large\" src=\"https:\/\/mouldking.store\/wp-content\/uploads\/2022\/12\/Separatist-NR-N99-Droid-Tank-MOC-102664-6-1024x1024.jpg\" alt=\"MOC-102664 Separatist NR-N99 Droid Tank With 266PCS\" width=\"1024\" height=\"1024\" title=\"-\" srcset=\"https:\/\/mouldking.store\/wp-content\/uploads\/2022\/12\/Separatist-NR-N99-Droid-Tank-MOC-102664-6-1024x1024.jpg 1024w, https:\/\/mouldking.store\/wp-content\/uploads\/2022\/12\/Separatist-NR-N99-Droid-Tank-MOC-102664-6-300x300.jpg 300w, https:\/\/mouldking.store\/wp-content\/uploads\/2022\/12\/Separatist-NR-N99-Droid-Tank-MOC-102664-6-768x768.jpg 768w, https:\/\/mouldking.store\/wp-content\/uploads\/2022\/12\/Separatist-NR-N99-Droid-Tank-MOC-102664-6-600x600.jpg 600w, https:\/\/mouldking.store\/wp-content\/uploads\/2022\/12\/Separatist-NR-N99-Droid-Tank-MOC-102664-6-150x150.jpg 150w, https:\/\/mouldking.store\/wp-content\/uploads\/2022\/12\/Separatist-NR-N99-Droid-Tank-MOC-102664-6-60x60.jpg 60w, https:\/\/mouldking.store\/wp-content\/uploads\/2022\/12\/Separatist-NR-N99-Droid-Tank-MOC-102664-6-90x90.jpg 90w, https:\/\/mouldking.store\/wp-content\/uploads\/2022\/12\/Separatist-NR-N99-Droid-Tank-MOC-102664-6.jpg 1100w\" sizes=\"(max-width: 1024px) 100vw, 1024px\" \/><figcaption id=\"caption-attachment-38882\" class=\"wp-caption-text\">MOC-102664 R\u00e9servoir dro\u00efde s\u00e9paratiste NR-N99 avec 266PCS<\/figcaption><\/figure>\n<figure id=\"attachment_38883\" aria-describedby=\"caption-attachment-38883\" style=\"width: 1024px\" class=\"wp-caption aligncenter\"><img loading=\"lazy\" decoding=\"async\" class=\"wp-image-38883 size-large\" src=\"https:\/\/mouldking.store\/wp-content\/uploads\/2022\/12\/Separatist-NR-N99-Droid-Tank-MOC-102664-5-1024x1024.jpg\" alt=\"MOC-102664 Separatist NR-N99 Droid Tank With 266PCS\" width=\"1024\" height=\"1024\" title=\"-\" srcset=\"https:\/\/mouldking.store\/wp-content\/uploads\/2022\/12\/Separatist-NR-N99-Droid-Tank-MOC-102664-5-1024x1024.jpg 1024w, https:\/\/mouldking.store\/wp-content\/uploads\/2022\/12\/Separatist-NR-N99-Droid-Tank-MOC-102664-5-300x300.jpg 300w, https:\/\/mouldking.store\/wp-content\/uploads\/2022\/12\/Separatist-NR-N99-Droid-Tank-MOC-102664-5-768x768.jpg 768w, https:\/\/mouldking.store\/wp-content\/uploads\/2022\/12\/Separatist-NR-N99-Droid-Tank-MOC-102664-5-600x600.jpg 600w, https:\/\/mouldking.store\/wp-content\/uploads\/2022\/12\/Separatist-NR-N99-Droid-Tank-MOC-102664-5-150x150.jpg 150w, https:\/\/mouldking.store\/wp-content\/uploads\/2022\/12\/Separatist-NR-N99-Droid-Tank-MOC-102664-5-60x60.jpg 60w, https:\/\/mouldking.store\/wp-content\/uploads\/2022\/12\/Separatist-NR-N99-Droid-Tank-MOC-102664-5-90x90.jpg 90w, https:\/\/mouldking.store\/wp-content\/uploads\/2022\/12\/Separatist-NR-N99-Droid-Tank-MOC-102664-5.jpg 1100w\" sizes=\"(max-width: 1024px) 100vw, 1024px\" \/><figcaption id=\"caption-attachment-38883\" class=\"wp-caption-text\">MOC-102664 R\u00e9servoir dro\u00efde s\u00e9paratiste NR-N99 avec 266PCS<\/figcaption><\/figure>","protected":false},"excerpt":{"rendered":"<p>Instructions de construction PDF<\/p>\n<p>Sans bo\u00eete d&#039;origine<\/p>\n<p>Temps d&#039;arrangement\u00a0: 4 \u00e0 8\u00a0semaines<\/p>","protected":false},"featured_media":38877,"comment_status":"closed","ping_status":"closed","template":"","meta":{"_acf_changed":false},"product_cat":[415],"product_tag":[10273,430,10270,10275,10269,10272,10271,10274],"class_list":["product","first","instock","shipping-taxable","purchasable","product-type-simple"],"acf":[],"_links":{"self":[{"href":"https:\/\/mouldking.store\/fr\/wp-json\/wp\/v2\/product\/38876","targetHints":{"allow":["GET"]}}],"collection":[{"href":"https:\/\/mouldking.store\/fr\/wp-json\/wp\/v2\/product"}],"about":[{"href":"https:\/\/mouldking.store\/fr\/wp-json\/wp\/v2\/types\/product"}],"replies":[{"embeddable":true,"href":"https:\/\/mouldking.store\/fr\/wp-json\/wp\/v2\/comments?post=38876"}],"wp:featuredmedia":[{"embeddable":true,"href":"https:\/\/mouldking.store\/fr\/wp-json\/wp\/v2\/media\/38877"}],"wp:attachment":[{"href":"https:\/\/mouldking.store\/fr\/wp-json\/wp\/v2\/media?parent=38876"}],"wp:term":[{"taxonomy":"product_cat","embeddable":true,"href":"https:\/\/mouldking.store\/fr\/wp-json\/wp\/v2\/product_cat?post=38876"},{"taxonomy":"product_tag","embeddable":true,"href":"https:\/\/mouldking.store\/fr\/wp-json\/wp\/v2\/product_tag?post=38876"}],"curies":[{"name":"wp","href":"https:\/\/api.w.org\/{rel}","templated":true}]}}