{"id":38892,"date":"2022-12-23T14:21:14","date_gmt":"2022-12-23T07:21:14","guid":{"rendered":"https:\/\/mouldking.store\/?post_type=product&#038;p=38892"},"modified":"2025-12-25T09:11:57","modified_gmt":"2025-12-25T02:11:57","slug":"moc-106566-imperial-combat-assault-tank-with-310pcs","status":"publish","type":"product","link":"https:\/\/mouldking.store\/fr\/shop\/moc-106566-imperial-combat-assault-tank-with-310pcs\/","title":{"rendered":"MOC-106566 Imperial Combat Assault Tank With 310PCS"},"content":{"rendered":"<ol>\n<li>Marque : MOC<\/li>\n<li>Genre: Unisexe<\/li>\n<li>Name: Imperial Combat Assault Tank<\/li>\n<li>Tranche d&#039;\u00e2ge : &gt; 6 ans<\/li>\n<li>Model Number: 106566<\/li>\n<li>Classement : Assemblage<\/li>\n<li>Forme de bloc en plastique\u00a0: briques autobloquantes<\/li>\n<li>Mat\u00e9riel: Plastique<\/li>\n<li>Type de plastique : ABS<\/li>\n<li>Bricks Blocks:310PCS<\/li>\n<li>Poids\u00a0: 250\u00a0g<\/li>\n<li>Contient des instructions de montage d\u00e9taill\u00e9es.<\/li>\n<\/ol>\n<p>Avis:<br \/>\n1. Sans bo\u00eete d&#039;origine, mais nous garantissons que nos produits ont une assurance qualit\u00e9 et un bel emballage.<br \/>\n2. Comme toutes les pi\u00e8ces que nous avons v\u00e9rifi\u00e9es avant l&#039;exp\u00e9dition, donc si vous trouvez des pi\u00e8ces manquantes ou endommag\u00e9es, ne vous inqui\u00e9tez pas et veuillez nous contacter et nous pouvons vous les renvoyer imm\u00e9diatement gratuitement.<\/p>\n<figure id=\"attachment_38893\" aria-describedby=\"caption-attachment-38893\" style=\"width: 1004px\" class=\"wp-caption aligncenter\"><img fetchpriority=\"high\" decoding=\"async\" class=\"wp-image-38893 size-full\" src=\"https:\/\/mouldking.store\/wp-content\/uploads\/2022\/12\/MOC-106566-Star-Wars-Imperial-Combat-Assault-Tank-MOC-FACTORY.png\" alt=\"MOC-106566 Imperial Combat Assault Tank With 310PCS\" width=\"1004\" height=\"1004\" title=\"-\" srcset=\"https:\/\/mouldking.store\/wp-content\/uploads\/2022\/12\/MOC-106566-Star-Wars-Imperial-Combat-Assault-Tank-MOC-FACTORY.png 1004w, https:\/\/mouldking.store\/wp-content\/uploads\/2022\/12\/MOC-106566-Star-Wars-Imperial-Combat-Assault-Tank-MOC-FACTORY-300x300.png 300w, https:\/\/mouldking.store\/wp-content\/uploads\/2022\/12\/MOC-106566-Star-Wars-Imperial-Combat-Assault-Tank-MOC-FACTORY-768x768.png 768w, https:\/\/mouldking.store\/wp-content\/uploads\/2022\/12\/MOC-106566-Star-Wars-Imperial-Combat-Assault-Tank-MOC-FACTORY-600x600.png 600w, https:\/\/mouldking.store\/wp-content\/uploads\/2022\/12\/MOC-106566-Star-Wars-Imperial-Combat-Assault-Tank-MOC-FACTORY-150x150.png 150w, https:\/\/mouldking.store\/wp-content\/uploads\/2022\/12\/MOC-106566-Star-Wars-Imperial-Combat-Assault-Tank-MOC-FACTORY-60x60.png 60w, https:\/\/mouldking.store\/wp-content\/uploads\/2022\/12\/MOC-106566-Star-Wars-Imperial-Combat-Assault-Tank-MOC-FACTORY-90x90.png 90w\" sizes=\"(max-width: 1004px) 100vw, 1004px\" \/><figcaption id=\"caption-attachment-38893\" class=\"wp-caption-text\">MOC-106566 Imperial Combat Assault Tank With 310PCS<\/figcaption><\/figure>\n<figure id=\"attachment_38894\" aria-describedby=\"caption-attachment-38894\" style=\"width: 1024px\" class=\"wp-caption aligncenter\"><img decoding=\"async\" class=\"wp-image-38894 size-large\" src=\"https:\/\/mouldking.store\/wp-content\/uploads\/2022\/12\/Imperial-Combat-Assault-Tank-MOC-106566-1-1024x1024.jpg\" alt=\"MOC-106566 Imperial Combat Assault Tank With 310PCS\" width=\"1024\" height=\"1024\" title=\"-\" srcset=\"https:\/\/mouldking.store\/wp-content\/uploads\/2022\/12\/Imperial-Combat-Assault-Tank-MOC-106566-1-1024x1024.jpg 1024w, https:\/\/mouldking.store\/wp-content\/uploads\/2022\/12\/Imperial-Combat-Assault-Tank-MOC-106566-1-300x300.jpg 300w, https:\/\/mouldking.store\/wp-content\/uploads\/2022\/12\/Imperial-Combat-Assault-Tank-MOC-106566-1-768x768.jpg 768w, https:\/\/mouldking.store\/wp-content\/uploads\/2022\/12\/Imperial-Combat-Assault-Tank-MOC-106566-1-600x600.jpg 600w, https:\/\/mouldking.store\/wp-content\/uploads\/2022\/12\/Imperial-Combat-Assault-Tank-MOC-106566-1-150x150.jpg 150w, https:\/\/mouldking.store\/wp-content\/uploads\/2022\/12\/Imperial-Combat-Assault-Tank-MOC-106566-1-60x60.jpg 60w, https:\/\/mouldking.store\/wp-content\/uploads\/2022\/12\/Imperial-Combat-Assault-Tank-MOC-106566-1-90x90.jpg 90w, https:\/\/mouldking.store\/wp-content\/uploads\/2022\/12\/Imperial-Combat-Assault-Tank-MOC-106566-1.jpg 1100w\" sizes=\"(max-width: 1024px) 100vw, 1024px\" \/><figcaption id=\"caption-attachment-38894\" class=\"wp-caption-text\">MOC-106566 Imperial Combat Assault Tank With 310PCS<\/figcaption><\/figure>\n<figure id=\"attachment_38895\" aria-describedby=\"caption-attachment-38895\" style=\"width: 1024px\" class=\"wp-caption alignnone\"><img decoding=\"async\" class=\"wp-image-38895 size-large\" src=\"https:\/\/mouldking.store\/wp-content\/uploads\/2022\/12\/Imperial-Combat-Assault-Tank-MOC-106566-2-1024x1024.jpg\" alt=\"MOC-106566 Imperial Combat Assault Tank With 310PCS\" width=\"1024\" height=\"1024\" title=\"-\" srcset=\"https:\/\/mouldking.store\/wp-content\/uploads\/2022\/12\/Imperial-Combat-Assault-Tank-MOC-106566-2-1024x1024.jpg 1024w, https:\/\/mouldking.store\/wp-content\/uploads\/2022\/12\/Imperial-Combat-Assault-Tank-MOC-106566-2-300x300.jpg 300w, https:\/\/mouldking.store\/wp-content\/uploads\/2022\/12\/Imperial-Combat-Assault-Tank-MOC-106566-2-768x768.jpg 768w, https:\/\/mouldking.store\/wp-content\/uploads\/2022\/12\/Imperial-Combat-Assault-Tank-MOC-106566-2-600x600.jpg 600w, https:\/\/mouldking.store\/wp-content\/uploads\/2022\/12\/Imperial-Combat-Assault-Tank-MOC-106566-2-150x150.jpg 150w, https:\/\/mouldking.store\/wp-content\/uploads\/2022\/12\/Imperial-Combat-Assault-Tank-MOC-106566-2-60x60.jpg 60w, https:\/\/mouldking.store\/wp-content\/uploads\/2022\/12\/Imperial-Combat-Assault-Tank-MOC-106566-2-90x90.jpg 90w, https:\/\/mouldking.store\/wp-content\/uploads\/2022\/12\/Imperial-Combat-Assault-Tank-MOC-106566-2.jpg 1100w\" sizes=\"(max-width: 1024px) 100vw, 1024px\" \/><figcaption id=\"caption-attachment-38895\" class=\"wp-caption-text\">MOC-106566 Imperial Combat Assault Tank With 310PCS<\/figcaption><\/figure>\n<figure id=\"attachment_38896\" aria-describedby=\"caption-attachment-38896\" style=\"width: 1024px\" class=\"wp-caption aligncenter\"><img loading=\"lazy\" decoding=\"async\" class=\"wp-image-38896 size-large\" src=\"https:\/\/mouldking.store\/wp-content\/uploads\/2022\/12\/Imperial-Combat-Assault-Tank-MOC-106566-3-1024x1024.jpg\" alt=\"MOC-106566 Imperial Combat Assault Tank With 310PCS\" width=\"1024\" height=\"1024\" title=\"-\" srcset=\"https:\/\/mouldking.store\/wp-content\/uploads\/2022\/12\/Imperial-Combat-Assault-Tank-MOC-106566-3-1024x1024.jpg 1024w, https:\/\/mouldking.store\/wp-content\/uploads\/2022\/12\/Imperial-Combat-Assault-Tank-MOC-106566-3-300x300.jpg 300w, https:\/\/mouldking.store\/wp-content\/uploads\/2022\/12\/Imperial-Combat-Assault-Tank-MOC-106566-3-768x768.jpg 768w, https:\/\/mouldking.store\/wp-content\/uploads\/2022\/12\/Imperial-Combat-Assault-Tank-MOC-106566-3-600x600.jpg 600w, https:\/\/mouldking.store\/wp-content\/uploads\/2022\/12\/Imperial-Combat-Assault-Tank-MOC-106566-3-150x150.jpg 150w, https:\/\/mouldking.store\/wp-content\/uploads\/2022\/12\/Imperial-Combat-Assault-Tank-MOC-106566-3-60x60.jpg 60w, https:\/\/mouldking.store\/wp-content\/uploads\/2022\/12\/Imperial-Combat-Assault-Tank-MOC-106566-3-90x90.jpg 90w, https:\/\/mouldking.store\/wp-content\/uploads\/2022\/12\/Imperial-Combat-Assault-Tank-MOC-106566-3.jpg 1100w\" sizes=\"(max-width: 1024px) 100vw, 1024px\" \/><figcaption id=\"caption-attachment-38896\" class=\"wp-caption-text\">MOC-106566 Imperial Combat Assault Tank With 310PCS<\/figcaption><\/figure>\n<figure id=\"attachment_38897\" aria-describedby=\"caption-attachment-38897\" style=\"width: 1024px\" class=\"wp-caption aligncenter\"><img loading=\"lazy\" decoding=\"async\" class=\"wp-image-38897 size-large\" src=\"https:\/\/mouldking.store\/wp-content\/uploads\/2022\/12\/Imperial-Combat-Assault-Tank-MOC-106566-4-1024x1024.jpg\" alt=\"MOC-106566 Imperial Combat Assault Tank With 310PCS\" width=\"1024\" height=\"1024\" title=\"-\" srcset=\"https:\/\/mouldking.store\/wp-content\/uploads\/2022\/12\/Imperial-Combat-Assault-Tank-MOC-106566-4-1024x1024.jpg 1024w, https:\/\/mouldking.store\/wp-content\/uploads\/2022\/12\/Imperial-Combat-Assault-Tank-MOC-106566-4-300x300.jpg 300w, https:\/\/mouldking.store\/wp-content\/uploads\/2022\/12\/Imperial-Combat-Assault-Tank-MOC-106566-4-768x768.jpg 768w, https:\/\/mouldking.store\/wp-content\/uploads\/2022\/12\/Imperial-Combat-Assault-Tank-MOC-106566-4-600x600.jpg 600w, https:\/\/mouldking.store\/wp-content\/uploads\/2022\/12\/Imperial-Combat-Assault-Tank-MOC-106566-4-150x150.jpg 150w, https:\/\/mouldking.store\/wp-content\/uploads\/2022\/12\/Imperial-Combat-Assault-Tank-MOC-106566-4-60x60.jpg 60w, https:\/\/mouldking.store\/wp-content\/uploads\/2022\/12\/Imperial-Combat-Assault-Tank-MOC-106566-4-90x90.jpg 90w, https:\/\/mouldking.store\/wp-content\/uploads\/2022\/12\/Imperial-Combat-Assault-Tank-MOC-106566-4.jpg 1100w\" sizes=\"(max-width: 1024px) 100vw, 1024px\" \/><figcaption id=\"caption-attachment-38897\" class=\"wp-caption-text\">MOC-106566 Imperial Combat Assault Tank With 310PCS<\/figcaption><\/figure>\n<figure id=\"attachment_38898\" aria-describedby=\"caption-attachment-38898\" style=\"width: 1100px\" class=\"wp-caption aligncenter\"><img loading=\"lazy\" decoding=\"async\" class=\"wp-image-38898 size-full\" src=\"https:\/\/mouldking.store\/wp-content\/uploads\/2022\/12\/Imperial-Combat-Assault-Tank-MOC-106566-5.jpg\" alt=\"MOC-106566 Imperial Combat Assault Tank With 310PCS\" width=\"1100\" height=\"1100\" title=\"-\" srcset=\"https:\/\/mouldking.store\/wp-content\/uploads\/2022\/12\/Imperial-Combat-Assault-Tank-MOC-106566-5.jpg 1100w, https:\/\/mouldking.store\/wp-content\/uploads\/2022\/12\/Imperial-Combat-Assault-Tank-MOC-106566-5-300x300.jpg 300w, https:\/\/mouldking.store\/wp-content\/uploads\/2022\/12\/Imperial-Combat-Assault-Tank-MOC-106566-5-1024x1024.jpg 1024w, https:\/\/mouldking.store\/wp-content\/uploads\/2022\/12\/Imperial-Combat-Assault-Tank-MOC-106566-5-768x768.jpg 768w, https:\/\/mouldking.store\/wp-content\/uploads\/2022\/12\/Imperial-Combat-Assault-Tank-MOC-106566-5-600x600.jpg 600w, https:\/\/mouldking.store\/wp-content\/uploads\/2022\/12\/Imperial-Combat-Assault-Tank-MOC-106566-5-150x150.jpg 150w, https:\/\/mouldking.store\/wp-content\/uploads\/2022\/12\/Imperial-Combat-Assault-Tank-MOC-106566-5-60x60.jpg 60w, https:\/\/mouldking.store\/wp-content\/uploads\/2022\/12\/Imperial-Combat-Assault-Tank-MOC-106566-5-90x90.jpg 90w\" sizes=\"(max-width: 1100px) 100vw, 1100px\" \/><figcaption id=\"caption-attachment-38898\" class=\"wp-caption-text\">MOC-106566 Imperial Combat Assault Tank With 310PCS<\/figcaption><\/figure>\n<figure id=\"attachment_38899\" aria-describedby=\"caption-attachment-38899\" style=\"width: 1100px\" class=\"wp-caption aligncenter\"><img loading=\"lazy\" decoding=\"async\" class=\"wp-image-38899 size-full\" src=\"https:\/\/mouldking.store\/wp-content\/uploads\/2022\/12\/Imperial-Combat-Assault-Tank-MOC-106566-6.jpg\" alt=\"MOC-106566 Imperial Combat Assault Tank With 310PCS\" width=\"1100\" height=\"1100\" title=\"-\" srcset=\"https:\/\/mouldking.store\/wp-content\/uploads\/2022\/12\/Imperial-Combat-Assault-Tank-MOC-106566-6.jpg 1100w, https:\/\/mouldking.store\/wp-content\/uploads\/2022\/12\/Imperial-Combat-Assault-Tank-MOC-106566-6-300x300.jpg 300w, https:\/\/mouldking.store\/wp-content\/uploads\/2022\/12\/Imperial-Combat-Assault-Tank-MOC-106566-6-1024x1024.jpg 1024w, https:\/\/mouldking.store\/wp-content\/uploads\/2022\/12\/Imperial-Combat-Assault-Tank-MOC-106566-6-768x768.jpg 768w, https:\/\/mouldking.store\/wp-content\/uploads\/2022\/12\/Imperial-Combat-Assault-Tank-MOC-106566-6-600x600.jpg 600w, https:\/\/mouldking.store\/wp-content\/uploads\/2022\/12\/Imperial-Combat-Assault-Tank-MOC-106566-6-150x150.jpg 150w, https:\/\/mouldking.store\/wp-content\/uploads\/2022\/12\/Imperial-Combat-Assault-Tank-MOC-106566-6-60x60.jpg 60w, https:\/\/mouldking.store\/wp-content\/uploads\/2022\/12\/Imperial-Combat-Assault-Tank-MOC-106566-6-90x90.jpg 90w\" sizes=\"(max-width: 1100px) 100vw, 1100px\" \/><figcaption id=\"caption-attachment-38899\" class=\"wp-caption-text\">MOC-106566 Imperial Combat Assault Tank With 310PCS<\/figcaption><\/figure>","protected":false},"excerpt":{"rendered":"<p>Instructions de construction PDF<\/p>\n<p>Sans bo\u00eete d&#039;origine<\/p>\n<p>Temps d&#039;arrangement\u00a0: 4 \u00e0 8\u00a0semaines<\/p>","protected":false},"featured_media":38893,"comment_status":"closed","ping_status":"closed","template":"","meta":{"_acf_changed":false},"product_cat":[1406,415],"product_tag":[7147,10283,8443,10284,430,10282,10285,10281,485],"class_list":["product","first","instock","shipping-taxable","purchasable","product-type-simple"],"acf":[],"_links":{"self":[{"href":"https:\/\/mouldking.store\/fr\/wp-json\/wp\/v2\/product\/38892","targetHints":{"allow":["GET"]}}],"collection":[{"href":"https:\/\/mouldking.store\/fr\/wp-json\/wp\/v2\/product"}],"about":[{"href":"https:\/\/mouldking.store\/fr\/wp-json\/wp\/v2\/types\/product"}],"replies":[{"embeddable":true,"href":"https:\/\/mouldking.store\/fr\/wp-json\/wp\/v2\/comments?post=38892"}],"wp:featuredmedia":[{"embeddable":true,"href":"https:\/\/mouldking.store\/fr\/wp-json\/wp\/v2\/media\/38893"}],"wp:attachment":[{"href":"https:\/\/mouldking.store\/fr\/wp-json\/wp\/v2\/media?parent=38892"}],"wp:term":[{"taxonomy":"product_cat","embeddable":true,"href":"https:\/\/mouldking.store\/fr\/wp-json\/wp\/v2\/product_cat?post=38892"},{"taxonomy":"product_tag","embeddable":true,"href":"https:\/\/mouldking.store\/fr\/wp-json\/wp\/v2\/product_tag?post=38892"}],"curies":[{"name":"wp","href":"https:\/\/api.w.org\/{rel}","templated":true}]}}