{"id":39046,"date":"2022-12-27T11:41:08","date_gmt":"2022-12-27T04:41:08","guid":{"rendered":"https:\/\/mouldking.store\/?post_type=product&#038;p=39046"},"modified":"2025-12-25T09:11:55","modified_gmt":"2025-12-25T02:11:55","slug":"moc-126132-scania-t164-tractor-crane-truck-with-3005pcs","status":"publish","type":"product","link":"https:\/\/mouldking.store\/fr\/shop\/moc-126132-scania-t164-tractor-crane-truck-with-3005pcs\/","title":{"rendered":"Camion-grue tracteur Scania T164 MOC-126132 avec 3005PCS"},"content":{"rendered":"<ol>\n<li>Marque : MOC<\/li>\n<li>Genre: Unisexe<\/li>\n<li>Name: Scania T164 Tractor Crane Truck<\/li>\n<li>Tranche d&#039;\u00e2ge : &gt; 6 ans<\/li>\n<li>Model Number: 126132<\/li>\n<li>Classement : Assemblage<\/li>\n<li>Forme de bloc en plastique\u00a0: briques autobloquantes<\/li>\n<li>Mat\u00e9riel: Plastique<\/li>\n<li>Type de plastique : ABS<\/li>\n<li>Bricks Blocks:3005PCS<\/li>\n<li>Dimensions: 47.8 x 17.4 x 20.5m<\/li>\n<li>Poids\u00a0: 3\u00a0000\u00a0g<\/li>\n<li>Contient des instructions de montage d\u00e9taill\u00e9es.<\/li>\n<\/ol>\n<p>Avis:<br \/>\n1. Sans bo\u00eete d&#039;origine, mais nous garantissons que nos produits ont une assurance qualit\u00e9 et un bel emballage.<br \/>\n2. Comme toutes les pi\u00e8ces que nous avons v\u00e9rifi\u00e9es avant l&#039;exp\u00e9dition, donc si vous trouvez des pi\u00e8ces manquantes ou endommag\u00e9es, ne vous inqui\u00e9tez pas et veuillez nous contacter et nous pouvons vous les renvoyer imm\u00e9diatement gratuitement.<\/p>\n<figure id=\"attachment_39047\" aria-describedby=\"caption-attachment-39047\" style=\"width: 1004px\" class=\"wp-caption aligncenter\"><img fetchpriority=\"high\" decoding=\"async\" class=\"wp-image-39047 size-full\" src=\"https:\/\/mouldking.store\/wp-content\/uploads\/2022\/12\/MOC-126132-Technic-Scania-T164-Tractor-Crane-Truck-MOC-FACTORY.png\" alt=\"MOC-126132 Scania T164 Tractor Crane Truck With 3005PCS\" width=\"1004\" height=\"1004\" title=\"-\" srcset=\"https:\/\/mouldking.store\/wp-content\/uploads\/2022\/12\/MOC-126132-Technic-Scania-T164-Tractor-Crane-Truck-MOC-FACTORY.png 1004w, https:\/\/mouldking.store\/wp-content\/uploads\/2022\/12\/MOC-126132-Technic-Scania-T164-Tractor-Crane-Truck-MOC-FACTORY-300x300.png 300w, https:\/\/mouldking.store\/wp-content\/uploads\/2022\/12\/MOC-126132-Technic-Scania-T164-Tractor-Crane-Truck-MOC-FACTORY-768x768.png 768w, https:\/\/mouldking.store\/wp-content\/uploads\/2022\/12\/MOC-126132-Technic-Scania-T164-Tractor-Crane-Truck-MOC-FACTORY-600x600.png 600w, https:\/\/mouldking.store\/wp-content\/uploads\/2022\/12\/MOC-126132-Technic-Scania-T164-Tractor-Crane-Truck-MOC-FACTORY-150x150.png 150w, https:\/\/mouldking.store\/wp-content\/uploads\/2022\/12\/MOC-126132-Technic-Scania-T164-Tractor-Crane-Truck-MOC-FACTORY-60x60.png 60w, https:\/\/mouldking.store\/wp-content\/uploads\/2022\/12\/MOC-126132-Technic-Scania-T164-Tractor-Crane-Truck-MOC-FACTORY-90x90.png 90w\" sizes=\"(max-width: 1004px) 100vw, 1004px\" \/><figcaption id=\"caption-attachment-39047\" class=\"wp-caption-text\">Camion-grue tracteur Scania T164 MOC-126132 avec 3005PCS<\/figcaption><\/figure>\n<figure id=\"attachment_39049\" aria-describedby=\"caption-attachment-39049\" style=\"width: 1024px\" class=\"wp-caption aligncenter\"><img decoding=\"async\" class=\"wp-image-39049 size-large\" src=\"https:\/\/mouldking.store\/wp-content\/uploads\/2022\/12\/Scania-T164-Tractor-Crane-Truck-MOC-126132-2-1024x1024.jpg\" alt=\"MOC-126132 Scania T164 Tractor Crane Truck With 3005PCS\" width=\"1024\" height=\"1024\" title=\"-\" srcset=\"https:\/\/mouldking.store\/wp-content\/uploads\/2022\/12\/Scania-T164-Tractor-Crane-Truck-MOC-126132-2-1024x1024.jpg 1024w, https:\/\/mouldking.store\/wp-content\/uploads\/2022\/12\/Scania-T164-Tractor-Crane-Truck-MOC-126132-2-300x300.jpg 300w, https:\/\/mouldking.store\/wp-content\/uploads\/2022\/12\/Scania-T164-Tractor-Crane-Truck-MOC-126132-2-768x768.jpg 768w, https:\/\/mouldking.store\/wp-content\/uploads\/2022\/12\/Scania-T164-Tractor-Crane-Truck-MOC-126132-2-600x600.jpg 600w, https:\/\/mouldking.store\/wp-content\/uploads\/2022\/12\/Scania-T164-Tractor-Crane-Truck-MOC-126132-2-150x150.jpg 150w, https:\/\/mouldking.store\/wp-content\/uploads\/2022\/12\/Scania-T164-Tractor-Crane-Truck-MOC-126132-2-60x60.jpg 60w, https:\/\/mouldking.store\/wp-content\/uploads\/2022\/12\/Scania-T164-Tractor-Crane-Truck-MOC-126132-2-90x90.jpg 90w, https:\/\/mouldking.store\/wp-content\/uploads\/2022\/12\/Scania-T164-Tractor-Crane-Truck-MOC-126132-2.jpg 1100w\" sizes=\"(max-width: 1024px) 100vw, 1024px\" \/><figcaption id=\"caption-attachment-39049\" class=\"wp-caption-text\">Camion-grue tracteur Scania T164 MOC-126132 avec 3005PCS<\/figcaption><\/figure>\n<figure id=\"attachment_39050\" aria-describedby=\"caption-attachment-39050\" style=\"width: 1024px\" class=\"wp-caption aligncenter\"><img decoding=\"async\" class=\"wp-image-39050 size-large\" src=\"https:\/\/mouldking.store\/wp-content\/uploads\/2022\/12\/Scania-T164-Tractor-Crane-Truck-MOC-126132-3-1024x1024.jpg\" alt=\"MOC-126132 Scania T164 Tractor Crane Truck With 3005PCS\" width=\"1024\" height=\"1024\" title=\"-\" srcset=\"https:\/\/mouldking.store\/wp-content\/uploads\/2022\/12\/Scania-T164-Tractor-Crane-Truck-MOC-126132-3-1024x1024.jpg 1024w, https:\/\/mouldking.store\/wp-content\/uploads\/2022\/12\/Scania-T164-Tractor-Crane-Truck-MOC-126132-3-300x300.jpg 300w, https:\/\/mouldking.store\/wp-content\/uploads\/2022\/12\/Scania-T164-Tractor-Crane-Truck-MOC-126132-3-768x768.jpg 768w, https:\/\/mouldking.store\/wp-content\/uploads\/2022\/12\/Scania-T164-Tractor-Crane-Truck-MOC-126132-3-600x600.jpg 600w, https:\/\/mouldking.store\/wp-content\/uploads\/2022\/12\/Scania-T164-Tractor-Crane-Truck-MOC-126132-3-150x150.jpg 150w, https:\/\/mouldking.store\/wp-content\/uploads\/2022\/12\/Scania-T164-Tractor-Crane-Truck-MOC-126132-3-60x60.jpg 60w, https:\/\/mouldking.store\/wp-content\/uploads\/2022\/12\/Scania-T164-Tractor-Crane-Truck-MOC-126132-3-90x90.jpg 90w, https:\/\/mouldking.store\/wp-content\/uploads\/2022\/12\/Scania-T164-Tractor-Crane-Truck-MOC-126132-3.jpg 1100w\" sizes=\"(max-width: 1024px) 100vw, 1024px\" \/><figcaption id=\"caption-attachment-39050\" class=\"wp-caption-text\">Camion-grue tracteur Scania T164 MOC-126132 avec 3005PCS<\/figcaption><\/figure>\n<figure id=\"attachment_39051\" aria-describedby=\"caption-attachment-39051\" style=\"width: 1100px\" class=\"wp-caption aligncenter\"><img loading=\"lazy\" decoding=\"async\" class=\"wp-image-39051 size-full\" src=\"https:\/\/mouldking.store\/wp-content\/uploads\/2022\/12\/Scania-T164-Tractor-Crane-Truck-MOC-126132-4.jpg\" alt=\"MOC-126132 Scania T164 Tractor Crane Truck With 3005PCS\" width=\"1100\" height=\"1100\" title=\"-\" srcset=\"https:\/\/mouldking.store\/wp-content\/uploads\/2022\/12\/Scania-T164-Tractor-Crane-Truck-MOC-126132-4.jpg 1100w, https:\/\/mouldking.store\/wp-content\/uploads\/2022\/12\/Scania-T164-Tractor-Crane-Truck-MOC-126132-4-300x300.jpg 300w, https:\/\/mouldking.store\/wp-content\/uploads\/2022\/12\/Scania-T164-Tractor-Crane-Truck-MOC-126132-4-1024x1024.jpg 1024w, https:\/\/mouldking.store\/wp-content\/uploads\/2022\/12\/Scania-T164-Tractor-Crane-Truck-MOC-126132-4-768x768.jpg 768w, https:\/\/mouldking.store\/wp-content\/uploads\/2022\/12\/Scania-T164-Tractor-Crane-Truck-MOC-126132-4-600x600.jpg 600w, https:\/\/mouldking.store\/wp-content\/uploads\/2022\/12\/Scania-T164-Tractor-Crane-Truck-MOC-126132-4-150x150.jpg 150w, https:\/\/mouldking.store\/wp-content\/uploads\/2022\/12\/Scania-T164-Tractor-Crane-Truck-MOC-126132-4-60x60.jpg 60w, https:\/\/mouldking.store\/wp-content\/uploads\/2022\/12\/Scania-T164-Tractor-Crane-Truck-MOC-126132-4-90x90.jpg 90w\" sizes=\"(max-width: 1100px) 100vw, 1100px\" \/><figcaption id=\"caption-attachment-39051\" class=\"wp-caption-text\">Camion-grue tracteur Scania T164 MOC-126132 avec 3005PCS<\/figcaption><\/figure>\n<figure id=\"attachment_39052\" aria-describedby=\"caption-attachment-39052\" style=\"width: 1024px\" class=\"wp-caption aligncenter\"><img loading=\"lazy\" decoding=\"async\" class=\"wp-image-39052 size-large\" src=\"https:\/\/mouldking.store\/wp-content\/uploads\/2022\/12\/Scania-T164-Tractor-Crane-Truck-MOC-126132-5-1024x1024.jpg\" alt=\"MOC-126132 Scania T164 Tractor Crane Truck With 3005PCS\" width=\"1024\" height=\"1024\" title=\"-\" srcset=\"https:\/\/mouldking.store\/wp-content\/uploads\/2022\/12\/Scania-T164-Tractor-Crane-Truck-MOC-126132-5-1024x1024.jpg 1024w, https:\/\/mouldking.store\/wp-content\/uploads\/2022\/12\/Scania-T164-Tractor-Crane-Truck-MOC-126132-5-300x300.jpg 300w, https:\/\/mouldking.store\/wp-content\/uploads\/2022\/12\/Scania-T164-Tractor-Crane-Truck-MOC-126132-5-768x768.jpg 768w, https:\/\/mouldking.store\/wp-content\/uploads\/2022\/12\/Scania-T164-Tractor-Crane-Truck-MOC-126132-5-600x600.jpg 600w, https:\/\/mouldking.store\/wp-content\/uploads\/2022\/12\/Scania-T164-Tractor-Crane-Truck-MOC-126132-5-150x150.jpg 150w, https:\/\/mouldking.store\/wp-content\/uploads\/2022\/12\/Scania-T164-Tractor-Crane-Truck-MOC-126132-5-60x60.jpg 60w, https:\/\/mouldking.store\/wp-content\/uploads\/2022\/12\/Scania-T164-Tractor-Crane-Truck-MOC-126132-5-90x90.jpg 90w, https:\/\/mouldking.store\/wp-content\/uploads\/2022\/12\/Scania-T164-Tractor-Crane-Truck-MOC-126132-5.jpg 1100w\" sizes=\"(max-width: 1024px) 100vw, 1024px\" \/><figcaption id=\"caption-attachment-39052\" class=\"wp-caption-text\">Camion-grue tracteur Scania T164 MOC-126132 avec 3005PCS<\/figcaption><\/figure>\n<figure id=\"attachment_39053\" aria-describedby=\"caption-attachment-39053\" style=\"width: 1024px\" class=\"wp-caption aligncenter\"><img loading=\"lazy\" decoding=\"async\" class=\"wp-image-39053 size-large\" src=\"https:\/\/mouldking.store\/wp-content\/uploads\/2022\/12\/Scania-T164-Tractor-Crane-Truck-MOC-126132-6-1024x1024.jpg\" alt=\"MOC-126132 Scania T164 Tractor Crane Truck With 3005PCS\" width=\"1024\" height=\"1024\" title=\"-\" srcset=\"https:\/\/mouldking.store\/wp-content\/uploads\/2022\/12\/Scania-T164-Tractor-Crane-Truck-MOC-126132-6-1024x1024.jpg 1024w, https:\/\/mouldking.store\/wp-content\/uploads\/2022\/12\/Scania-T164-Tractor-Crane-Truck-MOC-126132-6-300x300.jpg 300w, https:\/\/mouldking.store\/wp-content\/uploads\/2022\/12\/Scania-T164-Tractor-Crane-Truck-MOC-126132-6-768x768.jpg 768w, https:\/\/mouldking.store\/wp-content\/uploads\/2022\/12\/Scania-T164-Tractor-Crane-Truck-MOC-126132-6-600x600.jpg 600w, https:\/\/mouldking.store\/wp-content\/uploads\/2022\/12\/Scania-T164-Tractor-Crane-Truck-MOC-126132-6-150x150.jpg 150w, https:\/\/mouldking.store\/wp-content\/uploads\/2022\/12\/Scania-T164-Tractor-Crane-Truck-MOC-126132-6-60x60.jpg 60w, https:\/\/mouldking.store\/wp-content\/uploads\/2022\/12\/Scania-T164-Tractor-Crane-Truck-MOC-126132-6-90x90.jpg 90w, https:\/\/mouldking.store\/wp-content\/uploads\/2022\/12\/Scania-T164-Tractor-Crane-Truck-MOC-126132-6.jpg 1100w\" sizes=\"(max-width: 1024px) 100vw, 1024px\" \/><figcaption id=\"caption-attachment-39053\" class=\"wp-caption-text\">Camion-grue tracteur Scania T164 MOC-126132 avec 3005PCS<\/figcaption><\/figure>\n<figure id=\"attachment_39054\" aria-describedby=\"caption-attachment-39054\" style=\"width: 800px\" class=\"wp-caption aligncenter\"><img loading=\"lazy\" decoding=\"async\" class=\"wp-image-39054 size-full\" src=\"https:\/\/mouldking.store\/wp-content\/uploads\/2022\/12\/Scania-T164-Tractor-Crane-Truck-MOC-126132-7.jpg\" alt=\"MOC-126132 Scania T164 Tractor Crane Truck With 3005PCS\" width=\"800\" height=\"800\" title=\"-\" srcset=\"https:\/\/mouldking.store\/wp-content\/uploads\/2022\/12\/Scania-T164-Tractor-Crane-Truck-MOC-126132-7.jpg 800w, https:\/\/mouldking.store\/wp-content\/uploads\/2022\/12\/Scania-T164-Tractor-Crane-Truck-MOC-126132-7-300x300.jpg 300w, https:\/\/mouldking.store\/wp-content\/uploads\/2022\/12\/Scania-T164-Tractor-Crane-Truck-MOC-126132-7-768x768.jpg 768w, https:\/\/mouldking.store\/wp-content\/uploads\/2022\/12\/Scania-T164-Tractor-Crane-Truck-MOC-126132-7-600x600.jpg 600w, https:\/\/mouldking.store\/wp-content\/uploads\/2022\/12\/Scania-T164-Tractor-Crane-Truck-MOC-126132-7-150x150.jpg 150w, https:\/\/mouldking.store\/wp-content\/uploads\/2022\/12\/Scania-T164-Tractor-Crane-Truck-MOC-126132-7-60x60.jpg 60w, https:\/\/mouldking.store\/wp-content\/uploads\/2022\/12\/Scania-T164-Tractor-Crane-Truck-MOC-126132-7-90x90.jpg 90w\" sizes=\"(max-width: 800px) 100vw, 800px\" \/><figcaption id=\"caption-attachment-39054\" class=\"wp-caption-text\">Camion-grue tracteur Scania T164 MOC-126132 avec 3005PCS<\/figcaption><\/figure>","protected":false},"excerpt":{"rendered":"<p>Instructions de construction PDF<\/p>\n<p>Sans bo\u00eete d&#039;origine<\/p>\n<p>Temps d&#039;arrangement\u00a0: 4 \u00e0 8\u00a0semaines<\/p>","protected":false},"featured_media":39047,"comment_status":"closed","ping_status":"closed","template":"","meta":{"_acf_changed":false},"product_cat":[1357,1406,364],"product_tag":[5205,10396,430,10393,10398,10392,10394,10397,10395,6245,466],"class_list":["product","first","instock","shipping-taxable","purchasable","product-type-simple"],"acf":[],"_links":{"self":[{"href":"https:\/\/mouldking.store\/fr\/wp-json\/wp\/v2\/product\/39046","targetHints":{"allow":["GET"]}}],"collection":[{"href":"https:\/\/mouldking.store\/fr\/wp-json\/wp\/v2\/product"}],"about":[{"href":"https:\/\/mouldking.store\/fr\/wp-json\/wp\/v2\/types\/product"}],"replies":[{"embeddable":true,"href":"https:\/\/mouldking.store\/fr\/wp-json\/wp\/v2\/comments?post=39046"}],"wp:featuredmedia":[{"embeddable":true,"href":"https:\/\/mouldking.store\/fr\/wp-json\/wp\/v2\/media\/39047"}],"wp:attachment":[{"href":"https:\/\/mouldking.store\/fr\/wp-json\/wp\/v2\/media?parent=39046"}],"wp:term":[{"taxonomy":"product_cat","embeddable":true,"href":"https:\/\/mouldking.store\/fr\/wp-json\/wp\/v2\/product_cat?post=39046"},{"taxonomy":"product_tag","embeddable":true,"href":"https:\/\/mouldking.store\/fr\/wp-json\/wp\/v2\/product_tag?post=39046"}],"curies":[{"name":"wp","href":"https:\/\/api.w.org\/{rel}","templated":true}]}}