{"id":39100,"date":"2022-12-27T14:19:11","date_gmt":"2022-12-27T07:19:11","guid":{"rendered":"https:\/\/mouldking.store\/?post_type=product&#038;p=39100"},"modified":"2025-12-25T09:11:55","modified_gmt":"2025-12-25T02:11:55","slug":"moc-130733-donjon-model-medieval-pirate-theme-with-1845pcs","status":"publish","type":"product","link":"https:\/\/mouldking.store\/fr\/shop\/moc-130733-donjon-model-medieval-pirate-theme-with-1845pcs\/","title":{"rendered":"MOC-130733 Donjon Mod\u00e8le Th\u00e8me Pirate M\u00e9di\u00e9val Avec 1845PCS"},"content":{"rendered":"<ol>\n<li>Marque : MOC<\/li>\n<li>Genre: Unisexe<\/li>\n<li>Name: Donjon Model Medieval Pirate Theme<\/li>\n<li>Tranche d&#039;\u00e2ge : &gt; 6 ans<\/li>\n<li>Model Number: 130733<\/li>\n<li>Classement : Assemblage<\/li>\n<li>Forme de bloc en plastique\u00a0: briques autobloquantes<\/li>\n<li>Mat\u00e9riel: Plastique<\/li>\n<li>Type de plastique : ABS<\/li>\n<li>Bricks Blocks:1845PCS<\/li>\n<li>Weight:1540g<\/li>\n<li>Contient des instructions de montage d\u00e9taill\u00e9es.<\/li>\n<\/ol>\n<p>Avis:<br \/>\n1. Sans bo\u00eete d&#039;origine, mais nous garantissons que nos produits ont une assurance qualit\u00e9 et un bel emballage.<br \/>\n2. Comme toutes les pi\u00e8ces que nous avons v\u00e9rifi\u00e9es avant l&#039;exp\u00e9dition, donc si vous trouvez des pi\u00e8ces manquantes ou endommag\u00e9es, ne vous inqui\u00e9tez pas et veuillez nous contacter et nous pouvons vous les renvoyer imm\u00e9diatement gratuitement.<\/p>\n<figure id=\"attachment_39101\" aria-describedby=\"caption-attachment-39101\" style=\"width: 1004px\" class=\"wp-caption aligncenter\"><img fetchpriority=\"high\" decoding=\"async\" class=\"wp-image-39101 size-full\" src=\"https:\/\/mouldking.store\/wp-content\/uploads\/2022\/12\/MOC-130733-Modular-Building-Donjon-Model-Medieval-Pirate-Theme-MOC-FACTOR.png\" alt=\"MOC-130733 Donjon Model Medieval Pirate Theme With 1845PCS\" width=\"1004\" height=\"1004\" title=\"-\" srcset=\"https:\/\/mouldking.store\/wp-content\/uploads\/2022\/12\/MOC-130733-Modular-Building-Donjon-Model-Medieval-Pirate-Theme-MOC-FACTOR.png 1004w, https:\/\/mouldking.store\/wp-content\/uploads\/2022\/12\/MOC-130733-Modular-Building-Donjon-Model-Medieval-Pirate-Theme-MOC-FACTOR-300x300.png 300w, https:\/\/mouldking.store\/wp-content\/uploads\/2022\/12\/MOC-130733-Modular-Building-Donjon-Model-Medieval-Pirate-Theme-MOC-FACTOR-768x768.png 768w, https:\/\/mouldking.store\/wp-content\/uploads\/2022\/12\/MOC-130733-Modular-Building-Donjon-Model-Medieval-Pirate-Theme-MOC-FACTOR-600x600.png 600w, https:\/\/mouldking.store\/wp-content\/uploads\/2022\/12\/MOC-130733-Modular-Building-Donjon-Model-Medieval-Pirate-Theme-MOC-FACTOR-150x150.png 150w, https:\/\/mouldking.store\/wp-content\/uploads\/2022\/12\/MOC-130733-Modular-Building-Donjon-Model-Medieval-Pirate-Theme-MOC-FACTOR-60x60.png 60w, https:\/\/mouldking.store\/wp-content\/uploads\/2022\/12\/MOC-130733-Modular-Building-Donjon-Model-Medieval-Pirate-Theme-MOC-FACTOR-90x90.png 90w\" sizes=\"(max-width: 1004px) 100vw, 1004px\" \/><figcaption id=\"caption-attachment-39101\" class=\"wp-caption-text\">MOC-130733 Donjon Mod\u00e8le Th\u00e8me Pirate M\u00e9di\u00e9val Avec 1845PCS<\/figcaption><\/figure>\n<figure id=\"attachment_39102\" aria-describedby=\"caption-attachment-39102\" style=\"width: 1024px\" class=\"wp-caption aligncenter\"><img decoding=\"async\" class=\"wp-image-39102 size-large\" src=\"https:\/\/mouldking.store\/wp-content\/uploads\/2022\/12\/Donjon-Model-Medieval-Pirate-Theme-MOC-130733-2-1024x1024.jpg\" alt=\"MOC-130733 Donjon Model Medieval Pirate Theme With 1845PCS\" width=\"1024\" height=\"1024\" title=\"-\" srcset=\"https:\/\/mouldking.store\/wp-content\/uploads\/2022\/12\/Donjon-Model-Medieval-Pirate-Theme-MOC-130733-2-1024x1024.jpg 1024w, https:\/\/mouldking.store\/wp-content\/uploads\/2022\/12\/Donjon-Model-Medieval-Pirate-Theme-MOC-130733-2-300x300.jpg 300w, https:\/\/mouldking.store\/wp-content\/uploads\/2022\/12\/Donjon-Model-Medieval-Pirate-Theme-MOC-130733-2-768x768.jpg 768w, https:\/\/mouldking.store\/wp-content\/uploads\/2022\/12\/Donjon-Model-Medieval-Pirate-Theme-MOC-130733-2-600x600.jpg 600w, https:\/\/mouldking.store\/wp-content\/uploads\/2022\/12\/Donjon-Model-Medieval-Pirate-Theme-MOC-130733-2-150x150.jpg 150w, https:\/\/mouldking.store\/wp-content\/uploads\/2022\/12\/Donjon-Model-Medieval-Pirate-Theme-MOC-130733-2-60x60.jpg 60w, https:\/\/mouldking.store\/wp-content\/uploads\/2022\/12\/Donjon-Model-Medieval-Pirate-Theme-MOC-130733-2-90x90.jpg 90w, https:\/\/mouldking.store\/wp-content\/uploads\/2022\/12\/Donjon-Model-Medieval-Pirate-Theme-MOC-130733-2.jpg 1100w\" sizes=\"(max-width: 1024px) 100vw, 1024px\" \/><figcaption id=\"caption-attachment-39102\" class=\"wp-caption-text\">MOC-130733 Donjon Mod\u00e8le Th\u00e8me Pirate M\u00e9di\u00e9val Avec 1845PCS<\/figcaption><\/figure>\n<figure id=\"attachment_39103\" aria-describedby=\"caption-attachment-39103\" style=\"width: 1024px\" class=\"wp-caption aligncenter\"><img decoding=\"async\" class=\"wp-image-39103 size-large\" src=\"https:\/\/mouldking.store\/wp-content\/uploads\/2022\/12\/Donjon-Model-Medieval-Pirate-Theme-MOC-130733-3-1024x1024.jpg\" alt=\"MOC-130733 Donjon Model Medieval Pirate Theme With 1845PCS\" width=\"1024\" height=\"1024\" title=\"-\" srcset=\"https:\/\/mouldking.store\/wp-content\/uploads\/2022\/12\/Donjon-Model-Medieval-Pirate-Theme-MOC-130733-3-1024x1024.jpg 1024w, https:\/\/mouldking.store\/wp-content\/uploads\/2022\/12\/Donjon-Model-Medieval-Pirate-Theme-MOC-130733-3-300x300.jpg 300w, https:\/\/mouldking.store\/wp-content\/uploads\/2022\/12\/Donjon-Model-Medieval-Pirate-Theme-MOC-130733-3-768x768.jpg 768w, https:\/\/mouldking.store\/wp-content\/uploads\/2022\/12\/Donjon-Model-Medieval-Pirate-Theme-MOC-130733-3-600x600.jpg 600w, https:\/\/mouldking.store\/wp-content\/uploads\/2022\/12\/Donjon-Model-Medieval-Pirate-Theme-MOC-130733-3-150x150.jpg 150w, https:\/\/mouldking.store\/wp-content\/uploads\/2022\/12\/Donjon-Model-Medieval-Pirate-Theme-MOC-130733-3-60x60.jpg 60w, https:\/\/mouldking.store\/wp-content\/uploads\/2022\/12\/Donjon-Model-Medieval-Pirate-Theme-MOC-130733-3-90x90.jpg 90w, https:\/\/mouldking.store\/wp-content\/uploads\/2022\/12\/Donjon-Model-Medieval-Pirate-Theme-MOC-130733-3.jpg 1100w\" sizes=\"(max-width: 1024px) 100vw, 1024px\" \/><figcaption id=\"caption-attachment-39103\" class=\"wp-caption-text\">MOC-130733 Donjon Mod\u00e8le Th\u00e8me Pirate M\u00e9di\u00e9val Avec 1845PCS<\/figcaption><\/figure>\n<figure id=\"attachment_39104\" aria-describedby=\"caption-attachment-39104\" style=\"width: 1024px\" class=\"wp-caption aligncenter\"><img loading=\"lazy\" decoding=\"async\" class=\"wp-image-39104 size-large\" src=\"https:\/\/mouldking.store\/wp-content\/uploads\/2022\/12\/Donjon-Model-Medieval-Pirate-Theme-MOC-130733-4-1024x1024.jpg\" alt=\"MOC-130733 Donjon Model Medieval Pirate Theme With 1845PCS\" width=\"1024\" height=\"1024\" title=\"-\" srcset=\"https:\/\/mouldking.store\/wp-content\/uploads\/2022\/12\/Donjon-Model-Medieval-Pirate-Theme-MOC-130733-4-1024x1024.jpg 1024w, https:\/\/mouldking.store\/wp-content\/uploads\/2022\/12\/Donjon-Model-Medieval-Pirate-Theme-MOC-130733-4-300x300.jpg 300w, https:\/\/mouldking.store\/wp-content\/uploads\/2022\/12\/Donjon-Model-Medieval-Pirate-Theme-MOC-130733-4-768x768.jpg 768w, https:\/\/mouldking.store\/wp-content\/uploads\/2022\/12\/Donjon-Model-Medieval-Pirate-Theme-MOC-130733-4-600x600.jpg 600w, https:\/\/mouldking.store\/wp-content\/uploads\/2022\/12\/Donjon-Model-Medieval-Pirate-Theme-MOC-130733-4-150x150.jpg 150w, https:\/\/mouldking.store\/wp-content\/uploads\/2022\/12\/Donjon-Model-Medieval-Pirate-Theme-MOC-130733-4-60x60.jpg 60w, https:\/\/mouldking.store\/wp-content\/uploads\/2022\/12\/Donjon-Model-Medieval-Pirate-Theme-MOC-130733-4-90x90.jpg 90w, https:\/\/mouldking.store\/wp-content\/uploads\/2022\/12\/Donjon-Model-Medieval-Pirate-Theme-MOC-130733-4.jpg 1100w\" sizes=\"(max-width: 1024px) 100vw, 1024px\" \/><figcaption id=\"caption-attachment-39104\" class=\"wp-caption-text\">MOC-130733 Donjon Mod\u00e8le Th\u00e8me Pirate M\u00e9di\u00e9val Avec 1845PCS<\/figcaption><\/figure>\n<figure id=\"attachment_39105\" aria-describedby=\"caption-attachment-39105\" style=\"width: 1024px\" class=\"wp-caption aligncenter\"><img loading=\"lazy\" decoding=\"async\" class=\"wp-image-39105 size-large\" src=\"https:\/\/mouldking.store\/wp-content\/uploads\/2022\/12\/Donjon-Model-Medieval-Pirate-Theme-MOC-130733-5-1024x1024.jpg\" alt=\"MOC-130733 Donjon Model Medieval Pirate Theme With 1845PCS\" width=\"1024\" height=\"1024\" title=\"-\" srcset=\"https:\/\/mouldking.store\/wp-content\/uploads\/2022\/12\/Donjon-Model-Medieval-Pirate-Theme-MOC-130733-5-1024x1024.jpg 1024w, https:\/\/mouldking.store\/wp-content\/uploads\/2022\/12\/Donjon-Model-Medieval-Pirate-Theme-MOC-130733-5-300x300.jpg 300w, https:\/\/mouldking.store\/wp-content\/uploads\/2022\/12\/Donjon-Model-Medieval-Pirate-Theme-MOC-130733-5-768x768.jpg 768w, https:\/\/mouldking.store\/wp-content\/uploads\/2022\/12\/Donjon-Model-Medieval-Pirate-Theme-MOC-130733-5-600x600.jpg 600w, https:\/\/mouldking.store\/wp-content\/uploads\/2022\/12\/Donjon-Model-Medieval-Pirate-Theme-MOC-130733-5-150x150.jpg 150w, https:\/\/mouldking.store\/wp-content\/uploads\/2022\/12\/Donjon-Model-Medieval-Pirate-Theme-MOC-130733-5-60x60.jpg 60w, https:\/\/mouldking.store\/wp-content\/uploads\/2022\/12\/Donjon-Model-Medieval-Pirate-Theme-MOC-130733-5-90x90.jpg 90w, https:\/\/mouldking.store\/wp-content\/uploads\/2022\/12\/Donjon-Model-Medieval-Pirate-Theme-MOC-130733-5.jpg 1100w\" sizes=\"(max-width: 1024px) 100vw, 1024px\" \/><figcaption id=\"caption-attachment-39105\" class=\"wp-caption-text\">MOC-130733 Donjon Mod\u00e8le Th\u00e8me Pirate M\u00e9di\u00e9val Avec 1845PCS<\/figcaption><\/figure>\n<figure id=\"attachment_39106\" aria-describedby=\"caption-attachment-39106\" style=\"width: 1024px\" class=\"wp-caption aligncenter\"><img loading=\"lazy\" decoding=\"async\" class=\"wp-image-39106 size-large\" src=\"https:\/\/mouldking.store\/wp-content\/uploads\/2022\/12\/Donjon-Model-Medieval-Pirate-Theme-MOC-130733-6-1024x1024.jpg\" alt=\"MOC-130733 Donjon Model Medieval Pirate Theme With 1845PCS\" width=\"1024\" height=\"1024\" title=\"-\" srcset=\"https:\/\/mouldking.store\/wp-content\/uploads\/2022\/12\/Donjon-Model-Medieval-Pirate-Theme-MOC-130733-6-1024x1024.jpg 1024w, https:\/\/mouldking.store\/wp-content\/uploads\/2022\/12\/Donjon-Model-Medieval-Pirate-Theme-MOC-130733-6-300x300.jpg 300w, https:\/\/mouldking.store\/wp-content\/uploads\/2022\/12\/Donjon-Model-Medieval-Pirate-Theme-MOC-130733-6-768x768.jpg 768w, https:\/\/mouldking.store\/wp-content\/uploads\/2022\/12\/Donjon-Model-Medieval-Pirate-Theme-MOC-130733-6-600x600.jpg 600w, https:\/\/mouldking.store\/wp-content\/uploads\/2022\/12\/Donjon-Model-Medieval-Pirate-Theme-MOC-130733-6-150x150.jpg 150w, https:\/\/mouldking.store\/wp-content\/uploads\/2022\/12\/Donjon-Model-Medieval-Pirate-Theme-MOC-130733-6-60x60.jpg 60w, https:\/\/mouldking.store\/wp-content\/uploads\/2022\/12\/Donjon-Model-Medieval-Pirate-Theme-MOC-130733-6-90x90.jpg 90w, https:\/\/mouldking.store\/wp-content\/uploads\/2022\/12\/Donjon-Model-Medieval-Pirate-Theme-MOC-130733-6.jpg 1100w\" sizes=\"(max-width: 1024px) 100vw, 1024px\" \/><figcaption id=\"caption-attachment-39106\" class=\"wp-caption-text\">MOC-130733 Donjon Mod\u00e8le Th\u00e8me Pirate M\u00e9di\u00e9val Avec 1845PCS<\/figcaption><\/figure>\n<figure id=\"attachment_39107\" aria-describedby=\"caption-attachment-39107\" style=\"width: 1024px\" class=\"wp-caption aligncenter\"><img loading=\"lazy\" decoding=\"async\" class=\"wp-image-39107 size-large\" src=\"https:\/\/mouldking.store\/wp-content\/uploads\/2022\/12\/Donjon-Model-Medieval-Pirate-Theme-MOC-130733-7-1024x1024.jpg\" alt=\"MOC-130733 Donjon Model Medieval Pirate Theme With 1845PCS\" width=\"1024\" height=\"1024\" title=\"-\" srcset=\"https:\/\/mouldking.store\/wp-content\/uploads\/2022\/12\/Donjon-Model-Medieval-Pirate-Theme-MOC-130733-7-1024x1024.jpg 1024w, https:\/\/mouldking.store\/wp-content\/uploads\/2022\/12\/Donjon-Model-Medieval-Pirate-Theme-MOC-130733-7-300x300.jpg 300w, https:\/\/mouldking.store\/wp-content\/uploads\/2022\/12\/Donjon-Model-Medieval-Pirate-Theme-MOC-130733-7-768x768.jpg 768w, https:\/\/mouldking.store\/wp-content\/uploads\/2022\/12\/Donjon-Model-Medieval-Pirate-Theme-MOC-130733-7-600x600.jpg 600w, https:\/\/mouldking.store\/wp-content\/uploads\/2022\/12\/Donjon-Model-Medieval-Pirate-Theme-MOC-130733-7-150x150.jpg 150w, https:\/\/mouldking.store\/wp-content\/uploads\/2022\/12\/Donjon-Model-Medieval-Pirate-Theme-MOC-130733-7-60x60.jpg 60w, https:\/\/mouldking.store\/wp-content\/uploads\/2022\/12\/Donjon-Model-Medieval-Pirate-Theme-MOC-130733-7-90x90.jpg 90w, https:\/\/mouldking.store\/wp-content\/uploads\/2022\/12\/Donjon-Model-Medieval-Pirate-Theme-MOC-130733-7.jpg 1100w\" sizes=\"(max-width: 1024px) 100vw, 1024px\" \/><figcaption id=\"caption-attachment-39107\" class=\"wp-caption-text\">MOC-130733 Donjon Mod\u00e8le Th\u00e8me Pirate M\u00e9di\u00e9val Avec 1845PCS<\/figcaption><\/figure>","protected":false},"excerpt":{"rendered":"<p>Instructions de construction PDF<\/p>\n<p>Sans bo\u00eete d&#039;origine<\/p>\n<p>Temps d&#039;arrangement\u00a0: 4 \u00e0 8\u00a0semaines<\/p>","protected":false},"featured_media":39101,"comment_status":"closed","ping_status":"closed","template":"","meta":{"_acf_changed":false},"product_cat":[1395,1406,390],"product_tag":[10442,10444,4996,10443,430,10441,10445,10440,5487],"class_list":["product","first","instock","shipping-taxable","purchasable","product-type-simple"],"acf":[],"_links":{"self":[{"href":"https:\/\/mouldking.store\/fr\/wp-json\/wp\/v2\/product\/39100","targetHints":{"allow":["GET"]}}],"collection":[{"href":"https:\/\/mouldking.store\/fr\/wp-json\/wp\/v2\/product"}],"about":[{"href":"https:\/\/mouldking.store\/fr\/wp-json\/wp\/v2\/types\/product"}],"replies":[{"embeddable":true,"href":"https:\/\/mouldking.store\/fr\/wp-json\/wp\/v2\/comments?post=39100"}],"wp:featuredmedia":[{"embeddable":true,"href":"https:\/\/mouldking.store\/fr\/wp-json\/wp\/v2\/media\/39101"}],"wp:attachment":[{"href":"https:\/\/mouldking.store\/fr\/wp-json\/wp\/v2\/media?parent=39100"}],"wp:term":[{"taxonomy":"product_cat","embeddable":true,"href":"https:\/\/mouldking.store\/fr\/wp-json\/wp\/v2\/product_cat?post=39100"},{"taxonomy":"product_tag","embeddable":true,"href":"https:\/\/mouldking.store\/fr\/wp-json\/wp\/v2\/product_tag?post=39100"}],"curies":[{"name":"wp","href":"https:\/\/api.w.org\/{rel}","templated":true}]}}