{"id":39123,"date":"2022-12-27T14:39:39","date_gmt":"2022-12-27T07:39:39","guid":{"rendered":"https:\/\/mouldking.store\/?post_type=product&#038;p=39123"},"modified":"2025-12-25T09:11:54","modified_gmt":"2025-12-25T02:11:54","slug":"moc-89517-a30-challenger-tank-with-979pcs","status":"publish","type":"product","link":"https:\/\/mouldking.store\/fr\/shop\/moc-89517-a30-challenger-tank-with-979pcs\/","title":{"rendered":"MOC-89517 R\u00e9servoir Challenger A30 avec 979PCS"},"content":{"rendered":"<ol>\n<li>Marque : MOC<\/li>\n<li>Genre: Unisexe<\/li>\n<li>Name: A30 Challenger Tank<\/li>\n<li>Tranche d&#039;\u00e2ge : &gt; 6 ans<\/li>\n<li>Model Number: 89517<\/li>\n<li>Classement : Assemblage<\/li>\n<li>Forme de bloc en plastique\u00a0: briques autobloquantes<\/li>\n<li>Mat\u00e9riel: Plastique<\/li>\n<li>Type de plastique : ABS<\/li>\n<li>Bricks Blocks:979PCS<\/li>\n<li>Poids\u00a0: 1\u00a0100\u00a0g<\/li>\n<li>Contient des instructions de montage d\u00e9taill\u00e9es.<\/li>\n<\/ol>\n<p>Avis:<br \/>\n1. Sans bo\u00eete d&#039;origine, mais nous garantissons que nos produits ont une assurance qualit\u00e9 et un bel emballage.<br \/>\n2. Comme toutes les pi\u00e8ces que nous avons v\u00e9rifi\u00e9es avant l&#039;exp\u00e9dition, donc si vous trouvez des pi\u00e8ces manquantes ou endommag\u00e9es, ne vous inqui\u00e9tez pas et veuillez nous contacter et nous pouvons vous les renvoyer imm\u00e9diatement gratuitement.<\/p>\n<figure id=\"attachment_39124\" aria-describedby=\"caption-attachment-39124\" style=\"width: 1004px\" class=\"wp-caption aligncenter\"><img fetchpriority=\"high\" decoding=\"async\" class=\"wp-image-39124 size-full\" src=\"https:\/\/mouldking.store\/wp-content\/uploads\/2022\/12\/MOC-89517-Military-A30-Challenger-Tank-MOC-FACTORY.png\" alt=\"MOC-89517 A30 Challenger Tank With 979PCS\" width=\"1004\" height=\"1004\" title=\"-\" srcset=\"https:\/\/mouldking.store\/wp-content\/uploads\/2022\/12\/MOC-89517-Military-A30-Challenger-Tank-MOC-FACTORY.png 1004w, https:\/\/mouldking.store\/wp-content\/uploads\/2022\/12\/MOC-89517-Military-A30-Challenger-Tank-MOC-FACTORY-300x300.png 300w, https:\/\/mouldking.store\/wp-content\/uploads\/2022\/12\/MOC-89517-Military-A30-Challenger-Tank-MOC-FACTORY-768x768.png 768w, https:\/\/mouldking.store\/wp-content\/uploads\/2022\/12\/MOC-89517-Military-A30-Challenger-Tank-MOC-FACTORY-600x600.png 600w, https:\/\/mouldking.store\/wp-content\/uploads\/2022\/12\/MOC-89517-Military-A30-Challenger-Tank-MOC-FACTORY-150x150.png 150w, https:\/\/mouldking.store\/wp-content\/uploads\/2022\/12\/MOC-89517-Military-A30-Challenger-Tank-MOC-FACTORY-60x60.png 60w, https:\/\/mouldking.store\/wp-content\/uploads\/2022\/12\/MOC-89517-Military-A30-Challenger-Tank-MOC-FACTORY-90x90.png 90w\" sizes=\"(max-width: 1004px) 100vw, 1004px\" \/><figcaption id=\"caption-attachment-39124\" class=\"wp-caption-text\">MOC-89517 R\u00e9servoir Challenger A30 avec 979PCS<\/figcaption><\/figure>\n<figure id=\"attachment_39125\" aria-describedby=\"caption-attachment-39125\" style=\"width: 1024px\" class=\"wp-caption aligncenter\"><img decoding=\"async\" class=\"wp-image-39125 size-large\" src=\"https:\/\/mouldking.store\/wp-content\/uploads\/2022\/12\/A30-Challenger-Tank-MOC-89517-2-1024x1024.jpg\" alt=\"MOC-89517 A30 Challenger Tank With 979PCS\" width=\"1024\" height=\"1024\" title=\"-\" srcset=\"https:\/\/mouldking.store\/wp-content\/uploads\/2022\/12\/A30-Challenger-Tank-MOC-89517-2-1024x1024.jpg 1024w, https:\/\/mouldking.store\/wp-content\/uploads\/2022\/12\/A30-Challenger-Tank-MOC-89517-2-300x300.jpg 300w, https:\/\/mouldking.store\/wp-content\/uploads\/2022\/12\/A30-Challenger-Tank-MOC-89517-2-768x768.jpg 768w, https:\/\/mouldking.store\/wp-content\/uploads\/2022\/12\/A30-Challenger-Tank-MOC-89517-2-600x600.jpg 600w, https:\/\/mouldking.store\/wp-content\/uploads\/2022\/12\/A30-Challenger-Tank-MOC-89517-2-150x150.jpg 150w, https:\/\/mouldking.store\/wp-content\/uploads\/2022\/12\/A30-Challenger-Tank-MOC-89517-2-60x60.jpg 60w, https:\/\/mouldking.store\/wp-content\/uploads\/2022\/12\/A30-Challenger-Tank-MOC-89517-2-90x90.jpg 90w, https:\/\/mouldking.store\/wp-content\/uploads\/2022\/12\/A30-Challenger-Tank-MOC-89517-2.jpg 1100w\" sizes=\"(max-width: 1024px) 100vw, 1024px\" \/><figcaption id=\"caption-attachment-39125\" class=\"wp-caption-text\">MOC-89517 R\u00e9servoir Challenger A30 avec 979PCS<\/figcaption><\/figure>\n<figure id=\"attachment_39126\" aria-describedby=\"caption-attachment-39126\" style=\"width: 1024px\" class=\"wp-caption aligncenter\"><img decoding=\"async\" class=\"wp-image-39126 size-large\" src=\"https:\/\/mouldking.store\/wp-content\/uploads\/2022\/12\/A30-Challenger-Tank-MOC-89517-3-1024x1024.jpg\" alt=\"MOC-89517 A30 Challenger Tank With 979PCS\" width=\"1024\" height=\"1024\" title=\"-\" srcset=\"https:\/\/mouldking.store\/wp-content\/uploads\/2022\/12\/A30-Challenger-Tank-MOC-89517-3-1024x1024.jpg 1024w, https:\/\/mouldking.store\/wp-content\/uploads\/2022\/12\/A30-Challenger-Tank-MOC-89517-3-300x300.jpg 300w, https:\/\/mouldking.store\/wp-content\/uploads\/2022\/12\/A30-Challenger-Tank-MOC-89517-3-768x768.jpg 768w, https:\/\/mouldking.store\/wp-content\/uploads\/2022\/12\/A30-Challenger-Tank-MOC-89517-3-600x600.jpg 600w, https:\/\/mouldking.store\/wp-content\/uploads\/2022\/12\/A30-Challenger-Tank-MOC-89517-3-150x150.jpg 150w, https:\/\/mouldking.store\/wp-content\/uploads\/2022\/12\/A30-Challenger-Tank-MOC-89517-3-60x60.jpg 60w, https:\/\/mouldking.store\/wp-content\/uploads\/2022\/12\/A30-Challenger-Tank-MOC-89517-3-90x90.jpg 90w, https:\/\/mouldking.store\/wp-content\/uploads\/2022\/12\/A30-Challenger-Tank-MOC-89517-3.jpg 1100w\" sizes=\"(max-width: 1024px) 100vw, 1024px\" \/><figcaption id=\"caption-attachment-39126\" class=\"wp-caption-text\">MOC-89517 R\u00e9servoir Challenger A30 avec 979PCS<\/figcaption><\/figure>\n<figure id=\"attachment_39127\" aria-describedby=\"caption-attachment-39127\" style=\"width: 1100px\" class=\"wp-caption aligncenter\"><img loading=\"lazy\" decoding=\"async\" class=\"wp-image-39127 size-full\" src=\"https:\/\/mouldking.store\/wp-content\/uploads\/2022\/12\/A30-Challenger-Tank-MOC-89517-4.jpg\" alt=\"MOC-89517 A30 Challenger Tank With 979PCS\" width=\"1100\" height=\"1100\" title=\"-\" srcset=\"https:\/\/mouldking.store\/wp-content\/uploads\/2022\/12\/A30-Challenger-Tank-MOC-89517-4.jpg 1100w, https:\/\/mouldking.store\/wp-content\/uploads\/2022\/12\/A30-Challenger-Tank-MOC-89517-4-300x300.jpg 300w, https:\/\/mouldking.store\/wp-content\/uploads\/2022\/12\/A30-Challenger-Tank-MOC-89517-4-1024x1024.jpg 1024w, https:\/\/mouldking.store\/wp-content\/uploads\/2022\/12\/A30-Challenger-Tank-MOC-89517-4-768x768.jpg 768w, https:\/\/mouldking.store\/wp-content\/uploads\/2022\/12\/A30-Challenger-Tank-MOC-89517-4-600x600.jpg 600w, https:\/\/mouldking.store\/wp-content\/uploads\/2022\/12\/A30-Challenger-Tank-MOC-89517-4-150x150.jpg 150w, https:\/\/mouldking.store\/wp-content\/uploads\/2022\/12\/A30-Challenger-Tank-MOC-89517-4-60x60.jpg 60w, https:\/\/mouldking.store\/wp-content\/uploads\/2022\/12\/A30-Challenger-Tank-MOC-89517-4-90x90.jpg 90w\" sizes=\"(max-width: 1100px) 100vw, 1100px\" \/><figcaption id=\"caption-attachment-39127\" class=\"wp-caption-text\">MOC-89517 R\u00e9servoir Challenger A30 avec 979PCS<\/figcaption><\/figure>\n<figure id=\"attachment_39128\" aria-describedby=\"caption-attachment-39128\" style=\"width: 1024px\" class=\"wp-caption aligncenter\"><img loading=\"lazy\" decoding=\"async\" class=\"wp-image-39128 size-large\" src=\"https:\/\/mouldking.store\/wp-content\/uploads\/2022\/12\/A30-Challenger-Tank-MOC-89517-5-1024x1024.jpg\" alt=\"MOC-89517 A30 Challenger Tank With 979PCS\" width=\"1024\" height=\"1024\" title=\"-\" srcset=\"https:\/\/mouldking.store\/wp-content\/uploads\/2022\/12\/A30-Challenger-Tank-MOC-89517-5-1024x1024.jpg 1024w, https:\/\/mouldking.store\/wp-content\/uploads\/2022\/12\/A30-Challenger-Tank-MOC-89517-5-300x300.jpg 300w, https:\/\/mouldking.store\/wp-content\/uploads\/2022\/12\/A30-Challenger-Tank-MOC-89517-5-768x768.jpg 768w, https:\/\/mouldking.store\/wp-content\/uploads\/2022\/12\/A30-Challenger-Tank-MOC-89517-5-600x600.jpg 600w, https:\/\/mouldking.store\/wp-content\/uploads\/2022\/12\/A30-Challenger-Tank-MOC-89517-5-150x150.jpg 150w, https:\/\/mouldking.store\/wp-content\/uploads\/2022\/12\/A30-Challenger-Tank-MOC-89517-5-60x60.jpg 60w, https:\/\/mouldking.store\/wp-content\/uploads\/2022\/12\/A30-Challenger-Tank-MOC-89517-5-90x90.jpg 90w, https:\/\/mouldking.store\/wp-content\/uploads\/2022\/12\/A30-Challenger-Tank-MOC-89517-5.jpg 1100w\" sizes=\"(max-width: 1024px) 100vw, 1024px\" \/><figcaption id=\"caption-attachment-39128\" class=\"wp-caption-text\">MOC-89517 R\u00e9servoir Challenger A30 avec 979PCS<\/figcaption><\/figure>\n<figure id=\"attachment_39129\" aria-describedby=\"caption-attachment-39129\" style=\"width: 1100px\" class=\"wp-caption aligncenter\"><img loading=\"lazy\" decoding=\"async\" class=\"wp-image-39129 size-full\" src=\"https:\/\/mouldking.store\/wp-content\/uploads\/2022\/12\/A30-Challenger-Tank-MOC-89517-6.jpg\" alt=\"MOC-89517 A30 Challenger Tank With 979PCS\" width=\"1100\" height=\"1100\" title=\"-\" srcset=\"https:\/\/mouldking.store\/wp-content\/uploads\/2022\/12\/A30-Challenger-Tank-MOC-89517-6.jpg 1100w, https:\/\/mouldking.store\/wp-content\/uploads\/2022\/12\/A30-Challenger-Tank-MOC-89517-6-300x300.jpg 300w, https:\/\/mouldking.store\/wp-content\/uploads\/2022\/12\/A30-Challenger-Tank-MOC-89517-6-1024x1024.jpg 1024w, https:\/\/mouldking.store\/wp-content\/uploads\/2022\/12\/A30-Challenger-Tank-MOC-89517-6-768x768.jpg 768w, https:\/\/mouldking.store\/wp-content\/uploads\/2022\/12\/A30-Challenger-Tank-MOC-89517-6-600x600.jpg 600w, https:\/\/mouldking.store\/wp-content\/uploads\/2022\/12\/A30-Challenger-Tank-MOC-89517-6-150x150.jpg 150w, https:\/\/mouldking.store\/wp-content\/uploads\/2022\/12\/A30-Challenger-Tank-MOC-89517-6-60x60.jpg 60w, https:\/\/mouldking.store\/wp-content\/uploads\/2022\/12\/A30-Challenger-Tank-MOC-89517-6-90x90.jpg 90w\" sizes=\"(max-width: 1100px) 100vw, 1100px\" \/><figcaption id=\"caption-attachment-39129\" class=\"wp-caption-text\">MOC-89517 R\u00e9servoir Challenger A30 avec 979PCS<\/figcaption><\/figure>\n<figure id=\"attachment_39130\" aria-describedby=\"caption-attachment-39130\" style=\"width: 1024px\" class=\"wp-caption aligncenter\"><img loading=\"lazy\" decoding=\"async\" class=\"wp-image-39130 size-large\" src=\"https:\/\/mouldking.store\/wp-content\/uploads\/2022\/12\/A30-Challenger-Tank-MOC-89517-7-1024x1024.jpg\" alt=\"MOC-89517 A30 Challenger Tank With 979PCS\" width=\"1024\" height=\"1024\" title=\"-\" srcset=\"https:\/\/mouldking.store\/wp-content\/uploads\/2022\/12\/A30-Challenger-Tank-MOC-89517-7-1024x1024.jpg 1024w, https:\/\/mouldking.store\/wp-content\/uploads\/2022\/12\/A30-Challenger-Tank-MOC-89517-7-300x300.jpg 300w, https:\/\/mouldking.store\/wp-content\/uploads\/2022\/12\/A30-Challenger-Tank-MOC-89517-7-768x768.jpg 768w, https:\/\/mouldking.store\/wp-content\/uploads\/2022\/12\/A30-Challenger-Tank-MOC-89517-7-600x600.jpg 600w, https:\/\/mouldking.store\/wp-content\/uploads\/2022\/12\/A30-Challenger-Tank-MOC-89517-7-150x150.jpg 150w, https:\/\/mouldking.store\/wp-content\/uploads\/2022\/12\/A30-Challenger-Tank-MOC-89517-7-60x60.jpg 60w, https:\/\/mouldking.store\/wp-content\/uploads\/2022\/12\/A30-Challenger-Tank-MOC-89517-7-90x90.jpg 90w, https:\/\/mouldking.store\/wp-content\/uploads\/2022\/12\/A30-Challenger-Tank-MOC-89517-7.jpg 1100w\" sizes=\"(max-width: 1024px) 100vw, 1024px\" \/><figcaption id=\"caption-attachment-39130\" class=\"wp-caption-text\">MOC-89517 R\u00e9servoir Challenger A30 avec 979PCS<\/figcaption><\/figure>","protected":false},"excerpt":{"rendered":"<p>Instructions de construction PDF<\/p>\n<p>Sans bo\u00eete d&#039;origine<\/p>\n<p>Temps d&#039;arrangement\u00a0: 4 \u00e0 8\u00a0semaines<\/p>","protected":false},"featured_media":39124,"comment_status":"closed","ping_status":"closed","template":"","meta":{"_acf_changed":false},"product_cat":[1350,1406,372],"product_tag":[10458,10459,3938,430,10457,10460,10456,485],"class_list":["product","first","instock","shipping-taxable","purchasable","product-type-simple"],"acf":[],"_links":{"self":[{"href":"https:\/\/mouldking.store\/fr\/wp-json\/wp\/v2\/product\/39123","targetHints":{"allow":["GET"]}}],"collection":[{"href":"https:\/\/mouldking.store\/fr\/wp-json\/wp\/v2\/product"}],"about":[{"href":"https:\/\/mouldking.store\/fr\/wp-json\/wp\/v2\/types\/product"}],"replies":[{"embeddable":true,"href":"https:\/\/mouldking.store\/fr\/wp-json\/wp\/v2\/comments?post=39123"}],"wp:featuredmedia":[{"embeddable":true,"href":"https:\/\/mouldking.store\/fr\/wp-json\/wp\/v2\/media\/39124"}],"wp:attachment":[{"href":"https:\/\/mouldking.store\/fr\/wp-json\/wp\/v2\/media?parent=39123"}],"wp:term":[{"taxonomy":"product_cat","embeddable":true,"href":"https:\/\/mouldking.store\/fr\/wp-json\/wp\/v2\/product_cat?post=39123"},{"taxonomy":"product_tag","embeddable":true,"href":"https:\/\/mouldking.store\/fr\/wp-json\/wp\/v2\/product_tag?post=39123"}],"curies":[{"name":"wp","href":"https:\/\/api.w.org\/{rel}","templated":true}]}}