{"id":39138,"date":"2022-12-27T14:53:18","date_gmt":"2022-12-27T07:53:18","guid":{"rendered":"https:\/\/mouldking.store\/?post_type=product&#038;p=39138"},"modified":"2025-12-25T09:11:54","modified_gmt":"2025-12-25T02:11:54","slug":"moc-115955-blacksmith-blast-furnace-with-239pcs","status":"publish","type":"product","link":"https:\/\/mouldking.store\/fr\/shop\/moc-115955-blacksmith-blast-furnace-with-239pcs\/","title":{"rendered":"MOC-115955 Haut fourneau de forgeron avec 239PCS"},"content":{"rendered":"<ol>\n<li>Marque : MOC<\/li>\n<li>Genre: Unisexe<\/li>\n<li>Nom : Haut fourneau de forgeron<\/li>\n<li>Tranche d&#039;\u00e2ge : &gt; 6 ans<\/li>\n<li>Num\u00e9ro de mod\u00e8le: 115955<\/li>\n<li>Classement : Assemblage<\/li>\n<li>Forme de bloc en plastique\u00a0: briques autobloquantes<\/li>\n<li>Mat\u00e9riel: Plastique<\/li>\n<li>Type de plastique : ABS<\/li>\n<li>Blocs de briques : 239 pi\u00e8ces.<\/li>\n<li>Poids\u00a0: 200\u00a0g<\/li>\n<li>Contient des instructions de montage d\u00e9taill\u00e9es.<\/li>\n<\/ol>\n<p>Avis:<br \/>\n1. Sans bo\u00eete d&#039;origine, mais nous garantissons que nos produits ont une assurance qualit\u00e9 et un bel emballage.<br \/>\n2. Comme toutes les pi\u00e8ces que nous avons v\u00e9rifi\u00e9es avant l&#039;exp\u00e9dition, donc si vous trouvez des pi\u00e8ces manquantes ou endommag\u00e9es, ne vous inqui\u00e9tez pas et veuillez nous contacter et nous pouvons vous les renvoyer imm\u00e9diatement gratuitement.<\/p>\n<div class=\"wp-menu-arrow\">\n<div><\/div>\n<\/div>\n<figure id=\"attachment_39139\" aria-describedby=\"caption-attachment-39139\" style=\"width: 1004px\" class=\"wp-caption aligncenter\"><img fetchpriority=\"high\" decoding=\"async\" class=\"wp-image-39139 size-full\" src=\"https:\/\/mouldking.store\/wp-content\/uploads\/2022\/12\/MOC-115955-Creator-Blacksmith-Blast-Furnace-MOC-FACTORY.png\" alt=\"MOC-115955 Blacksmith Blast Furnace With 239PCS\" width=\"1004\" height=\"1004\" title=\"-\" srcset=\"https:\/\/mouldking.store\/wp-content\/uploads\/2022\/12\/MOC-115955-Creator-Blacksmith-Blast-Furnace-MOC-FACTORY.png 1004w, https:\/\/mouldking.store\/wp-content\/uploads\/2022\/12\/MOC-115955-Creator-Blacksmith-Blast-Furnace-MOC-FACTORY-300x300.png 300w, https:\/\/mouldking.store\/wp-content\/uploads\/2022\/12\/MOC-115955-Creator-Blacksmith-Blast-Furnace-MOC-FACTORY-768x768.png 768w, https:\/\/mouldking.store\/wp-content\/uploads\/2022\/12\/MOC-115955-Creator-Blacksmith-Blast-Furnace-MOC-FACTORY-600x600.png 600w, https:\/\/mouldking.store\/wp-content\/uploads\/2022\/12\/MOC-115955-Creator-Blacksmith-Blast-Furnace-MOC-FACTORY-150x150.png 150w, https:\/\/mouldking.store\/wp-content\/uploads\/2022\/12\/MOC-115955-Creator-Blacksmith-Blast-Furnace-MOC-FACTORY-60x60.png 60w, https:\/\/mouldking.store\/wp-content\/uploads\/2022\/12\/MOC-115955-Creator-Blacksmith-Blast-Furnace-MOC-FACTORY-90x90.png 90w\" sizes=\"(max-width: 1004px) 100vw, 1004px\" \/><figcaption id=\"caption-attachment-39139\" class=\"wp-caption-text\">MOC-115955 Haut fourneau de forgeron avec 239PCS<\/figcaption><\/figure>\n<figure id=\"attachment_39140\" aria-describedby=\"caption-attachment-39140\" style=\"width: 1100px\" class=\"wp-caption aligncenter\"><img decoding=\"async\" class=\"wp-image-39140 size-full\" src=\"https:\/\/mouldking.store\/wp-content\/uploads\/2022\/12\/Blacksmith-Blast-Furnace-MOC-115955-2.jpg\" alt=\"MOC-115955 Blacksmith Blast Furnace With 239PCS\" width=\"1100\" height=\"1100\" title=\"-\" srcset=\"https:\/\/mouldking.store\/wp-content\/uploads\/2022\/12\/Blacksmith-Blast-Furnace-MOC-115955-2.jpg 1100w, https:\/\/mouldking.store\/wp-content\/uploads\/2022\/12\/Blacksmith-Blast-Furnace-MOC-115955-2-300x300.jpg 300w, https:\/\/mouldking.store\/wp-content\/uploads\/2022\/12\/Blacksmith-Blast-Furnace-MOC-115955-2-1024x1024.jpg 1024w, https:\/\/mouldking.store\/wp-content\/uploads\/2022\/12\/Blacksmith-Blast-Furnace-MOC-115955-2-768x768.jpg 768w, https:\/\/mouldking.store\/wp-content\/uploads\/2022\/12\/Blacksmith-Blast-Furnace-MOC-115955-2-600x600.jpg 600w, https:\/\/mouldking.store\/wp-content\/uploads\/2022\/12\/Blacksmith-Blast-Furnace-MOC-115955-2-150x150.jpg 150w, https:\/\/mouldking.store\/wp-content\/uploads\/2022\/12\/Blacksmith-Blast-Furnace-MOC-115955-2-60x60.jpg 60w, https:\/\/mouldking.store\/wp-content\/uploads\/2022\/12\/Blacksmith-Blast-Furnace-MOC-115955-2-90x90.jpg 90w\" sizes=\"(max-width: 1100px) 100vw, 1100px\" \/><figcaption id=\"caption-attachment-39140\" class=\"wp-caption-text\">MOC-115955 Haut fourneau de forgeron avec 239PCS<\/figcaption><\/figure>\n<figure id=\"attachment_39141\" aria-describedby=\"caption-attachment-39141\" style=\"width: 1024px\" class=\"wp-caption aligncenter\"><img decoding=\"async\" class=\"wp-image-39141 size-large\" src=\"https:\/\/mouldking.store\/wp-content\/uploads\/2022\/12\/Blacksmith-Blast-Furnace-MOC-115955-3-1024x1024.jpg\" alt=\"MOC-115955 Blacksmith Blast Furnace With 239PCS\" width=\"1024\" height=\"1024\" title=\"-\" srcset=\"https:\/\/mouldking.store\/wp-content\/uploads\/2022\/12\/Blacksmith-Blast-Furnace-MOC-115955-3-1024x1024.jpg 1024w, https:\/\/mouldking.store\/wp-content\/uploads\/2022\/12\/Blacksmith-Blast-Furnace-MOC-115955-3-300x300.jpg 300w, https:\/\/mouldking.store\/wp-content\/uploads\/2022\/12\/Blacksmith-Blast-Furnace-MOC-115955-3-768x768.jpg 768w, https:\/\/mouldking.store\/wp-content\/uploads\/2022\/12\/Blacksmith-Blast-Furnace-MOC-115955-3-600x600.jpg 600w, https:\/\/mouldking.store\/wp-content\/uploads\/2022\/12\/Blacksmith-Blast-Furnace-MOC-115955-3-150x150.jpg 150w, https:\/\/mouldking.store\/wp-content\/uploads\/2022\/12\/Blacksmith-Blast-Furnace-MOC-115955-3-60x60.jpg 60w, https:\/\/mouldking.store\/wp-content\/uploads\/2022\/12\/Blacksmith-Blast-Furnace-MOC-115955-3-90x90.jpg 90w, https:\/\/mouldking.store\/wp-content\/uploads\/2022\/12\/Blacksmith-Blast-Furnace-MOC-115955-3.jpg 1100w\" sizes=\"(max-width: 1024px) 100vw, 1024px\" \/><figcaption id=\"caption-attachment-39141\" class=\"wp-caption-text\">MOC-115955 Haut fourneau de forgeron avec 239PCS<\/figcaption><\/figure>","protected":false},"excerpt":{"rendered":"<p>Instructions de construction PDF<\/p>\n<p>Sans bo\u00eete d&#039;origine<\/p>\n<p>Temps d&#039;arrangement\u00a0: 4 \u00e0 8\u00a0semaines<\/p>","protected":false},"featured_media":39139,"comment_status":"closed","ping_status":"closed","template":"","meta":{"_acf_changed":false},"product_cat":[1365,1406,371],"product_tag":[2676,10474,10472,10473,430,10471,10475,10470],"class_list":["product","first","instock","shipping-taxable","purchasable","product-type-simple"],"acf":[],"_links":{"self":[{"href":"https:\/\/mouldking.store\/fr\/wp-json\/wp\/v2\/product\/39138","targetHints":{"allow":["GET"]}}],"collection":[{"href":"https:\/\/mouldking.store\/fr\/wp-json\/wp\/v2\/product"}],"about":[{"href":"https:\/\/mouldking.store\/fr\/wp-json\/wp\/v2\/types\/product"}],"replies":[{"embeddable":true,"href":"https:\/\/mouldking.store\/fr\/wp-json\/wp\/v2\/comments?post=39138"}],"wp:featuredmedia":[{"embeddable":true,"href":"https:\/\/mouldking.store\/fr\/wp-json\/wp\/v2\/media\/39139"}],"wp:attachment":[{"href":"https:\/\/mouldking.store\/fr\/wp-json\/wp\/v2\/media?parent=39138"}],"wp:term":[{"taxonomy":"product_cat","embeddable":true,"href":"https:\/\/mouldking.store\/fr\/wp-json\/wp\/v2\/product_cat?post=39138"},{"taxonomy":"product_tag","embeddable":true,"href":"https:\/\/mouldking.store\/fr\/wp-json\/wp\/v2\/product_tag?post=39138"}],"curies":[{"name":"wp","href":"https:\/\/api.w.org\/{rel}","templated":true}]}}